{"id":16016,"date":"2026-03-26T10:45:15","date_gmt":"2026-03-26T08:45:15","guid":{"rendered":"https:\/\/adexa.ee\/toode\/kaubanduslik-alumiiniumist-alustarakk-915x508x305mm-750kg-kandevoime-adexa-dr91530\/"},"modified":"2026-03-26T10:45:23","modified_gmt":"2026-03-26T08:45:23","slug":"alumiiniumist-alustarakk-915x508x305mm-750kg-kandevoime-adexa-dr91530","status":"publish","type":"product","link":"https:\/\/adexa.ee\/en\/toode\/alumiiniumist-alustarakk-915x508x305mm-750kg-kandevoime-adexa-dr91530\/","title":{"rendered":"Alumiiniumist Alustarakk 915X508X305Mm 750Kg Kandev\u00f5ime | Adexa Dr91530"},"content":{"rendered":"<p>Hoidke oma kuiv- v\u00f5i niiske ladustamisala organiseerituna selle alumiiniumist alustarakiga. Raskeid kartuli- ja jahukotte on lihtne h\u00fcgieeniliselt paigutada alumiiniumist alustarakile. Selle vastupidav alumiiniumist konstruktsioon v\u00f5imaldab kandev\u00f5imeks 750 kg, nii et saate turvaliselt hoiustada ka oma k\u00f5ige raskemad v\u00f5i suuremad koostisosad. Seda alustarakki saate isegi kasutada oma kaupluse eesruumis, et hoida oma kaubad puhtana enne nende ostmist. T\u00e4nu raskekaalulisele torukujulisele keevitatud alumiiniumist on see alustarakk ideaalne igas keskkonnas. Liitekohad on samuti keevitatud, pakkudes veelgi rohkem vastupidavust. T\u00e4nu oma alumiiniumkonstruktsioonile saab t\u00e4t\u00e4 alustarakki kasutada teie k\u00f5ndimis-k\u00fclmkapis v\u00f5i jahutis, et hoida hulgikoguseid koostisosi v\u00f5i \u00fclej\u00e4\u00e4ke p\u00f5randast eemal. Samuti saate seda racki kasutada kuivades ladustamisruumides v\u00f5i oma kaupluse eesruumis kaubanduseks. Seda alustarakki on v\u00e4ga lihtne puhastada ja hooldada. T\u00e4psema teabe saamiseks vaadake palun jaotist &#8216;Spetsifikatsioon&#8217;.<\/p>\n<table style=\"border-collapse: collapse; width: 100%; text-align: left;\">\n<tbody>\n<tr>\n<td style=\"border: 1px solid #ddd; padding: 8px; width: 45%;\"><strong>S\u00fcgavus<\/strong><\/td>\n<td style=\"border: 1px solid #ddd; padding: 8px;\">508 mm<\/td>\n<\/tr>\n<tr>\n<td style=\"border: 1px solid #ddd; padding: 8px; width: 45%;\"><strong>K\u00f5rgus<\/strong><\/td>\n<td style=\"border: 1px solid #ddd; padding: 8px;\">305 mm<\/td>\n<\/tr>\n<tr>\n<td style=\"border: 1px solid #ddd; padding: 8px; width: 45%;\"><strong>Laius<\/strong><\/td>\n<td style=\"border: 1px solid #ddd; padding: 8px;\">915 mm<\/td>\n<\/tr>\n<tr>\n<td style=\"border: 1px solid #ddd; padding: 8px; width: 45%;\"><strong>Kaal<\/strong><\/td>\n<td style=\"border: 1px solid #ddd; padding: 8px;\">2,5 kg<\/td>\n<\/tr>\n<tr>\n<td style=\"border: 1px solid #ddd; padding: 8px; width: 45%;\"><strong>Mahutavus<\/strong><\/td>\n<td style=\"border: 1px solid #ddd; padding: 8px;\">750 kg<\/td>\n<\/tr>\n<tr>\n<td style=\"border: 1px solid #ddd; padding: 8px; width: 45%;\"><strong>Materjal<\/strong><\/td>\n<td style=\"border: 1px solid #ddd; padding: 8px;\">Alumiinium<\/td>\n<\/tr>\n<\/tbody>\n<\/table>\n","protected":false},"excerpt":{"rendered":"<p>Hoidke oma kuiv- v\u00f5i niiske ladustamisala organiseerituna selle alumiiniumist alustarakiga. Raskeid kartuli- ja jahukotte on lihtne h\u00fcgieeniliselt paigutada alumiiniumist alustarakile.<\/p>\n","protected":false},"featured_media":16018,"template":"","meta":[],"product_brand":[],"product_cat":[561,572,577,840],"product_tag":[],"class_list":{"0":"post-16016","1":"product","2":"type-product","3":"status-publish","4":"has-post-thumbnail","6":"product_cat-moobel-ja-hoiustamine","7":"product_cat-roostevabad-tooted","8":"product_cat-seadmete-alusraamid","9":"product_cat-tugevad-pukkraamid","11":"first","12":"instock","13":"sale","14":"taxable","15":"shipping-taxable","16":"purchasable","17":"product-type-simple"},"yoast_head":"<!-- This site is optimized with the Yoast SEO plugin v27.3 - https:\/\/yoast.com\/product\/yoast-seo-wordpress\/ -->\n<title>Alumiiniumist Alustarakk 915X508X305Mm 750Kg Kandev\u00f5ime | Adexa Dr91530 - Adexa \u2013 Suurk\u00f6\u00f6giseadmed restoranidele ja toitlustusele<\/title>\n<meta name=\"robots\" content=\"index, follow, max-snippet:-1, max-image-preview:large, max-video-preview:-1\" \/>\n<link rel=\"canonical\" href=\"https:\/\/adexa.ee\/toode\/alumiiniumist-alustarakk-915x508x305mm-750kg-kandevoime-adexa-dr91530\/\" \/>\n<meta property=\"og:locale\" content=\"en_US\" \/>\n<meta property=\"og:type\" content=\"article\" \/>\n<meta property=\"og:title\" content=\"Alumiiniumist Alustarakk 915X508X305Mm 750Kg Kandev\u00f5ime | Adexa Dr91530 - Adexa \u2013 Suurk\u00f6\u00f6giseadmed restoranidele ja toitlustusele\" \/>\n<meta property=\"og:description\" content=\"Hoidke oma kuiv- v\u00f5i niiske ladustamisala organiseerituna selle alumiiniumist alustarakiga. Raskeid kartuli- ja jahukotte on lihtne h\u00fcgieeniliselt paigutada alumiiniumist alustarakile.\" \/>\n<meta property=\"og:url\" content=\"https:\/\/adexa.ee\/toode\/alumiiniumist-alustarakk-915x508x305mm-750kg-kandevoime-adexa-dr91530\/\" \/>\n<meta property=\"og:site_name\" content=\"Adexa \u2013 Suurk\u00f6\u00f6giseadmed restoranidele ja toitlustusele\" \/>\n<meta property=\"article:modified_time\" content=\"2026-03-26T08:45:23+00:00\" \/>\n<meta property=\"og:image\" content=\"https:\/\/adexa.ee\/wp-content\/uploads\/2024\/12\/DR91530.jpg\" \/>\n\t<meta property=\"og:image:width\" content=\"900\" \/>\n\t<meta property=\"og:image:height\" content=\"900\" \/>\n\t<meta property=\"og:image:type\" content=\"image\/jpeg\" \/>\n<meta name=\"twitter:card\" content=\"summary_large_image\" \/>\n<meta name=\"twitter:label1\" content=\"Est. reading time\" \/>\n\t<meta name=\"twitter:data1\" content=\"1 minute\" \/>\n<script type=\"application\/ld+json\" class=\"yoast-schema-graph\">{\"@context\":\"https:\\\/\\\/schema.org\",\"@graph\":[{\"@type\":\"WebPage\",\"@id\":\"https:\\\/\\\/adexa.ee\\\/toode\\\/alumiiniumist-alustarakk-915x508x305mm-750kg-kandevoime-adexa-dr91530\\\/\",\"url\":\"https:\\\/\\\/adexa.ee\\\/toode\\\/alumiiniumist-alustarakk-915x508x305mm-750kg-kandevoime-adexa-dr91530\\\/\",\"name\":\"Alumiiniumist Alustarakk 915X508X305Mm 750Kg Kandev\u00f5ime | Adexa Dr91530 - Adexa \u2013 Suurk\u00f6\u00f6giseadmed restoranidele ja toitlustusele\",\"isPartOf\":{\"@id\":\"https:\\\/\\\/adexa.ee\\\/#website\"},\"primaryImageOfPage\":{\"@id\":\"https:\\\/\\\/adexa.ee\\\/toode\\\/alumiiniumist-alustarakk-915x508x305mm-750kg-kandevoime-adexa-dr91530\\\/#primaryimage\"},\"image\":{\"@id\":\"https:\\\/\\\/adexa.ee\\\/toode\\\/alumiiniumist-alustarakk-915x508x305mm-750kg-kandevoime-adexa-dr91530\\\/#primaryimage\"},\"thumbnailUrl\":\"https:\\\/\\\/adexa.ee\\\/wp-content\\\/uploads\\\/2024\\\/12\\\/DR91530.jpg\",\"datePublished\":\"2026-03-26T08:45:15+00:00\",\"dateModified\":\"2026-03-26T08:45:23+00:00\",\"breadcrumb\":{\"@id\":\"https:\\\/\\\/adexa.ee\\\/toode\\\/alumiiniumist-alustarakk-915x508x305mm-750kg-kandevoime-adexa-dr91530\\\/#breadcrumb\"},\"inLanguage\":\"en-US\",\"potentialAction\":[{\"@type\":\"ReadAction\",\"target\":[\"https:\\\/\\\/adexa.ee\\\/toode\\\/alumiiniumist-alustarakk-915x508x305mm-750kg-kandevoime-adexa-dr91530\\\/\"]}]},{\"@type\":\"ImageObject\",\"inLanguage\":\"en-US\",\"@id\":\"https:\\\/\\\/adexa.ee\\\/toode\\\/alumiiniumist-alustarakk-915x508x305mm-750kg-kandevoime-adexa-dr91530\\\/#primaryimage\",\"url\":\"https:\\\/\\\/adexa.ee\\\/wp-content\\\/uploads\\\/2024\\\/12\\\/DR91530.jpg\",\"contentUrl\":\"https:\\\/\\\/adexa.ee\\\/wp-content\\\/uploads\\\/2024\\\/12\\\/DR91530.jpg\",\"width\":900,\"height\":900},{\"@type\":\"BreadcrumbList\",\"@id\":\"https:\\\/\\\/adexa.ee\\\/toode\\\/alumiiniumist-alustarakk-915x508x305mm-750kg-kandevoime-adexa-dr91530\\\/#breadcrumb\",\"itemListElement\":[{\"@type\":\"ListItem\",\"position\":1,\"name\":\"Home\",\"item\":\"https:\\\/\\\/adexa.ee\\\/\"},{\"@type\":\"ListItem\",\"position\":2,\"name\":\"Tooted\",\"item\":\"https:\\\/\\\/adexa.ee\\\/pood\\\/\"},{\"@type\":\"ListItem\",\"position\":3,\"name\":\"Alumiiniumist Alustarakk 915X508X305Mm 750Kg Kandev\u00f5ime | Adexa Dr91530\"}]},{\"@type\":\"WebSite\",\"@id\":\"https:\\\/\\\/adexa.ee\\\/#website\",\"url\":\"https:\\\/\\\/adexa.ee\\\/\",\"name\":\"Adexa\",\"description\":\"\",\"publisher\":{\"@id\":\"https:\\\/\\\/adexa.ee\\\/#organization\"},\"potentialAction\":[{\"@type\":\"SearchAction\",\"target\":{\"@type\":\"EntryPoint\",\"urlTemplate\":\"https:\\\/\\\/adexa.ee\\\/?s={search_term_string}\"},\"query-input\":{\"@type\":\"PropertyValueSpecification\",\"valueRequired\":true,\"valueName\":\"search_term_string\"}}],\"inLanguage\":\"en-US\"},{\"@type\":\"Organization\",\"@id\":\"https:\\\/\\\/adexa.ee\\\/#organization\",\"name\":\"Adexa\",\"url\":\"https:\\\/\\\/adexa.ee\\\/\",\"logo\":{\"@type\":\"ImageObject\",\"inLanguage\":\"en-US\",\"@id\":\"https:\\\/\\\/adexa.ee\\\/#\\\/schema\\\/logo\\\/image\\\/\",\"url\":\"https:\\\/\\\/adexa.ee\\\/wp-content\\\/uploads\\\/2024\\\/04\\\/chef-cooks-working-in-professional-kitchen-2023-11-27-05-07-39-utc-scaled.jpg\",\"contentUrl\":\"https:\\\/\\\/adexa.ee\\\/wp-content\\\/uploads\\\/2024\\\/04\\\/chef-cooks-working-in-professional-kitchen-2023-11-27-05-07-39-utc-scaled.jpg\",\"width\":2560,\"height\":1708,\"caption\":\"Adexa\"},\"image\":{\"@id\":\"https:\\\/\\\/adexa.ee\\\/#\\\/schema\\\/logo\\\/image\\\/\"}}]}<\/script>\n<!-- \/ Yoast SEO plugin. -->","yoast_head_json":{"title":"Alumiiniumist Alustarakk 915X508X305Mm 750Kg Kandev\u00f5ime | Adexa Dr91530 - Adexa \u2013 Suurk\u00f6\u00f6giseadmed restoranidele ja toitlustusele","robots":{"index":"index","follow":"follow","max-snippet":"max-snippet:-1","max-image-preview":"max-image-preview:large","max-video-preview":"max-video-preview:-1"},"canonical":"https:\/\/adexa.ee\/toode\/alumiiniumist-alustarakk-915x508x305mm-750kg-kandevoime-adexa-dr91530\/","og_locale":"en_US","og_type":"article","og_title":"Alumiiniumist Alustarakk 915X508X305Mm 750Kg Kandev\u00f5ime | Adexa Dr91530 - Adexa \u2013 Suurk\u00f6\u00f6giseadmed restoranidele ja toitlustusele","og_description":"Hoidke oma kuiv- v\u00f5i niiske ladustamisala organiseerituna selle alumiiniumist alustarakiga. Raskeid kartuli- ja jahukotte on lihtne h\u00fcgieeniliselt paigutada alumiiniumist alustarakile.","og_url":"https:\/\/adexa.ee\/toode\/alumiiniumist-alustarakk-915x508x305mm-750kg-kandevoime-adexa-dr91530\/","og_site_name":"Adexa \u2013 Suurk\u00f6\u00f6giseadmed restoranidele ja toitlustusele","article_modified_time":"2026-03-26T08:45:23+00:00","og_image":[{"width":900,"height":900,"url":"https:\/\/adexa.ee\/wp-content\/uploads\/2024\/12\/DR91530.jpg","type":"image\/jpeg"}],"twitter_card":"summary_large_image","twitter_misc":{"Est. reading time":"1 minute"},"schema":{"@context":"https:\/\/schema.org","@graph":[{"@type":"WebPage","@id":"https:\/\/adexa.ee\/toode\/alumiiniumist-alustarakk-915x508x305mm-750kg-kandevoime-adexa-dr91530\/","url":"https:\/\/adexa.ee\/toode\/alumiiniumist-alustarakk-915x508x305mm-750kg-kandevoime-adexa-dr91530\/","name":"Alumiiniumist Alustarakk 915X508X305Mm 750Kg Kandev\u00f5ime | Adexa Dr91530 - Adexa \u2013 Suurk\u00f6\u00f6giseadmed restoranidele ja toitlustusele","isPartOf":{"@id":"https:\/\/adexa.ee\/#website"},"primaryImageOfPage":{"@id":"https:\/\/adexa.ee\/toode\/alumiiniumist-alustarakk-915x508x305mm-750kg-kandevoime-adexa-dr91530\/#primaryimage"},"image":{"@id":"https:\/\/adexa.ee\/toode\/alumiiniumist-alustarakk-915x508x305mm-750kg-kandevoime-adexa-dr91530\/#primaryimage"},"thumbnailUrl":"https:\/\/adexa.ee\/wp-content\/uploads\/2024\/12\/DR91530.jpg","datePublished":"2026-03-26T08:45:15+00:00","dateModified":"2026-03-26T08:45:23+00:00","breadcrumb":{"@id":"https:\/\/adexa.ee\/toode\/alumiiniumist-alustarakk-915x508x305mm-750kg-kandevoime-adexa-dr91530\/#breadcrumb"},"inLanguage":"en-US","potentialAction":[{"@type":"ReadAction","target":["https:\/\/adexa.ee\/toode\/alumiiniumist-alustarakk-915x508x305mm-750kg-kandevoime-adexa-dr91530\/"]}]},{"@type":"ImageObject","inLanguage":"en-US","@id":"https:\/\/adexa.ee\/toode\/alumiiniumist-alustarakk-915x508x305mm-750kg-kandevoime-adexa-dr91530\/#primaryimage","url":"https:\/\/adexa.ee\/wp-content\/uploads\/2024\/12\/DR91530.jpg","contentUrl":"https:\/\/adexa.ee\/wp-content\/uploads\/2024\/12\/DR91530.jpg","width":900,"height":900},{"@type":"BreadcrumbList","@id":"https:\/\/adexa.ee\/toode\/alumiiniumist-alustarakk-915x508x305mm-750kg-kandevoime-adexa-dr91530\/#breadcrumb","itemListElement":[{"@type":"ListItem","position":1,"name":"Home","item":"https:\/\/adexa.ee\/"},{"@type":"ListItem","position":2,"name":"Tooted","item":"https:\/\/adexa.ee\/pood\/"},{"@type":"ListItem","position":3,"name":"Alumiiniumist Alustarakk 915X508X305Mm 750Kg Kandev\u00f5ime | Adexa Dr91530"}]},{"@type":"WebSite","@id":"https:\/\/adexa.ee\/#website","url":"https:\/\/adexa.ee\/","name":"Adexa","description":"","publisher":{"@id":"https:\/\/adexa.ee\/#organization"},"potentialAction":[{"@type":"SearchAction","target":{"@type":"EntryPoint","urlTemplate":"https:\/\/adexa.ee\/?s={search_term_string}"},"query-input":{"@type":"PropertyValueSpecification","valueRequired":true,"valueName":"search_term_string"}}],"inLanguage":"en-US"},{"@type":"Organization","@id":"https:\/\/adexa.ee\/#organization","name":"Adexa","url":"https:\/\/adexa.ee\/","logo":{"@type":"ImageObject","inLanguage":"en-US","@id":"https:\/\/adexa.ee\/#\/schema\/logo\/image\/","url":"https:\/\/adexa.ee\/wp-content\/uploads\/2024\/04\/chef-cooks-working-in-professional-kitchen-2023-11-27-05-07-39-utc-scaled.jpg","contentUrl":"https:\/\/adexa.ee\/wp-content\/uploads\/2024\/04\/chef-cooks-working-in-professional-kitchen-2023-11-27-05-07-39-utc-scaled.jpg","width":2560,"height":1708,"caption":"Adexa"},"image":{"@id":"https:\/\/adexa.ee\/#\/schema\/logo\/image\/"}}]}},"_links":{"self":[{"href":"https:\/\/adexa.ee\/en\/wp-json\/wp\/v2\/product\/16016","targetHints":{"allow":["GET"]}}],"collection":[{"href":"https:\/\/adexa.ee\/en\/wp-json\/wp\/v2\/product"}],"about":[{"href":"https:\/\/adexa.ee\/en\/wp-json\/wp\/v2\/types\/product"}],"wp:featuredmedia":[{"embeddable":true,"href":"https:\/\/adexa.ee\/en\/wp-json\/wp\/v2\/media\/16018"}],"wp:attachment":[{"href":"https:\/\/adexa.ee\/en\/wp-json\/wp\/v2\/media?parent=16016"}],"wp:term":[{"taxonomy":"product_brand","embeddable":true,"href":"https:\/\/adexa.ee\/en\/wp-json\/wp\/v2\/product_brand?post=16016"},{"taxonomy":"product_cat","embeddable":true,"href":"https:\/\/adexa.ee\/en\/wp-json\/wp\/v2\/product_cat?post=16016"},{"taxonomy":"product_tag","embeddable":true,"href":"https:\/\/adexa.ee\/en\/wp-json\/wp\/v2\/product_tag?post=16016"}],"curies":[{"name":"wp","href":"https:\/\/api.w.org\/{rel}","templated":true}]}}