{"id":16023,"date":"2026-03-26T10:45:23","date_gmt":"2026-03-26T08:45:23","guid":{"rendered":"https:\/\/adexa.ee\/toode\/kaubanduslik-sugavkulmik-leti-ventileeritud-4-uksega-sugavus-700mm-adexa-fg41v\/"},"modified":"2026-03-26T10:45:25","modified_gmt":"2026-03-26T08:45:25","slug":"sugavkulmlett-ventileeritud-4-uksega-sugavus-700mm-adexa-fg41v","status":"publish","type":"product","link":"https:\/\/adexa.ee\/en\/toode\/sugavkulmlett-ventileeritud-4-uksega-sugavus-700mm-adexa-fg41v\/","title":{"rendered":"S\u00fcgavk\u00fclmlett, Ventileeritud, 4 Uksega, S\u00fcgavus 700Mm | Adexa Fg41V"},"content":{"rendered":"<p>Professionaalne s\u00fcgavk\u00fclmiku lett\/laud nelja roostevabast terasest t\u00e4isukse ja nelja rattaga. See s\u00fcgavk\u00fclmik sisaldab ka mitmeid kasulikke funktsioone, mis muudavad toitlustus- ja professionaalse restorani k\u00f6\u00f6gi t\u00f6\u00f6 oluliselt lihtsamaks ning on ideaalne ruumis\u00e4\u00e4stlik toidu hoiustamise lahendus kaubanduslikes k\u00f6\u00f6kides koolides, restoranides, hotellides ja mujal. Mahutavus: 616 liitrit Temperatuur: -18\u00b0C kuni -22\u00b0C Toiteallikas: 230V \/ 1N \/ 50Hz Riiulid: 4 tk V\u00e4lim\u00f5\u00f5dud (LxSxK): 2230 x 700 x 860 mm Sisem\u00f5\u00f5tmed (LxSxK): 1665 x 580 x 560 mm CFC-vaba k\u00fclmaaine ja vaht T\u00e4ielik konstruktsioon sees ja v\u00e4ljas AISI 304 roostevabast terasest \u00fcmarate sisemiste servadega lihtsaks puhastamiseks Isolatsioon 60mm paksus Ventileeritud jahutusosa paremaks \u00f5hutsirkulatsiooniks Automaatne sulatus ja kondenseerumisvee automaatne aurustumine Elektrooniline termostaat ja digitaalne LED temperatuuri n\u00e4idik t\u00e4pseks kontrolliks ja lihtsaks lugemiseks Iset\u00f5mbav uks Magnettihend on vahetatav ilma t\u00f6\u00f6riistadeta Ukseservas peidetud k\u00fcttekeha kondensatsiooni v\u00e4ltimiseks M\u00f5eldud GN1\/1 panni suurustele paigutamiseks HC k\u00fclmaaine Kaasas 4 ratast Dokumentatsioon Kliki siia, et alla laadida Kasutusjuhend Kliki siia, et alla laadida Energiat\u00e4his Kliki siia, et alla laadida Plahvatuslik vaade Kliki siia, et alla laadida Varuosade nimekiri Kliki siia, et alla laadida CE vastavusdeklaratsioon Palun vaadake jaotisest &#8216;Spetsifikatsioon&#8217; t\u00e4psema teabe saamiseks.<\/p>\n<table style=\"border-collapse: collapse; width: 100%; text-align: left;\">\n<tbody>\n<tr>\n<td style=\"border: 1px solid #ddd; padding: 8px; width: 45%;\"><strong>S\u00fcgavus<\/strong><\/td>\n<td style=\"border: 1px solid #ddd; padding: 8px;\">700 mm<\/td>\n<\/tr>\n<tr>\n<td style=\"border: 1px solid #ddd; padding: 8px; width: 45%;\"><strong>K\u00f5rgus<\/strong><\/td>\n<td style=\"border: 1px solid #ddd; padding: 8px;\">860 mm<\/td>\n<\/tr>\n<tr>\n<td style=\"border: 1px solid #ddd; padding: 8px; width: 45%;\"><strong>Laius<\/strong><\/td>\n<td style=\"border: 1px solid #ddd; padding: 8px;\">2230 mm<\/td>\n<\/tr>\n<tr>\n<td style=\"border: 1px solid #ddd; padding: 8px; width: 45%;\"><strong>Kaal<\/strong><\/td>\n<td style=\"border: 1px solid #ddd; padding: 8px;\">156 kg<\/td>\n<\/tr>\n<tr>\n<td style=\"border: 1px solid #ddd; padding: 8px; width: 45%;\"><strong>Garantii<\/strong><\/td>\n<td style=\"border: 1px solid #ddd; padding: 8px;\">12 kuu varuosade garantii<\/td>\n<\/tr>\n<tr>\n<td style=\"border: 1px solid #ddd; padding: 8px; width: 45%;\"><strong>Mahutavus<\/strong><\/td>\n<td style=\"border: 1px solid #ddd; padding: 8px;\">616 liitrit<\/td>\n<\/tr>\n<tr>\n<td style=\"border: 1px solid #ddd; padding: 8px; width: 45%;\"><strong>Uksed \/ Sahtlid<\/strong><\/td>\n<td style=\"border: 1px solid #ddd; padding: 8px;\">4 ust<\/td>\n<\/tr>\n<tr>\n<td style=\"border: 1px solid #ddd; padding: 8px; width: 45%;\"><strong>Toiteallikas<\/strong><\/td>\n<td style=\"border: 1px solid #ddd; padding: 8px;\">230V \/ 1 faas<\/td>\n<\/tr>\n<tr>\n<td style=\"border: 1px solid #ddd; padding: 8px; width: 45%;\"><strong>Rullikud<\/strong><\/td>\n<td style=\"border: 1px solid #ddd; padding: 8px;\">Jah<\/td>\n<\/tr>\n<tr>\n<td style=\"border: 1px solid #ddd; padding: 8px; width: 45%;\"><strong>Jahutamine<\/strong><\/td>\n<td style=\"border: 1px solid #ddd; padding: 8px;\">Ventileeritud<\/td>\n<\/tr>\n<tr>\n<td style=\"border: 1px solid #ddd; padding: 8px; width: 45%;\"><strong>Sulatamine<\/strong><\/td>\n<td style=\"border: 1px solid #ddd; padding: 8px;\">Automaatne<\/td>\n<\/tr>\n<tr>\n<td style=\"border: 1px solid #ddd; padding: 8px; width: 45%;\"><strong>Temperatuur<\/strong><\/td>\n<td style=\"border: 1px solid #ddd; padding: 8px;\">-18 \u00b0C kuni -22 \u00b0C<\/td>\n<\/tr>\n<tr>\n<td style=\"border: 1px solid #ddd; padding: 8px; width: 45%;\"><strong>Kontrollid<\/strong><\/td>\n<td style=\"border: 1px solid #ddd; padding: 8px;\">Digitaalne<\/td>\n<\/tr>\n<tr>\n<td style=\"border: 1px solid #ddd; padding: 8px; width: 45%;\"><strong>Maksimaalne temperatuur (ruum)<\/strong><\/td>\n<td style=\"border: 1px solid #ddd; padding: 8px;\">+48 \u00b0C<\/td>\n<\/tr>\n<tr>\n<td style=\"border: 1px solid #ddd; padding: 8px; width: 45%;\"><strong>Materjal (v\u00e4limine)<\/strong><\/td>\n<td style=\"border: 1px solid #ddd; padding: 8px;\">Roostevaba teras<\/td>\n<\/tr>\n<tr>\n<td style=\"border: 1px solid #ddd; padding: 8px; width: 45%;\"><strong>Materjal (sisemine)<\/strong><\/td>\n<td style=\"border: 1px solid #ddd; padding: 8px;\">Roostevaba teras<\/td>\n<\/tr>\n<\/tbody>\n<\/table>\n","protected":false},"excerpt":{"rendered":"<p>Professionaalne s\u00fcgavk\u00fclmiku lett\/laud nelja roostevabast terasest t\u00e4isukse ja nelja rattaga. See s\u00fcgavk\u00fclmik sisaldab ka mitmeid kasulikke funktsioone, mis muudavad toitlustus-<\/p>\n","protected":false},"featured_media":13974,"template":"","meta":[],"product_brand":[],"product_cat":[564,817],"product_tag":[],"class_list":{"0":"post-16023","1":"product","2":"type-product","3":"status-publish","4":"has-post-thumbnail","6":"product_cat-jahutusseadmed","7":"product_cat-sugavkulmletid","9":"first","10":"instock","11":"sale","12":"taxable","13":"shipping-taxable","14":"purchasable","15":"product-type-simple"},"yoast_head":"<!-- This site is optimized with the Yoast SEO plugin v27.3 - https:\/\/yoast.com\/product\/yoast-seo-wordpress\/ -->\n<title>S\u00fcgavk\u00fclmlett, Ventileeritud, 4 Uksega, S\u00fcgavus 700Mm | Adexa Fg41V - Adexa \u2013 Suurk\u00f6\u00f6giseadmed restoranidele ja toitlustusele<\/title>\n<meta name=\"robots\" content=\"index, follow, max-snippet:-1, max-image-preview:large, max-video-preview:-1\" \/>\n<link rel=\"canonical\" href=\"https:\/\/adexa.ee\/toode\/sugavkulmlett-ventileeritud-4-uksega-sugavus-700mm-adexa-fg41v\/\" \/>\n<meta property=\"og:locale\" content=\"en_US\" \/>\n<meta property=\"og:type\" content=\"article\" \/>\n<meta property=\"og:title\" content=\"S\u00fcgavk\u00fclmlett, Ventileeritud, 4 Uksega, S\u00fcgavus 700Mm | Adexa Fg41V - Adexa \u2013 Suurk\u00f6\u00f6giseadmed restoranidele ja toitlustusele\" \/>\n<meta property=\"og:description\" content=\"Professionaalne s\u00fcgavk\u00fclmiku lett\/laud nelja roostevabast terasest t\u00e4isukse ja nelja rattaga. See s\u00fcgavk\u00fclmik sisaldab ka mitmeid kasulikke funktsioone, mis muudavad toitlustus-\" \/>\n<meta property=\"og:url\" content=\"https:\/\/adexa.ee\/toode\/sugavkulmlett-ventileeritud-4-uksega-sugavus-700mm-adexa-fg41v\/\" \/>\n<meta property=\"og:site_name\" content=\"Adexa \u2013 Suurk\u00f6\u00f6giseadmed restoranidele ja toitlustusele\" \/>\n<meta property=\"article:modified_time\" content=\"2026-03-26T08:45:25+00:00\" \/>\n<meta property=\"og:image\" content=\"https:\/\/adexa.ee\/wp-content\/uploads\/2024\/12\/FG41V-XX.jpg\" \/>\n\t<meta property=\"og:image:width\" content=\"2000\" \/>\n\t<meta property=\"og:image:height\" content=\"2000\" \/>\n\t<meta property=\"og:image:type\" content=\"image\/jpeg\" \/>\n<meta name=\"twitter:card\" content=\"summary_large_image\" \/>\n<meta name=\"twitter:label1\" content=\"Est. reading time\" \/>\n\t<meta name=\"twitter:data1\" content=\"1 minute\" \/>\n<script type=\"application\/ld+json\" class=\"yoast-schema-graph\">{\"@context\":\"https:\\\/\\\/schema.org\",\"@graph\":[{\"@type\":\"WebPage\",\"@id\":\"https:\\\/\\\/adexa.ee\\\/toode\\\/sugavkulmlett-ventileeritud-4-uksega-sugavus-700mm-adexa-fg41v\\\/\",\"url\":\"https:\\\/\\\/adexa.ee\\\/toode\\\/sugavkulmlett-ventileeritud-4-uksega-sugavus-700mm-adexa-fg41v\\\/\",\"name\":\"S\u00fcgavk\u00fclmlett, Ventileeritud, 4 Uksega, S\u00fcgavus 700Mm | Adexa Fg41V - Adexa \u2013 Suurk\u00f6\u00f6giseadmed restoranidele ja toitlustusele\",\"isPartOf\":{\"@id\":\"https:\\\/\\\/adexa.ee\\\/#website\"},\"primaryImageOfPage\":{\"@id\":\"https:\\\/\\\/adexa.ee\\\/toode\\\/sugavkulmlett-ventileeritud-4-uksega-sugavus-700mm-adexa-fg41v\\\/#primaryimage\"},\"image\":{\"@id\":\"https:\\\/\\\/adexa.ee\\\/toode\\\/sugavkulmlett-ventileeritud-4-uksega-sugavus-700mm-adexa-fg41v\\\/#primaryimage\"},\"thumbnailUrl\":\"https:\\\/\\\/adexa.ee\\\/wp-content\\\/uploads\\\/2024\\\/12\\\/FG41V-XX.jpg\",\"datePublished\":\"2026-03-26T08:45:23+00:00\",\"dateModified\":\"2026-03-26T08:45:25+00:00\",\"breadcrumb\":{\"@id\":\"https:\\\/\\\/adexa.ee\\\/toode\\\/sugavkulmlett-ventileeritud-4-uksega-sugavus-700mm-adexa-fg41v\\\/#breadcrumb\"},\"inLanguage\":\"en-US\",\"potentialAction\":[{\"@type\":\"ReadAction\",\"target\":[\"https:\\\/\\\/adexa.ee\\\/toode\\\/sugavkulmlett-ventileeritud-4-uksega-sugavus-700mm-adexa-fg41v\\\/\"]}]},{\"@type\":\"ImageObject\",\"inLanguage\":\"en-US\",\"@id\":\"https:\\\/\\\/adexa.ee\\\/toode\\\/sugavkulmlett-ventileeritud-4-uksega-sugavus-700mm-adexa-fg41v\\\/#primaryimage\",\"url\":\"https:\\\/\\\/adexa.ee\\\/wp-content\\\/uploads\\\/2024\\\/12\\\/FG41V-XX.jpg\",\"contentUrl\":\"https:\\\/\\\/adexa.ee\\\/wp-content\\\/uploads\\\/2024\\\/12\\\/FG41V-XX.jpg\",\"width\":2000,\"height\":2000},{\"@type\":\"BreadcrumbList\",\"@id\":\"https:\\\/\\\/adexa.ee\\\/toode\\\/sugavkulmlett-ventileeritud-4-uksega-sugavus-700mm-adexa-fg41v\\\/#breadcrumb\",\"itemListElement\":[{\"@type\":\"ListItem\",\"position\":1,\"name\":\"Home\",\"item\":\"https:\\\/\\\/adexa.ee\\\/\"},{\"@type\":\"ListItem\",\"position\":2,\"name\":\"Tooted\",\"item\":\"https:\\\/\\\/adexa.ee\\\/pood\\\/\"},{\"@type\":\"ListItem\",\"position\":3,\"name\":\"S\u00fcgavk\u00fclmlett, Ventileeritud, 4 Uksega, S\u00fcgavus 700Mm | Adexa Fg41V\"}]},{\"@type\":\"WebSite\",\"@id\":\"https:\\\/\\\/adexa.ee\\\/#website\",\"url\":\"https:\\\/\\\/adexa.ee\\\/\",\"name\":\"Adexa\",\"description\":\"\",\"publisher\":{\"@id\":\"https:\\\/\\\/adexa.ee\\\/#organization\"},\"potentialAction\":[{\"@type\":\"SearchAction\",\"target\":{\"@type\":\"EntryPoint\",\"urlTemplate\":\"https:\\\/\\\/adexa.ee\\\/?s={search_term_string}\"},\"query-input\":{\"@type\":\"PropertyValueSpecification\",\"valueRequired\":true,\"valueName\":\"search_term_string\"}}],\"inLanguage\":\"en-US\"},{\"@type\":\"Organization\",\"@id\":\"https:\\\/\\\/adexa.ee\\\/#organization\",\"name\":\"Adexa\",\"url\":\"https:\\\/\\\/adexa.ee\\\/\",\"logo\":{\"@type\":\"ImageObject\",\"inLanguage\":\"en-US\",\"@id\":\"https:\\\/\\\/adexa.ee\\\/#\\\/schema\\\/logo\\\/image\\\/\",\"url\":\"https:\\\/\\\/adexa.ee\\\/wp-content\\\/uploads\\\/2024\\\/04\\\/chef-cooks-working-in-professional-kitchen-2023-11-27-05-07-39-utc-scaled.jpg\",\"contentUrl\":\"https:\\\/\\\/adexa.ee\\\/wp-content\\\/uploads\\\/2024\\\/04\\\/chef-cooks-working-in-professional-kitchen-2023-11-27-05-07-39-utc-scaled.jpg\",\"width\":2560,\"height\":1708,\"caption\":\"Adexa\"},\"image\":{\"@id\":\"https:\\\/\\\/adexa.ee\\\/#\\\/schema\\\/logo\\\/image\\\/\"}}]}<\/script>\n<!-- \/ Yoast SEO plugin. -->","yoast_head_json":{"title":"S\u00fcgavk\u00fclmlett, Ventileeritud, 4 Uksega, S\u00fcgavus 700Mm | Adexa Fg41V - Adexa \u2013 Suurk\u00f6\u00f6giseadmed restoranidele ja toitlustusele","robots":{"index":"index","follow":"follow","max-snippet":"max-snippet:-1","max-image-preview":"max-image-preview:large","max-video-preview":"max-video-preview:-1"},"canonical":"https:\/\/adexa.ee\/toode\/sugavkulmlett-ventileeritud-4-uksega-sugavus-700mm-adexa-fg41v\/","og_locale":"en_US","og_type":"article","og_title":"S\u00fcgavk\u00fclmlett, Ventileeritud, 4 Uksega, S\u00fcgavus 700Mm | Adexa Fg41V - Adexa \u2013 Suurk\u00f6\u00f6giseadmed restoranidele ja toitlustusele","og_description":"Professionaalne s\u00fcgavk\u00fclmiku lett\/laud nelja roostevabast terasest t\u00e4isukse ja nelja rattaga. See s\u00fcgavk\u00fclmik sisaldab ka mitmeid kasulikke funktsioone, mis muudavad toitlustus-","og_url":"https:\/\/adexa.ee\/toode\/sugavkulmlett-ventileeritud-4-uksega-sugavus-700mm-adexa-fg41v\/","og_site_name":"Adexa \u2013 Suurk\u00f6\u00f6giseadmed restoranidele ja toitlustusele","article_modified_time":"2026-03-26T08:45:25+00:00","og_image":[{"width":2000,"height":2000,"url":"https:\/\/adexa.ee\/wp-content\/uploads\/2024\/12\/FG41V-XX.jpg","type":"image\/jpeg"}],"twitter_card":"summary_large_image","twitter_misc":{"Est. reading time":"1 minute"},"schema":{"@context":"https:\/\/schema.org","@graph":[{"@type":"WebPage","@id":"https:\/\/adexa.ee\/toode\/sugavkulmlett-ventileeritud-4-uksega-sugavus-700mm-adexa-fg41v\/","url":"https:\/\/adexa.ee\/toode\/sugavkulmlett-ventileeritud-4-uksega-sugavus-700mm-adexa-fg41v\/","name":"S\u00fcgavk\u00fclmlett, Ventileeritud, 4 Uksega, S\u00fcgavus 700Mm | Adexa Fg41V - Adexa \u2013 Suurk\u00f6\u00f6giseadmed restoranidele ja toitlustusele","isPartOf":{"@id":"https:\/\/adexa.ee\/#website"},"primaryImageOfPage":{"@id":"https:\/\/adexa.ee\/toode\/sugavkulmlett-ventileeritud-4-uksega-sugavus-700mm-adexa-fg41v\/#primaryimage"},"image":{"@id":"https:\/\/adexa.ee\/toode\/sugavkulmlett-ventileeritud-4-uksega-sugavus-700mm-adexa-fg41v\/#primaryimage"},"thumbnailUrl":"https:\/\/adexa.ee\/wp-content\/uploads\/2024\/12\/FG41V-XX.jpg","datePublished":"2026-03-26T08:45:23+00:00","dateModified":"2026-03-26T08:45:25+00:00","breadcrumb":{"@id":"https:\/\/adexa.ee\/toode\/sugavkulmlett-ventileeritud-4-uksega-sugavus-700mm-adexa-fg41v\/#breadcrumb"},"inLanguage":"en-US","potentialAction":[{"@type":"ReadAction","target":["https:\/\/adexa.ee\/toode\/sugavkulmlett-ventileeritud-4-uksega-sugavus-700mm-adexa-fg41v\/"]}]},{"@type":"ImageObject","inLanguage":"en-US","@id":"https:\/\/adexa.ee\/toode\/sugavkulmlett-ventileeritud-4-uksega-sugavus-700mm-adexa-fg41v\/#primaryimage","url":"https:\/\/adexa.ee\/wp-content\/uploads\/2024\/12\/FG41V-XX.jpg","contentUrl":"https:\/\/adexa.ee\/wp-content\/uploads\/2024\/12\/FG41V-XX.jpg","width":2000,"height":2000},{"@type":"BreadcrumbList","@id":"https:\/\/adexa.ee\/toode\/sugavkulmlett-ventileeritud-4-uksega-sugavus-700mm-adexa-fg41v\/#breadcrumb","itemListElement":[{"@type":"ListItem","position":1,"name":"Home","item":"https:\/\/adexa.ee\/"},{"@type":"ListItem","position":2,"name":"Tooted","item":"https:\/\/adexa.ee\/pood\/"},{"@type":"ListItem","position":3,"name":"S\u00fcgavk\u00fclmlett, Ventileeritud, 4 Uksega, S\u00fcgavus 700Mm | Adexa Fg41V"}]},{"@type":"WebSite","@id":"https:\/\/adexa.ee\/#website","url":"https:\/\/adexa.ee\/","name":"Adexa","description":"","publisher":{"@id":"https:\/\/adexa.ee\/#organization"},"potentialAction":[{"@type":"SearchAction","target":{"@type":"EntryPoint","urlTemplate":"https:\/\/adexa.ee\/?s={search_term_string}"},"query-input":{"@type":"PropertyValueSpecification","valueRequired":true,"valueName":"search_term_string"}}],"inLanguage":"en-US"},{"@type":"Organization","@id":"https:\/\/adexa.ee\/#organization","name":"Adexa","url":"https:\/\/adexa.ee\/","logo":{"@type":"ImageObject","inLanguage":"en-US","@id":"https:\/\/adexa.ee\/#\/schema\/logo\/image\/","url":"https:\/\/adexa.ee\/wp-content\/uploads\/2024\/04\/chef-cooks-working-in-professional-kitchen-2023-11-27-05-07-39-utc-scaled.jpg","contentUrl":"https:\/\/adexa.ee\/wp-content\/uploads\/2024\/04\/chef-cooks-working-in-professional-kitchen-2023-11-27-05-07-39-utc-scaled.jpg","width":2560,"height":1708,"caption":"Adexa"},"image":{"@id":"https:\/\/adexa.ee\/#\/schema\/logo\/image\/"}}]}},"_links":{"self":[{"href":"https:\/\/adexa.ee\/en\/wp-json\/wp\/v2\/product\/16023","targetHints":{"allow":["GET"]}}],"collection":[{"href":"https:\/\/adexa.ee\/en\/wp-json\/wp\/v2\/product"}],"about":[{"href":"https:\/\/adexa.ee\/en\/wp-json\/wp\/v2\/types\/product"}],"wp:featuredmedia":[{"embeddable":true,"href":"https:\/\/adexa.ee\/en\/wp-json\/wp\/v2\/media\/13974"}],"wp:attachment":[{"href":"https:\/\/adexa.ee\/en\/wp-json\/wp\/v2\/media?parent=16023"}],"wp:term":[{"taxonomy":"product_brand","embeddable":true,"href":"https:\/\/adexa.ee\/en\/wp-json\/wp\/v2\/product_brand?post=16023"},{"taxonomy":"product_cat","embeddable":true,"href":"https:\/\/adexa.ee\/en\/wp-json\/wp\/v2\/product_cat?post=16023"},{"taxonomy":"product_tag","embeddable":true,"href":"https:\/\/adexa.ee\/en\/wp-json\/wp\/v2\/product_tag?post=16023"}],"curies":[{"name":"wp","href":"https:\/\/api.w.org\/{rel}","templated":true}]}}