{"id":16025,"date":"2026-03-26T10:45:23","date_gmt":"2026-03-26T08:45:23","guid":{"rendered":"https:\/\/adexa.ee\/toode\/kaubanduslik-kastmete-ollde-dosaatori-pump-3x2-liitrit-roostevaba-teras-adexa-nhp003\/"},"modified":"2026-03-26T10:45:25","modified_gmt":"2026-03-26T08:45:25","slug":"kastmete-ollde-dosaatori-pump-3x2-liitrit-roostevaba-teras-adexa-nhp003","status":"publish","type":"product","link":"https:\/\/adexa.ee\/en\/toode\/kastmete-ollde-dosaatori-pump-3x2-liitrit-roostevaba-teras-adexa-nhp003\/","title":{"rendered":"Kastmete\/\u00d5llde Dosaatori Pump 3X2 Liitrit Roostevaba Teras | Adexa Nhp003"},"content":{"rendered":"<p>Korraldage ja hoidke korras kastmeid oma kontorikohvikus, suupistebaaris v\u00f5i j\u00e4\u00e4tisekohvikus selle kastmete dosaatoriga! See dosaator sobib suurep\u00e4raselt hot dogi, hamburgeri ja magustoitude katete hoidmiseks, samuti majoneesi, sinepi v\u00f5i ket\u0161upi jaoks. Rohkema mitmek\u00fclgsuse ja portsjonikontrolli saamiseks saab roostevaba terase pumbad seadistada doseerima erinevaid koguseid \u00fche pumpamisega. See dosaatorikomplekt on valmistatud vastupidavast roostevabast terasest ja toidule ohutust plastikust pikaajaliseks kasutamiseks ning h\u00f5lpsaks puhastamiseks kiiretes kommertstoitlustuskeskkondades.<\/p>\n<table style=\"border-collapse: collapse; width: 100%; text-align: left;\">\n<tbody>\n<tr>\n<td style=\"border: 1px solid #ddd; padding: 8px; width: 45%;\"><strong>S\u00fcgavus<\/strong><\/td>\n<td style=\"border: 1px solid #ddd; padding: 8px;\">200 mm<\/td>\n<\/tr>\n<tr>\n<td style=\"border: 1px solid #ddd; padding: 8px; width: 45%;\"><strong>K\u00f5rgus<\/strong><\/td>\n<td style=\"border: 1px solid #ddd; padding: 8px;\">320 mm<\/td>\n<\/tr>\n<tr>\n<td style=\"border: 1px solid #ddd; padding: 8px; width: 45%;\"><strong>Laius<\/strong><\/td>\n<td style=\"border: 1px solid #ddd; padding: 8px;\">360 mm<\/td>\n<\/tr>\n<tr>\n<td style=\"border: 1px solid #ddd; padding: 8px; width: 45%;\"><strong>Mahutavus<\/strong><\/td>\n<td style=\"border: 1px solid #ddd; padding: 8px;\">3 x 2 liitrit<\/td>\n<\/tr>\n<tr>\n<td style=\"border: 1px solid #ddd; padding: 8px; width: 45%;\"><strong>Materjal<\/strong><\/td>\n<td style=\"border: 1px solid #ddd; padding: 8px;\">Roostevaba teras \/ Plastik<\/td>\n<\/tr>\n<\/tbody>\n<\/table>\n","protected":false},"excerpt":{"rendered":"<p>Korraldage ja hoidke korras kastmeid oma kontorikohvikus, suupistebaaris v\u00f5i j\u00e4\u00e4tisekohvikus selle kastmete dosaatoriga! See dosaator sobib suurep\u00e4raselt hot dogi, hamburgeri<\/p>\n","protected":false},"featured_media":16027,"template":"","meta":[],"product_brand":[],"product_cat":[682,579,569],"product_tag":[],"class_list":{"0":"post-16025","1":"product","2":"type-product","3":"status-publish","4":"has-post-thumbnail","6":"product_cat-dosaatorid-kastmepudelid-ja-kastmete-anumad","7":"product_cat-koogitarbed-noud","8":"product_cat-lopumuuk","10":"first","11":"instock","12":"sale","13":"taxable","14":"shipping-taxable","15":"purchasable","16":"product-type-simple"},"yoast_head":"<!-- This site is optimized with the Yoast SEO plugin v27.3 - https:\/\/yoast.com\/product\/yoast-seo-wordpress\/ -->\n<title>Kastmete\/\u00d5llde Dosaatori Pump 3X2 Liitrit Roostevaba Teras | Adexa Nhp003 - Adexa \u2013 Suurk\u00f6\u00f6giseadmed restoranidele ja toitlustusele<\/title>\n<meta name=\"robots\" content=\"index, follow, max-snippet:-1, max-image-preview:large, max-video-preview:-1\" \/>\n<link rel=\"canonical\" href=\"https:\/\/adexa.ee\/toode\/kastmete-ollde-dosaatori-pump-3x2-liitrit-roostevaba-teras-adexa-nhp003\/\" \/>\n<meta property=\"og:locale\" content=\"en_US\" \/>\n<meta property=\"og:type\" content=\"article\" \/>\n<meta property=\"og:title\" content=\"Kastmete\/\u00d5llde Dosaatori Pump 3X2 Liitrit Roostevaba Teras | Adexa Nhp003 - Adexa \u2013 Suurk\u00f6\u00f6giseadmed restoranidele ja toitlustusele\" \/>\n<meta property=\"og:description\" content=\"Korraldage ja hoidke korras kastmeid oma kontorikohvikus, suupistebaaris v\u00f5i j\u00e4\u00e4tisekohvikus selle kastmete dosaatoriga! See dosaator sobib suurep\u00e4raselt hot dogi, hamburgeri\" \/>\n<meta property=\"og:url\" content=\"https:\/\/adexa.ee\/toode\/kastmete-ollde-dosaatori-pump-3x2-liitrit-roostevaba-teras-adexa-nhp003\/\" \/>\n<meta property=\"og:site_name\" content=\"Adexa \u2013 Suurk\u00f6\u00f6giseadmed restoranidele ja toitlustusele\" \/>\n<meta property=\"article:modified_time\" content=\"2026-03-26T08:45:25+00:00\" \/>\n<meta property=\"og:image\" content=\"https:\/\/adexa.ee\/wp-content\/uploads\/2024\/12\/NHP003.jpg\" \/>\n\t<meta property=\"og:image:width\" content=\"2000\" \/>\n\t<meta property=\"og:image:height\" content=\"2000\" \/>\n\t<meta property=\"og:image:type\" content=\"image\/jpeg\" \/>\n<meta name=\"twitter:card\" content=\"summary_large_image\" \/>\n<script type=\"application\/ld+json\" class=\"yoast-schema-graph\">{\"@context\":\"https:\\\/\\\/schema.org\",\"@graph\":[{\"@type\":\"WebPage\",\"@id\":\"https:\\\/\\\/adexa.ee\\\/toode\\\/kastmete-ollde-dosaatori-pump-3x2-liitrit-roostevaba-teras-adexa-nhp003\\\/\",\"url\":\"https:\\\/\\\/adexa.ee\\\/toode\\\/kastmete-ollde-dosaatori-pump-3x2-liitrit-roostevaba-teras-adexa-nhp003\\\/\",\"name\":\"Kastmete\\\/\u00d5llde Dosaatori Pump 3X2 Liitrit Roostevaba Teras | Adexa Nhp003 - Adexa \u2013 Suurk\u00f6\u00f6giseadmed restoranidele ja toitlustusele\",\"isPartOf\":{\"@id\":\"https:\\\/\\\/adexa.ee\\\/#website\"},\"primaryImageOfPage\":{\"@id\":\"https:\\\/\\\/adexa.ee\\\/toode\\\/kastmete-ollde-dosaatori-pump-3x2-liitrit-roostevaba-teras-adexa-nhp003\\\/#primaryimage\"},\"image\":{\"@id\":\"https:\\\/\\\/adexa.ee\\\/toode\\\/kastmete-ollde-dosaatori-pump-3x2-liitrit-roostevaba-teras-adexa-nhp003\\\/#primaryimage\"},\"thumbnailUrl\":\"https:\\\/\\\/adexa.ee\\\/wp-content\\\/uploads\\\/2024\\\/12\\\/NHP003.jpg\",\"datePublished\":\"2026-03-26T08:45:23+00:00\",\"dateModified\":\"2026-03-26T08:45:25+00:00\",\"breadcrumb\":{\"@id\":\"https:\\\/\\\/adexa.ee\\\/toode\\\/kastmete-ollde-dosaatori-pump-3x2-liitrit-roostevaba-teras-adexa-nhp003\\\/#breadcrumb\"},\"inLanguage\":\"en-US\",\"potentialAction\":[{\"@type\":\"ReadAction\",\"target\":[\"https:\\\/\\\/adexa.ee\\\/toode\\\/kastmete-ollde-dosaatori-pump-3x2-liitrit-roostevaba-teras-adexa-nhp003\\\/\"]}]},{\"@type\":\"ImageObject\",\"inLanguage\":\"en-US\",\"@id\":\"https:\\\/\\\/adexa.ee\\\/toode\\\/kastmete-ollde-dosaatori-pump-3x2-liitrit-roostevaba-teras-adexa-nhp003\\\/#primaryimage\",\"url\":\"https:\\\/\\\/adexa.ee\\\/wp-content\\\/uploads\\\/2024\\\/12\\\/NHP003.jpg\",\"contentUrl\":\"https:\\\/\\\/adexa.ee\\\/wp-content\\\/uploads\\\/2024\\\/12\\\/NHP003.jpg\",\"width\":2000,\"height\":2000},{\"@type\":\"BreadcrumbList\",\"@id\":\"https:\\\/\\\/adexa.ee\\\/toode\\\/kastmete-ollde-dosaatori-pump-3x2-liitrit-roostevaba-teras-adexa-nhp003\\\/#breadcrumb\",\"itemListElement\":[{\"@type\":\"ListItem\",\"position\":1,\"name\":\"Home\",\"item\":\"https:\\\/\\\/adexa.ee\\\/\"},{\"@type\":\"ListItem\",\"position\":2,\"name\":\"Tooted\",\"item\":\"https:\\\/\\\/adexa.ee\\\/pood\\\/\"},{\"@type\":\"ListItem\",\"position\":3,\"name\":\"Kastmete\\\/\u00d5llde Dosaatori Pump 3X2 Liitrit Roostevaba Teras | Adexa Nhp003\"}]},{\"@type\":\"WebSite\",\"@id\":\"https:\\\/\\\/adexa.ee\\\/#website\",\"url\":\"https:\\\/\\\/adexa.ee\\\/\",\"name\":\"Adexa\",\"description\":\"\",\"publisher\":{\"@id\":\"https:\\\/\\\/adexa.ee\\\/#organization\"},\"potentialAction\":[{\"@type\":\"SearchAction\",\"target\":{\"@type\":\"EntryPoint\",\"urlTemplate\":\"https:\\\/\\\/adexa.ee\\\/?s={search_term_string}\"},\"query-input\":{\"@type\":\"PropertyValueSpecification\",\"valueRequired\":true,\"valueName\":\"search_term_string\"}}],\"inLanguage\":\"en-US\"},{\"@type\":\"Organization\",\"@id\":\"https:\\\/\\\/adexa.ee\\\/#organization\",\"name\":\"Adexa\",\"url\":\"https:\\\/\\\/adexa.ee\\\/\",\"logo\":{\"@type\":\"ImageObject\",\"inLanguage\":\"en-US\",\"@id\":\"https:\\\/\\\/adexa.ee\\\/#\\\/schema\\\/logo\\\/image\\\/\",\"url\":\"https:\\\/\\\/adexa.ee\\\/wp-content\\\/uploads\\\/2024\\\/04\\\/chef-cooks-working-in-professional-kitchen-2023-11-27-05-07-39-utc-scaled.jpg\",\"contentUrl\":\"https:\\\/\\\/adexa.ee\\\/wp-content\\\/uploads\\\/2024\\\/04\\\/chef-cooks-working-in-professional-kitchen-2023-11-27-05-07-39-utc-scaled.jpg\",\"width\":2560,\"height\":1708,\"caption\":\"Adexa\"},\"image\":{\"@id\":\"https:\\\/\\\/adexa.ee\\\/#\\\/schema\\\/logo\\\/image\\\/\"}}]}<\/script>\n<!-- \/ Yoast SEO plugin. -->","yoast_head_json":{"title":"Kastmete\/\u00d5llde Dosaatori Pump 3X2 Liitrit Roostevaba Teras | Adexa Nhp003 - Adexa \u2013 Suurk\u00f6\u00f6giseadmed restoranidele ja toitlustusele","robots":{"index":"index","follow":"follow","max-snippet":"max-snippet:-1","max-image-preview":"max-image-preview:large","max-video-preview":"max-video-preview:-1"},"canonical":"https:\/\/adexa.ee\/toode\/kastmete-ollde-dosaatori-pump-3x2-liitrit-roostevaba-teras-adexa-nhp003\/","og_locale":"en_US","og_type":"article","og_title":"Kastmete\/\u00d5llde Dosaatori Pump 3X2 Liitrit Roostevaba Teras | Adexa Nhp003 - Adexa \u2013 Suurk\u00f6\u00f6giseadmed restoranidele ja toitlustusele","og_description":"Korraldage ja hoidke korras kastmeid oma kontorikohvikus, suupistebaaris v\u00f5i j\u00e4\u00e4tisekohvikus selle kastmete dosaatoriga! See dosaator sobib suurep\u00e4raselt hot dogi, hamburgeri","og_url":"https:\/\/adexa.ee\/toode\/kastmete-ollde-dosaatori-pump-3x2-liitrit-roostevaba-teras-adexa-nhp003\/","og_site_name":"Adexa \u2013 Suurk\u00f6\u00f6giseadmed restoranidele ja toitlustusele","article_modified_time":"2026-03-26T08:45:25+00:00","og_image":[{"width":2000,"height":2000,"url":"https:\/\/adexa.ee\/wp-content\/uploads\/2024\/12\/NHP003.jpg","type":"image\/jpeg"}],"twitter_card":"summary_large_image","schema":{"@context":"https:\/\/schema.org","@graph":[{"@type":"WebPage","@id":"https:\/\/adexa.ee\/toode\/kastmete-ollde-dosaatori-pump-3x2-liitrit-roostevaba-teras-adexa-nhp003\/","url":"https:\/\/adexa.ee\/toode\/kastmete-ollde-dosaatori-pump-3x2-liitrit-roostevaba-teras-adexa-nhp003\/","name":"Kastmete\/\u00d5llde Dosaatori Pump 3X2 Liitrit Roostevaba Teras | Adexa Nhp003 - Adexa \u2013 Suurk\u00f6\u00f6giseadmed restoranidele ja toitlustusele","isPartOf":{"@id":"https:\/\/adexa.ee\/#website"},"primaryImageOfPage":{"@id":"https:\/\/adexa.ee\/toode\/kastmete-ollde-dosaatori-pump-3x2-liitrit-roostevaba-teras-adexa-nhp003\/#primaryimage"},"image":{"@id":"https:\/\/adexa.ee\/toode\/kastmete-ollde-dosaatori-pump-3x2-liitrit-roostevaba-teras-adexa-nhp003\/#primaryimage"},"thumbnailUrl":"https:\/\/adexa.ee\/wp-content\/uploads\/2024\/12\/NHP003.jpg","datePublished":"2026-03-26T08:45:23+00:00","dateModified":"2026-03-26T08:45:25+00:00","breadcrumb":{"@id":"https:\/\/adexa.ee\/toode\/kastmete-ollde-dosaatori-pump-3x2-liitrit-roostevaba-teras-adexa-nhp003\/#breadcrumb"},"inLanguage":"en-US","potentialAction":[{"@type":"ReadAction","target":["https:\/\/adexa.ee\/toode\/kastmete-ollde-dosaatori-pump-3x2-liitrit-roostevaba-teras-adexa-nhp003\/"]}]},{"@type":"ImageObject","inLanguage":"en-US","@id":"https:\/\/adexa.ee\/toode\/kastmete-ollde-dosaatori-pump-3x2-liitrit-roostevaba-teras-adexa-nhp003\/#primaryimage","url":"https:\/\/adexa.ee\/wp-content\/uploads\/2024\/12\/NHP003.jpg","contentUrl":"https:\/\/adexa.ee\/wp-content\/uploads\/2024\/12\/NHP003.jpg","width":2000,"height":2000},{"@type":"BreadcrumbList","@id":"https:\/\/adexa.ee\/toode\/kastmete-ollde-dosaatori-pump-3x2-liitrit-roostevaba-teras-adexa-nhp003\/#breadcrumb","itemListElement":[{"@type":"ListItem","position":1,"name":"Home","item":"https:\/\/adexa.ee\/"},{"@type":"ListItem","position":2,"name":"Tooted","item":"https:\/\/adexa.ee\/pood\/"},{"@type":"ListItem","position":3,"name":"Kastmete\/\u00d5llde Dosaatori Pump 3X2 Liitrit Roostevaba Teras | Adexa Nhp003"}]},{"@type":"WebSite","@id":"https:\/\/adexa.ee\/#website","url":"https:\/\/adexa.ee\/","name":"Adexa","description":"","publisher":{"@id":"https:\/\/adexa.ee\/#organization"},"potentialAction":[{"@type":"SearchAction","target":{"@type":"EntryPoint","urlTemplate":"https:\/\/adexa.ee\/?s={search_term_string}"},"query-input":{"@type":"PropertyValueSpecification","valueRequired":true,"valueName":"search_term_string"}}],"inLanguage":"en-US"},{"@type":"Organization","@id":"https:\/\/adexa.ee\/#organization","name":"Adexa","url":"https:\/\/adexa.ee\/","logo":{"@type":"ImageObject","inLanguage":"en-US","@id":"https:\/\/adexa.ee\/#\/schema\/logo\/image\/","url":"https:\/\/adexa.ee\/wp-content\/uploads\/2024\/04\/chef-cooks-working-in-professional-kitchen-2023-11-27-05-07-39-utc-scaled.jpg","contentUrl":"https:\/\/adexa.ee\/wp-content\/uploads\/2024\/04\/chef-cooks-working-in-professional-kitchen-2023-11-27-05-07-39-utc-scaled.jpg","width":2560,"height":1708,"caption":"Adexa"},"image":{"@id":"https:\/\/adexa.ee\/#\/schema\/logo\/image\/"}}]}},"_links":{"self":[{"href":"https:\/\/adexa.ee\/en\/wp-json\/wp\/v2\/product\/16025","targetHints":{"allow":["GET"]}}],"collection":[{"href":"https:\/\/adexa.ee\/en\/wp-json\/wp\/v2\/product"}],"about":[{"href":"https:\/\/adexa.ee\/en\/wp-json\/wp\/v2\/types\/product"}],"wp:featuredmedia":[{"embeddable":true,"href":"https:\/\/adexa.ee\/en\/wp-json\/wp\/v2\/media\/16027"}],"wp:attachment":[{"href":"https:\/\/adexa.ee\/en\/wp-json\/wp\/v2\/media?parent=16025"}],"wp:term":[{"taxonomy":"product_brand","embeddable":true,"href":"https:\/\/adexa.ee\/en\/wp-json\/wp\/v2\/product_brand?post=16025"},{"taxonomy":"product_cat","embeddable":true,"href":"https:\/\/adexa.ee\/en\/wp-json\/wp\/v2\/product_cat?post=16025"},{"taxonomy":"product_tag","embeddable":true,"href":"https:\/\/adexa.ee\/en\/wp-json\/wp\/v2\/product_tag?post=16025"}],"curies":[{"name":"wp","href":"https:\/\/api.w.org\/{rel}","templated":true}]}}