{"id":16072,"date":"2026-03-26T10:45:23","date_gmt":"2026-03-26T08:45:23","guid":{"rendered":"https:\/\/adexa.ee\/toode\/serveerimiskandik-polupropuleen-ristkulikukujuline-450x350mm-kohv-adexa-tf0002c\/"},"modified":"2026-03-26T10:45:30","modified_gmt":"2026-03-26T08:45:30","slug":"sookla-kandik-polupropuleen-ristkulikukujuline-450x350mm-kohvi-adexa-tf0002c","status":"publish","type":"product","link":"https:\/\/adexa.ee\/en\/toode\/sookla-kandik-polupropuleen-ristkulikukujuline-450x350mm-kohvi-adexa-tf0002c\/","title":{"rendered":"S\u00f6\u00f6kla Kandik Pol\u00fcprop\u00fcleen Ristk\u00fclikukujuline 450x350mm Kohvi | Adexa TF0002C"},"content":{"rendered":"<p>Ideaalne kohvikutele, buffeedele ja iseteeninduskohtadele, see must kandik on suurep\u00e4rane kombinatsioon mitmek\u00fclgsusest ja vastupidavusest! Kerge konstruktsioon on ideaalne, kui tuleb liikuda tihedas restoranis t\u00e4is jookide ja toitude tellimusega. Lisaks on see lihtne puhastada ja virnastatav, mis t\u00e4hendab, et seda saab hoida k\u00f6\u00f6gis v\u00f5i baaris. Palun vaadake detailset teavet allpool &#8216;Spetsifikatsioonid&#8217; jaotisest.<\/p>\n<table style=\"border-collapse: collapse; width: 100%; text-align: left;\">\n<tbody>\n<tr>\n<td style=\"border: 1px solid #ddd; padding: 8px; width: 45%;\"><strong>Materjal<\/strong><\/td>\n<td style=\"border: 1px solid #ddd; padding: 8px;\">Pol\u00fcprop\u00fcleen<\/td>\n<\/tr>\n<tr>\n<td style=\"border: 1px solid #ddd; padding: 8px; width: 45%;\"><strong>V\u00e4rv<\/strong><\/td>\n<td style=\"border: 1px solid #ddd; padding: 8px;\">Kohvipruun<\/td>\n<\/tr>\n<tr>\n<td style=\"border: 1px solid #ddd; padding: 8px; width: 45%;\"><strong>M\u00f5\u00f5tmed<\/strong><\/td>\n<td style=\"border: 1px solid #ddd; padding: 8px;\">450&#215;350 mm<\/td>\n<\/tr>\n<\/tbody>\n<\/table>\n","protected":false},"excerpt":{"rendered":"<p>Ideaalne kohvikutele, buffeedele ja iseteeninduskohtadele, see must kandik on suurep\u00e4rane kombinatsioon mitmek\u00fclgsusest ja vastupidavusest! Kerge konstruktsioon on ideaalne, kui tuleb<\/p>\n","protected":false},"featured_media":16074,"template":"","meta":[],"product_brand":[],"product_cat":[738,587,579,569,586],"product_tag":[],"class_list":{"0":"post-16072","1":"product","2":"type-product","3":"status-publish","4":"has-post-thumbnail","6":"product_cat-kandikud-kandikukarud","7":"product_cat-kandikud-ja-serveerimisalused","8":"product_cat-koogitarbed-noud","9":"product_cat-lopumuuk","10":"product_cat-serveerimine","12":"first","13":"instock","14":"sale","15":"taxable","16":"shipping-taxable","17":"purchasable","18":"product-type-simple"},"yoast_head":"<!-- This site is optimized with the Yoast SEO plugin v27.3 - https:\/\/yoast.com\/product\/yoast-seo-wordpress\/ -->\n<title>S\u00f6\u00f6kla Kandik Pol\u00fcprop\u00fcleen Ristk\u00fclikukujuline 450x350mm Kohvi | Adexa TF0002C - Adexa \u2013 Suurk\u00f6\u00f6giseadmed restoranidele ja toitlustusele<\/title>\n<meta name=\"robots\" content=\"index, follow, max-snippet:-1, max-image-preview:large, max-video-preview:-1\" \/>\n<link rel=\"canonical\" href=\"https:\/\/adexa.ee\/toode\/sookla-kandik-polupropuleen-ristkulikukujuline-450x350mm-kohvi-adexa-tf0002c\/\" \/>\n<meta property=\"og:locale\" content=\"en_US\" \/>\n<meta property=\"og:type\" content=\"article\" \/>\n<meta property=\"og:title\" content=\"S\u00f6\u00f6kla Kandik Pol\u00fcprop\u00fcleen Ristk\u00fclikukujuline 450x350mm Kohvi | Adexa TF0002C - Adexa \u2013 Suurk\u00f6\u00f6giseadmed restoranidele ja toitlustusele\" \/>\n<meta property=\"og:description\" content=\"Ideaalne kohvikutele, buffeedele ja iseteeninduskohtadele, see must kandik on suurep\u00e4rane kombinatsioon mitmek\u00fclgsusest ja vastupidavusest! Kerge konstruktsioon on ideaalne, kui tuleb\" \/>\n<meta property=\"og:url\" content=\"https:\/\/adexa.ee\/toode\/sookla-kandik-polupropuleen-ristkulikukujuline-450x350mm-kohvi-adexa-tf0002c\/\" \/>\n<meta property=\"og:site_name\" content=\"Adexa \u2013 Suurk\u00f6\u00f6giseadmed restoranidele ja toitlustusele\" \/>\n<meta property=\"article:modified_time\" content=\"2026-03-26T08:45:30+00:00\" \/>\n<meta property=\"og:image\" content=\"https:\/\/adexa.ee\/wp-content\/uploads\/2024\/12\/TF0002C.jpg\" \/>\n\t<meta property=\"og:image:width\" content=\"2000\" \/>\n\t<meta property=\"og:image:height\" content=\"2000\" \/>\n\t<meta property=\"og:image:type\" content=\"image\/jpeg\" \/>\n<meta name=\"twitter:card\" content=\"summary_large_image\" \/>\n<script type=\"application\/ld+json\" class=\"yoast-schema-graph\">{\"@context\":\"https:\\\/\\\/schema.org\",\"@graph\":[{\"@type\":\"WebPage\",\"@id\":\"https:\\\/\\\/adexa.ee\\\/toode\\\/sookla-kandik-polupropuleen-ristkulikukujuline-450x350mm-kohvi-adexa-tf0002c\\\/\",\"url\":\"https:\\\/\\\/adexa.ee\\\/toode\\\/sookla-kandik-polupropuleen-ristkulikukujuline-450x350mm-kohvi-adexa-tf0002c\\\/\",\"name\":\"S\u00f6\u00f6kla Kandik Pol\u00fcprop\u00fcleen Ristk\u00fclikukujuline 450x350mm Kohvi | Adexa TF0002C - Adexa \u2013 Suurk\u00f6\u00f6giseadmed restoranidele ja toitlustusele\",\"isPartOf\":{\"@id\":\"https:\\\/\\\/adexa.ee\\\/#website\"},\"primaryImageOfPage\":{\"@id\":\"https:\\\/\\\/adexa.ee\\\/toode\\\/sookla-kandik-polupropuleen-ristkulikukujuline-450x350mm-kohvi-adexa-tf0002c\\\/#primaryimage\"},\"image\":{\"@id\":\"https:\\\/\\\/adexa.ee\\\/toode\\\/sookla-kandik-polupropuleen-ristkulikukujuline-450x350mm-kohvi-adexa-tf0002c\\\/#primaryimage\"},\"thumbnailUrl\":\"https:\\\/\\\/adexa.ee\\\/wp-content\\\/uploads\\\/2024\\\/12\\\/TF0002C.jpg\",\"datePublished\":\"2026-03-26T08:45:23+00:00\",\"dateModified\":\"2026-03-26T08:45:30+00:00\",\"breadcrumb\":{\"@id\":\"https:\\\/\\\/adexa.ee\\\/toode\\\/sookla-kandik-polupropuleen-ristkulikukujuline-450x350mm-kohvi-adexa-tf0002c\\\/#breadcrumb\"},\"inLanguage\":\"en-US\",\"potentialAction\":[{\"@type\":\"ReadAction\",\"target\":[\"https:\\\/\\\/adexa.ee\\\/toode\\\/sookla-kandik-polupropuleen-ristkulikukujuline-450x350mm-kohvi-adexa-tf0002c\\\/\"]}]},{\"@type\":\"ImageObject\",\"inLanguage\":\"en-US\",\"@id\":\"https:\\\/\\\/adexa.ee\\\/toode\\\/sookla-kandik-polupropuleen-ristkulikukujuline-450x350mm-kohvi-adexa-tf0002c\\\/#primaryimage\",\"url\":\"https:\\\/\\\/adexa.ee\\\/wp-content\\\/uploads\\\/2024\\\/12\\\/TF0002C.jpg\",\"contentUrl\":\"https:\\\/\\\/adexa.ee\\\/wp-content\\\/uploads\\\/2024\\\/12\\\/TF0002C.jpg\",\"width\":2000,\"height\":2000},{\"@type\":\"BreadcrumbList\",\"@id\":\"https:\\\/\\\/adexa.ee\\\/toode\\\/sookla-kandik-polupropuleen-ristkulikukujuline-450x350mm-kohvi-adexa-tf0002c\\\/#breadcrumb\",\"itemListElement\":[{\"@type\":\"ListItem\",\"position\":1,\"name\":\"Home\",\"item\":\"https:\\\/\\\/adexa.ee\\\/\"},{\"@type\":\"ListItem\",\"position\":2,\"name\":\"Tooted\",\"item\":\"https:\\\/\\\/adexa.ee\\\/pood\\\/\"},{\"@type\":\"ListItem\",\"position\":3,\"name\":\"S\u00f6\u00f6kla Kandik Pol\u00fcprop\u00fcleen Ristk\u00fclikukujuline 450x350mm Kohvi | Adexa TF0002C\"}]},{\"@type\":\"WebSite\",\"@id\":\"https:\\\/\\\/adexa.ee\\\/#website\",\"url\":\"https:\\\/\\\/adexa.ee\\\/\",\"name\":\"Adexa\",\"description\":\"\",\"publisher\":{\"@id\":\"https:\\\/\\\/adexa.ee\\\/#organization\"},\"potentialAction\":[{\"@type\":\"SearchAction\",\"target\":{\"@type\":\"EntryPoint\",\"urlTemplate\":\"https:\\\/\\\/adexa.ee\\\/?s={search_term_string}\"},\"query-input\":{\"@type\":\"PropertyValueSpecification\",\"valueRequired\":true,\"valueName\":\"search_term_string\"}}],\"inLanguage\":\"en-US\"},{\"@type\":\"Organization\",\"@id\":\"https:\\\/\\\/adexa.ee\\\/#organization\",\"name\":\"Adexa\",\"url\":\"https:\\\/\\\/adexa.ee\\\/\",\"logo\":{\"@type\":\"ImageObject\",\"inLanguage\":\"en-US\",\"@id\":\"https:\\\/\\\/adexa.ee\\\/#\\\/schema\\\/logo\\\/image\\\/\",\"url\":\"https:\\\/\\\/adexa.ee\\\/wp-content\\\/uploads\\\/2024\\\/04\\\/chef-cooks-working-in-professional-kitchen-2023-11-27-05-07-39-utc-scaled.jpg\",\"contentUrl\":\"https:\\\/\\\/adexa.ee\\\/wp-content\\\/uploads\\\/2024\\\/04\\\/chef-cooks-working-in-professional-kitchen-2023-11-27-05-07-39-utc-scaled.jpg\",\"width\":2560,\"height\":1708,\"caption\":\"Adexa\"},\"image\":{\"@id\":\"https:\\\/\\\/adexa.ee\\\/#\\\/schema\\\/logo\\\/image\\\/\"}}]}<\/script>\n<!-- \/ Yoast SEO plugin. -->","yoast_head_json":{"title":"S\u00f6\u00f6kla Kandik Pol\u00fcprop\u00fcleen Ristk\u00fclikukujuline 450x350mm Kohvi | Adexa TF0002C - Adexa \u2013 Suurk\u00f6\u00f6giseadmed restoranidele ja toitlustusele","robots":{"index":"index","follow":"follow","max-snippet":"max-snippet:-1","max-image-preview":"max-image-preview:large","max-video-preview":"max-video-preview:-1"},"canonical":"https:\/\/adexa.ee\/toode\/sookla-kandik-polupropuleen-ristkulikukujuline-450x350mm-kohvi-adexa-tf0002c\/","og_locale":"en_US","og_type":"article","og_title":"S\u00f6\u00f6kla Kandik Pol\u00fcprop\u00fcleen Ristk\u00fclikukujuline 450x350mm Kohvi | Adexa TF0002C - Adexa \u2013 Suurk\u00f6\u00f6giseadmed restoranidele ja toitlustusele","og_description":"Ideaalne kohvikutele, buffeedele ja iseteeninduskohtadele, see must kandik on suurep\u00e4rane kombinatsioon mitmek\u00fclgsusest ja vastupidavusest! Kerge konstruktsioon on ideaalne, kui tuleb","og_url":"https:\/\/adexa.ee\/toode\/sookla-kandik-polupropuleen-ristkulikukujuline-450x350mm-kohvi-adexa-tf0002c\/","og_site_name":"Adexa \u2013 Suurk\u00f6\u00f6giseadmed restoranidele ja toitlustusele","article_modified_time":"2026-03-26T08:45:30+00:00","og_image":[{"width":2000,"height":2000,"url":"https:\/\/adexa.ee\/wp-content\/uploads\/2024\/12\/TF0002C.jpg","type":"image\/jpeg"}],"twitter_card":"summary_large_image","schema":{"@context":"https:\/\/schema.org","@graph":[{"@type":"WebPage","@id":"https:\/\/adexa.ee\/toode\/sookla-kandik-polupropuleen-ristkulikukujuline-450x350mm-kohvi-adexa-tf0002c\/","url":"https:\/\/adexa.ee\/toode\/sookla-kandik-polupropuleen-ristkulikukujuline-450x350mm-kohvi-adexa-tf0002c\/","name":"S\u00f6\u00f6kla Kandik Pol\u00fcprop\u00fcleen Ristk\u00fclikukujuline 450x350mm Kohvi | Adexa TF0002C - Adexa \u2013 Suurk\u00f6\u00f6giseadmed restoranidele ja toitlustusele","isPartOf":{"@id":"https:\/\/adexa.ee\/#website"},"primaryImageOfPage":{"@id":"https:\/\/adexa.ee\/toode\/sookla-kandik-polupropuleen-ristkulikukujuline-450x350mm-kohvi-adexa-tf0002c\/#primaryimage"},"image":{"@id":"https:\/\/adexa.ee\/toode\/sookla-kandik-polupropuleen-ristkulikukujuline-450x350mm-kohvi-adexa-tf0002c\/#primaryimage"},"thumbnailUrl":"https:\/\/adexa.ee\/wp-content\/uploads\/2024\/12\/TF0002C.jpg","datePublished":"2026-03-26T08:45:23+00:00","dateModified":"2026-03-26T08:45:30+00:00","breadcrumb":{"@id":"https:\/\/adexa.ee\/toode\/sookla-kandik-polupropuleen-ristkulikukujuline-450x350mm-kohvi-adexa-tf0002c\/#breadcrumb"},"inLanguage":"en-US","potentialAction":[{"@type":"ReadAction","target":["https:\/\/adexa.ee\/toode\/sookla-kandik-polupropuleen-ristkulikukujuline-450x350mm-kohvi-adexa-tf0002c\/"]}]},{"@type":"ImageObject","inLanguage":"en-US","@id":"https:\/\/adexa.ee\/toode\/sookla-kandik-polupropuleen-ristkulikukujuline-450x350mm-kohvi-adexa-tf0002c\/#primaryimage","url":"https:\/\/adexa.ee\/wp-content\/uploads\/2024\/12\/TF0002C.jpg","contentUrl":"https:\/\/adexa.ee\/wp-content\/uploads\/2024\/12\/TF0002C.jpg","width":2000,"height":2000},{"@type":"BreadcrumbList","@id":"https:\/\/adexa.ee\/toode\/sookla-kandik-polupropuleen-ristkulikukujuline-450x350mm-kohvi-adexa-tf0002c\/#breadcrumb","itemListElement":[{"@type":"ListItem","position":1,"name":"Home","item":"https:\/\/adexa.ee\/"},{"@type":"ListItem","position":2,"name":"Tooted","item":"https:\/\/adexa.ee\/pood\/"},{"@type":"ListItem","position":3,"name":"S\u00f6\u00f6kla Kandik Pol\u00fcprop\u00fcleen Ristk\u00fclikukujuline 450x350mm Kohvi | Adexa TF0002C"}]},{"@type":"WebSite","@id":"https:\/\/adexa.ee\/#website","url":"https:\/\/adexa.ee\/","name":"Adexa","description":"","publisher":{"@id":"https:\/\/adexa.ee\/#organization"},"potentialAction":[{"@type":"SearchAction","target":{"@type":"EntryPoint","urlTemplate":"https:\/\/adexa.ee\/?s={search_term_string}"},"query-input":{"@type":"PropertyValueSpecification","valueRequired":true,"valueName":"search_term_string"}}],"inLanguage":"en-US"},{"@type":"Organization","@id":"https:\/\/adexa.ee\/#organization","name":"Adexa","url":"https:\/\/adexa.ee\/","logo":{"@type":"ImageObject","inLanguage":"en-US","@id":"https:\/\/adexa.ee\/#\/schema\/logo\/image\/","url":"https:\/\/adexa.ee\/wp-content\/uploads\/2024\/04\/chef-cooks-working-in-professional-kitchen-2023-11-27-05-07-39-utc-scaled.jpg","contentUrl":"https:\/\/adexa.ee\/wp-content\/uploads\/2024\/04\/chef-cooks-working-in-professional-kitchen-2023-11-27-05-07-39-utc-scaled.jpg","width":2560,"height":1708,"caption":"Adexa"},"image":{"@id":"https:\/\/adexa.ee\/#\/schema\/logo\/image\/"}}]}},"_links":{"self":[{"href":"https:\/\/adexa.ee\/en\/wp-json\/wp\/v2\/product\/16072","targetHints":{"allow":["GET"]}}],"collection":[{"href":"https:\/\/adexa.ee\/en\/wp-json\/wp\/v2\/product"}],"about":[{"href":"https:\/\/adexa.ee\/en\/wp-json\/wp\/v2\/types\/product"}],"wp:featuredmedia":[{"embeddable":true,"href":"https:\/\/adexa.ee\/en\/wp-json\/wp\/v2\/media\/16074"}],"wp:attachment":[{"href":"https:\/\/adexa.ee\/en\/wp-json\/wp\/v2\/media?parent=16072"}],"wp:term":[{"taxonomy":"product_brand","embeddable":true,"href":"https:\/\/adexa.ee\/en\/wp-json\/wp\/v2\/product_brand?post=16072"},{"taxonomy":"product_cat","embeddable":true,"href":"https:\/\/adexa.ee\/en\/wp-json\/wp\/v2\/product_cat?post=16072"},{"taxonomy":"product_tag","embeddable":true,"href":"https:\/\/adexa.ee\/en\/wp-json\/wp\/v2\/product_tag?post=16072"}],"curies":[{"name":"wp","href":"https:\/\/api.w.org\/{rel}","templated":true}]}}