{"id":16089,"date":"2026-03-26T10:45:31","date_gmt":"2026-03-26T08:45:31","guid":{"rendered":"https:\/\/adexa.ee\/toode\/noudepesumasina-rest-seinariiul-3-korviga-adexa-wgrt6218\/"},"modified":"2026-03-26T10:45:32","modified_gmt":"2026-03-26T08:45:32","slug":"noudepesumasinaresti-seinariiul-3-korviga-adexa-wgrt6218","status":"publish","type":"product","link":"https:\/\/adexa.ee\/en\/toode\/noudepesumasinaresti-seinariiul-3-korviga-adexa-wgrt6218\/","title":{"rendered":"N\u00f5udepesumasinaresti Seinariiul 3 korviga | Adexa WGRT6218"},"content":{"rendered":"<p>Kui korraldate n\u00f5udepesu eraldi korvidesse v\u00f5i kuivatate n\u00f5usid, aitab see seinale kinnitatav toruraami riiul teil organiseeritust hoida. Kuna see riiul kinnitub otse seinale, saate oma resti t\u00e4ita ilma kogu t\u00f6\u00f6pinna ruumi kasutamata. See toode v\u00f5imaldab teil kiiresti sorteerida oma lauan\u00f5usid pesemiseks ja hoiustamiseks.<\/p>\n<table style=\"border-collapse: collapse; width: 100%; text-align: left;\">\n<tbody>\n<tr>\n<td style=\"border: 1px solid #ddd; padding: 8px; width: 45%;\"><strong>S\u00fcgavus<\/strong><\/td>\n<td style=\"border: 1px solid #ddd; padding: 8px;\">457 mm<\/td>\n<\/tr>\n<tr>\n<td style=\"border: 1px solid #ddd; padding: 8px; width: 45%;\"><strong>K\u00f5rgus<\/strong><\/td>\n<td style=\"border: 1px solid #ddd; padding: 8px;\">286 mm<\/td>\n<\/tr>\n<tr>\n<td style=\"border: 1px solid #ddd; padding: 8px; width: 45%;\"><strong>Laius<\/strong><\/td>\n<td style=\"border: 1px solid #ddd; padding: 8px;\">1575 mm<\/td>\n<\/tr>\n<tr>\n<td style=\"border: 1px solid #ddd; padding: 8px; width: 45%;\"><strong>Kaal<\/strong><\/td>\n<td style=\"border: 1px solid #ddd; padding: 8px;\">18 kg<\/td>\n<\/tr>\n<tr>\n<td style=\"border: 1px solid #ddd; padding: 8px; width: 45%;\"><strong>Materjal<\/strong><\/td>\n<td style=\"border: 1px solid #ddd; padding: 8px;\">Roostevaba teras<\/td>\n<\/tr>\n<tr>\n<td style=\"border: 1px solid #ddd; padding: 8px; width: 45%;\"><strong>Korvid<\/strong><\/td>\n<td style=\"border: 1px solid #ddd; padding: 8px;\">Sobib 3 x 500&#215;500 mm riiulitele<\/td>\n<\/tr>\n<\/tbody>\n<\/table>\n","protected":false},"excerpt":{"rendered":"<p>Kui korraldate n\u00f5udepesu eraldi korvidesse v\u00f5i kuivatate n\u00f5usid, aitab see seinale kinnitatav toruraami riiul teil organiseeritust hoida. Kuna see riiul<\/p>\n","protected":false},"featured_media":10946,"template":"","meta":[],"product_brand":[],"product_cat":[725,572,617,656,730],"product_tag":[],"class_list":{"0":"post-16089","1":"product","2":"type-product","3":"status-publish","4":"has-post-thumbnail","6":"product_cat-noudepesukorvid","7":"product_cat-roostevabad-tooted","8":"product_cat-seinariiulid","9":"product_cat-tarvikud","10":"product_cat-torujad-seinariiulid","12":"first","13":"instock","14":"sale","15":"taxable","16":"shipping-taxable","17":"purchasable","18":"product-type-simple"},"yoast_head":"<!-- This site is optimized with the Yoast SEO plugin v27.3 - https:\/\/yoast.com\/product\/yoast-seo-wordpress\/ -->\n<title>N\u00f5udepesumasinaresti Seinariiul 3 korviga | Adexa WGRT6218 - Adexa \u2013 Suurk\u00f6\u00f6giseadmed restoranidele ja toitlustusele<\/title>\n<meta name=\"robots\" content=\"index, follow, max-snippet:-1, max-image-preview:large, max-video-preview:-1\" \/>\n<link rel=\"canonical\" href=\"https:\/\/adexa.ee\/toode\/noudepesumasinaresti-seinariiul-3-korviga-adexa-wgrt6218\/\" \/>\n<meta property=\"og:locale\" content=\"en_US\" \/>\n<meta property=\"og:type\" content=\"article\" \/>\n<meta property=\"og:title\" content=\"N\u00f5udepesumasinaresti Seinariiul 3 korviga | Adexa WGRT6218 - Adexa \u2013 Suurk\u00f6\u00f6giseadmed restoranidele ja toitlustusele\" \/>\n<meta property=\"og:description\" content=\"Kui korraldate n\u00f5udepesu eraldi korvidesse v\u00f5i kuivatate n\u00f5usid, aitab see seinale kinnitatav toruraami riiul teil organiseeritust hoida. Kuna see riiul\" \/>\n<meta property=\"og:url\" content=\"https:\/\/adexa.ee\/toode\/noudepesumasinaresti-seinariiul-3-korviga-adexa-wgrt6218\/\" \/>\n<meta property=\"og:site_name\" content=\"Adexa \u2013 Suurk\u00f6\u00f6giseadmed restoranidele ja toitlustusele\" \/>\n<meta property=\"article:modified_time\" content=\"2026-03-26T08:45:32+00:00\" \/>\n<meta property=\"og:image\" content=\"https:\/\/adexa.ee\/wp-content\/uploads\/2024\/12\/WGRT.jpg\" \/>\n\t<meta property=\"og:image:width\" content=\"2000\" \/>\n\t<meta property=\"og:image:height\" content=\"2000\" \/>\n\t<meta property=\"og:image:type\" content=\"image\/jpeg\" \/>\n<meta name=\"twitter:card\" content=\"summary_large_image\" \/>\n<script type=\"application\/ld+json\" class=\"yoast-schema-graph\">{\"@context\":\"https:\\\/\\\/schema.org\",\"@graph\":[{\"@type\":\"WebPage\",\"@id\":\"https:\\\/\\\/adexa.ee\\\/toode\\\/noudepesumasinaresti-seinariiul-3-korviga-adexa-wgrt6218\\\/\",\"url\":\"https:\\\/\\\/adexa.ee\\\/toode\\\/noudepesumasinaresti-seinariiul-3-korviga-adexa-wgrt6218\\\/\",\"name\":\"N\u00f5udepesumasinaresti Seinariiul 3 korviga | Adexa WGRT6218 - Adexa \u2013 Suurk\u00f6\u00f6giseadmed restoranidele ja toitlustusele\",\"isPartOf\":{\"@id\":\"https:\\\/\\\/adexa.ee\\\/#website\"},\"primaryImageOfPage\":{\"@id\":\"https:\\\/\\\/adexa.ee\\\/toode\\\/noudepesumasinaresti-seinariiul-3-korviga-adexa-wgrt6218\\\/#primaryimage\"},\"image\":{\"@id\":\"https:\\\/\\\/adexa.ee\\\/toode\\\/noudepesumasinaresti-seinariiul-3-korviga-adexa-wgrt6218\\\/#primaryimage\"},\"thumbnailUrl\":\"https:\\\/\\\/adexa.ee\\\/wp-content\\\/uploads\\\/2024\\\/12\\\/WGRT.jpg\",\"datePublished\":\"2026-03-26T08:45:31+00:00\",\"dateModified\":\"2026-03-26T08:45:32+00:00\",\"breadcrumb\":{\"@id\":\"https:\\\/\\\/adexa.ee\\\/toode\\\/noudepesumasinaresti-seinariiul-3-korviga-adexa-wgrt6218\\\/#breadcrumb\"},\"inLanguage\":\"en-US\",\"potentialAction\":[{\"@type\":\"ReadAction\",\"target\":[\"https:\\\/\\\/adexa.ee\\\/toode\\\/noudepesumasinaresti-seinariiul-3-korviga-adexa-wgrt6218\\\/\"]}]},{\"@type\":\"ImageObject\",\"inLanguage\":\"en-US\",\"@id\":\"https:\\\/\\\/adexa.ee\\\/toode\\\/noudepesumasinaresti-seinariiul-3-korviga-adexa-wgrt6218\\\/#primaryimage\",\"url\":\"https:\\\/\\\/adexa.ee\\\/wp-content\\\/uploads\\\/2024\\\/12\\\/WGRT.jpg\",\"contentUrl\":\"https:\\\/\\\/adexa.ee\\\/wp-content\\\/uploads\\\/2024\\\/12\\\/WGRT.jpg\",\"width\":2000,\"height\":2000},{\"@type\":\"BreadcrumbList\",\"@id\":\"https:\\\/\\\/adexa.ee\\\/toode\\\/noudepesumasinaresti-seinariiul-3-korviga-adexa-wgrt6218\\\/#breadcrumb\",\"itemListElement\":[{\"@type\":\"ListItem\",\"position\":1,\"name\":\"Home\",\"item\":\"https:\\\/\\\/adexa.ee\\\/\"},{\"@type\":\"ListItem\",\"position\":2,\"name\":\"Tooted\",\"item\":\"https:\\\/\\\/adexa.ee\\\/pood\\\/\"},{\"@type\":\"ListItem\",\"position\":3,\"name\":\"N\u00f5udepesumasinaresti Seinariiul 3 korviga | Adexa WGRT6218\"}]},{\"@type\":\"WebSite\",\"@id\":\"https:\\\/\\\/adexa.ee\\\/#website\",\"url\":\"https:\\\/\\\/adexa.ee\\\/\",\"name\":\"Adexa\",\"description\":\"\",\"publisher\":{\"@id\":\"https:\\\/\\\/adexa.ee\\\/#organization\"},\"potentialAction\":[{\"@type\":\"SearchAction\",\"target\":{\"@type\":\"EntryPoint\",\"urlTemplate\":\"https:\\\/\\\/adexa.ee\\\/?s={search_term_string}\"},\"query-input\":{\"@type\":\"PropertyValueSpecification\",\"valueRequired\":true,\"valueName\":\"search_term_string\"}}],\"inLanguage\":\"en-US\"},{\"@type\":\"Organization\",\"@id\":\"https:\\\/\\\/adexa.ee\\\/#organization\",\"name\":\"Adexa\",\"url\":\"https:\\\/\\\/adexa.ee\\\/\",\"logo\":{\"@type\":\"ImageObject\",\"inLanguage\":\"en-US\",\"@id\":\"https:\\\/\\\/adexa.ee\\\/#\\\/schema\\\/logo\\\/image\\\/\",\"url\":\"https:\\\/\\\/adexa.ee\\\/wp-content\\\/uploads\\\/2024\\\/04\\\/chef-cooks-working-in-professional-kitchen-2023-11-27-05-07-39-utc-scaled.jpg\",\"contentUrl\":\"https:\\\/\\\/adexa.ee\\\/wp-content\\\/uploads\\\/2024\\\/04\\\/chef-cooks-working-in-professional-kitchen-2023-11-27-05-07-39-utc-scaled.jpg\",\"width\":2560,\"height\":1708,\"caption\":\"Adexa\"},\"image\":{\"@id\":\"https:\\\/\\\/adexa.ee\\\/#\\\/schema\\\/logo\\\/image\\\/\"}}]}<\/script>\n<!-- \/ Yoast SEO plugin. -->","yoast_head_json":{"title":"N\u00f5udepesumasinaresti Seinariiul 3 korviga | Adexa WGRT6218 - Adexa \u2013 Suurk\u00f6\u00f6giseadmed restoranidele ja toitlustusele","robots":{"index":"index","follow":"follow","max-snippet":"max-snippet:-1","max-image-preview":"max-image-preview:large","max-video-preview":"max-video-preview:-1"},"canonical":"https:\/\/adexa.ee\/toode\/noudepesumasinaresti-seinariiul-3-korviga-adexa-wgrt6218\/","og_locale":"en_US","og_type":"article","og_title":"N\u00f5udepesumasinaresti Seinariiul 3 korviga | Adexa WGRT6218 - Adexa \u2013 Suurk\u00f6\u00f6giseadmed restoranidele ja toitlustusele","og_description":"Kui korraldate n\u00f5udepesu eraldi korvidesse v\u00f5i kuivatate n\u00f5usid, aitab see seinale kinnitatav toruraami riiul teil organiseeritust hoida. Kuna see riiul","og_url":"https:\/\/adexa.ee\/toode\/noudepesumasinaresti-seinariiul-3-korviga-adexa-wgrt6218\/","og_site_name":"Adexa \u2013 Suurk\u00f6\u00f6giseadmed restoranidele ja toitlustusele","article_modified_time":"2026-03-26T08:45:32+00:00","og_image":[{"width":2000,"height":2000,"url":"https:\/\/adexa.ee\/wp-content\/uploads\/2024\/12\/WGRT.jpg","type":"image\/jpeg"}],"twitter_card":"summary_large_image","schema":{"@context":"https:\/\/schema.org","@graph":[{"@type":"WebPage","@id":"https:\/\/adexa.ee\/toode\/noudepesumasinaresti-seinariiul-3-korviga-adexa-wgrt6218\/","url":"https:\/\/adexa.ee\/toode\/noudepesumasinaresti-seinariiul-3-korviga-adexa-wgrt6218\/","name":"N\u00f5udepesumasinaresti Seinariiul 3 korviga | Adexa WGRT6218 - Adexa \u2013 Suurk\u00f6\u00f6giseadmed restoranidele ja toitlustusele","isPartOf":{"@id":"https:\/\/adexa.ee\/#website"},"primaryImageOfPage":{"@id":"https:\/\/adexa.ee\/toode\/noudepesumasinaresti-seinariiul-3-korviga-adexa-wgrt6218\/#primaryimage"},"image":{"@id":"https:\/\/adexa.ee\/toode\/noudepesumasinaresti-seinariiul-3-korviga-adexa-wgrt6218\/#primaryimage"},"thumbnailUrl":"https:\/\/adexa.ee\/wp-content\/uploads\/2024\/12\/WGRT.jpg","datePublished":"2026-03-26T08:45:31+00:00","dateModified":"2026-03-26T08:45:32+00:00","breadcrumb":{"@id":"https:\/\/adexa.ee\/toode\/noudepesumasinaresti-seinariiul-3-korviga-adexa-wgrt6218\/#breadcrumb"},"inLanguage":"en-US","potentialAction":[{"@type":"ReadAction","target":["https:\/\/adexa.ee\/toode\/noudepesumasinaresti-seinariiul-3-korviga-adexa-wgrt6218\/"]}]},{"@type":"ImageObject","inLanguage":"en-US","@id":"https:\/\/adexa.ee\/toode\/noudepesumasinaresti-seinariiul-3-korviga-adexa-wgrt6218\/#primaryimage","url":"https:\/\/adexa.ee\/wp-content\/uploads\/2024\/12\/WGRT.jpg","contentUrl":"https:\/\/adexa.ee\/wp-content\/uploads\/2024\/12\/WGRT.jpg","width":2000,"height":2000},{"@type":"BreadcrumbList","@id":"https:\/\/adexa.ee\/toode\/noudepesumasinaresti-seinariiul-3-korviga-adexa-wgrt6218\/#breadcrumb","itemListElement":[{"@type":"ListItem","position":1,"name":"Home","item":"https:\/\/adexa.ee\/"},{"@type":"ListItem","position":2,"name":"Tooted","item":"https:\/\/adexa.ee\/pood\/"},{"@type":"ListItem","position":3,"name":"N\u00f5udepesumasinaresti Seinariiul 3 korviga | Adexa WGRT6218"}]},{"@type":"WebSite","@id":"https:\/\/adexa.ee\/#website","url":"https:\/\/adexa.ee\/","name":"Adexa","description":"","publisher":{"@id":"https:\/\/adexa.ee\/#organization"},"potentialAction":[{"@type":"SearchAction","target":{"@type":"EntryPoint","urlTemplate":"https:\/\/adexa.ee\/?s={search_term_string}"},"query-input":{"@type":"PropertyValueSpecification","valueRequired":true,"valueName":"search_term_string"}}],"inLanguage":"en-US"},{"@type":"Organization","@id":"https:\/\/adexa.ee\/#organization","name":"Adexa","url":"https:\/\/adexa.ee\/","logo":{"@type":"ImageObject","inLanguage":"en-US","@id":"https:\/\/adexa.ee\/#\/schema\/logo\/image\/","url":"https:\/\/adexa.ee\/wp-content\/uploads\/2024\/04\/chef-cooks-working-in-professional-kitchen-2023-11-27-05-07-39-utc-scaled.jpg","contentUrl":"https:\/\/adexa.ee\/wp-content\/uploads\/2024\/04\/chef-cooks-working-in-professional-kitchen-2023-11-27-05-07-39-utc-scaled.jpg","width":2560,"height":1708,"caption":"Adexa"},"image":{"@id":"https:\/\/adexa.ee\/#\/schema\/logo\/image\/"}}]}},"_links":{"self":[{"href":"https:\/\/adexa.ee\/en\/wp-json\/wp\/v2\/product\/16089","targetHints":{"allow":["GET"]}}],"collection":[{"href":"https:\/\/adexa.ee\/en\/wp-json\/wp\/v2\/product"}],"about":[{"href":"https:\/\/adexa.ee\/en\/wp-json\/wp\/v2\/types\/product"}],"wp:featuredmedia":[{"embeddable":true,"href":"https:\/\/adexa.ee\/en\/wp-json\/wp\/v2\/media\/10946"}],"wp:attachment":[{"href":"https:\/\/adexa.ee\/en\/wp-json\/wp\/v2\/media?parent=16089"}],"wp:term":[{"taxonomy":"product_brand","embeddable":true,"href":"https:\/\/adexa.ee\/en\/wp-json\/wp\/v2\/product_brand?post=16089"},{"taxonomy":"product_cat","embeddable":true,"href":"https:\/\/adexa.ee\/en\/wp-json\/wp\/v2\/product_cat?post=16089"},{"taxonomy":"product_tag","embeddable":true,"href":"https:\/\/adexa.ee\/en\/wp-json\/wp\/v2\/product_tag?post=16089"}],"curies":[{"name":"wp","href":"https:\/\/api.w.org\/{rel}","templated":true}]}}