{"id":16102,"date":"2026-03-30T22:45:38","date_gmt":"2026-03-30T19:45:38","guid":{"rendered":"https:\/\/adexa.ee\/toode\/salatikuivati-roheline-o320x435mm-12-liitrit-adexa-whs338g\/"},"modified":"2026-03-30T22:45:39","modified_gmt":"2026-03-30T19:45:39","slug":"salatikuivati-roheline-o320x435mm-12-liitrit-adexa-whs338g","status":"publish","type":"product","link":"https:\/\/adexa.ee\/en\/toode\/salatikuivati-roheline-o320x435mm-12-liitrit-adexa-whs338g\/","title":{"rendered":"Salatikuivati Roheline \u00d8320x435mm 12 liitrit | Adexa WHS338G"},"content":{"rendered":"<p>Tagage t\u00f5hus ja efektiivne salatite kuivatamine kvaliteetse 12-liitrise manuaalse salatikuivatiga. Manuaalse k\u00e4epideme ja tugeva hammasrataste s\u00fcsteemiga valmistatud kuivati kuivatab kiiresti kuni neli pead salatit korraga, tagades, et teie lehtk\u00f6\u00f6giviljad p\u00fcsivad kauem v\u00e4rsked, v\u00e4ltides seel\u00e4bi toidu raiskamist k\u00f6\u00f6gis. \u00c4\u00e4rmiselt kerge ja vastupidav salatikuivati sobib ideaalselt pidevaks kasutamiseks igas \u00e4rilises v\u00f5i koduses k\u00f6\u00f6gis. HAACP-i n\u00f5uetele vastav ja kergesti puhastatav kuivati on ka v\u00e4ga h\u00fcgieeniline, tagades, et toidu ettevalmistus toimub alati sanitaarsetes tingimustes.<\/p>\n<table style=\"border-collapse: collapse; width: 100%; text-align: left;\">\n<tbody>\n<tr>\n<td style=\"border: 1px solid #ddd; padding: 8px; width: 45%;\"><strong>S\u00fcgavus<\/strong><\/td>\n<td style=\"border: 1px solid #ddd; padding: 8px;\">320mm<\/td>\n<\/tr>\n<tr>\n<td style=\"border: 1px solid #ddd; padding: 8px; width: 45%;\"><strong>K\u00f5rgus<\/strong><\/td>\n<td style=\"border: 1px solid #ddd; padding: 8px;\">435 mm<\/td>\n<\/tr>\n<tr>\n<td style=\"border: 1px solid #ddd; padding: 8px; width: 45%;\"><strong>Laius<\/strong><\/td>\n<td style=\"border: 1px solid #ddd; padding: 8px;\">320mm<\/td>\n<\/tr>\n<tr>\n<td style=\"border: 1px solid #ddd; padding: 8px; width: 45%;\"><strong>Kaal<\/strong><\/td>\n<td style=\"border: 1px solid #ddd; padding: 8px;\">3 kg<\/td>\n<\/tr>\n<tr>\n<td style=\"border: 1px solid #ddd; padding: 8px; width: 45%;\"><strong>Mahutavus<\/strong><\/td>\n<td style=\"border: 1px solid #ddd; padding: 8px;\">12 liitrit<\/td>\n<\/tr>\n<tr>\n<td style=\"border: 1px solid #ddd; padding: 8px; width: 45%;\"><strong>Materjal<\/strong><\/td>\n<td style=\"border: 1px solid #ddd; padding: 8px;\">Plastik<\/td>\n<\/tr>\n<\/tbody>\n<\/table>\n","protected":false},"excerpt":{"rendered":"<p>Tagage t\u00f5hus ja efektiivne salatite kuivatamine kvaliteetse 12-liitrise manuaalse salatikuivatiga. Manuaalse k\u00e4epideme ja tugeva hammasrataste s\u00fcsteemiga valmistatud kuivati kuivatab kiiresti<\/p>\n","protected":false},"featured_media":14410,"template":"","meta":[],"product_brand":[],"product_cat":[580,579,569,890],"product_tag":[],"class_list":{"0":"post-16102","1":"product","2":"type-product","3":"status-publish","4":"has-post-thumbnail","6":"product_cat-koogiriistad","7":"product_cat-koogitarbed-noud","8":"product_cat-lopumuuk","9":"product_cat-salativurrid","11":"first","12":"instock","13":"sale","14":"taxable","15":"shipping-taxable","16":"purchasable","17":"product-type-simple"},"yoast_head":"<!-- This site is optimized with the Yoast SEO plugin v27.3 - https:\/\/yoast.com\/product\/yoast-seo-wordpress\/ -->\n<title>Salatikuivati Roheline \u00d8320x435mm 12 liitrit | Adexa WHS338G - Adexa \u2013 Suurk\u00f6\u00f6giseadmed restoranidele ja toitlustusele<\/title>\n<meta name=\"robots\" content=\"index, follow, max-snippet:-1, max-image-preview:large, max-video-preview:-1\" \/>\n<link rel=\"canonical\" href=\"https:\/\/adexa.ee\/toode\/salatikuivati-roheline-o320x435mm-12-liitrit-adexa-whs338g\/\" \/>\n<meta property=\"og:locale\" content=\"en_US\" \/>\n<meta property=\"og:type\" content=\"article\" \/>\n<meta property=\"og:title\" content=\"Salatikuivati Roheline \u00d8320x435mm 12 liitrit | Adexa WHS338G - Adexa \u2013 Suurk\u00f6\u00f6giseadmed restoranidele ja toitlustusele\" \/>\n<meta property=\"og:description\" content=\"Tagage t\u00f5hus ja efektiivne salatite kuivatamine kvaliteetse 12-liitrise manuaalse salatikuivatiga. Manuaalse k\u00e4epideme ja tugeva hammasrataste s\u00fcsteemiga valmistatud kuivati kuivatab kiiresti\" \/>\n<meta property=\"og:url\" content=\"https:\/\/adexa.ee\/toode\/salatikuivati-roheline-o320x435mm-12-liitrit-adexa-whs338g\/\" \/>\n<meta property=\"og:site_name\" content=\"Adexa \u2013 Suurk\u00f6\u00f6giseadmed restoranidele ja toitlustusele\" \/>\n<meta property=\"article:modified_time\" content=\"2026-03-30T19:45:39+00:00\" \/>\n<meta property=\"og:image\" content=\"https:\/\/adexa.ee\/wp-content\/uploads\/2024\/12\/WHS338-WHS339.jpg\" \/>\n\t<meta property=\"og:image:width\" content=\"2000\" \/>\n\t<meta property=\"og:image:height\" content=\"2000\" \/>\n\t<meta property=\"og:image:type\" content=\"image\/jpeg\" \/>\n<meta name=\"twitter:card\" content=\"summary_large_image\" \/>\n<script type=\"application\/ld+json\" class=\"yoast-schema-graph\">{\"@context\":\"https:\\\/\\\/schema.org\",\"@graph\":[{\"@type\":\"WebPage\",\"@id\":\"https:\\\/\\\/adexa.ee\\\/toode\\\/salatikuivati-roheline-o320x435mm-12-liitrit-adexa-whs338g\\\/\",\"url\":\"https:\\\/\\\/adexa.ee\\\/toode\\\/salatikuivati-roheline-o320x435mm-12-liitrit-adexa-whs338g\\\/\",\"name\":\"Salatikuivati Roheline \u00d8320x435mm 12 liitrit | Adexa WHS338G - Adexa \u2013 Suurk\u00f6\u00f6giseadmed restoranidele ja toitlustusele\",\"isPartOf\":{\"@id\":\"https:\\\/\\\/adexa.ee\\\/#website\"},\"primaryImageOfPage\":{\"@id\":\"https:\\\/\\\/adexa.ee\\\/toode\\\/salatikuivati-roheline-o320x435mm-12-liitrit-adexa-whs338g\\\/#primaryimage\"},\"image\":{\"@id\":\"https:\\\/\\\/adexa.ee\\\/toode\\\/salatikuivati-roheline-o320x435mm-12-liitrit-adexa-whs338g\\\/#primaryimage\"},\"thumbnailUrl\":\"https:\\\/\\\/adexa.ee\\\/wp-content\\\/uploads\\\/2024\\\/12\\\/WHS338-WHS339.jpg\",\"datePublished\":\"2026-03-30T19:45:38+00:00\",\"dateModified\":\"2026-03-30T19:45:39+00:00\",\"breadcrumb\":{\"@id\":\"https:\\\/\\\/adexa.ee\\\/toode\\\/salatikuivati-roheline-o320x435mm-12-liitrit-adexa-whs338g\\\/#breadcrumb\"},\"inLanguage\":\"en-US\",\"potentialAction\":[{\"@type\":\"ReadAction\",\"target\":[\"https:\\\/\\\/adexa.ee\\\/toode\\\/salatikuivati-roheline-o320x435mm-12-liitrit-adexa-whs338g\\\/\"]}]},{\"@type\":\"ImageObject\",\"inLanguage\":\"en-US\",\"@id\":\"https:\\\/\\\/adexa.ee\\\/toode\\\/salatikuivati-roheline-o320x435mm-12-liitrit-adexa-whs338g\\\/#primaryimage\",\"url\":\"https:\\\/\\\/adexa.ee\\\/wp-content\\\/uploads\\\/2024\\\/12\\\/WHS338-WHS339.jpg\",\"contentUrl\":\"https:\\\/\\\/adexa.ee\\\/wp-content\\\/uploads\\\/2024\\\/12\\\/WHS338-WHS339.jpg\",\"width\":2000,\"height\":2000},{\"@type\":\"BreadcrumbList\",\"@id\":\"https:\\\/\\\/adexa.ee\\\/toode\\\/salatikuivati-roheline-o320x435mm-12-liitrit-adexa-whs338g\\\/#breadcrumb\",\"itemListElement\":[{\"@type\":\"ListItem\",\"position\":1,\"name\":\"Home\",\"item\":\"https:\\\/\\\/adexa.ee\\\/\"},{\"@type\":\"ListItem\",\"position\":2,\"name\":\"Tooted\",\"item\":\"https:\\\/\\\/adexa.ee\\\/pood\\\/\"},{\"@type\":\"ListItem\",\"position\":3,\"name\":\"Salatikuivati Roheline \u00d8320x435mm 12 liitrit | Adexa WHS338G\"}]},{\"@type\":\"WebSite\",\"@id\":\"https:\\\/\\\/adexa.ee\\\/#website\",\"url\":\"https:\\\/\\\/adexa.ee\\\/\",\"name\":\"Adexa\",\"description\":\"\",\"publisher\":{\"@id\":\"https:\\\/\\\/adexa.ee\\\/#organization\"},\"potentialAction\":[{\"@type\":\"SearchAction\",\"target\":{\"@type\":\"EntryPoint\",\"urlTemplate\":\"https:\\\/\\\/adexa.ee\\\/?s={search_term_string}\"},\"query-input\":{\"@type\":\"PropertyValueSpecification\",\"valueRequired\":true,\"valueName\":\"search_term_string\"}}],\"inLanguage\":\"en-US\"},{\"@type\":\"Organization\",\"@id\":\"https:\\\/\\\/adexa.ee\\\/#organization\",\"name\":\"Adexa\",\"url\":\"https:\\\/\\\/adexa.ee\\\/\",\"logo\":{\"@type\":\"ImageObject\",\"inLanguage\":\"en-US\",\"@id\":\"https:\\\/\\\/adexa.ee\\\/#\\\/schema\\\/logo\\\/image\\\/\",\"url\":\"https:\\\/\\\/adexa.ee\\\/wp-content\\\/uploads\\\/2024\\\/04\\\/chef-cooks-working-in-professional-kitchen-2023-11-27-05-07-39-utc-scaled.jpg\",\"contentUrl\":\"https:\\\/\\\/adexa.ee\\\/wp-content\\\/uploads\\\/2024\\\/04\\\/chef-cooks-working-in-professional-kitchen-2023-11-27-05-07-39-utc-scaled.jpg\",\"width\":2560,\"height\":1708,\"caption\":\"Adexa\"},\"image\":{\"@id\":\"https:\\\/\\\/adexa.ee\\\/#\\\/schema\\\/logo\\\/image\\\/\"}}]}<\/script>\n<!-- \/ Yoast SEO plugin. -->","yoast_head_json":{"title":"Salatikuivati Roheline \u00d8320x435mm 12 liitrit | Adexa WHS338G - Adexa \u2013 Suurk\u00f6\u00f6giseadmed restoranidele ja toitlustusele","robots":{"index":"index","follow":"follow","max-snippet":"max-snippet:-1","max-image-preview":"max-image-preview:large","max-video-preview":"max-video-preview:-1"},"canonical":"https:\/\/adexa.ee\/toode\/salatikuivati-roheline-o320x435mm-12-liitrit-adexa-whs338g\/","og_locale":"en_US","og_type":"article","og_title":"Salatikuivati Roheline \u00d8320x435mm 12 liitrit | Adexa WHS338G - Adexa \u2013 Suurk\u00f6\u00f6giseadmed restoranidele ja toitlustusele","og_description":"Tagage t\u00f5hus ja efektiivne salatite kuivatamine kvaliteetse 12-liitrise manuaalse salatikuivatiga. Manuaalse k\u00e4epideme ja tugeva hammasrataste s\u00fcsteemiga valmistatud kuivati kuivatab kiiresti","og_url":"https:\/\/adexa.ee\/toode\/salatikuivati-roheline-o320x435mm-12-liitrit-adexa-whs338g\/","og_site_name":"Adexa \u2013 Suurk\u00f6\u00f6giseadmed restoranidele ja toitlustusele","article_modified_time":"2026-03-30T19:45:39+00:00","og_image":[{"width":2000,"height":2000,"url":"https:\/\/adexa.ee\/wp-content\/uploads\/2024\/12\/WHS338-WHS339.jpg","type":"image\/jpeg"}],"twitter_card":"summary_large_image","schema":{"@context":"https:\/\/schema.org","@graph":[{"@type":"WebPage","@id":"https:\/\/adexa.ee\/toode\/salatikuivati-roheline-o320x435mm-12-liitrit-adexa-whs338g\/","url":"https:\/\/adexa.ee\/toode\/salatikuivati-roheline-o320x435mm-12-liitrit-adexa-whs338g\/","name":"Salatikuivati Roheline \u00d8320x435mm 12 liitrit | Adexa WHS338G - Adexa \u2013 Suurk\u00f6\u00f6giseadmed restoranidele ja toitlustusele","isPartOf":{"@id":"https:\/\/adexa.ee\/#website"},"primaryImageOfPage":{"@id":"https:\/\/adexa.ee\/toode\/salatikuivati-roheline-o320x435mm-12-liitrit-adexa-whs338g\/#primaryimage"},"image":{"@id":"https:\/\/adexa.ee\/toode\/salatikuivati-roheline-o320x435mm-12-liitrit-adexa-whs338g\/#primaryimage"},"thumbnailUrl":"https:\/\/adexa.ee\/wp-content\/uploads\/2024\/12\/WHS338-WHS339.jpg","datePublished":"2026-03-30T19:45:38+00:00","dateModified":"2026-03-30T19:45:39+00:00","breadcrumb":{"@id":"https:\/\/adexa.ee\/toode\/salatikuivati-roheline-o320x435mm-12-liitrit-adexa-whs338g\/#breadcrumb"},"inLanguage":"en-US","potentialAction":[{"@type":"ReadAction","target":["https:\/\/adexa.ee\/toode\/salatikuivati-roheline-o320x435mm-12-liitrit-adexa-whs338g\/"]}]},{"@type":"ImageObject","inLanguage":"en-US","@id":"https:\/\/adexa.ee\/toode\/salatikuivati-roheline-o320x435mm-12-liitrit-adexa-whs338g\/#primaryimage","url":"https:\/\/adexa.ee\/wp-content\/uploads\/2024\/12\/WHS338-WHS339.jpg","contentUrl":"https:\/\/adexa.ee\/wp-content\/uploads\/2024\/12\/WHS338-WHS339.jpg","width":2000,"height":2000},{"@type":"BreadcrumbList","@id":"https:\/\/adexa.ee\/toode\/salatikuivati-roheline-o320x435mm-12-liitrit-adexa-whs338g\/#breadcrumb","itemListElement":[{"@type":"ListItem","position":1,"name":"Home","item":"https:\/\/adexa.ee\/"},{"@type":"ListItem","position":2,"name":"Tooted","item":"https:\/\/adexa.ee\/pood\/"},{"@type":"ListItem","position":3,"name":"Salatikuivati Roheline \u00d8320x435mm 12 liitrit | Adexa WHS338G"}]},{"@type":"WebSite","@id":"https:\/\/adexa.ee\/#website","url":"https:\/\/adexa.ee\/","name":"Adexa","description":"","publisher":{"@id":"https:\/\/adexa.ee\/#organization"},"potentialAction":[{"@type":"SearchAction","target":{"@type":"EntryPoint","urlTemplate":"https:\/\/adexa.ee\/?s={search_term_string}"},"query-input":{"@type":"PropertyValueSpecification","valueRequired":true,"valueName":"search_term_string"}}],"inLanguage":"en-US"},{"@type":"Organization","@id":"https:\/\/adexa.ee\/#organization","name":"Adexa","url":"https:\/\/adexa.ee\/","logo":{"@type":"ImageObject","inLanguage":"en-US","@id":"https:\/\/adexa.ee\/#\/schema\/logo\/image\/","url":"https:\/\/adexa.ee\/wp-content\/uploads\/2024\/04\/chef-cooks-working-in-professional-kitchen-2023-11-27-05-07-39-utc-scaled.jpg","contentUrl":"https:\/\/adexa.ee\/wp-content\/uploads\/2024\/04\/chef-cooks-working-in-professional-kitchen-2023-11-27-05-07-39-utc-scaled.jpg","width":2560,"height":1708,"caption":"Adexa"},"image":{"@id":"https:\/\/adexa.ee\/#\/schema\/logo\/image\/"}}]}},"_links":{"self":[{"href":"https:\/\/adexa.ee\/en\/wp-json\/wp\/v2\/product\/16102","targetHints":{"allow":["GET"]}}],"collection":[{"href":"https:\/\/adexa.ee\/en\/wp-json\/wp\/v2\/product"}],"about":[{"href":"https:\/\/adexa.ee\/en\/wp-json\/wp\/v2\/types\/product"}],"wp:featuredmedia":[{"embeddable":true,"href":"https:\/\/adexa.ee\/en\/wp-json\/wp\/v2\/media\/14410"}],"wp:attachment":[{"href":"https:\/\/adexa.ee\/en\/wp-json\/wp\/v2\/media?parent=16102"}],"wp:term":[{"taxonomy":"product_brand","embeddable":true,"href":"https:\/\/adexa.ee\/en\/wp-json\/wp\/v2\/product_brand?post=16102"},{"taxonomy":"product_cat","embeddable":true,"href":"https:\/\/adexa.ee\/en\/wp-json\/wp\/v2\/product_cat?post=16102"},{"taxonomy":"product_tag","embeddable":true,"href":"https:\/\/adexa.ee\/en\/wp-json\/wp\/v2\/product_tag?post=16102"}],"curies":[{"name":"wp","href":"https:\/\/api.w.org\/{rel}","templated":true}]}}