{"id":16108,"date":"2026-03-26T10:45:31","date_gmt":"2026-03-26T08:45:31","guid":{"rendered":"https:\/\/adexa.ee\/toode\/eelpesu-pihusti-seade-tekkpaigaldus-uhe-sisselaskeava-korgus-1000mm-roostevaba-teras-adexa-eq2803a\/"},"modified":"2026-03-26T10:45:34","modified_gmt":"2026-03-26T08:45:34","slug":"eelpesu-pihusti-seade-korgus-1000mm-roostevaba-teras-adexa-eq2803a","status":"publish","type":"product","link":"https:\/\/adexa.ee\/en\/toode\/eelpesu-pihusti-seade-korgus-1000mm-roostevaba-teras-adexa-eq2803a\/","title":{"rendered":"Eelpesu pihusti seade K\u00f5rgus 1000mm Roostevaba teras | Adexa EQ2803A"},"content":{"rendered":"<p>Professionaalne ja \u00e4\u00e4rmiselt vastupidav eelpesu pihusti, mis on ideaalne toiduvalmistamise teenuste, t\u00f6\u00f6stuslike k\u00f6\u00f6kide, restoranide ja hotellide jaoks. Vedrutoimelise luige kaela ja lekkevaba keraamilise kassetiga varustatud eelpesu seadmed on vastupidavad sagedaseks kasutamiseks. Tekkpaigaldus t\u00fc\u00fcp \u00dche sisselaskeava (kuum v\u00f5i k\u00fclm vesi) Tugev roostevaba terasest konstruktsioon Monoblokk &#8211; \u00fche vees\u00f6\u00f6daga<\/p>\n<table style=\"border-collapse: collapse; width: 100%; text-align: left;\">\n<tbody>\n<tr>\n<td style=\"border: 1px solid #ddd; padding: 8px; width: 45%;\"><strong>K\u00f5rgus<\/strong><\/td>\n<td style=\"border: 1px solid #ddd; padding: 8px;\">1000 mm<\/td>\n<\/tr>\n<tr>\n<td style=\"border: 1px solid #ddd; padding: 8px; width: 45%;\"><strong>Garantii<\/strong><\/td>\n<td style=\"border: 1px solid #ddd; padding: 8px;\">12 kuu varuosade garantii<\/td>\n<\/tr>\n<tr>\n<td style=\"border: 1px solid #ddd; padding: 8px; width: 45%;\"><strong>T\u00fc\u00fcp<\/strong><\/td>\n<td style=\"border: 1px solid #ddd; padding: 8px;\">\u00dcks auk \/ \u00dcks sisselaskeava<\/td>\n<\/tr>\n<tr>\n<td style=\"border: 1px solid #ddd; padding: 8px; width: 45%;\"><strong>Versioon<\/strong><\/td>\n<td style=\"border: 1px solid #ddd; padding: 8px;\">Teki kinnitus<\/td>\n<\/tr>\n<tr>\n<td style=\"border: 1px solid #ddd; padding: 8px; width: 45%;\"><strong>Materjal<\/strong><\/td>\n<td style=\"border: 1px solid #ddd; padding: 8px;\">Roostevaba teras<\/td>\n<\/tr>\n<tr>\n<td style=\"border: 1px solid #ddd; padding: 8px; width: 45%;\"><strong>Segisti<\/strong><\/td>\n<td style=\"border: 1px solid #ddd; padding: 8px;\">Ei<\/td>\n<\/tr>\n<tr>\n<td style=\"border: 1px solid #ddd; padding: 8px; width: 45%;\"><strong>L\u00e4bim\u00f5\u00f5t<\/strong><\/td>\n<td style=\"border: 1px solid #ddd; padding: 8px;\">\u00d822mm (s\u00fcvendi auk)<\/td>\n<\/tr>\n<tr>\n<td style=\"border: 1px solid #ddd; padding: 8px; width: 45%;\"><strong>M\u00f5\u00f5tmed<\/strong><\/td>\n<td style=\"border: 1px solid #ddd; padding: 8px;\">Post: 500 mm \/ Voolik: 950 mm \/ Vedru: 660 mm<\/td>\n<\/tr>\n<\/tbody>\n<\/table>\n","protected":false},"excerpt":{"rendered":"<p>Professionaalne ja \u00e4\u00e4rmiselt vastupidav eelpesu pihusti, mis on ideaalne toiduvalmistamise teenuste, t\u00f6\u00f6stuslike k\u00f6\u00f6kide, restoranide ja hotellide jaoks. Vedrutoimelise luige kaela<\/p>\n","protected":false},"featured_media":16110,"template":"","meta":[],"product_brand":[],"product_cat":[610,698,609,661],"product_tag":[],"class_list":{"0":"post-16108","1":"product","2":"type-product","3":"status-publish","4":"has-post-thumbnail","6":"product_cat-dusid-segistid","7":"product_cat-eelpesudushid","8":"product_cat-noudepesu","9":"product_cat-valamutarvikud","11":"first","12":"instock","13":"sale","14":"taxable","15":"shipping-taxable","16":"purchasable","17":"product-type-simple"},"yoast_head":"<!-- This site is optimized with the Yoast SEO plugin v27.3 - https:\/\/yoast.com\/product\/yoast-seo-wordpress\/ -->\n<title>Eelpesu pihusti seade K\u00f5rgus 1000mm Roostevaba teras | Adexa EQ2803A - Adexa \u2013 Suurk\u00f6\u00f6giseadmed restoranidele ja toitlustusele<\/title>\n<meta name=\"robots\" content=\"index, follow, max-snippet:-1, max-image-preview:large, max-video-preview:-1\" \/>\n<link rel=\"canonical\" href=\"https:\/\/adexa.ee\/toode\/eelpesu-pihusti-seade-korgus-1000mm-roostevaba-teras-adexa-eq2803a\/\" \/>\n<meta property=\"og:locale\" content=\"en_US\" \/>\n<meta property=\"og:type\" content=\"article\" \/>\n<meta property=\"og:title\" content=\"Eelpesu pihusti seade K\u00f5rgus 1000mm Roostevaba teras | Adexa EQ2803A - Adexa \u2013 Suurk\u00f6\u00f6giseadmed restoranidele ja toitlustusele\" \/>\n<meta property=\"og:description\" content=\"Professionaalne ja \u00e4\u00e4rmiselt vastupidav eelpesu pihusti, mis on ideaalne toiduvalmistamise teenuste, t\u00f6\u00f6stuslike k\u00f6\u00f6kide, restoranide ja hotellide jaoks. Vedrutoimelise luige kaela\" \/>\n<meta property=\"og:url\" content=\"https:\/\/adexa.ee\/toode\/eelpesu-pihusti-seade-korgus-1000mm-roostevaba-teras-adexa-eq2803a\/\" \/>\n<meta property=\"og:site_name\" content=\"Adexa \u2013 Suurk\u00f6\u00f6giseadmed restoranidele ja toitlustusele\" \/>\n<meta property=\"article:modified_time\" content=\"2026-03-26T08:45:34+00:00\" \/>\n<meta property=\"og:image\" content=\"https:\/\/adexa.ee\/wp-content\/uploads\/2024\/12\/EQ2803A.jpg\" \/>\n\t<meta property=\"og:image:width\" content=\"900\" \/>\n\t<meta property=\"og:image:height\" content=\"900\" \/>\n\t<meta property=\"og:image:type\" content=\"image\/jpeg\" \/>\n<meta name=\"twitter:card\" content=\"summary_large_image\" \/>\n<script type=\"application\/ld+json\" class=\"yoast-schema-graph\">{\"@context\":\"https:\\\/\\\/schema.org\",\"@graph\":[{\"@type\":\"WebPage\",\"@id\":\"https:\\\/\\\/adexa.ee\\\/toode\\\/eelpesu-pihusti-seade-korgus-1000mm-roostevaba-teras-adexa-eq2803a\\\/\",\"url\":\"https:\\\/\\\/adexa.ee\\\/toode\\\/eelpesu-pihusti-seade-korgus-1000mm-roostevaba-teras-adexa-eq2803a\\\/\",\"name\":\"Eelpesu pihusti seade K\u00f5rgus 1000mm Roostevaba teras | Adexa EQ2803A - Adexa \u2013 Suurk\u00f6\u00f6giseadmed restoranidele ja toitlustusele\",\"isPartOf\":{\"@id\":\"https:\\\/\\\/adexa.ee\\\/#website\"},\"primaryImageOfPage\":{\"@id\":\"https:\\\/\\\/adexa.ee\\\/toode\\\/eelpesu-pihusti-seade-korgus-1000mm-roostevaba-teras-adexa-eq2803a\\\/#primaryimage\"},\"image\":{\"@id\":\"https:\\\/\\\/adexa.ee\\\/toode\\\/eelpesu-pihusti-seade-korgus-1000mm-roostevaba-teras-adexa-eq2803a\\\/#primaryimage\"},\"thumbnailUrl\":\"https:\\\/\\\/adexa.ee\\\/wp-content\\\/uploads\\\/2024\\\/12\\\/EQ2803A.jpg\",\"datePublished\":\"2026-03-26T08:45:31+00:00\",\"dateModified\":\"2026-03-26T08:45:34+00:00\",\"breadcrumb\":{\"@id\":\"https:\\\/\\\/adexa.ee\\\/toode\\\/eelpesu-pihusti-seade-korgus-1000mm-roostevaba-teras-adexa-eq2803a\\\/#breadcrumb\"},\"inLanguage\":\"en-US\",\"potentialAction\":[{\"@type\":\"ReadAction\",\"target\":[\"https:\\\/\\\/adexa.ee\\\/toode\\\/eelpesu-pihusti-seade-korgus-1000mm-roostevaba-teras-adexa-eq2803a\\\/\"]}]},{\"@type\":\"ImageObject\",\"inLanguage\":\"en-US\",\"@id\":\"https:\\\/\\\/adexa.ee\\\/toode\\\/eelpesu-pihusti-seade-korgus-1000mm-roostevaba-teras-adexa-eq2803a\\\/#primaryimage\",\"url\":\"https:\\\/\\\/adexa.ee\\\/wp-content\\\/uploads\\\/2024\\\/12\\\/EQ2803A.jpg\",\"contentUrl\":\"https:\\\/\\\/adexa.ee\\\/wp-content\\\/uploads\\\/2024\\\/12\\\/EQ2803A.jpg\",\"width\":900,\"height\":900},{\"@type\":\"BreadcrumbList\",\"@id\":\"https:\\\/\\\/adexa.ee\\\/toode\\\/eelpesu-pihusti-seade-korgus-1000mm-roostevaba-teras-adexa-eq2803a\\\/#breadcrumb\",\"itemListElement\":[{\"@type\":\"ListItem\",\"position\":1,\"name\":\"Home\",\"item\":\"https:\\\/\\\/adexa.ee\\\/\"},{\"@type\":\"ListItem\",\"position\":2,\"name\":\"Tooted\",\"item\":\"https:\\\/\\\/adexa.ee\\\/pood\\\/\"},{\"@type\":\"ListItem\",\"position\":3,\"name\":\"Eelpesu pihusti seade K\u00f5rgus 1000mm Roostevaba teras | Adexa EQ2803A\"}]},{\"@type\":\"WebSite\",\"@id\":\"https:\\\/\\\/adexa.ee\\\/#website\",\"url\":\"https:\\\/\\\/adexa.ee\\\/\",\"name\":\"Adexa\",\"description\":\"\",\"publisher\":{\"@id\":\"https:\\\/\\\/adexa.ee\\\/#organization\"},\"potentialAction\":[{\"@type\":\"SearchAction\",\"target\":{\"@type\":\"EntryPoint\",\"urlTemplate\":\"https:\\\/\\\/adexa.ee\\\/?s={search_term_string}\"},\"query-input\":{\"@type\":\"PropertyValueSpecification\",\"valueRequired\":true,\"valueName\":\"search_term_string\"}}],\"inLanguage\":\"en-US\"},{\"@type\":\"Organization\",\"@id\":\"https:\\\/\\\/adexa.ee\\\/#organization\",\"name\":\"Adexa\",\"url\":\"https:\\\/\\\/adexa.ee\\\/\",\"logo\":{\"@type\":\"ImageObject\",\"inLanguage\":\"en-US\",\"@id\":\"https:\\\/\\\/adexa.ee\\\/#\\\/schema\\\/logo\\\/image\\\/\",\"url\":\"https:\\\/\\\/adexa.ee\\\/wp-content\\\/uploads\\\/2024\\\/04\\\/chef-cooks-working-in-professional-kitchen-2023-11-27-05-07-39-utc-scaled.jpg\",\"contentUrl\":\"https:\\\/\\\/adexa.ee\\\/wp-content\\\/uploads\\\/2024\\\/04\\\/chef-cooks-working-in-professional-kitchen-2023-11-27-05-07-39-utc-scaled.jpg\",\"width\":2560,\"height\":1708,\"caption\":\"Adexa\"},\"image\":{\"@id\":\"https:\\\/\\\/adexa.ee\\\/#\\\/schema\\\/logo\\\/image\\\/\"}}]}<\/script>\n<!-- \/ Yoast SEO plugin. -->","yoast_head_json":{"title":"Eelpesu pihusti seade K\u00f5rgus 1000mm Roostevaba teras | Adexa EQ2803A - Adexa \u2013 Suurk\u00f6\u00f6giseadmed restoranidele ja toitlustusele","robots":{"index":"index","follow":"follow","max-snippet":"max-snippet:-1","max-image-preview":"max-image-preview:large","max-video-preview":"max-video-preview:-1"},"canonical":"https:\/\/adexa.ee\/toode\/eelpesu-pihusti-seade-korgus-1000mm-roostevaba-teras-adexa-eq2803a\/","og_locale":"en_US","og_type":"article","og_title":"Eelpesu pihusti seade K\u00f5rgus 1000mm Roostevaba teras | Adexa EQ2803A - Adexa \u2013 Suurk\u00f6\u00f6giseadmed restoranidele ja toitlustusele","og_description":"Professionaalne ja \u00e4\u00e4rmiselt vastupidav eelpesu pihusti, mis on ideaalne toiduvalmistamise teenuste, t\u00f6\u00f6stuslike k\u00f6\u00f6kide, restoranide ja hotellide jaoks. Vedrutoimelise luige kaela","og_url":"https:\/\/adexa.ee\/toode\/eelpesu-pihusti-seade-korgus-1000mm-roostevaba-teras-adexa-eq2803a\/","og_site_name":"Adexa \u2013 Suurk\u00f6\u00f6giseadmed restoranidele ja toitlustusele","article_modified_time":"2026-03-26T08:45:34+00:00","og_image":[{"width":900,"height":900,"url":"https:\/\/adexa.ee\/wp-content\/uploads\/2024\/12\/EQ2803A.jpg","type":"image\/jpeg"}],"twitter_card":"summary_large_image","schema":{"@context":"https:\/\/schema.org","@graph":[{"@type":"WebPage","@id":"https:\/\/adexa.ee\/toode\/eelpesu-pihusti-seade-korgus-1000mm-roostevaba-teras-adexa-eq2803a\/","url":"https:\/\/adexa.ee\/toode\/eelpesu-pihusti-seade-korgus-1000mm-roostevaba-teras-adexa-eq2803a\/","name":"Eelpesu pihusti seade K\u00f5rgus 1000mm Roostevaba teras | Adexa EQ2803A - Adexa \u2013 Suurk\u00f6\u00f6giseadmed restoranidele ja toitlustusele","isPartOf":{"@id":"https:\/\/adexa.ee\/#website"},"primaryImageOfPage":{"@id":"https:\/\/adexa.ee\/toode\/eelpesu-pihusti-seade-korgus-1000mm-roostevaba-teras-adexa-eq2803a\/#primaryimage"},"image":{"@id":"https:\/\/adexa.ee\/toode\/eelpesu-pihusti-seade-korgus-1000mm-roostevaba-teras-adexa-eq2803a\/#primaryimage"},"thumbnailUrl":"https:\/\/adexa.ee\/wp-content\/uploads\/2024\/12\/EQ2803A.jpg","datePublished":"2026-03-26T08:45:31+00:00","dateModified":"2026-03-26T08:45:34+00:00","breadcrumb":{"@id":"https:\/\/adexa.ee\/toode\/eelpesu-pihusti-seade-korgus-1000mm-roostevaba-teras-adexa-eq2803a\/#breadcrumb"},"inLanguage":"en-US","potentialAction":[{"@type":"ReadAction","target":["https:\/\/adexa.ee\/toode\/eelpesu-pihusti-seade-korgus-1000mm-roostevaba-teras-adexa-eq2803a\/"]}]},{"@type":"ImageObject","inLanguage":"en-US","@id":"https:\/\/adexa.ee\/toode\/eelpesu-pihusti-seade-korgus-1000mm-roostevaba-teras-adexa-eq2803a\/#primaryimage","url":"https:\/\/adexa.ee\/wp-content\/uploads\/2024\/12\/EQ2803A.jpg","contentUrl":"https:\/\/adexa.ee\/wp-content\/uploads\/2024\/12\/EQ2803A.jpg","width":900,"height":900},{"@type":"BreadcrumbList","@id":"https:\/\/adexa.ee\/toode\/eelpesu-pihusti-seade-korgus-1000mm-roostevaba-teras-adexa-eq2803a\/#breadcrumb","itemListElement":[{"@type":"ListItem","position":1,"name":"Home","item":"https:\/\/adexa.ee\/"},{"@type":"ListItem","position":2,"name":"Tooted","item":"https:\/\/adexa.ee\/pood\/"},{"@type":"ListItem","position":3,"name":"Eelpesu pihusti seade K\u00f5rgus 1000mm Roostevaba teras | Adexa EQ2803A"}]},{"@type":"WebSite","@id":"https:\/\/adexa.ee\/#website","url":"https:\/\/adexa.ee\/","name":"Adexa","description":"","publisher":{"@id":"https:\/\/adexa.ee\/#organization"},"potentialAction":[{"@type":"SearchAction","target":{"@type":"EntryPoint","urlTemplate":"https:\/\/adexa.ee\/?s={search_term_string}"},"query-input":{"@type":"PropertyValueSpecification","valueRequired":true,"valueName":"search_term_string"}}],"inLanguage":"en-US"},{"@type":"Organization","@id":"https:\/\/adexa.ee\/#organization","name":"Adexa","url":"https:\/\/adexa.ee\/","logo":{"@type":"ImageObject","inLanguage":"en-US","@id":"https:\/\/adexa.ee\/#\/schema\/logo\/image\/","url":"https:\/\/adexa.ee\/wp-content\/uploads\/2024\/04\/chef-cooks-working-in-professional-kitchen-2023-11-27-05-07-39-utc-scaled.jpg","contentUrl":"https:\/\/adexa.ee\/wp-content\/uploads\/2024\/04\/chef-cooks-working-in-professional-kitchen-2023-11-27-05-07-39-utc-scaled.jpg","width":2560,"height":1708,"caption":"Adexa"},"image":{"@id":"https:\/\/adexa.ee\/#\/schema\/logo\/image\/"}}]}},"_links":{"self":[{"href":"https:\/\/adexa.ee\/en\/wp-json\/wp\/v2\/product\/16108","targetHints":{"allow":["GET"]}}],"collection":[{"href":"https:\/\/adexa.ee\/en\/wp-json\/wp\/v2\/product"}],"about":[{"href":"https:\/\/adexa.ee\/en\/wp-json\/wp\/v2\/types\/product"}],"wp:featuredmedia":[{"embeddable":true,"href":"https:\/\/adexa.ee\/en\/wp-json\/wp\/v2\/media\/16110"}],"wp:attachment":[{"href":"https:\/\/adexa.ee\/en\/wp-json\/wp\/v2\/media?parent=16108"}],"wp:term":[{"taxonomy":"product_brand","embeddable":true,"href":"https:\/\/adexa.ee\/en\/wp-json\/wp\/v2\/product_brand?post=16108"},{"taxonomy":"product_cat","embeddable":true,"href":"https:\/\/adexa.ee\/en\/wp-json\/wp\/v2\/product_cat?post=16108"},{"taxonomy":"product_tag","embeddable":true,"href":"https:\/\/adexa.ee\/en\/wp-json\/wp\/v2\/product_tag?post=16108"}],"curies":[{"name":"wp","href":"https:\/\/api.w.org\/{rel}","templated":true}]}}