{"id":16220,"date":"2026-03-31T22:45:53","date_gmt":"2026-03-31T19:45:53","guid":{"rendered":"https:\/\/adexa.ee\/toode\/elektriline-pitsahi-44-pitsat-8-adexa-hep2st\/"},"modified":"2026-03-31T22:45:54","modified_gmt":"2026-03-31T19:45:54","slug":"elektriline-pitsahi-44-pitsat-8-adexa-hep2st","status":"publish","type":"product","link":"https:\/\/adexa.ee\/en\/toode\/elektriline-pitsahi-44-pitsat-8-adexa-hep2st\/","title":{"rendered":"Elektriline pitsahi 4+4 pitsat, 8&#8221; | Adexa HEP2ST"},"content":{"rendered":"<p>Suurep\u00e4rane hinna ja kvaliteedi suhtega termiliselt isoleeritud elektriline pitsahi, mis sobib h\u00e4sti v\u00e4ikestele pitsarestoranidele, baaridele ja restoranidele. Kahe k\u00fcpsetuskambriga kahekordne pitsahi, mille temperatuur on individuaalselt reguleeritav, v\u00f5imaldab iga kambrit eraldi juhtida. Sisseehitatud taimer muudab selle kasutajas\u00f5braliku elektrilise pitsahju ideaalseks t\u00e4ienduseks igasse toitlustusasutusse. V\u00f5imalik k\u00fcpsetada 8 x 8&#8243; pitsat korragaReguleeritav temperatuur +50\u00b0C kuni +350\u00b0CVaateakenLihtne puhastadaKorpus valmistatud k\u00f5rgkvaliteetsest roostevabast terasest\u00c4\u00e4rmiselt kuumuskindelKeraamiline kivist k\u00fcpsetusplaatV\u00f5imsus: 3 kWElektri\u00fchendus: 230 volti \/ 1N \/ 50 HzCE\/ROHS sertifikaat60-minutiline taimerPalun vaadake \u00fcksikasjaliku teabe saamiseks jaotist &#8220;Spetsifikatsioonid&#8221;.<\/p>\n<table style=\"border-collapse: collapse; width: 100%; text-align: left;\">\n<tbody>\n<tr>\n<td style=\"border: 1px solid #ddd; padding: 8px; width: 45%;\"><strong>S\u00fcgavus<\/strong><\/td>\n<td style=\"border: 1px solid #ddd; padding: 8px;\">570 mm<\/td>\n<\/tr>\n<tr>\n<td style=\"border: 1px solid #ddd; padding: 8px; width: 45%;\"><strong>K\u00f5rgus<\/strong><\/td>\n<td style=\"border: 1px solid #ddd; padding: 8px;\">440 mm<\/td>\n<\/tr>\n<tr>\n<td style=\"border: 1px solid #ddd; padding: 8px; width: 45%;\"><strong>Laius<\/strong><\/td>\n<td style=\"border: 1px solid #ddd; padding: 8px;\">560 mm<\/td>\n<\/tr>\n<tr>\n<td style=\"border: 1px solid #ddd; padding: 8px; width: 45%;\"><strong>Kaal<\/strong><\/td>\n<td style=\"border: 1px solid #ddd; padding: 8px;\">29 kg<\/td>\n<\/tr>\n<tr>\n<td style=\"border: 1px solid #ddd; padding: 8px; width: 45%;\"><strong>Garantii<\/strong><\/td>\n<td style=\"border: 1px solid #ddd; padding: 8px;\">12 kuu varuosade garantii<\/td>\n<\/tr>\n<tr>\n<td style=\"border: 1px solid #ddd; padding: 8px; width: 45%;\"><strong>Toiteallikas<\/strong><\/td>\n<td style=\"border: 1px solid #ddd; padding: 8px;\">230V \/ 1 faas<\/td>\n<\/tr>\n<tr>\n<td style=\"border: 1px solid #ddd; padding: 8px; width: 45%;\"><strong>Temperatuur<\/strong><\/td>\n<td style=\"border: 1px solid #ddd; padding: 8px;\">+50\u00b0C kuni +350\u00b0C<\/td>\n<\/tr>\n<tr>\n<td style=\"border: 1px solid #ddd; padding: 8px; width: 45%;\"><strong>Taimer<\/strong><\/td>\n<td style=\"border: 1px solid #ddd; padding: 8px;\">0 kuni 60 minutit<\/td>\n<\/tr>\n<tr>\n<td style=\"border: 1px solid #ddd; padding: 8px; width: 45%;\"><strong>M\u00f5\u00f5tmed (kamber)<\/strong><\/td>\n<td style=\"border: 1px solid #ddd; padding: 8px;\">2 x 400x400x120 mm<\/td>\n<\/tr>\n<\/tbody>\n<\/table>\n","protected":false},"excerpt":{"rendered":"<p>Suurep\u00e4rane hinna ja kvaliteedi suhtega termiliselt isoleeritud elektriline pitsahi, mis sobib h\u00e4sti v\u00e4ikestele pitsarestoranidele, baaridele ja restoranidele. Kahe k\u00fcpsetuskambriga kahekordne<\/p>\n","protected":false},"featured_media":16222,"template":"","meta":[],"product_brand":[],"product_cat":[724,569,664,723],"product_tag":[],"class_list":{"0":"post-16220","1":"product","2":"type-product","3":"status-publish","4":"has-post-thumbnail","6":"product_cat-elektrilised-pitsaahjud","7":"product_cat-lopumuuk","8":"product_cat-pitsa-ja-grill","9":"product_cat-pitsaahjud","11":"first","12":"instock","13":"sale","14":"taxable","15":"shipping-taxable","16":"purchasable","17":"product-type-simple"},"yoast_head":"<!-- This site is optimized with the Yoast SEO plugin v27.3 - https:\/\/yoast.com\/product\/yoast-seo-wordpress\/ -->\n<title>Elektriline pitsahi 4+4 pitsat, 8&#039;&#039; | Adexa HEP2ST - Adexa \u2013 Suurk\u00f6\u00f6giseadmed restoranidele ja toitlustusele<\/title>\n<meta name=\"robots\" content=\"index, follow, max-snippet:-1, max-image-preview:large, max-video-preview:-1\" \/>\n<link rel=\"canonical\" href=\"https:\/\/adexa.ee\/toode\/elektriline-pitsahi-44-pitsat-8-adexa-hep2st\/\" \/>\n<meta property=\"og:locale\" content=\"en_US\" \/>\n<meta property=\"og:type\" content=\"article\" \/>\n<meta property=\"og:title\" content=\"Elektriline pitsahi 4+4 pitsat, 8&#039;&#039; | Adexa HEP2ST - Adexa \u2013 Suurk\u00f6\u00f6giseadmed restoranidele ja toitlustusele\" \/>\n<meta property=\"og:description\" content=\"Suurep\u00e4rane hinna ja kvaliteedi suhtega termiliselt isoleeritud elektriline pitsahi, mis sobib h\u00e4sti v\u00e4ikestele pitsarestoranidele, baaridele ja restoranidele. Kahe k\u00fcpsetuskambriga kahekordne\" \/>\n<meta property=\"og:url\" content=\"https:\/\/adexa.ee\/toode\/elektriline-pitsahi-44-pitsat-8-adexa-hep2st\/\" \/>\n<meta property=\"og:site_name\" content=\"Adexa \u2013 Suurk\u00f6\u00f6giseadmed restoranidele ja toitlustusele\" \/>\n<meta property=\"article:modified_time\" content=\"2026-03-31T19:45:54+00:00\" \/>\n<meta property=\"og:image\" content=\"https:\/\/adexa.ee\/wp-content\/uploads\/2024\/12\/HEP2ST.jpg\" \/>\n\t<meta property=\"og:image:width\" content=\"2000\" \/>\n\t<meta property=\"og:image:height\" content=\"2000\" \/>\n\t<meta property=\"og:image:type\" content=\"image\/jpeg\" \/>\n<meta name=\"twitter:card\" content=\"summary_large_image\" \/>\n<meta name=\"twitter:label1\" content=\"Est. reading time\" \/>\n\t<meta name=\"twitter:data1\" content=\"1 minute\" \/>\n<script type=\"application\/ld+json\" class=\"yoast-schema-graph\">{\"@context\":\"https:\\\/\\\/schema.org\",\"@graph\":[{\"@type\":\"WebPage\",\"@id\":\"https:\\\/\\\/adexa.ee\\\/toode\\\/elektriline-pitsahi-44-pitsat-8-adexa-hep2st\\\/\",\"url\":\"https:\\\/\\\/adexa.ee\\\/toode\\\/elektriline-pitsahi-44-pitsat-8-adexa-hep2st\\\/\",\"name\":\"Elektriline pitsahi 4+4 pitsat, 8'' | Adexa HEP2ST - Adexa \u2013 Suurk\u00f6\u00f6giseadmed restoranidele ja toitlustusele\",\"isPartOf\":{\"@id\":\"https:\\\/\\\/adexa.ee\\\/#website\"},\"primaryImageOfPage\":{\"@id\":\"https:\\\/\\\/adexa.ee\\\/toode\\\/elektriline-pitsahi-44-pitsat-8-adexa-hep2st\\\/#primaryimage\"},\"image\":{\"@id\":\"https:\\\/\\\/adexa.ee\\\/toode\\\/elektriline-pitsahi-44-pitsat-8-adexa-hep2st\\\/#primaryimage\"},\"thumbnailUrl\":\"https:\\\/\\\/adexa.ee\\\/wp-content\\\/uploads\\\/2024\\\/12\\\/HEP2ST.jpg\",\"datePublished\":\"2026-03-31T19:45:53+00:00\",\"dateModified\":\"2026-03-31T19:45:54+00:00\",\"breadcrumb\":{\"@id\":\"https:\\\/\\\/adexa.ee\\\/toode\\\/elektriline-pitsahi-44-pitsat-8-adexa-hep2st\\\/#breadcrumb\"},\"inLanguage\":\"en-US\",\"potentialAction\":[{\"@type\":\"ReadAction\",\"target\":[\"https:\\\/\\\/adexa.ee\\\/toode\\\/elektriline-pitsahi-44-pitsat-8-adexa-hep2st\\\/\"]}]},{\"@type\":\"ImageObject\",\"inLanguage\":\"en-US\",\"@id\":\"https:\\\/\\\/adexa.ee\\\/toode\\\/elektriline-pitsahi-44-pitsat-8-adexa-hep2st\\\/#primaryimage\",\"url\":\"https:\\\/\\\/adexa.ee\\\/wp-content\\\/uploads\\\/2024\\\/12\\\/HEP2ST.jpg\",\"contentUrl\":\"https:\\\/\\\/adexa.ee\\\/wp-content\\\/uploads\\\/2024\\\/12\\\/HEP2ST.jpg\",\"width\":2000,\"height\":2000},{\"@type\":\"BreadcrumbList\",\"@id\":\"https:\\\/\\\/adexa.ee\\\/toode\\\/elektriline-pitsahi-44-pitsat-8-adexa-hep2st\\\/#breadcrumb\",\"itemListElement\":[{\"@type\":\"ListItem\",\"position\":1,\"name\":\"Home\",\"item\":\"https:\\\/\\\/adexa.ee\\\/\"},{\"@type\":\"ListItem\",\"position\":2,\"name\":\"Tooted\",\"item\":\"https:\\\/\\\/adexa.ee\\\/pood\\\/\"},{\"@type\":\"ListItem\",\"position\":3,\"name\":\"Elektriline pitsahi 4+4 pitsat, 8&#8221; | Adexa HEP2ST\"}]},{\"@type\":\"WebSite\",\"@id\":\"https:\\\/\\\/adexa.ee\\\/#website\",\"url\":\"https:\\\/\\\/adexa.ee\\\/\",\"name\":\"Adexa\",\"description\":\"\",\"publisher\":{\"@id\":\"https:\\\/\\\/adexa.ee\\\/#organization\"},\"potentialAction\":[{\"@type\":\"SearchAction\",\"target\":{\"@type\":\"EntryPoint\",\"urlTemplate\":\"https:\\\/\\\/adexa.ee\\\/?s={search_term_string}\"},\"query-input\":{\"@type\":\"PropertyValueSpecification\",\"valueRequired\":true,\"valueName\":\"search_term_string\"}}],\"inLanguage\":\"en-US\"},{\"@type\":\"Organization\",\"@id\":\"https:\\\/\\\/adexa.ee\\\/#organization\",\"name\":\"Adexa\",\"url\":\"https:\\\/\\\/adexa.ee\\\/\",\"logo\":{\"@type\":\"ImageObject\",\"inLanguage\":\"en-US\",\"@id\":\"https:\\\/\\\/adexa.ee\\\/#\\\/schema\\\/logo\\\/image\\\/\",\"url\":\"https:\\\/\\\/adexa.ee\\\/wp-content\\\/uploads\\\/2024\\\/04\\\/chef-cooks-working-in-professional-kitchen-2023-11-27-05-07-39-utc-scaled.jpg\",\"contentUrl\":\"https:\\\/\\\/adexa.ee\\\/wp-content\\\/uploads\\\/2024\\\/04\\\/chef-cooks-working-in-professional-kitchen-2023-11-27-05-07-39-utc-scaled.jpg\",\"width\":2560,\"height\":1708,\"caption\":\"Adexa\"},\"image\":{\"@id\":\"https:\\\/\\\/adexa.ee\\\/#\\\/schema\\\/logo\\\/image\\\/\"}}]}<\/script>\n<!-- \/ Yoast SEO plugin. -->","yoast_head_json":{"title":"Elektriline pitsahi 4+4 pitsat, 8'' | Adexa HEP2ST - Adexa \u2013 Suurk\u00f6\u00f6giseadmed restoranidele ja toitlustusele","robots":{"index":"index","follow":"follow","max-snippet":"max-snippet:-1","max-image-preview":"max-image-preview:large","max-video-preview":"max-video-preview:-1"},"canonical":"https:\/\/adexa.ee\/toode\/elektriline-pitsahi-44-pitsat-8-adexa-hep2st\/","og_locale":"en_US","og_type":"article","og_title":"Elektriline pitsahi 4+4 pitsat, 8'' | Adexa HEP2ST - Adexa \u2013 Suurk\u00f6\u00f6giseadmed restoranidele ja toitlustusele","og_description":"Suurep\u00e4rane hinna ja kvaliteedi suhtega termiliselt isoleeritud elektriline pitsahi, mis sobib h\u00e4sti v\u00e4ikestele pitsarestoranidele, baaridele ja restoranidele. Kahe k\u00fcpsetuskambriga kahekordne","og_url":"https:\/\/adexa.ee\/toode\/elektriline-pitsahi-44-pitsat-8-adexa-hep2st\/","og_site_name":"Adexa \u2013 Suurk\u00f6\u00f6giseadmed restoranidele ja toitlustusele","article_modified_time":"2026-03-31T19:45:54+00:00","og_image":[{"width":2000,"height":2000,"url":"https:\/\/adexa.ee\/wp-content\/uploads\/2024\/12\/HEP2ST.jpg","type":"image\/jpeg"}],"twitter_card":"summary_large_image","twitter_misc":{"Est. reading time":"1 minute"},"schema":{"@context":"https:\/\/schema.org","@graph":[{"@type":"WebPage","@id":"https:\/\/adexa.ee\/toode\/elektriline-pitsahi-44-pitsat-8-adexa-hep2st\/","url":"https:\/\/adexa.ee\/toode\/elektriline-pitsahi-44-pitsat-8-adexa-hep2st\/","name":"Elektriline pitsahi 4+4 pitsat, 8'' | Adexa HEP2ST - Adexa \u2013 Suurk\u00f6\u00f6giseadmed restoranidele ja toitlustusele","isPartOf":{"@id":"https:\/\/adexa.ee\/#website"},"primaryImageOfPage":{"@id":"https:\/\/adexa.ee\/toode\/elektriline-pitsahi-44-pitsat-8-adexa-hep2st\/#primaryimage"},"image":{"@id":"https:\/\/adexa.ee\/toode\/elektriline-pitsahi-44-pitsat-8-adexa-hep2st\/#primaryimage"},"thumbnailUrl":"https:\/\/adexa.ee\/wp-content\/uploads\/2024\/12\/HEP2ST.jpg","datePublished":"2026-03-31T19:45:53+00:00","dateModified":"2026-03-31T19:45:54+00:00","breadcrumb":{"@id":"https:\/\/adexa.ee\/toode\/elektriline-pitsahi-44-pitsat-8-adexa-hep2st\/#breadcrumb"},"inLanguage":"en-US","potentialAction":[{"@type":"ReadAction","target":["https:\/\/adexa.ee\/toode\/elektriline-pitsahi-44-pitsat-8-adexa-hep2st\/"]}]},{"@type":"ImageObject","inLanguage":"en-US","@id":"https:\/\/adexa.ee\/toode\/elektriline-pitsahi-44-pitsat-8-adexa-hep2st\/#primaryimage","url":"https:\/\/adexa.ee\/wp-content\/uploads\/2024\/12\/HEP2ST.jpg","contentUrl":"https:\/\/adexa.ee\/wp-content\/uploads\/2024\/12\/HEP2ST.jpg","width":2000,"height":2000},{"@type":"BreadcrumbList","@id":"https:\/\/adexa.ee\/toode\/elektriline-pitsahi-44-pitsat-8-adexa-hep2st\/#breadcrumb","itemListElement":[{"@type":"ListItem","position":1,"name":"Home","item":"https:\/\/adexa.ee\/"},{"@type":"ListItem","position":2,"name":"Tooted","item":"https:\/\/adexa.ee\/pood\/"},{"@type":"ListItem","position":3,"name":"Elektriline pitsahi 4+4 pitsat, 8&#8221; | Adexa HEP2ST"}]},{"@type":"WebSite","@id":"https:\/\/adexa.ee\/#website","url":"https:\/\/adexa.ee\/","name":"Adexa","description":"","publisher":{"@id":"https:\/\/adexa.ee\/#organization"},"potentialAction":[{"@type":"SearchAction","target":{"@type":"EntryPoint","urlTemplate":"https:\/\/adexa.ee\/?s={search_term_string}"},"query-input":{"@type":"PropertyValueSpecification","valueRequired":true,"valueName":"search_term_string"}}],"inLanguage":"en-US"},{"@type":"Organization","@id":"https:\/\/adexa.ee\/#organization","name":"Adexa","url":"https:\/\/adexa.ee\/","logo":{"@type":"ImageObject","inLanguage":"en-US","@id":"https:\/\/adexa.ee\/#\/schema\/logo\/image\/","url":"https:\/\/adexa.ee\/wp-content\/uploads\/2024\/04\/chef-cooks-working-in-professional-kitchen-2023-11-27-05-07-39-utc-scaled.jpg","contentUrl":"https:\/\/adexa.ee\/wp-content\/uploads\/2024\/04\/chef-cooks-working-in-professional-kitchen-2023-11-27-05-07-39-utc-scaled.jpg","width":2560,"height":1708,"caption":"Adexa"},"image":{"@id":"https:\/\/adexa.ee\/#\/schema\/logo\/image\/"}}]}},"_links":{"self":[{"href":"https:\/\/adexa.ee\/en\/wp-json\/wp\/v2\/product\/16220","targetHints":{"allow":["GET"]}}],"collection":[{"href":"https:\/\/adexa.ee\/en\/wp-json\/wp\/v2\/product"}],"about":[{"href":"https:\/\/adexa.ee\/en\/wp-json\/wp\/v2\/types\/product"}],"wp:featuredmedia":[{"embeddable":true,"href":"https:\/\/adexa.ee\/en\/wp-json\/wp\/v2\/media\/16222"}],"wp:attachment":[{"href":"https:\/\/adexa.ee\/en\/wp-json\/wp\/v2\/media?parent=16220"}],"wp:term":[{"taxonomy":"product_brand","embeddable":true,"href":"https:\/\/adexa.ee\/en\/wp-json\/wp\/v2\/product_brand?post=16220"},{"taxonomy":"product_cat","embeddable":true,"href":"https:\/\/adexa.ee\/en\/wp-json\/wp\/v2\/product_cat?post=16220"},{"taxonomy":"product_tag","embeddable":true,"href":"https:\/\/adexa.ee\/en\/wp-json\/wp\/v2\/product_tag?post=16220"}],"curies":[{"name":"wp","href":"https:\/\/api.w.org\/{rel}","templated":true}]}}