{"id":16249,"date":"2026-03-30T13:45:45","date_gmt":"2026-03-30T10:45:45","guid":{"rendered":"https:\/\/adexa.ee\/toode\/kaubanduslik-serveerimis-teenindus-koristuskaru-roostevaba-teras-4-tasandiline-860x530x1250mm-adexa-rst4a\/"},"modified":"2026-03-30T13:45:46","modified_gmt":"2026-03-30T10:45:46","slug":"serveerimis-teenindus-koristuskaru-roostevaba-teras-4-tasandiline-860x530x1250mm-adexa-rst4a","status":"publish","type":"product","link":"https:\/\/adexa.ee\/en\/toode\/serveerimis-teenindus-koristuskaru-roostevaba-teras-4-tasandiline-860x530x1250mm-adexa-rst4a\/","title":{"rendered":"Serveerimis-\/Teenindus-\/Koristusk\u00e4ru Roostevaba Teras 4-Tasandiline 860X530X1250Mm | Adexa Rst4A"},"content":{"rendered":"<p>See serveerimisk\u00e4ru viie tugeva kandikupinnaga sobitub sujuvalt igasse keskkonda. T\u00e4nu oma vastupidavale konstruktsioonile sobib see eriti h\u00e4sti kasutamiseks s\u00f6\u00f6klates, suurtes toitlustusettev\u00f5tetes, restoranides, avalikes asutustes, aga ka erasektoris. See muudab toidu v\u00f5i jookide serveerimise, laudade koristamise ja n\u00f5ude k\u00f6\u00f6ki viimise pingevabaks. See roostevabast terasest k\u00e4ru on m\u00e4rkimisv\u00e4\u00e4rselt vastupidav ja lihtne puhastada. Valmistatud k\u00f5rge kvaliteediga roostevabast terasest. 4 tasandit \u00dcmardatud torud optimaalseks haardeks Tarnitakse detailidena &#8211; lihtne ise kokku panna T\u00e4psema teabe saamiseks vaadake &#8216;Spetsifikatsiooni&#8217; alt.<\/p>\n<table style=\"border-collapse: collapse; width: 100%; text-align: left;\">\n<tbody>\n<tr>\n<td style=\"border: 1px solid #ddd; padding: 8px; width: 45%;\"><strong>S\u00fcgavus<\/strong><\/td>\n<td style=\"border: 1px solid #ddd; padding: 8px;\">530 mm<\/td>\n<\/tr>\n<tr>\n<td style=\"border: 1px solid #ddd; padding: 8px; width: 45%;\"><strong>K\u00f5rgus<\/strong><\/td>\n<td style=\"border: 1px solid #ddd; padding: 8px;\">1250 mm<\/td>\n<\/tr>\n<tr>\n<td style=\"border: 1px solid #ddd; padding: 8px; width: 45%;\"><strong>Laius<\/strong><\/td>\n<td style=\"border: 1px solid #ddd; padding: 8px;\">860 mm<\/td>\n<\/tr>\n<tr>\n<td style=\"border: 1px solid #ddd; padding: 8px; width: 45%;\"><strong>Kaal<\/strong><\/td>\n<td style=\"border: 1px solid #ddd; padding: 8px;\">20,6 kg<\/td>\n<\/tr>\n<tr>\n<td style=\"border: 1px solid #ddd; padding: 8px; width: 45%;\"><strong>Garantii<\/strong><\/td>\n<td style=\"border: 1px solid #ddd; padding: 8px;\">12 kuu varuosade garantii<\/td>\n<\/tr>\n<tr>\n<td style=\"border: 1px solid #ddd; padding: 8px; width: 45%;\"><strong>Mahutavus<\/strong><\/td>\n<td style=\"border: 1px solid #ddd; padding: 8px;\">150 kg<\/td>\n<\/tr>\n<tr>\n<td style=\"border: 1px solid #ddd; padding: 8px; width: 45%;\"><strong>Rullikud<\/strong><\/td>\n<td style=\"border: 1px solid #ddd; padding: 8px;\">Piduritega<\/td>\n<\/tr>\n<tr>\n<td style=\"border: 1px solid #ddd; padding: 8px; width: 45%;\"><strong>Materjal<\/strong><\/td>\n<td style=\"border: 1px solid #ddd; padding: 8px;\">Roostevaba teras<\/td>\n<\/tr>\n<\/tbody>\n<\/table>\n","protected":false},"excerpt":{"rendered":"<p>See serveerimisk\u00e4ru viie tugeva kandikupinnaga sobitub sujuvalt igasse keskkonda. T\u00e4nu oma vastupidavale konstruktsioonile sobib see eriti h\u00e4sti kasutamiseks s\u00f6\u00f6klates, suurtes<\/p>\n","protected":false},"featured_media":14044,"template":"","meta":[],"product_brand":[],"product_cat":[623,572],"product_tag":[],"class_list":{"0":"post-16249","1":"product","2":"type-product","3":"status-publish","4":"has-post-thumbnail","6":"product_cat-karud","7":"product_cat-roostevabad-tooted","9":"first","10":"instock","11":"sale","12":"taxable","13":"shipping-taxable","14":"purchasable","15":"product-type-simple"},"yoast_head":"<!-- This site is optimized with the Yoast SEO plugin v27.3 - https:\/\/yoast.com\/product\/yoast-seo-wordpress\/ -->\n<title>Serveerimis-\/Teenindus-\/Koristusk\u00e4ru Roostevaba Teras 4-Tasandiline 860X530X1250Mm | Adexa Rst4A - Adexa \u2013 Suurk\u00f6\u00f6giseadmed restoranidele ja toitlustusele<\/title>\n<meta name=\"robots\" content=\"index, follow, max-snippet:-1, max-image-preview:large, max-video-preview:-1\" \/>\n<link rel=\"canonical\" href=\"https:\/\/adexa.ee\/toode\/serveerimis-teenindus-koristuskaru-roostevaba-teras-4-tasandiline-860x530x1250mm-adexa-rst4a\/\" \/>\n<meta property=\"og:locale\" content=\"en_US\" \/>\n<meta property=\"og:type\" content=\"article\" \/>\n<meta property=\"og:title\" content=\"Serveerimis-\/Teenindus-\/Koristusk\u00e4ru Roostevaba Teras 4-Tasandiline 860X530X1250Mm | Adexa Rst4A - Adexa \u2013 Suurk\u00f6\u00f6giseadmed restoranidele ja toitlustusele\" \/>\n<meta property=\"og:description\" content=\"See serveerimisk\u00e4ru viie tugeva kandikupinnaga sobitub sujuvalt igasse keskkonda. T\u00e4nu oma vastupidavale konstruktsioonile sobib see eriti h\u00e4sti kasutamiseks s\u00f6\u00f6klates, suurtes\" \/>\n<meta property=\"og:url\" content=\"https:\/\/adexa.ee\/toode\/serveerimis-teenindus-koristuskaru-roostevaba-teras-4-tasandiline-860x530x1250mm-adexa-rst4a\/\" \/>\n<meta property=\"og:site_name\" content=\"Adexa \u2013 Suurk\u00f6\u00f6giseadmed restoranidele ja toitlustusele\" \/>\n<meta property=\"article:modified_time\" content=\"2026-03-30T10:45:46+00:00\" \/>\n<meta property=\"og:image\" content=\"https:\/\/adexa.ee\/wp-content\/uploads\/2024\/12\/RST4.jpg\" \/>\n\t<meta property=\"og:image:width\" content=\"1500\" \/>\n\t<meta property=\"og:image:height\" content=\"1500\" \/>\n\t<meta property=\"og:image:type\" content=\"image\/jpeg\" \/>\n<meta name=\"twitter:card\" content=\"summary_large_image\" \/>\n<meta name=\"twitter:label1\" content=\"Est. reading time\" \/>\n\t<meta name=\"twitter:data1\" content=\"1 minute\" \/>\n<script type=\"application\/ld+json\" class=\"yoast-schema-graph\">{\"@context\":\"https:\\\/\\\/schema.org\",\"@graph\":[{\"@type\":\"WebPage\",\"@id\":\"https:\\\/\\\/adexa.ee\\\/toode\\\/serveerimis-teenindus-koristuskaru-roostevaba-teras-4-tasandiline-860x530x1250mm-adexa-rst4a\\\/\",\"url\":\"https:\\\/\\\/adexa.ee\\\/toode\\\/serveerimis-teenindus-koristuskaru-roostevaba-teras-4-tasandiline-860x530x1250mm-adexa-rst4a\\\/\",\"name\":\"Serveerimis-\\\/Teenindus-\\\/Koristusk\u00e4ru Roostevaba Teras 4-Tasandiline 860X530X1250Mm | Adexa Rst4A - Adexa \u2013 Suurk\u00f6\u00f6giseadmed restoranidele ja toitlustusele\",\"isPartOf\":{\"@id\":\"https:\\\/\\\/adexa.ee\\\/#website\"},\"primaryImageOfPage\":{\"@id\":\"https:\\\/\\\/adexa.ee\\\/toode\\\/serveerimis-teenindus-koristuskaru-roostevaba-teras-4-tasandiline-860x530x1250mm-adexa-rst4a\\\/#primaryimage\"},\"image\":{\"@id\":\"https:\\\/\\\/adexa.ee\\\/toode\\\/serveerimis-teenindus-koristuskaru-roostevaba-teras-4-tasandiline-860x530x1250mm-adexa-rst4a\\\/#primaryimage\"},\"thumbnailUrl\":\"https:\\\/\\\/adexa.ee\\\/wp-content\\\/uploads\\\/2024\\\/12\\\/RST4.jpg\",\"datePublished\":\"2026-03-30T10:45:45+00:00\",\"dateModified\":\"2026-03-30T10:45:46+00:00\",\"breadcrumb\":{\"@id\":\"https:\\\/\\\/adexa.ee\\\/toode\\\/serveerimis-teenindus-koristuskaru-roostevaba-teras-4-tasandiline-860x530x1250mm-adexa-rst4a\\\/#breadcrumb\"},\"inLanguage\":\"en-US\",\"potentialAction\":[{\"@type\":\"ReadAction\",\"target\":[\"https:\\\/\\\/adexa.ee\\\/toode\\\/serveerimis-teenindus-koristuskaru-roostevaba-teras-4-tasandiline-860x530x1250mm-adexa-rst4a\\\/\"]}]},{\"@type\":\"ImageObject\",\"inLanguage\":\"en-US\",\"@id\":\"https:\\\/\\\/adexa.ee\\\/toode\\\/serveerimis-teenindus-koristuskaru-roostevaba-teras-4-tasandiline-860x530x1250mm-adexa-rst4a\\\/#primaryimage\",\"url\":\"https:\\\/\\\/adexa.ee\\\/wp-content\\\/uploads\\\/2024\\\/12\\\/RST4.jpg\",\"contentUrl\":\"https:\\\/\\\/adexa.ee\\\/wp-content\\\/uploads\\\/2024\\\/12\\\/RST4.jpg\",\"width\":1500,\"height\":1500},{\"@type\":\"BreadcrumbList\",\"@id\":\"https:\\\/\\\/adexa.ee\\\/toode\\\/serveerimis-teenindus-koristuskaru-roostevaba-teras-4-tasandiline-860x530x1250mm-adexa-rst4a\\\/#breadcrumb\",\"itemListElement\":[{\"@type\":\"ListItem\",\"position\":1,\"name\":\"Home\",\"item\":\"https:\\\/\\\/adexa.ee\\\/\"},{\"@type\":\"ListItem\",\"position\":2,\"name\":\"Tooted\",\"item\":\"https:\\\/\\\/adexa.ee\\\/pood\\\/\"},{\"@type\":\"ListItem\",\"position\":3,\"name\":\"Serveerimis-\\\/Teenindus-\\\/Koristusk\u00e4ru Roostevaba Teras 4-Tasandiline 860X530X1250Mm | Adexa Rst4A\"}]},{\"@type\":\"WebSite\",\"@id\":\"https:\\\/\\\/adexa.ee\\\/#website\",\"url\":\"https:\\\/\\\/adexa.ee\\\/\",\"name\":\"Adexa\",\"description\":\"\",\"publisher\":{\"@id\":\"https:\\\/\\\/adexa.ee\\\/#organization\"},\"potentialAction\":[{\"@type\":\"SearchAction\",\"target\":{\"@type\":\"EntryPoint\",\"urlTemplate\":\"https:\\\/\\\/adexa.ee\\\/?s={search_term_string}\"},\"query-input\":{\"@type\":\"PropertyValueSpecification\",\"valueRequired\":true,\"valueName\":\"search_term_string\"}}],\"inLanguage\":\"en-US\"},{\"@type\":\"Organization\",\"@id\":\"https:\\\/\\\/adexa.ee\\\/#organization\",\"name\":\"Adexa\",\"url\":\"https:\\\/\\\/adexa.ee\\\/\",\"logo\":{\"@type\":\"ImageObject\",\"inLanguage\":\"en-US\",\"@id\":\"https:\\\/\\\/adexa.ee\\\/#\\\/schema\\\/logo\\\/image\\\/\",\"url\":\"https:\\\/\\\/adexa.ee\\\/wp-content\\\/uploads\\\/2024\\\/04\\\/chef-cooks-working-in-professional-kitchen-2023-11-27-05-07-39-utc-scaled.jpg\",\"contentUrl\":\"https:\\\/\\\/adexa.ee\\\/wp-content\\\/uploads\\\/2024\\\/04\\\/chef-cooks-working-in-professional-kitchen-2023-11-27-05-07-39-utc-scaled.jpg\",\"width\":2560,\"height\":1708,\"caption\":\"Adexa\"},\"image\":{\"@id\":\"https:\\\/\\\/adexa.ee\\\/#\\\/schema\\\/logo\\\/image\\\/\"}}]}<\/script>\n<!-- \/ Yoast SEO plugin. -->","yoast_head_json":{"title":"Serveerimis-\/Teenindus-\/Koristusk\u00e4ru Roostevaba Teras 4-Tasandiline 860X530X1250Mm | Adexa Rst4A - Adexa \u2013 Suurk\u00f6\u00f6giseadmed restoranidele ja toitlustusele","robots":{"index":"index","follow":"follow","max-snippet":"max-snippet:-1","max-image-preview":"max-image-preview:large","max-video-preview":"max-video-preview:-1"},"canonical":"https:\/\/adexa.ee\/toode\/serveerimis-teenindus-koristuskaru-roostevaba-teras-4-tasandiline-860x530x1250mm-adexa-rst4a\/","og_locale":"en_US","og_type":"article","og_title":"Serveerimis-\/Teenindus-\/Koristusk\u00e4ru Roostevaba Teras 4-Tasandiline 860X530X1250Mm | Adexa Rst4A - Adexa \u2013 Suurk\u00f6\u00f6giseadmed restoranidele ja toitlustusele","og_description":"See serveerimisk\u00e4ru viie tugeva kandikupinnaga sobitub sujuvalt igasse keskkonda. T\u00e4nu oma vastupidavale konstruktsioonile sobib see eriti h\u00e4sti kasutamiseks s\u00f6\u00f6klates, suurtes","og_url":"https:\/\/adexa.ee\/toode\/serveerimis-teenindus-koristuskaru-roostevaba-teras-4-tasandiline-860x530x1250mm-adexa-rst4a\/","og_site_name":"Adexa \u2013 Suurk\u00f6\u00f6giseadmed restoranidele ja toitlustusele","article_modified_time":"2026-03-30T10:45:46+00:00","og_image":[{"width":1500,"height":1500,"url":"https:\/\/adexa.ee\/wp-content\/uploads\/2024\/12\/RST4.jpg","type":"image\/jpeg"}],"twitter_card":"summary_large_image","twitter_misc":{"Est. reading time":"1 minute"},"schema":{"@context":"https:\/\/schema.org","@graph":[{"@type":"WebPage","@id":"https:\/\/adexa.ee\/toode\/serveerimis-teenindus-koristuskaru-roostevaba-teras-4-tasandiline-860x530x1250mm-adexa-rst4a\/","url":"https:\/\/adexa.ee\/toode\/serveerimis-teenindus-koristuskaru-roostevaba-teras-4-tasandiline-860x530x1250mm-adexa-rst4a\/","name":"Serveerimis-\/Teenindus-\/Koristusk\u00e4ru Roostevaba Teras 4-Tasandiline 860X530X1250Mm | Adexa Rst4A - Adexa \u2013 Suurk\u00f6\u00f6giseadmed restoranidele ja toitlustusele","isPartOf":{"@id":"https:\/\/adexa.ee\/#website"},"primaryImageOfPage":{"@id":"https:\/\/adexa.ee\/toode\/serveerimis-teenindus-koristuskaru-roostevaba-teras-4-tasandiline-860x530x1250mm-adexa-rst4a\/#primaryimage"},"image":{"@id":"https:\/\/adexa.ee\/toode\/serveerimis-teenindus-koristuskaru-roostevaba-teras-4-tasandiline-860x530x1250mm-adexa-rst4a\/#primaryimage"},"thumbnailUrl":"https:\/\/adexa.ee\/wp-content\/uploads\/2024\/12\/RST4.jpg","datePublished":"2026-03-30T10:45:45+00:00","dateModified":"2026-03-30T10:45:46+00:00","breadcrumb":{"@id":"https:\/\/adexa.ee\/toode\/serveerimis-teenindus-koristuskaru-roostevaba-teras-4-tasandiline-860x530x1250mm-adexa-rst4a\/#breadcrumb"},"inLanguage":"en-US","potentialAction":[{"@type":"ReadAction","target":["https:\/\/adexa.ee\/toode\/serveerimis-teenindus-koristuskaru-roostevaba-teras-4-tasandiline-860x530x1250mm-adexa-rst4a\/"]}]},{"@type":"ImageObject","inLanguage":"en-US","@id":"https:\/\/adexa.ee\/toode\/serveerimis-teenindus-koristuskaru-roostevaba-teras-4-tasandiline-860x530x1250mm-adexa-rst4a\/#primaryimage","url":"https:\/\/adexa.ee\/wp-content\/uploads\/2024\/12\/RST4.jpg","contentUrl":"https:\/\/adexa.ee\/wp-content\/uploads\/2024\/12\/RST4.jpg","width":1500,"height":1500},{"@type":"BreadcrumbList","@id":"https:\/\/adexa.ee\/toode\/serveerimis-teenindus-koristuskaru-roostevaba-teras-4-tasandiline-860x530x1250mm-adexa-rst4a\/#breadcrumb","itemListElement":[{"@type":"ListItem","position":1,"name":"Home","item":"https:\/\/adexa.ee\/"},{"@type":"ListItem","position":2,"name":"Tooted","item":"https:\/\/adexa.ee\/pood\/"},{"@type":"ListItem","position":3,"name":"Serveerimis-\/Teenindus-\/Koristusk\u00e4ru Roostevaba Teras 4-Tasandiline 860X530X1250Mm | Adexa Rst4A"}]},{"@type":"WebSite","@id":"https:\/\/adexa.ee\/#website","url":"https:\/\/adexa.ee\/","name":"Adexa","description":"","publisher":{"@id":"https:\/\/adexa.ee\/#organization"},"potentialAction":[{"@type":"SearchAction","target":{"@type":"EntryPoint","urlTemplate":"https:\/\/adexa.ee\/?s={search_term_string}"},"query-input":{"@type":"PropertyValueSpecification","valueRequired":true,"valueName":"search_term_string"}}],"inLanguage":"en-US"},{"@type":"Organization","@id":"https:\/\/adexa.ee\/#organization","name":"Adexa","url":"https:\/\/adexa.ee\/","logo":{"@type":"ImageObject","inLanguage":"en-US","@id":"https:\/\/adexa.ee\/#\/schema\/logo\/image\/","url":"https:\/\/adexa.ee\/wp-content\/uploads\/2024\/04\/chef-cooks-working-in-professional-kitchen-2023-11-27-05-07-39-utc-scaled.jpg","contentUrl":"https:\/\/adexa.ee\/wp-content\/uploads\/2024\/04\/chef-cooks-working-in-professional-kitchen-2023-11-27-05-07-39-utc-scaled.jpg","width":2560,"height":1708,"caption":"Adexa"},"image":{"@id":"https:\/\/adexa.ee\/#\/schema\/logo\/image\/"}}]}},"_links":{"self":[{"href":"https:\/\/adexa.ee\/en\/wp-json\/wp\/v2\/product\/16249","targetHints":{"allow":["GET"]}}],"collection":[{"href":"https:\/\/adexa.ee\/en\/wp-json\/wp\/v2\/product"}],"about":[{"href":"https:\/\/adexa.ee\/en\/wp-json\/wp\/v2\/types\/product"}],"wp:featuredmedia":[{"embeddable":true,"href":"https:\/\/adexa.ee\/en\/wp-json\/wp\/v2\/media\/14044"}],"wp:attachment":[{"href":"https:\/\/adexa.ee\/en\/wp-json\/wp\/v2\/media?parent=16249"}],"wp:term":[{"taxonomy":"product_brand","embeddable":true,"href":"https:\/\/adexa.ee\/en\/wp-json\/wp\/v2\/product_brand?post=16249"},{"taxonomy":"product_cat","embeddable":true,"href":"https:\/\/adexa.ee\/en\/wp-json\/wp\/v2\/product_cat?post=16249"},{"taxonomy":"product_tag","embeddable":true,"href":"https:\/\/adexa.ee\/en\/wp-json\/wp\/v2\/product_tag?post=16249"}],"curies":[{"name":"wp","href":"https:\/\/api.w.org\/{rel}","templated":true}]}}