{"id":16261,"date":"2026-03-26T10:45:43","date_gmt":"2026-03-26T08:45:43","guid":{"rendered":"https:\/\/adexa.ee\/toode\/kaubanduslik-toopinna-porandakapp-2-liugustega-roostevaba-teras-1400x700x850mm-adexa-scp14070\/"},"modified":"2026-03-26T10:45:45","modified_gmt":"2026-03-26T08:45:45","slug":"toopinna-porandakapp-2-liugustega-roostevaba-teras-1400x700x850mm-adexa-scp14070","status":"publish","type":"product","link":"https:\/\/adexa.ee\/en\/toode\/toopinna-porandakapp-2-liugustega-roostevaba-teras-1400x700x850mm-adexa-scp14070\/","title":{"rendered":"T\u00f6\u00f6pinna P\u00f5randakapp 2 Liugustega Roostevaba Teras 1400X700X850Mm | Adexa Scp14070"},"content":{"rendered":"<p>See roostevabast terasest kapp sobib ideaalselt kasutamiseks teie restorani v\u00f5i toitlustusasutuse t\u00f6\u00f6laudade asemel. Toodetud t\u00e4ielikult kvaliteetsest roostevabast terasest. Raskeveokite professionaalne k\u00f6\u00f6gialus, mis talub h\u00f5ivatud k\u00f6\u00f6gi n\u00f5udmisi. Kasulik selliste toiduainete nagu riisi v\u00f5i jahu hulgikogustes hoidmiseks. Sellel kapil on kergesti liuglevad uksed. \u00dcksikasjaliku informatsiooni saamiseks vaadake jaotist &#8216;Spetsifikatsioon&#8217;.<\/p>\n<table style=\"border-collapse: collapse; width: 100%; text-align: left;\">\n<tbody>\n<tr>\n<td style=\"border: 1px solid #ddd; padding: 8px; width: 45%;\"><strong>S\u00fcgavus<\/strong><\/td>\n<td style=\"border: 1px solid #ddd; padding: 8px;\">700 mm<\/td>\n<\/tr>\n<tr>\n<td style=\"border: 1px solid #ddd; padding: 8px; width: 45%;\"><strong>K\u00f5rgus<\/strong><\/td>\n<td style=\"border: 1px solid #ddd; padding: 8px;\">Reguleeritav 850-900mm<\/td>\n<\/tr>\n<tr>\n<td style=\"border: 1px solid #ddd; padding: 8px; width: 45%;\"><strong>Laius<\/strong><\/td>\n<td style=\"border: 1px solid #ddd; padding: 8px;\">1400 mm<\/td>\n<\/tr>\n<tr>\n<td style=\"border: 1px solid #ddd; padding: 8px; width: 45%;\"><strong>Kaal<\/strong><\/td>\n<td style=\"border: 1px solid #ddd; padding: 8px;\">45 kg<\/td>\n<\/tr>\n<tr>\n<td style=\"border: 1px solid #ddd; padding: 8px; width: 45%;\"><strong>Garantii<\/strong><\/td>\n<td style=\"border: 1px solid #ddd; padding: 8px;\">12 kuu varuosade garantii<\/td>\n<\/tr>\n<tr>\n<td style=\"border: 1px solid #ddd; padding: 8px; width: 45%;\"><strong>Uksed \/ Sahtlid<\/strong><\/td>\n<td style=\"border: 1px solid #ddd; padding: 8px;\">2 l\u00fckandust<\/td>\n<\/tr>\n<tr>\n<td style=\"border: 1px solid #ddd; padding: 8px; width: 45%;\"><strong>Materjal<\/strong><\/td>\n<td style=\"border: 1px solid #ddd; padding: 8px;\">Roostevaba teras<\/td>\n<\/tr>\n<\/tbody>\n<\/table>\n","protected":false},"excerpt":{"rendered":"<p>See roostevabast terasest kapp sobib ideaalselt kasutamiseks teie restorani v\u00f5i toitlustusasutuse t\u00f6\u00f6laudade asemel. Toodetud t\u00e4ielikult kvaliteetsest roostevabast terasest. Raskeveokite professionaalne<\/p>\n","protected":false},"featured_media":11347,"template":"","meta":[],"product_brand":[],"product_cat":[615,572,716],"product_tag":[],"class_list":{"0":"post-16261","1":"product","2":"type-product","3":"status-publish","4":"has-post-thumbnail","6":"product_cat-aluslaekapid","7":"product_cat-roostevabad-tooted","8":"product_cat-sugavus-700-mm","10":"first","11":"instock","12":"sale","13":"taxable","14":"shipping-taxable","15":"purchasable","16":"product-type-simple"},"yoast_head":"<!-- This site is optimized with the Yoast SEO plugin v27.3 - https:\/\/yoast.com\/product\/yoast-seo-wordpress\/ -->\n<title>T\u00f6\u00f6pinna P\u00f5randakapp 2 Liugustega Roostevaba Teras 1400X700X850Mm | Adexa Scp14070 - Adexa \u2013 Suurk\u00f6\u00f6giseadmed restoranidele ja toitlustusele<\/title>\n<meta name=\"robots\" content=\"index, follow, max-snippet:-1, max-image-preview:large, max-video-preview:-1\" \/>\n<link rel=\"canonical\" href=\"https:\/\/adexa.ee\/toode\/toopinna-porandakapp-2-liugustega-roostevaba-teras-1400x700x850mm-adexa-scp14070\/\" \/>\n<meta property=\"og:locale\" content=\"en_US\" \/>\n<meta property=\"og:type\" content=\"article\" \/>\n<meta property=\"og:title\" content=\"T\u00f6\u00f6pinna P\u00f5randakapp 2 Liugustega Roostevaba Teras 1400X700X850Mm | Adexa Scp14070 - Adexa \u2013 Suurk\u00f6\u00f6giseadmed restoranidele ja toitlustusele\" \/>\n<meta property=\"og:description\" content=\"See roostevabast terasest kapp sobib ideaalselt kasutamiseks teie restorani v\u00f5i toitlustusasutuse t\u00f6\u00f6laudade asemel. Toodetud t\u00e4ielikult kvaliteetsest roostevabast terasest. Raskeveokite professionaalne\" \/>\n<meta property=\"og:url\" content=\"https:\/\/adexa.ee\/toode\/toopinna-porandakapp-2-liugustega-roostevaba-teras-1400x700x850mm-adexa-scp14070\/\" \/>\n<meta property=\"og:site_name\" content=\"Adexa \u2013 Suurk\u00f6\u00f6giseadmed restoranidele ja toitlustusele\" \/>\n<meta property=\"article:modified_time\" content=\"2026-03-26T08:45:45+00:00\" \/>\n<meta property=\"og:image\" content=\"https:\/\/adexa.ee\/wp-content\/uploads\/2024\/12\/SCP.jpg\" \/>\n\t<meta property=\"og:image:width\" content=\"2000\" \/>\n\t<meta property=\"og:image:height\" content=\"2000\" \/>\n\t<meta property=\"og:image:type\" content=\"image\/jpeg\" \/>\n<meta name=\"twitter:card\" content=\"summary_large_image\" \/>\n<script type=\"application\/ld+json\" class=\"yoast-schema-graph\">{\"@context\":\"https:\\\/\\\/schema.org\",\"@graph\":[{\"@type\":\"WebPage\",\"@id\":\"https:\\\/\\\/adexa.ee\\\/toode\\\/toopinna-porandakapp-2-liugustega-roostevaba-teras-1400x700x850mm-adexa-scp14070\\\/\",\"url\":\"https:\\\/\\\/adexa.ee\\\/toode\\\/toopinna-porandakapp-2-liugustega-roostevaba-teras-1400x700x850mm-adexa-scp14070\\\/\",\"name\":\"T\u00f6\u00f6pinna P\u00f5randakapp 2 Liugustega Roostevaba Teras 1400X700X850Mm | Adexa Scp14070 - Adexa \u2013 Suurk\u00f6\u00f6giseadmed restoranidele ja toitlustusele\",\"isPartOf\":{\"@id\":\"https:\\\/\\\/adexa.ee\\\/#website\"},\"primaryImageOfPage\":{\"@id\":\"https:\\\/\\\/adexa.ee\\\/toode\\\/toopinna-porandakapp-2-liugustega-roostevaba-teras-1400x700x850mm-adexa-scp14070\\\/#primaryimage\"},\"image\":{\"@id\":\"https:\\\/\\\/adexa.ee\\\/toode\\\/toopinna-porandakapp-2-liugustega-roostevaba-teras-1400x700x850mm-adexa-scp14070\\\/#primaryimage\"},\"thumbnailUrl\":\"https:\\\/\\\/adexa.ee\\\/wp-content\\\/uploads\\\/2024\\\/12\\\/SCP.jpg\",\"datePublished\":\"2026-03-26T08:45:43+00:00\",\"dateModified\":\"2026-03-26T08:45:45+00:00\",\"breadcrumb\":{\"@id\":\"https:\\\/\\\/adexa.ee\\\/toode\\\/toopinna-porandakapp-2-liugustega-roostevaba-teras-1400x700x850mm-adexa-scp14070\\\/#breadcrumb\"},\"inLanguage\":\"en-US\",\"potentialAction\":[{\"@type\":\"ReadAction\",\"target\":[\"https:\\\/\\\/adexa.ee\\\/toode\\\/toopinna-porandakapp-2-liugustega-roostevaba-teras-1400x700x850mm-adexa-scp14070\\\/\"]}]},{\"@type\":\"ImageObject\",\"inLanguage\":\"en-US\",\"@id\":\"https:\\\/\\\/adexa.ee\\\/toode\\\/toopinna-porandakapp-2-liugustega-roostevaba-teras-1400x700x850mm-adexa-scp14070\\\/#primaryimage\",\"url\":\"https:\\\/\\\/adexa.ee\\\/wp-content\\\/uploads\\\/2024\\\/12\\\/SCP.jpg\",\"contentUrl\":\"https:\\\/\\\/adexa.ee\\\/wp-content\\\/uploads\\\/2024\\\/12\\\/SCP.jpg\",\"width\":2000,\"height\":2000},{\"@type\":\"BreadcrumbList\",\"@id\":\"https:\\\/\\\/adexa.ee\\\/toode\\\/toopinna-porandakapp-2-liugustega-roostevaba-teras-1400x700x850mm-adexa-scp14070\\\/#breadcrumb\",\"itemListElement\":[{\"@type\":\"ListItem\",\"position\":1,\"name\":\"Home\",\"item\":\"https:\\\/\\\/adexa.ee\\\/\"},{\"@type\":\"ListItem\",\"position\":2,\"name\":\"Tooted\",\"item\":\"https:\\\/\\\/adexa.ee\\\/pood\\\/\"},{\"@type\":\"ListItem\",\"position\":3,\"name\":\"T\u00f6\u00f6pinna P\u00f5randakapp 2 Liugustega Roostevaba Teras 1400X700X850Mm | Adexa Scp14070\"}]},{\"@type\":\"WebSite\",\"@id\":\"https:\\\/\\\/adexa.ee\\\/#website\",\"url\":\"https:\\\/\\\/adexa.ee\\\/\",\"name\":\"Adexa\",\"description\":\"\",\"publisher\":{\"@id\":\"https:\\\/\\\/adexa.ee\\\/#organization\"},\"potentialAction\":[{\"@type\":\"SearchAction\",\"target\":{\"@type\":\"EntryPoint\",\"urlTemplate\":\"https:\\\/\\\/adexa.ee\\\/?s={search_term_string}\"},\"query-input\":{\"@type\":\"PropertyValueSpecification\",\"valueRequired\":true,\"valueName\":\"search_term_string\"}}],\"inLanguage\":\"en-US\"},{\"@type\":\"Organization\",\"@id\":\"https:\\\/\\\/adexa.ee\\\/#organization\",\"name\":\"Adexa\",\"url\":\"https:\\\/\\\/adexa.ee\\\/\",\"logo\":{\"@type\":\"ImageObject\",\"inLanguage\":\"en-US\",\"@id\":\"https:\\\/\\\/adexa.ee\\\/#\\\/schema\\\/logo\\\/image\\\/\",\"url\":\"https:\\\/\\\/adexa.ee\\\/wp-content\\\/uploads\\\/2024\\\/04\\\/chef-cooks-working-in-professional-kitchen-2023-11-27-05-07-39-utc-scaled.jpg\",\"contentUrl\":\"https:\\\/\\\/adexa.ee\\\/wp-content\\\/uploads\\\/2024\\\/04\\\/chef-cooks-working-in-professional-kitchen-2023-11-27-05-07-39-utc-scaled.jpg\",\"width\":2560,\"height\":1708,\"caption\":\"Adexa\"},\"image\":{\"@id\":\"https:\\\/\\\/adexa.ee\\\/#\\\/schema\\\/logo\\\/image\\\/\"}}]}<\/script>\n<!-- \/ Yoast SEO plugin. -->","yoast_head_json":{"title":"T\u00f6\u00f6pinna P\u00f5randakapp 2 Liugustega Roostevaba Teras 1400X700X850Mm | Adexa Scp14070 - Adexa \u2013 Suurk\u00f6\u00f6giseadmed restoranidele ja toitlustusele","robots":{"index":"index","follow":"follow","max-snippet":"max-snippet:-1","max-image-preview":"max-image-preview:large","max-video-preview":"max-video-preview:-1"},"canonical":"https:\/\/adexa.ee\/toode\/toopinna-porandakapp-2-liugustega-roostevaba-teras-1400x700x850mm-adexa-scp14070\/","og_locale":"en_US","og_type":"article","og_title":"T\u00f6\u00f6pinna P\u00f5randakapp 2 Liugustega Roostevaba Teras 1400X700X850Mm | Adexa Scp14070 - Adexa \u2013 Suurk\u00f6\u00f6giseadmed restoranidele ja toitlustusele","og_description":"See roostevabast terasest kapp sobib ideaalselt kasutamiseks teie restorani v\u00f5i toitlustusasutuse t\u00f6\u00f6laudade asemel. Toodetud t\u00e4ielikult kvaliteetsest roostevabast terasest. Raskeveokite professionaalne","og_url":"https:\/\/adexa.ee\/toode\/toopinna-porandakapp-2-liugustega-roostevaba-teras-1400x700x850mm-adexa-scp14070\/","og_site_name":"Adexa \u2013 Suurk\u00f6\u00f6giseadmed restoranidele ja toitlustusele","article_modified_time":"2026-03-26T08:45:45+00:00","og_image":[{"width":2000,"height":2000,"url":"https:\/\/adexa.ee\/wp-content\/uploads\/2024\/12\/SCP.jpg","type":"image\/jpeg"}],"twitter_card":"summary_large_image","schema":{"@context":"https:\/\/schema.org","@graph":[{"@type":"WebPage","@id":"https:\/\/adexa.ee\/toode\/toopinna-porandakapp-2-liugustega-roostevaba-teras-1400x700x850mm-adexa-scp14070\/","url":"https:\/\/adexa.ee\/toode\/toopinna-porandakapp-2-liugustega-roostevaba-teras-1400x700x850mm-adexa-scp14070\/","name":"T\u00f6\u00f6pinna P\u00f5randakapp 2 Liugustega Roostevaba Teras 1400X700X850Mm | Adexa Scp14070 - Adexa \u2013 Suurk\u00f6\u00f6giseadmed restoranidele ja toitlustusele","isPartOf":{"@id":"https:\/\/adexa.ee\/#website"},"primaryImageOfPage":{"@id":"https:\/\/adexa.ee\/toode\/toopinna-porandakapp-2-liugustega-roostevaba-teras-1400x700x850mm-adexa-scp14070\/#primaryimage"},"image":{"@id":"https:\/\/adexa.ee\/toode\/toopinna-porandakapp-2-liugustega-roostevaba-teras-1400x700x850mm-adexa-scp14070\/#primaryimage"},"thumbnailUrl":"https:\/\/adexa.ee\/wp-content\/uploads\/2024\/12\/SCP.jpg","datePublished":"2026-03-26T08:45:43+00:00","dateModified":"2026-03-26T08:45:45+00:00","breadcrumb":{"@id":"https:\/\/adexa.ee\/toode\/toopinna-porandakapp-2-liugustega-roostevaba-teras-1400x700x850mm-adexa-scp14070\/#breadcrumb"},"inLanguage":"en-US","potentialAction":[{"@type":"ReadAction","target":["https:\/\/adexa.ee\/toode\/toopinna-porandakapp-2-liugustega-roostevaba-teras-1400x700x850mm-adexa-scp14070\/"]}]},{"@type":"ImageObject","inLanguage":"en-US","@id":"https:\/\/adexa.ee\/toode\/toopinna-porandakapp-2-liugustega-roostevaba-teras-1400x700x850mm-adexa-scp14070\/#primaryimage","url":"https:\/\/adexa.ee\/wp-content\/uploads\/2024\/12\/SCP.jpg","contentUrl":"https:\/\/adexa.ee\/wp-content\/uploads\/2024\/12\/SCP.jpg","width":2000,"height":2000},{"@type":"BreadcrumbList","@id":"https:\/\/adexa.ee\/toode\/toopinna-porandakapp-2-liugustega-roostevaba-teras-1400x700x850mm-adexa-scp14070\/#breadcrumb","itemListElement":[{"@type":"ListItem","position":1,"name":"Home","item":"https:\/\/adexa.ee\/"},{"@type":"ListItem","position":2,"name":"Tooted","item":"https:\/\/adexa.ee\/pood\/"},{"@type":"ListItem","position":3,"name":"T\u00f6\u00f6pinna P\u00f5randakapp 2 Liugustega Roostevaba Teras 1400X700X850Mm | Adexa Scp14070"}]},{"@type":"WebSite","@id":"https:\/\/adexa.ee\/#website","url":"https:\/\/adexa.ee\/","name":"Adexa","description":"","publisher":{"@id":"https:\/\/adexa.ee\/#organization"},"potentialAction":[{"@type":"SearchAction","target":{"@type":"EntryPoint","urlTemplate":"https:\/\/adexa.ee\/?s={search_term_string}"},"query-input":{"@type":"PropertyValueSpecification","valueRequired":true,"valueName":"search_term_string"}}],"inLanguage":"en-US"},{"@type":"Organization","@id":"https:\/\/adexa.ee\/#organization","name":"Adexa","url":"https:\/\/adexa.ee\/","logo":{"@type":"ImageObject","inLanguage":"en-US","@id":"https:\/\/adexa.ee\/#\/schema\/logo\/image\/","url":"https:\/\/adexa.ee\/wp-content\/uploads\/2024\/04\/chef-cooks-working-in-professional-kitchen-2023-11-27-05-07-39-utc-scaled.jpg","contentUrl":"https:\/\/adexa.ee\/wp-content\/uploads\/2024\/04\/chef-cooks-working-in-professional-kitchen-2023-11-27-05-07-39-utc-scaled.jpg","width":2560,"height":1708,"caption":"Adexa"},"image":{"@id":"https:\/\/adexa.ee\/#\/schema\/logo\/image\/"}}]}},"_links":{"self":[{"href":"https:\/\/adexa.ee\/en\/wp-json\/wp\/v2\/product\/16261","targetHints":{"allow":["GET"]}}],"collection":[{"href":"https:\/\/adexa.ee\/en\/wp-json\/wp\/v2\/product"}],"about":[{"href":"https:\/\/adexa.ee\/en\/wp-json\/wp\/v2\/types\/product"}],"wp:featuredmedia":[{"embeddable":true,"href":"https:\/\/adexa.ee\/en\/wp-json\/wp\/v2\/media\/11347"}],"wp:attachment":[{"href":"https:\/\/adexa.ee\/en\/wp-json\/wp\/v2\/media?parent=16261"}],"wp:term":[{"taxonomy":"product_brand","embeddable":true,"href":"https:\/\/adexa.ee\/en\/wp-json\/wp\/v2\/product_brand?post=16261"},{"taxonomy":"product_cat","embeddable":true,"href":"https:\/\/adexa.ee\/en\/wp-json\/wp\/v2\/product_cat?post=16261"},{"taxonomy":"product_tag","embeddable":true,"href":"https:\/\/adexa.ee\/en\/wp-json\/wp\/v2\/product_tag?post=16261"}],"curies":[{"name":"wp","href":"https:\/\/api.w.org\/{rel}","templated":true}]}}