{"id":16290,"date":"2026-03-26T10:45:43","date_gmt":"2026-03-26T08:45:43","guid":{"rendered":"https:\/\/adexa.ee\/toode\/punane-sametist-tokkerope-hobedaste-otstega-15-m-adexa-vr01rs\/"},"modified":"2026-03-26T10:45:48","modified_gmt":"2026-03-26T08:45:48","slug":"punane-sametist-eralduspael-hobedaste-otstega-15-m-adexa-vr01rs","status":"publish","type":"product","link":"https:\/\/adexa.ee\/en\/toode\/punane-sametist-eralduspael-hobedaste-otstega-15-m-adexa-vr01rs\/","title":{"rendered":"Punane sametist eralduspael h\u00f5bedaste otstega 1,5 m | Adexa VR01RS"},"content":{"rendered":"<p>Varustatud pehme veluurk\u00f6ie disainiga ja h\u00f5bedaste otstega, see k\u00f6is juhendab k\u00f5iki k\u00fclalisi nende \u00f5igetele kohtadele. Nii klassikaline kui ka elegantne, see rahvamassi juhtiv k\u00f6is tagab usaldusv\u00e4\u00e4rse abistuse teie restoranis, \u00f6\u00f6klubis v\u00f5i kasiinos. K\u00f6ie liigutamist lihtsustavad kergesti avatavad ja suletavad konksotsad. Pikkus: 1500 mm Konksu l\u00e4bim\u00f5\u00f5t: 28 mm<\/p>\n<table style=\"border-collapse: collapse; width: 100%; text-align: left;\">\n<tbody>\n<tr>\n<td style=\"border: 1px solid #ddd; padding: 8px; width: 45%;\"><strong>Kaal<\/strong><\/td>\n<td style=\"border: 1px solid #ddd; padding: 8px;\">0.5 kg<\/td>\n<\/tr>\n<tr>\n<td style=\"border: 1px solid #ddd; padding: 8px; width: 45%;\"><strong>Garantii<\/strong><\/td>\n<td style=\"border: 1px solid #ddd; padding: 8px;\">12 kuu varuosade garantii<\/td>\n<\/tr>\n<tr>\n<td style=\"border: 1px solid #ddd; padding: 8px; width: 45%;\"><strong>Materjal<\/strong><\/td>\n<td style=\"border: 1px solid #ddd; padding: 8px;\">Samet<\/td>\n<\/tr>\n<tr>\n<td style=\"border: 1px solid #ddd; padding: 8px; width: 45%;\"><strong>V\u00e4rv<\/strong><\/td>\n<td style=\"border: 1px solid #ddd; padding: 8px;\">Punane (k\u00f6is) \/ H\u00f5be (otsad)<\/td>\n<\/tr>\n<tr>\n<td style=\"border: 1px solid #ddd; padding: 8px; width: 45%;\"><strong>L\u00e4bim\u00f5\u00f5t<\/strong><\/td>\n<td style=\"border: 1px solid #ddd; padding: 8px;\">28 mm<\/td>\n<\/tr>\n<tr>\n<td style=\"border: 1px solid #ddd; padding: 8px; width: 45%;\"><strong>Pikkus<\/strong><\/td>\n<td style=\"border: 1px solid #ddd; padding: 8px;\">1500 mm<\/td>\n<\/tr>\n<\/tbody>\n<\/table>\n","protected":false},"excerpt":{"rendered":"<p>Varustatud pehme veluurk\u00f6ie disainiga ja h\u00f5bedaste otstega, see k\u00f6is juhendab k\u00f5iki k\u00fclalisi nende \u00f5igetele kohtadele. Nii klassikaline kui ka elegantne,<\/p>\n","protected":false},"featured_media":16292,"template":"","meta":[],"product_brand":[],"product_cat":[621,561],"product_tag":[],"class_list":{"0":"post-16290","1":"product","2":"type-product","3":"status-publish","4":"has-post-thumbnail","6":"product_cat-eralduspostid-ja-paelad","7":"product_cat-moobel-ja-hoiustamine","9":"first","10":"instock","11":"sale","12":"taxable","13":"shipping-taxable","14":"purchasable","15":"product-type-simple"},"yoast_head":"<!-- This site is optimized with the Yoast SEO plugin v27.3 - https:\/\/yoast.com\/product\/yoast-seo-wordpress\/ -->\n<title>Punane sametist eralduspael h\u00f5bedaste otstega 1,5 m | Adexa VR01RS - Adexa \u2013 Suurk\u00f6\u00f6giseadmed restoranidele ja toitlustusele<\/title>\n<meta name=\"robots\" content=\"index, follow, max-snippet:-1, max-image-preview:large, max-video-preview:-1\" \/>\n<link rel=\"canonical\" href=\"https:\/\/adexa.ee\/toode\/punane-sametist-eralduspael-hobedaste-otstega-15-m-adexa-vr01rs\/\" \/>\n<meta property=\"og:locale\" content=\"en_US\" \/>\n<meta property=\"og:type\" content=\"article\" \/>\n<meta property=\"og:title\" content=\"Punane sametist eralduspael h\u00f5bedaste otstega 1,5 m | Adexa VR01RS - Adexa \u2013 Suurk\u00f6\u00f6giseadmed restoranidele ja toitlustusele\" \/>\n<meta property=\"og:description\" content=\"Varustatud pehme veluurk\u00f6ie disainiga ja h\u00f5bedaste otstega, see k\u00f6is juhendab k\u00f5iki k\u00fclalisi nende \u00f5igetele kohtadele. Nii klassikaline kui ka elegantne,\" \/>\n<meta property=\"og:url\" content=\"https:\/\/adexa.ee\/toode\/punane-sametist-eralduspael-hobedaste-otstega-15-m-adexa-vr01rs\/\" \/>\n<meta property=\"og:site_name\" content=\"Adexa \u2013 Suurk\u00f6\u00f6giseadmed restoranidele ja toitlustusele\" \/>\n<meta property=\"article:modified_time\" content=\"2026-03-26T08:45:48+00:00\" \/>\n<meta property=\"og:image\" content=\"https:\/\/adexa.ee\/wp-content\/uploads\/2024\/12\/VR01-S-R.jpg\" \/>\n\t<meta property=\"og:image:width\" content=\"1500\" \/>\n\t<meta property=\"og:image:height\" content=\"1500\" \/>\n\t<meta property=\"og:image:type\" content=\"image\/jpeg\" \/>\n<meta name=\"twitter:card\" content=\"summary_large_image\" \/>\n<script type=\"application\/ld+json\" class=\"yoast-schema-graph\">{\"@context\":\"https:\\\/\\\/schema.org\",\"@graph\":[{\"@type\":\"WebPage\",\"@id\":\"https:\\\/\\\/adexa.ee\\\/toode\\\/punane-sametist-eralduspael-hobedaste-otstega-15-m-adexa-vr01rs\\\/\",\"url\":\"https:\\\/\\\/adexa.ee\\\/toode\\\/punane-sametist-eralduspael-hobedaste-otstega-15-m-adexa-vr01rs\\\/\",\"name\":\"Punane sametist eralduspael h\u00f5bedaste otstega 1,5 m | Adexa VR01RS - Adexa \u2013 Suurk\u00f6\u00f6giseadmed restoranidele ja toitlustusele\",\"isPartOf\":{\"@id\":\"https:\\\/\\\/adexa.ee\\\/#website\"},\"primaryImageOfPage\":{\"@id\":\"https:\\\/\\\/adexa.ee\\\/toode\\\/punane-sametist-eralduspael-hobedaste-otstega-15-m-adexa-vr01rs\\\/#primaryimage\"},\"image\":{\"@id\":\"https:\\\/\\\/adexa.ee\\\/toode\\\/punane-sametist-eralduspael-hobedaste-otstega-15-m-adexa-vr01rs\\\/#primaryimage\"},\"thumbnailUrl\":\"https:\\\/\\\/adexa.ee\\\/wp-content\\\/uploads\\\/2024\\\/12\\\/VR01-S-R.jpg\",\"datePublished\":\"2026-03-26T08:45:43+00:00\",\"dateModified\":\"2026-03-26T08:45:48+00:00\",\"breadcrumb\":{\"@id\":\"https:\\\/\\\/adexa.ee\\\/toode\\\/punane-sametist-eralduspael-hobedaste-otstega-15-m-adexa-vr01rs\\\/#breadcrumb\"},\"inLanguage\":\"en-US\",\"potentialAction\":[{\"@type\":\"ReadAction\",\"target\":[\"https:\\\/\\\/adexa.ee\\\/toode\\\/punane-sametist-eralduspael-hobedaste-otstega-15-m-adexa-vr01rs\\\/\"]}]},{\"@type\":\"ImageObject\",\"inLanguage\":\"en-US\",\"@id\":\"https:\\\/\\\/adexa.ee\\\/toode\\\/punane-sametist-eralduspael-hobedaste-otstega-15-m-adexa-vr01rs\\\/#primaryimage\",\"url\":\"https:\\\/\\\/adexa.ee\\\/wp-content\\\/uploads\\\/2024\\\/12\\\/VR01-S-R.jpg\",\"contentUrl\":\"https:\\\/\\\/adexa.ee\\\/wp-content\\\/uploads\\\/2024\\\/12\\\/VR01-S-R.jpg\",\"width\":1500,\"height\":1500},{\"@type\":\"BreadcrumbList\",\"@id\":\"https:\\\/\\\/adexa.ee\\\/toode\\\/punane-sametist-eralduspael-hobedaste-otstega-15-m-adexa-vr01rs\\\/#breadcrumb\",\"itemListElement\":[{\"@type\":\"ListItem\",\"position\":1,\"name\":\"Home\",\"item\":\"https:\\\/\\\/adexa.ee\\\/\"},{\"@type\":\"ListItem\",\"position\":2,\"name\":\"Tooted\",\"item\":\"https:\\\/\\\/adexa.ee\\\/pood\\\/\"},{\"@type\":\"ListItem\",\"position\":3,\"name\":\"Punane sametist eralduspael h\u00f5bedaste otstega 1,5 m | Adexa VR01RS\"}]},{\"@type\":\"WebSite\",\"@id\":\"https:\\\/\\\/adexa.ee\\\/#website\",\"url\":\"https:\\\/\\\/adexa.ee\\\/\",\"name\":\"Adexa\",\"description\":\"\",\"publisher\":{\"@id\":\"https:\\\/\\\/adexa.ee\\\/#organization\"},\"potentialAction\":[{\"@type\":\"SearchAction\",\"target\":{\"@type\":\"EntryPoint\",\"urlTemplate\":\"https:\\\/\\\/adexa.ee\\\/?s={search_term_string}\"},\"query-input\":{\"@type\":\"PropertyValueSpecification\",\"valueRequired\":true,\"valueName\":\"search_term_string\"}}],\"inLanguage\":\"en-US\"},{\"@type\":\"Organization\",\"@id\":\"https:\\\/\\\/adexa.ee\\\/#organization\",\"name\":\"Adexa\",\"url\":\"https:\\\/\\\/adexa.ee\\\/\",\"logo\":{\"@type\":\"ImageObject\",\"inLanguage\":\"en-US\",\"@id\":\"https:\\\/\\\/adexa.ee\\\/#\\\/schema\\\/logo\\\/image\\\/\",\"url\":\"https:\\\/\\\/adexa.ee\\\/wp-content\\\/uploads\\\/2024\\\/04\\\/chef-cooks-working-in-professional-kitchen-2023-11-27-05-07-39-utc-scaled.jpg\",\"contentUrl\":\"https:\\\/\\\/adexa.ee\\\/wp-content\\\/uploads\\\/2024\\\/04\\\/chef-cooks-working-in-professional-kitchen-2023-11-27-05-07-39-utc-scaled.jpg\",\"width\":2560,\"height\":1708,\"caption\":\"Adexa\"},\"image\":{\"@id\":\"https:\\\/\\\/adexa.ee\\\/#\\\/schema\\\/logo\\\/image\\\/\"}}]}<\/script>\n<!-- \/ Yoast SEO plugin. -->","yoast_head_json":{"title":"Punane sametist eralduspael h\u00f5bedaste otstega 1,5 m | Adexa VR01RS - Adexa \u2013 Suurk\u00f6\u00f6giseadmed restoranidele ja toitlustusele","robots":{"index":"index","follow":"follow","max-snippet":"max-snippet:-1","max-image-preview":"max-image-preview:large","max-video-preview":"max-video-preview:-1"},"canonical":"https:\/\/adexa.ee\/toode\/punane-sametist-eralduspael-hobedaste-otstega-15-m-adexa-vr01rs\/","og_locale":"en_US","og_type":"article","og_title":"Punane sametist eralduspael h\u00f5bedaste otstega 1,5 m | Adexa VR01RS - Adexa \u2013 Suurk\u00f6\u00f6giseadmed restoranidele ja toitlustusele","og_description":"Varustatud pehme veluurk\u00f6ie disainiga ja h\u00f5bedaste otstega, see k\u00f6is juhendab k\u00f5iki k\u00fclalisi nende \u00f5igetele kohtadele. Nii klassikaline kui ka elegantne,","og_url":"https:\/\/adexa.ee\/toode\/punane-sametist-eralduspael-hobedaste-otstega-15-m-adexa-vr01rs\/","og_site_name":"Adexa \u2013 Suurk\u00f6\u00f6giseadmed restoranidele ja toitlustusele","article_modified_time":"2026-03-26T08:45:48+00:00","og_image":[{"width":1500,"height":1500,"url":"https:\/\/adexa.ee\/wp-content\/uploads\/2024\/12\/VR01-S-R.jpg","type":"image\/jpeg"}],"twitter_card":"summary_large_image","schema":{"@context":"https:\/\/schema.org","@graph":[{"@type":"WebPage","@id":"https:\/\/adexa.ee\/toode\/punane-sametist-eralduspael-hobedaste-otstega-15-m-adexa-vr01rs\/","url":"https:\/\/adexa.ee\/toode\/punane-sametist-eralduspael-hobedaste-otstega-15-m-adexa-vr01rs\/","name":"Punane sametist eralduspael h\u00f5bedaste otstega 1,5 m | Adexa VR01RS - Adexa \u2013 Suurk\u00f6\u00f6giseadmed restoranidele ja toitlustusele","isPartOf":{"@id":"https:\/\/adexa.ee\/#website"},"primaryImageOfPage":{"@id":"https:\/\/adexa.ee\/toode\/punane-sametist-eralduspael-hobedaste-otstega-15-m-adexa-vr01rs\/#primaryimage"},"image":{"@id":"https:\/\/adexa.ee\/toode\/punane-sametist-eralduspael-hobedaste-otstega-15-m-adexa-vr01rs\/#primaryimage"},"thumbnailUrl":"https:\/\/adexa.ee\/wp-content\/uploads\/2024\/12\/VR01-S-R.jpg","datePublished":"2026-03-26T08:45:43+00:00","dateModified":"2026-03-26T08:45:48+00:00","breadcrumb":{"@id":"https:\/\/adexa.ee\/toode\/punane-sametist-eralduspael-hobedaste-otstega-15-m-adexa-vr01rs\/#breadcrumb"},"inLanguage":"en-US","potentialAction":[{"@type":"ReadAction","target":["https:\/\/adexa.ee\/toode\/punane-sametist-eralduspael-hobedaste-otstega-15-m-adexa-vr01rs\/"]}]},{"@type":"ImageObject","inLanguage":"en-US","@id":"https:\/\/adexa.ee\/toode\/punane-sametist-eralduspael-hobedaste-otstega-15-m-adexa-vr01rs\/#primaryimage","url":"https:\/\/adexa.ee\/wp-content\/uploads\/2024\/12\/VR01-S-R.jpg","contentUrl":"https:\/\/adexa.ee\/wp-content\/uploads\/2024\/12\/VR01-S-R.jpg","width":1500,"height":1500},{"@type":"BreadcrumbList","@id":"https:\/\/adexa.ee\/toode\/punane-sametist-eralduspael-hobedaste-otstega-15-m-adexa-vr01rs\/#breadcrumb","itemListElement":[{"@type":"ListItem","position":1,"name":"Home","item":"https:\/\/adexa.ee\/"},{"@type":"ListItem","position":2,"name":"Tooted","item":"https:\/\/adexa.ee\/pood\/"},{"@type":"ListItem","position":3,"name":"Punane sametist eralduspael h\u00f5bedaste otstega 1,5 m | Adexa VR01RS"}]},{"@type":"WebSite","@id":"https:\/\/adexa.ee\/#website","url":"https:\/\/adexa.ee\/","name":"Adexa","description":"","publisher":{"@id":"https:\/\/adexa.ee\/#organization"},"potentialAction":[{"@type":"SearchAction","target":{"@type":"EntryPoint","urlTemplate":"https:\/\/adexa.ee\/?s={search_term_string}"},"query-input":{"@type":"PropertyValueSpecification","valueRequired":true,"valueName":"search_term_string"}}],"inLanguage":"en-US"},{"@type":"Organization","@id":"https:\/\/adexa.ee\/#organization","name":"Adexa","url":"https:\/\/adexa.ee\/","logo":{"@type":"ImageObject","inLanguage":"en-US","@id":"https:\/\/adexa.ee\/#\/schema\/logo\/image\/","url":"https:\/\/adexa.ee\/wp-content\/uploads\/2024\/04\/chef-cooks-working-in-professional-kitchen-2023-11-27-05-07-39-utc-scaled.jpg","contentUrl":"https:\/\/adexa.ee\/wp-content\/uploads\/2024\/04\/chef-cooks-working-in-professional-kitchen-2023-11-27-05-07-39-utc-scaled.jpg","width":2560,"height":1708,"caption":"Adexa"},"image":{"@id":"https:\/\/adexa.ee\/#\/schema\/logo\/image\/"}}]}},"_links":{"self":[{"href":"https:\/\/adexa.ee\/en\/wp-json\/wp\/v2\/product\/16290","targetHints":{"allow":["GET"]}}],"collection":[{"href":"https:\/\/adexa.ee\/en\/wp-json\/wp\/v2\/product"}],"about":[{"href":"https:\/\/adexa.ee\/en\/wp-json\/wp\/v2\/types\/product"}],"wp:featuredmedia":[{"embeddable":true,"href":"https:\/\/adexa.ee\/en\/wp-json\/wp\/v2\/media\/16292"}],"wp:attachment":[{"href":"https:\/\/adexa.ee\/en\/wp-json\/wp\/v2\/media?parent=16290"}],"wp:term":[{"taxonomy":"product_brand","embeddable":true,"href":"https:\/\/adexa.ee\/en\/wp-json\/wp\/v2\/product_brand?post=16290"},{"taxonomy":"product_cat","embeddable":true,"href":"https:\/\/adexa.ee\/en\/wp-json\/wp\/v2\/product_cat?post=16290"},{"taxonomy":"product_tag","embeddable":true,"href":"https:\/\/adexa.ee\/en\/wp-json\/wp\/v2\/product_tag?post=16290"}],"curies":[{"name":"wp","href":"https:\/\/api.w.org\/{rel}","templated":true}]}}