{"id":16324,"date":"2026-03-26T10:45:49","date_gmt":"2026-03-26T08:45:49","guid":{"rendered":"https:\/\/adexa.ee\/toode\/libisemisvastane-kandik-klaasplast-ristkulik-14x18-must-adexa-whf1418\/"},"modified":"2026-03-26T10:45:52","modified_gmt":"2026-03-26T08:45:52","slug":"libisemiskindel-kandik-klaasplast-ristkulik-14x18-must-adexa-whf1418","status":"publish","type":"product","link":"https:\/\/adexa.ee\/en\/toode\/libisemiskindel-kandik-klaasplast-ristkulik-14x18-must-adexa-whf1418\/","title":{"rendered":"Libisemiskindel kandik Klaasplast Ristk\u00fclik 14&#215;18&quot; Must | Adexa WHF1418"},"content":{"rendered":"<p>Ideaalne kohvikutesse, buffet&#8217;laudadele ja iseteenindusse, see must libisemisvastane klaasplastist kandik on \u00fclim kombinatsioon mitmek\u00fclgsusest ja vastupidavusest! Sellel on paks klaasplastist tugevdatud ja purunemiskindel konstruktsioon, mis peab vastu igap\u00e4evasele kasutusele k\u00f5rge liiklusega piirkondades. Lisaks annab kummikate libisemisvastane pind teie teeninduspersonalile meelerahu ning kerge konstruktsioon on ideaalne, kui navigeerite tihedas restoranis, kus on tellimus t\u00e4is jooke ja toitu. Sellel kandikul on t\u00f5stetud tugevdatud servad erakordse tugevuse ja kaitse tagamiseks, mist\u00f5ttu on see ideaalne suurt arvu kliente teenindatavates \u00e4ridele. Samuti on see p\u00e4rast kasutamist lihtne puhastada ning virnastamispungad soodustavad \u00f5huringlust kiireks kuivamiseks ja lihtsaks hoiustamiseks, olgu see siis k\u00f6\u00f6gis v\u00f5i baaris hoiul.<\/p>\n<table style=\"border-collapse: collapse; width: 100%; text-align: left;\">\n<tbody>\n<tr>\n<td style=\"border: 1px solid #ddd; padding: 8px; width: 45%;\"><strong>Materjal<\/strong><\/td>\n<td style=\"border: 1px solid #ddd; padding: 8px;\">Fiiberklaas<\/td>\n<\/tr>\n<tr>\n<td style=\"border: 1px solid #ddd; padding: 8px; width: 45%;\"><strong>V\u00e4rv<\/strong><\/td>\n<td style=\"border: 1px solid #ddd; padding: 8px;\">Must<\/td>\n<\/tr>\n<tr>\n<td style=\"border: 1px solid #ddd; padding: 8px; width: 45%;\"><strong>M\u00f5\u00f5tmed<\/strong><\/td>\n<td style=\"border: 1px solid #ddd; padding: 8px;\">14&#215;18&#8243; \/ 350x450mm<\/td>\n<\/tr>\n<\/tbody>\n<\/table>\n","protected":false},"excerpt":{"rendered":"<p>Ideaalne kohvikutesse, buffet&#8217;laudadele ja iseteenindusse, see must libisemisvastane klaasplastist kandik on \u00fclim kombinatsioon mitmek\u00fclgsusest ja vastupidavusest! Sellel on paks klaasplastist<\/p>\n","protected":false},"featured_media":14901,"template":"","meta":[],"product_brand":[],"product_cat":[614,587,579,586],"product_tag":[],"class_list":{"0":"post-16324","1":"product","2":"type-product","3":"status-publish","4":"has-post-thumbnail","6":"product_cat-baaritarvikud","7":"product_cat-kandikud-ja-serveerimisalused","8":"product_cat-koogitarbed-noud","9":"product_cat-serveerimine","11":"first","12":"instock","13":"sale","14":"taxable","15":"shipping-taxable","16":"purchasable","17":"product-type-simple"},"yoast_head":"<!-- This site is optimized with the Yoast SEO plugin v27.3 - https:\/\/yoast.com\/product\/yoast-seo-wordpress\/ -->\n<title>Libisemiskindel kandik Klaasplast Ristk\u00fclik 14x18&quot; Must | Adexa WHF1418 - Adexa \u2013 Suurk\u00f6\u00f6giseadmed restoranidele ja toitlustusele<\/title>\n<meta name=\"robots\" content=\"index, follow, max-snippet:-1, max-image-preview:large, max-video-preview:-1\" \/>\n<link rel=\"canonical\" href=\"https:\/\/adexa.ee\/toode\/libisemiskindel-kandik-klaasplast-ristkulik-14x18-must-adexa-whf1418\/\" \/>\n<meta property=\"og:locale\" content=\"en_US\" \/>\n<meta property=\"og:type\" content=\"article\" \/>\n<meta property=\"og:title\" content=\"Libisemiskindel kandik Klaasplast Ristk\u00fclik 14x18&quot; Must | Adexa WHF1418 - Adexa \u2013 Suurk\u00f6\u00f6giseadmed restoranidele ja toitlustusele\" \/>\n<meta property=\"og:description\" content=\"Ideaalne kohvikutesse, buffet&#8217;laudadele ja iseteenindusse, see must libisemisvastane klaasplastist kandik on \u00fclim kombinatsioon mitmek\u00fclgsusest ja vastupidavusest! Sellel on paks klaasplastist\" \/>\n<meta property=\"og:url\" content=\"https:\/\/adexa.ee\/toode\/libisemiskindel-kandik-klaasplast-ristkulik-14x18-must-adexa-whf1418\/\" \/>\n<meta property=\"og:site_name\" content=\"Adexa \u2013 Suurk\u00f6\u00f6giseadmed restoranidele ja toitlustusele\" \/>\n<meta property=\"article:modified_time\" content=\"2026-03-26T08:45:52+00:00\" \/>\n<meta property=\"og:image\" content=\"https:\/\/adexa.ee\/wp-content\/uploads\/2024\/12\/WHF-rect.jpg\" \/>\n\t<meta property=\"og:image:width\" content=\"1200\" \/>\n\t<meta property=\"og:image:height\" content=\"1200\" \/>\n\t<meta property=\"og:image:type\" content=\"image\/jpeg\" \/>\n<meta name=\"twitter:card\" content=\"summary_large_image\" \/>\n<meta name=\"twitter:label1\" content=\"Est. reading time\" \/>\n\t<meta name=\"twitter:data1\" content=\"1 minute\" \/>\n<script type=\"application\/ld+json\" class=\"yoast-schema-graph\">{\"@context\":\"https:\\\/\\\/schema.org\",\"@graph\":[{\"@type\":\"WebPage\",\"@id\":\"https:\\\/\\\/adexa.ee\\\/toode\\\/libisemiskindel-kandik-klaasplast-ristkulik-14x18-must-adexa-whf1418\\\/\",\"url\":\"https:\\\/\\\/adexa.ee\\\/toode\\\/libisemiskindel-kandik-klaasplast-ristkulik-14x18-must-adexa-whf1418\\\/\",\"name\":\"Libisemiskindel kandik Klaasplast Ristk\u00fclik 14x18&quot; Must | Adexa WHF1418 - Adexa \u2013 Suurk\u00f6\u00f6giseadmed restoranidele ja toitlustusele\",\"isPartOf\":{\"@id\":\"https:\\\/\\\/adexa.ee\\\/#website\"},\"primaryImageOfPage\":{\"@id\":\"https:\\\/\\\/adexa.ee\\\/toode\\\/libisemiskindel-kandik-klaasplast-ristkulik-14x18-must-adexa-whf1418\\\/#primaryimage\"},\"image\":{\"@id\":\"https:\\\/\\\/adexa.ee\\\/toode\\\/libisemiskindel-kandik-klaasplast-ristkulik-14x18-must-adexa-whf1418\\\/#primaryimage\"},\"thumbnailUrl\":\"https:\\\/\\\/adexa.ee\\\/wp-content\\\/uploads\\\/2024\\\/12\\\/WHF-rect.jpg\",\"datePublished\":\"2026-03-26T08:45:49+00:00\",\"dateModified\":\"2026-03-26T08:45:52+00:00\",\"breadcrumb\":{\"@id\":\"https:\\\/\\\/adexa.ee\\\/toode\\\/libisemiskindel-kandik-klaasplast-ristkulik-14x18-must-adexa-whf1418\\\/#breadcrumb\"},\"inLanguage\":\"en-US\",\"potentialAction\":[{\"@type\":\"ReadAction\",\"target\":[\"https:\\\/\\\/adexa.ee\\\/toode\\\/libisemiskindel-kandik-klaasplast-ristkulik-14x18-must-adexa-whf1418\\\/\"]}]},{\"@type\":\"ImageObject\",\"inLanguage\":\"en-US\",\"@id\":\"https:\\\/\\\/adexa.ee\\\/toode\\\/libisemiskindel-kandik-klaasplast-ristkulik-14x18-must-adexa-whf1418\\\/#primaryimage\",\"url\":\"https:\\\/\\\/adexa.ee\\\/wp-content\\\/uploads\\\/2024\\\/12\\\/WHF-rect.jpg\",\"contentUrl\":\"https:\\\/\\\/adexa.ee\\\/wp-content\\\/uploads\\\/2024\\\/12\\\/WHF-rect.jpg\",\"width\":1200,\"height\":1200},{\"@type\":\"BreadcrumbList\",\"@id\":\"https:\\\/\\\/adexa.ee\\\/toode\\\/libisemiskindel-kandik-klaasplast-ristkulik-14x18-must-adexa-whf1418\\\/#breadcrumb\",\"itemListElement\":[{\"@type\":\"ListItem\",\"position\":1,\"name\":\"Home\",\"item\":\"https:\\\/\\\/adexa.ee\\\/\"},{\"@type\":\"ListItem\",\"position\":2,\"name\":\"Tooted\",\"item\":\"https:\\\/\\\/adexa.ee\\\/pood\\\/\"},{\"@type\":\"ListItem\",\"position\":3,\"name\":\"Libisemiskindel kandik Klaasplast Ristk\u00fclik 14&#215;18&quot; Must | Adexa WHF1418\"}]},{\"@type\":\"WebSite\",\"@id\":\"https:\\\/\\\/adexa.ee\\\/#website\",\"url\":\"https:\\\/\\\/adexa.ee\\\/\",\"name\":\"Adexa\",\"description\":\"\",\"publisher\":{\"@id\":\"https:\\\/\\\/adexa.ee\\\/#organization\"},\"potentialAction\":[{\"@type\":\"SearchAction\",\"target\":{\"@type\":\"EntryPoint\",\"urlTemplate\":\"https:\\\/\\\/adexa.ee\\\/?s={search_term_string}\"},\"query-input\":{\"@type\":\"PropertyValueSpecification\",\"valueRequired\":true,\"valueName\":\"search_term_string\"}}],\"inLanguage\":\"en-US\"},{\"@type\":\"Organization\",\"@id\":\"https:\\\/\\\/adexa.ee\\\/#organization\",\"name\":\"Adexa\",\"url\":\"https:\\\/\\\/adexa.ee\\\/\",\"logo\":{\"@type\":\"ImageObject\",\"inLanguage\":\"en-US\",\"@id\":\"https:\\\/\\\/adexa.ee\\\/#\\\/schema\\\/logo\\\/image\\\/\",\"url\":\"https:\\\/\\\/adexa.ee\\\/wp-content\\\/uploads\\\/2024\\\/04\\\/chef-cooks-working-in-professional-kitchen-2023-11-27-05-07-39-utc-scaled.jpg\",\"contentUrl\":\"https:\\\/\\\/adexa.ee\\\/wp-content\\\/uploads\\\/2024\\\/04\\\/chef-cooks-working-in-professional-kitchen-2023-11-27-05-07-39-utc-scaled.jpg\",\"width\":2560,\"height\":1708,\"caption\":\"Adexa\"},\"image\":{\"@id\":\"https:\\\/\\\/adexa.ee\\\/#\\\/schema\\\/logo\\\/image\\\/\"}}]}<\/script>\n<!-- \/ Yoast SEO plugin. -->","yoast_head_json":{"title":"Libisemiskindel kandik Klaasplast Ristk\u00fclik 14x18&quot; Must | Adexa WHF1418 - Adexa \u2013 Suurk\u00f6\u00f6giseadmed restoranidele ja toitlustusele","robots":{"index":"index","follow":"follow","max-snippet":"max-snippet:-1","max-image-preview":"max-image-preview:large","max-video-preview":"max-video-preview:-1"},"canonical":"https:\/\/adexa.ee\/toode\/libisemiskindel-kandik-klaasplast-ristkulik-14x18-must-adexa-whf1418\/","og_locale":"en_US","og_type":"article","og_title":"Libisemiskindel kandik Klaasplast Ristk\u00fclik 14x18&quot; Must | Adexa WHF1418 - Adexa \u2013 Suurk\u00f6\u00f6giseadmed restoranidele ja toitlustusele","og_description":"Ideaalne kohvikutesse, buffet&#8217;laudadele ja iseteenindusse, see must libisemisvastane klaasplastist kandik on \u00fclim kombinatsioon mitmek\u00fclgsusest ja vastupidavusest! Sellel on paks klaasplastist","og_url":"https:\/\/adexa.ee\/toode\/libisemiskindel-kandik-klaasplast-ristkulik-14x18-must-adexa-whf1418\/","og_site_name":"Adexa \u2013 Suurk\u00f6\u00f6giseadmed restoranidele ja toitlustusele","article_modified_time":"2026-03-26T08:45:52+00:00","og_image":[{"width":1200,"height":1200,"url":"https:\/\/adexa.ee\/wp-content\/uploads\/2024\/12\/WHF-rect.jpg","type":"image\/jpeg"}],"twitter_card":"summary_large_image","twitter_misc":{"Est. reading time":"1 minute"},"schema":{"@context":"https:\/\/schema.org","@graph":[{"@type":"WebPage","@id":"https:\/\/adexa.ee\/toode\/libisemiskindel-kandik-klaasplast-ristkulik-14x18-must-adexa-whf1418\/","url":"https:\/\/adexa.ee\/toode\/libisemiskindel-kandik-klaasplast-ristkulik-14x18-must-adexa-whf1418\/","name":"Libisemiskindel kandik Klaasplast Ristk\u00fclik 14x18&quot; Must | Adexa WHF1418 - Adexa \u2013 Suurk\u00f6\u00f6giseadmed restoranidele ja toitlustusele","isPartOf":{"@id":"https:\/\/adexa.ee\/#website"},"primaryImageOfPage":{"@id":"https:\/\/adexa.ee\/toode\/libisemiskindel-kandik-klaasplast-ristkulik-14x18-must-adexa-whf1418\/#primaryimage"},"image":{"@id":"https:\/\/adexa.ee\/toode\/libisemiskindel-kandik-klaasplast-ristkulik-14x18-must-adexa-whf1418\/#primaryimage"},"thumbnailUrl":"https:\/\/adexa.ee\/wp-content\/uploads\/2024\/12\/WHF-rect.jpg","datePublished":"2026-03-26T08:45:49+00:00","dateModified":"2026-03-26T08:45:52+00:00","breadcrumb":{"@id":"https:\/\/adexa.ee\/toode\/libisemiskindel-kandik-klaasplast-ristkulik-14x18-must-adexa-whf1418\/#breadcrumb"},"inLanguage":"en-US","potentialAction":[{"@type":"ReadAction","target":["https:\/\/adexa.ee\/toode\/libisemiskindel-kandik-klaasplast-ristkulik-14x18-must-adexa-whf1418\/"]}]},{"@type":"ImageObject","inLanguage":"en-US","@id":"https:\/\/adexa.ee\/toode\/libisemiskindel-kandik-klaasplast-ristkulik-14x18-must-adexa-whf1418\/#primaryimage","url":"https:\/\/adexa.ee\/wp-content\/uploads\/2024\/12\/WHF-rect.jpg","contentUrl":"https:\/\/adexa.ee\/wp-content\/uploads\/2024\/12\/WHF-rect.jpg","width":1200,"height":1200},{"@type":"BreadcrumbList","@id":"https:\/\/adexa.ee\/toode\/libisemiskindel-kandik-klaasplast-ristkulik-14x18-must-adexa-whf1418\/#breadcrumb","itemListElement":[{"@type":"ListItem","position":1,"name":"Home","item":"https:\/\/adexa.ee\/"},{"@type":"ListItem","position":2,"name":"Tooted","item":"https:\/\/adexa.ee\/pood\/"},{"@type":"ListItem","position":3,"name":"Libisemiskindel kandik Klaasplast Ristk\u00fclik 14&#215;18&quot; Must | Adexa WHF1418"}]},{"@type":"WebSite","@id":"https:\/\/adexa.ee\/#website","url":"https:\/\/adexa.ee\/","name":"Adexa","description":"","publisher":{"@id":"https:\/\/adexa.ee\/#organization"},"potentialAction":[{"@type":"SearchAction","target":{"@type":"EntryPoint","urlTemplate":"https:\/\/adexa.ee\/?s={search_term_string}"},"query-input":{"@type":"PropertyValueSpecification","valueRequired":true,"valueName":"search_term_string"}}],"inLanguage":"en-US"},{"@type":"Organization","@id":"https:\/\/adexa.ee\/#organization","name":"Adexa","url":"https:\/\/adexa.ee\/","logo":{"@type":"ImageObject","inLanguage":"en-US","@id":"https:\/\/adexa.ee\/#\/schema\/logo\/image\/","url":"https:\/\/adexa.ee\/wp-content\/uploads\/2024\/04\/chef-cooks-working-in-professional-kitchen-2023-11-27-05-07-39-utc-scaled.jpg","contentUrl":"https:\/\/adexa.ee\/wp-content\/uploads\/2024\/04\/chef-cooks-working-in-professional-kitchen-2023-11-27-05-07-39-utc-scaled.jpg","width":2560,"height":1708,"caption":"Adexa"},"image":{"@id":"https:\/\/adexa.ee\/#\/schema\/logo\/image\/"}}]}},"_links":{"self":[{"href":"https:\/\/adexa.ee\/en\/wp-json\/wp\/v2\/product\/16324","targetHints":{"allow":["GET"]}}],"collection":[{"href":"https:\/\/adexa.ee\/en\/wp-json\/wp\/v2\/product"}],"about":[{"href":"https:\/\/adexa.ee\/en\/wp-json\/wp\/v2\/types\/product"}],"wp:featuredmedia":[{"embeddable":true,"href":"https:\/\/adexa.ee\/en\/wp-json\/wp\/v2\/media\/14901"}],"wp:attachment":[{"href":"https:\/\/adexa.ee\/en\/wp-json\/wp\/v2\/media?parent=16324"}],"wp:term":[{"taxonomy":"product_brand","embeddable":true,"href":"https:\/\/adexa.ee\/en\/wp-json\/wp\/v2\/product_brand?post=16324"},{"taxonomy":"product_cat","embeddable":true,"href":"https:\/\/adexa.ee\/en\/wp-json\/wp\/v2\/product_cat?post=16324"},{"taxonomy":"product_tag","embeddable":true,"href":"https:\/\/adexa.ee\/en\/wp-json\/wp\/v2\/product_tag?post=16324"}],"curies":[{"name":"wp","href":"https:\/\/api.w.org\/{rel}","templated":true}]}}