{"id":16390,"date":"2026-03-26T10:45:55","date_gmt":"2026-03-26T08:45:55","guid":{"rendered":"https:\/\/adexa.ee\/toode\/kommertsiaalne-grillplaat-ribbed-728x393mm-2-tsooni-4-4kw-elektriline-adexa-wheg820ar\/"},"modified":"2026-03-26T10:45:59","modified_gmt":"2026-03-26T08:45:59","slug":"grillplaat-ribbed-728x393mm-2-tsooni-4-4kw-elektriline-adexa-wheg820ar","status":"publish","type":"product","link":"https:\/\/adexa.ee\/en\/toode\/grillplaat-ribbed-728x393mm-2-tsooni-4-4kw-elektriline-adexa-wheg820ar\/","title":{"rendered":"Grillplaat Ribbed 728X393Mm 2 Tsooni 4.4Kw Elektriline | Adexa Wheg820Ar"},"content":{"rendered":"<p>See suur elektriline t\u00f6\u00f6pinna grillplaat on m\u00f5eldud maksimaalseks kiiruseks ja mitmek\u00fclgsuseks. Kaks iseseisvalt juhitavat k\u00fctmistsooni annavad teile v\u00f5imaluse ideaalselt valmistada erinevaid tooteid. Seadke \u00fcks sektsioon k\u00f5rgele temperatuurile hamburgerite, kana v\u00f5i peekoni jaoks ja teine madalale r\u00f6stitud kuklite v\u00f5i munade jaoks. See hoiab \u00e4ra \u00fche toote k\u00f5rvetamise, samal ajal kui teised k\u00fcpsetavad. Saate kiiresti valmistada erinevaid oma populaarseimaid roogasid selle kommertselektrilise grillplaadiga! Olgu tegemist pannkookide, burgerite, grilljuustu v\u00f5i munapudruga, see vastupidav roostevabast terasest grillplaat tagab vastupidavuse ja j\u00f5udluse, mida vajate t\u00f6\u00f6 tehtud saamiseks. Paks teraspinna kuumeneb \u00fchtlaselt kogu pinna ulatuses, tagades \u00fchtlased k\u00fcpsetustulemused, s\u00f5ltumata sellest, kuhu toidu plaadile asetate. Grillplaadi esiservas olev kanal kogub rasva ja juhib selle eemaldatavasse rasvakogumisalusesse. Kui on aeg koristada, saab salve kiiresti eemaldada ja t\u00fchjendada. T\u00e4psema teabe saamiseks vaadake rubriiki &#8220;Spetsifikatsioon&#8221;.<\/p>\n<table style=\"border-collapse: collapse; width: 100%; text-align: left;\">\n<tbody>\n<tr>\n<td style=\"border: 1px solid #ddd; padding: 8px; width: 45%;\"><strong>S\u00fcgavus<\/strong><\/td>\n<td style=\"border: 1px solid #ddd; padding: 8px;\">480 mm<\/td>\n<\/tr>\n<tr>\n<td style=\"border: 1px solid #ddd; padding: 8px; width: 45%;\"><strong>K\u00f5rgus<\/strong><\/td>\n<td style=\"border: 1px solid #ddd; padding: 8px;\">220 mm<\/td>\n<\/tr>\n<tr>\n<td style=\"border: 1px solid #ddd; padding: 8px; width: 45%;\"><strong>Laius<\/strong><\/td>\n<td style=\"border: 1px solid #ddd; padding: 8px;\">734 mm<\/td>\n<\/tr>\n<tr>\n<td style=\"border: 1px solid #ddd; padding: 8px; width: 45%;\"><strong>Kaal<\/strong><\/td>\n<td style=\"border: 1px solid #ddd; padding: 8px;\">24 kg<\/td>\n<\/tr>\n<tr>\n<td style=\"border: 1px solid #ddd; padding: 8px; width: 45%;\"><strong>Garantii<\/strong><\/td>\n<td style=\"border: 1px solid #ddd; padding: 8px;\">12 kuu varuosade garantii<\/td>\n<\/tr>\n<tr>\n<td style=\"border: 1px solid #ddd; padding: 8px; width: 45%;\"><strong>Versioon<\/strong><\/td>\n<td style=\"border: 1px solid #ddd; padding: 8px;\">Ribitud topp<\/td>\n<\/tr>\n<tr>\n<td style=\"border: 1px solid #ddd; padding: 8px; width: 45%;\"><strong>Toiteallikas<\/strong><\/td>\n<td style=\"border: 1px solid #ddd; padding: 8px;\">230V \/ 1 faas<\/td>\n<\/tr>\n<tr>\n<td style=\"border: 1px solid #ddd; padding: 8px; width: 45%;\"><strong>V\u00f5imsus<\/strong><\/td>\n<td style=\"border: 1px solid #ddd; padding: 8px;\">4400W<\/td>\n<\/tr>\n<tr>\n<td style=\"border: 1px solid #ddd; padding: 8px; width: 45%;\"><strong>Materjal<\/strong><\/td>\n<td style=\"border: 1px solid #ddd; padding: 8px;\">Roostevaba teras<\/td>\n<\/tr>\n<tr>\n<td style=\"border: 1px solid #ddd; padding: 8px; width: 45%;\"><strong>Temperatuur<\/strong><\/td>\n<td style=\"border: 1px solid #ddd; padding: 8px;\">Kuni +300\u00b0C<\/td>\n<\/tr>\n<tr>\n<td style=\"border: 1px solid #ddd; padding: 8px; width: 45%;\"><strong>M\u00f5\u00f5tmed (keetmisala)<\/strong><\/td>\n<td style=\"border: 1px solid #ddd; padding: 8px;\">728&#215;393 mm<\/td>\n<\/tr>\n<\/tbody>\n<\/table>\n","protected":false},"excerpt":{"rendered":"<p>See suur elektriline t\u00f6\u00f6pinna grillplaat on m\u00f5eldud maksimaalseks kiiruseks ja mitmek\u00fclgsuseks. Kaks iseseisvalt juhitavat k\u00fctmistsooni annavad teile v\u00f5imaluse ideaalselt valmistada<\/p>\n","protected":false},"featured_media":16394,"template":"","meta":[],"product_brand":[],"product_cat":[591,589,590,557,588,569],"product_tag":[],"class_list":{"0":"post-16390","1":"product","2":"type-product","3":"status-publish","4":"has-post-thumbnail","6":"product_cat-elektrilised","7":"product_cat-grillplaadid","8":"product_cat-grillplaadid-kupsetusseadmed","9":"product_cat-kupsetusseadmed","10":"product_cat-kuumseadmed","11":"product_cat-lopumuuk","13":"first","14":"instock","15":"sale","16":"taxable","17":"shipping-taxable","18":"purchasable","19":"product-type-simple"},"yoast_head":"<!-- This site is optimized with the Yoast SEO plugin v27.3 - https:\/\/yoast.com\/product\/yoast-seo-wordpress\/ -->\n<title>Grillplaat Ribbed 728X393Mm 2 Tsooni 4.4Kw Elektriline | Adexa Wheg820Ar - Adexa \u2013 Suurk\u00f6\u00f6giseadmed restoranidele ja toitlustusele<\/title>\n<meta name=\"robots\" content=\"index, follow, max-snippet:-1, max-image-preview:large, max-video-preview:-1\" \/>\n<link rel=\"canonical\" href=\"https:\/\/adexa.ee\/toode\/grillplaat-ribbed-728x393mm-2-tsooni-4-4kw-elektriline-adexa-wheg820ar\/\" \/>\n<meta property=\"og:locale\" content=\"en_US\" \/>\n<meta property=\"og:type\" content=\"article\" \/>\n<meta property=\"og:title\" content=\"Grillplaat Ribbed 728X393Mm 2 Tsooni 4.4Kw Elektriline | Adexa Wheg820Ar - Adexa \u2013 Suurk\u00f6\u00f6giseadmed restoranidele ja toitlustusele\" \/>\n<meta property=\"og:description\" content=\"See suur elektriline t\u00f6\u00f6pinna grillplaat on m\u00f5eldud maksimaalseks kiiruseks ja mitmek\u00fclgsuseks. Kaks iseseisvalt juhitavat k\u00fctmistsooni annavad teile v\u00f5imaluse ideaalselt valmistada\" \/>\n<meta property=\"og:url\" content=\"https:\/\/adexa.ee\/toode\/grillplaat-ribbed-728x393mm-2-tsooni-4-4kw-elektriline-adexa-wheg820ar\/\" \/>\n<meta property=\"og:site_name\" content=\"Adexa \u2013 Suurk\u00f6\u00f6giseadmed restoranidele ja toitlustusele\" \/>\n<meta property=\"article:modified_time\" content=\"2026-03-26T08:45:59+00:00\" \/>\n<meta property=\"og:image\" content=\"https:\/\/adexa.ee\/wp-content\/uploads\/2024\/12\/WHEG820AR.jpg\" \/>\n\t<meta property=\"og:image:width\" content=\"2000\" \/>\n\t<meta property=\"og:image:height\" content=\"2000\" \/>\n\t<meta property=\"og:image:type\" content=\"image\/jpeg\" \/>\n<meta name=\"twitter:card\" content=\"summary_large_image\" \/>\n<meta name=\"twitter:label1\" content=\"Est. reading time\" \/>\n\t<meta name=\"twitter:data1\" content=\"1 minute\" \/>\n<script type=\"application\/ld+json\" class=\"yoast-schema-graph\">{\"@context\":\"https:\\\/\\\/schema.org\",\"@graph\":[{\"@type\":\"WebPage\",\"@id\":\"https:\\\/\\\/adexa.ee\\\/toode\\\/grillplaat-ribbed-728x393mm-2-tsooni-4-4kw-elektriline-adexa-wheg820ar\\\/\",\"url\":\"https:\\\/\\\/adexa.ee\\\/toode\\\/grillplaat-ribbed-728x393mm-2-tsooni-4-4kw-elektriline-adexa-wheg820ar\\\/\",\"name\":\"Grillplaat Ribbed 728X393Mm 2 Tsooni 4.4Kw Elektriline | Adexa Wheg820Ar - Adexa \u2013 Suurk\u00f6\u00f6giseadmed restoranidele ja toitlustusele\",\"isPartOf\":{\"@id\":\"https:\\\/\\\/adexa.ee\\\/#website\"},\"primaryImageOfPage\":{\"@id\":\"https:\\\/\\\/adexa.ee\\\/toode\\\/grillplaat-ribbed-728x393mm-2-tsooni-4-4kw-elektriline-adexa-wheg820ar\\\/#primaryimage\"},\"image\":{\"@id\":\"https:\\\/\\\/adexa.ee\\\/toode\\\/grillplaat-ribbed-728x393mm-2-tsooni-4-4kw-elektriline-adexa-wheg820ar\\\/#primaryimage\"},\"thumbnailUrl\":\"https:\\\/\\\/adexa.ee\\\/wp-content\\\/uploads\\\/2024\\\/12\\\/WHEG820AR.jpg\",\"datePublished\":\"2026-03-26T08:45:55+00:00\",\"dateModified\":\"2026-03-26T08:45:59+00:00\",\"breadcrumb\":{\"@id\":\"https:\\\/\\\/adexa.ee\\\/toode\\\/grillplaat-ribbed-728x393mm-2-tsooni-4-4kw-elektriline-adexa-wheg820ar\\\/#breadcrumb\"},\"inLanguage\":\"en-US\",\"potentialAction\":[{\"@type\":\"ReadAction\",\"target\":[\"https:\\\/\\\/adexa.ee\\\/toode\\\/grillplaat-ribbed-728x393mm-2-tsooni-4-4kw-elektriline-adexa-wheg820ar\\\/\"]}]},{\"@type\":\"ImageObject\",\"inLanguage\":\"en-US\",\"@id\":\"https:\\\/\\\/adexa.ee\\\/toode\\\/grillplaat-ribbed-728x393mm-2-tsooni-4-4kw-elektriline-adexa-wheg820ar\\\/#primaryimage\",\"url\":\"https:\\\/\\\/adexa.ee\\\/wp-content\\\/uploads\\\/2024\\\/12\\\/WHEG820AR.jpg\",\"contentUrl\":\"https:\\\/\\\/adexa.ee\\\/wp-content\\\/uploads\\\/2024\\\/12\\\/WHEG820AR.jpg\",\"width\":2000,\"height\":2000},{\"@type\":\"BreadcrumbList\",\"@id\":\"https:\\\/\\\/adexa.ee\\\/toode\\\/grillplaat-ribbed-728x393mm-2-tsooni-4-4kw-elektriline-adexa-wheg820ar\\\/#breadcrumb\",\"itemListElement\":[{\"@type\":\"ListItem\",\"position\":1,\"name\":\"Home\",\"item\":\"https:\\\/\\\/adexa.ee\\\/\"},{\"@type\":\"ListItem\",\"position\":2,\"name\":\"Tooted\",\"item\":\"https:\\\/\\\/adexa.ee\\\/pood\\\/\"},{\"@type\":\"ListItem\",\"position\":3,\"name\":\"Grillplaat Ribbed 728X393Mm 2 Tsooni 4.4Kw Elektriline | Adexa Wheg820Ar\"}]},{\"@type\":\"WebSite\",\"@id\":\"https:\\\/\\\/adexa.ee\\\/#website\",\"url\":\"https:\\\/\\\/adexa.ee\\\/\",\"name\":\"Adexa\",\"description\":\"\",\"publisher\":{\"@id\":\"https:\\\/\\\/adexa.ee\\\/#organization\"},\"potentialAction\":[{\"@type\":\"SearchAction\",\"target\":{\"@type\":\"EntryPoint\",\"urlTemplate\":\"https:\\\/\\\/adexa.ee\\\/?s={search_term_string}\"},\"query-input\":{\"@type\":\"PropertyValueSpecification\",\"valueRequired\":true,\"valueName\":\"search_term_string\"}}],\"inLanguage\":\"en-US\"},{\"@type\":\"Organization\",\"@id\":\"https:\\\/\\\/adexa.ee\\\/#organization\",\"name\":\"Adexa\",\"url\":\"https:\\\/\\\/adexa.ee\\\/\",\"logo\":{\"@type\":\"ImageObject\",\"inLanguage\":\"en-US\",\"@id\":\"https:\\\/\\\/adexa.ee\\\/#\\\/schema\\\/logo\\\/image\\\/\",\"url\":\"https:\\\/\\\/adexa.ee\\\/wp-content\\\/uploads\\\/2024\\\/04\\\/chef-cooks-working-in-professional-kitchen-2023-11-27-05-07-39-utc-scaled.jpg\",\"contentUrl\":\"https:\\\/\\\/adexa.ee\\\/wp-content\\\/uploads\\\/2024\\\/04\\\/chef-cooks-working-in-professional-kitchen-2023-11-27-05-07-39-utc-scaled.jpg\",\"width\":2560,\"height\":1708,\"caption\":\"Adexa\"},\"image\":{\"@id\":\"https:\\\/\\\/adexa.ee\\\/#\\\/schema\\\/logo\\\/image\\\/\"}}]}<\/script>\n<!-- \/ Yoast SEO plugin. -->","yoast_head_json":{"title":"Grillplaat Ribbed 728X393Mm 2 Tsooni 4.4Kw Elektriline | Adexa Wheg820Ar - Adexa \u2013 Suurk\u00f6\u00f6giseadmed restoranidele ja toitlustusele","robots":{"index":"index","follow":"follow","max-snippet":"max-snippet:-1","max-image-preview":"max-image-preview:large","max-video-preview":"max-video-preview:-1"},"canonical":"https:\/\/adexa.ee\/toode\/grillplaat-ribbed-728x393mm-2-tsooni-4-4kw-elektriline-adexa-wheg820ar\/","og_locale":"en_US","og_type":"article","og_title":"Grillplaat Ribbed 728X393Mm 2 Tsooni 4.4Kw Elektriline | Adexa Wheg820Ar - Adexa \u2013 Suurk\u00f6\u00f6giseadmed restoranidele ja toitlustusele","og_description":"See suur elektriline t\u00f6\u00f6pinna grillplaat on m\u00f5eldud maksimaalseks kiiruseks ja mitmek\u00fclgsuseks. Kaks iseseisvalt juhitavat k\u00fctmistsooni annavad teile v\u00f5imaluse ideaalselt valmistada","og_url":"https:\/\/adexa.ee\/toode\/grillplaat-ribbed-728x393mm-2-tsooni-4-4kw-elektriline-adexa-wheg820ar\/","og_site_name":"Adexa \u2013 Suurk\u00f6\u00f6giseadmed restoranidele ja toitlustusele","article_modified_time":"2026-03-26T08:45:59+00:00","og_image":[{"width":2000,"height":2000,"url":"https:\/\/adexa.ee\/wp-content\/uploads\/2024\/12\/WHEG820AR.jpg","type":"image\/jpeg"}],"twitter_card":"summary_large_image","twitter_misc":{"Est. reading time":"1 minute"},"schema":{"@context":"https:\/\/schema.org","@graph":[{"@type":"WebPage","@id":"https:\/\/adexa.ee\/toode\/grillplaat-ribbed-728x393mm-2-tsooni-4-4kw-elektriline-adexa-wheg820ar\/","url":"https:\/\/adexa.ee\/toode\/grillplaat-ribbed-728x393mm-2-tsooni-4-4kw-elektriline-adexa-wheg820ar\/","name":"Grillplaat Ribbed 728X393Mm 2 Tsooni 4.4Kw Elektriline | Adexa Wheg820Ar - Adexa \u2013 Suurk\u00f6\u00f6giseadmed restoranidele ja toitlustusele","isPartOf":{"@id":"https:\/\/adexa.ee\/#website"},"primaryImageOfPage":{"@id":"https:\/\/adexa.ee\/toode\/grillplaat-ribbed-728x393mm-2-tsooni-4-4kw-elektriline-adexa-wheg820ar\/#primaryimage"},"image":{"@id":"https:\/\/adexa.ee\/toode\/grillplaat-ribbed-728x393mm-2-tsooni-4-4kw-elektriline-adexa-wheg820ar\/#primaryimage"},"thumbnailUrl":"https:\/\/adexa.ee\/wp-content\/uploads\/2024\/12\/WHEG820AR.jpg","datePublished":"2026-03-26T08:45:55+00:00","dateModified":"2026-03-26T08:45:59+00:00","breadcrumb":{"@id":"https:\/\/adexa.ee\/toode\/grillplaat-ribbed-728x393mm-2-tsooni-4-4kw-elektriline-adexa-wheg820ar\/#breadcrumb"},"inLanguage":"en-US","potentialAction":[{"@type":"ReadAction","target":["https:\/\/adexa.ee\/toode\/grillplaat-ribbed-728x393mm-2-tsooni-4-4kw-elektriline-adexa-wheg820ar\/"]}]},{"@type":"ImageObject","inLanguage":"en-US","@id":"https:\/\/adexa.ee\/toode\/grillplaat-ribbed-728x393mm-2-tsooni-4-4kw-elektriline-adexa-wheg820ar\/#primaryimage","url":"https:\/\/adexa.ee\/wp-content\/uploads\/2024\/12\/WHEG820AR.jpg","contentUrl":"https:\/\/adexa.ee\/wp-content\/uploads\/2024\/12\/WHEG820AR.jpg","width":2000,"height":2000},{"@type":"BreadcrumbList","@id":"https:\/\/adexa.ee\/toode\/grillplaat-ribbed-728x393mm-2-tsooni-4-4kw-elektriline-adexa-wheg820ar\/#breadcrumb","itemListElement":[{"@type":"ListItem","position":1,"name":"Home","item":"https:\/\/adexa.ee\/"},{"@type":"ListItem","position":2,"name":"Tooted","item":"https:\/\/adexa.ee\/pood\/"},{"@type":"ListItem","position":3,"name":"Grillplaat Ribbed 728X393Mm 2 Tsooni 4.4Kw Elektriline | Adexa Wheg820Ar"}]},{"@type":"WebSite","@id":"https:\/\/adexa.ee\/#website","url":"https:\/\/adexa.ee\/","name":"Adexa","description":"","publisher":{"@id":"https:\/\/adexa.ee\/#organization"},"potentialAction":[{"@type":"SearchAction","target":{"@type":"EntryPoint","urlTemplate":"https:\/\/adexa.ee\/?s={search_term_string}"},"query-input":{"@type":"PropertyValueSpecification","valueRequired":true,"valueName":"search_term_string"}}],"inLanguage":"en-US"},{"@type":"Organization","@id":"https:\/\/adexa.ee\/#organization","name":"Adexa","url":"https:\/\/adexa.ee\/","logo":{"@type":"ImageObject","inLanguage":"en-US","@id":"https:\/\/adexa.ee\/#\/schema\/logo\/image\/","url":"https:\/\/adexa.ee\/wp-content\/uploads\/2024\/04\/chef-cooks-working-in-professional-kitchen-2023-11-27-05-07-39-utc-scaled.jpg","contentUrl":"https:\/\/adexa.ee\/wp-content\/uploads\/2024\/04\/chef-cooks-working-in-professional-kitchen-2023-11-27-05-07-39-utc-scaled.jpg","width":2560,"height":1708,"caption":"Adexa"},"image":{"@id":"https:\/\/adexa.ee\/#\/schema\/logo\/image\/"}}]}},"_links":{"self":[{"href":"https:\/\/adexa.ee\/en\/wp-json\/wp\/v2\/product\/16390","targetHints":{"allow":["GET"]}}],"collection":[{"href":"https:\/\/adexa.ee\/en\/wp-json\/wp\/v2\/product"}],"about":[{"href":"https:\/\/adexa.ee\/en\/wp-json\/wp\/v2\/types\/product"}],"wp:featuredmedia":[{"embeddable":true,"href":"https:\/\/adexa.ee\/en\/wp-json\/wp\/v2\/media\/16394"}],"wp:attachment":[{"href":"https:\/\/adexa.ee\/en\/wp-json\/wp\/v2\/media?parent=16390"}],"wp:term":[{"taxonomy":"product_brand","embeddable":true,"href":"https:\/\/adexa.ee\/en\/wp-json\/wp\/v2\/product_brand?post=16390"},{"taxonomy":"product_cat","embeddable":true,"href":"https:\/\/adexa.ee\/en\/wp-json\/wp\/v2\/product_cat?post=16390"},{"taxonomy":"product_tag","embeddable":true,"href":"https:\/\/adexa.ee\/en\/wp-json\/wp\/v2\/product_tag?post=16390"}],"curies":[{"name":"wp","href":"https:\/\/api.w.org\/{rel}","templated":true}]}}