{"id":16412,"date":"2026-04-01T12:15:44","date_gmt":"2026-04-01T09:15:44","guid":{"rendered":"https:\/\/adexa.ee\/?post_type=product&#038;p=16412"},"modified":"2026-04-01T12:15:45","modified_gmt":"2026-04-01T09:15:45","slug":"serveerimis-teenindus-koristuskaru-roostevaba-teras-3-tasandit-860x540x940mm-adexa-rst3a","status":"publish","type":"product","link":"https:\/\/adexa.ee\/en\/toode\/serveerimis-teenindus-koristuskaru-roostevaba-teras-3-tasandit-860x540x940mm-adexa-rst3a\/","title":{"rendered":"Serveerimis-\/Teenindus-\/Koristusk\u00e4ru Roostevaba teras 3 tasandit 860x540x940mm | Adexa RST3A"},"content":{"rendered":"<p>See serveerimisk\u00e4ru kolme tugeva kandikudega integreerub sujuvalt igale poole. T\u00e4nu oma vastupidavale konstruktsioonile sobib see eriti h\u00e4sti kasutamiseks s\u00f6\u00f6klates, suurk\u00f6\u00f6kides, restoranides, avalikes asutustes, kuid ka eraelus. Selle abil muutub toitude v\u00f5i jookide serveerimine, laudade koristamine ja n\u00f5ude k\u00f6\u00f6ki viimine pingevabaks. See roostevabast terasest k\u00e4ru on m\u00e4rkimisv\u00e4\u00e4rselt vastupidav ja kergesti puhastatav.<\/p>\n<p>M\u00f5\u00f5tmed: 860x540x940mm<\/p>\n<p>3 tasandit<\/p>\n<p>\u00dcmarr\u00f5ngad mugavaks k\u00e4sitsemiseks<\/p>\n<p>Tarnitakse tasapinnaliselt pakendatuna &#8211; lihtne ise kokku panna<\/p>\n<p>Dokumendid<\/p>\n<p>Kl\u00f5psake siin, et alla laadida kokkupanemise juhised<\/p>\n<p>Palun vaadake jaotist &#8216;Spetsifikatsioon&#8217; \u00fcksikasjaliku teabe saamiseks.<\/p>\n<table style=\"border-collapse: collapse; width: 100%; text-align: left;\">\n<tbody>\n<tr>\n<td style=\"border: 1px solid #ddd; padding: 8px; width: 45%;\"><strong>S\u00fcgavus<\/strong><\/td>\n<td style=\"border: 1px solid #ddd; padding: 8px;\">540 mm<\/td>\n<\/tr>\n<tr>\n<td style=\"border: 1px solid #ddd; padding: 8px; width: 45%;\"><strong>K\u00f5rgus<\/strong><\/td>\n<td style=\"border: 1px solid #ddd; padding: 8px;\">940 mm<\/td>\n<\/tr>\n<tr>\n<td style=\"border: 1px solid #ddd; padding: 8px; width: 45%;\"><strong>Laius<\/strong><\/td>\n<td style=\"border: 1px solid #ddd; padding: 8px;\">860 mm<\/td>\n<\/tr>\n<tr>\n<td style=\"border: 1px solid #ddd; padding: 8px; width: 45%;\"><strong>Kaal<\/strong><\/td>\n<td style=\"border: 1px solid #ddd; padding: 8px;\">14 kg<\/td>\n<\/tr>\n<tr>\n<td style=\"border: 1px solid #ddd; padding: 8px; width: 45%;\"><strong>Garantii<\/strong><\/td>\n<td style=\"border: 1px solid #ddd; padding: 8px;\">12 kuu varuosade garantii<\/td>\n<\/tr>\n<tr>\n<td style=\"border: 1px solid #ddd; padding: 8px; width: 45%;\"><strong>Mahutavus<\/strong><\/td>\n<td style=\"border: 1px solid #ddd; padding: 8px;\">50 kg riiuli kohta (\u00fchtlaselt jaotatud)<\/td>\n<\/tr>\n<tr>\n<td style=\"border: 1px solid #ddd; padding: 8px; width: 45%;\"><strong>Rullikud<\/strong><\/td>\n<td style=\"border: 1px solid #ddd; padding: 8px;\">Piduritega<\/td>\n<\/tr>\n<tr>\n<td style=\"border: 1px solid #ddd; padding: 8px; width: 45%;\"><strong>Materjal<\/strong><\/td>\n<td style=\"border: 1px solid #ddd; padding: 8px;\">Roostevaba teras<\/td>\n<\/tr>\n<tr>\n<td style=\"border: 1px solid #ddd; padding: 8px; width: 45%;\"><strong>Tasemed<\/strong><\/td>\n<td style=\"border: 1px solid #ddd; padding: 8px;\">kolm<\/td>\n<\/tr>\n<\/tbody>\n<\/table>\n","protected":false},"excerpt":{"rendered":"<p>See serveerimisk\u00e4ru kolme tugeva kandikudega integreerub sujuvalt igale poole. T\u00e4nu oma vastupidavale konstruktsioonile sobib see eriti h\u00e4sti kasutamiseks s\u00f6\u00f6klates, suurk\u00f6\u00f6kides,<\/p>\n","protected":false},"featured_media":19075,"template":"","meta":[],"product_brand":[],"product_cat":[623,665,561,572],"product_tag":[],"class_list":{"0":"post-16412","1":"product","2":"type-product","3":"status-publish","4":"has-post-thumbnail","6":"product_cat-karud","7":"product_cat-ladustamine-transport","8":"product_cat-moobel-ja-hoiustamine","9":"product_cat-roostevabad-tooted","11":"first","12":"instock","13":"sale","14":"taxable","15":"shipping-taxable","16":"purchasable","17":"product-type-simple"},"yoast_head":"<!-- This site is optimized with the Yoast SEO plugin v27.3 - https:\/\/yoast.com\/product\/yoast-seo-wordpress\/ -->\n<title>Serveerimis-\/Teenindus-\/Koristusk\u00e4ru Roostevaba teras 3 tasandit 860x540x940mm | Adexa RST3A - Adexa \u2013 Suurk\u00f6\u00f6giseadmed restoranidele ja toitlustusele<\/title>\n<meta name=\"robots\" content=\"index, follow, max-snippet:-1, max-image-preview:large, max-video-preview:-1\" \/>\n<link rel=\"canonical\" href=\"https:\/\/adexa.ee\/toode\/serveerimis-teenindus-koristuskaru-roostevaba-teras-3-tasandit-860x540x940mm-adexa-rst3a\/\" \/>\n<meta property=\"og:locale\" content=\"en_US\" \/>\n<meta property=\"og:type\" content=\"article\" \/>\n<meta property=\"og:title\" content=\"Serveerimis-\/Teenindus-\/Koristusk\u00e4ru Roostevaba teras 3 tasandit 860x540x940mm | Adexa RST3A - Adexa \u2013 Suurk\u00f6\u00f6giseadmed restoranidele ja toitlustusele\" \/>\n<meta property=\"og:description\" content=\"See serveerimisk\u00e4ru kolme tugeva kandikudega integreerub sujuvalt igale poole. T\u00e4nu oma vastupidavale konstruktsioonile sobib see eriti h\u00e4sti kasutamiseks s\u00f6\u00f6klates, suurk\u00f6\u00f6kides,\" \/>\n<meta property=\"og:url\" content=\"https:\/\/adexa.ee\/toode\/serveerimis-teenindus-koristuskaru-roostevaba-teras-3-tasandit-860x540x940mm-adexa-rst3a\/\" \/>\n<meta property=\"og:site_name\" content=\"Adexa \u2013 Suurk\u00f6\u00f6giseadmed restoranidele ja toitlustusele\" \/>\n<meta property=\"article:modified_time\" content=\"2026-04-01T09:15:45+00:00\" \/>\n<meta property=\"og:image\" content=\"https:\/\/adexa.ee\/wp-content\/uploads\/2024\/12\/RST3.jpg\" \/>\n\t<meta property=\"og:image:width\" content=\"1200\" \/>\n\t<meta property=\"og:image:height\" content=\"1200\" \/>\n\t<meta property=\"og:image:type\" content=\"image\/jpeg\" \/>\n<meta name=\"twitter:card\" content=\"summary_large_image\" \/>\n<meta name=\"twitter:label1\" content=\"Est. reading time\" \/>\n\t<meta name=\"twitter:data1\" content=\"1 minute\" \/>\n<script type=\"application\/ld+json\" class=\"yoast-schema-graph\">{\"@context\":\"https:\\\/\\\/schema.org\",\"@graph\":[{\"@type\":\"WebPage\",\"@id\":\"https:\\\/\\\/adexa.ee\\\/toode\\\/serveerimis-teenindus-koristuskaru-roostevaba-teras-3-tasandit-860x540x940mm-adexa-rst3a\\\/\",\"url\":\"https:\\\/\\\/adexa.ee\\\/toode\\\/serveerimis-teenindus-koristuskaru-roostevaba-teras-3-tasandit-860x540x940mm-adexa-rst3a\\\/\",\"name\":\"Serveerimis-\\\/Teenindus-\\\/Koristusk\u00e4ru Roostevaba teras 3 tasandit 860x540x940mm | Adexa RST3A - Adexa \u2013 Suurk\u00f6\u00f6giseadmed restoranidele ja toitlustusele\",\"isPartOf\":{\"@id\":\"https:\\\/\\\/adexa.ee\\\/#website\"},\"primaryImageOfPage\":{\"@id\":\"https:\\\/\\\/adexa.ee\\\/toode\\\/serveerimis-teenindus-koristuskaru-roostevaba-teras-3-tasandit-860x540x940mm-adexa-rst3a\\\/#primaryimage\"},\"image\":{\"@id\":\"https:\\\/\\\/adexa.ee\\\/toode\\\/serveerimis-teenindus-koristuskaru-roostevaba-teras-3-tasandit-860x540x940mm-adexa-rst3a\\\/#primaryimage\"},\"thumbnailUrl\":\"https:\\\/\\\/adexa.ee\\\/wp-content\\\/uploads\\\/2024\\\/12\\\/RST3.jpg\",\"datePublished\":\"2026-04-01T09:15:44+00:00\",\"dateModified\":\"2026-04-01T09:15:45+00:00\",\"breadcrumb\":{\"@id\":\"https:\\\/\\\/adexa.ee\\\/toode\\\/serveerimis-teenindus-koristuskaru-roostevaba-teras-3-tasandit-860x540x940mm-adexa-rst3a\\\/#breadcrumb\"},\"inLanguage\":\"en-US\",\"potentialAction\":[{\"@type\":\"ReadAction\",\"target\":[\"https:\\\/\\\/adexa.ee\\\/toode\\\/serveerimis-teenindus-koristuskaru-roostevaba-teras-3-tasandit-860x540x940mm-adexa-rst3a\\\/\"]}]},{\"@type\":\"ImageObject\",\"inLanguage\":\"en-US\",\"@id\":\"https:\\\/\\\/adexa.ee\\\/toode\\\/serveerimis-teenindus-koristuskaru-roostevaba-teras-3-tasandit-860x540x940mm-adexa-rst3a\\\/#primaryimage\",\"url\":\"https:\\\/\\\/adexa.ee\\\/wp-content\\\/uploads\\\/2024\\\/12\\\/RST3.jpg\",\"contentUrl\":\"https:\\\/\\\/adexa.ee\\\/wp-content\\\/uploads\\\/2024\\\/12\\\/RST3.jpg\",\"width\":1200,\"height\":1200},{\"@type\":\"BreadcrumbList\",\"@id\":\"https:\\\/\\\/adexa.ee\\\/toode\\\/serveerimis-teenindus-koristuskaru-roostevaba-teras-3-tasandit-860x540x940mm-adexa-rst3a\\\/#breadcrumb\",\"itemListElement\":[{\"@type\":\"ListItem\",\"position\":1,\"name\":\"Home\",\"item\":\"https:\\\/\\\/adexa.ee\\\/\"},{\"@type\":\"ListItem\",\"position\":2,\"name\":\"Tooted\",\"item\":\"https:\\\/\\\/adexa.ee\\\/pood\\\/\"},{\"@type\":\"ListItem\",\"position\":3,\"name\":\"Serveerimis-\\\/Teenindus-\\\/Koristusk\u00e4ru Roostevaba teras 3 tasandit 860x540x940mm | Adexa RST3A\"}]},{\"@type\":\"WebSite\",\"@id\":\"https:\\\/\\\/adexa.ee\\\/#website\",\"url\":\"https:\\\/\\\/adexa.ee\\\/\",\"name\":\"Adexa\",\"description\":\"\",\"publisher\":{\"@id\":\"https:\\\/\\\/adexa.ee\\\/#organization\"},\"potentialAction\":[{\"@type\":\"SearchAction\",\"target\":{\"@type\":\"EntryPoint\",\"urlTemplate\":\"https:\\\/\\\/adexa.ee\\\/?s={search_term_string}\"},\"query-input\":{\"@type\":\"PropertyValueSpecification\",\"valueRequired\":true,\"valueName\":\"search_term_string\"}}],\"inLanguage\":\"en-US\"},{\"@type\":\"Organization\",\"@id\":\"https:\\\/\\\/adexa.ee\\\/#organization\",\"name\":\"Adexa\",\"url\":\"https:\\\/\\\/adexa.ee\\\/\",\"logo\":{\"@type\":\"ImageObject\",\"inLanguage\":\"en-US\",\"@id\":\"https:\\\/\\\/adexa.ee\\\/#\\\/schema\\\/logo\\\/image\\\/\",\"url\":\"https:\\\/\\\/adexa.ee\\\/wp-content\\\/uploads\\\/2024\\\/04\\\/chef-cooks-working-in-professional-kitchen-2023-11-27-05-07-39-utc-scaled.jpg\",\"contentUrl\":\"https:\\\/\\\/adexa.ee\\\/wp-content\\\/uploads\\\/2024\\\/04\\\/chef-cooks-working-in-professional-kitchen-2023-11-27-05-07-39-utc-scaled.jpg\",\"width\":2560,\"height\":1708,\"caption\":\"Adexa\"},\"image\":{\"@id\":\"https:\\\/\\\/adexa.ee\\\/#\\\/schema\\\/logo\\\/image\\\/\"}}]}<\/script>\n<!-- \/ Yoast SEO plugin. -->","yoast_head_json":{"title":"Serveerimis-\/Teenindus-\/Koristusk\u00e4ru Roostevaba teras 3 tasandit 860x540x940mm | Adexa RST3A - Adexa \u2013 Suurk\u00f6\u00f6giseadmed restoranidele ja toitlustusele","robots":{"index":"index","follow":"follow","max-snippet":"max-snippet:-1","max-image-preview":"max-image-preview:large","max-video-preview":"max-video-preview:-1"},"canonical":"https:\/\/adexa.ee\/toode\/serveerimis-teenindus-koristuskaru-roostevaba-teras-3-tasandit-860x540x940mm-adexa-rst3a\/","og_locale":"en_US","og_type":"article","og_title":"Serveerimis-\/Teenindus-\/Koristusk\u00e4ru Roostevaba teras 3 tasandit 860x540x940mm | Adexa RST3A - Adexa \u2013 Suurk\u00f6\u00f6giseadmed restoranidele ja toitlustusele","og_description":"See serveerimisk\u00e4ru kolme tugeva kandikudega integreerub sujuvalt igale poole. T\u00e4nu oma vastupidavale konstruktsioonile sobib see eriti h\u00e4sti kasutamiseks s\u00f6\u00f6klates, suurk\u00f6\u00f6kides,","og_url":"https:\/\/adexa.ee\/toode\/serveerimis-teenindus-koristuskaru-roostevaba-teras-3-tasandit-860x540x940mm-adexa-rst3a\/","og_site_name":"Adexa \u2013 Suurk\u00f6\u00f6giseadmed restoranidele ja toitlustusele","article_modified_time":"2026-04-01T09:15:45+00:00","og_image":[{"width":1200,"height":1200,"url":"https:\/\/adexa.ee\/wp-content\/uploads\/2024\/12\/RST3.jpg","type":"image\/jpeg"}],"twitter_card":"summary_large_image","twitter_misc":{"Est. reading time":"1 minute"},"schema":{"@context":"https:\/\/schema.org","@graph":[{"@type":"WebPage","@id":"https:\/\/adexa.ee\/toode\/serveerimis-teenindus-koristuskaru-roostevaba-teras-3-tasandit-860x540x940mm-adexa-rst3a\/","url":"https:\/\/adexa.ee\/toode\/serveerimis-teenindus-koristuskaru-roostevaba-teras-3-tasandit-860x540x940mm-adexa-rst3a\/","name":"Serveerimis-\/Teenindus-\/Koristusk\u00e4ru Roostevaba teras 3 tasandit 860x540x940mm | Adexa RST3A - Adexa \u2013 Suurk\u00f6\u00f6giseadmed restoranidele ja toitlustusele","isPartOf":{"@id":"https:\/\/adexa.ee\/#website"},"primaryImageOfPage":{"@id":"https:\/\/adexa.ee\/toode\/serveerimis-teenindus-koristuskaru-roostevaba-teras-3-tasandit-860x540x940mm-adexa-rst3a\/#primaryimage"},"image":{"@id":"https:\/\/adexa.ee\/toode\/serveerimis-teenindus-koristuskaru-roostevaba-teras-3-tasandit-860x540x940mm-adexa-rst3a\/#primaryimage"},"thumbnailUrl":"https:\/\/adexa.ee\/wp-content\/uploads\/2024\/12\/RST3.jpg","datePublished":"2026-04-01T09:15:44+00:00","dateModified":"2026-04-01T09:15:45+00:00","breadcrumb":{"@id":"https:\/\/adexa.ee\/toode\/serveerimis-teenindus-koristuskaru-roostevaba-teras-3-tasandit-860x540x940mm-adexa-rst3a\/#breadcrumb"},"inLanguage":"en-US","potentialAction":[{"@type":"ReadAction","target":["https:\/\/adexa.ee\/toode\/serveerimis-teenindus-koristuskaru-roostevaba-teras-3-tasandit-860x540x940mm-adexa-rst3a\/"]}]},{"@type":"ImageObject","inLanguage":"en-US","@id":"https:\/\/adexa.ee\/toode\/serveerimis-teenindus-koristuskaru-roostevaba-teras-3-tasandit-860x540x940mm-adexa-rst3a\/#primaryimage","url":"https:\/\/adexa.ee\/wp-content\/uploads\/2024\/12\/RST3.jpg","contentUrl":"https:\/\/adexa.ee\/wp-content\/uploads\/2024\/12\/RST3.jpg","width":1200,"height":1200},{"@type":"BreadcrumbList","@id":"https:\/\/adexa.ee\/toode\/serveerimis-teenindus-koristuskaru-roostevaba-teras-3-tasandit-860x540x940mm-adexa-rst3a\/#breadcrumb","itemListElement":[{"@type":"ListItem","position":1,"name":"Home","item":"https:\/\/adexa.ee\/"},{"@type":"ListItem","position":2,"name":"Tooted","item":"https:\/\/adexa.ee\/pood\/"},{"@type":"ListItem","position":3,"name":"Serveerimis-\/Teenindus-\/Koristusk\u00e4ru Roostevaba teras 3 tasandit 860x540x940mm | Adexa RST3A"}]},{"@type":"WebSite","@id":"https:\/\/adexa.ee\/#website","url":"https:\/\/adexa.ee\/","name":"Adexa","description":"","publisher":{"@id":"https:\/\/adexa.ee\/#organization"},"potentialAction":[{"@type":"SearchAction","target":{"@type":"EntryPoint","urlTemplate":"https:\/\/adexa.ee\/?s={search_term_string}"},"query-input":{"@type":"PropertyValueSpecification","valueRequired":true,"valueName":"search_term_string"}}],"inLanguage":"en-US"},{"@type":"Organization","@id":"https:\/\/adexa.ee\/#organization","name":"Adexa","url":"https:\/\/adexa.ee\/","logo":{"@type":"ImageObject","inLanguage":"en-US","@id":"https:\/\/adexa.ee\/#\/schema\/logo\/image\/","url":"https:\/\/adexa.ee\/wp-content\/uploads\/2024\/04\/chef-cooks-working-in-professional-kitchen-2023-11-27-05-07-39-utc-scaled.jpg","contentUrl":"https:\/\/adexa.ee\/wp-content\/uploads\/2024\/04\/chef-cooks-working-in-professional-kitchen-2023-11-27-05-07-39-utc-scaled.jpg","width":2560,"height":1708,"caption":"Adexa"},"image":{"@id":"https:\/\/adexa.ee\/#\/schema\/logo\/image\/"}}]}},"_links":{"self":[{"href":"https:\/\/adexa.ee\/en\/wp-json\/wp\/v2\/product\/16412","targetHints":{"allow":["GET"]}}],"collection":[{"href":"https:\/\/adexa.ee\/en\/wp-json\/wp\/v2\/product"}],"about":[{"href":"https:\/\/adexa.ee\/en\/wp-json\/wp\/v2\/types\/product"}],"wp:featuredmedia":[{"embeddable":true,"href":"https:\/\/adexa.ee\/en\/wp-json\/wp\/v2\/media\/19075"}],"wp:attachment":[{"href":"https:\/\/adexa.ee\/en\/wp-json\/wp\/v2\/media?parent=16412"}],"wp:term":[{"taxonomy":"product_brand","embeddable":true,"href":"https:\/\/adexa.ee\/en\/wp-json\/wp\/v2\/product_brand?post=16412"},{"taxonomy":"product_cat","embeddable":true,"href":"https:\/\/adexa.ee\/en\/wp-json\/wp\/v2\/product_cat?post=16412"},{"taxonomy":"product_tag","embeddable":true,"href":"https:\/\/adexa.ee\/en\/wp-json\/wp\/v2\/product_tag?post=16412"}],"curies":[{"name":"wp","href":"https:\/\/api.w.org\/{rel}","templated":true}]}}