{"id":16414,"date":"2026-04-01T11:15:51","date_gmt":"2026-04-01T08:15:51","guid":{"rendered":"https:\/\/adexa.ee\/toode\/1200lt-kaubanduslik-sugavkulmik-roostevabast-terasest-pustkapp-kahe-uksega-ventilatsioonijahutus-adexa-f1200v\/"},"modified":"2026-04-01T11:15:52","modified_gmt":"2026-04-01T08:15:52","slug":"1200lt-kaubanduslik-sugavkulmik-roostevabast-terasest-pustkapp-topeltuksega-ventileeritud-jahutus-adexa-f1200v","status":"publish","type":"product","link":"https:\/\/adexa.ee\/en\/toode\/1200lt-kaubanduslik-sugavkulmik-roostevabast-terasest-pustkapp-topeltuksega-ventileeritud-jahutus-adexa-f1200v\/","title":{"rendered":"1200lt Kaubanduslik S\u00fcgavk\u00fclmik Roostevabast terasest P\u00fcstkapp Topeltuksega Ventileeritud jahutus | Adexa F1200V"},"content":{"rendered":"<p>Suurep\u00e4rase kvaliteediga kaubanduslik kahe uksega p\u00fcstised s\u00fcgavk\u00fclmad, mis pakuvad v\u00e4ga helde kasutatava jahutatud ladustamisv\u00f5imsust, raskete ratastega liikumiseks ja kasutajas\u00f5bralikud juhtseadmed t\u00e4pseks temperatuuri reguleerimiseks. See kahe uksega professionaalne p\u00fcstkapp on saadaval soodushinnaga. V\u00e4limised m\u00f5\u00f5tmed (LxSxK): 1340 x 845 x 2000mm Sisemised m\u00f5\u00f5tmed (LxSxK): 1220 x 680 x 1380mm Mahutavus: 1173 liitrit Temperatuur: -18 \u00b0C kuni -20 \u00b0C Toiteallikas: 230V \/ 1N \/ 50Hz Ventileeritud jahutus K\u00e4sitsi sulatus CFC-vaba k\u00fclmaaine ja vaht \u00dcmara kujuga sisemised servad lihtsaks puhastamiseks Isolatsiooni paksus 60 mm parema energiat\u00f5hususe saavutamiseks Elektrooniline termostaat ja digitaalne LED temperatuuri kuvamine t\u00e4pseks juhtimiseks ja lihtsaks vaatamiseks Iseeneslikult sulguv uks Magnetilist tihendit saab vahetada t\u00f6\u00f6riistu kasutamata K\u00fcttekeha peidetud ukse raami sees, et v\u00e4ltida kondensatsiooni Materjal (v\u00e4limine): Roostevaba teras 430 Materjal (sisemine): Reljeefne alumiinium HC k\u00fclmaaine Dokumendid Kl\u00f5psake siia, et alla laadida Kasutusjuhend Kl\u00f5psake siia, et alla laadida Energiaklassid Kl\u00f5psake siia, et alla laadida Tehniline joonis Kl\u00f5psake siia, et alla laadida CE-kinnituse deklaratsioon Palun vaadake jaotist &#8220;Spetsifikatsioon&#8221; \u00fcksikasjaliku teabe saamiseks.<\/p>\n<table style=\"border-collapse: collapse; width: 100%; text-align: left;\">\n<tbody>\n<tr>\n<td style=\"border: 1px solid #ddd; padding: 8px; width: 45%;\"><strong>S\u00fcgavus<\/strong><\/td>\n<td style=\"border: 1px solid #ddd; padding: 8px;\">810 mm<\/td>\n<\/tr>\n<tr>\n<td style=\"border: 1px solid #ddd; padding: 8px; width: 45%;\"><strong>K\u00f5rgus<\/strong><\/td>\n<td style=\"border: 1px solid #ddd; padding: 8px;\">2010 mm<\/td>\n<\/tr>\n<tr>\n<td style=\"border: 1px solid #ddd; padding: 8px; width: 45%;\"><strong>Laius<\/strong><\/td>\n<td style=\"border: 1px solid #ddd; padding: 8px;\">1340 mm<\/td>\n<\/tr>\n<tr>\n<td style=\"border: 1px solid #ddd; padding: 8px; width: 45%;\"><strong>Kaal<\/strong><\/td>\n<td style=\"border: 1px solid #ddd; padding: 8px;\">185 kg<\/td>\n<\/tr>\n<tr>\n<td style=\"border: 1px solid #ddd; padding: 8px; width: 45%;\"><strong>Garantii<\/strong><\/td>\n<td style=\"border: 1px solid #ddd; padding: 8px;\">12 kuu varuosade garantii<\/td>\n<\/tr>\n<tr>\n<td style=\"border: 1px solid #ddd; padding: 8px; width: 45%;\"><strong>Mahutavus<\/strong><\/td>\n<td style=\"border: 1px solid #ddd; padding: 8px;\">1200 liitrit (bruto) \/ 891 liitrit (neto)<\/td>\n<\/tr>\n<tr>\n<td style=\"border: 1px solid #ddd; padding: 8px; width: 45%;\"><strong>Uksed \/ Sahtlid<\/strong><\/td>\n<td style=\"border: 1px solid #ddd; padding: 8px;\">2 ust<\/td>\n<\/tr>\n<tr>\n<td style=\"border: 1px solid #ddd; padding: 8px; width: 45%;\"><strong>Toiteallikas<\/strong><\/td>\n<td style=\"border: 1px solid #ddd; padding: 8px;\">230V \/ 1 faas<\/td>\n<\/tr>\n<tr>\n<td style=\"border: 1px solid #ddd; padding: 8px; width: 45%;\"><strong>V\u00f5imsus<\/strong><\/td>\n<td style=\"border: 1px solid #ddd; padding: 8px;\">710W<\/td>\n<\/tr>\n<tr>\n<td style=\"border: 1px solid #ddd; padding: 8px; width: 45%;\"><strong>Plaadi\/V\u00f5re suurus<\/strong><\/td>\n<td style=\"border: 1px solid #ddd; padding: 8px;\">GN2\/1 v\u00f5i 2xGN1\/1<\/td>\n<\/tr>\n<tr>\n<td style=\"border: 1px solid #ddd; padding: 8px; width: 45%;\"><strong>Riiulid<\/strong><\/td>\n<td style=\"border: 1px solid #ddd; padding: 8px;\">6 kaasas<\/td>\n<\/tr>\n<tr>\n<td style=\"border: 1px solid #ddd; padding: 8px; width: 45%;\"><strong>Materjal<\/strong><\/td>\n<td style=\"border: 1px solid #ddd; padding: 8px;\">Roostevaba teras<\/td>\n<\/tr>\n<tr>\n<td style=\"border: 1px solid #ddd; padding: 8px; width: 45%;\"><strong>Jahutamine<\/strong><\/td>\n<td style=\"border: 1px solid #ddd; padding: 8px;\">Ventileeritud<\/td>\n<\/tr>\n<tr>\n<td style=\"border: 1px solid #ddd; padding: 8px; width: 45%;\"><strong>Sulatamine<\/strong><\/td>\n<td style=\"border: 1px solid #ddd; padding: 8px;\">K\u00e4siraamat<\/td>\n<\/tr>\n<tr>\n<td style=\"border: 1px solid #ddd; padding: 8px; width: 45%;\"><strong>Temperatuur<\/strong><\/td>\n<td style=\"border: 1px solid #ddd; padding: 8px;\">-18 kuni -20\u00b0C<\/td>\n<\/tr>\n<tr>\n<td style=\"border: 1px solid #ddd; padding: 8px; width: 45%;\"><strong>Materjal (v\u00e4limine)<\/strong><\/td>\n<td style=\"border: 1px solid #ddd; padding: 8px;\">Roostevaba teras<\/td>\n<\/tr>\n<tr>\n<td style=\"border: 1px solid #ddd; padding: 8px; width: 45%;\"><strong>Siseisolatsioon<\/strong><\/td>\n<td style=\"border: 1px solid #ddd; padding: 8px;\">60 mm<\/td>\n<\/tr>\n<tr>\n<td style=\"border: 1px solid #ddd; padding: 8px; width: 45%;\"><strong>Lukk<\/strong><\/td>\n<td style=\"border: 1px solid #ddd; padding: 8px;\">Jah<\/td>\n<\/tr>\n<tr>\n<td style=\"border: 1px solid #ddd; padding: 8px; width: 45%;\"><strong>Materjal (sisemine)<\/strong><\/td>\n<td style=\"border: 1px solid #ddd; padding: 8px;\">Roostevaba teras<\/td>\n<\/tr>\n<tr>\n<td style=\"border: 1px solid #ddd; padding: 8px; width: 45%;\"><strong>M\u00f5\u00f5tmed (sisene)<\/strong><\/td>\n<td style=\"border: 1px solid #ddd; padding: 8px;\">1220x680x1390 mm<\/td>\n<\/tr>\n<\/tbody>\n<\/table>\n","protected":false},"excerpt":{"rendered":"<p>Suurep\u00e4rase kvaliteediga kaubanduslik kahe uksega p\u00fcstised s\u00fcgavk\u00fclmad, mis pakuvad v\u00e4ga helde kasutatava jahutatud ladustamisv\u00f5imsust, raskete ratastega liikumiseks ja kasutajas\u00f5bralikud juhtseadmed<\/p>\n","protected":false},"featured_media":11858,"template":"","meta":[],"product_brand":[],"product_cat":[564,932],"product_tag":[],"class_list":{"0":"post-16414","1":"product","2":"type-product","3":"status-publish","4":"has-post-thumbnail","6":"product_cat-jahutusseadmed","7":"product_cat-sugavkulmikud","9":"first","10":"instock","11":"sale","12":"taxable","13":"shipping-taxable","14":"purchasable","15":"product-type-simple"},"yoast_head":"<!-- This site is optimized with the Yoast SEO plugin v27.3 - https:\/\/yoast.com\/product\/yoast-seo-wordpress\/ -->\n<title>1200lt Kaubanduslik S\u00fcgavk\u00fclmik Roostevabast terasest P\u00fcstkapp Topeltuksega Ventileeritud jahutus | Adexa F1200V - Adexa \u2013 Suurk\u00f6\u00f6giseadmed restoranidele ja toitlustusele<\/title>\n<meta name=\"robots\" content=\"index, follow, max-snippet:-1, max-image-preview:large, max-video-preview:-1\" \/>\n<link rel=\"canonical\" href=\"https:\/\/adexa.ee\/toode\/1200lt-kaubanduslik-sugavkulmik-roostevabast-terasest-pustkapp-topeltuksega-ventileeritud-jahutus-adexa-f1200v\/\" \/>\n<meta property=\"og:locale\" content=\"en_US\" \/>\n<meta property=\"og:type\" content=\"article\" \/>\n<meta property=\"og:title\" content=\"1200lt Kaubanduslik S\u00fcgavk\u00fclmik Roostevabast terasest P\u00fcstkapp Topeltuksega Ventileeritud jahutus | Adexa F1200V - Adexa \u2013 Suurk\u00f6\u00f6giseadmed restoranidele ja toitlustusele\" \/>\n<meta property=\"og:description\" content=\"Suurep\u00e4rase kvaliteediga kaubanduslik kahe uksega p\u00fcstised s\u00fcgavk\u00fclmad, mis pakuvad v\u00e4ga helde kasutatava jahutatud ladustamisv\u00f5imsust, raskete ratastega liikumiseks ja kasutajas\u00f5bralikud juhtseadmed\" \/>\n<meta property=\"og:url\" content=\"https:\/\/adexa.ee\/toode\/1200lt-kaubanduslik-sugavkulmik-roostevabast-terasest-pustkapp-topeltuksega-ventileeritud-jahutus-adexa-f1200v\/\" \/>\n<meta property=\"og:site_name\" content=\"Adexa \u2013 Suurk\u00f6\u00f6giseadmed restoranidele ja toitlustusele\" \/>\n<meta property=\"article:modified_time\" content=\"2026-04-01T08:15:52+00:00\" \/>\n<meta property=\"og:image\" content=\"https:\/\/adexa.ee\/wp-content\/uploads\/2024\/12\/R1200-F1200.jpg\" \/>\n\t<meta property=\"og:image:width\" content=\"2000\" \/>\n\t<meta property=\"og:image:height\" content=\"2000\" \/>\n\t<meta property=\"og:image:type\" content=\"image\/jpeg\" \/>\n<meta name=\"twitter:card\" content=\"summary_large_image\" \/>\n<meta name=\"twitter:label1\" content=\"Est. reading time\" \/>\n\t<meta name=\"twitter:data1\" content=\"1 minute\" \/>\n<script type=\"application\/ld+json\" class=\"yoast-schema-graph\">{\"@context\":\"https:\\\/\\\/schema.org\",\"@graph\":[{\"@type\":\"WebPage\",\"@id\":\"https:\\\/\\\/adexa.ee\\\/toode\\\/1200lt-kaubanduslik-sugavkulmik-roostevabast-terasest-pustkapp-topeltuksega-ventileeritud-jahutus-adexa-f1200v\\\/\",\"url\":\"https:\\\/\\\/adexa.ee\\\/toode\\\/1200lt-kaubanduslik-sugavkulmik-roostevabast-terasest-pustkapp-topeltuksega-ventileeritud-jahutus-adexa-f1200v\\\/\",\"name\":\"1200lt Kaubanduslik S\u00fcgavk\u00fclmik Roostevabast terasest P\u00fcstkapp Topeltuksega Ventileeritud jahutus | Adexa F1200V - Adexa \u2013 Suurk\u00f6\u00f6giseadmed restoranidele ja toitlustusele\",\"isPartOf\":{\"@id\":\"https:\\\/\\\/adexa.ee\\\/#website\"},\"primaryImageOfPage\":{\"@id\":\"https:\\\/\\\/adexa.ee\\\/toode\\\/1200lt-kaubanduslik-sugavkulmik-roostevabast-terasest-pustkapp-topeltuksega-ventileeritud-jahutus-adexa-f1200v\\\/#primaryimage\"},\"image\":{\"@id\":\"https:\\\/\\\/adexa.ee\\\/toode\\\/1200lt-kaubanduslik-sugavkulmik-roostevabast-terasest-pustkapp-topeltuksega-ventileeritud-jahutus-adexa-f1200v\\\/#primaryimage\"},\"thumbnailUrl\":\"https:\\\/\\\/adexa.ee\\\/wp-content\\\/uploads\\\/2024\\\/12\\\/R1200-F1200.jpg\",\"datePublished\":\"2026-04-01T08:15:51+00:00\",\"dateModified\":\"2026-04-01T08:15:52+00:00\",\"breadcrumb\":{\"@id\":\"https:\\\/\\\/adexa.ee\\\/toode\\\/1200lt-kaubanduslik-sugavkulmik-roostevabast-terasest-pustkapp-topeltuksega-ventileeritud-jahutus-adexa-f1200v\\\/#breadcrumb\"},\"inLanguage\":\"en-US\",\"potentialAction\":[{\"@type\":\"ReadAction\",\"target\":[\"https:\\\/\\\/adexa.ee\\\/toode\\\/1200lt-kaubanduslik-sugavkulmik-roostevabast-terasest-pustkapp-topeltuksega-ventileeritud-jahutus-adexa-f1200v\\\/\"]}]},{\"@type\":\"ImageObject\",\"inLanguage\":\"en-US\",\"@id\":\"https:\\\/\\\/adexa.ee\\\/toode\\\/1200lt-kaubanduslik-sugavkulmik-roostevabast-terasest-pustkapp-topeltuksega-ventileeritud-jahutus-adexa-f1200v\\\/#primaryimage\",\"url\":\"https:\\\/\\\/adexa.ee\\\/wp-content\\\/uploads\\\/2024\\\/12\\\/R1200-F1200.jpg\",\"contentUrl\":\"https:\\\/\\\/adexa.ee\\\/wp-content\\\/uploads\\\/2024\\\/12\\\/R1200-F1200.jpg\",\"width\":2000,\"height\":2000},{\"@type\":\"BreadcrumbList\",\"@id\":\"https:\\\/\\\/adexa.ee\\\/toode\\\/1200lt-kaubanduslik-sugavkulmik-roostevabast-terasest-pustkapp-topeltuksega-ventileeritud-jahutus-adexa-f1200v\\\/#breadcrumb\",\"itemListElement\":[{\"@type\":\"ListItem\",\"position\":1,\"name\":\"Home\",\"item\":\"https:\\\/\\\/adexa.ee\\\/\"},{\"@type\":\"ListItem\",\"position\":2,\"name\":\"Tooted\",\"item\":\"https:\\\/\\\/adexa.ee\\\/pood\\\/\"},{\"@type\":\"ListItem\",\"position\":3,\"name\":\"1200lt Kaubanduslik S\u00fcgavk\u00fclmik Roostevabast terasest P\u00fcstkapp Topeltuksega Ventileeritud jahutus | Adexa F1200V\"}]},{\"@type\":\"WebSite\",\"@id\":\"https:\\\/\\\/adexa.ee\\\/#website\",\"url\":\"https:\\\/\\\/adexa.ee\\\/\",\"name\":\"Adexa\",\"description\":\"\",\"publisher\":{\"@id\":\"https:\\\/\\\/adexa.ee\\\/#organization\"},\"potentialAction\":[{\"@type\":\"SearchAction\",\"target\":{\"@type\":\"EntryPoint\",\"urlTemplate\":\"https:\\\/\\\/adexa.ee\\\/?s={search_term_string}\"},\"query-input\":{\"@type\":\"PropertyValueSpecification\",\"valueRequired\":true,\"valueName\":\"search_term_string\"}}],\"inLanguage\":\"en-US\"},{\"@type\":\"Organization\",\"@id\":\"https:\\\/\\\/adexa.ee\\\/#organization\",\"name\":\"Adexa\",\"url\":\"https:\\\/\\\/adexa.ee\\\/\",\"logo\":{\"@type\":\"ImageObject\",\"inLanguage\":\"en-US\",\"@id\":\"https:\\\/\\\/adexa.ee\\\/#\\\/schema\\\/logo\\\/image\\\/\",\"url\":\"https:\\\/\\\/adexa.ee\\\/wp-content\\\/uploads\\\/2024\\\/04\\\/chef-cooks-working-in-professional-kitchen-2023-11-27-05-07-39-utc-scaled.jpg\",\"contentUrl\":\"https:\\\/\\\/adexa.ee\\\/wp-content\\\/uploads\\\/2024\\\/04\\\/chef-cooks-working-in-professional-kitchen-2023-11-27-05-07-39-utc-scaled.jpg\",\"width\":2560,\"height\":1708,\"caption\":\"Adexa\"},\"image\":{\"@id\":\"https:\\\/\\\/adexa.ee\\\/#\\\/schema\\\/logo\\\/image\\\/\"}}]}<\/script>\n<!-- \/ Yoast SEO plugin. -->","yoast_head_json":{"title":"1200lt Kaubanduslik S\u00fcgavk\u00fclmik Roostevabast terasest P\u00fcstkapp Topeltuksega Ventileeritud jahutus | Adexa F1200V - Adexa \u2013 Suurk\u00f6\u00f6giseadmed restoranidele ja toitlustusele","robots":{"index":"index","follow":"follow","max-snippet":"max-snippet:-1","max-image-preview":"max-image-preview:large","max-video-preview":"max-video-preview:-1"},"canonical":"https:\/\/adexa.ee\/toode\/1200lt-kaubanduslik-sugavkulmik-roostevabast-terasest-pustkapp-topeltuksega-ventileeritud-jahutus-adexa-f1200v\/","og_locale":"en_US","og_type":"article","og_title":"1200lt Kaubanduslik S\u00fcgavk\u00fclmik Roostevabast terasest P\u00fcstkapp Topeltuksega Ventileeritud jahutus | Adexa F1200V - Adexa \u2013 Suurk\u00f6\u00f6giseadmed restoranidele ja toitlustusele","og_description":"Suurep\u00e4rase kvaliteediga kaubanduslik kahe uksega p\u00fcstised s\u00fcgavk\u00fclmad, mis pakuvad v\u00e4ga helde kasutatava jahutatud ladustamisv\u00f5imsust, raskete ratastega liikumiseks ja kasutajas\u00f5bralikud juhtseadmed","og_url":"https:\/\/adexa.ee\/toode\/1200lt-kaubanduslik-sugavkulmik-roostevabast-terasest-pustkapp-topeltuksega-ventileeritud-jahutus-adexa-f1200v\/","og_site_name":"Adexa \u2013 Suurk\u00f6\u00f6giseadmed restoranidele ja toitlustusele","article_modified_time":"2026-04-01T08:15:52+00:00","og_image":[{"width":2000,"height":2000,"url":"https:\/\/adexa.ee\/wp-content\/uploads\/2024\/12\/R1200-F1200.jpg","type":"image\/jpeg"}],"twitter_card":"summary_large_image","twitter_misc":{"Est. reading time":"1 minute"},"schema":{"@context":"https:\/\/schema.org","@graph":[{"@type":"WebPage","@id":"https:\/\/adexa.ee\/toode\/1200lt-kaubanduslik-sugavkulmik-roostevabast-terasest-pustkapp-topeltuksega-ventileeritud-jahutus-adexa-f1200v\/","url":"https:\/\/adexa.ee\/toode\/1200lt-kaubanduslik-sugavkulmik-roostevabast-terasest-pustkapp-topeltuksega-ventileeritud-jahutus-adexa-f1200v\/","name":"1200lt Kaubanduslik S\u00fcgavk\u00fclmik Roostevabast terasest P\u00fcstkapp Topeltuksega Ventileeritud jahutus | Adexa F1200V - Adexa \u2013 Suurk\u00f6\u00f6giseadmed restoranidele ja toitlustusele","isPartOf":{"@id":"https:\/\/adexa.ee\/#website"},"primaryImageOfPage":{"@id":"https:\/\/adexa.ee\/toode\/1200lt-kaubanduslik-sugavkulmik-roostevabast-terasest-pustkapp-topeltuksega-ventileeritud-jahutus-adexa-f1200v\/#primaryimage"},"image":{"@id":"https:\/\/adexa.ee\/toode\/1200lt-kaubanduslik-sugavkulmik-roostevabast-terasest-pustkapp-topeltuksega-ventileeritud-jahutus-adexa-f1200v\/#primaryimage"},"thumbnailUrl":"https:\/\/adexa.ee\/wp-content\/uploads\/2024\/12\/R1200-F1200.jpg","datePublished":"2026-04-01T08:15:51+00:00","dateModified":"2026-04-01T08:15:52+00:00","breadcrumb":{"@id":"https:\/\/adexa.ee\/toode\/1200lt-kaubanduslik-sugavkulmik-roostevabast-terasest-pustkapp-topeltuksega-ventileeritud-jahutus-adexa-f1200v\/#breadcrumb"},"inLanguage":"en-US","potentialAction":[{"@type":"ReadAction","target":["https:\/\/adexa.ee\/toode\/1200lt-kaubanduslik-sugavkulmik-roostevabast-terasest-pustkapp-topeltuksega-ventileeritud-jahutus-adexa-f1200v\/"]}]},{"@type":"ImageObject","inLanguage":"en-US","@id":"https:\/\/adexa.ee\/toode\/1200lt-kaubanduslik-sugavkulmik-roostevabast-terasest-pustkapp-topeltuksega-ventileeritud-jahutus-adexa-f1200v\/#primaryimage","url":"https:\/\/adexa.ee\/wp-content\/uploads\/2024\/12\/R1200-F1200.jpg","contentUrl":"https:\/\/adexa.ee\/wp-content\/uploads\/2024\/12\/R1200-F1200.jpg","width":2000,"height":2000},{"@type":"BreadcrumbList","@id":"https:\/\/adexa.ee\/toode\/1200lt-kaubanduslik-sugavkulmik-roostevabast-terasest-pustkapp-topeltuksega-ventileeritud-jahutus-adexa-f1200v\/#breadcrumb","itemListElement":[{"@type":"ListItem","position":1,"name":"Home","item":"https:\/\/adexa.ee\/"},{"@type":"ListItem","position":2,"name":"Tooted","item":"https:\/\/adexa.ee\/pood\/"},{"@type":"ListItem","position":3,"name":"1200lt Kaubanduslik S\u00fcgavk\u00fclmik Roostevabast terasest P\u00fcstkapp Topeltuksega Ventileeritud jahutus | Adexa F1200V"}]},{"@type":"WebSite","@id":"https:\/\/adexa.ee\/#website","url":"https:\/\/adexa.ee\/","name":"Adexa","description":"","publisher":{"@id":"https:\/\/adexa.ee\/#organization"},"potentialAction":[{"@type":"SearchAction","target":{"@type":"EntryPoint","urlTemplate":"https:\/\/adexa.ee\/?s={search_term_string}"},"query-input":{"@type":"PropertyValueSpecification","valueRequired":true,"valueName":"search_term_string"}}],"inLanguage":"en-US"},{"@type":"Organization","@id":"https:\/\/adexa.ee\/#organization","name":"Adexa","url":"https:\/\/adexa.ee\/","logo":{"@type":"ImageObject","inLanguage":"en-US","@id":"https:\/\/adexa.ee\/#\/schema\/logo\/image\/","url":"https:\/\/adexa.ee\/wp-content\/uploads\/2024\/04\/chef-cooks-working-in-professional-kitchen-2023-11-27-05-07-39-utc-scaled.jpg","contentUrl":"https:\/\/adexa.ee\/wp-content\/uploads\/2024\/04\/chef-cooks-working-in-professional-kitchen-2023-11-27-05-07-39-utc-scaled.jpg","width":2560,"height":1708,"caption":"Adexa"},"image":{"@id":"https:\/\/adexa.ee\/#\/schema\/logo\/image\/"}}]}},"_links":{"self":[{"href":"https:\/\/adexa.ee\/en\/wp-json\/wp\/v2\/product\/16414","targetHints":{"allow":["GET"]}}],"collection":[{"href":"https:\/\/adexa.ee\/en\/wp-json\/wp\/v2\/product"}],"about":[{"href":"https:\/\/adexa.ee\/en\/wp-json\/wp\/v2\/types\/product"}],"wp:featuredmedia":[{"embeddable":true,"href":"https:\/\/adexa.ee\/en\/wp-json\/wp\/v2\/media\/11858"}],"wp:attachment":[{"href":"https:\/\/adexa.ee\/en\/wp-json\/wp\/v2\/media?parent=16414"}],"wp:term":[{"taxonomy":"product_brand","embeddable":true,"href":"https:\/\/adexa.ee\/en\/wp-json\/wp\/v2\/product_brand?post=16414"},{"taxonomy":"product_cat","embeddable":true,"href":"https:\/\/adexa.ee\/en\/wp-json\/wp\/v2\/product_cat?post=16414"},{"taxonomy":"product_tag","embeddable":true,"href":"https:\/\/adexa.ee\/en\/wp-json\/wp\/v2\/product_tag?post=16414"}],"curies":[{"name":"wp","href":"https:\/\/api.w.org\/{rel}","templated":true}]}}