{"id":16427,"date":"2026-03-26T10:55:02","date_gmt":"2026-03-26T08:55:02","guid":{"rendered":"https:\/\/adexa.ee\/toode\/professionaalne-riiuliuksus-roostevaba-teras-1500x500x1500mm-4-riiulit-adexa-ssb15050\/"},"modified":"2026-03-26T10:55:06","modified_gmt":"2026-03-26T08:55:06","slug":"professionaalne-riiul-roostevaba-teras-1500x500x1500mm-4-riiulit-adexa-ssb15050","status":"publish","type":"product","link":"https:\/\/adexa.ee\/en\/toode\/professionaalne-riiul-roostevaba-teras-1500x500x1500mm-4-riiulit-adexa-ssb15050\/","title":{"rendered":"Professionaalne Riiul, Roostevaba teras 1500x500x1500mm, 4 riiulit | Adexa SSB15050"},"content":{"rendered":"<p>See tugev roostevabast terasest kommertstoodete riiuli\u00fcksus on ideaalne ladustamisaladele, restorani k\u00f6\u00f6kidele v\u00f5i mis tahes t\u00fchjale seinapinnale, kus oleks vaja t\u00e4iendavat hoiuruumi. See t\u00f6\u00f6stuslikku klassi riiuli\u00fcksus on valmistatud vastupidavast roostevabast terasest, tagamaks maksimaalset vastupidavust. Kas teil on restoran, ladu, haigla v\u00f5i hotell, see riiulikomplekt suudab kindlasti teie vajadusi rahuldada. Iga tugevdatud riiul on testitud taluma kuni 200 kg \u00fchtlaselt jaotatud kaalu. \u00dcksikasjaliku teabe saamiseks vaadake jaotist &#8216;Spetsifikatsioon&#8217;.<\/p>\n<table style=\"border-collapse: collapse; width: 100%; text-align: left;\">\n<tbody>\n<tr>\n<td style=\"border: 1px solid #ddd; padding: 8px; width: 45%;\"><strong>S\u00fcgavus<\/strong><\/td>\n<td style=\"border: 1px solid #ddd; padding: 8px;\">500mm<\/td>\n<\/tr>\n<tr>\n<td style=\"border: 1px solid #ddd; padding: 8px; width: 45%;\"><strong>K\u00f5rgus<\/strong><\/td>\n<td style=\"border: 1px solid #ddd; padding: 8px;\">1500 mm<\/td>\n<\/tr>\n<tr>\n<td style=\"border: 1px solid #ddd; padding: 8px; width: 45%;\"><strong>Laius<\/strong><\/td>\n<td style=\"border: 1px solid #ddd; padding: 8px;\">1500 mm<\/td>\n<\/tr>\n<tr>\n<td style=\"border: 1px solid #ddd; padding: 8px; width: 45%;\"><strong>Kaal<\/strong><\/td>\n<td style=\"border: 1px solid #ddd; padding: 8px;\">25 kg<\/td>\n<\/tr>\n<tr>\n<td style=\"border: 1px solid #ddd; padding: 8px; width: 45%;\"><strong>T\u00fc\u00fcp<\/strong><\/td>\n<td style=\"border: 1px solid #ddd; padding: 8px;\">Siledate riiulitega<\/td>\n<\/tr>\n<tr>\n<td style=\"border: 1px solid #ddd; padding: 8px; width: 45%;\"><strong>Kokku panemine<\/strong><\/td>\n<td style=\"border: 1px solid #ddd; padding: 8px;\">Lahti v\u00f5etud<\/td>\n<\/tr>\n<tr>\n<td style=\"border: 1px solid #ddd; padding: 8px; width: 45%;\"><strong>Jalad<\/strong><\/td>\n<td style=\"border: 1px solid #ddd; padding: 8px;\">Reguleeritav<\/td>\n<\/tr>\n<tr>\n<td style=\"border: 1px solid #ddd; padding: 8px; width: 45%;\"><strong>Riiulid<\/strong><\/td>\n<td style=\"border: 1px solid #ddd; padding: 8px;\">4<\/td>\n<\/tr>\n<tr>\n<td style=\"border: 1px solid #ddd; padding: 8px; width: 45%;\"><strong>Materjal<\/strong><\/td>\n<td style=\"border: 1px solid #ddd; padding: 8px;\">Roostevaba teras<\/td>\n<\/tr>\n<tr>\n<td style=\"border: 1px solid #ddd; padding: 8px; width: 45%;\"><strong>Maksimaalne koormus<\/strong><\/td>\n<td style=\"border: 1px solid #ddd; padding: 8px;\">200 kg\/riiul<\/td>\n<\/tr>\n<\/tbody>\n<\/table>\n","protected":false},"excerpt":{"rendered":"<p>See tugev roostevabast terasest kommertstoodete riiuli\u00fcksus on ideaalne ladustamisaladele, restorani k\u00f6\u00f6kidele v\u00f5i mis tahes t\u00fchjale seinapinnale, kus oleks vaja t\u00e4iendavat<\/p>\n","protected":false},"featured_media":15017,"template":"","meta":[],"product_brand":[],"product_cat":[561,745,743,572,826,825],"product_tag":[],"class_list":{"0":"post-16427","1":"product","2":"type-product","3":"status-publish","4":"has-post-thumbnail","6":"product_cat-moobel-ja-hoiustamine","7":"product_cat-riiulid","8":"product_cat-riiulisusteemid","9":"product_cat-roostevabad-tooted","10":"product_cat-roostevabast-terasest-riiulid","11":"product_cat-tugevad-roostevabast-terasest-riiulisusteemid","13":"first","14":"instock","15":"sale","16":"taxable","17":"shipping-taxable","18":"purchasable","19":"product-type-simple"},"yoast_head":"<!-- This site is optimized with the Yoast SEO plugin v27.3 - https:\/\/yoast.com\/product\/yoast-seo-wordpress\/ -->\n<title>Professionaalne Riiul, Roostevaba teras 1500x500x1500mm, 4 riiulit | Adexa SSB15050 - Adexa \u2013 Suurk\u00f6\u00f6giseadmed restoranidele ja toitlustusele<\/title>\n<meta name=\"robots\" content=\"index, follow, max-snippet:-1, max-image-preview:large, max-video-preview:-1\" \/>\n<link rel=\"canonical\" href=\"https:\/\/adexa.ee\/toode\/professionaalne-riiul-roostevaba-teras-1500x500x1500mm-4-riiulit-adexa-ssb15050\/\" \/>\n<meta property=\"og:locale\" content=\"en_US\" \/>\n<meta property=\"og:type\" content=\"article\" \/>\n<meta property=\"og:title\" content=\"Professionaalne Riiul, Roostevaba teras 1500x500x1500mm, 4 riiulit | Adexa SSB15050 - Adexa \u2013 Suurk\u00f6\u00f6giseadmed restoranidele ja toitlustusele\" \/>\n<meta property=\"og:description\" content=\"See tugev roostevabast terasest kommertstoodete riiuli\u00fcksus on ideaalne ladustamisaladele, restorani k\u00f6\u00f6kidele v\u00f5i mis tahes t\u00fchjale seinapinnale, kus oleks vaja t\u00e4iendavat\" \/>\n<meta property=\"og:url\" content=\"https:\/\/adexa.ee\/toode\/professionaalne-riiul-roostevaba-teras-1500x500x1500mm-4-riiulit-adexa-ssb15050\/\" \/>\n<meta property=\"og:site_name\" content=\"Adexa \u2013 Suurk\u00f6\u00f6giseadmed restoranidele ja toitlustusele\" \/>\n<meta property=\"article:modified_time\" content=\"2026-03-26T08:55:06+00:00\" \/>\n<meta property=\"og:image\" content=\"https:\/\/adexa.ee\/wp-content\/uploads\/2024\/12\/SSB1500.jpg\" \/>\n\t<meta property=\"og:image:width\" content=\"904\" \/>\n\t<meta property=\"og:image:height\" content=\"904\" \/>\n\t<meta property=\"og:image:type\" content=\"image\/jpeg\" \/>\n<meta name=\"twitter:card\" content=\"summary_large_image\" \/>\n<meta name=\"twitter:label1\" content=\"Est. reading time\" \/>\n\t<meta name=\"twitter:data1\" content=\"1 minute\" \/>\n<script type=\"application\/ld+json\" class=\"yoast-schema-graph\">{\"@context\":\"https:\\\/\\\/schema.org\",\"@graph\":[{\"@type\":\"WebPage\",\"@id\":\"https:\\\/\\\/adexa.ee\\\/toode\\\/professionaalne-riiul-roostevaba-teras-1500x500x1500mm-4-riiulit-adexa-ssb15050\\\/\",\"url\":\"https:\\\/\\\/adexa.ee\\\/toode\\\/professionaalne-riiul-roostevaba-teras-1500x500x1500mm-4-riiulit-adexa-ssb15050\\\/\",\"name\":\"Professionaalne Riiul, Roostevaba teras 1500x500x1500mm, 4 riiulit | Adexa SSB15050 - Adexa \u2013 Suurk\u00f6\u00f6giseadmed restoranidele ja toitlustusele\",\"isPartOf\":{\"@id\":\"https:\\\/\\\/adexa.ee\\\/#website\"},\"primaryImageOfPage\":{\"@id\":\"https:\\\/\\\/adexa.ee\\\/toode\\\/professionaalne-riiul-roostevaba-teras-1500x500x1500mm-4-riiulit-adexa-ssb15050\\\/#primaryimage\"},\"image\":{\"@id\":\"https:\\\/\\\/adexa.ee\\\/toode\\\/professionaalne-riiul-roostevaba-teras-1500x500x1500mm-4-riiulit-adexa-ssb15050\\\/#primaryimage\"},\"thumbnailUrl\":\"https:\\\/\\\/adexa.ee\\\/wp-content\\\/uploads\\\/2024\\\/12\\\/SSB1500.jpg\",\"datePublished\":\"2026-03-26T08:55:02+00:00\",\"dateModified\":\"2026-03-26T08:55:06+00:00\",\"breadcrumb\":{\"@id\":\"https:\\\/\\\/adexa.ee\\\/toode\\\/professionaalne-riiul-roostevaba-teras-1500x500x1500mm-4-riiulit-adexa-ssb15050\\\/#breadcrumb\"},\"inLanguage\":\"en-US\",\"potentialAction\":[{\"@type\":\"ReadAction\",\"target\":[\"https:\\\/\\\/adexa.ee\\\/toode\\\/professionaalne-riiul-roostevaba-teras-1500x500x1500mm-4-riiulit-adexa-ssb15050\\\/\"]}]},{\"@type\":\"ImageObject\",\"inLanguage\":\"en-US\",\"@id\":\"https:\\\/\\\/adexa.ee\\\/toode\\\/professionaalne-riiul-roostevaba-teras-1500x500x1500mm-4-riiulit-adexa-ssb15050\\\/#primaryimage\",\"url\":\"https:\\\/\\\/adexa.ee\\\/wp-content\\\/uploads\\\/2024\\\/12\\\/SSB1500.jpg\",\"contentUrl\":\"https:\\\/\\\/adexa.ee\\\/wp-content\\\/uploads\\\/2024\\\/12\\\/SSB1500.jpg\",\"width\":904,\"height\":904},{\"@type\":\"BreadcrumbList\",\"@id\":\"https:\\\/\\\/adexa.ee\\\/toode\\\/professionaalne-riiul-roostevaba-teras-1500x500x1500mm-4-riiulit-adexa-ssb15050\\\/#breadcrumb\",\"itemListElement\":[{\"@type\":\"ListItem\",\"position\":1,\"name\":\"Home\",\"item\":\"https:\\\/\\\/adexa.ee\\\/\"},{\"@type\":\"ListItem\",\"position\":2,\"name\":\"Tooted\",\"item\":\"https:\\\/\\\/adexa.ee\\\/pood\\\/\"},{\"@type\":\"ListItem\",\"position\":3,\"name\":\"Professionaalne Riiul, Roostevaba teras 1500x500x1500mm, 4 riiulit | Adexa SSB15050\"}]},{\"@type\":\"WebSite\",\"@id\":\"https:\\\/\\\/adexa.ee\\\/#website\",\"url\":\"https:\\\/\\\/adexa.ee\\\/\",\"name\":\"Adexa\",\"description\":\"\",\"publisher\":{\"@id\":\"https:\\\/\\\/adexa.ee\\\/#organization\"},\"potentialAction\":[{\"@type\":\"SearchAction\",\"target\":{\"@type\":\"EntryPoint\",\"urlTemplate\":\"https:\\\/\\\/adexa.ee\\\/?s={search_term_string}\"},\"query-input\":{\"@type\":\"PropertyValueSpecification\",\"valueRequired\":true,\"valueName\":\"search_term_string\"}}],\"inLanguage\":\"en-US\"},{\"@type\":\"Organization\",\"@id\":\"https:\\\/\\\/adexa.ee\\\/#organization\",\"name\":\"Adexa\",\"url\":\"https:\\\/\\\/adexa.ee\\\/\",\"logo\":{\"@type\":\"ImageObject\",\"inLanguage\":\"en-US\",\"@id\":\"https:\\\/\\\/adexa.ee\\\/#\\\/schema\\\/logo\\\/image\\\/\",\"url\":\"https:\\\/\\\/adexa.ee\\\/wp-content\\\/uploads\\\/2024\\\/04\\\/chef-cooks-working-in-professional-kitchen-2023-11-27-05-07-39-utc-scaled.jpg\",\"contentUrl\":\"https:\\\/\\\/adexa.ee\\\/wp-content\\\/uploads\\\/2024\\\/04\\\/chef-cooks-working-in-professional-kitchen-2023-11-27-05-07-39-utc-scaled.jpg\",\"width\":2560,\"height\":1708,\"caption\":\"Adexa\"},\"image\":{\"@id\":\"https:\\\/\\\/adexa.ee\\\/#\\\/schema\\\/logo\\\/image\\\/\"}}]}<\/script>\n<!-- \/ Yoast SEO plugin. -->","yoast_head_json":{"title":"Professionaalne Riiul, Roostevaba teras 1500x500x1500mm, 4 riiulit | Adexa SSB15050 - Adexa \u2013 Suurk\u00f6\u00f6giseadmed restoranidele ja toitlustusele","robots":{"index":"index","follow":"follow","max-snippet":"max-snippet:-1","max-image-preview":"max-image-preview:large","max-video-preview":"max-video-preview:-1"},"canonical":"https:\/\/adexa.ee\/toode\/professionaalne-riiul-roostevaba-teras-1500x500x1500mm-4-riiulit-adexa-ssb15050\/","og_locale":"en_US","og_type":"article","og_title":"Professionaalne Riiul, Roostevaba teras 1500x500x1500mm, 4 riiulit | Adexa SSB15050 - Adexa \u2013 Suurk\u00f6\u00f6giseadmed restoranidele ja toitlustusele","og_description":"See tugev roostevabast terasest kommertstoodete riiuli\u00fcksus on ideaalne ladustamisaladele, restorani k\u00f6\u00f6kidele v\u00f5i mis tahes t\u00fchjale seinapinnale, kus oleks vaja t\u00e4iendavat","og_url":"https:\/\/adexa.ee\/toode\/professionaalne-riiul-roostevaba-teras-1500x500x1500mm-4-riiulit-adexa-ssb15050\/","og_site_name":"Adexa \u2013 Suurk\u00f6\u00f6giseadmed restoranidele ja toitlustusele","article_modified_time":"2026-03-26T08:55:06+00:00","og_image":[{"width":904,"height":904,"url":"https:\/\/adexa.ee\/wp-content\/uploads\/2024\/12\/SSB1500.jpg","type":"image\/jpeg"}],"twitter_card":"summary_large_image","twitter_misc":{"Est. reading time":"1 minute"},"schema":{"@context":"https:\/\/schema.org","@graph":[{"@type":"WebPage","@id":"https:\/\/adexa.ee\/toode\/professionaalne-riiul-roostevaba-teras-1500x500x1500mm-4-riiulit-adexa-ssb15050\/","url":"https:\/\/adexa.ee\/toode\/professionaalne-riiul-roostevaba-teras-1500x500x1500mm-4-riiulit-adexa-ssb15050\/","name":"Professionaalne Riiul, Roostevaba teras 1500x500x1500mm, 4 riiulit | Adexa SSB15050 - Adexa \u2013 Suurk\u00f6\u00f6giseadmed restoranidele ja toitlustusele","isPartOf":{"@id":"https:\/\/adexa.ee\/#website"},"primaryImageOfPage":{"@id":"https:\/\/adexa.ee\/toode\/professionaalne-riiul-roostevaba-teras-1500x500x1500mm-4-riiulit-adexa-ssb15050\/#primaryimage"},"image":{"@id":"https:\/\/adexa.ee\/toode\/professionaalne-riiul-roostevaba-teras-1500x500x1500mm-4-riiulit-adexa-ssb15050\/#primaryimage"},"thumbnailUrl":"https:\/\/adexa.ee\/wp-content\/uploads\/2024\/12\/SSB1500.jpg","datePublished":"2026-03-26T08:55:02+00:00","dateModified":"2026-03-26T08:55:06+00:00","breadcrumb":{"@id":"https:\/\/adexa.ee\/toode\/professionaalne-riiul-roostevaba-teras-1500x500x1500mm-4-riiulit-adexa-ssb15050\/#breadcrumb"},"inLanguage":"en-US","potentialAction":[{"@type":"ReadAction","target":["https:\/\/adexa.ee\/toode\/professionaalne-riiul-roostevaba-teras-1500x500x1500mm-4-riiulit-adexa-ssb15050\/"]}]},{"@type":"ImageObject","inLanguage":"en-US","@id":"https:\/\/adexa.ee\/toode\/professionaalne-riiul-roostevaba-teras-1500x500x1500mm-4-riiulit-adexa-ssb15050\/#primaryimage","url":"https:\/\/adexa.ee\/wp-content\/uploads\/2024\/12\/SSB1500.jpg","contentUrl":"https:\/\/adexa.ee\/wp-content\/uploads\/2024\/12\/SSB1500.jpg","width":904,"height":904},{"@type":"BreadcrumbList","@id":"https:\/\/adexa.ee\/toode\/professionaalne-riiul-roostevaba-teras-1500x500x1500mm-4-riiulit-adexa-ssb15050\/#breadcrumb","itemListElement":[{"@type":"ListItem","position":1,"name":"Home","item":"https:\/\/adexa.ee\/"},{"@type":"ListItem","position":2,"name":"Tooted","item":"https:\/\/adexa.ee\/pood\/"},{"@type":"ListItem","position":3,"name":"Professionaalne Riiul, Roostevaba teras 1500x500x1500mm, 4 riiulit | Adexa SSB15050"}]},{"@type":"WebSite","@id":"https:\/\/adexa.ee\/#website","url":"https:\/\/adexa.ee\/","name":"Adexa","description":"","publisher":{"@id":"https:\/\/adexa.ee\/#organization"},"potentialAction":[{"@type":"SearchAction","target":{"@type":"EntryPoint","urlTemplate":"https:\/\/adexa.ee\/?s={search_term_string}"},"query-input":{"@type":"PropertyValueSpecification","valueRequired":true,"valueName":"search_term_string"}}],"inLanguage":"en-US"},{"@type":"Organization","@id":"https:\/\/adexa.ee\/#organization","name":"Adexa","url":"https:\/\/adexa.ee\/","logo":{"@type":"ImageObject","inLanguage":"en-US","@id":"https:\/\/adexa.ee\/#\/schema\/logo\/image\/","url":"https:\/\/adexa.ee\/wp-content\/uploads\/2024\/04\/chef-cooks-working-in-professional-kitchen-2023-11-27-05-07-39-utc-scaled.jpg","contentUrl":"https:\/\/adexa.ee\/wp-content\/uploads\/2024\/04\/chef-cooks-working-in-professional-kitchen-2023-11-27-05-07-39-utc-scaled.jpg","width":2560,"height":1708,"caption":"Adexa"},"image":{"@id":"https:\/\/adexa.ee\/#\/schema\/logo\/image\/"}}]}},"_links":{"self":[{"href":"https:\/\/adexa.ee\/en\/wp-json\/wp\/v2\/product\/16427","targetHints":{"allow":["GET"]}}],"collection":[{"href":"https:\/\/adexa.ee\/en\/wp-json\/wp\/v2\/product"}],"about":[{"href":"https:\/\/adexa.ee\/en\/wp-json\/wp\/v2\/types\/product"}],"wp:featuredmedia":[{"embeddable":true,"href":"https:\/\/adexa.ee\/en\/wp-json\/wp\/v2\/media\/15017"}],"wp:attachment":[{"href":"https:\/\/adexa.ee\/en\/wp-json\/wp\/v2\/media?parent=16427"}],"wp:term":[{"taxonomy":"product_brand","embeddable":true,"href":"https:\/\/adexa.ee\/en\/wp-json\/wp\/v2\/product_brand?post=16427"},{"taxonomy":"product_cat","embeddable":true,"href":"https:\/\/adexa.ee\/en\/wp-json\/wp\/v2\/product_cat?post=16427"},{"taxonomy":"product_tag","embeddable":true,"href":"https:\/\/adexa.ee\/en\/wp-json\/wp\/v2\/product_tag?post=16427"}],"curies":[{"name":"wp","href":"https:\/\/api.w.org\/{rel}","templated":true}]}}