{"id":16450,"date":"2026-03-26T10:55:02","date_gmt":"2026-03-26T08:55:02","guid":{"rendered":"https:\/\/adexa.ee\/toode\/veiniklaasihoidja-kuld-lakke-kinnitatud-pikkus-300-mm-3-veiniklaasi-adexa-wgb18500300g\/"},"modified":"2026-03-26T10:55:09","modified_gmt":"2026-03-26T08:55:09","slug":"veiniklaasihoidja-kuld-lakke-kinnitatav-pikkus-300-mm-3-veiniklaasi-adexa-wgb18500300g","status":"publish","type":"product","link":"https:\/\/adexa.ee\/en\/toode\/veiniklaasihoidja-kuld-lakke-kinnitatav-pikkus-300-mm-3-veiniklaasi-adexa-wgb18500300g\/","title":{"rendered":"Veiniklaasihoidja Kuld Lakke kinnitatav Pikkus 300 mm 3 veiniklaasi | Adexa WGB18500300G"},"content":{"rendered":"<p>Klaaside purunemise v\u00e4ltimiseks on see veiniklaasihoidja ideaalne kokteili- ja veinibaaride jaoks v\u00f5i kohtadesse, kus ruumi on v\u00e4he. Kas riputage \u00fcle pea k\u00f5rguse, n\u00e4idates oma poleeritud klaasn\u00f5usid sujuva ja kiire teeninduse tagamiseks, v\u00f5i paigaldage letile alla, et v\u00f5imaldada p\u00e4rast pesuts\u00fcklit kiirem kuivamine.<\/p>\n<table style=\"border-collapse: collapse; width: 100%; text-align: left;\">\n<tbody>\n<tr>\n<td style=\"border: 1px solid #ddd; padding: 8px; width: 45%;\"><strong>S\u00fcgavus<\/strong><\/td>\n<td style=\"border: 1px solid #ddd; padding: 8px;\">300 mm<\/td>\n<\/tr>\n<tr>\n<td style=\"border: 1px solid #ddd; padding: 8px; width: 45%;\"><strong>K\u00f5rgus<\/strong><\/td>\n<td style=\"border: 1px solid #ddd; padding: 8px;\">40 mm<\/td>\n<\/tr>\n<tr>\n<td style=\"border: 1px solid #ddd; padding: 8px; width: 45%;\"><strong>Laius<\/strong><\/td>\n<td style=\"border: 1px solid #ddd; padding: 8px;\">100 mm<\/td>\n<\/tr>\n<tr>\n<td style=\"border: 1px solid #ddd; padding: 8px; width: 45%;\"><strong>T\u00fc\u00fcp<\/strong><\/td>\n<td style=\"border: 1px solid #ddd; padding: 8px;\">Lae k\u00fclge kinnitatud<\/td>\n<\/tr>\n<tr>\n<td style=\"border: 1px solid #ddd; padding: 8px; width: 45%;\"><strong>Mahutavus<\/strong><\/td>\n<td style=\"border: 1px solid #ddd; padding: 8px;\">3 veiniklaasi<\/td>\n<\/tr>\n<tr>\n<td style=\"border: 1px solid #ddd; padding: 8px; width: 45%;\"><strong>Materjal<\/strong><\/td>\n<td style=\"border: 1px solid #ddd; padding: 8px;\">Kroomitud raud<\/td>\n<\/tr>\n<tr>\n<td style=\"border: 1px solid #ddd; padding: 8px; width: 45%;\"><strong>V\u00e4rv<\/strong><\/td>\n<td style=\"border: 1px solid #ddd; padding: 8px;\">Kuld<\/td>\n<\/tr>\n<tr>\n<td style=\"border: 1px solid #ddd; padding: 8px; width: 45%;\"><strong>Paksus<\/strong><\/td>\n<td style=\"border: 1px solid #ddd; padding: 8px;\">\u00d88 mm (kangid)<\/td>\n<\/tr>\n<\/tbody>\n<\/table>\n","protected":false},"excerpt":{"rendered":"<p>Klaaside purunemise v\u00e4ltimiseks on see veiniklaasihoidja ideaalne kokteili- ja veinibaaride jaoks v\u00f5i kohtadesse, kus ruumi on v\u00e4he. Kas riputage \u00fcle<\/p>\n","protected":false},"featured_media":12904,"template":"","meta":[],"product_brand":[],"product_cat":[688,613,579,569,572],"product_tag":[],"class_list":{"0":"post-16450","1":"product","2":"type-product","3":"status-publish","4":"has-post-thumbnail","6":"product_cat-klaasihoidjad","7":"product_cat-kohv-ja-joogid","8":"product_cat-koogitarbed-noud","9":"product_cat-lopumuuk","10":"product_cat-roostevabad-tooted","12":"first","13":"instock","14":"sale","15":"taxable","16":"shipping-taxable","17":"purchasable","18":"product-type-simple"},"yoast_head":"<!-- This site is optimized with the Yoast SEO plugin v27.3 - https:\/\/yoast.com\/product\/yoast-seo-wordpress\/ -->\n<title>Veiniklaasihoidja Kuld Lakke kinnitatav Pikkus 300 mm 3 veiniklaasi | Adexa WGB18500300G - Adexa \u2013 Suurk\u00f6\u00f6giseadmed restoranidele ja toitlustusele<\/title>\n<meta name=\"robots\" content=\"index, follow, max-snippet:-1, max-image-preview:large, max-video-preview:-1\" \/>\n<link rel=\"canonical\" href=\"https:\/\/adexa.ee\/toode\/veiniklaasihoidja-kuld-lakke-kinnitatav-pikkus-300-mm-3-veiniklaasi-adexa-wgb18500300g\/\" \/>\n<meta property=\"og:locale\" content=\"en_US\" \/>\n<meta property=\"og:type\" content=\"article\" \/>\n<meta property=\"og:title\" content=\"Veiniklaasihoidja Kuld Lakke kinnitatav Pikkus 300 mm 3 veiniklaasi | Adexa WGB18500300G - Adexa \u2013 Suurk\u00f6\u00f6giseadmed restoranidele ja toitlustusele\" \/>\n<meta property=\"og:description\" content=\"Klaaside purunemise v\u00e4ltimiseks on see veiniklaasihoidja ideaalne kokteili- ja veinibaaride jaoks v\u00f5i kohtadesse, kus ruumi on v\u00e4he. Kas riputage \u00fcle\" \/>\n<meta property=\"og:url\" content=\"https:\/\/adexa.ee\/toode\/veiniklaasihoidja-kuld-lakke-kinnitatav-pikkus-300-mm-3-veiniklaasi-adexa-wgb18500300g\/\" \/>\n<meta property=\"og:site_name\" content=\"Adexa \u2013 Suurk\u00f6\u00f6giseadmed restoranidele ja toitlustusele\" \/>\n<meta property=\"article:modified_time\" content=\"2026-03-26T08:55:09+00:00\" \/>\n<meta property=\"og:image\" content=\"https:\/\/adexa.ee\/wp-content\/uploads\/2024\/12\/WGB18500300G.jpg\" \/>\n\t<meta property=\"og:image:width\" content=\"2000\" \/>\n\t<meta property=\"og:image:height\" content=\"2000\" \/>\n\t<meta property=\"og:image:type\" content=\"image\/jpeg\" \/>\n<meta name=\"twitter:card\" content=\"summary_large_image\" \/>\n<script type=\"application\/ld+json\" class=\"yoast-schema-graph\">{\"@context\":\"https:\\\/\\\/schema.org\",\"@graph\":[{\"@type\":\"WebPage\",\"@id\":\"https:\\\/\\\/adexa.ee\\\/toode\\\/veiniklaasihoidja-kuld-lakke-kinnitatav-pikkus-300-mm-3-veiniklaasi-adexa-wgb18500300g\\\/\",\"url\":\"https:\\\/\\\/adexa.ee\\\/toode\\\/veiniklaasihoidja-kuld-lakke-kinnitatav-pikkus-300-mm-3-veiniklaasi-adexa-wgb18500300g\\\/\",\"name\":\"Veiniklaasihoidja Kuld Lakke kinnitatav Pikkus 300 mm 3 veiniklaasi | Adexa WGB18500300G - Adexa \u2013 Suurk\u00f6\u00f6giseadmed restoranidele ja toitlustusele\",\"isPartOf\":{\"@id\":\"https:\\\/\\\/adexa.ee\\\/#website\"},\"primaryImageOfPage\":{\"@id\":\"https:\\\/\\\/adexa.ee\\\/toode\\\/veiniklaasihoidja-kuld-lakke-kinnitatav-pikkus-300-mm-3-veiniklaasi-adexa-wgb18500300g\\\/#primaryimage\"},\"image\":{\"@id\":\"https:\\\/\\\/adexa.ee\\\/toode\\\/veiniklaasihoidja-kuld-lakke-kinnitatav-pikkus-300-mm-3-veiniklaasi-adexa-wgb18500300g\\\/#primaryimage\"},\"thumbnailUrl\":\"https:\\\/\\\/adexa.ee\\\/wp-content\\\/uploads\\\/2024\\\/12\\\/WGB18500300G.jpg\",\"datePublished\":\"2026-03-26T08:55:02+00:00\",\"dateModified\":\"2026-03-26T08:55:09+00:00\",\"breadcrumb\":{\"@id\":\"https:\\\/\\\/adexa.ee\\\/toode\\\/veiniklaasihoidja-kuld-lakke-kinnitatav-pikkus-300-mm-3-veiniklaasi-adexa-wgb18500300g\\\/#breadcrumb\"},\"inLanguage\":\"en-US\",\"potentialAction\":[{\"@type\":\"ReadAction\",\"target\":[\"https:\\\/\\\/adexa.ee\\\/toode\\\/veiniklaasihoidja-kuld-lakke-kinnitatav-pikkus-300-mm-3-veiniklaasi-adexa-wgb18500300g\\\/\"]}]},{\"@type\":\"ImageObject\",\"inLanguage\":\"en-US\",\"@id\":\"https:\\\/\\\/adexa.ee\\\/toode\\\/veiniklaasihoidja-kuld-lakke-kinnitatav-pikkus-300-mm-3-veiniklaasi-adexa-wgb18500300g\\\/#primaryimage\",\"url\":\"https:\\\/\\\/adexa.ee\\\/wp-content\\\/uploads\\\/2024\\\/12\\\/WGB18500300G.jpg\",\"contentUrl\":\"https:\\\/\\\/adexa.ee\\\/wp-content\\\/uploads\\\/2024\\\/12\\\/WGB18500300G.jpg\",\"width\":2000,\"height\":2000},{\"@type\":\"BreadcrumbList\",\"@id\":\"https:\\\/\\\/adexa.ee\\\/toode\\\/veiniklaasihoidja-kuld-lakke-kinnitatav-pikkus-300-mm-3-veiniklaasi-adexa-wgb18500300g\\\/#breadcrumb\",\"itemListElement\":[{\"@type\":\"ListItem\",\"position\":1,\"name\":\"Home\",\"item\":\"https:\\\/\\\/adexa.ee\\\/\"},{\"@type\":\"ListItem\",\"position\":2,\"name\":\"Tooted\",\"item\":\"https:\\\/\\\/adexa.ee\\\/pood\\\/\"},{\"@type\":\"ListItem\",\"position\":3,\"name\":\"Veiniklaasihoidja Kuld Lakke kinnitatav Pikkus 300 mm 3 veiniklaasi | Adexa WGB18500300G\"}]},{\"@type\":\"WebSite\",\"@id\":\"https:\\\/\\\/adexa.ee\\\/#website\",\"url\":\"https:\\\/\\\/adexa.ee\\\/\",\"name\":\"Adexa\",\"description\":\"\",\"publisher\":{\"@id\":\"https:\\\/\\\/adexa.ee\\\/#organization\"},\"potentialAction\":[{\"@type\":\"SearchAction\",\"target\":{\"@type\":\"EntryPoint\",\"urlTemplate\":\"https:\\\/\\\/adexa.ee\\\/?s={search_term_string}\"},\"query-input\":{\"@type\":\"PropertyValueSpecification\",\"valueRequired\":true,\"valueName\":\"search_term_string\"}}],\"inLanguage\":\"en-US\"},{\"@type\":\"Organization\",\"@id\":\"https:\\\/\\\/adexa.ee\\\/#organization\",\"name\":\"Adexa\",\"url\":\"https:\\\/\\\/adexa.ee\\\/\",\"logo\":{\"@type\":\"ImageObject\",\"inLanguage\":\"en-US\",\"@id\":\"https:\\\/\\\/adexa.ee\\\/#\\\/schema\\\/logo\\\/image\\\/\",\"url\":\"https:\\\/\\\/adexa.ee\\\/wp-content\\\/uploads\\\/2024\\\/04\\\/chef-cooks-working-in-professional-kitchen-2023-11-27-05-07-39-utc-scaled.jpg\",\"contentUrl\":\"https:\\\/\\\/adexa.ee\\\/wp-content\\\/uploads\\\/2024\\\/04\\\/chef-cooks-working-in-professional-kitchen-2023-11-27-05-07-39-utc-scaled.jpg\",\"width\":2560,\"height\":1708,\"caption\":\"Adexa\"},\"image\":{\"@id\":\"https:\\\/\\\/adexa.ee\\\/#\\\/schema\\\/logo\\\/image\\\/\"}}]}<\/script>\n<!-- \/ Yoast SEO plugin. -->","yoast_head_json":{"title":"Veiniklaasihoidja Kuld Lakke kinnitatav Pikkus 300 mm 3 veiniklaasi | Adexa WGB18500300G - Adexa \u2013 Suurk\u00f6\u00f6giseadmed restoranidele ja toitlustusele","robots":{"index":"index","follow":"follow","max-snippet":"max-snippet:-1","max-image-preview":"max-image-preview:large","max-video-preview":"max-video-preview:-1"},"canonical":"https:\/\/adexa.ee\/toode\/veiniklaasihoidja-kuld-lakke-kinnitatav-pikkus-300-mm-3-veiniklaasi-adexa-wgb18500300g\/","og_locale":"en_US","og_type":"article","og_title":"Veiniklaasihoidja Kuld Lakke kinnitatav Pikkus 300 mm 3 veiniklaasi | Adexa WGB18500300G - Adexa \u2013 Suurk\u00f6\u00f6giseadmed restoranidele ja toitlustusele","og_description":"Klaaside purunemise v\u00e4ltimiseks on see veiniklaasihoidja ideaalne kokteili- ja veinibaaride jaoks v\u00f5i kohtadesse, kus ruumi on v\u00e4he. Kas riputage \u00fcle","og_url":"https:\/\/adexa.ee\/toode\/veiniklaasihoidja-kuld-lakke-kinnitatav-pikkus-300-mm-3-veiniklaasi-adexa-wgb18500300g\/","og_site_name":"Adexa \u2013 Suurk\u00f6\u00f6giseadmed restoranidele ja toitlustusele","article_modified_time":"2026-03-26T08:55:09+00:00","og_image":[{"width":2000,"height":2000,"url":"https:\/\/adexa.ee\/wp-content\/uploads\/2024\/12\/WGB18500300G.jpg","type":"image\/jpeg"}],"twitter_card":"summary_large_image","schema":{"@context":"https:\/\/schema.org","@graph":[{"@type":"WebPage","@id":"https:\/\/adexa.ee\/toode\/veiniklaasihoidja-kuld-lakke-kinnitatav-pikkus-300-mm-3-veiniklaasi-adexa-wgb18500300g\/","url":"https:\/\/adexa.ee\/toode\/veiniklaasihoidja-kuld-lakke-kinnitatav-pikkus-300-mm-3-veiniklaasi-adexa-wgb18500300g\/","name":"Veiniklaasihoidja Kuld Lakke kinnitatav Pikkus 300 mm 3 veiniklaasi | Adexa WGB18500300G - Adexa \u2013 Suurk\u00f6\u00f6giseadmed restoranidele ja toitlustusele","isPartOf":{"@id":"https:\/\/adexa.ee\/#website"},"primaryImageOfPage":{"@id":"https:\/\/adexa.ee\/toode\/veiniklaasihoidja-kuld-lakke-kinnitatav-pikkus-300-mm-3-veiniklaasi-adexa-wgb18500300g\/#primaryimage"},"image":{"@id":"https:\/\/adexa.ee\/toode\/veiniklaasihoidja-kuld-lakke-kinnitatav-pikkus-300-mm-3-veiniklaasi-adexa-wgb18500300g\/#primaryimage"},"thumbnailUrl":"https:\/\/adexa.ee\/wp-content\/uploads\/2024\/12\/WGB18500300G.jpg","datePublished":"2026-03-26T08:55:02+00:00","dateModified":"2026-03-26T08:55:09+00:00","breadcrumb":{"@id":"https:\/\/adexa.ee\/toode\/veiniklaasihoidja-kuld-lakke-kinnitatav-pikkus-300-mm-3-veiniklaasi-adexa-wgb18500300g\/#breadcrumb"},"inLanguage":"en-US","potentialAction":[{"@type":"ReadAction","target":["https:\/\/adexa.ee\/toode\/veiniklaasihoidja-kuld-lakke-kinnitatav-pikkus-300-mm-3-veiniklaasi-adexa-wgb18500300g\/"]}]},{"@type":"ImageObject","inLanguage":"en-US","@id":"https:\/\/adexa.ee\/toode\/veiniklaasihoidja-kuld-lakke-kinnitatav-pikkus-300-mm-3-veiniklaasi-adexa-wgb18500300g\/#primaryimage","url":"https:\/\/adexa.ee\/wp-content\/uploads\/2024\/12\/WGB18500300G.jpg","contentUrl":"https:\/\/adexa.ee\/wp-content\/uploads\/2024\/12\/WGB18500300G.jpg","width":2000,"height":2000},{"@type":"BreadcrumbList","@id":"https:\/\/adexa.ee\/toode\/veiniklaasihoidja-kuld-lakke-kinnitatav-pikkus-300-mm-3-veiniklaasi-adexa-wgb18500300g\/#breadcrumb","itemListElement":[{"@type":"ListItem","position":1,"name":"Home","item":"https:\/\/adexa.ee\/"},{"@type":"ListItem","position":2,"name":"Tooted","item":"https:\/\/adexa.ee\/pood\/"},{"@type":"ListItem","position":3,"name":"Veiniklaasihoidja Kuld Lakke kinnitatav Pikkus 300 mm 3 veiniklaasi | Adexa WGB18500300G"}]},{"@type":"WebSite","@id":"https:\/\/adexa.ee\/#website","url":"https:\/\/adexa.ee\/","name":"Adexa","description":"","publisher":{"@id":"https:\/\/adexa.ee\/#organization"},"potentialAction":[{"@type":"SearchAction","target":{"@type":"EntryPoint","urlTemplate":"https:\/\/adexa.ee\/?s={search_term_string}"},"query-input":{"@type":"PropertyValueSpecification","valueRequired":true,"valueName":"search_term_string"}}],"inLanguage":"en-US"},{"@type":"Organization","@id":"https:\/\/adexa.ee\/#organization","name":"Adexa","url":"https:\/\/adexa.ee\/","logo":{"@type":"ImageObject","inLanguage":"en-US","@id":"https:\/\/adexa.ee\/#\/schema\/logo\/image\/","url":"https:\/\/adexa.ee\/wp-content\/uploads\/2024\/04\/chef-cooks-working-in-professional-kitchen-2023-11-27-05-07-39-utc-scaled.jpg","contentUrl":"https:\/\/adexa.ee\/wp-content\/uploads\/2024\/04\/chef-cooks-working-in-professional-kitchen-2023-11-27-05-07-39-utc-scaled.jpg","width":2560,"height":1708,"caption":"Adexa"},"image":{"@id":"https:\/\/adexa.ee\/#\/schema\/logo\/image\/"}}]}},"_links":{"self":[{"href":"https:\/\/adexa.ee\/en\/wp-json\/wp\/v2\/product\/16450","targetHints":{"allow":["GET"]}}],"collection":[{"href":"https:\/\/adexa.ee\/en\/wp-json\/wp\/v2\/product"}],"about":[{"href":"https:\/\/adexa.ee\/en\/wp-json\/wp\/v2\/types\/product"}],"wp:featuredmedia":[{"embeddable":true,"href":"https:\/\/adexa.ee\/en\/wp-json\/wp\/v2\/media\/12904"}],"wp:attachment":[{"href":"https:\/\/adexa.ee\/en\/wp-json\/wp\/v2\/media?parent=16450"}],"wp:term":[{"taxonomy":"product_brand","embeddable":true,"href":"https:\/\/adexa.ee\/en\/wp-json\/wp\/v2\/product_brand?post=16450"},{"taxonomy":"product_cat","embeddable":true,"href":"https:\/\/adexa.ee\/en\/wp-json\/wp\/v2\/product_cat?post=16450"},{"taxonomy":"product_tag","embeddable":true,"href":"https:\/\/adexa.ee\/en\/wp-json\/wp\/v2\/product_tag?post=16450"}],"curies":[{"name":"wp","href":"https:\/\/api.w.org\/{rel}","templated":true}]}}