{"id":16455,"date":"2026-03-30T08:45:28","date_gmt":"2026-03-30T05:45:28","guid":{"rendered":"https:\/\/adexa.ee\/toode\/professionaalne-laua-konserviavaja-raskekaaluline-750mm-adexa-cmxsc03\/"},"modified":"2026-03-30T08:45:29","modified_gmt":"2026-03-30T05:45:29","slug":"professionaalne-laua-konserviavaja-750mm-adexa-cmxsc03","status":"publish","type":"product","link":"https:\/\/adexa.ee\/en\/toode\/professionaalne-laua-konserviavaja-750mm-adexa-cmxsc03\/","title":{"rendered":"Professionaalne Laua Konserviavaja, 750mm | Adexa CMXSC03"},"content":{"rendered":"<p>T\u00e4iuslik konserviavaja, millega saab avada peaaegu k\u00f5ike, see konserviavaja on ideaalne igasse kommertsk\u00f6\u00f6ki. Oma vastupidava disainiga, mis on loodud spetsiaalselt raskekaalu kasutamiseks, on see konserviavaja kindlasti kauakestev. Seadme pikaealisuse suurendamiseks on sellel konserviavajal ka vastupidav malmist konstruktsioon, mis aitab ennetada roostetamist isegi happeliste toitude puhul! Lisaks saab selle mugavuse suurendamiseks h\u00f5lpsasti kinnitada teie t\u00f6\u00f6pinnale t\u00e4nu kroomitud terasest alusele.<\/p>\n<table style=\"border-collapse: collapse; width: 100%; text-align: left;\">\n<tbody>\n<tr>\n<td style=\"border: 1px solid #ddd; padding: 8px; width: 45%;\"><strong>K\u00f5rgus<\/strong><\/td>\n<td style=\"border: 1px solid #ddd; padding: 8px;\">750 mm<\/td>\n<\/tr>\n<tr>\n<td style=\"border: 1px solid #ddd; padding: 8px; width: 45%;\"><strong>Laius<\/strong><\/td>\n<td style=\"border: 1px solid #ddd; padding: 8px;\">110 mm<\/td>\n<\/tr>\n<tr>\n<td style=\"border: 1px solid #ddd; padding: 8px; width: 45%;\"><strong>Kaal<\/strong><\/td>\n<td style=\"border: 1px solid #ddd; padding: 8px;\">2,2 kg<\/td>\n<\/tr>\n<tr>\n<td style=\"border: 1px solid #ddd; padding: 8px; width: 45%;\"><strong>T\u00fc\u00fcp<\/strong><\/td>\n<td style=\"border: 1px solid #ddd; padding: 8px;\">Pingile kinnitatud<\/td>\n<\/tr>\n<tr>\n<td style=\"border: 1px solid #ddd; padding: 8px; width: 45%;\"><strong>Materjal<\/strong><\/td>\n<td style=\"border: 1px solid #ddd; padding: 8px;\">Roostevaba teras<\/td>\n<\/tr>\n<\/tbody>\n<\/table>\n","protected":false},"excerpt":{"rendered":"<p>T\u00e4iuslik konserviavaja, millega saab avada peaaegu k\u00f5ike, see konserviavaja on ideaalne igasse kommertsk\u00f6\u00f6ki. Oma vastupidava disainiga, mis on loodud spetsiaalselt<\/p>\n","protected":false},"featured_media":14808,"template":"","meta":[],"product_brand":[],"product_cat":[897,580,579],"product_tag":[],"class_list":{"0":"post-16455","1":"product","2":"type-product","3":"status-publish","4":"has-post-thumbnail","6":"product_cat-konservi-ja-purgiavamisseadmed","7":"product_cat-koogiriistad","8":"product_cat-koogitarbed-noud","10":"first","11":"instock","12":"sale","13":"taxable","14":"shipping-taxable","15":"purchasable","16":"product-type-simple"},"yoast_head":"<!-- This site is optimized with the Yoast SEO plugin v27.3 - https:\/\/yoast.com\/product\/yoast-seo-wordpress\/ -->\n<title>Professionaalne Laua Konserviavaja, 750mm | Adexa CMXSC03 - Adexa \u2013 Suurk\u00f6\u00f6giseadmed restoranidele ja toitlustusele<\/title>\n<meta name=\"robots\" content=\"index, follow, max-snippet:-1, max-image-preview:large, max-video-preview:-1\" \/>\n<link rel=\"canonical\" href=\"https:\/\/adexa.ee\/toode\/professionaalne-laua-konserviavaja-750mm-adexa-cmxsc03\/\" \/>\n<meta property=\"og:locale\" content=\"en_US\" \/>\n<meta property=\"og:type\" content=\"article\" \/>\n<meta property=\"og:title\" content=\"Professionaalne Laua Konserviavaja, 750mm | Adexa CMXSC03 - Adexa \u2013 Suurk\u00f6\u00f6giseadmed restoranidele ja toitlustusele\" \/>\n<meta property=\"og:description\" content=\"T\u00e4iuslik konserviavaja, millega saab avada peaaegu k\u00f5ike, see konserviavaja on ideaalne igasse kommertsk\u00f6\u00f6ki. Oma vastupidava disainiga, mis on loodud spetsiaalselt\" \/>\n<meta property=\"og:url\" content=\"https:\/\/adexa.ee\/toode\/professionaalne-laua-konserviavaja-750mm-adexa-cmxsc03\/\" \/>\n<meta property=\"og:site_name\" content=\"Adexa \u2013 Suurk\u00f6\u00f6giseadmed restoranidele ja toitlustusele\" \/>\n<meta property=\"article:modified_time\" content=\"2026-03-30T05:45:29+00:00\" \/>\n<meta property=\"og:image\" content=\"https:\/\/adexa.ee\/wp-content\/uploads\/2024\/12\/CMXSC01-CMXSC03.jpg\" \/>\n\t<meta property=\"og:image:width\" content=\"1800\" \/>\n\t<meta property=\"og:image:height\" content=\"1800\" \/>\n\t<meta property=\"og:image:type\" content=\"image\/jpeg\" \/>\n<meta name=\"twitter:card\" content=\"summary_large_image\" \/>\n<script type=\"application\/ld+json\" class=\"yoast-schema-graph\">{\"@context\":\"https:\\\/\\\/schema.org\",\"@graph\":[{\"@type\":\"WebPage\",\"@id\":\"https:\\\/\\\/adexa.ee\\\/toode\\\/professionaalne-laua-konserviavaja-750mm-adexa-cmxsc03\\\/\",\"url\":\"https:\\\/\\\/adexa.ee\\\/toode\\\/professionaalne-laua-konserviavaja-750mm-adexa-cmxsc03\\\/\",\"name\":\"Professionaalne Laua Konserviavaja, 750mm | Adexa CMXSC03 - Adexa \u2013 Suurk\u00f6\u00f6giseadmed restoranidele ja toitlustusele\",\"isPartOf\":{\"@id\":\"https:\\\/\\\/adexa.ee\\\/#website\"},\"primaryImageOfPage\":{\"@id\":\"https:\\\/\\\/adexa.ee\\\/toode\\\/professionaalne-laua-konserviavaja-750mm-adexa-cmxsc03\\\/#primaryimage\"},\"image\":{\"@id\":\"https:\\\/\\\/adexa.ee\\\/toode\\\/professionaalne-laua-konserviavaja-750mm-adexa-cmxsc03\\\/#primaryimage\"},\"thumbnailUrl\":\"https:\\\/\\\/adexa.ee\\\/wp-content\\\/uploads\\\/2024\\\/12\\\/CMXSC01-CMXSC03.jpg\",\"datePublished\":\"2026-03-30T05:45:28+00:00\",\"dateModified\":\"2026-03-30T05:45:29+00:00\",\"breadcrumb\":{\"@id\":\"https:\\\/\\\/adexa.ee\\\/toode\\\/professionaalne-laua-konserviavaja-750mm-adexa-cmxsc03\\\/#breadcrumb\"},\"inLanguage\":\"en-US\",\"potentialAction\":[{\"@type\":\"ReadAction\",\"target\":[\"https:\\\/\\\/adexa.ee\\\/toode\\\/professionaalne-laua-konserviavaja-750mm-adexa-cmxsc03\\\/\"]}]},{\"@type\":\"ImageObject\",\"inLanguage\":\"en-US\",\"@id\":\"https:\\\/\\\/adexa.ee\\\/toode\\\/professionaalne-laua-konserviavaja-750mm-adexa-cmxsc03\\\/#primaryimage\",\"url\":\"https:\\\/\\\/adexa.ee\\\/wp-content\\\/uploads\\\/2024\\\/12\\\/CMXSC01-CMXSC03.jpg\",\"contentUrl\":\"https:\\\/\\\/adexa.ee\\\/wp-content\\\/uploads\\\/2024\\\/12\\\/CMXSC01-CMXSC03.jpg\",\"width\":1800,\"height\":1800},{\"@type\":\"BreadcrumbList\",\"@id\":\"https:\\\/\\\/adexa.ee\\\/toode\\\/professionaalne-laua-konserviavaja-750mm-adexa-cmxsc03\\\/#breadcrumb\",\"itemListElement\":[{\"@type\":\"ListItem\",\"position\":1,\"name\":\"Home\",\"item\":\"https:\\\/\\\/adexa.ee\\\/\"},{\"@type\":\"ListItem\",\"position\":2,\"name\":\"Tooted\",\"item\":\"https:\\\/\\\/adexa.ee\\\/pood\\\/\"},{\"@type\":\"ListItem\",\"position\":3,\"name\":\"Professionaalne Laua Konserviavaja, 750mm | Adexa CMXSC03\"}]},{\"@type\":\"WebSite\",\"@id\":\"https:\\\/\\\/adexa.ee\\\/#website\",\"url\":\"https:\\\/\\\/adexa.ee\\\/\",\"name\":\"Adexa\",\"description\":\"\",\"publisher\":{\"@id\":\"https:\\\/\\\/adexa.ee\\\/#organization\"},\"potentialAction\":[{\"@type\":\"SearchAction\",\"target\":{\"@type\":\"EntryPoint\",\"urlTemplate\":\"https:\\\/\\\/adexa.ee\\\/?s={search_term_string}\"},\"query-input\":{\"@type\":\"PropertyValueSpecification\",\"valueRequired\":true,\"valueName\":\"search_term_string\"}}],\"inLanguage\":\"en-US\"},{\"@type\":\"Organization\",\"@id\":\"https:\\\/\\\/adexa.ee\\\/#organization\",\"name\":\"Adexa\",\"url\":\"https:\\\/\\\/adexa.ee\\\/\",\"logo\":{\"@type\":\"ImageObject\",\"inLanguage\":\"en-US\",\"@id\":\"https:\\\/\\\/adexa.ee\\\/#\\\/schema\\\/logo\\\/image\\\/\",\"url\":\"https:\\\/\\\/adexa.ee\\\/wp-content\\\/uploads\\\/2024\\\/04\\\/chef-cooks-working-in-professional-kitchen-2023-11-27-05-07-39-utc-scaled.jpg\",\"contentUrl\":\"https:\\\/\\\/adexa.ee\\\/wp-content\\\/uploads\\\/2024\\\/04\\\/chef-cooks-working-in-professional-kitchen-2023-11-27-05-07-39-utc-scaled.jpg\",\"width\":2560,\"height\":1708,\"caption\":\"Adexa\"},\"image\":{\"@id\":\"https:\\\/\\\/adexa.ee\\\/#\\\/schema\\\/logo\\\/image\\\/\"}}]}<\/script>\n<!-- \/ Yoast SEO plugin. -->","yoast_head_json":{"title":"Professionaalne Laua Konserviavaja, 750mm | Adexa CMXSC03 - Adexa \u2013 Suurk\u00f6\u00f6giseadmed restoranidele ja toitlustusele","robots":{"index":"index","follow":"follow","max-snippet":"max-snippet:-1","max-image-preview":"max-image-preview:large","max-video-preview":"max-video-preview:-1"},"canonical":"https:\/\/adexa.ee\/toode\/professionaalne-laua-konserviavaja-750mm-adexa-cmxsc03\/","og_locale":"en_US","og_type":"article","og_title":"Professionaalne Laua Konserviavaja, 750mm | Adexa CMXSC03 - Adexa \u2013 Suurk\u00f6\u00f6giseadmed restoranidele ja toitlustusele","og_description":"T\u00e4iuslik konserviavaja, millega saab avada peaaegu k\u00f5ike, see konserviavaja on ideaalne igasse kommertsk\u00f6\u00f6ki. Oma vastupidava disainiga, mis on loodud spetsiaalselt","og_url":"https:\/\/adexa.ee\/toode\/professionaalne-laua-konserviavaja-750mm-adexa-cmxsc03\/","og_site_name":"Adexa \u2013 Suurk\u00f6\u00f6giseadmed restoranidele ja toitlustusele","article_modified_time":"2026-03-30T05:45:29+00:00","og_image":[{"width":1800,"height":1800,"url":"https:\/\/adexa.ee\/wp-content\/uploads\/2024\/12\/CMXSC01-CMXSC03.jpg","type":"image\/jpeg"}],"twitter_card":"summary_large_image","schema":{"@context":"https:\/\/schema.org","@graph":[{"@type":"WebPage","@id":"https:\/\/adexa.ee\/toode\/professionaalne-laua-konserviavaja-750mm-adexa-cmxsc03\/","url":"https:\/\/adexa.ee\/toode\/professionaalne-laua-konserviavaja-750mm-adexa-cmxsc03\/","name":"Professionaalne Laua Konserviavaja, 750mm | Adexa CMXSC03 - Adexa \u2013 Suurk\u00f6\u00f6giseadmed restoranidele ja toitlustusele","isPartOf":{"@id":"https:\/\/adexa.ee\/#website"},"primaryImageOfPage":{"@id":"https:\/\/adexa.ee\/toode\/professionaalne-laua-konserviavaja-750mm-adexa-cmxsc03\/#primaryimage"},"image":{"@id":"https:\/\/adexa.ee\/toode\/professionaalne-laua-konserviavaja-750mm-adexa-cmxsc03\/#primaryimage"},"thumbnailUrl":"https:\/\/adexa.ee\/wp-content\/uploads\/2024\/12\/CMXSC01-CMXSC03.jpg","datePublished":"2026-03-30T05:45:28+00:00","dateModified":"2026-03-30T05:45:29+00:00","breadcrumb":{"@id":"https:\/\/adexa.ee\/toode\/professionaalne-laua-konserviavaja-750mm-adexa-cmxsc03\/#breadcrumb"},"inLanguage":"en-US","potentialAction":[{"@type":"ReadAction","target":["https:\/\/adexa.ee\/toode\/professionaalne-laua-konserviavaja-750mm-adexa-cmxsc03\/"]}]},{"@type":"ImageObject","inLanguage":"en-US","@id":"https:\/\/adexa.ee\/toode\/professionaalne-laua-konserviavaja-750mm-adexa-cmxsc03\/#primaryimage","url":"https:\/\/adexa.ee\/wp-content\/uploads\/2024\/12\/CMXSC01-CMXSC03.jpg","contentUrl":"https:\/\/adexa.ee\/wp-content\/uploads\/2024\/12\/CMXSC01-CMXSC03.jpg","width":1800,"height":1800},{"@type":"BreadcrumbList","@id":"https:\/\/adexa.ee\/toode\/professionaalne-laua-konserviavaja-750mm-adexa-cmxsc03\/#breadcrumb","itemListElement":[{"@type":"ListItem","position":1,"name":"Home","item":"https:\/\/adexa.ee\/"},{"@type":"ListItem","position":2,"name":"Tooted","item":"https:\/\/adexa.ee\/pood\/"},{"@type":"ListItem","position":3,"name":"Professionaalne Laua Konserviavaja, 750mm | Adexa CMXSC03"}]},{"@type":"WebSite","@id":"https:\/\/adexa.ee\/#website","url":"https:\/\/adexa.ee\/","name":"Adexa","description":"","publisher":{"@id":"https:\/\/adexa.ee\/#organization"},"potentialAction":[{"@type":"SearchAction","target":{"@type":"EntryPoint","urlTemplate":"https:\/\/adexa.ee\/?s={search_term_string}"},"query-input":{"@type":"PropertyValueSpecification","valueRequired":true,"valueName":"search_term_string"}}],"inLanguage":"en-US"},{"@type":"Organization","@id":"https:\/\/adexa.ee\/#organization","name":"Adexa","url":"https:\/\/adexa.ee\/","logo":{"@type":"ImageObject","inLanguage":"en-US","@id":"https:\/\/adexa.ee\/#\/schema\/logo\/image\/","url":"https:\/\/adexa.ee\/wp-content\/uploads\/2024\/04\/chef-cooks-working-in-professional-kitchen-2023-11-27-05-07-39-utc-scaled.jpg","contentUrl":"https:\/\/adexa.ee\/wp-content\/uploads\/2024\/04\/chef-cooks-working-in-professional-kitchen-2023-11-27-05-07-39-utc-scaled.jpg","width":2560,"height":1708,"caption":"Adexa"},"image":{"@id":"https:\/\/adexa.ee\/#\/schema\/logo\/image\/"}}]}},"_links":{"self":[{"href":"https:\/\/adexa.ee\/en\/wp-json\/wp\/v2\/product\/16455","targetHints":{"allow":["GET"]}}],"collection":[{"href":"https:\/\/adexa.ee\/en\/wp-json\/wp\/v2\/product"}],"about":[{"href":"https:\/\/adexa.ee\/en\/wp-json\/wp\/v2\/types\/product"}],"wp:featuredmedia":[{"embeddable":true,"href":"https:\/\/adexa.ee\/en\/wp-json\/wp\/v2\/media\/14808"}],"wp:attachment":[{"href":"https:\/\/adexa.ee\/en\/wp-json\/wp\/v2\/media?parent=16455"}],"wp:term":[{"taxonomy":"product_brand","embeddable":true,"href":"https:\/\/adexa.ee\/en\/wp-json\/wp\/v2\/product_brand?post=16455"},{"taxonomy":"product_cat","embeddable":true,"href":"https:\/\/adexa.ee\/en\/wp-json\/wp\/v2\/product_cat?post=16455"},{"taxonomy":"product_tag","embeddable":true,"href":"https:\/\/adexa.ee\/en\/wp-json\/wp\/v2\/product_tag?post=16455"}],"curies":[{"name":"wp","href":"https:\/\/api.w.org\/{rel}","templated":true}]}}