{"id":16479,"date":"2026-03-26T10:55:13","date_gmt":"2026-03-26T08:55:13","guid":{"rendered":"https:\/\/adexa.ee\/toode\/kaubanduslik-maitseainehoidja-kaanega-kaasa-arvatud-5-konteinerit-roostevaba-teras-adexa-chf05\/"},"modified":"2026-03-26T10:55:15","modified_gmt":"2026-03-26T08:55:15","slug":"maitseainehoidja-kaanega-kaasa-arvatud-5-konteinerit-roostevaba-teras-adexa-chf05","status":"publish","type":"product","link":"https:\/\/adexa.ee\/en\/toode\/maitseainehoidja-kaanega-kaasa-arvatud-5-konteinerit-roostevaba-teras-adexa-chf05\/","title":{"rendered":"Maitseainehoidja Kaanega, Kaasa Arvatud 5 Konteinerit, Roostevaba Teras | Adexa Chf05"},"content":{"rendered":"<p>See maitseainete hoidik on ideaalne toidu esitlemiseks buffeelaual v\u00f5i toidu ettevalmistamiseks k\u00f6\u00f6gi ettevalmistusjaamas. Valmistatud tugevast roostevabast terasest, on konteinerialus v\u00e4ga vastupidav ja kulumiskindel, mis v\u00f5imaldab tal vastu pidada paljude aastate intensiivsele kasutusele ja seel\u00e4bi piirata teie vajadust osta asendusi. Sile roostevaba teras on samuti v\u00e4ga lihtne puhastada.<\/p>\n<table style=\"border-collapse: collapse; width: 100%; text-align: left;\">\n<tbody>\n<tr>\n<td style=\"border: 1px solid #ddd; padding: 8px; width: 45%;\"><strong>S\u00fcgavus<\/strong><\/td>\n<td style=\"border: 1px solid #ddd; padding: 8px;\">150 mm<\/td>\n<\/tr>\n<tr>\n<td style=\"border: 1px solid #ddd; padding: 8px; width: 45%;\"><strong>K\u00f5rgus<\/strong><\/td>\n<td style=\"border: 1px solid #ddd; padding: 8px;\">90 mm<\/td>\n<\/tr>\n<tr>\n<td style=\"border: 1px solid #ddd; padding: 8px; width: 45%;\"><strong>Laius<\/strong><\/td>\n<td style=\"border: 1px solid #ddd; padding: 8px;\">385 mm<\/td>\n<\/tr>\n<tr>\n<td style=\"border: 1px solid #ddd; padding: 8px; width: 45%;\"><strong>Kaal<\/strong><\/td>\n<td style=\"border: 1px solid #ddd; padding: 8px;\">1,4 kg<\/td>\n<\/tr>\n<tr>\n<td style=\"border: 1px solid #ddd; padding: 8px; width: 45%;\"><strong>Mahutavus<\/strong><\/td>\n<td style=\"border: 1px solid #ddd; padding: 8px;\">5 konteinerit<\/td>\n<\/tr>\n<tr>\n<td style=\"border: 1px solid #ddd; padding: 8px; width: 45%;\"><strong>Materjal<\/strong><\/td>\n<td style=\"border: 1px solid #ddd; padding: 8px;\">Roostevaba teras<\/td>\n<\/tr>\n<\/tbody>\n<\/table>\n","protected":false},"excerpt":{"rendered":"<p>See maitseainete hoidik on ideaalne toidu esitlemiseks buffeelaual v\u00f5i toidu ettevalmistamiseks k\u00f6\u00f6gi ettevalmistusjaamas. Valmistatud tugevast roostevabast terasest, on konteinerialus v\u00e4ga<\/p>\n","protected":false},"featured_media":16481,"template":"","meta":[],"product_brand":[],"product_cat":[3813,585,584,583,579,557,572],"product_tag":[],"class_list":{"0":"post-16479","1":"product","2":"type-product","3":"status-publish","4":"has-post-thumbnail","6":"product_cat-roostevabast-terasest-gn-noud-ja-anumad","7":"product_cat-gn-noud","8":"product_cat-hoidikud-ja-kandikud","9":"product_cat-kastmenoud","10":"product_cat-koogitarbed-noud","11":"product_cat-kupsetusseadmed","12":"product_cat-roostevabad-tooted","14":"first","15":"instock","16":"sale","17":"taxable","18":"shipping-taxable","19":"purchasable","20":"product-type-simple"},"yoast_head":"<!-- This site is optimized with the Yoast SEO plugin v27.3 - https:\/\/yoast.com\/product\/yoast-seo-wordpress\/ -->\n<title>Maitseainehoidja Kaanega, Kaasa Arvatud 5 Konteinerit, Roostevaba Teras | Adexa Chf05 - Adexa \u2013 Suurk\u00f6\u00f6giseadmed restoranidele ja toitlustusele<\/title>\n<meta name=\"robots\" content=\"index, follow, max-snippet:-1, max-image-preview:large, max-video-preview:-1\" \/>\n<link rel=\"canonical\" href=\"https:\/\/adexa.ee\/toode\/maitseainehoidja-kaanega-kaasa-arvatud-5-konteinerit-roostevaba-teras-adexa-chf05\/\" \/>\n<meta property=\"og:locale\" content=\"en_US\" \/>\n<meta property=\"og:type\" content=\"article\" \/>\n<meta property=\"og:title\" content=\"Maitseainehoidja Kaanega, Kaasa Arvatud 5 Konteinerit, Roostevaba Teras | Adexa Chf05 - Adexa \u2013 Suurk\u00f6\u00f6giseadmed restoranidele ja toitlustusele\" \/>\n<meta property=\"og:description\" content=\"See maitseainete hoidik on ideaalne toidu esitlemiseks buffeelaual v\u00f5i toidu ettevalmistamiseks k\u00f6\u00f6gi ettevalmistusjaamas. Valmistatud tugevast roostevabast terasest, on konteinerialus v\u00e4ga\" \/>\n<meta property=\"og:url\" content=\"https:\/\/adexa.ee\/toode\/maitseainehoidja-kaanega-kaasa-arvatud-5-konteinerit-roostevaba-teras-adexa-chf05\/\" \/>\n<meta property=\"og:site_name\" content=\"Adexa \u2013 Suurk\u00f6\u00f6giseadmed restoranidele ja toitlustusele\" \/>\n<meta property=\"article:modified_time\" content=\"2026-03-26T08:55:15+00:00\" \/>\n<meta property=\"og:image\" content=\"https:\/\/adexa.ee\/wp-content\/uploads\/2024\/12\/CHF5.jpg\" \/>\n\t<meta property=\"og:image:width\" content=\"1424\" \/>\n\t<meta property=\"og:image:height\" content=\"1424\" \/>\n\t<meta property=\"og:image:type\" content=\"image\/jpeg\" \/>\n<meta name=\"twitter:card\" content=\"summary_large_image\" \/>\n<script type=\"application\/ld+json\" class=\"yoast-schema-graph\">{\"@context\":\"https:\\\/\\\/schema.org\",\"@graph\":[{\"@type\":\"WebPage\",\"@id\":\"https:\\\/\\\/adexa.ee\\\/toode\\\/maitseainehoidja-kaanega-kaasa-arvatud-5-konteinerit-roostevaba-teras-adexa-chf05\\\/\",\"url\":\"https:\\\/\\\/adexa.ee\\\/toode\\\/maitseainehoidja-kaanega-kaasa-arvatud-5-konteinerit-roostevaba-teras-adexa-chf05\\\/\",\"name\":\"Maitseainehoidja Kaanega, Kaasa Arvatud 5 Konteinerit, Roostevaba Teras | Adexa Chf05 - Adexa \u2013 Suurk\u00f6\u00f6giseadmed restoranidele ja toitlustusele\",\"isPartOf\":{\"@id\":\"https:\\\/\\\/adexa.ee\\\/#website\"},\"primaryImageOfPage\":{\"@id\":\"https:\\\/\\\/adexa.ee\\\/toode\\\/maitseainehoidja-kaanega-kaasa-arvatud-5-konteinerit-roostevaba-teras-adexa-chf05\\\/#primaryimage\"},\"image\":{\"@id\":\"https:\\\/\\\/adexa.ee\\\/toode\\\/maitseainehoidja-kaanega-kaasa-arvatud-5-konteinerit-roostevaba-teras-adexa-chf05\\\/#primaryimage\"},\"thumbnailUrl\":\"https:\\\/\\\/adexa.ee\\\/wp-content\\\/uploads\\\/2024\\\/12\\\/CHF5.jpg\",\"datePublished\":\"2026-03-26T08:55:13+00:00\",\"dateModified\":\"2026-03-26T08:55:15+00:00\",\"breadcrumb\":{\"@id\":\"https:\\\/\\\/adexa.ee\\\/toode\\\/maitseainehoidja-kaanega-kaasa-arvatud-5-konteinerit-roostevaba-teras-adexa-chf05\\\/#breadcrumb\"},\"inLanguage\":\"en-US\",\"potentialAction\":[{\"@type\":\"ReadAction\",\"target\":[\"https:\\\/\\\/adexa.ee\\\/toode\\\/maitseainehoidja-kaanega-kaasa-arvatud-5-konteinerit-roostevaba-teras-adexa-chf05\\\/\"]}]},{\"@type\":\"ImageObject\",\"inLanguage\":\"en-US\",\"@id\":\"https:\\\/\\\/adexa.ee\\\/toode\\\/maitseainehoidja-kaanega-kaasa-arvatud-5-konteinerit-roostevaba-teras-adexa-chf05\\\/#primaryimage\",\"url\":\"https:\\\/\\\/adexa.ee\\\/wp-content\\\/uploads\\\/2024\\\/12\\\/CHF5.jpg\",\"contentUrl\":\"https:\\\/\\\/adexa.ee\\\/wp-content\\\/uploads\\\/2024\\\/12\\\/CHF5.jpg\",\"width\":1424,\"height\":1424},{\"@type\":\"BreadcrumbList\",\"@id\":\"https:\\\/\\\/adexa.ee\\\/toode\\\/maitseainehoidja-kaanega-kaasa-arvatud-5-konteinerit-roostevaba-teras-adexa-chf05\\\/#breadcrumb\",\"itemListElement\":[{\"@type\":\"ListItem\",\"position\":1,\"name\":\"Home\",\"item\":\"https:\\\/\\\/adexa.ee\\\/\"},{\"@type\":\"ListItem\",\"position\":2,\"name\":\"Tooted\",\"item\":\"https:\\\/\\\/adexa.ee\\\/pood\\\/\"},{\"@type\":\"ListItem\",\"position\":3,\"name\":\"Maitseainehoidja Kaanega, Kaasa Arvatud 5 Konteinerit, Roostevaba Teras | Adexa Chf05\"}]},{\"@type\":\"WebSite\",\"@id\":\"https:\\\/\\\/adexa.ee\\\/#website\",\"url\":\"https:\\\/\\\/adexa.ee\\\/\",\"name\":\"Adexa\",\"description\":\"\",\"publisher\":{\"@id\":\"https:\\\/\\\/adexa.ee\\\/#organization\"},\"potentialAction\":[{\"@type\":\"SearchAction\",\"target\":{\"@type\":\"EntryPoint\",\"urlTemplate\":\"https:\\\/\\\/adexa.ee\\\/?s={search_term_string}\"},\"query-input\":{\"@type\":\"PropertyValueSpecification\",\"valueRequired\":true,\"valueName\":\"search_term_string\"}}],\"inLanguage\":\"en-US\"},{\"@type\":\"Organization\",\"@id\":\"https:\\\/\\\/adexa.ee\\\/#organization\",\"name\":\"Adexa\",\"url\":\"https:\\\/\\\/adexa.ee\\\/\",\"logo\":{\"@type\":\"ImageObject\",\"inLanguage\":\"en-US\",\"@id\":\"https:\\\/\\\/adexa.ee\\\/#\\\/schema\\\/logo\\\/image\\\/\",\"url\":\"https:\\\/\\\/adexa.ee\\\/wp-content\\\/uploads\\\/2024\\\/04\\\/chef-cooks-working-in-professional-kitchen-2023-11-27-05-07-39-utc-scaled.jpg\",\"contentUrl\":\"https:\\\/\\\/adexa.ee\\\/wp-content\\\/uploads\\\/2024\\\/04\\\/chef-cooks-working-in-professional-kitchen-2023-11-27-05-07-39-utc-scaled.jpg\",\"width\":2560,\"height\":1708,\"caption\":\"Adexa\"},\"image\":{\"@id\":\"https:\\\/\\\/adexa.ee\\\/#\\\/schema\\\/logo\\\/image\\\/\"}}]}<\/script>\n<!-- \/ Yoast SEO plugin. -->","yoast_head_json":{"title":"Maitseainehoidja Kaanega, Kaasa Arvatud 5 Konteinerit, Roostevaba Teras | Adexa Chf05 - Adexa \u2013 Suurk\u00f6\u00f6giseadmed restoranidele ja toitlustusele","robots":{"index":"index","follow":"follow","max-snippet":"max-snippet:-1","max-image-preview":"max-image-preview:large","max-video-preview":"max-video-preview:-1"},"canonical":"https:\/\/adexa.ee\/toode\/maitseainehoidja-kaanega-kaasa-arvatud-5-konteinerit-roostevaba-teras-adexa-chf05\/","og_locale":"en_US","og_type":"article","og_title":"Maitseainehoidja Kaanega, Kaasa Arvatud 5 Konteinerit, Roostevaba Teras | Adexa Chf05 - Adexa \u2013 Suurk\u00f6\u00f6giseadmed restoranidele ja toitlustusele","og_description":"See maitseainete hoidik on ideaalne toidu esitlemiseks buffeelaual v\u00f5i toidu ettevalmistamiseks k\u00f6\u00f6gi ettevalmistusjaamas. Valmistatud tugevast roostevabast terasest, on konteinerialus v\u00e4ga","og_url":"https:\/\/adexa.ee\/toode\/maitseainehoidja-kaanega-kaasa-arvatud-5-konteinerit-roostevaba-teras-adexa-chf05\/","og_site_name":"Adexa \u2013 Suurk\u00f6\u00f6giseadmed restoranidele ja toitlustusele","article_modified_time":"2026-03-26T08:55:15+00:00","og_image":[{"width":1424,"height":1424,"url":"https:\/\/adexa.ee\/wp-content\/uploads\/2024\/12\/CHF5.jpg","type":"image\/jpeg"}],"twitter_card":"summary_large_image","schema":{"@context":"https:\/\/schema.org","@graph":[{"@type":"WebPage","@id":"https:\/\/adexa.ee\/toode\/maitseainehoidja-kaanega-kaasa-arvatud-5-konteinerit-roostevaba-teras-adexa-chf05\/","url":"https:\/\/adexa.ee\/toode\/maitseainehoidja-kaanega-kaasa-arvatud-5-konteinerit-roostevaba-teras-adexa-chf05\/","name":"Maitseainehoidja Kaanega, Kaasa Arvatud 5 Konteinerit, Roostevaba Teras | Adexa Chf05 - Adexa \u2013 Suurk\u00f6\u00f6giseadmed restoranidele ja toitlustusele","isPartOf":{"@id":"https:\/\/adexa.ee\/#website"},"primaryImageOfPage":{"@id":"https:\/\/adexa.ee\/toode\/maitseainehoidja-kaanega-kaasa-arvatud-5-konteinerit-roostevaba-teras-adexa-chf05\/#primaryimage"},"image":{"@id":"https:\/\/adexa.ee\/toode\/maitseainehoidja-kaanega-kaasa-arvatud-5-konteinerit-roostevaba-teras-adexa-chf05\/#primaryimage"},"thumbnailUrl":"https:\/\/adexa.ee\/wp-content\/uploads\/2024\/12\/CHF5.jpg","datePublished":"2026-03-26T08:55:13+00:00","dateModified":"2026-03-26T08:55:15+00:00","breadcrumb":{"@id":"https:\/\/adexa.ee\/toode\/maitseainehoidja-kaanega-kaasa-arvatud-5-konteinerit-roostevaba-teras-adexa-chf05\/#breadcrumb"},"inLanguage":"en-US","potentialAction":[{"@type":"ReadAction","target":["https:\/\/adexa.ee\/toode\/maitseainehoidja-kaanega-kaasa-arvatud-5-konteinerit-roostevaba-teras-adexa-chf05\/"]}]},{"@type":"ImageObject","inLanguage":"en-US","@id":"https:\/\/adexa.ee\/toode\/maitseainehoidja-kaanega-kaasa-arvatud-5-konteinerit-roostevaba-teras-adexa-chf05\/#primaryimage","url":"https:\/\/adexa.ee\/wp-content\/uploads\/2024\/12\/CHF5.jpg","contentUrl":"https:\/\/adexa.ee\/wp-content\/uploads\/2024\/12\/CHF5.jpg","width":1424,"height":1424},{"@type":"BreadcrumbList","@id":"https:\/\/adexa.ee\/toode\/maitseainehoidja-kaanega-kaasa-arvatud-5-konteinerit-roostevaba-teras-adexa-chf05\/#breadcrumb","itemListElement":[{"@type":"ListItem","position":1,"name":"Home","item":"https:\/\/adexa.ee\/"},{"@type":"ListItem","position":2,"name":"Tooted","item":"https:\/\/adexa.ee\/pood\/"},{"@type":"ListItem","position":3,"name":"Maitseainehoidja Kaanega, Kaasa Arvatud 5 Konteinerit, Roostevaba Teras | Adexa Chf05"}]},{"@type":"WebSite","@id":"https:\/\/adexa.ee\/#website","url":"https:\/\/adexa.ee\/","name":"Adexa","description":"","publisher":{"@id":"https:\/\/adexa.ee\/#organization"},"potentialAction":[{"@type":"SearchAction","target":{"@type":"EntryPoint","urlTemplate":"https:\/\/adexa.ee\/?s={search_term_string}"},"query-input":{"@type":"PropertyValueSpecification","valueRequired":true,"valueName":"search_term_string"}}],"inLanguage":"en-US"},{"@type":"Organization","@id":"https:\/\/adexa.ee\/#organization","name":"Adexa","url":"https:\/\/adexa.ee\/","logo":{"@type":"ImageObject","inLanguage":"en-US","@id":"https:\/\/adexa.ee\/#\/schema\/logo\/image\/","url":"https:\/\/adexa.ee\/wp-content\/uploads\/2024\/04\/chef-cooks-working-in-professional-kitchen-2023-11-27-05-07-39-utc-scaled.jpg","contentUrl":"https:\/\/adexa.ee\/wp-content\/uploads\/2024\/04\/chef-cooks-working-in-professional-kitchen-2023-11-27-05-07-39-utc-scaled.jpg","width":2560,"height":1708,"caption":"Adexa"},"image":{"@id":"https:\/\/adexa.ee\/#\/schema\/logo\/image\/"}}]}},"_links":{"self":[{"href":"https:\/\/adexa.ee\/en\/wp-json\/wp\/v2\/product\/16479","targetHints":{"allow":["GET"]}}],"collection":[{"href":"https:\/\/adexa.ee\/en\/wp-json\/wp\/v2\/product"}],"about":[{"href":"https:\/\/adexa.ee\/en\/wp-json\/wp\/v2\/types\/product"}],"wp:featuredmedia":[{"embeddable":true,"href":"https:\/\/adexa.ee\/en\/wp-json\/wp\/v2\/media\/16481"}],"wp:attachment":[{"href":"https:\/\/adexa.ee\/en\/wp-json\/wp\/v2\/media?parent=16479"}],"wp:term":[{"taxonomy":"product_brand","embeddable":true,"href":"https:\/\/adexa.ee\/en\/wp-json\/wp\/v2\/product_brand?post=16479"},{"taxonomy":"product_cat","embeddable":true,"href":"https:\/\/adexa.ee\/en\/wp-json\/wp\/v2\/product_cat?post=16479"},{"taxonomy":"product_tag","embeddable":true,"href":"https:\/\/adexa.ee\/en\/wp-json\/wp\/v2\/product_tag?post=16479"}],"curies":[{"name":"wp","href":"https:\/\/api.w.org\/{rel}","templated":true}]}}