{"id":16489,"date":"2026-03-26T10:55:13","date_gmt":"2026-03-26T08:55:13","guid":{"rendered":"https:\/\/adexa.ee\/toode\/kaubanduslik-noudepesukraanik-stainless-teras-1-kauss-prugikaitsega-1600x700x900mm-kandilised-jalad-adexa-psa16070\/"},"modified":"2026-03-26T10:55:15","modified_gmt":"2026-03-26T08:55:15","slug":"noudepesuvalamu-roostevaba-teras-1-valamu-pritsmekaitsega-1600x700x900mm-kandilised-jalad-adexa-psa16070","status":"publish","type":"product","link":"https:\/\/adexa.ee\/en\/toode\/noudepesuvalamu-roostevaba-teras-1-valamu-pritsmekaitsega-1600x700x900mm-kandilised-jalad-adexa-psa16070\/","title":{"rendered":"N\u00f5udepesuvalamu Roostevaba Teras 1 Valamu Pritsmekaitsega 1600X700X900Mm Kandilised Jalad | Adexa Psa16070"},"content":{"rendered":"<p>See on suurep\u00e4rane hinna ja kvaliteedi suhtega kaubanduslik n\u00f5udepesukraan. Raskeveokite, k\u00f5rgkvaliteetne, t\u00e4ielikult roostevabast terasest professionaalne kraan toiduainete ja restorani t\u00f6\u00f6stuse k\u00f5rgetele kvaliteedistandarditele vastamiseks. Roostevaba terase struktuur Reguleeritavad jalad Lekkevaba \u00e4\u00e4re Pr\u00fcgikaitse Korterpakend Suur kraanikauss T\u00e4psema teabe saamiseks vaadake jaotist &#8220;Tehnilised andmed&#8221;.<\/p>\n<table style=\"border-collapse: collapse; width: 100%; text-align: left;\">\n<tbody>\n<tr>\n<td style=\"border: 1px solid #ddd; padding: 8px; width: 45%;\"><strong>S\u00fcgavus<\/strong><\/td>\n<td style=\"border: 1px solid #ddd; padding: 8px;\">700mm<\/td>\n<\/tr>\n<tr>\n<td style=\"border: 1px solid #ddd; padding: 8px; width: 45%;\"><strong>K\u00f5rgus<\/strong><\/td>\n<td style=\"border: 1px solid #ddd; padding: 8px;\">900mm<\/td>\n<\/tr>\n<tr>\n<td style=\"border: 1px solid #ddd; padding: 8px; width: 45%;\"><strong>Laius<\/strong><\/td>\n<td style=\"border: 1px solid #ddd; padding: 8px;\">1600 mm<\/td>\n<\/tr>\n<tr>\n<td style=\"border: 1px solid #ddd; padding: 8px; width: 45%;\"><strong>Kaal<\/strong><\/td>\n<td style=\"border: 1px solid #ddd; padding: 8px;\">24kg<\/td>\n<\/tr>\n<tr>\n<td style=\"border: 1px solid #ddd; padding: 8px; width: 45%;\"><strong>Garantii<\/strong><\/td>\n<td style=\"border: 1px solid #ddd; padding: 8px;\">12 kuu varuosade garantii<\/td>\n<\/tr>\n<tr>\n<td style=\"border: 1px solid #ddd; padding: 8px; width: 45%;\"><strong>Kokku panemine<\/strong><\/td>\n<td style=\"border: 1px solid #ddd; padding: 8px;\">Osaosadeks v\u00f5etud<\/td>\n<\/tr>\n<tr>\n<td style=\"border: 1px solid #ddd; padding: 8px; width: 45%;\"><strong>S\u00fcgavus (valamu kauss)<\/strong><\/td>\n<td style=\"border: 1px solid #ddd; padding: 8px;\">580mm<\/td>\n<\/tr>\n<tr>\n<td style=\"border: 1px solid #ddd; padding: 8px; width: 45%;\"><strong>K\u00f5rgus (valamu kauss)<\/strong><\/td>\n<td style=\"border: 1px solid #ddd; padding: 8px;\">280mm<\/td>\n<\/tr>\n<tr>\n<td style=\"border: 1px solid #ddd; padding: 8px; width: 45%;\"><strong>Laius (valamu kauss)<\/strong><\/td>\n<td style=\"border: 1px solid #ddd; padding: 8px;\">1520 mm<\/td>\n<\/tr>\n<tr>\n<td style=\"border: 1px solid #ddd; padding: 8px; width: 45%;\"><strong>Alumine riiul<\/strong><\/td>\n<td style=\"border: 1px solid #ddd; padding: 8px;\">Ei<\/td>\n<\/tr>\n<tr>\n<td style=\"border: 1px solid #ddd; padding: 8px; width: 45%;\"><strong>Kausi asukoht<\/strong><\/td>\n<td style=\"border: 1px solid #ddd; padding: 8px;\">Keskmine<\/td>\n<\/tr>\n<tr>\n<td style=\"border: 1px solid #ddd; padding: 8px; width: 45%;\"><strong>Jalad<\/strong><\/td>\n<td style=\"border: 1px solid #ddd; padding: 8px;\">Reguleeritavad jalad<\/td>\n<\/tr>\n<tr>\n<td style=\"border: 1px solid #ddd; padding: 8px; width: 45%;\"><strong>Materjal<\/strong><\/td>\n<td style=\"border: 1px solid #ddd; padding: 8px;\">Roostevaba teras<\/td>\n<\/tr>\n<tr>\n<td style=\"border: 1px solid #ddd; padding: 8px; width: 45%;\"><strong>Valamu kausid<\/strong><\/td>\n<td style=\"border: 1px solid #ddd; padding: 8px;\">1<\/td>\n<\/tr>\n<tr>\n<td style=\"border: 1px solid #ddd; padding: 8px; width: 45%;\"><strong>Pritsekaitse<\/strong><\/td>\n<td style=\"border: 1px solid #ddd; padding: 8px;\">Jah (40mm)<\/td>\n<\/tr>\n<tr>\n<td style=\"border: 1px solid #ddd; padding: 8px; width: 45%;\"><strong>L\u00e4bim\u00f5\u00f5t<\/strong><\/td>\n<td style=\"border: 1px solid #ddd; padding: 8px;\">3,5&#8221; \/ 89 mm (\u00e4ravooluava) \/ 32 mm (kraaniava)<\/td>\n<\/tr>\n<\/tbody>\n<\/table>\n","protected":false},"excerpt":{"rendered":"<p>See on suurep\u00e4rane hinna ja kvaliteedi suhtega kaubanduslik n\u00f5udepesukraan. Raskeveokite, k\u00f5rgkvaliteetne, t\u00e4ielikult roostevabast terasest professionaalne kraan toiduainete ja restorani t\u00f6\u00f6stuse<\/p>\n","protected":false},"featured_media":11135,"template":"","meta":[],"product_brand":[],"product_cat":[968,575,569,609,576,572,573],"product_tag":[],"class_list":{"0":"post-16489","1":"product","2":"type-product","3":"status-publish","4":"has-post-thumbnail","6":"product_cat-valamud","7":"product_cat-700-mm-uhe-valamuga","8":"product_cat-lopumuuk","9":"product_cat-noudepesu","10":"product_cat-potipesu-valamud","11":"product_cat-roostevabad-tooted","12":"product_cat-uhesed-ja-kahesed-valamud","14":"first","15":"instock","16":"sale","17":"taxable","18":"shipping-taxable","19":"purchasable","20":"product-type-simple"},"yoast_head":"<!-- This site is optimized with the Yoast SEO plugin v27.3 - https:\/\/yoast.com\/product\/yoast-seo-wordpress\/ -->\n<title>N\u00f5udepesuvalamu Roostevaba Teras 1 Valamu Pritsmekaitsega 1600X700X900Mm Kandilised Jalad | Adexa Psa16070 - Adexa \u2013 Suurk\u00f6\u00f6giseadmed restoranidele ja toitlustusele<\/title>\n<meta name=\"robots\" content=\"index, follow, max-snippet:-1, max-image-preview:large, max-video-preview:-1\" \/>\n<link rel=\"canonical\" href=\"https:\/\/adexa.ee\/toode\/noudepesuvalamu-roostevaba-teras-1-valamu-pritsmekaitsega-1600x700x900mm-kandilised-jalad-adexa-psa16070\/\" \/>\n<meta property=\"og:locale\" content=\"en_US\" \/>\n<meta property=\"og:type\" content=\"article\" \/>\n<meta property=\"og:title\" content=\"N\u00f5udepesuvalamu Roostevaba Teras 1 Valamu Pritsmekaitsega 1600X700X900Mm Kandilised Jalad | Adexa Psa16070 - Adexa \u2013 Suurk\u00f6\u00f6giseadmed restoranidele ja toitlustusele\" \/>\n<meta property=\"og:description\" content=\"See on suurep\u00e4rane hinna ja kvaliteedi suhtega kaubanduslik n\u00f5udepesukraan. Raskeveokite, k\u00f5rgkvaliteetne, t\u00e4ielikult roostevabast terasest professionaalne kraan toiduainete ja restorani t\u00f6\u00f6stuse\" \/>\n<meta property=\"og:url\" content=\"https:\/\/adexa.ee\/toode\/noudepesuvalamu-roostevaba-teras-1-valamu-pritsmekaitsega-1600x700x900mm-kandilised-jalad-adexa-psa16070\/\" \/>\n<meta property=\"og:site_name\" content=\"Adexa \u2013 Suurk\u00f6\u00f6giseadmed restoranidele ja toitlustusele\" \/>\n<meta property=\"article:modified_time\" content=\"2026-03-26T08:55:15+00:00\" \/>\n<meta property=\"og:image\" content=\"https:\/\/adexa.ee\/wp-content\/uploads\/2024\/12\/PSA-140.jpg\" \/>\n\t<meta property=\"og:image:width\" content=\"2000\" \/>\n\t<meta property=\"og:image:height\" content=\"2000\" \/>\n\t<meta property=\"og:image:type\" content=\"image\/jpeg\" \/>\n<meta name=\"twitter:card\" content=\"summary_large_image\" \/>\n<meta name=\"twitter:label1\" content=\"Est. reading time\" \/>\n\t<meta name=\"twitter:data1\" content=\"1 minute\" \/>\n<script type=\"application\/ld+json\" class=\"yoast-schema-graph\">{\"@context\":\"https:\\\/\\\/schema.org\",\"@graph\":[{\"@type\":\"WebPage\",\"@id\":\"https:\\\/\\\/adexa.ee\\\/toode\\\/noudepesuvalamu-roostevaba-teras-1-valamu-pritsmekaitsega-1600x700x900mm-kandilised-jalad-adexa-psa16070\\\/\",\"url\":\"https:\\\/\\\/adexa.ee\\\/toode\\\/noudepesuvalamu-roostevaba-teras-1-valamu-pritsmekaitsega-1600x700x900mm-kandilised-jalad-adexa-psa16070\\\/\",\"name\":\"N\u00f5udepesuvalamu Roostevaba Teras 1 Valamu Pritsmekaitsega 1600X700X900Mm Kandilised Jalad | Adexa Psa16070 - Adexa \u2013 Suurk\u00f6\u00f6giseadmed restoranidele ja toitlustusele\",\"isPartOf\":{\"@id\":\"https:\\\/\\\/adexa.ee\\\/#website\"},\"primaryImageOfPage\":{\"@id\":\"https:\\\/\\\/adexa.ee\\\/toode\\\/noudepesuvalamu-roostevaba-teras-1-valamu-pritsmekaitsega-1600x700x900mm-kandilised-jalad-adexa-psa16070\\\/#primaryimage\"},\"image\":{\"@id\":\"https:\\\/\\\/adexa.ee\\\/toode\\\/noudepesuvalamu-roostevaba-teras-1-valamu-pritsmekaitsega-1600x700x900mm-kandilised-jalad-adexa-psa16070\\\/#primaryimage\"},\"thumbnailUrl\":\"https:\\\/\\\/adexa.ee\\\/wp-content\\\/uploads\\\/2024\\\/12\\\/PSA-140.jpg\",\"datePublished\":\"2026-03-26T08:55:13+00:00\",\"dateModified\":\"2026-03-26T08:55:15+00:00\",\"breadcrumb\":{\"@id\":\"https:\\\/\\\/adexa.ee\\\/toode\\\/noudepesuvalamu-roostevaba-teras-1-valamu-pritsmekaitsega-1600x700x900mm-kandilised-jalad-adexa-psa16070\\\/#breadcrumb\"},\"inLanguage\":\"en-US\",\"potentialAction\":[{\"@type\":\"ReadAction\",\"target\":[\"https:\\\/\\\/adexa.ee\\\/toode\\\/noudepesuvalamu-roostevaba-teras-1-valamu-pritsmekaitsega-1600x700x900mm-kandilised-jalad-adexa-psa16070\\\/\"]}]},{\"@type\":\"ImageObject\",\"inLanguage\":\"en-US\",\"@id\":\"https:\\\/\\\/adexa.ee\\\/toode\\\/noudepesuvalamu-roostevaba-teras-1-valamu-pritsmekaitsega-1600x700x900mm-kandilised-jalad-adexa-psa16070\\\/#primaryimage\",\"url\":\"https:\\\/\\\/adexa.ee\\\/wp-content\\\/uploads\\\/2024\\\/12\\\/PSA-140.jpg\",\"contentUrl\":\"https:\\\/\\\/adexa.ee\\\/wp-content\\\/uploads\\\/2024\\\/12\\\/PSA-140.jpg\",\"width\":2000,\"height\":2000},{\"@type\":\"BreadcrumbList\",\"@id\":\"https:\\\/\\\/adexa.ee\\\/toode\\\/noudepesuvalamu-roostevaba-teras-1-valamu-pritsmekaitsega-1600x700x900mm-kandilised-jalad-adexa-psa16070\\\/#breadcrumb\",\"itemListElement\":[{\"@type\":\"ListItem\",\"position\":1,\"name\":\"Home\",\"item\":\"https:\\\/\\\/adexa.ee\\\/\"},{\"@type\":\"ListItem\",\"position\":2,\"name\":\"Tooted\",\"item\":\"https:\\\/\\\/adexa.ee\\\/pood\\\/\"},{\"@type\":\"ListItem\",\"position\":3,\"name\":\"N\u00f5udepesuvalamu Roostevaba Teras 1 Valamu Pritsmekaitsega 1600X700X900Mm Kandilised Jalad | Adexa Psa16070\"}]},{\"@type\":\"WebSite\",\"@id\":\"https:\\\/\\\/adexa.ee\\\/#website\",\"url\":\"https:\\\/\\\/adexa.ee\\\/\",\"name\":\"Adexa\",\"description\":\"\",\"publisher\":{\"@id\":\"https:\\\/\\\/adexa.ee\\\/#organization\"},\"potentialAction\":[{\"@type\":\"SearchAction\",\"target\":{\"@type\":\"EntryPoint\",\"urlTemplate\":\"https:\\\/\\\/adexa.ee\\\/?s={search_term_string}\"},\"query-input\":{\"@type\":\"PropertyValueSpecification\",\"valueRequired\":true,\"valueName\":\"search_term_string\"}}],\"inLanguage\":\"en-US\"},{\"@type\":\"Organization\",\"@id\":\"https:\\\/\\\/adexa.ee\\\/#organization\",\"name\":\"Adexa\",\"url\":\"https:\\\/\\\/adexa.ee\\\/\",\"logo\":{\"@type\":\"ImageObject\",\"inLanguage\":\"en-US\",\"@id\":\"https:\\\/\\\/adexa.ee\\\/#\\\/schema\\\/logo\\\/image\\\/\",\"url\":\"https:\\\/\\\/adexa.ee\\\/wp-content\\\/uploads\\\/2024\\\/04\\\/chef-cooks-working-in-professional-kitchen-2023-11-27-05-07-39-utc-scaled.jpg\",\"contentUrl\":\"https:\\\/\\\/adexa.ee\\\/wp-content\\\/uploads\\\/2024\\\/04\\\/chef-cooks-working-in-professional-kitchen-2023-11-27-05-07-39-utc-scaled.jpg\",\"width\":2560,\"height\":1708,\"caption\":\"Adexa\"},\"image\":{\"@id\":\"https:\\\/\\\/adexa.ee\\\/#\\\/schema\\\/logo\\\/image\\\/\"}}]}<\/script>\n<!-- \/ Yoast SEO plugin. -->","yoast_head_json":{"title":"N\u00f5udepesuvalamu Roostevaba Teras 1 Valamu Pritsmekaitsega 1600X700X900Mm Kandilised Jalad | Adexa Psa16070 - Adexa \u2013 Suurk\u00f6\u00f6giseadmed restoranidele ja toitlustusele","robots":{"index":"index","follow":"follow","max-snippet":"max-snippet:-1","max-image-preview":"max-image-preview:large","max-video-preview":"max-video-preview:-1"},"canonical":"https:\/\/adexa.ee\/toode\/noudepesuvalamu-roostevaba-teras-1-valamu-pritsmekaitsega-1600x700x900mm-kandilised-jalad-adexa-psa16070\/","og_locale":"en_US","og_type":"article","og_title":"N\u00f5udepesuvalamu Roostevaba Teras 1 Valamu Pritsmekaitsega 1600X700X900Mm Kandilised Jalad | Adexa Psa16070 - Adexa \u2013 Suurk\u00f6\u00f6giseadmed restoranidele ja toitlustusele","og_description":"See on suurep\u00e4rane hinna ja kvaliteedi suhtega kaubanduslik n\u00f5udepesukraan. Raskeveokite, k\u00f5rgkvaliteetne, t\u00e4ielikult roostevabast terasest professionaalne kraan toiduainete ja restorani t\u00f6\u00f6stuse","og_url":"https:\/\/adexa.ee\/toode\/noudepesuvalamu-roostevaba-teras-1-valamu-pritsmekaitsega-1600x700x900mm-kandilised-jalad-adexa-psa16070\/","og_site_name":"Adexa \u2013 Suurk\u00f6\u00f6giseadmed restoranidele ja toitlustusele","article_modified_time":"2026-03-26T08:55:15+00:00","og_image":[{"width":2000,"height":2000,"url":"https:\/\/adexa.ee\/wp-content\/uploads\/2024\/12\/PSA-140.jpg","type":"image\/jpeg"}],"twitter_card":"summary_large_image","twitter_misc":{"Est. reading time":"1 minute"},"schema":{"@context":"https:\/\/schema.org","@graph":[{"@type":"WebPage","@id":"https:\/\/adexa.ee\/toode\/noudepesuvalamu-roostevaba-teras-1-valamu-pritsmekaitsega-1600x700x900mm-kandilised-jalad-adexa-psa16070\/","url":"https:\/\/adexa.ee\/toode\/noudepesuvalamu-roostevaba-teras-1-valamu-pritsmekaitsega-1600x700x900mm-kandilised-jalad-adexa-psa16070\/","name":"N\u00f5udepesuvalamu Roostevaba Teras 1 Valamu Pritsmekaitsega 1600X700X900Mm Kandilised Jalad | Adexa Psa16070 - Adexa \u2013 Suurk\u00f6\u00f6giseadmed restoranidele ja toitlustusele","isPartOf":{"@id":"https:\/\/adexa.ee\/#website"},"primaryImageOfPage":{"@id":"https:\/\/adexa.ee\/toode\/noudepesuvalamu-roostevaba-teras-1-valamu-pritsmekaitsega-1600x700x900mm-kandilised-jalad-adexa-psa16070\/#primaryimage"},"image":{"@id":"https:\/\/adexa.ee\/toode\/noudepesuvalamu-roostevaba-teras-1-valamu-pritsmekaitsega-1600x700x900mm-kandilised-jalad-adexa-psa16070\/#primaryimage"},"thumbnailUrl":"https:\/\/adexa.ee\/wp-content\/uploads\/2024\/12\/PSA-140.jpg","datePublished":"2026-03-26T08:55:13+00:00","dateModified":"2026-03-26T08:55:15+00:00","breadcrumb":{"@id":"https:\/\/adexa.ee\/toode\/noudepesuvalamu-roostevaba-teras-1-valamu-pritsmekaitsega-1600x700x900mm-kandilised-jalad-adexa-psa16070\/#breadcrumb"},"inLanguage":"en-US","potentialAction":[{"@type":"ReadAction","target":["https:\/\/adexa.ee\/toode\/noudepesuvalamu-roostevaba-teras-1-valamu-pritsmekaitsega-1600x700x900mm-kandilised-jalad-adexa-psa16070\/"]}]},{"@type":"ImageObject","inLanguage":"en-US","@id":"https:\/\/adexa.ee\/toode\/noudepesuvalamu-roostevaba-teras-1-valamu-pritsmekaitsega-1600x700x900mm-kandilised-jalad-adexa-psa16070\/#primaryimage","url":"https:\/\/adexa.ee\/wp-content\/uploads\/2024\/12\/PSA-140.jpg","contentUrl":"https:\/\/adexa.ee\/wp-content\/uploads\/2024\/12\/PSA-140.jpg","width":2000,"height":2000},{"@type":"BreadcrumbList","@id":"https:\/\/adexa.ee\/toode\/noudepesuvalamu-roostevaba-teras-1-valamu-pritsmekaitsega-1600x700x900mm-kandilised-jalad-adexa-psa16070\/#breadcrumb","itemListElement":[{"@type":"ListItem","position":1,"name":"Home","item":"https:\/\/adexa.ee\/"},{"@type":"ListItem","position":2,"name":"Tooted","item":"https:\/\/adexa.ee\/pood\/"},{"@type":"ListItem","position":3,"name":"N\u00f5udepesuvalamu Roostevaba Teras 1 Valamu Pritsmekaitsega 1600X700X900Mm Kandilised Jalad | Adexa Psa16070"}]},{"@type":"WebSite","@id":"https:\/\/adexa.ee\/#website","url":"https:\/\/adexa.ee\/","name":"Adexa","description":"","publisher":{"@id":"https:\/\/adexa.ee\/#organization"},"potentialAction":[{"@type":"SearchAction","target":{"@type":"EntryPoint","urlTemplate":"https:\/\/adexa.ee\/?s={search_term_string}"},"query-input":{"@type":"PropertyValueSpecification","valueRequired":true,"valueName":"search_term_string"}}],"inLanguage":"en-US"},{"@type":"Organization","@id":"https:\/\/adexa.ee\/#organization","name":"Adexa","url":"https:\/\/adexa.ee\/","logo":{"@type":"ImageObject","inLanguage":"en-US","@id":"https:\/\/adexa.ee\/#\/schema\/logo\/image\/","url":"https:\/\/adexa.ee\/wp-content\/uploads\/2024\/04\/chef-cooks-working-in-professional-kitchen-2023-11-27-05-07-39-utc-scaled.jpg","contentUrl":"https:\/\/adexa.ee\/wp-content\/uploads\/2024\/04\/chef-cooks-working-in-professional-kitchen-2023-11-27-05-07-39-utc-scaled.jpg","width":2560,"height":1708,"caption":"Adexa"},"image":{"@id":"https:\/\/adexa.ee\/#\/schema\/logo\/image\/"}}]}},"_links":{"self":[{"href":"https:\/\/adexa.ee\/en\/wp-json\/wp\/v2\/product\/16489","targetHints":{"allow":["GET"]}}],"collection":[{"href":"https:\/\/adexa.ee\/en\/wp-json\/wp\/v2\/product"}],"about":[{"href":"https:\/\/adexa.ee\/en\/wp-json\/wp\/v2\/types\/product"}],"wp:featuredmedia":[{"embeddable":true,"href":"https:\/\/adexa.ee\/en\/wp-json\/wp\/v2\/media\/11135"}],"wp:attachment":[{"href":"https:\/\/adexa.ee\/en\/wp-json\/wp\/v2\/media?parent=16489"}],"wp:term":[{"taxonomy":"product_brand","embeddable":true,"href":"https:\/\/adexa.ee\/en\/wp-json\/wp\/v2\/product_brand?post=16489"},{"taxonomy":"product_cat","embeddable":true,"href":"https:\/\/adexa.ee\/en\/wp-json\/wp\/v2\/product_cat?post=16489"},{"taxonomy":"product_tag","embeddable":true,"href":"https:\/\/adexa.ee\/en\/wp-json\/wp\/v2\/product_tag?post=16489"}],"curies":[{"name":"wp","href":"https:\/\/api.w.org\/{rel}","templated":true}]}}