{"id":16497,"date":"2026-03-31T22:46:00","date_gmt":"2026-03-31T19:46:00","guid":{"rendered":"https:\/\/adexa.ee\/toode\/seinariiul-pottide-hoidjaga-9-konksu-roostevaba-teras-900x300x254mm-adexa-whpr903025\/"},"modified":"2026-03-31T22:46:02","modified_gmt":"2026-03-31T19:46:02","slug":"seinariiul-pottide-hoidjaga-9-konksu-roostevaba-teras-900x300x254mm-adexa-whpr903025","status":"publish","type":"product","link":"https:\/\/adexa.ee\/en\/toode\/seinariiul-pottide-hoidjaga-9-konksu-roostevaba-teras-900x300x254mm-adexa-whpr903025\/","title":{"rendered":"Seinariiul pottide hoidjaga 9 konksu Roostevaba teras 900x300x254mm | Adexa WHPR903025"},"content":{"rendered":"<p>See roostevabast terasest seinakinnitusega pottide hoidja sobib ideaalselt igasse suuremasse restorani v\u00f5i toitlustusasutusse. Kasutage kaasasolevaid konksusid, et hoiustada oma mahukaid potte ja panne ning k\u00f5ige sagedamini kasutatavaid k\u00f6\u00f6giriistu ja muid tarvikuid. Sellel hoidjal on ka roostevabast terasest t\u00e4isriiul peal, mis v\u00f5imaldab teil hoida puhtaid taldrikuid v\u00f5i populaarseid koostisosi ja maitseaineid.<\/p>\n<table style=\"border-collapse: collapse; width: 100%; text-align: left;\">\n<tbody>\n<tr>\n<td style=\"border: 1px solid #ddd; padding: 8px; width: 45%;\"><strong>S\u00fcgavus<\/strong><\/td>\n<td style=\"border: 1px solid #ddd; padding: 8px;\">300 mm<\/td>\n<\/tr>\n<tr>\n<td style=\"border: 1px solid #ddd; padding: 8px; width: 45%;\"><strong>K\u00f5rgus<\/strong><\/td>\n<td style=\"border: 1px solid #ddd; padding: 8px;\">254 mm<\/td>\n<\/tr>\n<tr>\n<td style=\"border: 1px solid #ddd; padding: 8px; width: 45%;\"><strong>Laius<\/strong><\/td>\n<td style=\"border: 1px solid #ddd; padding: 8px;\">900 mm<\/td>\n<\/tr>\n<tr>\n<td style=\"border: 1px solid #ddd; padding: 8px; width: 45%;\"><strong>Kaal<\/strong><\/td>\n<td style=\"border: 1px solid #ddd; padding: 8px;\">6 kg<\/td>\n<\/tr>\n<tr>\n<td style=\"border: 1px solid #ddd; padding: 8px; width: 45%;\"><strong>Materjal<\/strong><\/td>\n<td style=\"border: 1px solid #ddd; padding: 8px;\">Roostevaba teras<\/td>\n<\/tr>\n<tr>\n<td style=\"border: 1px solid #ddd; padding: 8px; width: 45%;\"><strong>Kaasas<\/strong><\/td>\n<td style=\"border: 1px solid #ddd; padding: 8px;\">9 potikonksu<\/td>\n<\/tr>\n<\/tbody>\n<\/table>\n","protected":false},"excerpt":{"rendered":"<p>See roostevabast terasest seinakinnitusega pottide hoidja sobib ideaalselt igasse suuremasse restorani v\u00f5i toitlustusasutusse. Kasutage kaasasolevaid konksusid, et hoiustada oma mahukaid<\/p>\n","protected":false},"featured_media":10293,"template":"","meta":[],"product_brand":[],"product_cat":[569,572,617,699],"product_tag":[],"class_list":{"0":"post-16497","1":"product","2":"type-product","3":"status-publish","4":"has-post-thumbnail","6":"product_cat-lopumuuk","7":"product_cat-roostevabad-tooted","8":"product_cat-seinariiulid","9":"product_cat-uhe-tasandiga-riiul-sugavus-300-mm","11":"first","12":"instock","13":"sale","14":"taxable","15":"shipping-taxable","16":"purchasable","17":"product-type-simple"},"yoast_head":"<!-- This site is optimized with the Yoast SEO plugin v27.3 - https:\/\/yoast.com\/product\/yoast-seo-wordpress\/ -->\n<title>Seinariiul pottide hoidjaga 9 konksu Roostevaba teras 900x300x254mm | Adexa WHPR903025 - Adexa \u2013 Suurk\u00f6\u00f6giseadmed restoranidele ja toitlustusele<\/title>\n<meta name=\"robots\" content=\"index, follow, max-snippet:-1, max-image-preview:large, max-video-preview:-1\" \/>\n<link rel=\"canonical\" href=\"https:\/\/adexa.ee\/toode\/seinariiul-pottide-hoidjaga-9-konksu-roostevaba-teras-900x300x254mm-adexa-whpr903025\/\" \/>\n<meta property=\"og:locale\" content=\"en_US\" \/>\n<meta property=\"og:type\" content=\"article\" \/>\n<meta property=\"og:title\" content=\"Seinariiul pottide hoidjaga 9 konksu Roostevaba teras 900x300x254mm | Adexa WHPR903025 - Adexa \u2013 Suurk\u00f6\u00f6giseadmed restoranidele ja toitlustusele\" \/>\n<meta property=\"og:description\" content=\"See roostevabast terasest seinakinnitusega pottide hoidja sobib ideaalselt igasse suuremasse restorani v\u00f5i toitlustusasutusse. Kasutage kaasasolevaid konksusid, et hoiustada oma mahukaid\" \/>\n<meta property=\"og:url\" content=\"https:\/\/adexa.ee\/toode\/seinariiul-pottide-hoidjaga-9-konksu-roostevaba-teras-900x300x254mm-adexa-whpr903025\/\" \/>\n<meta property=\"og:site_name\" content=\"Adexa \u2013 Suurk\u00f6\u00f6giseadmed restoranidele ja toitlustusele\" \/>\n<meta property=\"article:modified_time\" content=\"2026-03-31T19:46:02+00:00\" \/>\n<meta property=\"og:image\" content=\"https:\/\/adexa.ee\/wp-content\/uploads\/2024\/12\/WHP.jpg\" \/>\n\t<meta property=\"og:image:width\" content=\"1176\" \/>\n\t<meta property=\"og:image:height\" content=\"1176\" \/>\n\t<meta property=\"og:image:type\" content=\"image\/jpeg\" \/>\n<meta name=\"twitter:card\" content=\"summary_large_image\" \/>\n<script type=\"application\/ld+json\" class=\"yoast-schema-graph\">{\"@context\":\"https:\\\/\\\/schema.org\",\"@graph\":[{\"@type\":\"WebPage\",\"@id\":\"https:\\\/\\\/adexa.ee\\\/toode\\\/seinariiul-pottide-hoidjaga-9-konksu-roostevaba-teras-900x300x254mm-adexa-whpr903025\\\/\",\"url\":\"https:\\\/\\\/adexa.ee\\\/toode\\\/seinariiul-pottide-hoidjaga-9-konksu-roostevaba-teras-900x300x254mm-adexa-whpr903025\\\/\",\"name\":\"Seinariiul pottide hoidjaga 9 konksu Roostevaba teras 900x300x254mm | Adexa WHPR903025 - Adexa \u2013 Suurk\u00f6\u00f6giseadmed restoranidele ja toitlustusele\",\"isPartOf\":{\"@id\":\"https:\\\/\\\/adexa.ee\\\/#website\"},\"primaryImageOfPage\":{\"@id\":\"https:\\\/\\\/adexa.ee\\\/toode\\\/seinariiul-pottide-hoidjaga-9-konksu-roostevaba-teras-900x300x254mm-adexa-whpr903025\\\/#primaryimage\"},\"image\":{\"@id\":\"https:\\\/\\\/adexa.ee\\\/toode\\\/seinariiul-pottide-hoidjaga-9-konksu-roostevaba-teras-900x300x254mm-adexa-whpr903025\\\/#primaryimage\"},\"thumbnailUrl\":\"https:\\\/\\\/adexa.ee\\\/wp-content\\\/uploads\\\/2024\\\/12\\\/WHP.jpg\",\"datePublished\":\"2026-03-31T19:46:00+00:00\",\"dateModified\":\"2026-03-31T19:46:02+00:00\",\"breadcrumb\":{\"@id\":\"https:\\\/\\\/adexa.ee\\\/toode\\\/seinariiul-pottide-hoidjaga-9-konksu-roostevaba-teras-900x300x254mm-adexa-whpr903025\\\/#breadcrumb\"},\"inLanguage\":\"en-US\",\"potentialAction\":[{\"@type\":\"ReadAction\",\"target\":[\"https:\\\/\\\/adexa.ee\\\/toode\\\/seinariiul-pottide-hoidjaga-9-konksu-roostevaba-teras-900x300x254mm-adexa-whpr903025\\\/\"]}]},{\"@type\":\"ImageObject\",\"inLanguage\":\"en-US\",\"@id\":\"https:\\\/\\\/adexa.ee\\\/toode\\\/seinariiul-pottide-hoidjaga-9-konksu-roostevaba-teras-900x300x254mm-adexa-whpr903025\\\/#primaryimage\",\"url\":\"https:\\\/\\\/adexa.ee\\\/wp-content\\\/uploads\\\/2024\\\/12\\\/WHP.jpg\",\"contentUrl\":\"https:\\\/\\\/adexa.ee\\\/wp-content\\\/uploads\\\/2024\\\/12\\\/WHP.jpg\",\"width\":1176,\"height\":1176},{\"@type\":\"BreadcrumbList\",\"@id\":\"https:\\\/\\\/adexa.ee\\\/toode\\\/seinariiul-pottide-hoidjaga-9-konksu-roostevaba-teras-900x300x254mm-adexa-whpr903025\\\/#breadcrumb\",\"itemListElement\":[{\"@type\":\"ListItem\",\"position\":1,\"name\":\"Home\",\"item\":\"https:\\\/\\\/adexa.ee\\\/\"},{\"@type\":\"ListItem\",\"position\":2,\"name\":\"Tooted\",\"item\":\"https:\\\/\\\/adexa.ee\\\/pood\\\/\"},{\"@type\":\"ListItem\",\"position\":3,\"name\":\"Seinariiul pottide hoidjaga 9 konksu Roostevaba teras 900x300x254mm | Adexa WHPR903025\"}]},{\"@type\":\"WebSite\",\"@id\":\"https:\\\/\\\/adexa.ee\\\/#website\",\"url\":\"https:\\\/\\\/adexa.ee\\\/\",\"name\":\"Adexa\",\"description\":\"\",\"publisher\":{\"@id\":\"https:\\\/\\\/adexa.ee\\\/#organization\"},\"potentialAction\":[{\"@type\":\"SearchAction\",\"target\":{\"@type\":\"EntryPoint\",\"urlTemplate\":\"https:\\\/\\\/adexa.ee\\\/?s={search_term_string}\"},\"query-input\":{\"@type\":\"PropertyValueSpecification\",\"valueRequired\":true,\"valueName\":\"search_term_string\"}}],\"inLanguage\":\"en-US\"},{\"@type\":\"Organization\",\"@id\":\"https:\\\/\\\/adexa.ee\\\/#organization\",\"name\":\"Adexa\",\"url\":\"https:\\\/\\\/adexa.ee\\\/\",\"logo\":{\"@type\":\"ImageObject\",\"inLanguage\":\"en-US\",\"@id\":\"https:\\\/\\\/adexa.ee\\\/#\\\/schema\\\/logo\\\/image\\\/\",\"url\":\"https:\\\/\\\/adexa.ee\\\/wp-content\\\/uploads\\\/2024\\\/04\\\/chef-cooks-working-in-professional-kitchen-2023-11-27-05-07-39-utc-scaled.jpg\",\"contentUrl\":\"https:\\\/\\\/adexa.ee\\\/wp-content\\\/uploads\\\/2024\\\/04\\\/chef-cooks-working-in-professional-kitchen-2023-11-27-05-07-39-utc-scaled.jpg\",\"width\":2560,\"height\":1708,\"caption\":\"Adexa\"},\"image\":{\"@id\":\"https:\\\/\\\/adexa.ee\\\/#\\\/schema\\\/logo\\\/image\\\/\"}}]}<\/script>\n<!-- \/ Yoast SEO plugin. -->","yoast_head_json":{"title":"Seinariiul pottide hoidjaga 9 konksu Roostevaba teras 900x300x254mm | Adexa WHPR903025 - Adexa \u2013 Suurk\u00f6\u00f6giseadmed restoranidele ja toitlustusele","robots":{"index":"index","follow":"follow","max-snippet":"max-snippet:-1","max-image-preview":"max-image-preview:large","max-video-preview":"max-video-preview:-1"},"canonical":"https:\/\/adexa.ee\/toode\/seinariiul-pottide-hoidjaga-9-konksu-roostevaba-teras-900x300x254mm-adexa-whpr903025\/","og_locale":"en_US","og_type":"article","og_title":"Seinariiul pottide hoidjaga 9 konksu Roostevaba teras 900x300x254mm | Adexa WHPR903025 - Adexa \u2013 Suurk\u00f6\u00f6giseadmed restoranidele ja toitlustusele","og_description":"See roostevabast terasest seinakinnitusega pottide hoidja sobib ideaalselt igasse suuremasse restorani v\u00f5i toitlustusasutusse. Kasutage kaasasolevaid konksusid, et hoiustada oma mahukaid","og_url":"https:\/\/adexa.ee\/toode\/seinariiul-pottide-hoidjaga-9-konksu-roostevaba-teras-900x300x254mm-adexa-whpr903025\/","og_site_name":"Adexa \u2013 Suurk\u00f6\u00f6giseadmed restoranidele ja toitlustusele","article_modified_time":"2026-03-31T19:46:02+00:00","og_image":[{"width":1176,"height":1176,"url":"https:\/\/adexa.ee\/wp-content\/uploads\/2024\/12\/WHP.jpg","type":"image\/jpeg"}],"twitter_card":"summary_large_image","schema":{"@context":"https:\/\/schema.org","@graph":[{"@type":"WebPage","@id":"https:\/\/adexa.ee\/toode\/seinariiul-pottide-hoidjaga-9-konksu-roostevaba-teras-900x300x254mm-adexa-whpr903025\/","url":"https:\/\/adexa.ee\/toode\/seinariiul-pottide-hoidjaga-9-konksu-roostevaba-teras-900x300x254mm-adexa-whpr903025\/","name":"Seinariiul pottide hoidjaga 9 konksu Roostevaba teras 900x300x254mm | Adexa WHPR903025 - Adexa \u2013 Suurk\u00f6\u00f6giseadmed restoranidele ja toitlustusele","isPartOf":{"@id":"https:\/\/adexa.ee\/#website"},"primaryImageOfPage":{"@id":"https:\/\/adexa.ee\/toode\/seinariiul-pottide-hoidjaga-9-konksu-roostevaba-teras-900x300x254mm-adexa-whpr903025\/#primaryimage"},"image":{"@id":"https:\/\/adexa.ee\/toode\/seinariiul-pottide-hoidjaga-9-konksu-roostevaba-teras-900x300x254mm-adexa-whpr903025\/#primaryimage"},"thumbnailUrl":"https:\/\/adexa.ee\/wp-content\/uploads\/2024\/12\/WHP.jpg","datePublished":"2026-03-31T19:46:00+00:00","dateModified":"2026-03-31T19:46:02+00:00","breadcrumb":{"@id":"https:\/\/adexa.ee\/toode\/seinariiul-pottide-hoidjaga-9-konksu-roostevaba-teras-900x300x254mm-adexa-whpr903025\/#breadcrumb"},"inLanguage":"en-US","potentialAction":[{"@type":"ReadAction","target":["https:\/\/adexa.ee\/toode\/seinariiul-pottide-hoidjaga-9-konksu-roostevaba-teras-900x300x254mm-adexa-whpr903025\/"]}]},{"@type":"ImageObject","inLanguage":"en-US","@id":"https:\/\/adexa.ee\/toode\/seinariiul-pottide-hoidjaga-9-konksu-roostevaba-teras-900x300x254mm-adexa-whpr903025\/#primaryimage","url":"https:\/\/adexa.ee\/wp-content\/uploads\/2024\/12\/WHP.jpg","contentUrl":"https:\/\/adexa.ee\/wp-content\/uploads\/2024\/12\/WHP.jpg","width":1176,"height":1176},{"@type":"BreadcrumbList","@id":"https:\/\/adexa.ee\/toode\/seinariiul-pottide-hoidjaga-9-konksu-roostevaba-teras-900x300x254mm-adexa-whpr903025\/#breadcrumb","itemListElement":[{"@type":"ListItem","position":1,"name":"Home","item":"https:\/\/adexa.ee\/"},{"@type":"ListItem","position":2,"name":"Tooted","item":"https:\/\/adexa.ee\/pood\/"},{"@type":"ListItem","position":3,"name":"Seinariiul pottide hoidjaga 9 konksu Roostevaba teras 900x300x254mm | Adexa WHPR903025"}]},{"@type":"WebSite","@id":"https:\/\/adexa.ee\/#website","url":"https:\/\/adexa.ee\/","name":"Adexa","description":"","publisher":{"@id":"https:\/\/adexa.ee\/#organization"},"potentialAction":[{"@type":"SearchAction","target":{"@type":"EntryPoint","urlTemplate":"https:\/\/adexa.ee\/?s={search_term_string}"},"query-input":{"@type":"PropertyValueSpecification","valueRequired":true,"valueName":"search_term_string"}}],"inLanguage":"en-US"},{"@type":"Organization","@id":"https:\/\/adexa.ee\/#organization","name":"Adexa","url":"https:\/\/adexa.ee\/","logo":{"@type":"ImageObject","inLanguage":"en-US","@id":"https:\/\/adexa.ee\/#\/schema\/logo\/image\/","url":"https:\/\/adexa.ee\/wp-content\/uploads\/2024\/04\/chef-cooks-working-in-professional-kitchen-2023-11-27-05-07-39-utc-scaled.jpg","contentUrl":"https:\/\/adexa.ee\/wp-content\/uploads\/2024\/04\/chef-cooks-working-in-professional-kitchen-2023-11-27-05-07-39-utc-scaled.jpg","width":2560,"height":1708,"caption":"Adexa"},"image":{"@id":"https:\/\/adexa.ee\/#\/schema\/logo\/image\/"}}]}},"_links":{"self":[{"href":"https:\/\/adexa.ee\/en\/wp-json\/wp\/v2\/product\/16497","targetHints":{"allow":["GET"]}}],"collection":[{"href":"https:\/\/adexa.ee\/en\/wp-json\/wp\/v2\/product"}],"about":[{"href":"https:\/\/adexa.ee\/en\/wp-json\/wp\/v2\/types\/product"}],"wp:featuredmedia":[{"embeddable":true,"href":"https:\/\/adexa.ee\/en\/wp-json\/wp\/v2\/media\/10293"}],"wp:attachment":[{"href":"https:\/\/adexa.ee\/en\/wp-json\/wp\/v2\/media?parent=16497"}],"wp:term":[{"taxonomy":"product_brand","embeddable":true,"href":"https:\/\/adexa.ee\/en\/wp-json\/wp\/v2\/product_brand?post=16497"},{"taxonomy":"product_cat","embeddable":true,"href":"https:\/\/adexa.ee\/en\/wp-json\/wp\/v2\/product_cat?post=16497"},{"taxonomy":"product_tag","embeddable":true,"href":"https:\/\/adexa.ee\/en\/wp-json\/wp\/v2\/product_tag?post=16497"}],"curies":[{"name":"wp","href":"https:\/\/api.w.org\/{rel}","templated":true}]}}