{"id":16499,"date":"2026-03-29T22:45:41","date_gmt":"2026-03-29T19:45:41","guid":{"rendered":"https:\/\/adexa.ee\/toode\/kaasaskantav-kaubanduslik-toolaud-reguleeritavate-jalgadega-roostevabast-terasest-alumise-riiuli-ja-tagumise-aarega-moodud-600x600x850-930mm-adexa-wt6060c\/"},"modified":"2026-03-29T22:45:42","modified_gmt":"2026-03-29T19:45:42","slug":"kaubanduslik-mobiilne-toolaua-reguleeritavate-jalgadega-roostevabast-terasest-alumine-riiul-tagumine-toppeserv-600x600xx900-mm-adexa-wt6060c","status":"publish","type":"product","link":"https:\/\/adexa.ee\/en\/toode\/kaubanduslik-mobiilne-toolaua-reguleeritavate-jalgadega-roostevabast-terasest-alumine-riiul-tagumine-toppeserv-600x600xx900-mm-adexa-wt6060c\/","title":{"rendered":"Kaubanduslik mobiilne t\u00f6\u00f6laua reguleeritavate jalgadega roostevabast terasest alumine riiul tagumine t\u00f5ppeserv 600x600xx900 mm | Adexa WT6060C"},"content":{"rendered":"<p>See on suurep\u00e4rane hinna ja kvaliteedi suhe mobiilse kaubandusliku t\u00f6\u00f6laua jaoks. Vastupidav, k\u00f5rge kvaliteet, 201 AISI roostevabast terasest laud, mis vastab toiduvalmistamise ja toitlustust\u00f6\u00f6stuse k\u00f5rgetele kvaliteedistandarditele. Alumine paneel ja \u00fclespoole p\u00f6\u00f6ratud servad lisakaitseks. Vastab rahvusvahelistele h\u00fcgieeni- ja puhastamisstandarditele. Valmistatud roostevabast terasest Scotch Brite viimistlusega, et t\u00e4ita k\u00f5rgeimaid h\u00fcgieenistandardeid. Tugevdatud t\u00f6\u00f6pind, topeltseina roostevabast terasest t\u00f6\u00f6pind. Kandev\u00f5ime kuni 500 kg. \u00c4\u00e4rmiselt k\u00f5rge kandev\u00f5ime. T\u00e4psema teabe saamiseks vaadake &#8216;Spetsifikatsioonide&#8217; all.<\/p>\n<table style=\"border-collapse: collapse; width: 100%; text-align: left;\">\n<tbody>\n<tr>\n<td style=\"border: 1px solid #ddd; padding: 8px; width: 45%;\"><strong>S\u00fcgavus<\/strong><\/td>\n<td style=\"border: 1px solid #ddd; padding: 8px;\">600 mm<\/td>\n<\/tr>\n<tr>\n<td style=\"border: 1px solid #ddd; padding: 8px; width: 45%;\"><strong>K\u00f5rgus<\/strong><\/td>\n<td style=\"border: 1px solid #ddd; padding: 8px;\">850 mm (jalgadega) \/ 930 mm (rattastega)<\/td>\n<\/tr>\n<tr>\n<td style=\"border: 1px solid #ddd; padding: 8px; width: 45%;\"><strong>Laius<\/strong><\/td>\n<td style=\"border: 1px solid #ddd; padding: 8px;\">600 mm<\/td>\n<\/tr>\n<tr>\n<td style=\"border: 1px solid #ddd; padding: 8px; width: 45%;\"><strong>Kaal<\/strong><\/td>\n<td style=\"border: 1px solid #ddd; padding: 8px;\">12 kg<\/td>\n<\/tr>\n<tr>\n<td style=\"border: 1px solid #ddd; padding: 8px; width: 45%;\"><strong>Garantii<\/strong><\/td>\n<td style=\"border: 1px solid #ddd; padding: 8px;\">12 kuu varuosade garantii<\/td>\n<\/tr>\n<tr>\n<td style=\"border: 1px solid #ddd; padding: 8px; width: 45%;\"><strong>Kokku panemine<\/strong><\/td>\n<td style=\"border: 1px solid #ddd; padding: 8px;\">Lahtiv\u00f5etud<\/td>\n<\/tr>\n<tr>\n<td style=\"border: 1px solid #ddd; padding: 8px; width: 45%;\"><strong>K\u00f5rgus (pritsmekaitse)<\/strong><\/td>\n<td style=\"border: 1px solid #ddd; padding: 8px;\">100 mm<\/td>\n<\/tr>\n<tr>\n<td style=\"border: 1px solid #ddd; padding: 8px; width: 45%;\"><strong>Alumine riiul<\/strong><\/td>\n<td style=\"border: 1px solid #ddd; padding: 8px;\">Jah<\/td>\n<\/tr>\n<tr>\n<td style=\"border: 1px solid #ddd; padding: 8px; width: 45%;\"><strong>Jalad<\/strong><\/td>\n<td style=\"border: 1px solid #ddd; padding: 8px;\">Reguleeritav (ka lukustatavad rattad on kaasas)<\/td>\n<\/tr>\n<tr>\n<td style=\"border: 1px solid #ddd; padding: 8px; width: 45%;\"><strong>Rullikud<\/strong><\/td>\n<td style=\"border: 1px solid #ddd; padding: 8px;\">Jah (komplektis on ka reguleeritavad jalad)<\/td>\n<\/tr>\n<tr>\n<td style=\"border: 1px solid #ddd; padding: 8px; width: 45%;\"><strong>Materjal<\/strong><\/td>\n<td style=\"border: 1px solid #ddd; padding: 8px;\">Roostevaba teras<\/td>\n<\/tr>\n<\/tbody>\n<\/table>\n","protected":false},"excerpt":{"rendered":"<p>See on suurep\u00e4rane hinna ja kvaliteedi suhe mobiilse kaubandusliku t\u00f6\u00f6laua jaoks. Vastupidav, k\u00f5rge kvaliteet, 201 AISI roostevabast terasest laud, mis<\/p>\n","protected":false},"featured_media":10478,"template":"","meta":[],"product_brand":[],"product_cat":[707,572,663,592],"product_tag":[],"class_list":{"0":"post-16499","1":"product","2":"type-product","3":"status-publish","4":"has-post-thumbnail","6":"product_cat-mobiilsed-toolauad","7":"product_cat-roostevabad-tooted","8":"product_cat-seina-tuup-600mm","9":"product_cat-toolauad","11":"first","12":"instock","13":"sale","14":"taxable","15":"shipping-taxable","16":"purchasable","17":"product-type-simple"},"yoast_head":"<!-- This site is optimized with the Yoast SEO plugin v27.3 - https:\/\/yoast.com\/product\/yoast-seo-wordpress\/ -->\n<title>Kaubanduslik mobiilne t\u00f6\u00f6laua reguleeritavate jalgadega roostevabast terasest alumine riiul tagumine t\u00f5ppeserv 600x600xx900 mm | Adexa WT6060C - Adexa \u2013 Suurk\u00f6\u00f6giseadmed restoranidele ja toitlustusele<\/title>\n<meta name=\"robots\" content=\"index, follow, max-snippet:-1, max-image-preview:large, max-video-preview:-1\" \/>\n<link rel=\"canonical\" href=\"https:\/\/adexa.ee\/toode\/kaubanduslik-mobiilne-toolaua-reguleeritavate-jalgadega-roostevabast-terasest-alumine-riiul-tagumine-toppeserv-600x600xx900-mm-adexa-wt6060c\/\" \/>\n<meta property=\"og:locale\" content=\"en_US\" \/>\n<meta property=\"og:type\" content=\"article\" \/>\n<meta property=\"og:title\" content=\"Kaubanduslik mobiilne t\u00f6\u00f6laua reguleeritavate jalgadega roostevabast terasest alumine riiul tagumine t\u00f5ppeserv 600x600xx900 mm | Adexa WT6060C - Adexa \u2013 Suurk\u00f6\u00f6giseadmed restoranidele ja toitlustusele\" \/>\n<meta property=\"og:description\" content=\"See on suurep\u00e4rane hinna ja kvaliteedi suhe mobiilse kaubandusliku t\u00f6\u00f6laua jaoks. Vastupidav, k\u00f5rge kvaliteet, 201 AISI roostevabast terasest laud, mis\" \/>\n<meta property=\"og:url\" content=\"https:\/\/adexa.ee\/toode\/kaubanduslik-mobiilne-toolaua-reguleeritavate-jalgadega-roostevabast-terasest-alumine-riiul-tagumine-toppeserv-600x600xx900-mm-adexa-wt6060c\/\" \/>\n<meta property=\"og:site_name\" content=\"Adexa \u2013 Suurk\u00f6\u00f6giseadmed restoranidele ja toitlustusele\" \/>\n<meta property=\"article:modified_time\" content=\"2026-03-29T19:45:42+00:00\" \/>\n<meta property=\"og:image\" content=\"https:\/\/adexa.ee\/wp-content\/uploads\/2024\/12\/WTC.jpg\" \/>\n\t<meta property=\"og:image:width\" content=\"2000\" \/>\n\t<meta property=\"og:image:height\" content=\"2000\" \/>\n\t<meta property=\"og:image:type\" content=\"image\/jpeg\" \/>\n<meta name=\"twitter:card\" content=\"summary_large_image\" \/>\n<meta name=\"twitter:label1\" content=\"Est. reading time\" \/>\n\t<meta name=\"twitter:data1\" content=\"1 minute\" \/>\n<script type=\"application\/ld+json\" class=\"yoast-schema-graph\">{\"@context\":\"https:\\\/\\\/schema.org\",\"@graph\":[{\"@type\":\"WebPage\",\"@id\":\"https:\\\/\\\/adexa.ee\\\/toode\\\/kaubanduslik-mobiilne-toolaua-reguleeritavate-jalgadega-roostevabast-terasest-alumine-riiul-tagumine-toppeserv-600x600xx900-mm-adexa-wt6060c\\\/\",\"url\":\"https:\\\/\\\/adexa.ee\\\/toode\\\/kaubanduslik-mobiilne-toolaua-reguleeritavate-jalgadega-roostevabast-terasest-alumine-riiul-tagumine-toppeserv-600x600xx900-mm-adexa-wt6060c\\\/\",\"name\":\"Kaubanduslik mobiilne t\u00f6\u00f6laua reguleeritavate jalgadega roostevabast terasest alumine riiul tagumine t\u00f5ppeserv 600x600xx900 mm | Adexa WT6060C - Adexa \u2013 Suurk\u00f6\u00f6giseadmed restoranidele ja toitlustusele\",\"isPartOf\":{\"@id\":\"https:\\\/\\\/adexa.ee\\\/#website\"},\"primaryImageOfPage\":{\"@id\":\"https:\\\/\\\/adexa.ee\\\/toode\\\/kaubanduslik-mobiilne-toolaua-reguleeritavate-jalgadega-roostevabast-terasest-alumine-riiul-tagumine-toppeserv-600x600xx900-mm-adexa-wt6060c\\\/#primaryimage\"},\"image\":{\"@id\":\"https:\\\/\\\/adexa.ee\\\/toode\\\/kaubanduslik-mobiilne-toolaua-reguleeritavate-jalgadega-roostevabast-terasest-alumine-riiul-tagumine-toppeserv-600x600xx900-mm-adexa-wt6060c\\\/#primaryimage\"},\"thumbnailUrl\":\"https:\\\/\\\/adexa.ee\\\/wp-content\\\/uploads\\\/2024\\\/12\\\/WTC.jpg\",\"datePublished\":\"2026-03-29T19:45:41+00:00\",\"dateModified\":\"2026-03-29T19:45:42+00:00\",\"breadcrumb\":{\"@id\":\"https:\\\/\\\/adexa.ee\\\/toode\\\/kaubanduslik-mobiilne-toolaua-reguleeritavate-jalgadega-roostevabast-terasest-alumine-riiul-tagumine-toppeserv-600x600xx900-mm-adexa-wt6060c\\\/#breadcrumb\"},\"inLanguage\":\"en-US\",\"potentialAction\":[{\"@type\":\"ReadAction\",\"target\":[\"https:\\\/\\\/adexa.ee\\\/toode\\\/kaubanduslik-mobiilne-toolaua-reguleeritavate-jalgadega-roostevabast-terasest-alumine-riiul-tagumine-toppeserv-600x600xx900-mm-adexa-wt6060c\\\/\"]}]},{\"@type\":\"ImageObject\",\"inLanguage\":\"en-US\",\"@id\":\"https:\\\/\\\/adexa.ee\\\/toode\\\/kaubanduslik-mobiilne-toolaua-reguleeritavate-jalgadega-roostevabast-terasest-alumine-riiul-tagumine-toppeserv-600x600xx900-mm-adexa-wt6060c\\\/#primaryimage\",\"url\":\"https:\\\/\\\/adexa.ee\\\/wp-content\\\/uploads\\\/2024\\\/12\\\/WTC.jpg\",\"contentUrl\":\"https:\\\/\\\/adexa.ee\\\/wp-content\\\/uploads\\\/2024\\\/12\\\/WTC.jpg\",\"width\":2000,\"height\":2000},{\"@type\":\"BreadcrumbList\",\"@id\":\"https:\\\/\\\/adexa.ee\\\/toode\\\/kaubanduslik-mobiilne-toolaua-reguleeritavate-jalgadega-roostevabast-terasest-alumine-riiul-tagumine-toppeserv-600x600xx900-mm-adexa-wt6060c\\\/#breadcrumb\",\"itemListElement\":[{\"@type\":\"ListItem\",\"position\":1,\"name\":\"Home\",\"item\":\"https:\\\/\\\/adexa.ee\\\/\"},{\"@type\":\"ListItem\",\"position\":2,\"name\":\"Tooted\",\"item\":\"https:\\\/\\\/adexa.ee\\\/pood\\\/\"},{\"@type\":\"ListItem\",\"position\":3,\"name\":\"Kaubanduslik mobiilne t\u00f6\u00f6laua reguleeritavate jalgadega roostevabast terasest alumine riiul tagumine t\u00f5ppeserv 600x600xx900 mm | Adexa WT6060C\"}]},{\"@type\":\"WebSite\",\"@id\":\"https:\\\/\\\/adexa.ee\\\/#website\",\"url\":\"https:\\\/\\\/adexa.ee\\\/\",\"name\":\"Adexa\",\"description\":\"\",\"publisher\":{\"@id\":\"https:\\\/\\\/adexa.ee\\\/#organization\"},\"potentialAction\":[{\"@type\":\"SearchAction\",\"target\":{\"@type\":\"EntryPoint\",\"urlTemplate\":\"https:\\\/\\\/adexa.ee\\\/?s={search_term_string}\"},\"query-input\":{\"@type\":\"PropertyValueSpecification\",\"valueRequired\":true,\"valueName\":\"search_term_string\"}}],\"inLanguage\":\"en-US\"},{\"@type\":\"Organization\",\"@id\":\"https:\\\/\\\/adexa.ee\\\/#organization\",\"name\":\"Adexa\",\"url\":\"https:\\\/\\\/adexa.ee\\\/\",\"logo\":{\"@type\":\"ImageObject\",\"inLanguage\":\"en-US\",\"@id\":\"https:\\\/\\\/adexa.ee\\\/#\\\/schema\\\/logo\\\/image\\\/\",\"url\":\"https:\\\/\\\/adexa.ee\\\/wp-content\\\/uploads\\\/2024\\\/04\\\/chef-cooks-working-in-professional-kitchen-2023-11-27-05-07-39-utc-scaled.jpg\",\"contentUrl\":\"https:\\\/\\\/adexa.ee\\\/wp-content\\\/uploads\\\/2024\\\/04\\\/chef-cooks-working-in-professional-kitchen-2023-11-27-05-07-39-utc-scaled.jpg\",\"width\":2560,\"height\":1708,\"caption\":\"Adexa\"},\"image\":{\"@id\":\"https:\\\/\\\/adexa.ee\\\/#\\\/schema\\\/logo\\\/image\\\/\"}}]}<\/script>\n<!-- \/ Yoast SEO plugin. -->","yoast_head_json":{"title":"Kaubanduslik mobiilne t\u00f6\u00f6laua reguleeritavate jalgadega roostevabast terasest alumine riiul tagumine t\u00f5ppeserv 600x600xx900 mm | Adexa WT6060C - Adexa \u2013 Suurk\u00f6\u00f6giseadmed restoranidele ja toitlustusele","robots":{"index":"index","follow":"follow","max-snippet":"max-snippet:-1","max-image-preview":"max-image-preview:large","max-video-preview":"max-video-preview:-1"},"canonical":"https:\/\/adexa.ee\/toode\/kaubanduslik-mobiilne-toolaua-reguleeritavate-jalgadega-roostevabast-terasest-alumine-riiul-tagumine-toppeserv-600x600xx900-mm-adexa-wt6060c\/","og_locale":"en_US","og_type":"article","og_title":"Kaubanduslik mobiilne t\u00f6\u00f6laua reguleeritavate jalgadega roostevabast terasest alumine riiul tagumine t\u00f5ppeserv 600x600xx900 mm | Adexa WT6060C - Adexa \u2013 Suurk\u00f6\u00f6giseadmed restoranidele ja toitlustusele","og_description":"See on suurep\u00e4rane hinna ja kvaliteedi suhe mobiilse kaubandusliku t\u00f6\u00f6laua jaoks. Vastupidav, k\u00f5rge kvaliteet, 201 AISI roostevabast terasest laud, mis","og_url":"https:\/\/adexa.ee\/toode\/kaubanduslik-mobiilne-toolaua-reguleeritavate-jalgadega-roostevabast-terasest-alumine-riiul-tagumine-toppeserv-600x600xx900-mm-adexa-wt6060c\/","og_site_name":"Adexa \u2013 Suurk\u00f6\u00f6giseadmed restoranidele ja toitlustusele","article_modified_time":"2026-03-29T19:45:42+00:00","og_image":[{"width":2000,"height":2000,"url":"https:\/\/adexa.ee\/wp-content\/uploads\/2024\/12\/WTC.jpg","type":"image\/jpeg"}],"twitter_card":"summary_large_image","twitter_misc":{"Est. reading time":"1 minute"},"schema":{"@context":"https:\/\/schema.org","@graph":[{"@type":"WebPage","@id":"https:\/\/adexa.ee\/toode\/kaubanduslik-mobiilne-toolaua-reguleeritavate-jalgadega-roostevabast-terasest-alumine-riiul-tagumine-toppeserv-600x600xx900-mm-adexa-wt6060c\/","url":"https:\/\/adexa.ee\/toode\/kaubanduslik-mobiilne-toolaua-reguleeritavate-jalgadega-roostevabast-terasest-alumine-riiul-tagumine-toppeserv-600x600xx900-mm-adexa-wt6060c\/","name":"Kaubanduslik mobiilne t\u00f6\u00f6laua reguleeritavate jalgadega roostevabast terasest alumine riiul tagumine t\u00f5ppeserv 600x600xx900 mm | Adexa WT6060C - Adexa \u2013 Suurk\u00f6\u00f6giseadmed restoranidele ja toitlustusele","isPartOf":{"@id":"https:\/\/adexa.ee\/#website"},"primaryImageOfPage":{"@id":"https:\/\/adexa.ee\/toode\/kaubanduslik-mobiilne-toolaua-reguleeritavate-jalgadega-roostevabast-terasest-alumine-riiul-tagumine-toppeserv-600x600xx900-mm-adexa-wt6060c\/#primaryimage"},"image":{"@id":"https:\/\/adexa.ee\/toode\/kaubanduslik-mobiilne-toolaua-reguleeritavate-jalgadega-roostevabast-terasest-alumine-riiul-tagumine-toppeserv-600x600xx900-mm-adexa-wt6060c\/#primaryimage"},"thumbnailUrl":"https:\/\/adexa.ee\/wp-content\/uploads\/2024\/12\/WTC.jpg","datePublished":"2026-03-29T19:45:41+00:00","dateModified":"2026-03-29T19:45:42+00:00","breadcrumb":{"@id":"https:\/\/adexa.ee\/toode\/kaubanduslik-mobiilne-toolaua-reguleeritavate-jalgadega-roostevabast-terasest-alumine-riiul-tagumine-toppeserv-600x600xx900-mm-adexa-wt6060c\/#breadcrumb"},"inLanguage":"en-US","potentialAction":[{"@type":"ReadAction","target":["https:\/\/adexa.ee\/toode\/kaubanduslik-mobiilne-toolaua-reguleeritavate-jalgadega-roostevabast-terasest-alumine-riiul-tagumine-toppeserv-600x600xx900-mm-adexa-wt6060c\/"]}]},{"@type":"ImageObject","inLanguage":"en-US","@id":"https:\/\/adexa.ee\/toode\/kaubanduslik-mobiilne-toolaua-reguleeritavate-jalgadega-roostevabast-terasest-alumine-riiul-tagumine-toppeserv-600x600xx900-mm-adexa-wt6060c\/#primaryimage","url":"https:\/\/adexa.ee\/wp-content\/uploads\/2024\/12\/WTC.jpg","contentUrl":"https:\/\/adexa.ee\/wp-content\/uploads\/2024\/12\/WTC.jpg","width":2000,"height":2000},{"@type":"BreadcrumbList","@id":"https:\/\/adexa.ee\/toode\/kaubanduslik-mobiilne-toolaua-reguleeritavate-jalgadega-roostevabast-terasest-alumine-riiul-tagumine-toppeserv-600x600xx900-mm-adexa-wt6060c\/#breadcrumb","itemListElement":[{"@type":"ListItem","position":1,"name":"Home","item":"https:\/\/adexa.ee\/"},{"@type":"ListItem","position":2,"name":"Tooted","item":"https:\/\/adexa.ee\/pood\/"},{"@type":"ListItem","position":3,"name":"Kaubanduslik mobiilne t\u00f6\u00f6laua reguleeritavate jalgadega roostevabast terasest alumine riiul tagumine t\u00f5ppeserv 600x600xx900 mm | Adexa WT6060C"}]},{"@type":"WebSite","@id":"https:\/\/adexa.ee\/#website","url":"https:\/\/adexa.ee\/","name":"Adexa","description":"","publisher":{"@id":"https:\/\/adexa.ee\/#organization"},"potentialAction":[{"@type":"SearchAction","target":{"@type":"EntryPoint","urlTemplate":"https:\/\/adexa.ee\/?s={search_term_string}"},"query-input":{"@type":"PropertyValueSpecification","valueRequired":true,"valueName":"search_term_string"}}],"inLanguage":"en-US"},{"@type":"Organization","@id":"https:\/\/adexa.ee\/#organization","name":"Adexa","url":"https:\/\/adexa.ee\/","logo":{"@type":"ImageObject","inLanguage":"en-US","@id":"https:\/\/adexa.ee\/#\/schema\/logo\/image\/","url":"https:\/\/adexa.ee\/wp-content\/uploads\/2024\/04\/chef-cooks-working-in-professional-kitchen-2023-11-27-05-07-39-utc-scaled.jpg","contentUrl":"https:\/\/adexa.ee\/wp-content\/uploads\/2024\/04\/chef-cooks-working-in-professional-kitchen-2023-11-27-05-07-39-utc-scaled.jpg","width":2560,"height":1708,"caption":"Adexa"},"image":{"@id":"https:\/\/adexa.ee\/#\/schema\/logo\/image\/"}}]}},"_links":{"self":[{"href":"https:\/\/adexa.ee\/en\/wp-json\/wp\/v2\/product\/16499","targetHints":{"allow":["GET"]}}],"collection":[{"href":"https:\/\/adexa.ee\/en\/wp-json\/wp\/v2\/product"}],"about":[{"href":"https:\/\/adexa.ee\/en\/wp-json\/wp\/v2\/types\/product"}],"wp:featuredmedia":[{"embeddable":true,"href":"https:\/\/adexa.ee\/en\/wp-json\/wp\/v2\/media\/10478"}],"wp:attachment":[{"href":"https:\/\/adexa.ee\/en\/wp-json\/wp\/v2\/media?parent=16499"}],"wp:term":[{"taxonomy":"product_brand","embeddable":true,"href":"https:\/\/adexa.ee\/en\/wp-json\/wp\/v2\/product_brand?post=16499"},{"taxonomy":"product_cat","embeddable":true,"href":"https:\/\/adexa.ee\/en\/wp-json\/wp\/v2\/product_cat?post=16499"},{"taxonomy":"product_tag","embeddable":true,"href":"https:\/\/adexa.ee\/en\/wp-json\/wp\/v2\/product_tag?post=16499"}],"curies":[{"name":"wp","href":"https:\/\/api.w.org\/{rel}","templated":true}]}}