{"id":16535,"date":"2026-03-30T17:55:13","date_gmt":"2026-03-30T14:55:13","guid":{"rendered":"https:\/\/adexa.ee\/toode\/professionaalne-roostevabast-terasest-teflon-kleepumisvastane-praepann-8-200mm-adexa-se32004n\/"},"modified":"2026-03-30T17:55:15","modified_gmt":"2026-03-30T14:55:15","slug":"professionaalne-roostevabast-terasest-teflon-praepann-8-200mm-adexa-se32004n","status":"publish","type":"product","link":"https:\/\/adexa.ee\/en\/toode\/professionaalne-roostevabast-terasest-teflon-praepann-8-200mm-adexa-se32004n\/","title":{"rendered":"Professionaalne Roostevabast Terasest Teflon Praepann 8&#8221;\/200mm | Adexa SE32004N"},"content":{"rendered":"<p>Valmistatud esmaklassilisest raskest roostevabast terasest, on see kommertsiaalne praepann loodud kestma. Kuumuskindel kuni 220\u00b0C ja kokkusobiv k\u00f5ikide kuumuseallikatega. Tunnusjoonteks on uuenduslik Teflon Platinum kleepumisvastane kate. Kapseljas p\u00f5hi v\u00f5imaldab induktsioonkuumutamist ja \u00fchtlast soojuse jaotust. Tugevad k\u00e4epidemed mitmepunkti kinnitamisega poti pinnale, mis ei kuumene. Valmistatud k\u00f5rgekvaliteedilisest roostevabast terasest s\u00fcgava t\u00f5mbe tehnoloogia abil. Happekindel. Siidja viimistlusega pinnad k\u00f5rgl\u00e4ikelise poleeritud raske kaitsekattega. Detailsema teabe saamiseks vaata allpool &#8220;Spetsifikatsioon&#8221;.<\/p>\n<table style=\"border-collapse: collapse; width: 100%; text-align: left;\">\n<tbody>\n<tr>\n<td style=\"border: 1px solid #ddd; padding: 8px; width: 45%;\"><strong>K\u00f5rgus<\/strong><\/td>\n<td style=\"border: 1px solid #ddd; padding: 8px;\">50 mm<\/td>\n<\/tr>\n<tr>\n<td style=\"border: 1px solid #ddd; padding: 8px; width: 45%;\"><strong>Garantii<\/strong><\/td>\n<td style=\"border: 1px solid #ddd; padding: 8px;\">20 kuu varuosade garantii<\/td>\n<\/tr>\n<tr>\n<td style=\"border: 1px solid #ddd; padding: 8px; width: 45%;\"><strong>Materjal<\/strong><\/td>\n<td style=\"border: 1px solid #ddd; padding: 8px;\">Roostevaba teras &amp; teflon<\/td>\n<\/tr>\n<tr>\n<td style=\"border: 1px solid #ddd; padding: 8px; width: 45%;\"><strong>L\u00e4bim\u00f5\u00f5t<\/strong><\/td>\n<td style=\"border: 1px solid #ddd; padding: 8px;\">200 mm<\/td>\n<\/tr>\n<tr>\n<td style=\"border: 1px solid #ddd; padding: 8px; width: 45%;\"><strong>Induktsiooniga \u00fchilduv<\/strong><\/td>\n<td style=\"border: 1px solid #ddd; padding: 8px;\">Jah<\/td>\n<\/tr>\n<\/tbody>\n<\/table>\n","protected":false},"excerpt":{"rendered":"<p>Valmistatud esmaklassilisest raskest roostevabast terasest, on see kommertsiaalne praepann loodud kestma. Kuumuskindel kuni 220\u00b0C ja kokkusobiv k\u00f5ikide kuumuseallikatega. Tunnusjoonteks on<\/p>\n","protected":false},"featured_media":12421,"template":"","meta":[],"product_brand":[],"product_cat":[579,607,606],"product_tag":[],"class_list":{"0":"post-16535","1":"product","2":"type-product","3":"status-publish","4":"has-post-thumbnail","6":"product_cat-koogitarbed-noud","7":"product_cat-pannid","8":"product_cat-potid-ja-pannid","10":"first","11":"instock","12":"sale","13":"taxable","14":"shipping-taxable","15":"purchasable","16":"product-type-simple"},"yoast_head":"<!-- This site is optimized with the Yoast SEO plugin v27.3 - https:\/\/yoast.com\/product\/yoast-seo-wordpress\/ -->\n<title>Professionaalne Roostevabast Terasest Teflon Praepann 8&#039;&#039;\/200mm | Adexa SE32004N - Adexa \u2013 Suurk\u00f6\u00f6giseadmed restoranidele ja toitlustusele<\/title>\n<meta name=\"robots\" content=\"index, follow, max-snippet:-1, max-image-preview:large, max-video-preview:-1\" \/>\n<link rel=\"canonical\" href=\"https:\/\/adexa.ee\/toode\/professionaalne-roostevabast-terasest-teflon-praepann-8-200mm-adexa-se32004n\/\" \/>\n<meta property=\"og:locale\" content=\"en_US\" \/>\n<meta property=\"og:type\" content=\"article\" \/>\n<meta property=\"og:title\" content=\"Professionaalne Roostevabast Terasest Teflon Praepann 8&#039;&#039;\/200mm | Adexa SE32004N - Adexa \u2013 Suurk\u00f6\u00f6giseadmed restoranidele ja toitlustusele\" \/>\n<meta property=\"og:description\" content=\"Valmistatud esmaklassilisest raskest roostevabast terasest, on see kommertsiaalne praepann loodud kestma. Kuumuskindel kuni 220\u00b0C ja kokkusobiv k\u00f5ikide kuumuseallikatega. Tunnusjoonteks on\" \/>\n<meta property=\"og:url\" content=\"https:\/\/adexa.ee\/toode\/professionaalne-roostevabast-terasest-teflon-praepann-8-200mm-adexa-se32004n\/\" \/>\n<meta property=\"og:site_name\" content=\"Adexa \u2013 Suurk\u00f6\u00f6giseadmed restoranidele ja toitlustusele\" \/>\n<meta property=\"article:modified_time\" content=\"2026-03-30T14:55:15+00:00\" \/>\n<meta property=\"og:image\" content=\"https:\/\/adexa.ee\/wp-content\/uploads\/2024\/12\/SE3-NS.jpg\" \/>\n\t<meta property=\"og:image:width\" content=\"1200\" \/>\n\t<meta property=\"og:image:height\" content=\"1200\" \/>\n\t<meta property=\"og:image:type\" content=\"image\/jpeg\" \/>\n<meta name=\"twitter:card\" content=\"summary_large_image\" \/>\n<script type=\"application\/ld+json\" class=\"yoast-schema-graph\">{\"@context\":\"https:\\\/\\\/schema.org\",\"@graph\":[{\"@type\":\"WebPage\",\"@id\":\"https:\\\/\\\/adexa.ee\\\/toode\\\/professionaalne-roostevabast-terasest-teflon-praepann-8-200mm-adexa-se32004n\\\/\",\"url\":\"https:\\\/\\\/adexa.ee\\\/toode\\\/professionaalne-roostevabast-terasest-teflon-praepann-8-200mm-adexa-se32004n\\\/\",\"name\":\"Professionaalne Roostevabast Terasest Teflon Praepann 8''\\\/200mm | Adexa SE32004N - Adexa \u2013 Suurk\u00f6\u00f6giseadmed restoranidele ja toitlustusele\",\"isPartOf\":{\"@id\":\"https:\\\/\\\/adexa.ee\\\/#website\"},\"primaryImageOfPage\":{\"@id\":\"https:\\\/\\\/adexa.ee\\\/toode\\\/professionaalne-roostevabast-terasest-teflon-praepann-8-200mm-adexa-se32004n\\\/#primaryimage\"},\"image\":{\"@id\":\"https:\\\/\\\/adexa.ee\\\/toode\\\/professionaalne-roostevabast-terasest-teflon-praepann-8-200mm-adexa-se32004n\\\/#primaryimage\"},\"thumbnailUrl\":\"https:\\\/\\\/adexa.ee\\\/wp-content\\\/uploads\\\/2024\\\/12\\\/SE3-NS.jpg\",\"datePublished\":\"2026-03-30T14:55:13+00:00\",\"dateModified\":\"2026-03-30T14:55:15+00:00\",\"breadcrumb\":{\"@id\":\"https:\\\/\\\/adexa.ee\\\/toode\\\/professionaalne-roostevabast-terasest-teflon-praepann-8-200mm-adexa-se32004n\\\/#breadcrumb\"},\"inLanguage\":\"en-US\",\"potentialAction\":[{\"@type\":\"ReadAction\",\"target\":[\"https:\\\/\\\/adexa.ee\\\/toode\\\/professionaalne-roostevabast-terasest-teflon-praepann-8-200mm-adexa-se32004n\\\/\"]}]},{\"@type\":\"ImageObject\",\"inLanguage\":\"en-US\",\"@id\":\"https:\\\/\\\/adexa.ee\\\/toode\\\/professionaalne-roostevabast-terasest-teflon-praepann-8-200mm-adexa-se32004n\\\/#primaryimage\",\"url\":\"https:\\\/\\\/adexa.ee\\\/wp-content\\\/uploads\\\/2024\\\/12\\\/SE3-NS.jpg\",\"contentUrl\":\"https:\\\/\\\/adexa.ee\\\/wp-content\\\/uploads\\\/2024\\\/12\\\/SE3-NS.jpg\",\"width\":1200,\"height\":1200},{\"@type\":\"BreadcrumbList\",\"@id\":\"https:\\\/\\\/adexa.ee\\\/toode\\\/professionaalne-roostevabast-terasest-teflon-praepann-8-200mm-adexa-se32004n\\\/#breadcrumb\",\"itemListElement\":[{\"@type\":\"ListItem\",\"position\":1,\"name\":\"Home\",\"item\":\"https:\\\/\\\/adexa.ee\\\/\"},{\"@type\":\"ListItem\",\"position\":2,\"name\":\"Tooted\",\"item\":\"https:\\\/\\\/adexa.ee\\\/pood\\\/\"},{\"@type\":\"ListItem\",\"position\":3,\"name\":\"Professionaalne Roostevabast Terasest Teflon Praepann 8&#8221;\\\/200mm | Adexa SE32004N\"}]},{\"@type\":\"WebSite\",\"@id\":\"https:\\\/\\\/adexa.ee\\\/#website\",\"url\":\"https:\\\/\\\/adexa.ee\\\/\",\"name\":\"Adexa\",\"description\":\"\",\"publisher\":{\"@id\":\"https:\\\/\\\/adexa.ee\\\/#organization\"},\"potentialAction\":[{\"@type\":\"SearchAction\",\"target\":{\"@type\":\"EntryPoint\",\"urlTemplate\":\"https:\\\/\\\/adexa.ee\\\/?s={search_term_string}\"},\"query-input\":{\"@type\":\"PropertyValueSpecification\",\"valueRequired\":true,\"valueName\":\"search_term_string\"}}],\"inLanguage\":\"en-US\"},{\"@type\":\"Organization\",\"@id\":\"https:\\\/\\\/adexa.ee\\\/#organization\",\"name\":\"Adexa\",\"url\":\"https:\\\/\\\/adexa.ee\\\/\",\"logo\":{\"@type\":\"ImageObject\",\"inLanguage\":\"en-US\",\"@id\":\"https:\\\/\\\/adexa.ee\\\/#\\\/schema\\\/logo\\\/image\\\/\",\"url\":\"https:\\\/\\\/adexa.ee\\\/wp-content\\\/uploads\\\/2024\\\/04\\\/chef-cooks-working-in-professional-kitchen-2023-11-27-05-07-39-utc-scaled.jpg\",\"contentUrl\":\"https:\\\/\\\/adexa.ee\\\/wp-content\\\/uploads\\\/2024\\\/04\\\/chef-cooks-working-in-professional-kitchen-2023-11-27-05-07-39-utc-scaled.jpg\",\"width\":2560,\"height\":1708,\"caption\":\"Adexa\"},\"image\":{\"@id\":\"https:\\\/\\\/adexa.ee\\\/#\\\/schema\\\/logo\\\/image\\\/\"}}]}<\/script>\n<!-- \/ Yoast SEO plugin. -->","yoast_head_json":{"title":"Professionaalne Roostevabast Terasest Teflon Praepann 8''\/200mm | Adexa SE32004N - Adexa \u2013 Suurk\u00f6\u00f6giseadmed restoranidele ja toitlustusele","robots":{"index":"index","follow":"follow","max-snippet":"max-snippet:-1","max-image-preview":"max-image-preview:large","max-video-preview":"max-video-preview:-1"},"canonical":"https:\/\/adexa.ee\/toode\/professionaalne-roostevabast-terasest-teflon-praepann-8-200mm-adexa-se32004n\/","og_locale":"en_US","og_type":"article","og_title":"Professionaalne Roostevabast Terasest Teflon Praepann 8''\/200mm | Adexa SE32004N - Adexa \u2013 Suurk\u00f6\u00f6giseadmed restoranidele ja toitlustusele","og_description":"Valmistatud esmaklassilisest raskest roostevabast terasest, on see kommertsiaalne praepann loodud kestma. Kuumuskindel kuni 220\u00b0C ja kokkusobiv k\u00f5ikide kuumuseallikatega. Tunnusjoonteks on","og_url":"https:\/\/adexa.ee\/toode\/professionaalne-roostevabast-terasest-teflon-praepann-8-200mm-adexa-se32004n\/","og_site_name":"Adexa \u2013 Suurk\u00f6\u00f6giseadmed restoranidele ja toitlustusele","article_modified_time":"2026-03-30T14:55:15+00:00","og_image":[{"width":1200,"height":1200,"url":"https:\/\/adexa.ee\/wp-content\/uploads\/2024\/12\/SE3-NS.jpg","type":"image\/jpeg"}],"twitter_card":"summary_large_image","schema":{"@context":"https:\/\/schema.org","@graph":[{"@type":"WebPage","@id":"https:\/\/adexa.ee\/toode\/professionaalne-roostevabast-terasest-teflon-praepann-8-200mm-adexa-se32004n\/","url":"https:\/\/adexa.ee\/toode\/professionaalne-roostevabast-terasest-teflon-praepann-8-200mm-adexa-se32004n\/","name":"Professionaalne Roostevabast Terasest Teflon Praepann 8''\/200mm | Adexa SE32004N - Adexa \u2013 Suurk\u00f6\u00f6giseadmed restoranidele ja toitlustusele","isPartOf":{"@id":"https:\/\/adexa.ee\/#website"},"primaryImageOfPage":{"@id":"https:\/\/adexa.ee\/toode\/professionaalne-roostevabast-terasest-teflon-praepann-8-200mm-adexa-se32004n\/#primaryimage"},"image":{"@id":"https:\/\/adexa.ee\/toode\/professionaalne-roostevabast-terasest-teflon-praepann-8-200mm-adexa-se32004n\/#primaryimage"},"thumbnailUrl":"https:\/\/adexa.ee\/wp-content\/uploads\/2024\/12\/SE3-NS.jpg","datePublished":"2026-03-30T14:55:13+00:00","dateModified":"2026-03-30T14:55:15+00:00","breadcrumb":{"@id":"https:\/\/adexa.ee\/toode\/professionaalne-roostevabast-terasest-teflon-praepann-8-200mm-adexa-se32004n\/#breadcrumb"},"inLanguage":"en-US","potentialAction":[{"@type":"ReadAction","target":["https:\/\/adexa.ee\/toode\/professionaalne-roostevabast-terasest-teflon-praepann-8-200mm-adexa-se32004n\/"]}]},{"@type":"ImageObject","inLanguage":"en-US","@id":"https:\/\/adexa.ee\/toode\/professionaalne-roostevabast-terasest-teflon-praepann-8-200mm-adexa-se32004n\/#primaryimage","url":"https:\/\/adexa.ee\/wp-content\/uploads\/2024\/12\/SE3-NS.jpg","contentUrl":"https:\/\/adexa.ee\/wp-content\/uploads\/2024\/12\/SE3-NS.jpg","width":1200,"height":1200},{"@type":"BreadcrumbList","@id":"https:\/\/adexa.ee\/toode\/professionaalne-roostevabast-terasest-teflon-praepann-8-200mm-adexa-se32004n\/#breadcrumb","itemListElement":[{"@type":"ListItem","position":1,"name":"Home","item":"https:\/\/adexa.ee\/"},{"@type":"ListItem","position":2,"name":"Tooted","item":"https:\/\/adexa.ee\/pood\/"},{"@type":"ListItem","position":3,"name":"Professionaalne Roostevabast Terasest Teflon Praepann 8&#8221;\/200mm | Adexa SE32004N"}]},{"@type":"WebSite","@id":"https:\/\/adexa.ee\/#website","url":"https:\/\/adexa.ee\/","name":"Adexa","description":"","publisher":{"@id":"https:\/\/adexa.ee\/#organization"},"potentialAction":[{"@type":"SearchAction","target":{"@type":"EntryPoint","urlTemplate":"https:\/\/adexa.ee\/?s={search_term_string}"},"query-input":{"@type":"PropertyValueSpecification","valueRequired":true,"valueName":"search_term_string"}}],"inLanguage":"en-US"},{"@type":"Organization","@id":"https:\/\/adexa.ee\/#organization","name":"Adexa","url":"https:\/\/adexa.ee\/","logo":{"@type":"ImageObject","inLanguage":"en-US","@id":"https:\/\/adexa.ee\/#\/schema\/logo\/image\/","url":"https:\/\/adexa.ee\/wp-content\/uploads\/2024\/04\/chef-cooks-working-in-professional-kitchen-2023-11-27-05-07-39-utc-scaled.jpg","contentUrl":"https:\/\/adexa.ee\/wp-content\/uploads\/2024\/04\/chef-cooks-working-in-professional-kitchen-2023-11-27-05-07-39-utc-scaled.jpg","width":2560,"height":1708,"caption":"Adexa"},"image":{"@id":"https:\/\/adexa.ee\/#\/schema\/logo\/image\/"}}]}},"_links":{"self":[{"href":"https:\/\/adexa.ee\/en\/wp-json\/wp\/v2\/product\/16535","targetHints":{"allow":["GET"]}}],"collection":[{"href":"https:\/\/adexa.ee\/en\/wp-json\/wp\/v2\/product"}],"about":[{"href":"https:\/\/adexa.ee\/en\/wp-json\/wp\/v2\/types\/product"}],"wp:featuredmedia":[{"embeddable":true,"href":"https:\/\/adexa.ee\/en\/wp-json\/wp\/v2\/media\/12421"}],"wp:attachment":[{"href":"https:\/\/adexa.ee\/en\/wp-json\/wp\/v2\/media?parent=16535"}],"wp:term":[{"taxonomy":"product_brand","embeddable":true,"href":"https:\/\/adexa.ee\/en\/wp-json\/wp\/v2\/product_brand?post=16535"},{"taxonomy":"product_cat","embeddable":true,"href":"https:\/\/adexa.ee\/en\/wp-json\/wp\/v2\/product_cat?post=16535"},{"taxonomy":"product_tag","embeddable":true,"href":"https:\/\/adexa.ee\/en\/wp-json\/wp\/v2\/product_tag?post=16535"}],"curies":[{"name":"wp","href":"https:\/\/api.w.org\/{rel}","templated":true}]}}