{"id":16545,"date":"2026-03-31T09:45:50","date_gmt":"2026-03-31T06:45:50","guid":{"rendered":"https:\/\/adexa.ee\/toode\/kommertsiaalne-grilli-sile-360x380mm-emailitud-plaat-15kw-elektriline-adexa-eg3638\/"},"modified":"2026-03-31T09:45:51","modified_gmt":"2026-03-31T06:45:51","slug":"grill-sile-360x380mm-emailitud-plaat-15kw-elektriline-adexa-eg3638","status":"publish","type":"product","link":"https:\/\/adexa.ee\/en\/toode\/grill-sile-360x380mm-emailitud-plaat-15kw-elektriline-adexa-eg3638\/","title":{"rendered":"Grill Sile 360X380Mm Emailitud Plaat 1,5Kw Elektriline | Adexa Eg3638"},"content":{"rendered":"<p>See grill on valmistatud emailitud terasplaadist, mida k\u00f5rgelt hinnatakse toiduainete pruunistamiseks. Terasplaat on kaetud massiivse emailiga. Plaadi paksus on piisav, et ideaalselt pruunistada m\u00f5ningaid toite nagu liha, kala ja k\u00f6\u00f6giviljad t\u00e4nu kvaliteetsele poleerimisviimistlusele. Email annab terasele parema viimistluskvaliteedi. Tegemist on massiivse emailiga, millel on hea h\u00f5\u00f5rdetakistus. See emailitud kate h\u00f5lbustab seadme kasutamist ja puhastamist: v\u00f5imalik on kasutada metallist spaatleid ilma plaati kahjustamata. T\u00e4nu oma t\u00e4iesti siledale pinnale v\u00f5imaldab emailitud terasplaat v\u00e4ga head kontaktk\u00fcpsetust, tagades otsese soojus\u00fclekande k\u00fcpsetavale toidule. See praadeplaat on laialdaselt kasutusel traditsioonilistes restoranides ja toiduautodes. Palun vaadake t\u00e4psema teabe saamiseks jaotist &#8216;Spetsifikatsioon&#8217;.<\/p>\n<table style=\"border-collapse: collapse; width: 100%; text-align: left;\">\n<tbody>\n<tr>\n<td style=\"border: 1px solid #ddd; padding: 8px; width: 45%;\"><strong>S\u00fcgavus<\/strong><\/td>\n<td style=\"border: 1px solid #ddd; padding: 8px;\">400 mm<\/td>\n<\/tr>\n<tr>\n<td style=\"border: 1px solid #ddd; padding: 8px; width: 45%;\"><strong>K\u00f5rgus<\/strong><\/td>\n<td style=\"border: 1px solid #ddd; padding: 8px;\">230 mm<\/td>\n<\/tr>\n<tr>\n<td style=\"border: 1px solid #ddd; padding: 8px; width: 45%;\"><strong>Laius<\/strong><\/td>\n<td style=\"border: 1px solid #ddd; padding: 8px;\">420 mm<\/td>\n<\/tr>\n<tr>\n<td style=\"border: 1px solid #ddd; padding: 8px; width: 45%;\"><strong>Kaal<\/strong><\/td>\n<td style=\"border: 1px solid #ddd; padding: 8px;\">12 kg<\/td>\n<\/tr>\n<tr>\n<td style=\"border: 1px solid #ddd; padding: 8px; width: 45%;\"><strong>Garantii<\/strong><\/td>\n<td style=\"border: 1px solid #ddd; padding: 8px;\">12 kuu varuosade garantii<\/td>\n<\/tr>\n<tr>\n<td style=\"border: 1px solid #ddd; padding: 8px; width: 45%;\"><strong>Versioon<\/strong><\/td>\n<td style=\"border: 1px solid #ddd; padding: 8px;\">Sile pind (emailkattega)<\/td>\n<\/tr>\n<tr>\n<td style=\"border: 1px solid #ddd; padding: 8px; width: 45%;\"><strong>Toiteallikas<\/strong><\/td>\n<td style=\"border: 1px solid #ddd; padding: 8px;\">230V \/ 1 faas<\/td>\n<\/tr>\n<tr>\n<td style=\"border: 1px solid #ddd; padding: 8px; width: 45%;\"><strong>Materjal<\/strong><\/td>\n<td style=\"border: 1px solid #ddd; padding: 8px;\">Roostevaba teras<\/td>\n<\/tr>\n<tr>\n<td style=\"border: 1px solid #ddd; padding: 8px; width: 45%;\"><strong>Temperatuur<\/strong><\/td>\n<td style=\"border: 1px solid #ddd; padding: 8px;\">Kuni +300\u00b0C<\/td>\n<\/tr>\n<tr>\n<td style=\"border: 1px solid #ddd; padding: 8px; width: 45%;\"><strong>M\u00f5\u00f5tmed (keetmisala)<\/strong><\/td>\n<td style=\"border: 1px solid #ddd; padding: 8px;\">360&#215;380 mm<\/td>\n<\/tr>\n<\/tbody>\n<\/table>\n","protected":false},"excerpt":{"rendered":"<p>See grill on valmistatud emailitud terasplaadist, mida k\u00f5rgelt hinnatakse toiduainete pruunistamiseks. Terasplaat on kaetud massiivse emailiga. Plaadi paksus on piisav,<\/p>\n","protected":false},"featured_media":16548,"template":"","meta":[],"product_brand":[],"product_cat":[591,589,590,557,588],"product_tag":[],"class_list":{"0":"post-16545","1":"product","2":"type-product","3":"status-publish","4":"has-post-thumbnail","6":"product_cat-elektrilised","7":"product_cat-grillplaadid","8":"product_cat-grillplaadid-kupsetusseadmed","9":"product_cat-kupsetusseadmed","10":"product_cat-kuumseadmed","12":"first","13":"instock","14":"sale","15":"taxable","16":"shipping-taxable","17":"purchasable","18":"product-type-simple"},"yoast_head":"<!-- This site is optimized with the Yoast SEO plugin v27.3 - https:\/\/yoast.com\/product\/yoast-seo-wordpress\/ -->\n<title>Grill Sile 360X380Mm Emailitud Plaat 1,5Kw Elektriline | Adexa Eg3638 - Adexa \u2013 Suurk\u00f6\u00f6giseadmed restoranidele ja toitlustusele<\/title>\n<meta name=\"robots\" content=\"index, follow, max-snippet:-1, max-image-preview:large, max-video-preview:-1\" \/>\n<link rel=\"canonical\" href=\"https:\/\/adexa.ee\/toode\/grill-sile-360x380mm-emailitud-plaat-15kw-elektriline-adexa-eg3638\/\" \/>\n<meta property=\"og:locale\" content=\"en_US\" \/>\n<meta property=\"og:type\" content=\"article\" \/>\n<meta property=\"og:title\" content=\"Grill Sile 360X380Mm Emailitud Plaat 1,5Kw Elektriline | Adexa Eg3638 - Adexa \u2013 Suurk\u00f6\u00f6giseadmed restoranidele ja toitlustusele\" \/>\n<meta property=\"og:description\" content=\"See grill on valmistatud emailitud terasplaadist, mida k\u00f5rgelt hinnatakse toiduainete pruunistamiseks. Terasplaat on kaetud massiivse emailiga. Plaadi paksus on piisav,\" \/>\n<meta property=\"og:url\" content=\"https:\/\/adexa.ee\/toode\/grill-sile-360x380mm-emailitud-plaat-15kw-elektriline-adexa-eg3638\/\" \/>\n<meta property=\"og:site_name\" content=\"Adexa \u2013 Suurk\u00f6\u00f6giseadmed restoranidele ja toitlustusele\" \/>\n<meta property=\"article:modified_time\" content=\"2026-03-31T06:45:51+00:00\" \/>\n<meta property=\"og:image\" content=\"https:\/\/adexa.ee\/wp-content\/uploads\/2024\/12\/EG3638.jpg\" \/>\n\t<meta property=\"og:image:width\" content=\"1918\" \/>\n\t<meta property=\"og:image:height\" content=\"1918\" \/>\n\t<meta property=\"og:image:type\" content=\"image\/jpeg\" \/>\n<meta name=\"twitter:card\" content=\"summary_large_image\" \/>\n<meta name=\"twitter:label1\" content=\"Est. reading time\" \/>\n\t<meta name=\"twitter:data1\" content=\"1 minute\" \/>\n<script type=\"application\/ld+json\" class=\"yoast-schema-graph\">{\"@context\":\"https:\\\/\\\/schema.org\",\"@graph\":[{\"@type\":\"WebPage\",\"@id\":\"https:\\\/\\\/adexa.ee\\\/toode\\\/grill-sile-360x380mm-emailitud-plaat-15kw-elektriline-adexa-eg3638\\\/\",\"url\":\"https:\\\/\\\/adexa.ee\\\/toode\\\/grill-sile-360x380mm-emailitud-plaat-15kw-elektriline-adexa-eg3638\\\/\",\"name\":\"Grill Sile 360X380Mm Emailitud Plaat 1,5Kw Elektriline | Adexa Eg3638 - Adexa \u2013 Suurk\u00f6\u00f6giseadmed restoranidele ja toitlustusele\",\"isPartOf\":{\"@id\":\"https:\\\/\\\/adexa.ee\\\/#website\"},\"primaryImageOfPage\":{\"@id\":\"https:\\\/\\\/adexa.ee\\\/toode\\\/grill-sile-360x380mm-emailitud-plaat-15kw-elektriline-adexa-eg3638\\\/#primaryimage\"},\"image\":{\"@id\":\"https:\\\/\\\/adexa.ee\\\/toode\\\/grill-sile-360x380mm-emailitud-plaat-15kw-elektriline-adexa-eg3638\\\/#primaryimage\"},\"thumbnailUrl\":\"https:\\\/\\\/adexa.ee\\\/wp-content\\\/uploads\\\/2024\\\/12\\\/EG3638.jpg\",\"datePublished\":\"2026-03-31T06:45:50+00:00\",\"dateModified\":\"2026-03-31T06:45:51+00:00\",\"breadcrumb\":{\"@id\":\"https:\\\/\\\/adexa.ee\\\/toode\\\/grill-sile-360x380mm-emailitud-plaat-15kw-elektriline-adexa-eg3638\\\/#breadcrumb\"},\"inLanguage\":\"en-US\",\"potentialAction\":[{\"@type\":\"ReadAction\",\"target\":[\"https:\\\/\\\/adexa.ee\\\/toode\\\/grill-sile-360x380mm-emailitud-plaat-15kw-elektriline-adexa-eg3638\\\/\"]}]},{\"@type\":\"ImageObject\",\"inLanguage\":\"en-US\",\"@id\":\"https:\\\/\\\/adexa.ee\\\/toode\\\/grill-sile-360x380mm-emailitud-plaat-15kw-elektriline-adexa-eg3638\\\/#primaryimage\",\"url\":\"https:\\\/\\\/adexa.ee\\\/wp-content\\\/uploads\\\/2024\\\/12\\\/EG3638.jpg\",\"contentUrl\":\"https:\\\/\\\/adexa.ee\\\/wp-content\\\/uploads\\\/2024\\\/12\\\/EG3638.jpg\",\"width\":1918,\"height\":1918},{\"@type\":\"BreadcrumbList\",\"@id\":\"https:\\\/\\\/adexa.ee\\\/toode\\\/grill-sile-360x380mm-emailitud-plaat-15kw-elektriline-adexa-eg3638\\\/#breadcrumb\",\"itemListElement\":[{\"@type\":\"ListItem\",\"position\":1,\"name\":\"Home\",\"item\":\"https:\\\/\\\/adexa.ee\\\/\"},{\"@type\":\"ListItem\",\"position\":2,\"name\":\"Tooted\",\"item\":\"https:\\\/\\\/adexa.ee\\\/pood\\\/\"},{\"@type\":\"ListItem\",\"position\":3,\"name\":\"Grill Sile 360X380Mm Emailitud Plaat 1,5Kw Elektriline | Adexa Eg3638\"}]},{\"@type\":\"WebSite\",\"@id\":\"https:\\\/\\\/adexa.ee\\\/#website\",\"url\":\"https:\\\/\\\/adexa.ee\\\/\",\"name\":\"Adexa\",\"description\":\"\",\"publisher\":{\"@id\":\"https:\\\/\\\/adexa.ee\\\/#organization\"},\"potentialAction\":[{\"@type\":\"SearchAction\",\"target\":{\"@type\":\"EntryPoint\",\"urlTemplate\":\"https:\\\/\\\/adexa.ee\\\/?s={search_term_string}\"},\"query-input\":{\"@type\":\"PropertyValueSpecification\",\"valueRequired\":true,\"valueName\":\"search_term_string\"}}],\"inLanguage\":\"en-US\"},{\"@type\":\"Organization\",\"@id\":\"https:\\\/\\\/adexa.ee\\\/#organization\",\"name\":\"Adexa\",\"url\":\"https:\\\/\\\/adexa.ee\\\/\",\"logo\":{\"@type\":\"ImageObject\",\"inLanguage\":\"en-US\",\"@id\":\"https:\\\/\\\/adexa.ee\\\/#\\\/schema\\\/logo\\\/image\\\/\",\"url\":\"https:\\\/\\\/adexa.ee\\\/wp-content\\\/uploads\\\/2024\\\/04\\\/chef-cooks-working-in-professional-kitchen-2023-11-27-05-07-39-utc-scaled.jpg\",\"contentUrl\":\"https:\\\/\\\/adexa.ee\\\/wp-content\\\/uploads\\\/2024\\\/04\\\/chef-cooks-working-in-professional-kitchen-2023-11-27-05-07-39-utc-scaled.jpg\",\"width\":2560,\"height\":1708,\"caption\":\"Adexa\"},\"image\":{\"@id\":\"https:\\\/\\\/adexa.ee\\\/#\\\/schema\\\/logo\\\/image\\\/\"}}]}<\/script>\n<!-- \/ Yoast SEO plugin. -->","yoast_head_json":{"title":"Grill Sile 360X380Mm Emailitud Plaat 1,5Kw Elektriline | Adexa Eg3638 - Adexa \u2013 Suurk\u00f6\u00f6giseadmed restoranidele ja toitlustusele","robots":{"index":"index","follow":"follow","max-snippet":"max-snippet:-1","max-image-preview":"max-image-preview:large","max-video-preview":"max-video-preview:-1"},"canonical":"https:\/\/adexa.ee\/toode\/grill-sile-360x380mm-emailitud-plaat-15kw-elektriline-adexa-eg3638\/","og_locale":"en_US","og_type":"article","og_title":"Grill Sile 360X380Mm Emailitud Plaat 1,5Kw Elektriline | Adexa Eg3638 - Adexa \u2013 Suurk\u00f6\u00f6giseadmed restoranidele ja toitlustusele","og_description":"See grill on valmistatud emailitud terasplaadist, mida k\u00f5rgelt hinnatakse toiduainete pruunistamiseks. Terasplaat on kaetud massiivse emailiga. Plaadi paksus on piisav,","og_url":"https:\/\/adexa.ee\/toode\/grill-sile-360x380mm-emailitud-plaat-15kw-elektriline-adexa-eg3638\/","og_site_name":"Adexa \u2013 Suurk\u00f6\u00f6giseadmed restoranidele ja toitlustusele","article_modified_time":"2026-03-31T06:45:51+00:00","og_image":[{"width":1918,"height":1918,"url":"https:\/\/adexa.ee\/wp-content\/uploads\/2024\/12\/EG3638.jpg","type":"image\/jpeg"}],"twitter_card":"summary_large_image","twitter_misc":{"Est. reading time":"1 minute"},"schema":{"@context":"https:\/\/schema.org","@graph":[{"@type":"WebPage","@id":"https:\/\/adexa.ee\/toode\/grill-sile-360x380mm-emailitud-plaat-15kw-elektriline-adexa-eg3638\/","url":"https:\/\/adexa.ee\/toode\/grill-sile-360x380mm-emailitud-plaat-15kw-elektriline-adexa-eg3638\/","name":"Grill Sile 360X380Mm Emailitud Plaat 1,5Kw Elektriline | Adexa Eg3638 - Adexa \u2013 Suurk\u00f6\u00f6giseadmed restoranidele ja toitlustusele","isPartOf":{"@id":"https:\/\/adexa.ee\/#website"},"primaryImageOfPage":{"@id":"https:\/\/adexa.ee\/toode\/grill-sile-360x380mm-emailitud-plaat-15kw-elektriline-adexa-eg3638\/#primaryimage"},"image":{"@id":"https:\/\/adexa.ee\/toode\/grill-sile-360x380mm-emailitud-plaat-15kw-elektriline-adexa-eg3638\/#primaryimage"},"thumbnailUrl":"https:\/\/adexa.ee\/wp-content\/uploads\/2024\/12\/EG3638.jpg","datePublished":"2026-03-31T06:45:50+00:00","dateModified":"2026-03-31T06:45:51+00:00","breadcrumb":{"@id":"https:\/\/adexa.ee\/toode\/grill-sile-360x380mm-emailitud-plaat-15kw-elektriline-adexa-eg3638\/#breadcrumb"},"inLanguage":"en-US","potentialAction":[{"@type":"ReadAction","target":["https:\/\/adexa.ee\/toode\/grill-sile-360x380mm-emailitud-plaat-15kw-elektriline-adexa-eg3638\/"]}]},{"@type":"ImageObject","inLanguage":"en-US","@id":"https:\/\/adexa.ee\/toode\/grill-sile-360x380mm-emailitud-plaat-15kw-elektriline-adexa-eg3638\/#primaryimage","url":"https:\/\/adexa.ee\/wp-content\/uploads\/2024\/12\/EG3638.jpg","contentUrl":"https:\/\/adexa.ee\/wp-content\/uploads\/2024\/12\/EG3638.jpg","width":1918,"height":1918},{"@type":"BreadcrumbList","@id":"https:\/\/adexa.ee\/toode\/grill-sile-360x380mm-emailitud-plaat-15kw-elektriline-adexa-eg3638\/#breadcrumb","itemListElement":[{"@type":"ListItem","position":1,"name":"Home","item":"https:\/\/adexa.ee\/"},{"@type":"ListItem","position":2,"name":"Tooted","item":"https:\/\/adexa.ee\/pood\/"},{"@type":"ListItem","position":3,"name":"Grill Sile 360X380Mm Emailitud Plaat 1,5Kw Elektriline | Adexa Eg3638"}]},{"@type":"WebSite","@id":"https:\/\/adexa.ee\/#website","url":"https:\/\/adexa.ee\/","name":"Adexa","description":"","publisher":{"@id":"https:\/\/adexa.ee\/#organization"},"potentialAction":[{"@type":"SearchAction","target":{"@type":"EntryPoint","urlTemplate":"https:\/\/adexa.ee\/?s={search_term_string}"},"query-input":{"@type":"PropertyValueSpecification","valueRequired":true,"valueName":"search_term_string"}}],"inLanguage":"en-US"},{"@type":"Organization","@id":"https:\/\/adexa.ee\/#organization","name":"Adexa","url":"https:\/\/adexa.ee\/","logo":{"@type":"ImageObject","inLanguage":"en-US","@id":"https:\/\/adexa.ee\/#\/schema\/logo\/image\/","url":"https:\/\/adexa.ee\/wp-content\/uploads\/2024\/04\/chef-cooks-working-in-professional-kitchen-2023-11-27-05-07-39-utc-scaled.jpg","contentUrl":"https:\/\/adexa.ee\/wp-content\/uploads\/2024\/04\/chef-cooks-working-in-professional-kitchen-2023-11-27-05-07-39-utc-scaled.jpg","width":2560,"height":1708,"caption":"Adexa"},"image":{"@id":"https:\/\/adexa.ee\/#\/schema\/logo\/image\/"}}]}},"_links":{"self":[{"href":"https:\/\/adexa.ee\/en\/wp-json\/wp\/v2\/product\/16545","targetHints":{"allow":["GET"]}}],"collection":[{"href":"https:\/\/adexa.ee\/en\/wp-json\/wp\/v2\/product"}],"about":[{"href":"https:\/\/adexa.ee\/en\/wp-json\/wp\/v2\/types\/product"}],"wp:featuredmedia":[{"embeddable":true,"href":"https:\/\/adexa.ee\/en\/wp-json\/wp\/v2\/media\/16548"}],"wp:attachment":[{"href":"https:\/\/adexa.ee\/en\/wp-json\/wp\/v2\/media?parent=16545"}],"wp:term":[{"taxonomy":"product_brand","embeddable":true,"href":"https:\/\/adexa.ee\/en\/wp-json\/wp\/v2\/product_brand?post=16545"},{"taxonomy":"product_cat","embeddable":true,"href":"https:\/\/adexa.ee\/en\/wp-json\/wp\/v2\/product_cat?post=16545"},{"taxonomy":"product_tag","embeddable":true,"href":"https:\/\/adexa.ee\/en\/wp-json\/wp\/v2\/product_tag?post=16545"}],"curies":[{"name":"wp","href":"https:\/\/api.w.org\/{rel}","templated":true}]}}