{"id":16570,"date":"2026-03-26T10:55:21","date_gmt":"2026-03-26T08:55:21","guid":{"rendered":"https:\/\/adexa.ee\/toode\/kommertsiaalne-kuuma-sokolaadi-dosaator-jooksoojendi-5-liitrit-digitaalne-adexa-ch5l\/"},"modified":"2026-03-26T10:55:24","modified_gmt":"2026-03-26T08:55:24","slug":"kuuma-sokolaadi-dosaator-jooksoojendi-5-liitrit-digitaalne-adexa-ch5l","status":"publish","type":"product","link":"https:\/\/adexa.ee\/en\/toode\/kuuma-sokolaadi-dosaator-jooksoojendi-5-liitrit-digitaalne-adexa-ch5l\/","title":{"rendered":"Kuuma \u0160okolaadi Dosaator \/ Jooksoojendi 5 Liitrit Digitaalne | Adexa Ch5L"},"content":{"rendered":"<p>Professionaalne kuuma \u0161okolaadi soojendi digitaaljuhtimise ekraaniga, mis tagab lihtsa kasutamise. Paku k\u00f5rgekvaliteedilise kuuma \u0161okolaadi masinaga igasuguseid talviseid soojendavaid jooke ja kastmeid ilma t\u00fckkideta. \u00c4\u00e4rmiselt mitmek\u00fclgne see toitlustusautomaat tagab, et sisu hoitakse t\u00e4iuslikul serveerimistemperatuuril ja konsistentsiga, kasutades \u00f5rna bain marie stiilis soojendust ja integreeritud segajalad, mis hoiavad \u0161okolaadi t\u00fckivaba ja vedelal kujul. Kas serveerite kuuma \u0161okolaadi, h\u00f5\u00f5gveini, suppi, kastet v\u00f5i isegi vaniljekreemi, on see ideaalne, et hoida oma kliente v\u00f5i k\u00fclalisi v\u00e4rskena. Ideaalne mobiiltoitlustuseks v\u00f5i iseteenindusbuffetide jaoks. Temperatuurivahemik: +30 \u00b0C kuni +90 \u00b0C. Juhts\u00fcsteem: Digitaalne. \u00dclekuumenemiskaitse: Jah. V\u00e4rv: Must. M\u00f5eldud: Kuuma \u0161okolaadi soojendamine ja kuumana hoidmine. Segisti materjal: Roostevaba teras. Segisti labade materjal: Plastik. Mahutavus: 5 liitrit. Integreeritud tilkumisalus: Jah. Sobib alalisele kommertskasutusele: Jah. Materjal: Pol\u00fckarbonaat \/ Roostevaba teras. Suurus: 365 x 420 x 550 mm. Kaal: 6 kg. Dokumendid Kliki siia, et alla laadida kasutusjuhend. Palun vaadake &#8216;Spetsifikatsiooni&#8217; all, et saada \u00fcksikasjalikku teavet.<\/p>\n<table style=\"border-collapse: collapse; width: 100%; text-align: left;\">\n<tbody>\n<tr>\n<td style=\"border: 1px solid #ddd; padding: 8px; width: 45%;\"><strong>S\u00fcgavus<\/strong><\/td>\n<td style=\"border: 1px solid #ddd; padding: 8px;\">420 mm<\/td>\n<\/tr>\n<tr>\n<td style=\"border: 1px solid #ddd; padding: 8px; width: 45%;\"><strong>K\u00f5rgus<\/strong><\/td>\n<td style=\"border: 1px solid #ddd; padding: 8px;\">550mm<\/td>\n<\/tr>\n<tr>\n<td style=\"border: 1px solid #ddd; padding: 8px; width: 45%;\"><strong>Laius<\/strong><\/td>\n<td style=\"border: 1px solid #ddd; padding: 8px;\">365 mm<\/td>\n<\/tr>\n<tr>\n<td style=\"border: 1px solid #ddd; padding: 8px; width: 45%;\"><strong>Kaal<\/strong><\/td>\n<td style=\"border: 1px solid #ddd; padding: 8px;\">6kg<\/td>\n<\/tr>\n<tr>\n<td style=\"border: 1px solid #ddd; padding: 8px; width: 45%;\"><strong>Garantii<\/strong><\/td>\n<td style=\"border: 1px solid #ddd; padding: 8px;\">12-kuuline varuosade garantii<\/td>\n<\/tr>\n<tr>\n<td style=\"border: 1px solid #ddd; padding: 8px; width: 45%;\"><strong>Mahutavus<\/strong><\/td>\n<td style=\"border: 1px solid #ddd; padding: 8px;\">5 liitrit<\/td>\n<\/tr>\n<tr>\n<td style=\"border: 1px solid #ddd; padding: 8px; width: 45%;\"><strong>Toiteallikas<\/strong><\/td>\n<td style=\"border: 1px solid #ddd; padding: 8px;\">230V \/ 1 faas<\/td>\n<\/tr>\n<tr>\n<td style=\"border: 1px solid #ddd; padding: 8px; width: 45%;\"><strong>V\u00f5imsus<\/strong><\/td>\n<td style=\"border: 1px solid #ddd; padding: 8px;\">400W<\/td>\n<\/tr>\n<tr>\n<td style=\"border: 1px solid #ddd; padding: 8px; width: 45%;\"><strong>Temperatuur<\/strong><\/td>\n<td style=\"border: 1px solid #ddd; padding: 8px;\">+30 kuni +90\u00b0C<\/td>\n<\/tr>\n<tr>\n<td style=\"border: 1px solid #ddd; padding: 8px; width: 45%;\"><strong>\u00c4ravoolukraan<\/strong><\/td>\n<td style=\"border: 1px solid #ddd; padding: 8px;\">Jah<\/td>\n<\/tr>\n<tr>\n<td style=\"border: 1px solid #ddd; padding: 8px; width: 45%;\"><strong>Tilkumisalus<\/strong><\/td>\n<td style=\"border: 1px solid #ddd; padding: 8px;\">Jah<\/td>\n<\/tr>\n<\/tbody>\n<\/table>\n","protected":false},"excerpt":{"rendered":"<p>Professionaalne kuuma \u0161okolaadi soojendi digitaaljuhtimise ekraaniga, mis tagab lihtsa kasutamise. Paku k\u00f5rgekvaliteedilise kuuma \u0161okolaadi masinaga igasuguseid talviseid soojendavaid jooke ja<\/p>\n","protected":false},"featured_media":16572,"template":"","meta":[],"product_brand":[],"product_cat":[613,908],"product_tag":[],"class_list":{"0":"post-16570","1":"product","2":"type-product","3":"status-publish","4":"has-post-thumbnail","6":"product_cat-kohv-ja-joogid","7":"product_cat-sokolaadimasinad","9":"first","10":"instock","11":"sale","12":"taxable","13":"shipping-taxable","14":"purchasable","15":"product-type-simple"},"yoast_head":"<!-- This site is optimized with the Yoast SEO plugin v27.3 - https:\/\/yoast.com\/product\/yoast-seo-wordpress\/ -->\n<title>Kuuma \u0160okolaadi Dosaator \/ Jooksoojendi 5 Liitrit Digitaalne | Adexa Ch5L - Adexa \u2013 Suurk\u00f6\u00f6giseadmed restoranidele ja toitlustusele<\/title>\n<meta name=\"robots\" content=\"index, follow, max-snippet:-1, max-image-preview:large, max-video-preview:-1\" \/>\n<link rel=\"canonical\" href=\"https:\/\/adexa.ee\/toode\/kuuma-sokolaadi-dosaator-jooksoojendi-5-liitrit-digitaalne-adexa-ch5l\/\" \/>\n<meta property=\"og:locale\" content=\"en_US\" \/>\n<meta property=\"og:type\" content=\"article\" \/>\n<meta property=\"og:title\" content=\"Kuuma \u0160okolaadi Dosaator \/ Jooksoojendi 5 Liitrit Digitaalne | Adexa Ch5L - Adexa \u2013 Suurk\u00f6\u00f6giseadmed restoranidele ja toitlustusele\" \/>\n<meta property=\"og:description\" content=\"Professionaalne kuuma \u0161okolaadi soojendi digitaaljuhtimise ekraaniga, mis tagab lihtsa kasutamise. Paku k\u00f5rgekvaliteedilise kuuma \u0161okolaadi masinaga igasuguseid talviseid soojendavaid jooke ja\" \/>\n<meta property=\"og:url\" content=\"https:\/\/adexa.ee\/toode\/kuuma-sokolaadi-dosaator-jooksoojendi-5-liitrit-digitaalne-adexa-ch5l\/\" \/>\n<meta property=\"og:site_name\" content=\"Adexa \u2013 Suurk\u00f6\u00f6giseadmed restoranidele ja toitlustusele\" \/>\n<meta property=\"article:modified_time\" content=\"2026-03-26T08:55:24+00:00\" \/>\n<meta property=\"og:image\" content=\"https:\/\/adexa.ee\/wp-content\/uploads\/2024\/12\/CH5L.jpg\" \/>\n\t<meta property=\"og:image:width\" content=\"1500\" \/>\n\t<meta property=\"og:image:height\" content=\"1500\" \/>\n\t<meta property=\"og:image:type\" content=\"image\/jpeg\" \/>\n<meta name=\"twitter:card\" content=\"summary_large_image\" \/>\n<meta name=\"twitter:label1\" content=\"Est. reading time\" \/>\n\t<meta name=\"twitter:data1\" content=\"1 minute\" \/>\n<script type=\"application\/ld+json\" class=\"yoast-schema-graph\">{\"@context\":\"https:\\\/\\\/schema.org\",\"@graph\":[{\"@type\":\"WebPage\",\"@id\":\"https:\\\/\\\/adexa.ee\\\/toode\\\/kuuma-sokolaadi-dosaator-jooksoojendi-5-liitrit-digitaalne-adexa-ch5l\\\/\",\"url\":\"https:\\\/\\\/adexa.ee\\\/toode\\\/kuuma-sokolaadi-dosaator-jooksoojendi-5-liitrit-digitaalne-adexa-ch5l\\\/\",\"name\":\"Kuuma \u0160okolaadi Dosaator \\\/ Jooksoojendi 5 Liitrit Digitaalne | Adexa Ch5L - Adexa \u2013 Suurk\u00f6\u00f6giseadmed restoranidele ja toitlustusele\",\"isPartOf\":{\"@id\":\"https:\\\/\\\/adexa.ee\\\/#website\"},\"primaryImageOfPage\":{\"@id\":\"https:\\\/\\\/adexa.ee\\\/toode\\\/kuuma-sokolaadi-dosaator-jooksoojendi-5-liitrit-digitaalne-adexa-ch5l\\\/#primaryimage\"},\"image\":{\"@id\":\"https:\\\/\\\/adexa.ee\\\/toode\\\/kuuma-sokolaadi-dosaator-jooksoojendi-5-liitrit-digitaalne-adexa-ch5l\\\/#primaryimage\"},\"thumbnailUrl\":\"https:\\\/\\\/adexa.ee\\\/wp-content\\\/uploads\\\/2024\\\/12\\\/CH5L.jpg\",\"datePublished\":\"2026-03-26T08:55:21+00:00\",\"dateModified\":\"2026-03-26T08:55:24+00:00\",\"breadcrumb\":{\"@id\":\"https:\\\/\\\/adexa.ee\\\/toode\\\/kuuma-sokolaadi-dosaator-jooksoojendi-5-liitrit-digitaalne-adexa-ch5l\\\/#breadcrumb\"},\"inLanguage\":\"en-US\",\"potentialAction\":[{\"@type\":\"ReadAction\",\"target\":[\"https:\\\/\\\/adexa.ee\\\/toode\\\/kuuma-sokolaadi-dosaator-jooksoojendi-5-liitrit-digitaalne-adexa-ch5l\\\/\"]}]},{\"@type\":\"ImageObject\",\"inLanguage\":\"en-US\",\"@id\":\"https:\\\/\\\/adexa.ee\\\/toode\\\/kuuma-sokolaadi-dosaator-jooksoojendi-5-liitrit-digitaalne-adexa-ch5l\\\/#primaryimage\",\"url\":\"https:\\\/\\\/adexa.ee\\\/wp-content\\\/uploads\\\/2024\\\/12\\\/CH5L.jpg\",\"contentUrl\":\"https:\\\/\\\/adexa.ee\\\/wp-content\\\/uploads\\\/2024\\\/12\\\/CH5L.jpg\",\"width\":1500,\"height\":1500},{\"@type\":\"BreadcrumbList\",\"@id\":\"https:\\\/\\\/adexa.ee\\\/toode\\\/kuuma-sokolaadi-dosaator-jooksoojendi-5-liitrit-digitaalne-adexa-ch5l\\\/#breadcrumb\",\"itemListElement\":[{\"@type\":\"ListItem\",\"position\":1,\"name\":\"Home\",\"item\":\"https:\\\/\\\/adexa.ee\\\/\"},{\"@type\":\"ListItem\",\"position\":2,\"name\":\"Tooted\",\"item\":\"https:\\\/\\\/adexa.ee\\\/pood\\\/\"},{\"@type\":\"ListItem\",\"position\":3,\"name\":\"Kuuma \u0160okolaadi Dosaator \\\/ Jooksoojendi 5 Liitrit Digitaalne | Adexa Ch5L\"}]},{\"@type\":\"WebSite\",\"@id\":\"https:\\\/\\\/adexa.ee\\\/#website\",\"url\":\"https:\\\/\\\/adexa.ee\\\/\",\"name\":\"Adexa\",\"description\":\"\",\"publisher\":{\"@id\":\"https:\\\/\\\/adexa.ee\\\/#organization\"},\"potentialAction\":[{\"@type\":\"SearchAction\",\"target\":{\"@type\":\"EntryPoint\",\"urlTemplate\":\"https:\\\/\\\/adexa.ee\\\/?s={search_term_string}\"},\"query-input\":{\"@type\":\"PropertyValueSpecification\",\"valueRequired\":true,\"valueName\":\"search_term_string\"}}],\"inLanguage\":\"en-US\"},{\"@type\":\"Organization\",\"@id\":\"https:\\\/\\\/adexa.ee\\\/#organization\",\"name\":\"Adexa\",\"url\":\"https:\\\/\\\/adexa.ee\\\/\",\"logo\":{\"@type\":\"ImageObject\",\"inLanguage\":\"en-US\",\"@id\":\"https:\\\/\\\/adexa.ee\\\/#\\\/schema\\\/logo\\\/image\\\/\",\"url\":\"https:\\\/\\\/adexa.ee\\\/wp-content\\\/uploads\\\/2024\\\/04\\\/chef-cooks-working-in-professional-kitchen-2023-11-27-05-07-39-utc-scaled.jpg\",\"contentUrl\":\"https:\\\/\\\/adexa.ee\\\/wp-content\\\/uploads\\\/2024\\\/04\\\/chef-cooks-working-in-professional-kitchen-2023-11-27-05-07-39-utc-scaled.jpg\",\"width\":2560,\"height\":1708,\"caption\":\"Adexa\"},\"image\":{\"@id\":\"https:\\\/\\\/adexa.ee\\\/#\\\/schema\\\/logo\\\/image\\\/\"}}]}<\/script>\n<!-- \/ Yoast SEO plugin. -->","yoast_head_json":{"title":"Kuuma \u0160okolaadi Dosaator \/ Jooksoojendi 5 Liitrit Digitaalne | Adexa Ch5L - Adexa \u2013 Suurk\u00f6\u00f6giseadmed restoranidele ja toitlustusele","robots":{"index":"index","follow":"follow","max-snippet":"max-snippet:-1","max-image-preview":"max-image-preview:large","max-video-preview":"max-video-preview:-1"},"canonical":"https:\/\/adexa.ee\/toode\/kuuma-sokolaadi-dosaator-jooksoojendi-5-liitrit-digitaalne-adexa-ch5l\/","og_locale":"en_US","og_type":"article","og_title":"Kuuma \u0160okolaadi Dosaator \/ Jooksoojendi 5 Liitrit Digitaalne | Adexa Ch5L - Adexa \u2013 Suurk\u00f6\u00f6giseadmed restoranidele ja toitlustusele","og_description":"Professionaalne kuuma \u0161okolaadi soojendi digitaaljuhtimise ekraaniga, mis tagab lihtsa kasutamise. Paku k\u00f5rgekvaliteedilise kuuma \u0161okolaadi masinaga igasuguseid talviseid soojendavaid jooke ja","og_url":"https:\/\/adexa.ee\/toode\/kuuma-sokolaadi-dosaator-jooksoojendi-5-liitrit-digitaalne-adexa-ch5l\/","og_site_name":"Adexa \u2013 Suurk\u00f6\u00f6giseadmed restoranidele ja toitlustusele","article_modified_time":"2026-03-26T08:55:24+00:00","og_image":[{"width":1500,"height":1500,"url":"https:\/\/adexa.ee\/wp-content\/uploads\/2024\/12\/CH5L.jpg","type":"image\/jpeg"}],"twitter_card":"summary_large_image","twitter_misc":{"Est. reading time":"1 minute"},"schema":{"@context":"https:\/\/schema.org","@graph":[{"@type":"WebPage","@id":"https:\/\/adexa.ee\/toode\/kuuma-sokolaadi-dosaator-jooksoojendi-5-liitrit-digitaalne-adexa-ch5l\/","url":"https:\/\/adexa.ee\/toode\/kuuma-sokolaadi-dosaator-jooksoojendi-5-liitrit-digitaalne-adexa-ch5l\/","name":"Kuuma \u0160okolaadi Dosaator \/ Jooksoojendi 5 Liitrit Digitaalne | Adexa Ch5L - Adexa \u2013 Suurk\u00f6\u00f6giseadmed restoranidele ja toitlustusele","isPartOf":{"@id":"https:\/\/adexa.ee\/#website"},"primaryImageOfPage":{"@id":"https:\/\/adexa.ee\/toode\/kuuma-sokolaadi-dosaator-jooksoojendi-5-liitrit-digitaalne-adexa-ch5l\/#primaryimage"},"image":{"@id":"https:\/\/adexa.ee\/toode\/kuuma-sokolaadi-dosaator-jooksoojendi-5-liitrit-digitaalne-adexa-ch5l\/#primaryimage"},"thumbnailUrl":"https:\/\/adexa.ee\/wp-content\/uploads\/2024\/12\/CH5L.jpg","datePublished":"2026-03-26T08:55:21+00:00","dateModified":"2026-03-26T08:55:24+00:00","breadcrumb":{"@id":"https:\/\/adexa.ee\/toode\/kuuma-sokolaadi-dosaator-jooksoojendi-5-liitrit-digitaalne-adexa-ch5l\/#breadcrumb"},"inLanguage":"en-US","potentialAction":[{"@type":"ReadAction","target":["https:\/\/adexa.ee\/toode\/kuuma-sokolaadi-dosaator-jooksoojendi-5-liitrit-digitaalne-adexa-ch5l\/"]}]},{"@type":"ImageObject","inLanguage":"en-US","@id":"https:\/\/adexa.ee\/toode\/kuuma-sokolaadi-dosaator-jooksoojendi-5-liitrit-digitaalne-adexa-ch5l\/#primaryimage","url":"https:\/\/adexa.ee\/wp-content\/uploads\/2024\/12\/CH5L.jpg","contentUrl":"https:\/\/adexa.ee\/wp-content\/uploads\/2024\/12\/CH5L.jpg","width":1500,"height":1500},{"@type":"BreadcrumbList","@id":"https:\/\/adexa.ee\/toode\/kuuma-sokolaadi-dosaator-jooksoojendi-5-liitrit-digitaalne-adexa-ch5l\/#breadcrumb","itemListElement":[{"@type":"ListItem","position":1,"name":"Home","item":"https:\/\/adexa.ee\/"},{"@type":"ListItem","position":2,"name":"Tooted","item":"https:\/\/adexa.ee\/pood\/"},{"@type":"ListItem","position":3,"name":"Kuuma \u0160okolaadi Dosaator \/ Jooksoojendi 5 Liitrit Digitaalne | Adexa Ch5L"}]},{"@type":"WebSite","@id":"https:\/\/adexa.ee\/#website","url":"https:\/\/adexa.ee\/","name":"Adexa","description":"","publisher":{"@id":"https:\/\/adexa.ee\/#organization"},"potentialAction":[{"@type":"SearchAction","target":{"@type":"EntryPoint","urlTemplate":"https:\/\/adexa.ee\/?s={search_term_string}"},"query-input":{"@type":"PropertyValueSpecification","valueRequired":true,"valueName":"search_term_string"}}],"inLanguage":"en-US"},{"@type":"Organization","@id":"https:\/\/adexa.ee\/#organization","name":"Adexa","url":"https:\/\/adexa.ee\/","logo":{"@type":"ImageObject","inLanguage":"en-US","@id":"https:\/\/adexa.ee\/#\/schema\/logo\/image\/","url":"https:\/\/adexa.ee\/wp-content\/uploads\/2024\/04\/chef-cooks-working-in-professional-kitchen-2023-11-27-05-07-39-utc-scaled.jpg","contentUrl":"https:\/\/adexa.ee\/wp-content\/uploads\/2024\/04\/chef-cooks-working-in-professional-kitchen-2023-11-27-05-07-39-utc-scaled.jpg","width":2560,"height":1708,"caption":"Adexa"},"image":{"@id":"https:\/\/adexa.ee\/#\/schema\/logo\/image\/"}}]}},"_links":{"self":[{"href":"https:\/\/adexa.ee\/en\/wp-json\/wp\/v2\/product\/16570","targetHints":{"allow":["GET"]}}],"collection":[{"href":"https:\/\/adexa.ee\/en\/wp-json\/wp\/v2\/product"}],"about":[{"href":"https:\/\/adexa.ee\/en\/wp-json\/wp\/v2\/types\/product"}],"wp:featuredmedia":[{"embeddable":true,"href":"https:\/\/adexa.ee\/en\/wp-json\/wp\/v2\/media\/16572"}],"wp:attachment":[{"href":"https:\/\/adexa.ee\/en\/wp-json\/wp\/v2\/media?parent=16570"}],"wp:term":[{"taxonomy":"product_brand","embeddable":true,"href":"https:\/\/adexa.ee\/en\/wp-json\/wp\/v2\/product_brand?post=16570"},{"taxonomy":"product_cat","embeddable":true,"href":"https:\/\/adexa.ee\/en\/wp-json\/wp\/v2\/product_cat?post=16570"},{"taxonomy":"product_tag","embeddable":true,"href":"https:\/\/adexa.ee\/en\/wp-json\/wp\/v2\/product_tag?post=16570"}],"curies":[{"name":"wp","href":"https:\/\/api.w.org\/{rel}","templated":true}]}}