{"id":16588,"date":"2026-03-26T10:55:21","date_gmt":"2026-03-26T08:55:21","guid":{"rendered":"https:\/\/adexa.ee\/toode\/kommertslik-kulmade-jookide-dosaator-3-x-18-liitrit-adexa-lrsj18lx3\/"},"modified":"2026-03-26T10:55:25","modified_gmt":"2026-03-26T08:55:25","slug":"kulmade-jookide-dosaator-3-x-18-liitrit-adexa-lrsj18lx3","status":"publish","type":"product","link":"https:\/\/adexa.ee\/en\/toode\/kulmade-jookide-dosaator-3-x-18-liitrit-adexa-lrsj18lx3\/","title":{"rendered":"K\u00fclmade Jookide Dosaator 3 X 18 Liitrit | Adexa Lrsj18Lx3"},"content":{"rendered":"<p>Kvaliteetne kolmekordne joogimasin, see jahutatud jookide dosaator on ideaalne lahendus kohviku, toidupoodide ja turismiobjektide esik\u00fcljele. T\u00e4nu oma suurele 54-liitrisele mahutavusele ja stiilsele v\u00e4limusele on see suurep\u00e4rane puuviljamahlade, j\u00e4\u00e4tee, limonaadi ja muude sarnaste k\u00fclmade jookide impulssostude maksimeerimiseks. \u00d5rn segamislabidas aitab s\u00e4ilitada joogi kvaliteeti \u2013 v\u00e4ltides nii vahutamist kui ka oks\u00fcdeerumist, samal ajal kui sisseehitatud tilgakandik tagab probleemivaba t\u00f6\u00f6. P\u00e4rast teeninduse l\u00f5petamist saab joogikaussi h\u00f5lpsasti eemaldada, et tagada vaevatu puhastamine. See on m\u00f5eldud igap\u00e4evaseks kommertskasutuseks n\u00f5udlikes professionaalsetes keskkondades. Tugeva kommertsdisaini ja usinalt t\u00f6\u00f6tavate kompressoritega tagab see t\u00f6\u00f6kindluse ja j\u00f5udluse. DokumentatsioonKl\u00f5psake siin, et laadida kasutusjuhend allaPalun vaadake &#8216;Spetsifikatsioonide&#8217; jaotisest \u00fcksikasjaliku teabe saamiseks.<\/p>\n<table style=\"border-collapse: collapse; width: 100%; text-align: left;\">\n<tbody>\n<tr>\n<td style=\"border: 1px solid #ddd; padding: 8px; width: 45%;\"><strong>S\u00fcgavus<\/strong><\/td>\n<td style=\"border: 1px solid #ddd; padding: 8px;\">470mm<\/td>\n<\/tr>\n<tr>\n<td style=\"border: 1px solid #ddd; padding: 8px; width: 45%;\"><strong>K\u00f5rgus<\/strong><\/td>\n<td style=\"border: 1px solid #ddd; padding: 8px;\">740 mm<\/td>\n<\/tr>\n<tr>\n<td style=\"border: 1px solid #ddd; padding: 8px; width: 45%;\"><strong>Laius<\/strong><\/td>\n<td style=\"border: 1px solid #ddd; padding: 8px;\">750 mm<\/td>\n<\/tr>\n<tr>\n<td style=\"border: 1px solid #ddd; padding: 8px; width: 45%;\"><strong>Kaal<\/strong><\/td>\n<td style=\"border: 1px solid #ddd; padding: 8px;\">45 kg<\/td>\n<\/tr>\n<tr>\n<td style=\"border: 1px solid #ddd; padding: 8px; width: 45%;\"><strong>Garantii<\/strong><\/td>\n<td style=\"border: 1px solid #ddd; padding: 8px;\">12 kuu varuosade garantii<\/td>\n<\/tr>\n<tr>\n<td style=\"border: 1px solid #ddd; padding: 8px; width: 45%;\"><strong>Mahutavus<\/strong><\/td>\n<td style=\"border: 1px solid #ddd; padding: 8px;\">3 x 18 liitrit<\/td>\n<\/tr>\n<tr>\n<td style=\"border: 1px solid #ddd; padding: 8px; width: 45%;\"><strong>Toiteallikas<\/strong><\/td>\n<td style=\"border: 1px solid #ddd; padding: 8px;\">230V \/ 1 faas<\/td>\n<\/tr>\n<tr>\n<td style=\"border: 1px solid #ddd; padding: 8px; width: 45%;\"><strong>V\u00f5imsus<\/strong><\/td>\n<td style=\"border: 1px solid #ddd; padding: 8px;\">380W (k\u00fclm) \/ 1620W (kuum)<\/td>\n<\/tr>\n<tr>\n<td style=\"border: 1px solid #ddd; padding: 8px; width: 45%;\"><strong>Temperatuur<\/strong><\/td>\n<td style=\"border: 1px solid #ddd; padding: 8px;\">+7\u00b0C kuni +12\u00b0C (k\u00fclm) \/ +52\u00b0C kuni +58\u00b0C (kuum)<\/td>\n<\/tr>\n<\/tbody>\n<\/table>\n","protected":false},"excerpt":{"rendered":"<p>Kvaliteetne kolmekordne joogimasin, see jahutatud jookide dosaator on ideaalne lahendus kohviku, toidupoodide ja turismiobjektide esik\u00fcljele. T\u00e4nu oma suurele 54-liitrisele mahutavusele<\/p>\n","protected":false},"featured_media":16590,"template":"","meta":[],"product_brand":[],"product_cat":[668,613,713,586],"product_tag":[],"class_list":{"0":"post-16588","1":"product","2":"type-product","3":"status-publish","4":"has-post-thumbnail","6":"product_cat-joogimasinad-kannud-termosed-dosaatorid","7":"product_cat-kohv-ja-joogid","8":"product_cat-mahlade-dosaatorid","9":"product_cat-serveerimine","11":"first","12":"instock","13":"sale","14":"taxable","15":"shipping-taxable","16":"purchasable","17":"product-type-simple"},"yoast_head":"<!-- This site is optimized with the Yoast SEO plugin v27.3 - https:\/\/yoast.com\/product\/yoast-seo-wordpress\/ -->\n<title>K\u00fclmade Jookide Dosaator 3 X 18 Liitrit | Adexa Lrsj18Lx3 - Adexa \u2013 Suurk\u00f6\u00f6giseadmed restoranidele ja toitlustusele<\/title>\n<meta name=\"robots\" content=\"index, follow, max-snippet:-1, max-image-preview:large, max-video-preview:-1\" \/>\n<link rel=\"canonical\" href=\"https:\/\/adexa.ee\/toode\/kulmade-jookide-dosaator-3-x-18-liitrit-adexa-lrsj18lx3\/\" \/>\n<meta property=\"og:locale\" content=\"en_US\" \/>\n<meta property=\"og:type\" content=\"article\" \/>\n<meta property=\"og:title\" content=\"K\u00fclmade Jookide Dosaator 3 X 18 Liitrit | Adexa Lrsj18Lx3 - Adexa \u2013 Suurk\u00f6\u00f6giseadmed restoranidele ja toitlustusele\" \/>\n<meta property=\"og:description\" content=\"Kvaliteetne kolmekordne joogimasin, see jahutatud jookide dosaator on ideaalne lahendus kohviku, toidupoodide ja turismiobjektide esik\u00fcljele. T\u00e4nu oma suurele 54-liitrisele mahutavusele\" \/>\n<meta property=\"og:url\" content=\"https:\/\/adexa.ee\/toode\/kulmade-jookide-dosaator-3-x-18-liitrit-adexa-lrsj18lx3\/\" \/>\n<meta property=\"og:site_name\" content=\"Adexa \u2013 Suurk\u00f6\u00f6giseadmed restoranidele ja toitlustusele\" \/>\n<meta property=\"article:modified_time\" content=\"2026-03-26T08:55:25+00:00\" \/>\n<meta property=\"og:image\" content=\"https:\/\/adexa.ee\/wp-content\/uploads\/2024\/12\/LSJ18LX3.jpg\" \/>\n\t<meta property=\"og:image:width\" content=\"1500\" \/>\n\t<meta property=\"og:image:height\" content=\"1500\" \/>\n\t<meta property=\"og:image:type\" content=\"image\/jpeg\" \/>\n<meta name=\"twitter:card\" content=\"summary_large_image\" \/>\n<meta name=\"twitter:label1\" content=\"Est. reading time\" \/>\n\t<meta name=\"twitter:data1\" content=\"1 minute\" \/>\n<script type=\"application\/ld+json\" class=\"yoast-schema-graph\">{\"@context\":\"https:\\\/\\\/schema.org\",\"@graph\":[{\"@type\":\"WebPage\",\"@id\":\"https:\\\/\\\/adexa.ee\\\/toode\\\/kulmade-jookide-dosaator-3-x-18-liitrit-adexa-lrsj18lx3\\\/\",\"url\":\"https:\\\/\\\/adexa.ee\\\/toode\\\/kulmade-jookide-dosaator-3-x-18-liitrit-adexa-lrsj18lx3\\\/\",\"name\":\"K\u00fclmade Jookide Dosaator 3 X 18 Liitrit | Adexa Lrsj18Lx3 - Adexa \u2013 Suurk\u00f6\u00f6giseadmed restoranidele ja toitlustusele\",\"isPartOf\":{\"@id\":\"https:\\\/\\\/adexa.ee\\\/#website\"},\"primaryImageOfPage\":{\"@id\":\"https:\\\/\\\/adexa.ee\\\/toode\\\/kulmade-jookide-dosaator-3-x-18-liitrit-adexa-lrsj18lx3\\\/#primaryimage\"},\"image\":{\"@id\":\"https:\\\/\\\/adexa.ee\\\/toode\\\/kulmade-jookide-dosaator-3-x-18-liitrit-adexa-lrsj18lx3\\\/#primaryimage\"},\"thumbnailUrl\":\"https:\\\/\\\/adexa.ee\\\/wp-content\\\/uploads\\\/2024\\\/12\\\/LSJ18LX3.jpg\",\"datePublished\":\"2026-03-26T08:55:21+00:00\",\"dateModified\":\"2026-03-26T08:55:25+00:00\",\"breadcrumb\":{\"@id\":\"https:\\\/\\\/adexa.ee\\\/toode\\\/kulmade-jookide-dosaator-3-x-18-liitrit-adexa-lrsj18lx3\\\/#breadcrumb\"},\"inLanguage\":\"en-US\",\"potentialAction\":[{\"@type\":\"ReadAction\",\"target\":[\"https:\\\/\\\/adexa.ee\\\/toode\\\/kulmade-jookide-dosaator-3-x-18-liitrit-adexa-lrsj18lx3\\\/\"]}]},{\"@type\":\"ImageObject\",\"inLanguage\":\"en-US\",\"@id\":\"https:\\\/\\\/adexa.ee\\\/toode\\\/kulmade-jookide-dosaator-3-x-18-liitrit-adexa-lrsj18lx3\\\/#primaryimage\",\"url\":\"https:\\\/\\\/adexa.ee\\\/wp-content\\\/uploads\\\/2024\\\/12\\\/LSJ18LX3.jpg\",\"contentUrl\":\"https:\\\/\\\/adexa.ee\\\/wp-content\\\/uploads\\\/2024\\\/12\\\/LSJ18LX3.jpg\",\"width\":1500,\"height\":1500},{\"@type\":\"BreadcrumbList\",\"@id\":\"https:\\\/\\\/adexa.ee\\\/toode\\\/kulmade-jookide-dosaator-3-x-18-liitrit-adexa-lrsj18lx3\\\/#breadcrumb\",\"itemListElement\":[{\"@type\":\"ListItem\",\"position\":1,\"name\":\"Home\",\"item\":\"https:\\\/\\\/adexa.ee\\\/\"},{\"@type\":\"ListItem\",\"position\":2,\"name\":\"Tooted\",\"item\":\"https:\\\/\\\/adexa.ee\\\/pood\\\/\"},{\"@type\":\"ListItem\",\"position\":3,\"name\":\"K\u00fclmade Jookide Dosaator 3 X 18 Liitrit | Adexa Lrsj18Lx3\"}]},{\"@type\":\"WebSite\",\"@id\":\"https:\\\/\\\/adexa.ee\\\/#website\",\"url\":\"https:\\\/\\\/adexa.ee\\\/\",\"name\":\"Adexa\",\"description\":\"\",\"publisher\":{\"@id\":\"https:\\\/\\\/adexa.ee\\\/#organization\"},\"potentialAction\":[{\"@type\":\"SearchAction\",\"target\":{\"@type\":\"EntryPoint\",\"urlTemplate\":\"https:\\\/\\\/adexa.ee\\\/?s={search_term_string}\"},\"query-input\":{\"@type\":\"PropertyValueSpecification\",\"valueRequired\":true,\"valueName\":\"search_term_string\"}}],\"inLanguage\":\"en-US\"},{\"@type\":\"Organization\",\"@id\":\"https:\\\/\\\/adexa.ee\\\/#organization\",\"name\":\"Adexa\",\"url\":\"https:\\\/\\\/adexa.ee\\\/\",\"logo\":{\"@type\":\"ImageObject\",\"inLanguage\":\"en-US\",\"@id\":\"https:\\\/\\\/adexa.ee\\\/#\\\/schema\\\/logo\\\/image\\\/\",\"url\":\"https:\\\/\\\/adexa.ee\\\/wp-content\\\/uploads\\\/2024\\\/04\\\/chef-cooks-working-in-professional-kitchen-2023-11-27-05-07-39-utc-scaled.jpg\",\"contentUrl\":\"https:\\\/\\\/adexa.ee\\\/wp-content\\\/uploads\\\/2024\\\/04\\\/chef-cooks-working-in-professional-kitchen-2023-11-27-05-07-39-utc-scaled.jpg\",\"width\":2560,\"height\":1708,\"caption\":\"Adexa\"},\"image\":{\"@id\":\"https:\\\/\\\/adexa.ee\\\/#\\\/schema\\\/logo\\\/image\\\/\"}}]}<\/script>\n<!-- \/ Yoast SEO plugin. -->","yoast_head_json":{"title":"K\u00fclmade Jookide Dosaator 3 X 18 Liitrit | Adexa Lrsj18Lx3 - Adexa \u2013 Suurk\u00f6\u00f6giseadmed restoranidele ja toitlustusele","robots":{"index":"index","follow":"follow","max-snippet":"max-snippet:-1","max-image-preview":"max-image-preview:large","max-video-preview":"max-video-preview:-1"},"canonical":"https:\/\/adexa.ee\/toode\/kulmade-jookide-dosaator-3-x-18-liitrit-adexa-lrsj18lx3\/","og_locale":"en_US","og_type":"article","og_title":"K\u00fclmade Jookide Dosaator 3 X 18 Liitrit | Adexa Lrsj18Lx3 - Adexa \u2013 Suurk\u00f6\u00f6giseadmed restoranidele ja toitlustusele","og_description":"Kvaliteetne kolmekordne joogimasin, see jahutatud jookide dosaator on ideaalne lahendus kohviku, toidupoodide ja turismiobjektide esik\u00fcljele. T\u00e4nu oma suurele 54-liitrisele mahutavusele","og_url":"https:\/\/adexa.ee\/toode\/kulmade-jookide-dosaator-3-x-18-liitrit-adexa-lrsj18lx3\/","og_site_name":"Adexa \u2013 Suurk\u00f6\u00f6giseadmed restoranidele ja toitlustusele","article_modified_time":"2026-03-26T08:55:25+00:00","og_image":[{"width":1500,"height":1500,"url":"https:\/\/adexa.ee\/wp-content\/uploads\/2024\/12\/LSJ18LX3.jpg","type":"image\/jpeg"}],"twitter_card":"summary_large_image","twitter_misc":{"Est. reading time":"1 minute"},"schema":{"@context":"https:\/\/schema.org","@graph":[{"@type":"WebPage","@id":"https:\/\/adexa.ee\/toode\/kulmade-jookide-dosaator-3-x-18-liitrit-adexa-lrsj18lx3\/","url":"https:\/\/adexa.ee\/toode\/kulmade-jookide-dosaator-3-x-18-liitrit-adexa-lrsj18lx3\/","name":"K\u00fclmade Jookide Dosaator 3 X 18 Liitrit | Adexa Lrsj18Lx3 - Adexa \u2013 Suurk\u00f6\u00f6giseadmed restoranidele ja toitlustusele","isPartOf":{"@id":"https:\/\/adexa.ee\/#website"},"primaryImageOfPage":{"@id":"https:\/\/adexa.ee\/toode\/kulmade-jookide-dosaator-3-x-18-liitrit-adexa-lrsj18lx3\/#primaryimage"},"image":{"@id":"https:\/\/adexa.ee\/toode\/kulmade-jookide-dosaator-3-x-18-liitrit-adexa-lrsj18lx3\/#primaryimage"},"thumbnailUrl":"https:\/\/adexa.ee\/wp-content\/uploads\/2024\/12\/LSJ18LX3.jpg","datePublished":"2026-03-26T08:55:21+00:00","dateModified":"2026-03-26T08:55:25+00:00","breadcrumb":{"@id":"https:\/\/adexa.ee\/toode\/kulmade-jookide-dosaator-3-x-18-liitrit-adexa-lrsj18lx3\/#breadcrumb"},"inLanguage":"en-US","potentialAction":[{"@type":"ReadAction","target":["https:\/\/adexa.ee\/toode\/kulmade-jookide-dosaator-3-x-18-liitrit-adexa-lrsj18lx3\/"]}]},{"@type":"ImageObject","inLanguage":"en-US","@id":"https:\/\/adexa.ee\/toode\/kulmade-jookide-dosaator-3-x-18-liitrit-adexa-lrsj18lx3\/#primaryimage","url":"https:\/\/adexa.ee\/wp-content\/uploads\/2024\/12\/LSJ18LX3.jpg","contentUrl":"https:\/\/adexa.ee\/wp-content\/uploads\/2024\/12\/LSJ18LX3.jpg","width":1500,"height":1500},{"@type":"BreadcrumbList","@id":"https:\/\/adexa.ee\/toode\/kulmade-jookide-dosaator-3-x-18-liitrit-adexa-lrsj18lx3\/#breadcrumb","itemListElement":[{"@type":"ListItem","position":1,"name":"Home","item":"https:\/\/adexa.ee\/"},{"@type":"ListItem","position":2,"name":"Tooted","item":"https:\/\/adexa.ee\/pood\/"},{"@type":"ListItem","position":3,"name":"K\u00fclmade Jookide Dosaator 3 X 18 Liitrit | Adexa Lrsj18Lx3"}]},{"@type":"WebSite","@id":"https:\/\/adexa.ee\/#website","url":"https:\/\/adexa.ee\/","name":"Adexa","description":"","publisher":{"@id":"https:\/\/adexa.ee\/#organization"},"potentialAction":[{"@type":"SearchAction","target":{"@type":"EntryPoint","urlTemplate":"https:\/\/adexa.ee\/?s={search_term_string}"},"query-input":{"@type":"PropertyValueSpecification","valueRequired":true,"valueName":"search_term_string"}}],"inLanguage":"en-US"},{"@type":"Organization","@id":"https:\/\/adexa.ee\/#organization","name":"Adexa","url":"https:\/\/adexa.ee\/","logo":{"@type":"ImageObject","inLanguage":"en-US","@id":"https:\/\/adexa.ee\/#\/schema\/logo\/image\/","url":"https:\/\/adexa.ee\/wp-content\/uploads\/2024\/04\/chef-cooks-working-in-professional-kitchen-2023-11-27-05-07-39-utc-scaled.jpg","contentUrl":"https:\/\/adexa.ee\/wp-content\/uploads\/2024\/04\/chef-cooks-working-in-professional-kitchen-2023-11-27-05-07-39-utc-scaled.jpg","width":2560,"height":1708,"caption":"Adexa"},"image":{"@id":"https:\/\/adexa.ee\/#\/schema\/logo\/image\/"}}]}},"_links":{"self":[{"href":"https:\/\/adexa.ee\/en\/wp-json\/wp\/v2\/product\/16588","targetHints":{"allow":["GET"]}}],"collection":[{"href":"https:\/\/adexa.ee\/en\/wp-json\/wp\/v2\/product"}],"about":[{"href":"https:\/\/adexa.ee\/en\/wp-json\/wp\/v2\/types\/product"}],"wp:featuredmedia":[{"embeddable":true,"href":"https:\/\/adexa.ee\/en\/wp-json\/wp\/v2\/media\/16590"}],"wp:attachment":[{"href":"https:\/\/adexa.ee\/en\/wp-json\/wp\/v2\/media?parent=16588"}],"wp:term":[{"taxonomy":"product_brand","embeddable":true,"href":"https:\/\/adexa.ee\/en\/wp-json\/wp\/v2\/product_brand?post=16588"},{"taxonomy":"product_cat","embeddable":true,"href":"https:\/\/adexa.ee\/en\/wp-json\/wp\/v2\/product_cat?post=16588"},{"taxonomy":"product_tag","embeddable":true,"href":"https:\/\/adexa.ee\/en\/wp-json\/wp\/v2\/product_tag?post=16588"}],"curies":[{"name":"wp","href":"https:\/\/api.w.org\/{rel}","templated":true}]}}