{"id":16591,"date":"2026-03-26T10:55:21","date_gmt":"2026-03-26T08:55:21","guid":{"rendered":"https:\/\/adexa.ee\/toode\/roostevabast-terasest-koostisosade-ja-jahu-tunnkaru-600x600x600mm-adexa-ft6060s\/"},"modified":"2026-03-26T10:55:25","modified_gmt":"2026-03-26T08:55:25","slug":"kuivainete-konteiner-karu-roostevaba-teras-600x600x600mm-adexa-ft6060s","status":"publish","type":"product","link":"https:\/\/adexa.ee\/en\/toode\/kuivainete-konteiner-karu-roostevaba-teras-600x600x600mm-adexa-ft6060s\/","title":{"rendered":"Kuivainete konteiner k\u00e4ru roostevaba teras 600x600x600mm | Adexa FT6060S"},"content":{"rendered":"<p>Professionaalne roostevabast terasest koostisosade konteiner neljal rattal. Selle k\u00e4ruriiuli kaaned on jagatud kaanedega, mis avanevad m\u00f5lemast otsast. V\u00e4ga mitmek\u00fclgne konteinerite k\u00e4ruriiul, mida saab restoranis, hotellis v\u00f5i baaris h\u00f5lpsasti kasutada mitmesugustel muudel eesm\u00e4rkidel.Materjal: roostevaba teras<\/p>\n<table style=\"border-collapse: collapse; width: 100%; text-align: left;\">\n<tbody>\n<tr>\n<td style=\"border: 1px solid #ddd; padding: 8px; width: 45%;\"><strong>S\u00fcgavus<\/strong><\/td>\n<td style=\"border: 1px solid #ddd; padding: 8px;\">600mm<\/td>\n<\/tr>\n<tr>\n<td style=\"border: 1px solid #ddd; padding: 8px; width: 45%;\"><strong>K\u00f5rgus<\/strong><\/td>\n<td style=\"border: 1px solid #ddd; padding: 8px;\">600mm<\/td>\n<\/tr>\n<tr>\n<td style=\"border: 1px solid #ddd; padding: 8px; width: 45%;\"><strong>Laius<\/strong><\/td>\n<td style=\"border: 1px solid #ddd; padding: 8px;\">600mm<\/td>\n<\/tr>\n<tr>\n<td style=\"border: 1px solid #ddd; padding: 8px; width: 45%;\"><strong>Kaal<\/strong><\/td>\n<td style=\"border: 1px solid #ddd; padding: 8px;\">43kg<\/td>\n<\/tr>\n<tr>\n<td style=\"border: 1px solid #ddd; padding: 8px; width: 45%;\"><strong>Garantii<\/strong><\/td>\n<td style=\"border: 1px solid #ddd; padding: 8px;\">12 kuu varuosade garantii<\/td>\n<\/tr>\n<tr>\n<td style=\"border: 1px solid #ddd; padding: 8px; width: 45%;\"><strong>Mahutavus<\/strong><\/td>\n<td style=\"border: 1px solid #ddd; padding: 8px;\">120 liitrit<\/td>\n<\/tr>\n<tr>\n<td style=\"border: 1px solid #ddd; padding: 8px; width: 45%;\"><strong>Rullikud<\/strong><\/td>\n<td style=\"border: 1px solid #ddd; padding: 8px;\">4 p\u00f6\u00f6rdratast<\/td>\n<\/tr>\n<tr>\n<td style=\"border: 1px solid #ddd; padding: 8px; width: 45%;\"><strong>Materjal<\/strong><\/td>\n<td style=\"border: 1px solid #ddd; padding: 8px;\">Roostevaba teras<\/td>\n<\/tr>\n<\/tbody>\n<\/table>\n","protected":false},"excerpt":{"rendered":"<p>Professionaalne roostevabast terasest koostisosade konteiner neljal rattal. Selle k\u00e4ruriiuli kaaned on jagatud kaanedega, mis avanevad m\u00f5lemast otsast. V\u00e4ga mitmek\u00fclgne konteinerite<\/p>\n","protected":false},"featured_media":16596,"template":"","meta":[],"product_brand":[],"product_cat":[623,665,664,666,572,586],"product_tag":[],"class_list":{"0":"post-16591","1":"product","2":"type-product","3":"status-publish","4":"has-post-thumbnail","6":"product_cat-karud","7":"product_cat-ladustamine-transport","8":"product_cat-pitsa-ja-grill","9":"product_cat-pitsa-ladustamine-ja-transport","10":"product_cat-roostevabad-tooted","11":"product_cat-serveerimine","13":"first","14":"instock","15":"sale","16":"taxable","17":"shipping-taxable","18":"purchasable","19":"product-type-simple"},"yoast_head":"<!-- This site is optimized with the Yoast SEO plugin v27.3 - https:\/\/yoast.com\/product\/yoast-seo-wordpress\/ -->\n<title>Kuivainete konteiner k\u00e4ru roostevaba teras 600x600x600mm | Adexa FT6060S - Adexa \u2013 Suurk\u00f6\u00f6giseadmed restoranidele ja toitlustusele<\/title>\n<meta name=\"robots\" content=\"index, follow, max-snippet:-1, max-image-preview:large, max-video-preview:-1\" \/>\n<link rel=\"canonical\" href=\"https:\/\/adexa.ee\/toode\/kuivainete-konteiner-karu-roostevaba-teras-600x600x600mm-adexa-ft6060s\/\" \/>\n<meta property=\"og:locale\" content=\"en_US\" \/>\n<meta property=\"og:type\" content=\"article\" \/>\n<meta property=\"og:title\" content=\"Kuivainete konteiner k\u00e4ru roostevaba teras 600x600x600mm | Adexa FT6060S - Adexa \u2013 Suurk\u00f6\u00f6giseadmed restoranidele ja toitlustusele\" \/>\n<meta property=\"og:description\" content=\"Professionaalne roostevabast terasest koostisosade konteiner neljal rattal. Selle k\u00e4ruriiuli kaaned on jagatud kaanedega, mis avanevad m\u00f5lemast otsast. V\u00e4ga mitmek\u00fclgne konteinerite\" \/>\n<meta property=\"og:url\" content=\"https:\/\/adexa.ee\/toode\/kuivainete-konteiner-karu-roostevaba-teras-600x600x600mm-adexa-ft6060s\/\" \/>\n<meta property=\"og:site_name\" content=\"Adexa \u2013 Suurk\u00f6\u00f6giseadmed restoranidele ja toitlustusele\" \/>\n<meta property=\"article:modified_time\" content=\"2026-03-26T08:55:25+00:00\" \/>\n<meta property=\"og:image\" content=\"https:\/\/adexa.ee\/wp-content\/uploads\/2024\/12\/FT6060S.jpg\" \/>\n\t<meta property=\"og:image:width\" content=\"2000\" \/>\n\t<meta property=\"og:image:height\" content=\"2000\" \/>\n\t<meta property=\"og:image:type\" content=\"image\/jpeg\" \/>\n<meta name=\"twitter:card\" content=\"summary_large_image\" \/>\n<script type=\"application\/ld+json\" class=\"yoast-schema-graph\">{\"@context\":\"https:\\\/\\\/schema.org\",\"@graph\":[{\"@type\":\"WebPage\",\"@id\":\"https:\\\/\\\/adexa.ee\\\/toode\\\/kuivainete-konteiner-karu-roostevaba-teras-600x600x600mm-adexa-ft6060s\\\/\",\"url\":\"https:\\\/\\\/adexa.ee\\\/toode\\\/kuivainete-konteiner-karu-roostevaba-teras-600x600x600mm-adexa-ft6060s\\\/\",\"name\":\"Kuivainete konteiner k\u00e4ru roostevaba teras 600x600x600mm | Adexa FT6060S - Adexa \u2013 Suurk\u00f6\u00f6giseadmed restoranidele ja toitlustusele\",\"isPartOf\":{\"@id\":\"https:\\\/\\\/adexa.ee\\\/#website\"},\"primaryImageOfPage\":{\"@id\":\"https:\\\/\\\/adexa.ee\\\/toode\\\/kuivainete-konteiner-karu-roostevaba-teras-600x600x600mm-adexa-ft6060s\\\/#primaryimage\"},\"image\":{\"@id\":\"https:\\\/\\\/adexa.ee\\\/toode\\\/kuivainete-konteiner-karu-roostevaba-teras-600x600x600mm-adexa-ft6060s\\\/#primaryimage\"},\"thumbnailUrl\":\"https:\\\/\\\/adexa.ee\\\/wp-content\\\/uploads\\\/2024\\\/12\\\/FT6060S.jpg\",\"datePublished\":\"2026-03-26T08:55:21+00:00\",\"dateModified\":\"2026-03-26T08:55:25+00:00\",\"breadcrumb\":{\"@id\":\"https:\\\/\\\/adexa.ee\\\/toode\\\/kuivainete-konteiner-karu-roostevaba-teras-600x600x600mm-adexa-ft6060s\\\/#breadcrumb\"},\"inLanguage\":\"en-US\",\"potentialAction\":[{\"@type\":\"ReadAction\",\"target\":[\"https:\\\/\\\/adexa.ee\\\/toode\\\/kuivainete-konteiner-karu-roostevaba-teras-600x600x600mm-adexa-ft6060s\\\/\"]}]},{\"@type\":\"ImageObject\",\"inLanguage\":\"en-US\",\"@id\":\"https:\\\/\\\/adexa.ee\\\/toode\\\/kuivainete-konteiner-karu-roostevaba-teras-600x600x600mm-adexa-ft6060s\\\/#primaryimage\",\"url\":\"https:\\\/\\\/adexa.ee\\\/wp-content\\\/uploads\\\/2024\\\/12\\\/FT6060S.jpg\",\"contentUrl\":\"https:\\\/\\\/adexa.ee\\\/wp-content\\\/uploads\\\/2024\\\/12\\\/FT6060S.jpg\",\"width\":2000,\"height\":2000},{\"@type\":\"BreadcrumbList\",\"@id\":\"https:\\\/\\\/adexa.ee\\\/toode\\\/kuivainete-konteiner-karu-roostevaba-teras-600x600x600mm-adexa-ft6060s\\\/#breadcrumb\",\"itemListElement\":[{\"@type\":\"ListItem\",\"position\":1,\"name\":\"Home\",\"item\":\"https:\\\/\\\/adexa.ee\\\/\"},{\"@type\":\"ListItem\",\"position\":2,\"name\":\"Tooted\",\"item\":\"https:\\\/\\\/adexa.ee\\\/pood\\\/\"},{\"@type\":\"ListItem\",\"position\":3,\"name\":\"Kuivainete konteiner k\u00e4ru roostevaba teras 600x600x600mm | Adexa FT6060S\"}]},{\"@type\":\"WebSite\",\"@id\":\"https:\\\/\\\/adexa.ee\\\/#website\",\"url\":\"https:\\\/\\\/adexa.ee\\\/\",\"name\":\"Adexa\",\"description\":\"\",\"publisher\":{\"@id\":\"https:\\\/\\\/adexa.ee\\\/#organization\"},\"potentialAction\":[{\"@type\":\"SearchAction\",\"target\":{\"@type\":\"EntryPoint\",\"urlTemplate\":\"https:\\\/\\\/adexa.ee\\\/?s={search_term_string}\"},\"query-input\":{\"@type\":\"PropertyValueSpecification\",\"valueRequired\":true,\"valueName\":\"search_term_string\"}}],\"inLanguage\":\"en-US\"},{\"@type\":\"Organization\",\"@id\":\"https:\\\/\\\/adexa.ee\\\/#organization\",\"name\":\"Adexa\",\"url\":\"https:\\\/\\\/adexa.ee\\\/\",\"logo\":{\"@type\":\"ImageObject\",\"inLanguage\":\"en-US\",\"@id\":\"https:\\\/\\\/adexa.ee\\\/#\\\/schema\\\/logo\\\/image\\\/\",\"url\":\"https:\\\/\\\/adexa.ee\\\/wp-content\\\/uploads\\\/2024\\\/04\\\/chef-cooks-working-in-professional-kitchen-2023-11-27-05-07-39-utc-scaled.jpg\",\"contentUrl\":\"https:\\\/\\\/adexa.ee\\\/wp-content\\\/uploads\\\/2024\\\/04\\\/chef-cooks-working-in-professional-kitchen-2023-11-27-05-07-39-utc-scaled.jpg\",\"width\":2560,\"height\":1708,\"caption\":\"Adexa\"},\"image\":{\"@id\":\"https:\\\/\\\/adexa.ee\\\/#\\\/schema\\\/logo\\\/image\\\/\"}}]}<\/script>\n<!-- \/ Yoast SEO plugin. -->","yoast_head_json":{"title":"Kuivainete konteiner k\u00e4ru roostevaba teras 600x600x600mm | Adexa FT6060S - Adexa \u2013 Suurk\u00f6\u00f6giseadmed restoranidele ja toitlustusele","robots":{"index":"index","follow":"follow","max-snippet":"max-snippet:-1","max-image-preview":"max-image-preview:large","max-video-preview":"max-video-preview:-1"},"canonical":"https:\/\/adexa.ee\/toode\/kuivainete-konteiner-karu-roostevaba-teras-600x600x600mm-adexa-ft6060s\/","og_locale":"en_US","og_type":"article","og_title":"Kuivainete konteiner k\u00e4ru roostevaba teras 600x600x600mm | Adexa FT6060S - Adexa \u2013 Suurk\u00f6\u00f6giseadmed restoranidele ja toitlustusele","og_description":"Professionaalne roostevabast terasest koostisosade konteiner neljal rattal. Selle k\u00e4ruriiuli kaaned on jagatud kaanedega, mis avanevad m\u00f5lemast otsast. V\u00e4ga mitmek\u00fclgne konteinerite","og_url":"https:\/\/adexa.ee\/toode\/kuivainete-konteiner-karu-roostevaba-teras-600x600x600mm-adexa-ft6060s\/","og_site_name":"Adexa \u2013 Suurk\u00f6\u00f6giseadmed restoranidele ja toitlustusele","article_modified_time":"2026-03-26T08:55:25+00:00","og_image":[{"width":2000,"height":2000,"url":"https:\/\/adexa.ee\/wp-content\/uploads\/2024\/12\/FT6060S.jpg","type":"image\/jpeg"}],"twitter_card":"summary_large_image","schema":{"@context":"https:\/\/schema.org","@graph":[{"@type":"WebPage","@id":"https:\/\/adexa.ee\/toode\/kuivainete-konteiner-karu-roostevaba-teras-600x600x600mm-adexa-ft6060s\/","url":"https:\/\/adexa.ee\/toode\/kuivainete-konteiner-karu-roostevaba-teras-600x600x600mm-adexa-ft6060s\/","name":"Kuivainete konteiner k\u00e4ru roostevaba teras 600x600x600mm | Adexa FT6060S - Adexa \u2013 Suurk\u00f6\u00f6giseadmed restoranidele ja toitlustusele","isPartOf":{"@id":"https:\/\/adexa.ee\/#website"},"primaryImageOfPage":{"@id":"https:\/\/adexa.ee\/toode\/kuivainete-konteiner-karu-roostevaba-teras-600x600x600mm-adexa-ft6060s\/#primaryimage"},"image":{"@id":"https:\/\/adexa.ee\/toode\/kuivainete-konteiner-karu-roostevaba-teras-600x600x600mm-adexa-ft6060s\/#primaryimage"},"thumbnailUrl":"https:\/\/adexa.ee\/wp-content\/uploads\/2024\/12\/FT6060S.jpg","datePublished":"2026-03-26T08:55:21+00:00","dateModified":"2026-03-26T08:55:25+00:00","breadcrumb":{"@id":"https:\/\/adexa.ee\/toode\/kuivainete-konteiner-karu-roostevaba-teras-600x600x600mm-adexa-ft6060s\/#breadcrumb"},"inLanguage":"en-US","potentialAction":[{"@type":"ReadAction","target":["https:\/\/adexa.ee\/toode\/kuivainete-konteiner-karu-roostevaba-teras-600x600x600mm-adexa-ft6060s\/"]}]},{"@type":"ImageObject","inLanguage":"en-US","@id":"https:\/\/adexa.ee\/toode\/kuivainete-konteiner-karu-roostevaba-teras-600x600x600mm-adexa-ft6060s\/#primaryimage","url":"https:\/\/adexa.ee\/wp-content\/uploads\/2024\/12\/FT6060S.jpg","contentUrl":"https:\/\/adexa.ee\/wp-content\/uploads\/2024\/12\/FT6060S.jpg","width":2000,"height":2000},{"@type":"BreadcrumbList","@id":"https:\/\/adexa.ee\/toode\/kuivainete-konteiner-karu-roostevaba-teras-600x600x600mm-adexa-ft6060s\/#breadcrumb","itemListElement":[{"@type":"ListItem","position":1,"name":"Home","item":"https:\/\/adexa.ee\/"},{"@type":"ListItem","position":2,"name":"Tooted","item":"https:\/\/adexa.ee\/pood\/"},{"@type":"ListItem","position":3,"name":"Kuivainete konteiner k\u00e4ru roostevaba teras 600x600x600mm | Adexa FT6060S"}]},{"@type":"WebSite","@id":"https:\/\/adexa.ee\/#website","url":"https:\/\/adexa.ee\/","name":"Adexa","description":"","publisher":{"@id":"https:\/\/adexa.ee\/#organization"},"potentialAction":[{"@type":"SearchAction","target":{"@type":"EntryPoint","urlTemplate":"https:\/\/adexa.ee\/?s={search_term_string}"},"query-input":{"@type":"PropertyValueSpecification","valueRequired":true,"valueName":"search_term_string"}}],"inLanguage":"en-US"},{"@type":"Organization","@id":"https:\/\/adexa.ee\/#organization","name":"Adexa","url":"https:\/\/adexa.ee\/","logo":{"@type":"ImageObject","inLanguage":"en-US","@id":"https:\/\/adexa.ee\/#\/schema\/logo\/image\/","url":"https:\/\/adexa.ee\/wp-content\/uploads\/2024\/04\/chef-cooks-working-in-professional-kitchen-2023-11-27-05-07-39-utc-scaled.jpg","contentUrl":"https:\/\/adexa.ee\/wp-content\/uploads\/2024\/04\/chef-cooks-working-in-professional-kitchen-2023-11-27-05-07-39-utc-scaled.jpg","width":2560,"height":1708,"caption":"Adexa"},"image":{"@id":"https:\/\/adexa.ee\/#\/schema\/logo\/image\/"}}]}},"_links":{"self":[{"href":"https:\/\/adexa.ee\/en\/wp-json\/wp\/v2\/product\/16591","targetHints":{"allow":["GET"]}}],"collection":[{"href":"https:\/\/adexa.ee\/en\/wp-json\/wp\/v2\/product"}],"about":[{"href":"https:\/\/adexa.ee\/en\/wp-json\/wp\/v2\/types\/product"}],"wp:featuredmedia":[{"embeddable":true,"href":"https:\/\/adexa.ee\/en\/wp-json\/wp\/v2\/media\/16596"}],"wp:attachment":[{"href":"https:\/\/adexa.ee\/en\/wp-json\/wp\/v2\/media?parent=16591"}],"wp:term":[{"taxonomy":"product_brand","embeddable":true,"href":"https:\/\/adexa.ee\/en\/wp-json\/wp\/v2\/product_brand?post=16591"},{"taxonomy":"product_cat","embeddable":true,"href":"https:\/\/adexa.ee\/en\/wp-json\/wp\/v2\/product_cat?post=16591"},{"taxonomy":"product_tag","embeddable":true,"href":"https:\/\/adexa.ee\/en\/wp-json\/wp\/v2\/product_tag?post=16591"}],"curies":[{"name":"wp","href":"https:\/\/api.w.org\/{rel}","templated":true}]}}