{"id":16601,"date":"2026-03-26T10:55:21","date_gmt":"2026-03-26T08:55:21","guid":{"rendered":"https:\/\/adexa.ee\/toode\/b-kirje-kaubanduslik-kulmik-pustikapp-685-liitrit-roostevaba-teras-uksik-uks-gn2-1-ventileeritud-jahutus-adexa-r650v-b-grade\/"},"modified":"2026-03-26T10:55:26","modified_gmt":"2026-03-26T08:55:26","slug":"b-kirje-kulmik-pustikapp-685-liitrit-roostevaba-teras-uksik-uks-gn2-1-ventileeritud-jahutus-adexa-r650v-b-grade","status":"publish","type":"product","link":"https:\/\/adexa.ee\/en\/toode\/b-kirje-kulmik-pustikapp-685-liitrit-roostevaba-teras-uksik-uks-gn2-1-ventileeritud-jahutus-adexa-r650v-b-grade\/","title":{"rendered":"B KIRJE K\u00fclmik P\u00fcstikapp 685 liitrit Roostevaba teras \u00dcksik uks GN2\/1 Ventileeritud jahutus | Adexa R650V B GRADE"},"content":{"rendered":"<p>B KIRJE ese transportkahjustustega, m\u00f5lgid, kriimud. Eset pole kunagi kasutatud. L\u00e4binud kvaliteedikontrolli ja on t\u00f6\u00f6korras. Toote pilt on ainult illustratsiooniks, mitte p\u00e4ris toode. TAGASTUSI EI V\u00d5ETA \u00dcLE OOTAME tarneaeg 5-6 t\u00f6\u00f6p\u00e4eva. Premium kommertsk\u00fclmik restoranidele, hotellidele ja teistele keskmise kuni suuremahuliste toitlustusasutustele. Hetkel suur sooduspakkumine. CFK vaba k\u00fclmutusagens ja vaht. Ventileeritud k\u00fclmutus optimaalse \u00f5huringluse tagamiseks. T\u00e4ielik sise- ja v\u00e4liskonstruktsioon AISI 304 roostevabast terasest \u00fcmarate sisemiste servadega lihtsaks puhastamiseks. 60 mm isolatsiooni paksus parema energiat\u00f5hususe tagamiseks. Automaatne sulatus ja kondensvee automaatne aurustumine. Elektrooniline termostaat ja digitaalne LED temperatuuri n\u00e4idik t\u00e4pseks juhtimiseks ja lihtsaks lugemiseks. Ise sulguv uks. Magnettihendit saab vahetada ilma t\u00f6\u00f6riistadeta. Riiulid ja riiulitoed on kavandatud mahutama 2 x GN1\/1 salve v\u00f5i konteinerit. Rattad kaasas. V\u00e4lism\u00f5\u00f5tmed: 740 x 830 x 2010 mm. Sisem\u00f5\u00f5tmed: 624 x 700 x 1397 mm. Mahutavus: 685 liitrit. Temperatuur: -2C kuni +8C. 3 riiulit. Toiteallikas: 230V \/ 1N \/ 50Hz. Standardne Suurbritannia pistik paigaldatud. Dokumendid Kliki siia, et alla laadida Kasutusjuhend.<\/p>\n<table style=\"border-collapse: collapse; width: 100%; text-align: left;\">\n<tbody>\n<tr>\n<td style=\"border: 1px solid #ddd; padding: 8px; width: 45%;\"><strong>S\u00fcgavus<\/strong><\/td>\n<td style=\"border: 1px solid #ddd; padding: 8px;\">830 mm<\/td>\n<\/tr>\n<tr>\n<td style=\"border: 1px solid #ddd; padding: 8px; width: 45%;\"><strong>K\u00f5rgus<\/strong><\/td>\n<td style=\"border: 1px solid #ddd; padding: 8px;\">2010 mm<\/td>\n<\/tr>\n<tr>\n<td style=\"border: 1px solid #ddd; padding: 8px; width: 45%;\"><strong>Laius<\/strong><\/td>\n<td style=\"border: 1px solid #ddd; padding: 8px;\">740 mm<\/td>\n<\/tr>\n<tr>\n<td style=\"border: 1px solid #ddd; padding: 8px; width: 45%;\"><strong>Garantii<\/strong><\/td>\n<td style=\"border: 1px solid #ddd; padding: 8px;\">Garantii puudub. Tagastust ei toimu.<\/td>\n<\/tr>\n<tr>\n<td style=\"border: 1px solid #ddd; padding: 8px; width: 45%;\"><strong>Mahutavus<\/strong><\/td>\n<td style=\"border: 1px solid #ddd; padding: 8px;\">685 liitrit<\/td>\n<\/tr>\n<tr>\n<td style=\"border: 1px solid #ddd; padding: 8px; width: 45%;\"><strong>Toiteallikas<\/strong><\/td>\n<td style=\"border: 1px solid #ddd; padding: 8px;\">230V \/ 1 faas<\/td>\n<\/tr>\n<tr>\n<td style=\"border: 1px solid #ddd; padding: 8px; width: 45%;\"><strong>Riiulid<\/strong><\/td>\n<td style=\"border: 1px solid #ddd; padding: 8px;\">3<\/td>\n<\/tr>\n<tr>\n<td style=\"border: 1px solid #ddd; padding: 8px; width: 45%;\"><strong>K\u00f5rgus (sisemine)<\/strong><\/td>\n<td style=\"border: 1px solid #ddd; padding: 8px;\">1397 mm<\/td>\n<\/tr>\n<tr>\n<td style=\"border: 1px solid #ddd; padding: 8px; width: 45%;\"><strong>Temperatuur<\/strong><\/td>\n<td style=\"border: 1px solid #ddd; padding: 8px;\">0\u00b0C kuni +8\u00b0C<\/td>\n<\/tr>\n<tr>\n<td style=\"border: 1px solid #ddd; padding: 8px; width: 45%;\"><strong>Laius (sisemine)<\/strong><\/td>\n<td style=\"border: 1px solid #ddd; padding: 8px;\">624 mm<\/td>\n<\/tr>\n<tr>\n<td style=\"border: 1px solid #ddd; padding: 8px; width: 45%;\"><strong>S\u00fcgavus (sisemine)<\/strong><\/td>\n<td style=\"border: 1px solid #ddd; padding: 8px;\">700mm<\/td>\n<\/tr>\n<\/tbody>\n<\/table>\n","protected":false},"excerpt":{"rendered":"<p>B KIRJE ese transportkahjustustega, m\u00f5lgid, kriimud. Eset pole kunagi kasutatud. L\u00e4binud kvaliteedikontrolli ja on t\u00f6\u00f6korras. Toote pilt on ainult illustratsiooniks,<\/p>\n","protected":false},"featured_media":16603,"template":"","meta":[],"product_brand":[],"product_cat":[889,569,913],"product_tag":[],"class_list":{"0":"post-16601","1":"product","2":"type-product","3":"status-publish","4":"has-post-thumbnail","6":"product_cat-kasutatud-ja-taastatud-seadmed","7":"product_cat-lopumuuk","8":"product_cat-remonditud-seadmed","10":"first","11":"onbackorder","12":"sale","13":"taxable","14":"shipping-taxable","15":"purchasable","16":"product-type-simple"},"yoast_head":"<!-- This site is optimized with the Yoast SEO plugin v27.3 - https:\/\/yoast.com\/product\/yoast-seo-wordpress\/ -->\n<title>B KIRJE K\u00fclmik P\u00fcstikapp 685 liitrit Roostevaba teras \u00dcksik uks GN2\/1 Ventileeritud jahutus | Adexa R650V B GRADE - Adexa \u2013 Suurk\u00f6\u00f6giseadmed restoranidele ja toitlustusele<\/title>\n<meta name=\"robots\" content=\"index, follow, max-snippet:-1, max-image-preview:large, max-video-preview:-1\" \/>\n<link rel=\"canonical\" href=\"https:\/\/adexa.ee\/toode\/b-kirje-kulmik-pustikapp-685-liitrit-roostevaba-teras-uksik-uks-gn2-1-ventileeritud-jahutus-adexa-r650v-b-grade\/\" \/>\n<meta property=\"og:locale\" content=\"en_US\" \/>\n<meta property=\"og:type\" content=\"article\" \/>\n<meta property=\"og:title\" content=\"B KIRJE K\u00fclmik P\u00fcstikapp 685 liitrit Roostevaba teras \u00dcksik uks GN2\/1 Ventileeritud jahutus | Adexa R650V B GRADE - Adexa \u2013 Suurk\u00f6\u00f6giseadmed restoranidele ja toitlustusele\" \/>\n<meta property=\"og:description\" content=\"B KIRJE ese transportkahjustustega, m\u00f5lgid, kriimud. Eset pole kunagi kasutatud. L\u00e4binud kvaliteedikontrolli ja on t\u00f6\u00f6korras. Toote pilt on ainult illustratsiooniks,\" \/>\n<meta property=\"og:url\" content=\"https:\/\/adexa.ee\/toode\/b-kirje-kulmik-pustikapp-685-liitrit-roostevaba-teras-uksik-uks-gn2-1-ventileeritud-jahutus-adexa-r650v-b-grade\/\" \/>\n<meta property=\"og:site_name\" content=\"Adexa \u2013 Suurk\u00f6\u00f6giseadmed restoranidele ja toitlustusele\" \/>\n<meta property=\"article:modified_time\" content=\"2026-03-26T08:55:26+00:00\" \/>\n<meta property=\"og:image\" content=\"https:\/\/adexa.ee\/wp-content\/uploads\/2024\/12\/GN600TNV.jpg\" \/>\n\t<meta property=\"og:image:width\" content=\"1110\" \/>\n\t<meta property=\"og:image:height\" content=\"1110\" \/>\n\t<meta property=\"og:image:type\" content=\"image\/jpeg\" \/>\n<meta name=\"twitter:card\" content=\"summary_large_image\" \/>\n<meta name=\"twitter:label1\" content=\"Est. reading time\" \/>\n\t<meta name=\"twitter:data1\" content=\"1 minute\" \/>\n<script type=\"application\/ld+json\" class=\"yoast-schema-graph\">{\"@context\":\"https:\\\/\\\/schema.org\",\"@graph\":[{\"@type\":\"WebPage\",\"@id\":\"https:\\\/\\\/adexa.ee\\\/toode\\\/b-kirje-kulmik-pustikapp-685-liitrit-roostevaba-teras-uksik-uks-gn2-1-ventileeritud-jahutus-adexa-r650v-b-grade\\\/\",\"url\":\"https:\\\/\\\/adexa.ee\\\/toode\\\/b-kirje-kulmik-pustikapp-685-liitrit-roostevaba-teras-uksik-uks-gn2-1-ventileeritud-jahutus-adexa-r650v-b-grade\\\/\",\"name\":\"B KIRJE K\u00fclmik P\u00fcstikapp 685 liitrit Roostevaba teras \u00dcksik uks GN2\\\/1 Ventileeritud jahutus | Adexa R650V B GRADE - Adexa \u2013 Suurk\u00f6\u00f6giseadmed restoranidele ja toitlustusele\",\"isPartOf\":{\"@id\":\"https:\\\/\\\/adexa.ee\\\/#website\"},\"primaryImageOfPage\":{\"@id\":\"https:\\\/\\\/adexa.ee\\\/toode\\\/b-kirje-kulmik-pustikapp-685-liitrit-roostevaba-teras-uksik-uks-gn2-1-ventileeritud-jahutus-adexa-r650v-b-grade\\\/#primaryimage\"},\"image\":{\"@id\":\"https:\\\/\\\/adexa.ee\\\/toode\\\/b-kirje-kulmik-pustikapp-685-liitrit-roostevaba-teras-uksik-uks-gn2-1-ventileeritud-jahutus-adexa-r650v-b-grade\\\/#primaryimage\"},\"thumbnailUrl\":\"https:\\\/\\\/adexa.ee\\\/wp-content\\\/uploads\\\/2024\\\/12\\\/GN600TNV.jpg\",\"datePublished\":\"2026-03-26T08:55:21+00:00\",\"dateModified\":\"2026-03-26T08:55:26+00:00\",\"breadcrumb\":{\"@id\":\"https:\\\/\\\/adexa.ee\\\/toode\\\/b-kirje-kulmik-pustikapp-685-liitrit-roostevaba-teras-uksik-uks-gn2-1-ventileeritud-jahutus-adexa-r650v-b-grade\\\/#breadcrumb\"},\"inLanguage\":\"en-US\",\"potentialAction\":[{\"@type\":\"ReadAction\",\"target\":[\"https:\\\/\\\/adexa.ee\\\/toode\\\/b-kirje-kulmik-pustikapp-685-liitrit-roostevaba-teras-uksik-uks-gn2-1-ventileeritud-jahutus-adexa-r650v-b-grade\\\/\"]}]},{\"@type\":\"ImageObject\",\"inLanguage\":\"en-US\",\"@id\":\"https:\\\/\\\/adexa.ee\\\/toode\\\/b-kirje-kulmik-pustikapp-685-liitrit-roostevaba-teras-uksik-uks-gn2-1-ventileeritud-jahutus-adexa-r650v-b-grade\\\/#primaryimage\",\"url\":\"https:\\\/\\\/adexa.ee\\\/wp-content\\\/uploads\\\/2024\\\/12\\\/GN600TNV.jpg\",\"contentUrl\":\"https:\\\/\\\/adexa.ee\\\/wp-content\\\/uploads\\\/2024\\\/12\\\/GN600TNV.jpg\",\"width\":1110,\"height\":1110},{\"@type\":\"BreadcrumbList\",\"@id\":\"https:\\\/\\\/adexa.ee\\\/toode\\\/b-kirje-kulmik-pustikapp-685-liitrit-roostevaba-teras-uksik-uks-gn2-1-ventileeritud-jahutus-adexa-r650v-b-grade\\\/#breadcrumb\",\"itemListElement\":[{\"@type\":\"ListItem\",\"position\":1,\"name\":\"Home\",\"item\":\"https:\\\/\\\/adexa.ee\\\/\"},{\"@type\":\"ListItem\",\"position\":2,\"name\":\"Tooted\",\"item\":\"https:\\\/\\\/adexa.ee\\\/pood\\\/\"},{\"@type\":\"ListItem\",\"position\":3,\"name\":\"B KIRJE K\u00fclmik P\u00fcstikapp 685 liitrit Roostevaba teras \u00dcksik uks GN2\\\/1 Ventileeritud jahutus | Adexa R650V B GRADE\"}]},{\"@type\":\"WebSite\",\"@id\":\"https:\\\/\\\/adexa.ee\\\/#website\",\"url\":\"https:\\\/\\\/adexa.ee\\\/\",\"name\":\"Adexa\",\"description\":\"\",\"publisher\":{\"@id\":\"https:\\\/\\\/adexa.ee\\\/#organization\"},\"potentialAction\":[{\"@type\":\"SearchAction\",\"target\":{\"@type\":\"EntryPoint\",\"urlTemplate\":\"https:\\\/\\\/adexa.ee\\\/?s={search_term_string}\"},\"query-input\":{\"@type\":\"PropertyValueSpecification\",\"valueRequired\":true,\"valueName\":\"search_term_string\"}}],\"inLanguage\":\"en-US\"},{\"@type\":\"Organization\",\"@id\":\"https:\\\/\\\/adexa.ee\\\/#organization\",\"name\":\"Adexa\",\"url\":\"https:\\\/\\\/adexa.ee\\\/\",\"logo\":{\"@type\":\"ImageObject\",\"inLanguage\":\"en-US\",\"@id\":\"https:\\\/\\\/adexa.ee\\\/#\\\/schema\\\/logo\\\/image\\\/\",\"url\":\"https:\\\/\\\/adexa.ee\\\/wp-content\\\/uploads\\\/2024\\\/04\\\/chef-cooks-working-in-professional-kitchen-2023-11-27-05-07-39-utc-scaled.jpg\",\"contentUrl\":\"https:\\\/\\\/adexa.ee\\\/wp-content\\\/uploads\\\/2024\\\/04\\\/chef-cooks-working-in-professional-kitchen-2023-11-27-05-07-39-utc-scaled.jpg\",\"width\":2560,\"height\":1708,\"caption\":\"Adexa\"},\"image\":{\"@id\":\"https:\\\/\\\/adexa.ee\\\/#\\\/schema\\\/logo\\\/image\\\/\"}}]}<\/script>\n<!-- \/ Yoast SEO plugin. -->","yoast_head_json":{"title":"B KIRJE K\u00fclmik P\u00fcstikapp 685 liitrit Roostevaba teras \u00dcksik uks GN2\/1 Ventileeritud jahutus | Adexa R650V B GRADE - Adexa \u2013 Suurk\u00f6\u00f6giseadmed restoranidele ja toitlustusele","robots":{"index":"index","follow":"follow","max-snippet":"max-snippet:-1","max-image-preview":"max-image-preview:large","max-video-preview":"max-video-preview:-1"},"canonical":"https:\/\/adexa.ee\/toode\/b-kirje-kulmik-pustikapp-685-liitrit-roostevaba-teras-uksik-uks-gn2-1-ventileeritud-jahutus-adexa-r650v-b-grade\/","og_locale":"en_US","og_type":"article","og_title":"B KIRJE K\u00fclmik P\u00fcstikapp 685 liitrit Roostevaba teras \u00dcksik uks GN2\/1 Ventileeritud jahutus | Adexa R650V B GRADE - Adexa \u2013 Suurk\u00f6\u00f6giseadmed restoranidele ja toitlustusele","og_description":"B KIRJE ese transportkahjustustega, m\u00f5lgid, kriimud. Eset pole kunagi kasutatud. L\u00e4binud kvaliteedikontrolli ja on t\u00f6\u00f6korras. Toote pilt on ainult illustratsiooniks,","og_url":"https:\/\/adexa.ee\/toode\/b-kirje-kulmik-pustikapp-685-liitrit-roostevaba-teras-uksik-uks-gn2-1-ventileeritud-jahutus-adexa-r650v-b-grade\/","og_site_name":"Adexa \u2013 Suurk\u00f6\u00f6giseadmed restoranidele ja toitlustusele","article_modified_time":"2026-03-26T08:55:26+00:00","og_image":[{"width":1110,"height":1110,"url":"https:\/\/adexa.ee\/wp-content\/uploads\/2024\/12\/GN600TNV.jpg","type":"image\/jpeg"}],"twitter_card":"summary_large_image","twitter_misc":{"Est. reading time":"1 minute"},"schema":{"@context":"https:\/\/schema.org","@graph":[{"@type":"WebPage","@id":"https:\/\/adexa.ee\/toode\/b-kirje-kulmik-pustikapp-685-liitrit-roostevaba-teras-uksik-uks-gn2-1-ventileeritud-jahutus-adexa-r650v-b-grade\/","url":"https:\/\/adexa.ee\/toode\/b-kirje-kulmik-pustikapp-685-liitrit-roostevaba-teras-uksik-uks-gn2-1-ventileeritud-jahutus-adexa-r650v-b-grade\/","name":"B KIRJE K\u00fclmik P\u00fcstikapp 685 liitrit Roostevaba teras \u00dcksik uks GN2\/1 Ventileeritud jahutus | Adexa R650V B GRADE - Adexa \u2013 Suurk\u00f6\u00f6giseadmed restoranidele ja toitlustusele","isPartOf":{"@id":"https:\/\/adexa.ee\/#website"},"primaryImageOfPage":{"@id":"https:\/\/adexa.ee\/toode\/b-kirje-kulmik-pustikapp-685-liitrit-roostevaba-teras-uksik-uks-gn2-1-ventileeritud-jahutus-adexa-r650v-b-grade\/#primaryimage"},"image":{"@id":"https:\/\/adexa.ee\/toode\/b-kirje-kulmik-pustikapp-685-liitrit-roostevaba-teras-uksik-uks-gn2-1-ventileeritud-jahutus-adexa-r650v-b-grade\/#primaryimage"},"thumbnailUrl":"https:\/\/adexa.ee\/wp-content\/uploads\/2024\/12\/GN600TNV.jpg","datePublished":"2026-03-26T08:55:21+00:00","dateModified":"2026-03-26T08:55:26+00:00","breadcrumb":{"@id":"https:\/\/adexa.ee\/toode\/b-kirje-kulmik-pustikapp-685-liitrit-roostevaba-teras-uksik-uks-gn2-1-ventileeritud-jahutus-adexa-r650v-b-grade\/#breadcrumb"},"inLanguage":"en-US","potentialAction":[{"@type":"ReadAction","target":["https:\/\/adexa.ee\/toode\/b-kirje-kulmik-pustikapp-685-liitrit-roostevaba-teras-uksik-uks-gn2-1-ventileeritud-jahutus-adexa-r650v-b-grade\/"]}]},{"@type":"ImageObject","inLanguage":"en-US","@id":"https:\/\/adexa.ee\/toode\/b-kirje-kulmik-pustikapp-685-liitrit-roostevaba-teras-uksik-uks-gn2-1-ventileeritud-jahutus-adexa-r650v-b-grade\/#primaryimage","url":"https:\/\/adexa.ee\/wp-content\/uploads\/2024\/12\/GN600TNV.jpg","contentUrl":"https:\/\/adexa.ee\/wp-content\/uploads\/2024\/12\/GN600TNV.jpg","width":1110,"height":1110},{"@type":"BreadcrumbList","@id":"https:\/\/adexa.ee\/toode\/b-kirje-kulmik-pustikapp-685-liitrit-roostevaba-teras-uksik-uks-gn2-1-ventileeritud-jahutus-adexa-r650v-b-grade\/#breadcrumb","itemListElement":[{"@type":"ListItem","position":1,"name":"Home","item":"https:\/\/adexa.ee\/"},{"@type":"ListItem","position":2,"name":"Tooted","item":"https:\/\/adexa.ee\/pood\/"},{"@type":"ListItem","position":3,"name":"B KIRJE K\u00fclmik P\u00fcstikapp 685 liitrit Roostevaba teras \u00dcksik uks GN2\/1 Ventileeritud jahutus | Adexa R650V B GRADE"}]},{"@type":"WebSite","@id":"https:\/\/adexa.ee\/#website","url":"https:\/\/adexa.ee\/","name":"Adexa","description":"","publisher":{"@id":"https:\/\/adexa.ee\/#organization"},"potentialAction":[{"@type":"SearchAction","target":{"@type":"EntryPoint","urlTemplate":"https:\/\/adexa.ee\/?s={search_term_string}"},"query-input":{"@type":"PropertyValueSpecification","valueRequired":true,"valueName":"search_term_string"}}],"inLanguage":"en-US"},{"@type":"Organization","@id":"https:\/\/adexa.ee\/#organization","name":"Adexa","url":"https:\/\/adexa.ee\/","logo":{"@type":"ImageObject","inLanguage":"en-US","@id":"https:\/\/adexa.ee\/#\/schema\/logo\/image\/","url":"https:\/\/adexa.ee\/wp-content\/uploads\/2024\/04\/chef-cooks-working-in-professional-kitchen-2023-11-27-05-07-39-utc-scaled.jpg","contentUrl":"https:\/\/adexa.ee\/wp-content\/uploads\/2024\/04\/chef-cooks-working-in-professional-kitchen-2023-11-27-05-07-39-utc-scaled.jpg","width":2560,"height":1708,"caption":"Adexa"},"image":{"@id":"https:\/\/adexa.ee\/#\/schema\/logo\/image\/"}}]}},"_links":{"self":[{"href":"https:\/\/adexa.ee\/en\/wp-json\/wp\/v2\/product\/16601","targetHints":{"allow":["GET"]}}],"collection":[{"href":"https:\/\/adexa.ee\/en\/wp-json\/wp\/v2\/product"}],"about":[{"href":"https:\/\/adexa.ee\/en\/wp-json\/wp\/v2\/types\/product"}],"wp:featuredmedia":[{"embeddable":true,"href":"https:\/\/adexa.ee\/en\/wp-json\/wp\/v2\/media\/16603"}],"wp:attachment":[{"href":"https:\/\/adexa.ee\/en\/wp-json\/wp\/v2\/media?parent=16601"}],"wp:term":[{"taxonomy":"product_brand","embeddable":true,"href":"https:\/\/adexa.ee\/en\/wp-json\/wp\/v2\/product_brand?post=16601"},{"taxonomy":"product_cat","embeddable":true,"href":"https:\/\/adexa.ee\/en\/wp-json\/wp\/v2\/product_cat?post=16601"},{"taxonomy":"product_tag","embeddable":true,"href":"https:\/\/adexa.ee\/en\/wp-json\/wp\/v2\/product_tag?post=16601"}],"curies":[{"name":"wp","href":"https:\/\/api.w.org\/{rel}","templated":true}]}}