{"id":16604,"date":"2026-03-26T10:55:26","date_gmt":"2026-03-26T08:55:26","guid":{"rendered":"https:\/\/adexa.ee\/toode\/kambriga-vaakumpakendamise-masin-topelt-tihendusribaga-14-liitrit-adexa-sv041\/"},"modified":"2026-03-26T10:55:27","modified_gmt":"2026-03-26T08:55:27","slug":"vaakumpakendaja-topelt-tihendusribaga-14-liitrit-adexa-sv041","status":"publish","type":"product","link":"https:\/\/adexa.ee\/en\/toode\/vaakumpakendaja-topelt-tihendusribaga-14-liitrit-adexa-sv041\/","title":{"rendered":"Vaakumpakendaja  topelt tihendusribaga 14 liitrit | Adexa SV041"},"content":{"rendered":"<p>See kommertskasutuseks m\u00f5eldud kambriga vaakumpakendamise masin on lihtne kasutada, erakordselt usaldusv\u00e4\u00e4rne ja pakub suurt tootlikkust. See professionaalne vaakumpakendaja sulgeb koheselt toidu v\u00f5i vedeliku korras, kergesti hoiustatavatesse pakkidesse, ning valmistab toitu ette jahtumiseks, k\u00fclmutamiseks v\u00f5i k\u00fcpsetamiseks t\u00e4pseks jaotamiseks. Vaakum- ja sulgemisfunktsioonid on kohandatavad ning p\u00e4rast sulgemist on vaakumkotid ideaalsed kasutamiseks sous vide veevannis. Vaateaken v\u00f5imaldab toitu v\u00f5i vedelikku vaakumprotsessi ajal j\u00e4lgida ning roostevabast terasest konstruktsioon teeb selle masina erakordselt h\u00fcgieeniliseks ja lihtsasti puhastatavaks. Kambri suurus: 445x440x75mm Tihendusriba (pikkus ja laius): 400x10mm (topelt) Kaugus tihendusribade vahel: 445x310x75mm Sulgemisv\u00f5imsus: 1800-2200W T\u00f6\u00f6pinge: 230V\/1 faas Masina m\u00f5\u00f5tmed: 570x500x950mm Pakendi m\u00f5\u00f5tmed: 530x460x510mm Palun vaadake jaotist &#8220;Spetsifikatsioon&#8221; \u00fcksikasjaliku teabe saamiseks.<\/p>\n<table style=\"border-collapse: collapse; width: 100%; text-align: left;\">\n<tbody>\n<tr>\n<td style=\"border: 1px solid #ddd; padding: 8px; width: 45%;\"><strong>S\u00fcgavus<\/strong><\/td>\n<td style=\"border: 1px solid #ddd; padding: 8px;\">500mm<\/td>\n<\/tr>\n<tr>\n<td style=\"border: 1px solid #ddd; padding: 8px; width: 45%;\"><strong>K\u00f5rgus<\/strong><\/td>\n<td style=\"border: 1px solid #ddd; padding: 8px;\">950 mm<\/td>\n<\/tr>\n<tr>\n<td style=\"border: 1px solid #ddd; padding: 8px; width: 45%;\"><strong>Laius<\/strong><\/td>\n<td style=\"border: 1px solid #ddd; padding: 8px;\">570mm<\/td>\n<\/tr>\n<tr>\n<td style=\"border: 1px solid #ddd; padding: 8px; width: 45%;\"><strong>Kaal<\/strong><\/td>\n<td style=\"border: 1px solid #ddd; padding: 8px;\">93 kg<\/td>\n<\/tr>\n<tr>\n<td style=\"border: 1px solid #ddd; padding: 8px; width: 45%;\"><strong>Garantii<\/strong><\/td>\n<td style=\"border: 1px solid #ddd; padding: 8px;\">12 kuu varuosade garantii<\/td>\n<\/tr>\n<tr>\n<td style=\"border: 1px solid #ddd; padding: 8px; width: 45%;\"><strong>Toiteallikas<\/strong><\/td>\n<td style=\"border: 1px solid #ddd; padding: 8px;\">230 V \/ 1 faas<\/td>\n<\/tr>\n<tr>\n<td style=\"border: 1px solid #ddd; padding: 8px; width: 45%;\"><strong>Keevisvarras<\/strong><\/td>\n<td style=\"border: 1px solid #ddd; padding: 8px;\">400&#215;10 mm (kahekordne)<\/td>\n<\/tr>\n<tr>\n<td style=\"border: 1px solid #ddd; padding: 8px; width: 45%;\"><strong>M\u00f5\u00f5tmed (kamber)<\/strong><\/td>\n<td style=\"border: 1px solid #ddd; padding: 8px;\">445x440x75 mm<\/td>\n<\/tr>\n<tr>\n<td style=\"border: 1px solid #ddd; padding: 8px; width: 45%;\"><strong>V\u00f5imsus (pump)<\/strong><\/td>\n<td style=\"border: 1px solid #ddd; padding: 8px;\">750W<\/td>\n<\/tr>\n<tr>\n<td style=\"border: 1px solid #ddd; padding: 8px; width: 45%;\"><strong>V\u00f5imsus (pitseerimine)<\/strong><\/td>\n<td style=\"border: 1px solid #ddd; padding: 8px;\">1800 &#8211; 2200W<\/td>\n<\/tr>\n<tr>\n<td style=\"border: 1px solid #ddd; padding: 8px; width: 45%;\"><strong>Aeg (pitseerimine)<\/strong><\/td>\n<td style=\"border: 1px solid #ddd; padding: 8px;\">10 kuni 30 sekundit<\/td>\n<\/tr>\n<\/tbody>\n<\/table>\n","protected":false},"excerpt":{"rendered":"<p>See kommertskasutuseks m\u00f5eldud kambriga vaakumpakendamise masin on lihtne kasutada, erakordselt usaldusv\u00e4\u00e4rne ja pakub suurt tootlikkust. See professionaalne vaakumpakendaja sulgeb koheselt<\/p>\n","protected":false},"featured_media":16607,"template":"","meta":[],"product_brand":[],"product_cat":[889],"product_tag":[],"class_list":{"0":"post-16604","1":"product","2":"type-product","3":"status-publish","4":"has-post-thumbnail","6":"product_cat-kasutatud-ja-taastatud-seadmed","8":"first","9":"onbackorder","10":"sale","11":"taxable","12":"shipping-taxable","13":"purchasable","14":"product-type-simple"},"yoast_head":"<!-- This site is optimized with the Yoast SEO plugin v27.3 - https:\/\/yoast.com\/product\/yoast-seo-wordpress\/ -->\n<title>Vaakumpakendaja topelt tihendusribaga 14 liitrit | Adexa SV041 - Adexa \u2013 Suurk\u00f6\u00f6giseadmed restoranidele ja toitlustusele<\/title>\n<meta name=\"robots\" content=\"index, follow, max-snippet:-1, max-image-preview:large, max-video-preview:-1\" \/>\n<link rel=\"canonical\" href=\"https:\/\/adexa.ee\/toode\/vaakumpakendaja-topelt-tihendusribaga-14-liitrit-adexa-sv041\/\" \/>\n<meta property=\"og:locale\" content=\"en_US\" \/>\n<meta property=\"og:type\" content=\"article\" \/>\n<meta property=\"og:title\" content=\"Vaakumpakendaja topelt tihendusribaga 14 liitrit | Adexa SV041 - Adexa \u2013 Suurk\u00f6\u00f6giseadmed restoranidele ja toitlustusele\" \/>\n<meta property=\"og:description\" content=\"See kommertskasutuseks m\u00f5eldud kambriga vaakumpakendamise masin on lihtne kasutada, erakordselt usaldusv\u00e4\u00e4rne ja pakub suurt tootlikkust. See professionaalne vaakumpakendaja sulgeb koheselt\" \/>\n<meta property=\"og:url\" content=\"https:\/\/adexa.ee\/toode\/vaakumpakendaja-topelt-tihendusribaga-14-liitrit-adexa-sv041\/\" \/>\n<meta property=\"og:site_name\" content=\"Adexa \u2013 Suurk\u00f6\u00f6giseadmed restoranidele ja toitlustusele\" \/>\n<meta property=\"article:modified_time\" content=\"2026-03-26T08:55:27+00:00\" \/>\n<meta property=\"og:image\" content=\"https:\/\/adexa.ee\/wp-content\/uploads\/2024\/12\/SV041-4-scaled.jpg\" \/>\n\t<meta property=\"og:image:width\" content=\"2560\" \/>\n\t<meta property=\"og:image:height\" content=\"2560\" \/>\n\t<meta property=\"og:image:type\" content=\"image\/jpeg\" \/>\n<meta name=\"twitter:card\" content=\"summary_large_image\" \/>\n<meta name=\"twitter:label1\" content=\"Est. reading time\" \/>\n\t<meta name=\"twitter:data1\" content=\"1 minute\" \/>\n<script type=\"application\/ld+json\" class=\"yoast-schema-graph\">{\"@context\":\"https:\\\/\\\/schema.org\",\"@graph\":[{\"@type\":\"WebPage\",\"@id\":\"https:\\\/\\\/adexa.ee\\\/toode\\\/vaakumpakendaja-topelt-tihendusribaga-14-liitrit-adexa-sv041\\\/\",\"url\":\"https:\\\/\\\/adexa.ee\\\/toode\\\/vaakumpakendaja-topelt-tihendusribaga-14-liitrit-adexa-sv041\\\/\",\"name\":\"Vaakumpakendaja topelt tihendusribaga 14 liitrit | Adexa SV041 - Adexa \u2013 Suurk\u00f6\u00f6giseadmed restoranidele ja toitlustusele\",\"isPartOf\":{\"@id\":\"https:\\\/\\\/adexa.ee\\\/#website\"},\"primaryImageOfPage\":{\"@id\":\"https:\\\/\\\/adexa.ee\\\/toode\\\/vaakumpakendaja-topelt-tihendusribaga-14-liitrit-adexa-sv041\\\/#primaryimage\"},\"image\":{\"@id\":\"https:\\\/\\\/adexa.ee\\\/toode\\\/vaakumpakendaja-topelt-tihendusribaga-14-liitrit-adexa-sv041\\\/#primaryimage\"},\"thumbnailUrl\":\"https:\\\/\\\/adexa.ee\\\/wp-content\\\/uploads\\\/2024\\\/12\\\/SV041-4-scaled.jpg\",\"datePublished\":\"2026-03-26T08:55:26+00:00\",\"dateModified\":\"2026-03-26T08:55:27+00:00\",\"breadcrumb\":{\"@id\":\"https:\\\/\\\/adexa.ee\\\/toode\\\/vaakumpakendaja-topelt-tihendusribaga-14-liitrit-adexa-sv041\\\/#breadcrumb\"},\"inLanguage\":\"en-US\",\"potentialAction\":[{\"@type\":\"ReadAction\",\"target\":[\"https:\\\/\\\/adexa.ee\\\/toode\\\/vaakumpakendaja-topelt-tihendusribaga-14-liitrit-adexa-sv041\\\/\"]}]},{\"@type\":\"ImageObject\",\"inLanguage\":\"en-US\",\"@id\":\"https:\\\/\\\/adexa.ee\\\/toode\\\/vaakumpakendaja-topelt-tihendusribaga-14-liitrit-adexa-sv041\\\/#primaryimage\",\"url\":\"https:\\\/\\\/adexa.ee\\\/wp-content\\\/uploads\\\/2024\\\/12\\\/SV041-4-scaled.jpg\",\"contentUrl\":\"https:\\\/\\\/adexa.ee\\\/wp-content\\\/uploads\\\/2024\\\/12\\\/SV041-4-scaled.jpg\",\"width\":2560,\"height\":2560},{\"@type\":\"BreadcrumbList\",\"@id\":\"https:\\\/\\\/adexa.ee\\\/toode\\\/vaakumpakendaja-topelt-tihendusribaga-14-liitrit-adexa-sv041\\\/#breadcrumb\",\"itemListElement\":[{\"@type\":\"ListItem\",\"position\":1,\"name\":\"Home\",\"item\":\"https:\\\/\\\/adexa.ee\\\/\"},{\"@type\":\"ListItem\",\"position\":2,\"name\":\"Tooted\",\"item\":\"https:\\\/\\\/adexa.ee\\\/pood\\\/\"},{\"@type\":\"ListItem\",\"position\":3,\"name\":\"Vaakumpakendaja topelt tihendusribaga 14 liitrit | Adexa SV041\"}]},{\"@type\":\"WebSite\",\"@id\":\"https:\\\/\\\/adexa.ee\\\/#website\",\"url\":\"https:\\\/\\\/adexa.ee\\\/\",\"name\":\"Adexa\",\"description\":\"\",\"publisher\":{\"@id\":\"https:\\\/\\\/adexa.ee\\\/#organization\"},\"potentialAction\":[{\"@type\":\"SearchAction\",\"target\":{\"@type\":\"EntryPoint\",\"urlTemplate\":\"https:\\\/\\\/adexa.ee\\\/?s={search_term_string}\"},\"query-input\":{\"@type\":\"PropertyValueSpecification\",\"valueRequired\":true,\"valueName\":\"search_term_string\"}}],\"inLanguage\":\"en-US\"},{\"@type\":\"Organization\",\"@id\":\"https:\\\/\\\/adexa.ee\\\/#organization\",\"name\":\"Adexa\",\"url\":\"https:\\\/\\\/adexa.ee\\\/\",\"logo\":{\"@type\":\"ImageObject\",\"inLanguage\":\"en-US\",\"@id\":\"https:\\\/\\\/adexa.ee\\\/#\\\/schema\\\/logo\\\/image\\\/\",\"url\":\"https:\\\/\\\/adexa.ee\\\/wp-content\\\/uploads\\\/2024\\\/04\\\/chef-cooks-working-in-professional-kitchen-2023-11-27-05-07-39-utc-scaled.jpg\",\"contentUrl\":\"https:\\\/\\\/adexa.ee\\\/wp-content\\\/uploads\\\/2024\\\/04\\\/chef-cooks-working-in-professional-kitchen-2023-11-27-05-07-39-utc-scaled.jpg\",\"width\":2560,\"height\":1708,\"caption\":\"Adexa\"},\"image\":{\"@id\":\"https:\\\/\\\/adexa.ee\\\/#\\\/schema\\\/logo\\\/image\\\/\"}}]}<\/script>\n<!-- \/ Yoast SEO plugin. -->","yoast_head_json":{"title":"Vaakumpakendaja topelt tihendusribaga 14 liitrit | Adexa SV041 - Adexa \u2013 Suurk\u00f6\u00f6giseadmed restoranidele ja toitlustusele","robots":{"index":"index","follow":"follow","max-snippet":"max-snippet:-1","max-image-preview":"max-image-preview:large","max-video-preview":"max-video-preview:-1"},"canonical":"https:\/\/adexa.ee\/toode\/vaakumpakendaja-topelt-tihendusribaga-14-liitrit-adexa-sv041\/","og_locale":"en_US","og_type":"article","og_title":"Vaakumpakendaja topelt tihendusribaga 14 liitrit | Adexa SV041 - Adexa \u2013 Suurk\u00f6\u00f6giseadmed restoranidele ja toitlustusele","og_description":"See kommertskasutuseks m\u00f5eldud kambriga vaakumpakendamise masin on lihtne kasutada, erakordselt usaldusv\u00e4\u00e4rne ja pakub suurt tootlikkust. See professionaalne vaakumpakendaja sulgeb koheselt","og_url":"https:\/\/adexa.ee\/toode\/vaakumpakendaja-topelt-tihendusribaga-14-liitrit-adexa-sv041\/","og_site_name":"Adexa \u2013 Suurk\u00f6\u00f6giseadmed restoranidele ja toitlustusele","article_modified_time":"2026-03-26T08:55:27+00:00","og_image":[{"width":2560,"height":2560,"url":"https:\/\/adexa.ee\/wp-content\/uploads\/2024\/12\/SV041-4-scaled.jpg","type":"image\/jpeg"}],"twitter_card":"summary_large_image","twitter_misc":{"Est. reading time":"1 minute"},"schema":{"@context":"https:\/\/schema.org","@graph":[{"@type":"WebPage","@id":"https:\/\/adexa.ee\/toode\/vaakumpakendaja-topelt-tihendusribaga-14-liitrit-adexa-sv041\/","url":"https:\/\/adexa.ee\/toode\/vaakumpakendaja-topelt-tihendusribaga-14-liitrit-adexa-sv041\/","name":"Vaakumpakendaja topelt tihendusribaga 14 liitrit | Adexa SV041 - Adexa \u2013 Suurk\u00f6\u00f6giseadmed restoranidele ja toitlustusele","isPartOf":{"@id":"https:\/\/adexa.ee\/#website"},"primaryImageOfPage":{"@id":"https:\/\/adexa.ee\/toode\/vaakumpakendaja-topelt-tihendusribaga-14-liitrit-adexa-sv041\/#primaryimage"},"image":{"@id":"https:\/\/adexa.ee\/toode\/vaakumpakendaja-topelt-tihendusribaga-14-liitrit-adexa-sv041\/#primaryimage"},"thumbnailUrl":"https:\/\/adexa.ee\/wp-content\/uploads\/2024\/12\/SV041-4-scaled.jpg","datePublished":"2026-03-26T08:55:26+00:00","dateModified":"2026-03-26T08:55:27+00:00","breadcrumb":{"@id":"https:\/\/adexa.ee\/toode\/vaakumpakendaja-topelt-tihendusribaga-14-liitrit-adexa-sv041\/#breadcrumb"},"inLanguage":"en-US","potentialAction":[{"@type":"ReadAction","target":["https:\/\/adexa.ee\/toode\/vaakumpakendaja-topelt-tihendusribaga-14-liitrit-adexa-sv041\/"]}]},{"@type":"ImageObject","inLanguage":"en-US","@id":"https:\/\/adexa.ee\/toode\/vaakumpakendaja-topelt-tihendusribaga-14-liitrit-adexa-sv041\/#primaryimage","url":"https:\/\/adexa.ee\/wp-content\/uploads\/2024\/12\/SV041-4-scaled.jpg","contentUrl":"https:\/\/adexa.ee\/wp-content\/uploads\/2024\/12\/SV041-4-scaled.jpg","width":2560,"height":2560},{"@type":"BreadcrumbList","@id":"https:\/\/adexa.ee\/toode\/vaakumpakendaja-topelt-tihendusribaga-14-liitrit-adexa-sv041\/#breadcrumb","itemListElement":[{"@type":"ListItem","position":1,"name":"Home","item":"https:\/\/adexa.ee\/"},{"@type":"ListItem","position":2,"name":"Tooted","item":"https:\/\/adexa.ee\/pood\/"},{"@type":"ListItem","position":3,"name":"Vaakumpakendaja topelt tihendusribaga 14 liitrit | Adexa SV041"}]},{"@type":"WebSite","@id":"https:\/\/adexa.ee\/#website","url":"https:\/\/adexa.ee\/","name":"Adexa","description":"","publisher":{"@id":"https:\/\/adexa.ee\/#organization"},"potentialAction":[{"@type":"SearchAction","target":{"@type":"EntryPoint","urlTemplate":"https:\/\/adexa.ee\/?s={search_term_string}"},"query-input":{"@type":"PropertyValueSpecification","valueRequired":true,"valueName":"search_term_string"}}],"inLanguage":"en-US"},{"@type":"Organization","@id":"https:\/\/adexa.ee\/#organization","name":"Adexa","url":"https:\/\/adexa.ee\/","logo":{"@type":"ImageObject","inLanguage":"en-US","@id":"https:\/\/adexa.ee\/#\/schema\/logo\/image\/","url":"https:\/\/adexa.ee\/wp-content\/uploads\/2024\/04\/chef-cooks-working-in-professional-kitchen-2023-11-27-05-07-39-utc-scaled.jpg","contentUrl":"https:\/\/adexa.ee\/wp-content\/uploads\/2024\/04\/chef-cooks-working-in-professional-kitchen-2023-11-27-05-07-39-utc-scaled.jpg","width":2560,"height":1708,"caption":"Adexa"},"image":{"@id":"https:\/\/adexa.ee\/#\/schema\/logo\/image\/"}}]}},"_links":{"self":[{"href":"https:\/\/adexa.ee\/en\/wp-json\/wp\/v2\/product\/16604","targetHints":{"allow":["GET"]}}],"collection":[{"href":"https:\/\/adexa.ee\/en\/wp-json\/wp\/v2\/product"}],"about":[{"href":"https:\/\/adexa.ee\/en\/wp-json\/wp\/v2\/types\/product"}],"wp:featuredmedia":[{"embeddable":true,"href":"https:\/\/adexa.ee\/en\/wp-json\/wp\/v2\/media\/16607"}],"wp:attachment":[{"href":"https:\/\/adexa.ee\/en\/wp-json\/wp\/v2\/media?parent=16604"}],"wp:term":[{"taxonomy":"product_brand","embeddable":true,"href":"https:\/\/adexa.ee\/en\/wp-json\/wp\/v2\/product_brand?post=16604"},{"taxonomy":"product_cat","embeddable":true,"href":"https:\/\/adexa.ee\/en\/wp-json\/wp\/v2\/product_cat?post=16604"},{"taxonomy":"product_tag","embeddable":true,"href":"https:\/\/adexa.ee\/en\/wp-json\/wp\/v2\/product_tag?post=16604"}],"curies":[{"name":"wp","href":"https:\/\/api.w.org\/{rel}","templated":true}]}}