{"id":16677,"date":"2026-03-26T10:55:26","date_gmt":"2026-03-26T08:55:26","guid":{"rendered":"https:\/\/adexa.ee\/toode\/kaupmehe-kraanikauss-jaatmeavadega-roostevaba-teras-1200x600x900mm-1-kauss-vasakul-pritsmekaitse-adexa-whstd1270l\/"},"modified":"2026-03-26T10:55:30","modified_gmt":"2026-03-26T08:55:30","slug":"valamu-jaatmeavadega-roostevaba-teras-1200x600x900mm-1-kauss-vasakul-pritsmekaitse-adexa-whstd1270l","status":"publish","type":"product","link":"https:\/\/adexa.ee\/en\/toode\/valamu-jaatmeavadega-roostevaba-teras-1200x600x900mm-1-kauss-vasakul-pritsmekaitse-adexa-whstd1270l\/","title":{"rendered":"Valamu j\u00e4\u00e4tmeavadega roostevaba teras 1200x600x900mm 1 kauss vasakul pritsmekaitse | Adexa WHSTD1270L"},"content":{"rendered":"<p>Vaadake \u00fcksikasjaliku teabe saamiseks jaotist &#8220;Spetsifikatsioon&#8221;.<\/p>\n<table style=\"border-collapse: collapse; width: 100%; text-align: left;\">\n<tbody>\n<tr>\n<td style=\"border: 1px solid #ddd; padding: 8px; width: 45%;\"><strong>S\u00fcgavus<\/strong><\/td>\n<td style=\"border: 1px solid #ddd; padding: 8px;\">700mm<\/td>\n<\/tr>\n<tr>\n<td style=\"border: 1px solid #ddd; padding: 8px; width: 45%;\"><strong>K\u00f5rgus<\/strong><\/td>\n<td style=\"border: 1px solid #ddd; padding: 8px;\">900mm<\/td>\n<\/tr>\n<tr>\n<td style=\"border: 1px solid #ddd; padding: 8px; width: 45%;\"><strong>Laius<\/strong><\/td>\n<td style=\"border: 1px solid #ddd; padding: 8px;\">1200 mm<\/td>\n<\/tr>\n<tr>\n<td style=\"border: 1px solid #ddd; padding: 8px; width: 45%;\"><strong>Kaal<\/strong><\/td>\n<td style=\"border: 1px solid #ddd; padding: 8px;\">22kg<\/td>\n<\/tr>\n<tr>\n<td style=\"border: 1px solid #ddd; padding: 8px; width: 45%;\"><strong>Garantii<\/strong><\/td>\n<td style=\"border: 1px solid #ddd; padding: 8px;\">12 kuu varuosade garantii<\/td>\n<\/tr>\n<tr>\n<td style=\"border: 1px solid #ddd; padding: 8px; width: 45%;\"><strong>Kokku panemine<\/strong><\/td>\n<td style=\"border: 1px solid #ddd; padding: 8px;\">Lammutatud<\/td>\n<\/tr>\n<tr>\n<td style=\"border: 1px solid #ddd; padding: 8px; width: 45%;\"><strong>S\u00fcgavus (valamu kauss)<\/strong><\/td>\n<td style=\"border: 1px solid #ddd; padding: 8px;\">500mm<\/td>\n<\/tr>\n<tr>\n<td style=\"border: 1px solid #ddd; padding: 8px; width: 45%;\"><strong>K\u00f5rgus (valamu kauss)<\/strong><\/td>\n<td style=\"border: 1px solid #ddd; padding: 8px;\">300mm<\/td>\n<\/tr>\n<tr>\n<td style=\"border: 1px solid #ddd; padding: 8px; width: 45%;\"><strong>Laius (valamu kauss)<\/strong><\/td>\n<td style=\"border: 1px solid #ddd; padding: 8px;\">500mm<\/td>\n<\/tr>\n<tr>\n<td style=\"border: 1px solid #ddd; padding: 8px; width: 45%;\"><strong>Kausi asukoht<\/strong><\/td>\n<td style=\"border: 1px solid #ddd; padding: 8px;\">Vasak<\/td>\n<\/tr>\n<tr>\n<td style=\"border: 1px solid #ddd; padding: 8px; width: 45%;\"><strong>Jalad<\/strong><\/td>\n<td style=\"border: 1px solid #ddd; padding: 8px;\">Reguleeritavad jalad<\/td>\n<\/tr>\n<tr>\n<td style=\"border: 1px solid #ddd; padding: 8px; width: 45%;\"><strong>Materjal<\/strong><\/td>\n<td style=\"border: 1px solid #ddd; padding: 8px;\">Roostevaba teras<\/td>\n<\/tr>\n<tr>\n<td style=\"border: 1px solid #ddd; padding: 8px; width: 45%;\"><strong>Valamu kausid<\/strong><\/td>\n<td style=\"border: 1px solid #ddd; padding: 8px;\">1<\/td>\n<\/tr>\n<tr>\n<td style=\"border: 1px solid #ddd; padding: 8px; width: 45%;\"><strong>Pritsekaitse<\/strong><\/td>\n<td style=\"border: 1px solid #ddd; padding: 8px;\">50 mm<\/td>\n<\/tr>\n<tr>\n<td style=\"border: 1px solid #ddd; padding: 8px; width: 45%;\"><strong>L\u00e4bim\u00f5\u00f5t<\/strong><\/td>\n<td style=\"border: 1px solid #ddd; padding: 8px;\">3,5&#8221; \/ 89 mm (\u00e4ravooluava) \/ 32 mm (segistiava)<\/td>\n<\/tr>\n<\/tbody>\n<\/table>\n","protected":false},"excerpt":{"rendered":"<p>Vaadake \u00fcksikasjaliku teabe saamiseks jaotist &#8220;Spetsifikatsioon&#8221;. S\u00fcgavus 700mm K\u00f5rgus 900mm Laius 1200 mm Kaal 22kg Garantii 12 kuu varuosade garantii<\/p>\n","protected":false},"featured_media":16669,"template":"","meta":[],"product_brand":[],"product_cat":[575,572,573],"product_tag":[],"class_list":{"0":"post-16677","1":"product","2":"type-product","3":"status-publish","4":"has-post-thumbnail","6":"product_cat-700-mm-uhe-valamuga","7":"product_cat-roostevabad-tooted","8":"product_cat-uhesed-ja-kahesed-valamud","10":"first","11":"instock","12":"sale","13":"taxable","14":"shipping-taxable","15":"purchasable","16":"product-type-simple"},"yoast_head":"<!-- This site is optimized with the Yoast SEO plugin v27.3 - https:\/\/yoast.com\/product\/yoast-seo-wordpress\/ -->\n<title>Valamu j\u00e4\u00e4tmeavadega roostevaba teras 1200x600x900mm 1 kauss vasakul pritsmekaitse | Adexa WHSTD1270L - Adexa \u2013 Suurk\u00f6\u00f6giseadmed restoranidele ja toitlustusele<\/title>\n<meta name=\"robots\" content=\"index, follow, max-snippet:-1, max-image-preview:large, max-video-preview:-1\" \/>\n<link rel=\"canonical\" href=\"https:\/\/adexa.ee\/toode\/valamu-jaatmeavadega-roostevaba-teras-1200x600x900mm-1-kauss-vasakul-pritsmekaitse-adexa-whstd1270l\/\" \/>\n<meta property=\"og:locale\" content=\"en_US\" \/>\n<meta property=\"og:type\" content=\"article\" \/>\n<meta property=\"og:title\" content=\"Valamu j\u00e4\u00e4tmeavadega roostevaba teras 1200x600x900mm 1 kauss vasakul pritsmekaitse | Adexa WHSTD1270L - Adexa \u2013 Suurk\u00f6\u00f6giseadmed restoranidele ja toitlustusele\" \/>\n<meta property=\"og:description\" content=\"Vaadake \u00fcksikasjaliku teabe saamiseks jaotist &#8220;Spetsifikatsioon&#8221;. S\u00fcgavus 700mm K\u00f5rgus 900mm Laius 1200 mm Kaal 22kg Garantii 12 kuu varuosade garantii\" \/>\n<meta property=\"og:url\" content=\"https:\/\/adexa.ee\/toode\/valamu-jaatmeavadega-roostevaba-teras-1200x600x900mm-1-kauss-vasakul-pritsmekaitse-adexa-whstd1270l\/\" \/>\n<meta property=\"og:site_name\" content=\"Adexa \u2013 Suurk\u00f6\u00f6giseadmed restoranidele ja toitlustusele\" \/>\n<meta property=\"article:modified_time\" content=\"2026-03-26T08:55:30+00:00\" \/>\n<meta property=\"og:image\" content=\"https:\/\/adexa.ee\/wp-content\/uploads\/2024\/12\/WHSTD120L.jpg\" \/>\n\t<meta property=\"og:image:width\" content=\"1450\" \/>\n\t<meta property=\"og:image:height\" content=\"1450\" \/>\n\t<meta property=\"og:image:type\" content=\"image\/jpeg\" \/>\n<meta name=\"twitter:card\" content=\"summary_large_image\" \/>\n<script type=\"application\/ld+json\" class=\"yoast-schema-graph\">{\"@context\":\"https:\\\/\\\/schema.org\",\"@graph\":[{\"@type\":\"WebPage\",\"@id\":\"https:\\\/\\\/adexa.ee\\\/toode\\\/valamu-jaatmeavadega-roostevaba-teras-1200x600x900mm-1-kauss-vasakul-pritsmekaitse-adexa-whstd1270l\\\/\",\"url\":\"https:\\\/\\\/adexa.ee\\\/toode\\\/valamu-jaatmeavadega-roostevaba-teras-1200x600x900mm-1-kauss-vasakul-pritsmekaitse-adexa-whstd1270l\\\/\",\"name\":\"Valamu j\u00e4\u00e4tmeavadega roostevaba teras 1200x600x900mm 1 kauss vasakul pritsmekaitse | Adexa WHSTD1270L - Adexa \u2013 Suurk\u00f6\u00f6giseadmed restoranidele ja toitlustusele\",\"isPartOf\":{\"@id\":\"https:\\\/\\\/adexa.ee\\\/#website\"},\"primaryImageOfPage\":{\"@id\":\"https:\\\/\\\/adexa.ee\\\/toode\\\/valamu-jaatmeavadega-roostevaba-teras-1200x600x900mm-1-kauss-vasakul-pritsmekaitse-adexa-whstd1270l\\\/#primaryimage\"},\"image\":{\"@id\":\"https:\\\/\\\/adexa.ee\\\/toode\\\/valamu-jaatmeavadega-roostevaba-teras-1200x600x900mm-1-kauss-vasakul-pritsmekaitse-adexa-whstd1270l\\\/#primaryimage\"},\"thumbnailUrl\":\"https:\\\/\\\/adexa.ee\\\/wp-content\\\/uploads\\\/2024\\\/12\\\/WHSTD120L.jpg\",\"datePublished\":\"2026-03-26T08:55:26+00:00\",\"dateModified\":\"2026-03-26T08:55:30+00:00\",\"breadcrumb\":{\"@id\":\"https:\\\/\\\/adexa.ee\\\/toode\\\/valamu-jaatmeavadega-roostevaba-teras-1200x600x900mm-1-kauss-vasakul-pritsmekaitse-adexa-whstd1270l\\\/#breadcrumb\"},\"inLanguage\":\"en-US\",\"potentialAction\":[{\"@type\":\"ReadAction\",\"target\":[\"https:\\\/\\\/adexa.ee\\\/toode\\\/valamu-jaatmeavadega-roostevaba-teras-1200x600x900mm-1-kauss-vasakul-pritsmekaitse-adexa-whstd1270l\\\/\"]}]},{\"@type\":\"ImageObject\",\"inLanguage\":\"en-US\",\"@id\":\"https:\\\/\\\/adexa.ee\\\/toode\\\/valamu-jaatmeavadega-roostevaba-teras-1200x600x900mm-1-kauss-vasakul-pritsmekaitse-adexa-whstd1270l\\\/#primaryimage\",\"url\":\"https:\\\/\\\/adexa.ee\\\/wp-content\\\/uploads\\\/2024\\\/12\\\/WHSTD120L.jpg\",\"contentUrl\":\"https:\\\/\\\/adexa.ee\\\/wp-content\\\/uploads\\\/2024\\\/12\\\/WHSTD120L.jpg\",\"width\":1450,\"height\":1450},{\"@type\":\"BreadcrumbList\",\"@id\":\"https:\\\/\\\/adexa.ee\\\/toode\\\/valamu-jaatmeavadega-roostevaba-teras-1200x600x900mm-1-kauss-vasakul-pritsmekaitse-adexa-whstd1270l\\\/#breadcrumb\",\"itemListElement\":[{\"@type\":\"ListItem\",\"position\":1,\"name\":\"Home\",\"item\":\"https:\\\/\\\/adexa.ee\\\/\"},{\"@type\":\"ListItem\",\"position\":2,\"name\":\"Tooted\",\"item\":\"https:\\\/\\\/adexa.ee\\\/pood\\\/\"},{\"@type\":\"ListItem\",\"position\":3,\"name\":\"Valamu j\u00e4\u00e4tmeavadega roostevaba teras 1200x600x900mm 1 kauss vasakul pritsmekaitse | Adexa WHSTD1270L\"}]},{\"@type\":\"WebSite\",\"@id\":\"https:\\\/\\\/adexa.ee\\\/#website\",\"url\":\"https:\\\/\\\/adexa.ee\\\/\",\"name\":\"Adexa\",\"description\":\"\",\"publisher\":{\"@id\":\"https:\\\/\\\/adexa.ee\\\/#organization\"},\"potentialAction\":[{\"@type\":\"SearchAction\",\"target\":{\"@type\":\"EntryPoint\",\"urlTemplate\":\"https:\\\/\\\/adexa.ee\\\/?s={search_term_string}\"},\"query-input\":{\"@type\":\"PropertyValueSpecification\",\"valueRequired\":true,\"valueName\":\"search_term_string\"}}],\"inLanguage\":\"en-US\"},{\"@type\":\"Organization\",\"@id\":\"https:\\\/\\\/adexa.ee\\\/#organization\",\"name\":\"Adexa\",\"url\":\"https:\\\/\\\/adexa.ee\\\/\",\"logo\":{\"@type\":\"ImageObject\",\"inLanguage\":\"en-US\",\"@id\":\"https:\\\/\\\/adexa.ee\\\/#\\\/schema\\\/logo\\\/image\\\/\",\"url\":\"https:\\\/\\\/adexa.ee\\\/wp-content\\\/uploads\\\/2024\\\/04\\\/chef-cooks-working-in-professional-kitchen-2023-11-27-05-07-39-utc-scaled.jpg\",\"contentUrl\":\"https:\\\/\\\/adexa.ee\\\/wp-content\\\/uploads\\\/2024\\\/04\\\/chef-cooks-working-in-professional-kitchen-2023-11-27-05-07-39-utc-scaled.jpg\",\"width\":2560,\"height\":1708,\"caption\":\"Adexa\"},\"image\":{\"@id\":\"https:\\\/\\\/adexa.ee\\\/#\\\/schema\\\/logo\\\/image\\\/\"}}]}<\/script>\n<!-- \/ Yoast SEO plugin. -->","yoast_head_json":{"title":"Valamu j\u00e4\u00e4tmeavadega roostevaba teras 1200x600x900mm 1 kauss vasakul pritsmekaitse | Adexa WHSTD1270L - Adexa \u2013 Suurk\u00f6\u00f6giseadmed restoranidele ja toitlustusele","robots":{"index":"index","follow":"follow","max-snippet":"max-snippet:-1","max-image-preview":"max-image-preview:large","max-video-preview":"max-video-preview:-1"},"canonical":"https:\/\/adexa.ee\/toode\/valamu-jaatmeavadega-roostevaba-teras-1200x600x900mm-1-kauss-vasakul-pritsmekaitse-adexa-whstd1270l\/","og_locale":"en_US","og_type":"article","og_title":"Valamu j\u00e4\u00e4tmeavadega roostevaba teras 1200x600x900mm 1 kauss vasakul pritsmekaitse | Adexa WHSTD1270L - Adexa \u2013 Suurk\u00f6\u00f6giseadmed restoranidele ja toitlustusele","og_description":"Vaadake \u00fcksikasjaliku teabe saamiseks jaotist &#8220;Spetsifikatsioon&#8221;. S\u00fcgavus 700mm K\u00f5rgus 900mm Laius 1200 mm Kaal 22kg Garantii 12 kuu varuosade garantii","og_url":"https:\/\/adexa.ee\/toode\/valamu-jaatmeavadega-roostevaba-teras-1200x600x900mm-1-kauss-vasakul-pritsmekaitse-adexa-whstd1270l\/","og_site_name":"Adexa \u2013 Suurk\u00f6\u00f6giseadmed restoranidele ja toitlustusele","article_modified_time":"2026-03-26T08:55:30+00:00","og_image":[{"width":1450,"height":1450,"url":"https:\/\/adexa.ee\/wp-content\/uploads\/2024\/12\/WHSTD120L.jpg","type":"image\/jpeg"}],"twitter_card":"summary_large_image","schema":{"@context":"https:\/\/schema.org","@graph":[{"@type":"WebPage","@id":"https:\/\/adexa.ee\/toode\/valamu-jaatmeavadega-roostevaba-teras-1200x600x900mm-1-kauss-vasakul-pritsmekaitse-adexa-whstd1270l\/","url":"https:\/\/adexa.ee\/toode\/valamu-jaatmeavadega-roostevaba-teras-1200x600x900mm-1-kauss-vasakul-pritsmekaitse-adexa-whstd1270l\/","name":"Valamu j\u00e4\u00e4tmeavadega roostevaba teras 1200x600x900mm 1 kauss vasakul pritsmekaitse | Adexa WHSTD1270L - Adexa \u2013 Suurk\u00f6\u00f6giseadmed restoranidele ja toitlustusele","isPartOf":{"@id":"https:\/\/adexa.ee\/#website"},"primaryImageOfPage":{"@id":"https:\/\/adexa.ee\/toode\/valamu-jaatmeavadega-roostevaba-teras-1200x600x900mm-1-kauss-vasakul-pritsmekaitse-adexa-whstd1270l\/#primaryimage"},"image":{"@id":"https:\/\/adexa.ee\/toode\/valamu-jaatmeavadega-roostevaba-teras-1200x600x900mm-1-kauss-vasakul-pritsmekaitse-adexa-whstd1270l\/#primaryimage"},"thumbnailUrl":"https:\/\/adexa.ee\/wp-content\/uploads\/2024\/12\/WHSTD120L.jpg","datePublished":"2026-03-26T08:55:26+00:00","dateModified":"2026-03-26T08:55:30+00:00","breadcrumb":{"@id":"https:\/\/adexa.ee\/toode\/valamu-jaatmeavadega-roostevaba-teras-1200x600x900mm-1-kauss-vasakul-pritsmekaitse-adexa-whstd1270l\/#breadcrumb"},"inLanguage":"en-US","potentialAction":[{"@type":"ReadAction","target":["https:\/\/adexa.ee\/toode\/valamu-jaatmeavadega-roostevaba-teras-1200x600x900mm-1-kauss-vasakul-pritsmekaitse-adexa-whstd1270l\/"]}]},{"@type":"ImageObject","inLanguage":"en-US","@id":"https:\/\/adexa.ee\/toode\/valamu-jaatmeavadega-roostevaba-teras-1200x600x900mm-1-kauss-vasakul-pritsmekaitse-adexa-whstd1270l\/#primaryimage","url":"https:\/\/adexa.ee\/wp-content\/uploads\/2024\/12\/WHSTD120L.jpg","contentUrl":"https:\/\/adexa.ee\/wp-content\/uploads\/2024\/12\/WHSTD120L.jpg","width":1450,"height":1450},{"@type":"BreadcrumbList","@id":"https:\/\/adexa.ee\/toode\/valamu-jaatmeavadega-roostevaba-teras-1200x600x900mm-1-kauss-vasakul-pritsmekaitse-adexa-whstd1270l\/#breadcrumb","itemListElement":[{"@type":"ListItem","position":1,"name":"Home","item":"https:\/\/adexa.ee\/"},{"@type":"ListItem","position":2,"name":"Tooted","item":"https:\/\/adexa.ee\/pood\/"},{"@type":"ListItem","position":3,"name":"Valamu j\u00e4\u00e4tmeavadega roostevaba teras 1200x600x900mm 1 kauss vasakul pritsmekaitse | Adexa WHSTD1270L"}]},{"@type":"WebSite","@id":"https:\/\/adexa.ee\/#website","url":"https:\/\/adexa.ee\/","name":"Adexa","description":"","publisher":{"@id":"https:\/\/adexa.ee\/#organization"},"potentialAction":[{"@type":"SearchAction","target":{"@type":"EntryPoint","urlTemplate":"https:\/\/adexa.ee\/?s={search_term_string}"},"query-input":{"@type":"PropertyValueSpecification","valueRequired":true,"valueName":"search_term_string"}}],"inLanguage":"en-US"},{"@type":"Organization","@id":"https:\/\/adexa.ee\/#organization","name":"Adexa","url":"https:\/\/adexa.ee\/","logo":{"@type":"ImageObject","inLanguage":"en-US","@id":"https:\/\/adexa.ee\/#\/schema\/logo\/image\/","url":"https:\/\/adexa.ee\/wp-content\/uploads\/2024\/04\/chef-cooks-working-in-professional-kitchen-2023-11-27-05-07-39-utc-scaled.jpg","contentUrl":"https:\/\/adexa.ee\/wp-content\/uploads\/2024\/04\/chef-cooks-working-in-professional-kitchen-2023-11-27-05-07-39-utc-scaled.jpg","width":2560,"height":1708,"caption":"Adexa"},"image":{"@id":"https:\/\/adexa.ee\/#\/schema\/logo\/image\/"}}]}},"_links":{"self":[{"href":"https:\/\/adexa.ee\/en\/wp-json\/wp\/v2\/product\/16677","targetHints":{"allow":["GET"]}}],"collection":[{"href":"https:\/\/adexa.ee\/en\/wp-json\/wp\/v2\/product"}],"about":[{"href":"https:\/\/adexa.ee\/en\/wp-json\/wp\/v2\/types\/product"}],"wp:featuredmedia":[{"embeddable":true,"href":"https:\/\/adexa.ee\/en\/wp-json\/wp\/v2\/media\/16669"}],"wp:attachment":[{"href":"https:\/\/adexa.ee\/en\/wp-json\/wp\/v2\/media?parent=16677"}],"wp:term":[{"taxonomy":"product_brand","embeddable":true,"href":"https:\/\/adexa.ee\/en\/wp-json\/wp\/v2\/product_brand?post=16677"},{"taxonomy":"product_cat","embeddable":true,"href":"https:\/\/adexa.ee\/en\/wp-json\/wp\/v2\/product_cat?post=16677"},{"taxonomy":"product_tag","embeddable":true,"href":"https:\/\/adexa.ee\/en\/wp-json\/wp\/v2\/product_tag?post=16677"}],"curies":[{"name":"wp","href":"https:\/\/api.w.org\/{rel}","templated":true}]}}