{"id":16711,"date":"2026-03-26T10:55:32","date_gmt":"2026-03-26T08:55:32","guid":{"rendered":"https:\/\/adexa.ee\/toode\/kommertsiaalne-hamburgeripress-o130mm-adexa-qy0707\/"},"modified":"2026-03-26T10:55:34","modified_gmt":"2026-03-26T08:55:34","slug":"hamburgeripress-o130mm-adexa-qy0707","status":"publish","type":"product","link":"https:\/\/adexa.ee\/en\/toode\/hamburgeripress-o130mm-adexa-qy0707\/","title":{"rendered":"Hamburgeripress \u00d8130Mm | Adexa Qy0707"},"content":{"rendered":"<p>Tagage iga kord \u00fchtlaselt kujundatud burgerid selle professionaalse manuaalse hamburgerimasinaga. Kvaliteetse pressiga disainitud masin toodab \u00fchtlasi 130 mm burgereid, tagades, et teie kliendid saavad ideaalselt kujundatud pihve. Anodeeritud alumiiniumist valmistatud masin on uskumatult lihtne puhastada, kuid samas piisavalt kerge transportimiseks. Masinat on samuti lihtne kasutada, n\u00f5udes minimaalset pingutust, mis v\u00f5imaldab kiiresti toota suuri koguseid burgereid. Usaldusv\u00e4\u00e4rne, vastupidav ja taskukohane burgeripress on ideaalne masin v\u00e4ikestele ettev\u00f5tetele, nagu farmipoed v\u00f5i s\u00f5ltumatud lihunikud. \u00dcksikasjaliku teabe saamiseks vt &#8216;Spetsifikatsiooni&#8217; all.<\/p>\n<table style=\"border-collapse: collapse; width: 100%; text-align: left;\">\n<tbody>\n<tr>\n<td style=\"border: 1px solid #ddd; padding: 8px; width: 45%;\"><strong>Kaal<\/strong><\/td>\n<td style=\"border: 1px solid #ddd; padding: 8px;\">1,8 kg<\/td>\n<\/tr>\n<tr>\n<td style=\"border: 1px solid #ddd; padding: 8px; width: 45%;\"><strong>Garantii<\/strong><\/td>\n<td style=\"border: 1px solid #ddd; padding: 8px;\">12 kuud varuosade garantii<\/td>\n<\/tr>\n<tr>\n<td style=\"border: 1px solid #ddd; padding: 8px; width: 45%;\"><strong>Materjal<\/strong><\/td>\n<td style=\"border: 1px solid #ddd; padding: 8px;\">Alumiinium<\/td>\n<\/tr>\n<tr>\n<td style=\"border: 1px solid #ddd; padding: 8px; width: 45%;\"><strong>L\u00e4bim\u00f5\u00f5t (burger)<\/strong><\/td>\n<td style=\"border: 1px solid #ddd; padding: 8px;\">130mm<\/td>\n<\/tr>\n<\/tbody>\n<\/table>\n","protected":false},"excerpt":{"rendered":"<p>Tagage iga kord \u00fchtlaselt kujundatud burgerid selle professionaalse manuaalse hamburgerimasinaga. Kvaliteetse pressiga disainitud masin toodab \u00fchtlasi 130 mm burgereid, tagades,<\/p>\n","protected":false},"featured_media":16713,"template":"","meta":[],"product_brand":[],"product_cat":[714,796],"product_tag":[],"class_list":{"0":"post-16711","1":"product","2":"type-product","3":"status-publish","4":"has-post-thumbnail","6":"product_cat-ettevalmistus","7":"product_cat-hamburgeripressid","9":"first","10":"instock","11":"sale","12":"taxable","13":"shipping-taxable","14":"purchasable","15":"product-type-simple"},"yoast_head":"<!-- This site is optimized with the Yoast SEO plugin v27.3 - https:\/\/yoast.com\/product\/yoast-seo-wordpress\/ -->\n<title>Hamburgeripress \u00d8130Mm | Adexa Qy0707 - Adexa \u2013 Suurk\u00f6\u00f6giseadmed restoranidele ja toitlustusele<\/title>\n<meta name=\"robots\" content=\"index, follow, max-snippet:-1, max-image-preview:large, max-video-preview:-1\" \/>\n<link rel=\"canonical\" href=\"https:\/\/adexa.ee\/toode\/hamburgeripress-o130mm-adexa-qy0707\/\" \/>\n<meta property=\"og:locale\" content=\"en_US\" \/>\n<meta property=\"og:type\" content=\"article\" \/>\n<meta property=\"og:title\" content=\"Hamburgeripress \u00d8130Mm | Adexa Qy0707 - Adexa \u2013 Suurk\u00f6\u00f6giseadmed restoranidele ja toitlustusele\" \/>\n<meta property=\"og:description\" content=\"Tagage iga kord \u00fchtlaselt kujundatud burgerid selle professionaalse manuaalse hamburgerimasinaga. Kvaliteetse pressiga disainitud masin toodab \u00fchtlasi 130 mm burgereid, tagades,\" \/>\n<meta property=\"og:url\" content=\"https:\/\/adexa.ee\/toode\/hamburgeripress-o130mm-adexa-qy0707\/\" \/>\n<meta property=\"og:site_name\" content=\"Adexa \u2013 Suurk\u00f6\u00f6giseadmed restoranidele ja toitlustusele\" \/>\n<meta property=\"article:modified_time\" content=\"2026-03-26T08:55:34+00:00\" \/>\n<meta property=\"og:image\" content=\"https:\/\/adexa.ee\/wp-content\/uploads\/2024\/12\/QY0707.jpg\" \/>\n\t<meta property=\"og:image:width\" content=\"1952\" \/>\n\t<meta property=\"og:image:height\" content=\"1952\" \/>\n\t<meta property=\"og:image:type\" content=\"image\/jpeg\" \/>\n<meta name=\"twitter:card\" content=\"summary_large_image\" \/>\n<script type=\"application\/ld+json\" class=\"yoast-schema-graph\">{\"@context\":\"https:\\\/\\\/schema.org\",\"@graph\":[{\"@type\":\"WebPage\",\"@id\":\"https:\\\/\\\/adexa.ee\\\/toode\\\/hamburgeripress-o130mm-adexa-qy0707\\\/\",\"url\":\"https:\\\/\\\/adexa.ee\\\/toode\\\/hamburgeripress-o130mm-adexa-qy0707\\\/\",\"name\":\"Hamburgeripress \u00d8130Mm | Adexa Qy0707 - Adexa \u2013 Suurk\u00f6\u00f6giseadmed restoranidele ja toitlustusele\",\"isPartOf\":{\"@id\":\"https:\\\/\\\/adexa.ee\\\/#website\"},\"primaryImageOfPage\":{\"@id\":\"https:\\\/\\\/adexa.ee\\\/toode\\\/hamburgeripress-o130mm-adexa-qy0707\\\/#primaryimage\"},\"image\":{\"@id\":\"https:\\\/\\\/adexa.ee\\\/toode\\\/hamburgeripress-o130mm-adexa-qy0707\\\/#primaryimage\"},\"thumbnailUrl\":\"https:\\\/\\\/adexa.ee\\\/wp-content\\\/uploads\\\/2024\\\/12\\\/QY0707.jpg\",\"datePublished\":\"2026-03-26T08:55:32+00:00\",\"dateModified\":\"2026-03-26T08:55:34+00:00\",\"breadcrumb\":{\"@id\":\"https:\\\/\\\/adexa.ee\\\/toode\\\/hamburgeripress-o130mm-adexa-qy0707\\\/#breadcrumb\"},\"inLanguage\":\"en-US\",\"potentialAction\":[{\"@type\":\"ReadAction\",\"target\":[\"https:\\\/\\\/adexa.ee\\\/toode\\\/hamburgeripress-o130mm-adexa-qy0707\\\/\"]}]},{\"@type\":\"ImageObject\",\"inLanguage\":\"en-US\",\"@id\":\"https:\\\/\\\/adexa.ee\\\/toode\\\/hamburgeripress-o130mm-adexa-qy0707\\\/#primaryimage\",\"url\":\"https:\\\/\\\/adexa.ee\\\/wp-content\\\/uploads\\\/2024\\\/12\\\/QY0707.jpg\",\"contentUrl\":\"https:\\\/\\\/adexa.ee\\\/wp-content\\\/uploads\\\/2024\\\/12\\\/QY0707.jpg\",\"width\":1952,\"height\":1952},{\"@type\":\"BreadcrumbList\",\"@id\":\"https:\\\/\\\/adexa.ee\\\/toode\\\/hamburgeripress-o130mm-adexa-qy0707\\\/#breadcrumb\",\"itemListElement\":[{\"@type\":\"ListItem\",\"position\":1,\"name\":\"Home\",\"item\":\"https:\\\/\\\/adexa.ee\\\/\"},{\"@type\":\"ListItem\",\"position\":2,\"name\":\"Tooted\",\"item\":\"https:\\\/\\\/adexa.ee\\\/pood\\\/\"},{\"@type\":\"ListItem\",\"position\":3,\"name\":\"Hamburgeripress \u00d8130Mm | Adexa Qy0707\"}]},{\"@type\":\"WebSite\",\"@id\":\"https:\\\/\\\/adexa.ee\\\/#website\",\"url\":\"https:\\\/\\\/adexa.ee\\\/\",\"name\":\"Adexa\",\"description\":\"\",\"publisher\":{\"@id\":\"https:\\\/\\\/adexa.ee\\\/#organization\"},\"potentialAction\":[{\"@type\":\"SearchAction\",\"target\":{\"@type\":\"EntryPoint\",\"urlTemplate\":\"https:\\\/\\\/adexa.ee\\\/?s={search_term_string}\"},\"query-input\":{\"@type\":\"PropertyValueSpecification\",\"valueRequired\":true,\"valueName\":\"search_term_string\"}}],\"inLanguage\":\"en-US\"},{\"@type\":\"Organization\",\"@id\":\"https:\\\/\\\/adexa.ee\\\/#organization\",\"name\":\"Adexa\",\"url\":\"https:\\\/\\\/adexa.ee\\\/\",\"logo\":{\"@type\":\"ImageObject\",\"inLanguage\":\"en-US\",\"@id\":\"https:\\\/\\\/adexa.ee\\\/#\\\/schema\\\/logo\\\/image\\\/\",\"url\":\"https:\\\/\\\/adexa.ee\\\/wp-content\\\/uploads\\\/2024\\\/04\\\/chef-cooks-working-in-professional-kitchen-2023-11-27-05-07-39-utc-scaled.jpg\",\"contentUrl\":\"https:\\\/\\\/adexa.ee\\\/wp-content\\\/uploads\\\/2024\\\/04\\\/chef-cooks-working-in-professional-kitchen-2023-11-27-05-07-39-utc-scaled.jpg\",\"width\":2560,\"height\":1708,\"caption\":\"Adexa\"},\"image\":{\"@id\":\"https:\\\/\\\/adexa.ee\\\/#\\\/schema\\\/logo\\\/image\\\/\"}}]}<\/script>\n<!-- \/ Yoast SEO plugin. -->","yoast_head_json":{"title":"Hamburgeripress \u00d8130Mm | Adexa Qy0707 - Adexa \u2013 Suurk\u00f6\u00f6giseadmed restoranidele ja toitlustusele","robots":{"index":"index","follow":"follow","max-snippet":"max-snippet:-1","max-image-preview":"max-image-preview:large","max-video-preview":"max-video-preview:-1"},"canonical":"https:\/\/adexa.ee\/toode\/hamburgeripress-o130mm-adexa-qy0707\/","og_locale":"en_US","og_type":"article","og_title":"Hamburgeripress \u00d8130Mm | Adexa Qy0707 - Adexa \u2013 Suurk\u00f6\u00f6giseadmed restoranidele ja toitlustusele","og_description":"Tagage iga kord \u00fchtlaselt kujundatud burgerid selle professionaalse manuaalse hamburgerimasinaga. Kvaliteetse pressiga disainitud masin toodab \u00fchtlasi 130 mm burgereid, tagades,","og_url":"https:\/\/adexa.ee\/toode\/hamburgeripress-o130mm-adexa-qy0707\/","og_site_name":"Adexa \u2013 Suurk\u00f6\u00f6giseadmed restoranidele ja toitlustusele","article_modified_time":"2026-03-26T08:55:34+00:00","og_image":[{"width":1952,"height":1952,"url":"https:\/\/adexa.ee\/wp-content\/uploads\/2024\/12\/QY0707.jpg","type":"image\/jpeg"}],"twitter_card":"summary_large_image","schema":{"@context":"https:\/\/schema.org","@graph":[{"@type":"WebPage","@id":"https:\/\/adexa.ee\/toode\/hamburgeripress-o130mm-adexa-qy0707\/","url":"https:\/\/adexa.ee\/toode\/hamburgeripress-o130mm-adexa-qy0707\/","name":"Hamburgeripress \u00d8130Mm | Adexa Qy0707 - Adexa \u2013 Suurk\u00f6\u00f6giseadmed restoranidele ja toitlustusele","isPartOf":{"@id":"https:\/\/adexa.ee\/#website"},"primaryImageOfPage":{"@id":"https:\/\/adexa.ee\/toode\/hamburgeripress-o130mm-adexa-qy0707\/#primaryimage"},"image":{"@id":"https:\/\/adexa.ee\/toode\/hamburgeripress-o130mm-adexa-qy0707\/#primaryimage"},"thumbnailUrl":"https:\/\/adexa.ee\/wp-content\/uploads\/2024\/12\/QY0707.jpg","datePublished":"2026-03-26T08:55:32+00:00","dateModified":"2026-03-26T08:55:34+00:00","breadcrumb":{"@id":"https:\/\/adexa.ee\/toode\/hamburgeripress-o130mm-adexa-qy0707\/#breadcrumb"},"inLanguage":"en-US","potentialAction":[{"@type":"ReadAction","target":["https:\/\/adexa.ee\/toode\/hamburgeripress-o130mm-adexa-qy0707\/"]}]},{"@type":"ImageObject","inLanguage":"en-US","@id":"https:\/\/adexa.ee\/toode\/hamburgeripress-o130mm-adexa-qy0707\/#primaryimage","url":"https:\/\/adexa.ee\/wp-content\/uploads\/2024\/12\/QY0707.jpg","contentUrl":"https:\/\/adexa.ee\/wp-content\/uploads\/2024\/12\/QY0707.jpg","width":1952,"height":1952},{"@type":"BreadcrumbList","@id":"https:\/\/adexa.ee\/toode\/hamburgeripress-o130mm-adexa-qy0707\/#breadcrumb","itemListElement":[{"@type":"ListItem","position":1,"name":"Home","item":"https:\/\/adexa.ee\/"},{"@type":"ListItem","position":2,"name":"Tooted","item":"https:\/\/adexa.ee\/pood\/"},{"@type":"ListItem","position":3,"name":"Hamburgeripress \u00d8130Mm | Adexa Qy0707"}]},{"@type":"WebSite","@id":"https:\/\/adexa.ee\/#website","url":"https:\/\/adexa.ee\/","name":"Adexa","description":"","publisher":{"@id":"https:\/\/adexa.ee\/#organization"},"potentialAction":[{"@type":"SearchAction","target":{"@type":"EntryPoint","urlTemplate":"https:\/\/adexa.ee\/?s={search_term_string}"},"query-input":{"@type":"PropertyValueSpecification","valueRequired":true,"valueName":"search_term_string"}}],"inLanguage":"en-US"},{"@type":"Organization","@id":"https:\/\/adexa.ee\/#organization","name":"Adexa","url":"https:\/\/adexa.ee\/","logo":{"@type":"ImageObject","inLanguage":"en-US","@id":"https:\/\/adexa.ee\/#\/schema\/logo\/image\/","url":"https:\/\/adexa.ee\/wp-content\/uploads\/2024\/04\/chef-cooks-working-in-professional-kitchen-2023-11-27-05-07-39-utc-scaled.jpg","contentUrl":"https:\/\/adexa.ee\/wp-content\/uploads\/2024\/04\/chef-cooks-working-in-professional-kitchen-2023-11-27-05-07-39-utc-scaled.jpg","width":2560,"height":1708,"caption":"Adexa"},"image":{"@id":"https:\/\/adexa.ee\/#\/schema\/logo\/image\/"}}]}},"_links":{"self":[{"href":"https:\/\/adexa.ee\/en\/wp-json\/wp\/v2\/product\/16711","targetHints":{"allow":["GET"]}}],"collection":[{"href":"https:\/\/adexa.ee\/en\/wp-json\/wp\/v2\/product"}],"about":[{"href":"https:\/\/adexa.ee\/en\/wp-json\/wp\/v2\/types\/product"}],"wp:featuredmedia":[{"embeddable":true,"href":"https:\/\/adexa.ee\/en\/wp-json\/wp\/v2\/media\/16713"}],"wp:attachment":[{"href":"https:\/\/adexa.ee\/en\/wp-json\/wp\/v2\/media?parent=16711"}],"wp:term":[{"taxonomy":"product_brand","embeddable":true,"href":"https:\/\/adexa.ee\/en\/wp-json\/wp\/v2\/product_brand?post=16711"},{"taxonomy":"product_cat","embeddable":true,"href":"https:\/\/adexa.ee\/en\/wp-json\/wp\/v2\/product_cat?post=16711"},{"taxonomy":"product_tag","embeddable":true,"href":"https:\/\/adexa.ee\/en\/wp-json\/wp\/v2\/product_tag?post=16711"}],"curies":[{"name":"wp","href":"https:\/\/api.w.org\/{rel}","templated":true}]}}