{"id":18052,"date":"2026-03-26T10:55:38","date_gmt":"2026-03-26T08:55:38","guid":{"rendered":"https:\/\/adexa.ee\/toode\/tagumine-baarijahuti-3-hingedega-ust-312-liitrit-roostevaba-teras-adexa-ssbc03pp\/"},"modified":"2026-03-26T10:55:43","modified_gmt":"2026-03-26T08:55:43","slug":"baarikulmik-3-hingedega-ust-312-liitrit-roostevaba-teras-adexa-ssbc03pp","status":"publish","type":"product","link":"https:\/\/adexa.ee\/en\/toode\/baarikulmik-3-hingedega-ust-312-liitrit-roostevaba-teras-adexa-ssbc03pp\/","title":{"rendered":"Baarik\u00fclmik 3 hingedega ust 312 liitrit Roostevaba teras | Adexa SSBC03PP"},"content":{"rendered":"<p>Kolme suure, l\u00e4bipaistva uksega, see kaubanduslik multifunktsionaalne toitlustuse \u00f5llek\u00fclmik sisaldab mitmeid kasulikke funktsioone, sealhulgas integreeritud temperatuurikontrollerit ja automaatset sulatamist. Ideaalne k\u00fclma \u00f5lle, siidri ja karastusjookide atraktiivseks presenteerimiseks baarides, pubides, restoranides ja hotellides. Hetkel soodushinnaga. Automaatne sulatamine: Jah Temperatuuri digitaalne ekraan: Jah Kontrolls\u00fcsteem: Elektrooniline Klaasist ukset\u00fc\u00fcp: Hingedega uksed Ukseraam, uksek\u00e4epide materjal: Must\/H\u00f5bedane PVC Klaasit\u00fc\u00fcp: Karastatud Ukse automaatne sulgemine: Jah Lukk: Jah Reguleeritavad jalad: 4 tk Sisemine valgus: Horisontaalne Pinge\/sagedus: 220~240V\/50HZ Temperatuur: +2C kuni +8C Max \u00fcmbritsev temperatuur: +35C V\u00e4limine korpus: Eelv\u00e4rvitud teras Sisemine korpus: V\u00e4rvitud valge teras Aurusti: L\u00f5\u00f5ts laiendatud plaat Aurusti ventilaator: 14W ruutventilaator Dokumendid Kl\u00f5psake siia, et alla laadida kasutusjuhend Kl\u00f5psake siia, et alla laadida energiakleebis Palun vaadake \u00fcksikasjalikku teavet jaotises &#8220;Spetsifikatsioon&#8221;.<\/p>\n<table style=\"border-collapse: collapse; width: 100%; text-align: left;\">\n<tbody>\n<tr>\n<td style=\"border: 1px solid #ddd; padding: 8px; width: 45%;\"><strong>S\u00fcgavus<\/strong><\/td>\n<td style=\"border: 1px solid #ddd; padding: 8px;\">558 mm<\/td>\n<\/tr>\n<tr>\n<td style=\"border: 1px solid #ddd; padding: 8px; width: 45%;\"><strong>K\u00f5rgus<\/strong><\/td>\n<td style=\"border: 1px solid #ddd; padding: 8px;\">900mm<\/td>\n<\/tr>\n<tr>\n<td style=\"border: 1px solid #ddd; padding: 8px; width: 45%;\"><strong>Laius<\/strong><\/td>\n<td style=\"border: 1px solid #ddd; padding: 8px;\">1350 mm<\/td>\n<\/tr>\n<tr>\n<td style=\"border: 1px solid #ddd; padding: 8px; width: 45%;\"><strong>Kaal<\/strong><\/td>\n<td style=\"border: 1px solid #ddd; padding: 8px;\">86 kg<\/td>\n<\/tr>\n<tr>\n<td style=\"border: 1px solid #ddd; padding: 8px; width: 45%;\"><strong>Garantii<\/strong><\/td>\n<td style=\"border: 1px solid #ddd; padding: 8px;\">12 kuu varuosade garantii<\/td>\n<\/tr>\n<tr>\n<td style=\"border: 1px solid #ddd; padding: 8px; width: 45%;\"><strong>Mahutavus<\/strong><\/td>\n<td style=\"border: 1px solid #ddd; padding: 8px;\">312 liitrit (400-420 purki\/pudelit)<\/td>\n<\/tr>\n<tr>\n<td style=\"border: 1px solid #ddd; padding: 8px; width: 45%;\"><strong>Toiteallikas<\/strong><\/td>\n<td style=\"border: 1px solid #ddd; padding: 8px;\">230V \/ 1 faas<\/td>\n<\/tr>\n<tr>\n<td style=\"border: 1px solid #ddd; padding: 8px; width: 45%;\"><strong>V\u00f5imsus<\/strong><\/td>\n<td style=\"border: 1px solid #ddd; padding: 8px;\">300W<\/td>\n<\/tr>\n<tr>\n<td style=\"border: 1px solid #ddd; padding: 8px; width: 45%;\"><strong>Uksed<\/strong><\/td>\n<td style=\"border: 1px solid #ddd; padding: 8px;\">3 hinged klaasuksega ust<\/td>\n<\/tr>\n<tr>\n<td style=\"border: 1px solid #ddd; padding: 8px; width: 45%;\"><strong>Sulatamine<\/strong><\/td>\n<td style=\"border: 1px solid #ddd; padding: 8px;\">Automaatne<\/td>\n<\/tr>\n<tr>\n<td style=\"border: 1px solid #ddd; padding: 8px; width: 45%;\"><strong>K\u00fclmaaine<\/strong><\/td>\n<td style=\"border: 1px solid #ddd; padding: 8px;\">R600a<\/td>\n<\/tr>\n<tr>\n<td style=\"border: 1px solid #ddd; padding: 8px; width: 45%;\"><strong>Temperatuur<\/strong><\/td>\n<td style=\"border: 1px solid #ddd; padding: 8px;\">+2 \u00b0C kuni +8 \u00b0C<\/td>\n<\/tr>\n<tr>\n<td style=\"border: 1px solid #ddd; padding: 8px; width: 45%;\"><strong>Kontrollid<\/strong><\/td>\n<td style=\"border: 1px solid #ddd; padding: 8px;\">Digitaalne temperatuuri reguleerimine LED-ekraaniga<\/td>\n<\/tr>\n<tr>\n<td style=\"border: 1px solid #ddd; padding: 8px; width: 45%;\"><strong>Valgustus<\/strong><\/td>\n<td style=\"border: 1px solid #ddd; padding: 8px;\">LED<\/td>\n<\/tr>\n<tr>\n<td style=\"border: 1px solid #ddd; padding: 8px; width: 45%;\"><strong>Maksimaalne temperatuur (ruum)<\/strong><\/td>\n<td style=\"border: 1px solid #ddd; padding: 8px;\">+35\u00b0C<\/td>\n<\/tr>\n<tr>\n<td style=\"border: 1px solid #ddd; padding: 8px; width: 45%;\"><strong>Lukk<\/strong><\/td>\n<td style=\"border: 1px solid #ddd; padding: 8px;\">Jah<\/td>\n<\/tr>\n<tr>\n<td style=\"border: 1px solid #ddd; padding: 8px; width: 45%;\"><strong>V\u00f5imsuse tarbimine<\/strong><\/td>\n<td style=\"border: 1px solid #ddd; padding: 8px;\">766 kWh\/aastas<\/td>\n<\/tr>\n<\/tbody>\n<\/table>\n","protected":false},"excerpt":{"rendered":"<p>Kolme suure, l\u00e4bipaistva uksega, see kaubanduslik multifunktsionaalne toitlustuse \u00f5llek\u00fclmik sisaldab mitmeid kasulikke funktsioone, sealhulgas integreeritud temperatuurikontrollerit ja automaatset sulatamist. Ideaalne<\/p>\n","protected":false},"featured_media":32348,"template":"","meta":[],"product_brand":[],"product_cat":[766,564,569,931],"product_tag":[],"class_list":{"0":"post-18052","1":"product","2":"type-product","3":"status-publish","4":"has-post-thumbnail","6":"product_cat-baarikulmikud","7":"product_cat-jahutusseadmed","8":"product_cat-lopumuuk","9":"product_cat-roostevaba-terase-viimistlusega-tagabaari-kulmikud","11":"first","12":"instock","13":"sale","14":"taxable","15":"shipping-taxable","16":"purchasable","17":"product-type-simple"},"yoast_head":"<!-- This site is optimized with the Yoast SEO plugin v27.3 - https:\/\/yoast.com\/product\/yoast-seo-wordpress\/ -->\n<title>Baarik\u00fclmik 3 hingedega ust 312 liitrit Roostevaba teras | Adexa SSBC03PP - Adexa \u2013 Suurk\u00f6\u00f6giseadmed restoranidele ja toitlustusele<\/title>\n<meta name=\"robots\" content=\"index, follow, max-snippet:-1, max-image-preview:large, max-video-preview:-1\" \/>\n<link rel=\"canonical\" href=\"https:\/\/adexa.ee\/toode\/baarikulmik-3-hingedega-ust-312-liitrit-roostevaba-teras-adexa-ssbc03pp\/\" \/>\n<meta property=\"og:locale\" content=\"en_US\" \/>\n<meta property=\"og:type\" content=\"article\" \/>\n<meta property=\"og:title\" content=\"Baarik\u00fclmik 3 hingedega ust 312 liitrit Roostevaba teras | Adexa SSBC03PP - Adexa \u2013 Suurk\u00f6\u00f6giseadmed restoranidele ja toitlustusele\" \/>\n<meta property=\"og:description\" content=\"Kolme suure, l\u00e4bipaistva uksega, see kaubanduslik multifunktsionaalne toitlustuse \u00f5llek\u00fclmik sisaldab mitmeid kasulikke funktsioone, sealhulgas integreeritud temperatuurikontrollerit ja automaatset sulatamist. Ideaalne\" \/>\n<meta property=\"og:url\" content=\"https:\/\/adexa.ee\/toode\/baarikulmik-3-hingedega-ust-312-liitrit-roostevaba-teras-adexa-ssbc03pp\/\" \/>\n<meta property=\"og:site_name\" content=\"Adexa \u2013 Suurk\u00f6\u00f6giseadmed restoranidele ja toitlustusele\" \/>\n<meta property=\"article:modified_time\" content=\"2026-03-26T08:55:43+00:00\" \/>\n<meta property=\"og:image\" content=\"https:\/\/adexa.ee\/wp-content\/uploads\/2025\/04\/SSBC03PP.jpg\" \/>\n\t<meta property=\"og:image:width\" content=\"2000\" \/>\n\t<meta property=\"og:image:height\" content=\"2000\" \/>\n\t<meta property=\"og:image:type\" content=\"image\/jpeg\" \/>\n<meta name=\"twitter:card\" content=\"summary_large_image\" \/>\n<meta name=\"twitter:label1\" content=\"Est. reading time\" \/>\n\t<meta name=\"twitter:data1\" content=\"1 minute\" \/>\n<script type=\"application\/ld+json\" class=\"yoast-schema-graph\">{\"@context\":\"https:\\\/\\\/schema.org\",\"@graph\":[{\"@type\":\"WebPage\",\"@id\":\"https:\\\/\\\/adexa.ee\\\/toode\\\/baarikulmik-3-hingedega-ust-312-liitrit-roostevaba-teras-adexa-ssbc03pp\\\/\",\"url\":\"https:\\\/\\\/adexa.ee\\\/toode\\\/baarikulmik-3-hingedega-ust-312-liitrit-roostevaba-teras-adexa-ssbc03pp\\\/\",\"name\":\"Baarik\u00fclmik 3 hingedega ust 312 liitrit Roostevaba teras | Adexa SSBC03PP - Adexa \u2013 Suurk\u00f6\u00f6giseadmed restoranidele ja toitlustusele\",\"isPartOf\":{\"@id\":\"https:\\\/\\\/adexa.ee\\\/#website\"},\"primaryImageOfPage\":{\"@id\":\"https:\\\/\\\/adexa.ee\\\/toode\\\/baarikulmik-3-hingedega-ust-312-liitrit-roostevaba-teras-adexa-ssbc03pp\\\/#primaryimage\"},\"image\":{\"@id\":\"https:\\\/\\\/adexa.ee\\\/toode\\\/baarikulmik-3-hingedega-ust-312-liitrit-roostevaba-teras-adexa-ssbc03pp\\\/#primaryimage\"},\"thumbnailUrl\":\"https:\\\/\\\/adexa.ee\\\/wp-content\\\/uploads\\\/2025\\\/04\\\/SSBC03PP.jpg\",\"datePublished\":\"2026-03-26T08:55:38+00:00\",\"dateModified\":\"2026-03-26T08:55:43+00:00\",\"breadcrumb\":{\"@id\":\"https:\\\/\\\/adexa.ee\\\/toode\\\/baarikulmik-3-hingedega-ust-312-liitrit-roostevaba-teras-adexa-ssbc03pp\\\/#breadcrumb\"},\"inLanguage\":\"en-US\",\"potentialAction\":[{\"@type\":\"ReadAction\",\"target\":[\"https:\\\/\\\/adexa.ee\\\/toode\\\/baarikulmik-3-hingedega-ust-312-liitrit-roostevaba-teras-adexa-ssbc03pp\\\/\"]}]},{\"@type\":\"ImageObject\",\"inLanguage\":\"en-US\",\"@id\":\"https:\\\/\\\/adexa.ee\\\/toode\\\/baarikulmik-3-hingedega-ust-312-liitrit-roostevaba-teras-adexa-ssbc03pp\\\/#primaryimage\",\"url\":\"https:\\\/\\\/adexa.ee\\\/wp-content\\\/uploads\\\/2025\\\/04\\\/SSBC03PP.jpg\",\"contentUrl\":\"https:\\\/\\\/adexa.ee\\\/wp-content\\\/uploads\\\/2025\\\/04\\\/SSBC03PP.jpg\",\"width\":2000,\"height\":2000},{\"@type\":\"BreadcrumbList\",\"@id\":\"https:\\\/\\\/adexa.ee\\\/toode\\\/baarikulmik-3-hingedega-ust-312-liitrit-roostevaba-teras-adexa-ssbc03pp\\\/#breadcrumb\",\"itemListElement\":[{\"@type\":\"ListItem\",\"position\":1,\"name\":\"Home\",\"item\":\"https:\\\/\\\/adexa.ee\\\/\"},{\"@type\":\"ListItem\",\"position\":2,\"name\":\"Tooted\",\"item\":\"https:\\\/\\\/adexa.ee\\\/pood\\\/\"},{\"@type\":\"ListItem\",\"position\":3,\"name\":\"Baarik\u00fclmik 3 hingedega ust 312 liitrit Roostevaba teras | Adexa SSBC03PP\"}]},{\"@type\":\"WebSite\",\"@id\":\"https:\\\/\\\/adexa.ee\\\/#website\",\"url\":\"https:\\\/\\\/adexa.ee\\\/\",\"name\":\"Adexa\",\"description\":\"\",\"publisher\":{\"@id\":\"https:\\\/\\\/adexa.ee\\\/#organization\"},\"potentialAction\":[{\"@type\":\"SearchAction\",\"target\":{\"@type\":\"EntryPoint\",\"urlTemplate\":\"https:\\\/\\\/adexa.ee\\\/?s={search_term_string}\"},\"query-input\":{\"@type\":\"PropertyValueSpecification\",\"valueRequired\":true,\"valueName\":\"search_term_string\"}}],\"inLanguage\":\"en-US\"},{\"@type\":\"Organization\",\"@id\":\"https:\\\/\\\/adexa.ee\\\/#organization\",\"name\":\"Adexa\",\"url\":\"https:\\\/\\\/adexa.ee\\\/\",\"logo\":{\"@type\":\"ImageObject\",\"inLanguage\":\"en-US\",\"@id\":\"https:\\\/\\\/adexa.ee\\\/#\\\/schema\\\/logo\\\/image\\\/\",\"url\":\"https:\\\/\\\/adexa.ee\\\/wp-content\\\/uploads\\\/2024\\\/04\\\/chef-cooks-working-in-professional-kitchen-2023-11-27-05-07-39-utc-scaled.jpg\",\"contentUrl\":\"https:\\\/\\\/adexa.ee\\\/wp-content\\\/uploads\\\/2024\\\/04\\\/chef-cooks-working-in-professional-kitchen-2023-11-27-05-07-39-utc-scaled.jpg\",\"width\":2560,\"height\":1708,\"caption\":\"Adexa\"},\"image\":{\"@id\":\"https:\\\/\\\/adexa.ee\\\/#\\\/schema\\\/logo\\\/image\\\/\"}}]}<\/script>\n<!-- \/ Yoast SEO plugin. -->","yoast_head_json":{"title":"Baarik\u00fclmik 3 hingedega ust 312 liitrit Roostevaba teras | Adexa SSBC03PP - Adexa \u2013 Suurk\u00f6\u00f6giseadmed restoranidele ja toitlustusele","robots":{"index":"index","follow":"follow","max-snippet":"max-snippet:-1","max-image-preview":"max-image-preview:large","max-video-preview":"max-video-preview:-1"},"canonical":"https:\/\/adexa.ee\/toode\/baarikulmik-3-hingedega-ust-312-liitrit-roostevaba-teras-adexa-ssbc03pp\/","og_locale":"en_US","og_type":"article","og_title":"Baarik\u00fclmik 3 hingedega ust 312 liitrit Roostevaba teras | Adexa SSBC03PP - Adexa \u2013 Suurk\u00f6\u00f6giseadmed restoranidele ja toitlustusele","og_description":"Kolme suure, l\u00e4bipaistva uksega, see kaubanduslik multifunktsionaalne toitlustuse \u00f5llek\u00fclmik sisaldab mitmeid kasulikke funktsioone, sealhulgas integreeritud temperatuurikontrollerit ja automaatset sulatamist. Ideaalne","og_url":"https:\/\/adexa.ee\/toode\/baarikulmik-3-hingedega-ust-312-liitrit-roostevaba-teras-adexa-ssbc03pp\/","og_site_name":"Adexa \u2013 Suurk\u00f6\u00f6giseadmed restoranidele ja toitlustusele","article_modified_time":"2026-03-26T08:55:43+00:00","og_image":[{"width":2000,"height":2000,"url":"https:\/\/adexa.ee\/wp-content\/uploads\/2025\/04\/SSBC03PP.jpg","type":"image\/jpeg"}],"twitter_card":"summary_large_image","twitter_misc":{"Est. reading time":"1 minute"},"schema":{"@context":"https:\/\/schema.org","@graph":[{"@type":"WebPage","@id":"https:\/\/adexa.ee\/toode\/baarikulmik-3-hingedega-ust-312-liitrit-roostevaba-teras-adexa-ssbc03pp\/","url":"https:\/\/adexa.ee\/toode\/baarikulmik-3-hingedega-ust-312-liitrit-roostevaba-teras-adexa-ssbc03pp\/","name":"Baarik\u00fclmik 3 hingedega ust 312 liitrit Roostevaba teras | Adexa SSBC03PP - Adexa \u2013 Suurk\u00f6\u00f6giseadmed restoranidele ja toitlustusele","isPartOf":{"@id":"https:\/\/adexa.ee\/#website"},"primaryImageOfPage":{"@id":"https:\/\/adexa.ee\/toode\/baarikulmik-3-hingedega-ust-312-liitrit-roostevaba-teras-adexa-ssbc03pp\/#primaryimage"},"image":{"@id":"https:\/\/adexa.ee\/toode\/baarikulmik-3-hingedega-ust-312-liitrit-roostevaba-teras-adexa-ssbc03pp\/#primaryimage"},"thumbnailUrl":"https:\/\/adexa.ee\/wp-content\/uploads\/2025\/04\/SSBC03PP.jpg","datePublished":"2026-03-26T08:55:38+00:00","dateModified":"2026-03-26T08:55:43+00:00","breadcrumb":{"@id":"https:\/\/adexa.ee\/toode\/baarikulmik-3-hingedega-ust-312-liitrit-roostevaba-teras-adexa-ssbc03pp\/#breadcrumb"},"inLanguage":"en-US","potentialAction":[{"@type":"ReadAction","target":["https:\/\/adexa.ee\/toode\/baarikulmik-3-hingedega-ust-312-liitrit-roostevaba-teras-adexa-ssbc03pp\/"]}]},{"@type":"ImageObject","inLanguage":"en-US","@id":"https:\/\/adexa.ee\/toode\/baarikulmik-3-hingedega-ust-312-liitrit-roostevaba-teras-adexa-ssbc03pp\/#primaryimage","url":"https:\/\/adexa.ee\/wp-content\/uploads\/2025\/04\/SSBC03PP.jpg","contentUrl":"https:\/\/adexa.ee\/wp-content\/uploads\/2025\/04\/SSBC03PP.jpg","width":2000,"height":2000},{"@type":"BreadcrumbList","@id":"https:\/\/adexa.ee\/toode\/baarikulmik-3-hingedega-ust-312-liitrit-roostevaba-teras-adexa-ssbc03pp\/#breadcrumb","itemListElement":[{"@type":"ListItem","position":1,"name":"Home","item":"https:\/\/adexa.ee\/"},{"@type":"ListItem","position":2,"name":"Tooted","item":"https:\/\/adexa.ee\/pood\/"},{"@type":"ListItem","position":3,"name":"Baarik\u00fclmik 3 hingedega ust 312 liitrit Roostevaba teras | Adexa SSBC03PP"}]},{"@type":"WebSite","@id":"https:\/\/adexa.ee\/#website","url":"https:\/\/adexa.ee\/","name":"Adexa","description":"","publisher":{"@id":"https:\/\/adexa.ee\/#organization"},"potentialAction":[{"@type":"SearchAction","target":{"@type":"EntryPoint","urlTemplate":"https:\/\/adexa.ee\/?s={search_term_string}"},"query-input":{"@type":"PropertyValueSpecification","valueRequired":true,"valueName":"search_term_string"}}],"inLanguage":"en-US"},{"@type":"Organization","@id":"https:\/\/adexa.ee\/#organization","name":"Adexa","url":"https:\/\/adexa.ee\/","logo":{"@type":"ImageObject","inLanguage":"en-US","@id":"https:\/\/adexa.ee\/#\/schema\/logo\/image\/","url":"https:\/\/adexa.ee\/wp-content\/uploads\/2024\/04\/chef-cooks-working-in-professional-kitchen-2023-11-27-05-07-39-utc-scaled.jpg","contentUrl":"https:\/\/adexa.ee\/wp-content\/uploads\/2024\/04\/chef-cooks-working-in-professional-kitchen-2023-11-27-05-07-39-utc-scaled.jpg","width":2560,"height":1708,"caption":"Adexa"},"image":{"@id":"https:\/\/adexa.ee\/#\/schema\/logo\/image\/"}}]}},"_links":{"self":[{"href":"https:\/\/adexa.ee\/en\/wp-json\/wp\/v2\/product\/18052","targetHints":{"allow":["GET"]}}],"collection":[{"href":"https:\/\/adexa.ee\/en\/wp-json\/wp\/v2\/product"}],"about":[{"href":"https:\/\/adexa.ee\/en\/wp-json\/wp\/v2\/types\/product"}],"wp:featuredmedia":[{"embeddable":true,"href":"https:\/\/adexa.ee\/en\/wp-json\/wp\/v2\/media\/32348"}],"wp:attachment":[{"href":"https:\/\/adexa.ee\/en\/wp-json\/wp\/v2\/media?parent=18052"}],"wp:term":[{"taxonomy":"product_brand","embeddable":true,"href":"https:\/\/adexa.ee\/en\/wp-json\/wp\/v2\/product_brand?post=18052"},{"taxonomy":"product_cat","embeddable":true,"href":"https:\/\/adexa.ee\/en\/wp-json\/wp\/v2\/product_cat?post=18052"},{"taxonomy":"product_tag","embeddable":true,"href":"https:\/\/adexa.ee\/en\/wp-json\/wp\/v2\/product_tag?post=18052"}],"curies":[{"name":"wp","href":"https:\/\/api.w.org\/{rel}","templated":true}]}}