{"id":18118,"date":"2026-04-01T09:45:49","date_gmt":"2026-04-01T06:45:49","guid":{"rendered":"https:\/\/adexa.ee\/toode\/kaubanduslik-rinnaga-sugavkulmik-607-liitrit-tugev-roostevabast-terasest-kaas-adexa-bcbd607\/"},"modified":"2026-04-01T09:45:50","modified_gmt":"2026-04-01T06:45:50","slug":"sugavkulmkirst-607-liitrit-tugev-roostevabast-terasest-kaas-adexa-bcbd607","status":"publish","type":"product","link":"https:\/\/adexa.ee\/en\/toode\/sugavkulmkirst-607-liitrit-tugev-roostevabast-terasest-kaas-adexa-bcbd607\/","title":{"rendered":"S\u00fcgavk\u00fclmkirst 607 liitrit Tugev roostevabast terasest kaas | Adexa BCBD607"},"content":{"rendered":"<p>Kaubanduslik rinnaga s\u00fcgavk\u00fclmik, millel on avar sisemaht 397L. Selle soodushinnaga on see ideaalne professionaalne k\u00fclmutatud toidu s\u00e4ilitamine restoranidele, hotellidele, baaridele, kohvikutele v\u00f5i muudele toitlustusasutustele.&nbsp;Palun vaadake jaotisest &#8220;Spetsifikatsioon&#8221; \u00fcksikasjaliku teabe saamiseks.<\/p>\n<table style=\"border-collapse: collapse; width: 100%; text-align: left;\">\n<tbody>\n<tr>\n<td style=\"border: 1px solid #ddd; padding: 8px; width: 45%;\"><strong>S\u00fcgavus<\/strong><\/td>\n<td style=\"border: 1px solid #ddd; padding: 8px;\">719 mm<\/td>\n<\/tr>\n<tr>\n<td style=\"border: 1px solid #ddd; padding: 8px; width: 45%;\"><strong>K\u00f5rgus<\/strong><\/td>\n<td style=\"border: 1px solid #ddd; padding: 8px;\">850mm<\/td>\n<\/tr>\n<tr>\n<td style=\"border: 1px solid #ddd; padding: 8px; width: 45%;\"><strong>Laius<\/strong><\/td>\n<td style=\"border: 1px solid #ddd; padding: 8px;\">1800 mm<\/td>\n<\/tr>\n<tr>\n<td style=\"border: 1px solid #ddd; padding: 8px; width: 45%;\"><strong>Kaal<\/strong><\/td>\n<td style=\"border: 1px solid #ddd; padding: 8px;\">77 kg<\/td>\n<\/tr>\n<tr>\n<td style=\"border: 1px solid #ddd; padding: 8px; width: 45%;\"><strong>Garantii<\/strong><\/td>\n<td style=\"border: 1px solid #ddd; padding: 8px;\">12 kuu varuosade garantii<\/td>\n<\/tr>\n<tr>\n<td style=\"border: 1px solid #ddd; padding: 8px; width: 45%;\"><strong>Mahutavus<\/strong><\/td>\n<td style=\"border: 1px solid #ddd; padding: 8px;\">607 liitrit<\/td>\n<\/tr>\n<tr>\n<td style=\"border: 1px solid #ddd; padding: 8px; width: 45%;\"><strong>Toiteallikas<\/strong><\/td>\n<td style=\"border: 1px solid #ddd; padding: 8px;\">230V \/ 1 faas<\/td>\n<\/tr>\n<tr>\n<td style=\"border: 1px solid #ddd; padding: 8px; width: 45%;\"><strong>V\u00f5imsus<\/strong><\/td>\n<td style=\"border: 1px solid #ddd; padding: 8px;\">270W<\/td>\n<\/tr>\n<tr>\n<td style=\"border: 1px solid #ddd; padding: 8px; width: 45%;\"><strong>Rullikud<\/strong><\/td>\n<td style=\"border: 1px solid #ddd; padding: 8px;\">Jah<\/td>\n<\/tr>\n<tr>\n<td style=\"border: 1px solid #ddd; padding: 8px; width: 45%;\"><strong>K\u00fclmaaine<\/strong><\/td>\n<td style=\"border: 1px solid #ddd; padding: 8px;\">R290<\/td>\n<\/tr>\n<tr>\n<td style=\"border: 1px solid #ddd; padding: 8px; width: 45%;\"><strong>Temperatuur<\/strong><\/td>\n<td style=\"border: 1px solid #ddd; padding: 8px;\">-18 \u00b0C kuni -22 \u00b0C<\/td>\n<\/tr>\n<tr>\n<td style=\"border: 1px solid #ddd; padding: 8px; width: 45%;\"><strong>Kontrollid<\/strong><\/td>\n<td style=\"border: 1px solid #ddd; padding: 8px;\">Mehaaniline<\/td>\n<\/tr>\n<tr>\n<td style=\"border: 1px solid #ddd; padding: 8px; width: 45%;\"><strong>Valgustus<\/strong><\/td>\n<td style=\"border: 1px solid #ddd; padding: 8px;\">Sise-LED<\/td>\n<\/tr>\n<tr>\n<td style=\"border: 1px solid #ddd; padding: 8px; width: 45%;\"><strong>Lukk<\/strong><\/td>\n<td style=\"border: 1px solid #ddd; padding: 8px;\">Jah<\/td>\n<\/tr>\n<tr>\n<td style=\"border: 1px solid #ddd; padding: 8px; width: 45%;\"><strong>Korvid<\/strong><\/td>\n<td style=\"border: 1px solid #ddd; padding: 8px;\">1 kaasatud<\/td>\n<\/tr>\n<tr>\n<td style=\"border: 1px solid #ddd; padding: 8px; width: 45%;\"><strong>M\u00fcratase<\/strong><\/td>\n<td style=\"border: 1px solid #ddd; padding: 8px;\">45 dB<\/td>\n<\/tr>\n<tr>\n<td style=\"border: 1px solid #ddd; padding: 8px; width: 45%;\"><strong>Kaas<\/strong><\/td>\n<td style=\"border: 1px solid #ddd; padding: 8px;\">Tahke t\u00f5stetav (roostevaba teras)<\/td>\n<\/tr>\n<tr>\n<td style=\"border: 1px solid #ddd; padding: 8px; width: 45%;\"><strong>V\u00f5imsuse tarbimine<\/strong><\/td>\n<td style=\"border: 1px solid #ddd; padding: 8px;\">2,15 kWh\/24h<\/td>\n<\/tr>\n<\/tbody>\n<\/table>\n","protected":false},"excerpt":{"rendered":"<p>Kaubanduslik rinnaga s\u00fcgavk\u00fclmik, millel on avar sisemaht 397L. Selle soodushinnaga on see ideaalne professionaalne k\u00fclmutatud toidu s\u00e4ilitamine restoranidele, hotellidele, baaridele,<\/p>\n","protected":false},"featured_media":18120,"template":"","meta":[],"product_brand":[],"product_cat":[564,932],"product_tag":[],"class_list":{"0":"post-18118","1":"product","2":"type-product","3":"status-publish","4":"has-post-thumbnail","6":"product_cat-jahutusseadmed","7":"product_cat-sugavkulmikud","9":"first","10":"instock","11":"sale","12":"taxable","13":"shipping-taxable","14":"purchasable","15":"product-type-simple"},"yoast_head":"<!-- This site is optimized with the Yoast SEO plugin v27.3 - https:\/\/yoast.com\/product\/yoast-seo-wordpress\/ -->\n<title>S\u00fcgavk\u00fclmkirst 607 liitrit Tugev roostevabast terasest kaas | Adexa BCBD607 - Adexa \u2013 Suurk\u00f6\u00f6giseadmed restoranidele ja toitlustusele<\/title>\n<meta name=\"robots\" content=\"index, follow, max-snippet:-1, max-image-preview:large, max-video-preview:-1\" \/>\n<link rel=\"canonical\" href=\"https:\/\/adexa.ee\/toode\/sugavkulmkirst-607-liitrit-tugev-roostevabast-terasest-kaas-adexa-bcbd607\/\" \/>\n<meta property=\"og:locale\" content=\"en_US\" \/>\n<meta property=\"og:type\" content=\"article\" \/>\n<meta property=\"og:title\" content=\"S\u00fcgavk\u00fclmkirst 607 liitrit Tugev roostevabast terasest kaas | Adexa BCBD607 - Adexa \u2013 Suurk\u00f6\u00f6giseadmed restoranidele ja toitlustusele\" \/>\n<meta property=\"og:description\" content=\"Kaubanduslik rinnaga s\u00fcgavk\u00fclmik, millel on avar sisemaht 397L. Selle soodushinnaga on see ideaalne professionaalne k\u00fclmutatud toidu s\u00e4ilitamine restoranidele, hotellidele, baaridele,\" \/>\n<meta property=\"og:url\" content=\"https:\/\/adexa.ee\/toode\/sugavkulmkirst-607-liitrit-tugev-roostevabast-terasest-kaas-adexa-bcbd607\/\" \/>\n<meta property=\"og:site_name\" content=\"Adexa \u2013 Suurk\u00f6\u00f6giseadmed restoranidele ja toitlustusele\" \/>\n<meta property=\"article:modified_time\" content=\"2026-04-01T06:45:50+00:00\" \/>\n<meta property=\"og:image\" content=\"https:\/\/adexa.ee\/wp-content\/uploads\/2024\/12\/BCBD607.jpg\" \/>\n\t<meta property=\"og:image:width\" content=\"2000\" \/>\n\t<meta property=\"og:image:height\" content=\"2000\" \/>\n\t<meta property=\"og:image:type\" content=\"image\/jpeg\" \/>\n<meta name=\"twitter:card\" content=\"summary_large_image\" \/>\n<script type=\"application\/ld+json\" class=\"yoast-schema-graph\">{\"@context\":\"https:\\\/\\\/schema.org\",\"@graph\":[{\"@type\":\"WebPage\",\"@id\":\"https:\\\/\\\/adexa.ee\\\/toode\\\/sugavkulmkirst-607-liitrit-tugev-roostevabast-terasest-kaas-adexa-bcbd607\\\/\",\"url\":\"https:\\\/\\\/adexa.ee\\\/toode\\\/sugavkulmkirst-607-liitrit-tugev-roostevabast-terasest-kaas-adexa-bcbd607\\\/\",\"name\":\"S\u00fcgavk\u00fclmkirst 607 liitrit Tugev roostevabast terasest kaas | Adexa BCBD607 - Adexa \u2013 Suurk\u00f6\u00f6giseadmed restoranidele ja toitlustusele\",\"isPartOf\":{\"@id\":\"https:\\\/\\\/adexa.ee\\\/#website\"},\"primaryImageOfPage\":{\"@id\":\"https:\\\/\\\/adexa.ee\\\/toode\\\/sugavkulmkirst-607-liitrit-tugev-roostevabast-terasest-kaas-adexa-bcbd607\\\/#primaryimage\"},\"image\":{\"@id\":\"https:\\\/\\\/adexa.ee\\\/toode\\\/sugavkulmkirst-607-liitrit-tugev-roostevabast-terasest-kaas-adexa-bcbd607\\\/#primaryimage\"},\"thumbnailUrl\":\"https:\\\/\\\/adexa.ee\\\/wp-content\\\/uploads\\\/2024\\\/12\\\/BCBD607.jpg\",\"datePublished\":\"2026-04-01T06:45:49+00:00\",\"dateModified\":\"2026-04-01T06:45:50+00:00\",\"breadcrumb\":{\"@id\":\"https:\\\/\\\/adexa.ee\\\/toode\\\/sugavkulmkirst-607-liitrit-tugev-roostevabast-terasest-kaas-adexa-bcbd607\\\/#breadcrumb\"},\"inLanguage\":\"en-US\",\"potentialAction\":[{\"@type\":\"ReadAction\",\"target\":[\"https:\\\/\\\/adexa.ee\\\/toode\\\/sugavkulmkirst-607-liitrit-tugev-roostevabast-terasest-kaas-adexa-bcbd607\\\/\"]}]},{\"@type\":\"ImageObject\",\"inLanguage\":\"en-US\",\"@id\":\"https:\\\/\\\/adexa.ee\\\/toode\\\/sugavkulmkirst-607-liitrit-tugev-roostevabast-terasest-kaas-adexa-bcbd607\\\/#primaryimage\",\"url\":\"https:\\\/\\\/adexa.ee\\\/wp-content\\\/uploads\\\/2024\\\/12\\\/BCBD607.jpg\",\"contentUrl\":\"https:\\\/\\\/adexa.ee\\\/wp-content\\\/uploads\\\/2024\\\/12\\\/BCBD607.jpg\",\"width\":2000,\"height\":2000},{\"@type\":\"BreadcrumbList\",\"@id\":\"https:\\\/\\\/adexa.ee\\\/toode\\\/sugavkulmkirst-607-liitrit-tugev-roostevabast-terasest-kaas-adexa-bcbd607\\\/#breadcrumb\",\"itemListElement\":[{\"@type\":\"ListItem\",\"position\":1,\"name\":\"Home\",\"item\":\"https:\\\/\\\/adexa.ee\\\/\"},{\"@type\":\"ListItem\",\"position\":2,\"name\":\"Tooted\",\"item\":\"https:\\\/\\\/adexa.ee\\\/pood\\\/\"},{\"@type\":\"ListItem\",\"position\":3,\"name\":\"S\u00fcgavk\u00fclmkirst 607 liitrit Tugev roostevabast terasest kaas | Adexa BCBD607\"}]},{\"@type\":\"WebSite\",\"@id\":\"https:\\\/\\\/adexa.ee\\\/#website\",\"url\":\"https:\\\/\\\/adexa.ee\\\/\",\"name\":\"Adexa\",\"description\":\"\",\"publisher\":{\"@id\":\"https:\\\/\\\/adexa.ee\\\/#organization\"},\"potentialAction\":[{\"@type\":\"SearchAction\",\"target\":{\"@type\":\"EntryPoint\",\"urlTemplate\":\"https:\\\/\\\/adexa.ee\\\/?s={search_term_string}\"},\"query-input\":{\"@type\":\"PropertyValueSpecification\",\"valueRequired\":true,\"valueName\":\"search_term_string\"}}],\"inLanguage\":\"en-US\"},{\"@type\":\"Organization\",\"@id\":\"https:\\\/\\\/adexa.ee\\\/#organization\",\"name\":\"Adexa\",\"url\":\"https:\\\/\\\/adexa.ee\\\/\",\"logo\":{\"@type\":\"ImageObject\",\"inLanguage\":\"en-US\",\"@id\":\"https:\\\/\\\/adexa.ee\\\/#\\\/schema\\\/logo\\\/image\\\/\",\"url\":\"https:\\\/\\\/adexa.ee\\\/wp-content\\\/uploads\\\/2024\\\/04\\\/chef-cooks-working-in-professional-kitchen-2023-11-27-05-07-39-utc-scaled.jpg\",\"contentUrl\":\"https:\\\/\\\/adexa.ee\\\/wp-content\\\/uploads\\\/2024\\\/04\\\/chef-cooks-working-in-professional-kitchen-2023-11-27-05-07-39-utc-scaled.jpg\",\"width\":2560,\"height\":1708,\"caption\":\"Adexa\"},\"image\":{\"@id\":\"https:\\\/\\\/adexa.ee\\\/#\\\/schema\\\/logo\\\/image\\\/\"}}]}<\/script>\n<!-- \/ Yoast SEO plugin. -->","yoast_head_json":{"title":"S\u00fcgavk\u00fclmkirst 607 liitrit Tugev roostevabast terasest kaas | Adexa BCBD607 - Adexa \u2013 Suurk\u00f6\u00f6giseadmed restoranidele ja toitlustusele","robots":{"index":"index","follow":"follow","max-snippet":"max-snippet:-1","max-image-preview":"max-image-preview:large","max-video-preview":"max-video-preview:-1"},"canonical":"https:\/\/adexa.ee\/toode\/sugavkulmkirst-607-liitrit-tugev-roostevabast-terasest-kaas-adexa-bcbd607\/","og_locale":"en_US","og_type":"article","og_title":"S\u00fcgavk\u00fclmkirst 607 liitrit Tugev roostevabast terasest kaas | Adexa BCBD607 - Adexa \u2013 Suurk\u00f6\u00f6giseadmed restoranidele ja toitlustusele","og_description":"Kaubanduslik rinnaga s\u00fcgavk\u00fclmik, millel on avar sisemaht 397L. Selle soodushinnaga on see ideaalne professionaalne k\u00fclmutatud toidu s\u00e4ilitamine restoranidele, hotellidele, baaridele,","og_url":"https:\/\/adexa.ee\/toode\/sugavkulmkirst-607-liitrit-tugev-roostevabast-terasest-kaas-adexa-bcbd607\/","og_site_name":"Adexa \u2013 Suurk\u00f6\u00f6giseadmed restoranidele ja toitlustusele","article_modified_time":"2026-04-01T06:45:50+00:00","og_image":[{"width":2000,"height":2000,"url":"https:\/\/adexa.ee\/wp-content\/uploads\/2024\/12\/BCBD607.jpg","type":"image\/jpeg"}],"twitter_card":"summary_large_image","schema":{"@context":"https:\/\/schema.org","@graph":[{"@type":"WebPage","@id":"https:\/\/adexa.ee\/toode\/sugavkulmkirst-607-liitrit-tugev-roostevabast-terasest-kaas-adexa-bcbd607\/","url":"https:\/\/adexa.ee\/toode\/sugavkulmkirst-607-liitrit-tugev-roostevabast-terasest-kaas-adexa-bcbd607\/","name":"S\u00fcgavk\u00fclmkirst 607 liitrit Tugev roostevabast terasest kaas | Adexa BCBD607 - Adexa \u2013 Suurk\u00f6\u00f6giseadmed restoranidele ja toitlustusele","isPartOf":{"@id":"https:\/\/adexa.ee\/#website"},"primaryImageOfPage":{"@id":"https:\/\/adexa.ee\/toode\/sugavkulmkirst-607-liitrit-tugev-roostevabast-terasest-kaas-adexa-bcbd607\/#primaryimage"},"image":{"@id":"https:\/\/adexa.ee\/toode\/sugavkulmkirst-607-liitrit-tugev-roostevabast-terasest-kaas-adexa-bcbd607\/#primaryimage"},"thumbnailUrl":"https:\/\/adexa.ee\/wp-content\/uploads\/2024\/12\/BCBD607.jpg","datePublished":"2026-04-01T06:45:49+00:00","dateModified":"2026-04-01T06:45:50+00:00","breadcrumb":{"@id":"https:\/\/adexa.ee\/toode\/sugavkulmkirst-607-liitrit-tugev-roostevabast-terasest-kaas-adexa-bcbd607\/#breadcrumb"},"inLanguage":"en-US","potentialAction":[{"@type":"ReadAction","target":["https:\/\/adexa.ee\/toode\/sugavkulmkirst-607-liitrit-tugev-roostevabast-terasest-kaas-adexa-bcbd607\/"]}]},{"@type":"ImageObject","inLanguage":"en-US","@id":"https:\/\/adexa.ee\/toode\/sugavkulmkirst-607-liitrit-tugev-roostevabast-terasest-kaas-adexa-bcbd607\/#primaryimage","url":"https:\/\/adexa.ee\/wp-content\/uploads\/2024\/12\/BCBD607.jpg","contentUrl":"https:\/\/adexa.ee\/wp-content\/uploads\/2024\/12\/BCBD607.jpg","width":2000,"height":2000},{"@type":"BreadcrumbList","@id":"https:\/\/adexa.ee\/toode\/sugavkulmkirst-607-liitrit-tugev-roostevabast-terasest-kaas-adexa-bcbd607\/#breadcrumb","itemListElement":[{"@type":"ListItem","position":1,"name":"Home","item":"https:\/\/adexa.ee\/"},{"@type":"ListItem","position":2,"name":"Tooted","item":"https:\/\/adexa.ee\/pood\/"},{"@type":"ListItem","position":3,"name":"S\u00fcgavk\u00fclmkirst 607 liitrit Tugev roostevabast terasest kaas | Adexa BCBD607"}]},{"@type":"WebSite","@id":"https:\/\/adexa.ee\/#website","url":"https:\/\/adexa.ee\/","name":"Adexa","description":"","publisher":{"@id":"https:\/\/adexa.ee\/#organization"},"potentialAction":[{"@type":"SearchAction","target":{"@type":"EntryPoint","urlTemplate":"https:\/\/adexa.ee\/?s={search_term_string}"},"query-input":{"@type":"PropertyValueSpecification","valueRequired":true,"valueName":"search_term_string"}}],"inLanguage":"en-US"},{"@type":"Organization","@id":"https:\/\/adexa.ee\/#organization","name":"Adexa","url":"https:\/\/adexa.ee\/","logo":{"@type":"ImageObject","inLanguage":"en-US","@id":"https:\/\/adexa.ee\/#\/schema\/logo\/image\/","url":"https:\/\/adexa.ee\/wp-content\/uploads\/2024\/04\/chef-cooks-working-in-professional-kitchen-2023-11-27-05-07-39-utc-scaled.jpg","contentUrl":"https:\/\/adexa.ee\/wp-content\/uploads\/2024\/04\/chef-cooks-working-in-professional-kitchen-2023-11-27-05-07-39-utc-scaled.jpg","width":2560,"height":1708,"caption":"Adexa"},"image":{"@id":"https:\/\/adexa.ee\/#\/schema\/logo\/image\/"}}]}},"_links":{"self":[{"href":"https:\/\/adexa.ee\/en\/wp-json\/wp\/v2\/product\/18118","targetHints":{"allow":["GET"]}}],"collection":[{"href":"https:\/\/adexa.ee\/en\/wp-json\/wp\/v2\/product"}],"about":[{"href":"https:\/\/adexa.ee\/en\/wp-json\/wp\/v2\/types\/product"}],"wp:featuredmedia":[{"embeddable":true,"href":"https:\/\/adexa.ee\/en\/wp-json\/wp\/v2\/media\/18120"}],"wp:attachment":[{"href":"https:\/\/adexa.ee\/en\/wp-json\/wp\/v2\/media?parent=18118"}],"wp:term":[{"taxonomy":"product_brand","embeddable":true,"href":"https:\/\/adexa.ee\/en\/wp-json\/wp\/v2\/product_brand?post=18118"},{"taxonomy":"product_cat","embeddable":true,"href":"https:\/\/adexa.ee\/en\/wp-json\/wp\/v2\/product_cat?post=18118"},{"taxonomy":"product_tag","embeddable":true,"href":"https:\/\/adexa.ee\/en\/wp-json\/wp\/v2\/product_tag?post=18118"}],"curies":[{"name":"wp","href":"https:\/\/api.w.org\/{rel}","templated":true}]}}