{"id":18125,"date":"2026-03-30T17:55:18","date_gmt":"2026-03-30T14:55:18","guid":{"rendered":"https:\/\/adexa.ee\/toode\/tagumine-baarjahuti-3-liugust-312-liitrit-roostevaba-teras-adexa-ssbc03ps\/"},"modified":"2026-03-30T17:55:19","modified_gmt":"2026-03-30T14:55:19","slug":"baarikulmik-3-liugust-312-liitrit-roostevaba-teras-adexa-ssbc03ps","status":"publish","type":"product","link":"https:\/\/adexa.ee\/en\/toode\/baarikulmik-3-liugust-312-liitrit-roostevaba-teras-adexa-ssbc03ps\/","title":{"rendered":"Baarik\u00fclmik 3 liugust 312 liitrit Roostevaba teras | Adexa SSBC03PS"},"content":{"rendered":"<p>Sellel kolme suure, selge uksega kaubanduslikul mitmeotstarbelisel toitlustuse \u00f5llek\u00fclmikul on palju kasulikke funktsioone, sealhulgas sisseehitatud temperatuuri juhtseade ja automaatne sulatamine. Ideaalne k\u00fclma \u00f5lle, siidri ja karastusjookide atraktiivseks esitlemiseks baarides, pubides, restoranides ja hotellides. Praegu suure soodushinnaga.Automaatne sulatus: Jah&nbsp;Temperatuuri digitaalne ekraan: JahJuhts\u00fcsteem: ElektroonilineKlaasist ukset\u00fc\u00fcp: LiuguksedUkseraam, uksek\u00e4epideme materjal: Must\/H\u00f5bedane PVCKlaasit\u00fc\u00fcp: KarastatudUkse automaatne sulgemine: JahLukustus: JahReguleeritavad jalad: 4 tkSisseehitatud valgus: HorisontaalnePinge\/sagedus: 220~240V\/50HZTemperatuur: +2\u00b0C kuni +8\u00b0CMaksimaalne \u00fcmbritseva \u00f5hu temperatuur: +35\u00b0CV\u00e4limine kapp: Eelv\u00e4rvitud teras&nbsp;Sisemine kapp: V\u00e4rvitud teras valges toonisAurusti: Puhutud laiendatud paneelAurustif\u00e4nn: 14W ruutf\u00e4nnDokumendidKl\u00f5psake siin kasutusjuhendi allalaadimiseksKl\u00f5psake siin energiam\u00e4rgise allalaadimiseks\u00dcksikasjaliku teabe leiate jaotises &#8220;Spetsifikatsioon&#8221;.<\/p>\n<table style=\"border-collapse: collapse; width: 100%; text-align: left;\">\n<tbody>\n<tr>\n<td style=\"border: 1px solid #ddd; padding: 8px; width: 45%;\"><strong>S\u00fcgavus<\/strong><\/td>\n<td style=\"border: 1px solid #ddd; padding: 8px;\">510 mm<\/td>\n<\/tr>\n<tr>\n<td style=\"border: 1px solid #ddd; padding: 8px; width: 45%;\"><strong>K\u00f5rgus<\/strong><\/td>\n<td style=\"border: 1px solid #ddd; padding: 8px;\">895 mm<\/td>\n<\/tr>\n<tr>\n<td style=\"border: 1px solid #ddd; padding: 8px; width: 45%;\"><strong>Laius<\/strong><\/td>\n<td style=\"border: 1px solid #ddd; padding: 8px;\">1335 mm<\/td>\n<\/tr>\n<tr>\n<td style=\"border: 1px solid #ddd; padding: 8px; width: 45%;\"><strong>Kaal<\/strong><\/td>\n<td style=\"border: 1px solid #ddd; padding: 8px;\">85 kg<\/td>\n<\/tr>\n<tr>\n<td style=\"border: 1px solid #ddd; padding: 8px; width: 45%;\"><strong>Garantii<\/strong><\/td>\n<td style=\"border: 1px solid #ddd; padding: 8px;\">12 kuu varuosade garantii<\/td>\n<\/tr>\n<tr>\n<td style=\"border: 1px solid #ddd; padding: 8px; width: 45%;\"><strong>Mahutavus<\/strong><\/td>\n<td style=\"border: 1px solid #ddd; padding: 8px;\">300 liitrit (400-420 purki\/pudelit)<\/td>\n<\/tr>\n<tr>\n<td style=\"border: 1px solid #ddd; padding: 8px; width: 45%;\"><strong>Toiteallikas<\/strong><\/td>\n<td style=\"border: 1px solid #ddd; padding: 8px;\">230V \/ 1 faas<\/td>\n<\/tr>\n<tr>\n<td style=\"border: 1px solid #ddd; padding: 8px; width: 45%;\"><strong>V\u00f5imsus<\/strong><\/td>\n<td style=\"border: 1px solid #ddd; padding: 8px;\">300W<\/td>\n<\/tr>\n<tr>\n<td style=\"border: 1px solid #ddd; padding: 8px; width: 45%;\"><strong>Uksed<\/strong><\/td>\n<td style=\"border: 1px solid #ddd; padding: 8px;\">3 l\u00fckandklaasust<\/td>\n<\/tr>\n<tr>\n<td style=\"border: 1px solid #ddd; padding: 8px; width: 45%;\"><strong>Sulatamine<\/strong><\/td>\n<td style=\"border: 1px solid #ddd; padding: 8px;\">Automaatne<\/td>\n<\/tr>\n<tr>\n<td style=\"border: 1px solid #ddd; padding: 8px; width: 45%;\"><strong>K\u00fclmaaine<\/strong><\/td>\n<td style=\"border: 1px solid #ddd; padding: 8px;\">R600a<\/td>\n<\/tr>\n<tr>\n<td style=\"border: 1px solid #ddd; padding: 8px; width: 45%;\"><strong>Temperatuur<\/strong><\/td>\n<td style=\"border: 1px solid #ddd; padding: 8px;\">+2 \u00b0C kuni +8 \u00b0C<\/td>\n<\/tr>\n<tr>\n<td style=\"border: 1px solid #ddd; padding: 8px; width: 45%;\"><strong>Kontrollid<\/strong><\/td>\n<td style=\"border: 1px solid #ddd; padding: 8px;\">Digitaalne temperatuuri reguleerimine LED-ekraaniga<\/td>\n<\/tr>\n<tr>\n<td style=\"border: 1px solid #ddd; padding: 8px; width: 45%;\"><strong>Valgustus<\/strong><\/td>\n<td style=\"border: 1px solid #ddd; padding: 8px;\">LED<\/td>\n<\/tr>\n<tr>\n<td style=\"border: 1px solid #ddd; padding: 8px; width: 45%;\"><strong>Maksimaalne temperatuur (ruum)<\/strong><\/td>\n<td style=\"border: 1px solid #ddd; padding: 8px;\">+35\u00b0C<\/td>\n<\/tr>\n<tr>\n<td style=\"border: 1px solid #ddd; padding: 8px; width: 45%;\"><strong>Lukk<\/strong><\/td>\n<td style=\"border: 1px solid #ddd; padding: 8px;\">Jah<\/td>\n<\/tr>\n<tr>\n<td style=\"border: 1px solid #ddd; padding: 8px; width: 45%;\"><strong>V\u00f5imsuse tarbimine<\/strong><\/td>\n<td style=\"border: 1px solid #ddd; padding: 8px;\">985 kWh\/aastas<\/td>\n<\/tr>\n<\/tbody>\n<\/table>\n","protected":false},"excerpt":{"rendered":"<p>Sellel kolme suure, selge uksega kaubanduslikul mitmeotstarbelisel toitlustuse \u00f5llek\u00fclmikul on palju kasulikke funktsioone, sealhulgas sisseehitatud temperatuuri juhtseade ja automaatne sulatamine.<\/p>\n","protected":false},"featured_media":18127,"template":"","meta":[],"product_brand":[],"product_cat":[766,564,569,931],"product_tag":[],"class_list":{"0":"post-18125","1":"product","2":"type-product","3":"status-publish","4":"has-post-thumbnail","6":"product_cat-baarikulmikud","7":"product_cat-jahutusseadmed","8":"product_cat-lopumuuk","9":"product_cat-roostevaba-terase-viimistlusega-tagabaari-kulmikud","11":"first","12":"instock","13":"sale","14":"taxable","15":"shipping-taxable","16":"purchasable","17":"product-type-simple"},"yoast_head":"<!-- This site is optimized with the Yoast SEO plugin v27.3 - https:\/\/yoast.com\/product\/yoast-seo-wordpress\/ -->\n<title>Baarik\u00fclmik 3 liugust 312 liitrit Roostevaba teras | Adexa SSBC03PS - Adexa \u2013 Suurk\u00f6\u00f6giseadmed restoranidele ja toitlustusele<\/title>\n<meta name=\"robots\" content=\"index, follow, max-snippet:-1, max-image-preview:large, max-video-preview:-1\" \/>\n<link rel=\"canonical\" href=\"https:\/\/adexa.ee\/toode\/baarikulmik-3-liugust-312-liitrit-roostevaba-teras-adexa-ssbc03ps\/\" \/>\n<meta property=\"og:locale\" content=\"en_US\" \/>\n<meta property=\"og:type\" content=\"article\" \/>\n<meta property=\"og:title\" content=\"Baarik\u00fclmik 3 liugust 312 liitrit Roostevaba teras | Adexa SSBC03PS - Adexa \u2013 Suurk\u00f6\u00f6giseadmed restoranidele ja toitlustusele\" \/>\n<meta property=\"og:description\" content=\"Sellel kolme suure, selge uksega kaubanduslikul mitmeotstarbelisel toitlustuse \u00f5llek\u00fclmikul on palju kasulikke funktsioone, sealhulgas sisseehitatud temperatuuri juhtseade ja automaatne sulatamine.\" \/>\n<meta property=\"og:url\" content=\"https:\/\/adexa.ee\/toode\/baarikulmik-3-liugust-312-liitrit-roostevaba-teras-adexa-ssbc03ps\/\" \/>\n<meta property=\"og:site_name\" content=\"Adexa \u2013 Suurk\u00f6\u00f6giseadmed restoranidele ja toitlustusele\" \/>\n<meta property=\"article:modified_time\" content=\"2026-03-30T14:55:19+00:00\" \/>\n<meta property=\"og:image\" content=\"https:\/\/adexa.ee\/wp-content\/uploads\/2024\/12\/SSBC03PS.jpg\" \/>\n\t<meta property=\"og:image:width\" content=\"2000\" \/>\n\t<meta property=\"og:image:height\" content=\"2000\" \/>\n\t<meta property=\"og:image:type\" content=\"image\/jpeg\" \/>\n<meta name=\"twitter:card\" content=\"summary_large_image\" \/>\n<meta name=\"twitter:label1\" content=\"Est. reading time\" \/>\n\t<meta name=\"twitter:data1\" content=\"1 minute\" \/>\n<script type=\"application\/ld+json\" class=\"yoast-schema-graph\">{\"@context\":\"https:\\\/\\\/schema.org\",\"@graph\":[{\"@type\":\"WebPage\",\"@id\":\"https:\\\/\\\/adexa.ee\\\/toode\\\/baarikulmik-3-liugust-312-liitrit-roostevaba-teras-adexa-ssbc03ps\\\/\",\"url\":\"https:\\\/\\\/adexa.ee\\\/toode\\\/baarikulmik-3-liugust-312-liitrit-roostevaba-teras-adexa-ssbc03ps\\\/\",\"name\":\"Baarik\u00fclmik 3 liugust 312 liitrit Roostevaba teras | Adexa SSBC03PS - Adexa \u2013 Suurk\u00f6\u00f6giseadmed restoranidele ja toitlustusele\",\"isPartOf\":{\"@id\":\"https:\\\/\\\/adexa.ee\\\/#website\"},\"primaryImageOfPage\":{\"@id\":\"https:\\\/\\\/adexa.ee\\\/toode\\\/baarikulmik-3-liugust-312-liitrit-roostevaba-teras-adexa-ssbc03ps\\\/#primaryimage\"},\"image\":{\"@id\":\"https:\\\/\\\/adexa.ee\\\/toode\\\/baarikulmik-3-liugust-312-liitrit-roostevaba-teras-adexa-ssbc03ps\\\/#primaryimage\"},\"thumbnailUrl\":\"https:\\\/\\\/adexa.ee\\\/wp-content\\\/uploads\\\/2024\\\/12\\\/SSBC03PS.jpg\",\"datePublished\":\"2026-03-30T14:55:18+00:00\",\"dateModified\":\"2026-03-30T14:55:19+00:00\",\"breadcrumb\":{\"@id\":\"https:\\\/\\\/adexa.ee\\\/toode\\\/baarikulmik-3-liugust-312-liitrit-roostevaba-teras-adexa-ssbc03ps\\\/#breadcrumb\"},\"inLanguage\":\"en-US\",\"potentialAction\":[{\"@type\":\"ReadAction\",\"target\":[\"https:\\\/\\\/adexa.ee\\\/toode\\\/baarikulmik-3-liugust-312-liitrit-roostevaba-teras-adexa-ssbc03ps\\\/\"]}]},{\"@type\":\"ImageObject\",\"inLanguage\":\"en-US\",\"@id\":\"https:\\\/\\\/adexa.ee\\\/toode\\\/baarikulmik-3-liugust-312-liitrit-roostevaba-teras-adexa-ssbc03ps\\\/#primaryimage\",\"url\":\"https:\\\/\\\/adexa.ee\\\/wp-content\\\/uploads\\\/2024\\\/12\\\/SSBC03PS.jpg\",\"contentUrl\":\"https:\\\/\\\/adexa.ee\\\/wp-content\\\/uploads\\\/2024\\\/12\\\/SSBC03PS.jpg\",\"width\":2000,\"height\":2000},{\"@type\":\"BreadcrumbList\",\"@id\":\"https:\\\/\\\/adexa.ee\\\/toode\\\/baarikulmik-3-liugust-312-liitrit-roostevaba-teras-adexa-ssbc03ps\\\/#breadcrumb\",\"itemListElement\":[{\"@type\":\"ListItem\",\"position\":1,\"name\":\"Home\",\"item\":\"https:\\\/\\\/adexa.ee\\\/\"},{\"@type\":\"ListItem\",\"position\":2,\"name\":\"Tooted\",\"item\":\"https:\\\/\\\/adexa.ee\\\/pood\\\/\"},{\"@type\":\"ListItem\",\"position\":3,\"name\":\"Baarik\u00fclmik 3 liugust 312 liitrit Roostevaba teras | Adexa SSBC03PS\"}]},{\"@type\":\"WebSite\",\"@id\":\"https:\\\/\\\/adexa.ee\\\/#website\",\"url\":\"https:\\\/\\\/adexa.ee\\\/\",\"name\":\"Adexa\",\"description\":\"\",\"publisher\":{\"@id\":\"https:\\\/\\\/adexa.ee\\\/#organization\"},\"potentialAction\":[{\"@type\":\"SearchAction\",\"target\":{\"@type\":\"EntryPoint\",\"urlTemplate\":\"https:\\\/\\\/adexa.ee\\\/?s={search_term_string}\"},\"query-input\":{\"@type\":\"PropertyValueSpecification\",\"valueRequired\":true,\"valueName\":\"search_term_string\"}}],\"inLanguage\":\"en-US\"},{\"@type\":\"Organization\",\"@id\":\"https:\\\/\\\/adexa.ee\\\/#organization\",\"name\":\"Adexa\",\"url\":\"https:\\\/\\\/adexa.ee\\\/\",\"logo\":{\"@type\":\"ImageObject\",\"inLanguage\":\"en-US\",\"@id\":\"https:\\\/\\\/adexa.ee\\\/#\\\/schema\\\/logo\\\/image\\\/\",\"url\":\"https:\\\/\\\/adexa.ee\\\/wp-content\\\/uploads\\\/2024\\\/04\\\/chef-cooks-working-in-professional-kitchen-2023-11-27-05-07-39-utc-scaled.jpg\",\"contentUrl\":\"https:\\\/\\\/adexa.ee\\\/wp-content\\\/uploads\\\/2024\\\/04\\\/chef-cooks-working-in-professional-kitchen-2023-11-27-05-07-39-utc-scaled.jpg\",\"width\":2560,\"height\":1708,\"caption\":\"Adexa\"},\"image\":{\"@id\":\"https:\\\/\\\/adexa.ee\\\/#\\\/schema\\\/logo\\\/image\\\/\"}}]}<\/script>\n<!-- \/ Yoast SEO plugin. -->","yoast_head_json":{"title":"Baarik\u00fclmik 3 liugust 312 liitrit Roostevaba teras | Adexa SSBC03PS - Adexa \u2013 Suurk\u00f6\u00f6giseadmed restoranidele ja toitlustusele","robots":{"index":"index","follow":"follow","max-snippet":"max-snippet:-1","max-image-preview":"max-image-preview:large","max-video-preview":"max-video-preview:-1"},"canonical":"https:\/\/adexa.ee\/toode\/baarikulmik-3-liugust-312-liitrit-roostevaba-teras-adexa-ssbc03ps\/","og_locale":"en_US","og_type":"article","og_title":"Baarik\u00fclmik 3 liugust 312 liitrit Roostevaba teras | Adexa SSBC03PS - Adexa \u2013 Suurk\u00f6\u00f6giseadmed restoranidele ja toitlustusele","og_description":"Sellel kolme suure, selge uksega kaubanduslikul mitmeotstarbelisel toitlustuse \u00f5llek\u00fclmikul on palju kasulikke funktsioone, sealhulgas sisseehitatud temperatuuri juhtseade ja automaatne sulatamine.","og_url":"https:\/\/adexa.ee\/toode\/baarikulmik-3-liugust-312-liitrit-roostevaba-teras-adexa-ssbc03ps\/","og_site_name":"Adexa \u2013 Suurk\u00f6\u00f6giseadmed restoranidele ja toitlustusele","article_modified_time":"2026-03-30T14:55:19+00:00","og_image":[{"width":2000,"height":2000,"url":"https:\/\/adexa.ee\/wp-content\/uploads\/2024\/12\/SSBC03PS.jpg","type":"image\/jpeg"}],"twitter_card":"summary_large_image","twitter_misc":{"Est. reading time":"1 minute"},"schema":{"@context":"https:\/\/schema.org","@graph":[{"@type":"WebPage","@id":"https:\/\/adexa.ee\/toode\/baarikulmik-3-liugust-312-liitrit-roostevaba-teras-adexa-ssbc03ps\/","url":"https:\/\/adexa.ee\/toode\/baarikulmik-3-liugust-312-liitrit-roostevaba-teras-adexa-ssbc03ps\/","name":"Baarik\u00fclmik 3 liugust 312 liitrit Roostevaba teras | Adexa SSBC03PS - Adexa \u2013 Suurk\u00f6\u00f6giseadmed restoranidele ja toitlustusele","isPartOf":{"@id":"https:\/\/adexa.ee\/#website"},"primaryImageOfPage":{"@id":"https:\/\/adexa.ee\/toode\/baarikulmik-3-liugust-312-liitrit-roostevaba-teras-adexa-ssbc03ps\/#primaryimage"},"image":{"@id":"https:\/\/adexa.ee\/toode\/baarikulmik-3-liugust-312-liitrit-roostevaba-teras-adexa-ssbc03ps\/#primaryimage"},"thumbnailUrl":"https:\/\/adexa.ee\/wp-content\/uploads\/2024\/12\/SSBC03PS.jpg","datePublished":"2026-03-30T14:55:18+00:00","dateModified":"2026-03-30T14:55:19+00:00","breadcrumb":{"@id":"https:\/\/adexa.ee\/toode\/baarikulmik-3-liugust-312-liitrit-roostevaba-teras-adexa-ssbc03ps\/#breadcrumb"},"inLanguage":"en-US","potentialAction":[{"@type":"ReadAction","target":["https:\/\/adexa.ee\/toode\/baarikulmik-3-liugust-312-liitrit-roostevaba-teras-adexa-ssbc03ps\/"]}]},{"@type":"ImageObject","inLanguage":"en-US","@id":"https:\/\/adexa.ee\/toode\/baarikulmik-3-liugust-312-liitrit-roostevaba-teras-adexa-ssbc03ps\/#primaryimage","url":"https:\/\/adexa.ee\/wp-content\/uploads\/2024\/12\/SSBC03PS.jpg","contentUrl":"https:\/\/adexa.ee\/wp-content\/uploads\/2024\/12\/SSBC03PS.jpg","width":2000,"height":2000},{"@type":"BreadcrumbList","@id":"https:\/\/adexa.ee\/toode\/baarikulmik-3-liugust-312-liitrit-roostevaba-teras-adexa-ssbc03ps\/#breadcrumb","itemListElement":[{"@type":"ListItem","position":1,"name":"Home","item":"https:\/\/adexa.ee\/"},{"@type":"ListItem","position":2,"name":"Tooted","item":"https:\/\/adexa.ee\/pood\/"},{"@type":"ListItem","position":3,"name":"Baarik\u00fclmik 3 liugust 312 liitrit Roostevaba teras | Adexa SSBC03PS"}]},{"@type":"WebSite","@id":"https:\/\/adexa.ee\/#website","url":"https:\/\/adexa.ee\/","name":"Adexa","description":"","publisher":{"@id":"https:\/\/adexa.ee\/#organization"},"potentialAction":[{"@type":"SearchAction","target":{"@type":"EntryPoint","urlTemplate":"https:\/\/adexa.ee\/?s={search_term_string}"},"query-input":{"@type":"PropertyValueSpecification","valueRequired":true,"valueName":"search_term_string"}}],"inLanguage":"en-US"},{"@type":"Organization","@id":"https:\/\/adexa.ee\/#organization","name":"Adexa","url":"https:\/\/adexa.ee\/","logo":{"@type":"ImageObject","inLanguage":"en-US","@id":"https:\/\/adexa.ee\/#\/schema\/logo\/image\/","url":"https:\/\/adexa.ee\/wp-content\/uploads\/2024\/04\/chef-cooks-working-in-professional-kitchen-2023-11-27-05-07-39-utc-scaled.jpg","contentUrl":"https:\/\/adexa.ee\/wp-content\/uploads\/2024\/04\/chef-cooks-working-in-professional-kitchen-2023-11-27-05-07-39-utc-scaled.jpg","width":2560,"height":1708,"caption":"Adexa"},"image":{"@id":"https:\/\/adexa.ee\/#\/schema\/logo\/image\/"}}]}},"_links":{"self":[{"href":"https:\/\/adexa.ee\/en\/wp-json\/wp\/v2\/product\/18125","targetHints":{"allow":["GET"]}}],"collection":[{"href":"https:\/\/adexa.ee\/en\/wp-json\/wp\/v2\/product"}],"about":[{"href":"https:\/\/adexa.ee\/en\/wp-json\/wp\/v2\/types\/product"}],"wp:featuredmedia":[{"embeddable":true,"href":"https:\/\/adexa.ee\/en\/wp-json\/wp\/v2\/media\/18127"}],"wp:attachment":[{"href":"https:\/\/adexa.ee\/en\/wp-json\/wp\/v2\/media?parent=18125"}],"wp:term":[{"taxonomy":"product_brand","embeddable":true,"href":"https:\/\/adexa.ee\/en\/wp-json\/wp\/v2\/product_brand?post=18125"},{"taxonomy":"product_cat","embeddable":true,"href":"https:\/\/adexa.ee\/en\/wp-json\/wp\/v2\/product_cat?post=18125"},{"taxonomy":"product_tag","embeddable":true,"href":"https:\/\/adexa.ee\/en\/wp-json\/wp\/v2\/product_tag?post=18125"}],"curies":[{"name":"wp","href":"https:\/\/api.w.org\/{rel}","templated":true}]}}