{"id":19088,"date":"2026-03-27T13:55:20","date_gmt":"2026-03-27T11:55:20","guid":{"rendered":"https:\/\/adexa.ee\/toode\/kaubanduslik-bain-marie-4xgn1-2-mahutid-ja-kaaned-aravoolukraan-adexa-br11045\/"},"modified":"2026-03-27T13:55:21","modified_gmt":"2026-03-27T11:55:21","slug":"bain-marie-koos-4xgn1-2-konteinerite-ja-kaante-ning-aravoolukraaniga-adexa-br11045","status":"publish","type":"product","link":"https:\/\/adexa.ee\/en\/toode\/bain-marie-koos-4xgn1-2-konteinerite-ja-kaante-ning-aravoolukraaniga-adexa-br11045\/","title":{"rendered":"Bain Marie koos 4xGN1\/2 konteinerite ja kaante ning \u00e4ravoolukraaniga | Adexa BR11045"},"content":{"rendered":"<p>See professionaalne m\u00e4rg bain marie on ideaalne toitlustusseade suurte toidukoguste soojana hoidmiseks, et need oleksid taldrikule v\u00f5i teenindusse valmis. M\u00f5eldud pakkuma usaldusv\u00e4\u00e4rset, \u00fchtlast soojust. Paigaldatud on standardne UK pistik. T\u00e4psema teabe saamiseks vaadake all &#8220;Spetsifikatsioon&#8221;.<\/p>\n<table style=\"border-collapse: collapse; width: 100%; text-align: left;\">\n<tbody>\n<tr>\n<td style=\"border: 1px solid #ddd; padding: 8px; width: 45%;\"><strong>S\u00fcgavus<\/strong><\/td>\n<td style=\"border: 1px solid #ddd; padding: 8px;\">435 mm<\/td>\n<\/tr>\n<tr>\n<td style=\"border: 1px solid #ddd; padding: 8px; width: 45%;\"><strong>K\u00f5rgus<\/strong><\/td>\n<td style=\"border: 1px solid #ddd; padding: 8px;\">255mm<\/td>\n<\/tr>\n<tr>\n<td style=\"border: 1px solid #ddd; padding: 8px; width: 45%;\"><strong>Laius<\/strong><\/td>\n<td style=\"border: 1px solid #ddd; padding: 8px;\">1145 mm<\/td>\n<\/tr>\n<tr>\n<td style=\"border: 1px solid #ddd; padding: 8px; width: 45%;\"><strong>Kaal<\/strong><\/td>\n<td style=\"border: 1px solid #ddd; padding: 8px;\">11,5 kg<\/td>\n<\/tr>\n<tr>\n<td style=\"border: 1px solid #ddd; padding: 8px; width: 45%;\"><strong>Garantii<\/strong><\/td>\n<td style=\"border: 1px solid #ddd; padding: 8px;\">12 kuu varuosade garantii<\/td>\n<\/tr>\n<tr>\n<td style=\"border: 1px solid #ddd; padding: 8px; width: 45%;\"><strong>T\u00fc\u00fcp<\/strong><\/td>\n<td style=\"border: 1px solid #ddd; padding: 8px;\">T\u00f6\u00f6pind<\/td>\n<\/tr>\n<tr>\n<td style=\"border: 1px solid #ddd; padding: 8px; width: 45%;\"><strong>Mahutavus<\/strong><\/td>\n<td style=\"border: 1px solid #ddd; padding: 8px;\">4 x GN1\/2<\/td>\n<\/tr>\n<tr>\n<td style=\"border: 1px solid #ddd; padding: 8px; width: 45%;\"><strong>Toiteallikas<\/strong><\/td>\n<td style=\"border: 1px solid #ddd; padding: 8px;\">230 V \/ 1 faas<\/td>\n<\/tr>\n<tr>\n<td style=\"border: 1px solid #ddd; padding: 8px; width: 45%;\"><strong>V\u00f5imsus<\/strong><\/td>\n<td style=\"border: 1px solid #ddd; padding: 8px;\">1500W<\/td>\n<\/tr>\n<tr>\n<td style=\"border: 1px solid #ddd; padding: 8px; width: 45%;\"><strong>Materjal<\/strong><\/td>\n<td style=\"border: 1px solid #ddd; padding: 8px;\">Roostevaba teras<\/td>\n<\/tr>\n<tr>\n<td style=\"border: 1px solid #ddd; padding: 8px; width: 45%;\"><strong>Kaasas<\/strong><\/td>\n<td style=\"border: 1px solid #ddd; padding: 8px;\">4 x GN1\/2 konteinerit kaanega<\/td>\n<\/tr>\n<tr>\n<td style=\"border: 1px solid #ddd; padding: 8px; width: 45%;\"><strong>Temperatuur<\/strong><\/td>\n<td style=\"border: 1px solid #ddd; padding: 8px;\">+0 \u00b0C kuni +85 \u00b0C<\/td>\n<\/tr>\n<tr>\n<td style=\"border: 1px solid #ddd; padding: 8px; width: 45%;\"><strong>Segisti<\/strong><\/td>\n<td style=\"border: 1px solid #ddd; padding: 8px;\">Jah<\/td>\n<\/tr>\n<tr>\n<td style=\"border: 1px solid #ddd; padding: 8px; width: 45%;\"><strong>Kontrollid<\/strong><\/td>\n<td style=\"border: 1px solid #ddd; padding: 8px;\">K\u00e4siraamat<\/td>\n<\/tr>\n<\/tbody>\n<\/table>\n","protected":false},"excerpt":{"rendered":"<p>See professionaalne m\u00e4rg bain marie on ideaalne toitlustusseade suurte toidukoguste soojana hoidmiseks, et need oleksid taldrikule v\u00f5i teenindusse valmis. M\u00f5eldud<\/p>\n","protected":false},"featured_media":26891,"template":"","meta":[],"product_brand":[],"product_cat":[705,557,588,706,704,558],"product_tag":[],"class_list":{"0":"post-19088","1":"product","2":"type-product","3":"status-publish","4":"has-post-thumbnail","6":"product_cat-bain-marie-ja-kuumanumad-seadmed","7":"product_cat-kupsetusseadmed","8":"product_cat-kuumseadmed","9":"product_cat-lauapealsed-bain-marie-ja-kuumpotid","10":"product_cat-marmiidid","11":"product_cat-toidu-soojendamine","13":"first","14":"instock","15":"sale","16":"taxable","17":"shipping-taxable","18":"purchasable","19":"product-type-simple"},"yoast_head":"<!-- This site is optimized with the Yoast SEO plugin v27.3 - https:\/\/yoast.com\/product\/yoast-seo-wordpress\/ -->\n<title>Bain Marie koos 4xGN1\/2 konteinerite ja kaante ning \u00e4ravoolukraaniga | Adexa BR11045 - Adexa \u2013 Suurk\u00f6\u00f6giseadmed restoranidele ja toitlustusele<\/title>\n<meta name=\"robots\" content=\"index, follow, max-snippet:-1, max-image-preview:large, max-video-preview:-1\" \/>\n<link rel=\"canonical\" href=\"https:\/\/adexa.ee\/toode\/bain-marie-koos-4xgn1-2-konteinerite-ja-kaante-ning-aravoolukraaniga-adexa-br11045\/\" \/>\n<meta property=\"og:locale\" content=\"en_US\" \/>\n<meta property=\"og:type\" content=\"article\" \/>\n<meta property=\"og:title\" content=\"Bain Marie koos 4xGN1\/2 konteinerite ja kaante ning \u00e4ravoolukraaniga | Adexa BR11045 - Adexa \u2013 Suurk\u00f6\u00f6giseadmed restoranidele ja toitlustusele\" \/>\n<meta property=\"og:description\" content=\"See professionaalne m\u00e4rg bain marie on ideaalne toitlustusseade suurte toidukoguste soojana hoidmiseks, et need oleksid taldrikule v\u00f5i teenindusse valmis. M\u00f5eldud\" \/>\n<meta property=\"og:url\" content=\"https:\/\/adexa.ee\/toode\/bain-marie-koos-4xgn1-2-konteinerite-ja-kaante-ning-aravoolukraaniga-adexa-br11045\/\" \/>\n<meta property=\"og:site_name\" content=\"Adexa \u2013 Suurk\u00f6\u00f6giseadmed restoranidele ja toitlustusele\" \/>\n<meta property=\"article:modified_time\" content=\"2026-03-27T11:55:21+00:00\" \/>\n<meta property=\"og:image\" content=\"https:\/\/adexa.ee\/wp-content\/uploads\/2024\/12\/BR11045.jpg\" \/>\n\t<meta property=\"og:image:width\" content=\"1152\" \/>\n\t<meta property=\"og:image:height\" content=\"1152\" \/>\n\t<meta property=\"og:image:type\" content=\"image\/jpeg\" \/>\n<meta name=\"twitter:card\" content=\"summary_large_image\" \/>\n<script type=\"application\/ld+json\" class=\"yoast-schema-graph\">{\"@context\":\"https:\\\/\\\/schema.org\",\"@graph\":[{\"@type\":\"WebPage\",\"@id\":\"https:\\\/\\\/adexa.ee\\\/toode\\\/bain-marie-koos-4xgn1-2-konteinerite-ja-kaante-ning-aravoolukraaniga-adexa-br11045\\\/\",\"url\":\"https:\\\/\\\/adexa.ee\\\/toode\\\/bain-marie-koos-4xgn1-2-konteinerite-ja-kaante-ning-aravoolukraaniga-adexa-br11045\\\/\",\"name\":\"Bain Marie koos 4xGN1\\\/2 konteinerite ja kaante ning \u00e4ravoolukraaniga | Adexa BR11045 - Adexa \u2013 Suurk\u00f6\u00f6giseadmed restoranidele ja toitlustusele\",\"isPartOf\":{\"@id\":\"https:\\\/\\\/adexa.ee\\\/#website\"},\"primaryImageOfPage\":{\"@id\":\"https:\\\/\\\/adexa.ee\\\/toode\\\/bain-marie-koos-4xgn1-2-konteinerite-ja-kaante-ning-aravoolukraaniga-adexa-br11045\\\/#primaryimage\"},\"image\":{\"@id\":\"https:\\\/\\\/adexa.ee\\\/toode\\\/bain-marie-koos-4xgn1-2-konteinerite-ja-kaante-ning-aravoolukraaniga-adexa-br11045\\\/#primaryimage\"},\"thumbnailUrl\":\"https:\\\/\\\/adexa.ee\\\/wp-content\\\/uploads\\\/2024\\\/12\\\/BR11045.jpg\",\"datePublished\":\"2026-03-27T11:55:20+00:00\",\"dateModified\":\"2026-03-27T11:55:21+00:00\",\"breadcrumb\":{\"@id\":\"https:\\\/\\\/adexa.ee\\\/toode\\\/bain-marie-koos-4xgn1-2-konteinerite-ja-kaante-ning-aravoolukraaniga-adexa-br11045\\\/#breadcrumb\"},\"inLanguage\":\"en-US\",\"potentialAction\":[{\"@type\":\"ReadAction\",\"target\":[\"https:\\\/\\\/adexa.ee\\\/toode\\\/bain-marie-koos-4xgn1-2-konteinerite-ja-kaante-ning-aravoolukraaniga-adexa-br11045\\\/\"]}]},{\"@type\":\"ImageObject\",\"inLanguage\":\"en-US\",\"@id\":\"https:\\\/\\\/adexa.ee\\\/toode\\\/bain-marie-koos-4xgn1-2-konteinerite-ja-kaante-ning-aravoolukraaniga-adexa-br11045\\\/#primaryimage\",\"url\":\"https:\\\/\\\/adexa.ee\\\/wp-content\\\/uploads\\\/2024\\\/12\\\/BR11045.jpg\",\"contentUrl\":\"https:\\\/\\\/adexa.ee\\\/wp-content\\\/uploads\\\/2024\\\/12\\\/BR11045.jpg\",\"width\":1152,\"height\":1152},{\"@type\":\"BreadcrumbList\",\"@id\":\"https:\\\/\\\/adexa.ee\\\/toode\\\/bain-marie-koos-4xgn1-2-konteinerite-ja-kaante-ning-aravoolukraaniga-adexa-br11045\\\/#breadcrumb\",\"itemListElement\":[{\"@type\":\"ListItem\",\"position\":1,\"name\":\"Home\",\"item\":\"https:\\\/\\\/adexa.ee\\\/\"},{\"@type\":\"ListItem\",\"position\":2,\"name\":\"Tooted\",\"item\":\"https:\\\/\\\/adexa.ee\\\/pood\\\/\"},{\"@type\":\"ListItem\",\"position\":3,\"name\":\"Bain Marie koos 4xGN1\\\/2 konteinerite ja kaante ning \u00e4ravoolukraaniga | Adexa BR11045\"}]},{\"@type\":\"WebSite\",\"@id\":\"https:\\\/\\\/adexa.ee\\\/#website\",\"url\":\"https:\\\/\\\/adexa.ee\\\/\",\"name\":\"Adexa\",\"description\":\"\",\"publisher\":{\"@id\":\"https:\\\/\\\/adexa.ee\\\/#organization\"},\"potentialAction\":[{\"@type\":\"SearchAction\",\"target\":{\"@type\":\"EntryPoint\",\"urlTemplate\":\"https:\\\/\\\/adexa.ee\\\/?s={search_term_string}\"},\"query-input\":{\"@type\":\"PropertyValueSpecification\",\"valueRequired\":true,\"valueName\":\"search_term_string\"}}],\"inLanguage\":\"en-US\"},{\"@type\":\"Organization\",\"@id\":\"https:\\\/\\\/adexa.ee\\\/#organization\",\"name\":\"Adexa\",\"url\":\"https:\\\/\\\/adexa.ee\\\/\",\"logo\":{\"@type\":\"ImageObject\",\"inLanguage\":\"en-US\",\"@id\":\"https:\\\/\\\/adexa.ee\\\/#\\\/schema\\\/logo\\\/image\\\/\",\"url\":\"https:\\\/\\\/adexa.ee\\\/wp-content\\\/uploads\\\/2024\\\/04\\\/chef-cooks-working-in-professional-kitchen-2023-11-27-05-07-39-utc-scaled.jpg\",\"contentUrl\":\"https:\\\/\\\/adexa.ee\\\/wp-content\\\/uploads\\\/2024\\\/04\\\/chef-cooks-working-in-professional-kitchen-2023-11-27-05-07-39-utc-scaled.jpg\",\"width\":2560,\"height\":1708,\"caption\":\"Adexa\"},\"image\":{\"@id\":\"https:\\\/\\\/adexa.ee\\\/#\\\/schema\\\/logo\\\/image\\\/\"}}]}<\/script>\n<!-- \/ Yoast SEO plugin. -->","yoast_head_json":{"title":"Bain Marie koos 4xGN1\/2 konteinerite ja kaante ning \u00e4ravoolukraaniga | Adexa BR11045 - Adexa \u2013 Suurk\u00f6\u00f6giseadmed restoranidele ja toitlustusele","robots":{"index":"index","follow":"follow","max-snippet":"max-snippet:-1","max-image-preview":"max-image-preview:large","max-video-preview":"max-video-preview:-1"},"canonical":"https:\/\/adexa.ee\/toode\/bain-marie-koos-4xgn1-2-konteinerite-ja-kaante-ning-aravoolukraaniga-adexa-br11045\/","og_locale":"en_US","og_type":"article","og_title":"Bain Marie koos 4xGN1\/2 konteinerite ja kaante ning \u00e4ravoolukraaniga | Adexa BR11045 - Adexa \u2013 Suurk\u00f6\u00f6giseadmed restoranidele ja toitlustusele","og_description":"See professionaalne m\u00e4rg bain marie on ideaalne toitlustusseade suurte toidukoguste soojana hoidmiseks, et need oleksid taldrikule v\u00f5i teenindusse valmis. M\u00f5eldud","og_url":"https:\/\/adexa.ee\/toode\/bain-marie-koos-4xgn1-2-konteinerite-ja-kaante-ning-aravoolukraaniga-adexa-br11045\/","og_site_name":"Adexa \u2013 Suurk\u00f6\u00f6giseadmed restoranidele ja toitlustusele","article_modified_time":"2026-03-27T11:55:21+00:00","og_image":[{"width":1152,"height":1152,"url":"https:\/\/adexa.ee\/wp-content\/uploads\/2024\/12\/BR11045.jpg","type":"image\/jpeg"}],"twitter_card":"summary_large_image","schema":{"@context":"https:\/\/schema.org","@graph":[{"@type":"WebPage","@id":"https:\/\/adexa.ee\/toode\/bain-marie-koos-4xgn1-2-konteinerite-ja-kaante-ning-aravoolukraaniga-adexa-br11045\/","url":"https:\/\/adexa.ee\/toode\/bain-marie-koos-4xgn1-2-konteinerite-ja-kaante-ning-aravoolukraaniga-adexa-br11045\/","name":"Bain Marie koos 4xGN1\/2 konteinerite ja kaante ning \u00e4ravoolukraaniga | Adexa BR11045 - Adexa \u2013 Suurk\u00f6\u00f6giseadmed restoranidele ja toitlustusele","isPartOf":{"@id":"https:\/\/adexa.ee\/#website"},"primaryImageOfPage":{"@id":"https:\/\/adexa.ee\/toode\/bain-marie-koos-4xgn1-2-konteinerite-ja-kaante-ning-aravoolukraaniga-adexa-br11045\/#primaryimage"},"image":{"@id":"https:\/\/adexa.ee\/toode\/bain-marie-koos-4xgn1-2-konteinerite-ja-kaante-ning-aravoolukraaniga-adexa-br11045\/#primaryimage"},"thumbnailUrl":"https:\/\/adexa.ee\/wp-content\/uploads\/2024\/12\/BR11045.jpg","datePublished":"2026-03-27T11:55:20+00:00","dateModified":"2026-03-27T11:55:21+00:00","breadcrumb":{"@id":"https:\/\/adexa.ee\/toode\/bain-marie-koos-4xgn1-2-konteinerite-ja-kaante-ning-aravoolukraaniga-adexa-br11045\/#breadcrumb"},"inLanguage":"en-US","potentialAction":[{"@type":"ReadAction","target":["https:\/\/adexa.ee\/toode\/bain-marie-koos-4xgn1-2-konteinerite-ja-kaante-ning-aravoolukraaniga-adexa-br11045\/"]}]},{"@type":"ImageObject","inLanguage":"en-US","@id":"https:\/\/adexa.ee\/toode\/bain-marie-koos-4xgn1-2-konteinerite-ja-kaante-ning-aravoolukraaniga-adexa-br11045\/#primaryimage","url":"https:\/\/adexa.ee\/wp-content\/uploads\/2024\/12\/BR11045.jpg","contentUrl":"https:\/\/adexa.ee\/wp-content\/uploads\/2024\/12\/BR11045.jpg","width":1152,"height":1152},{"@type":"BreadcrumbList","@id":"https:\/\/adexa.ee\/toode\/bain-marie-koos-4xgn1-2-konteinerite-ja-kaante-ning-aravoolukraaniga-adexa-br11045\/#breadcrumb","itemListElement":[{"@type":"ListItem","position":1,"name":"Home","item":"https:\/\/adexa.ee\/"},{"@type":"ListItem","position":2,"name":"Tooted","item":"https:\/\/adexa.ee\/pood\/"},{"@type":"ListItem","position":3,"name":"Bain Marie koos 4xGN1\/2 konteinerite ja kaante ning \u00e4ravoolukraaniga | Adexa BR11045"}]},{"@type":"WebSite","@id":"https:\/\/adexa.ee\/#website","url":"https:\/\/adexa.ee\/","name":"Adexa","description":"","publisher":{"@id":"https:\/\/adexa.ee\/#organization"},"potentialAction":[{"@type":"SearchAction","target":{"@type":"EntryPoint","urlTemplate":"https:\/\/adexa.ee\/?s={search_term_string}"},"query-input":{"@type":"PropertyValueSpecification","valueRequired":true,"valueName":"search_term_string"}}],"inLanguage":"en-US"},{"@type":"Organization","@id":"https:\/\/adexa.ee\/#organization","name":"Adexa","url":"https:\/\/adexa.ee\/","logo":{"@type":"ImageObject","inLanguage":"en-US","@id":"https:\/\/adexa.ee\/#\/schema\/logo\/image\/","url":"https:\/\/adexa.ee\/wp-content\/uploads\/2024\/04\/chef-cooks-working-in-professional-kitchen-2023-11-27-05-07-39-utc-scaled.jpg","contentUrl":"https:\/\/adexa.ee\/wp-content\/uploads\/2024\/04\/chef-cooks-working-in-professional-kitchen-2023-11-27-05-07-39-utc-scaled.jpg","width":2560,"height":1708,"caption":"Adexa"},"image":{"@id":"https:\/\/adexa.ee\/#\/schema\/logo\/image\/"}}]}},"_links":{"self":[{"href":"https:\/\/adexa.ee\/en\/wp-json\/wp\/v2\/product\/19088","targetHints":{"allow":["GET"]}}],"collection":[{"href":"https:\/\/adexa.ee\/en\/wp-json\/wp\/v2\/product"}],"about":[{"href":"https:\/\/adexa.ee\/en\/wp-json\/wp\/v2\/types\/product"}],"wp:featuredmedia":[{"embeddable":true,"href":"https:\/\/adexa.ee\/en\/wp-json\/wp\/v2\/media\/26891"}],"wp:attachment":[{"href":"https:\/\/adexa.ee\/en\/wp-json\/wp\/v2\/media?parent=19088"}],"wp:term":[{"taxonomy":"product_brand","embeddable":true,"href":"https:\/\/adexa.ee\/en\/wp-json\/wp\/v2\/product_brand?post=19088"},{"taxonomy":"product_cat","embeddable":true,"href":"https:\/\/adexa.ee\/en\/wp-json\/wp\/v2\/product_cat?post=19088"},{"taxonomy":"product_tag","embeddable":true,"href":"https:\/\/adexa.ee\/en\/wp-json\/wp\/v2\/product_tag?post=19088"}],"curies":[{"name":"wp","href":"https:\/\/api.w.org\/{rel}","templated":true}]}}