{"id":20212,"date":"2026-03-26T10:55:51","date_gmt":"2026-03-26T08:55:51","guid":{"rendered":"https:\/\/adexa.ee\/toode\/professionaalne-prugikast-roostevabast-terasest-koos-kaane-ja-ratastega-95-liitrit-adexa-sdc95\/"},"modified":"2026-03-26T10:55:58","modified_gmt":"2026-03-26T08:55:58","slug":"professionaalne-prugikast-roostevabast-terasest-koos-kaane-ja-ratastega-95-liitrit-adexa-sdc95","status":"publish","type":"product","link":"https:\/\/adexa.ee\/en\/toode\/professionaalne-prugikast-roostevabast-terasest-koos-kaane-ja-ratastega-95-liitrit-adexa-sdc95\/","title":{"rendered":"Professionaalne pr\u00fcgikast roostevabast terasest koos kaane ja ratastega 95 liitrit | Adexa SDC95"},"content":{"rendered":"<p>Kaubanduslik pr\u00fcgikonteiner, mis on t\u00e4ielikult valmistatud kvaliteetsest roostevabast terasest. Ideaalne erinevatele toitlustusasutustele. See professionaalne pr\u00fcgikast on l\u00e4bim\u00f5\u00f5duga 500mm ja k\u00f5rgusega 590mm ning varustatud nii rataste kui ka kaanega. T\u00e4psema teabe saamiseks vaadake jaotist &#8216;Spetsifikatsioon&#8217;.<\/p>\n<table style=\"border-collapse: collapse; width: 100%; text-align: left;\">\n<tbody>\n<tr>\n<td style=\"border: 1px solid #ddd; padding: 8px; width: 45%;\"><strong>K\u00f5rgus<\/strong><\/td>\n<td style=\"border: 1px solid #ddd; padding: 8px;\">590mm<\/td>\n<\/tr>\n<tr>\n<td style=\"border: 1px solid #ddd; padding: 8px; width: 45%;\"><strong>Kaal<\/strong><\/td>\n<td style=\"border: 1px solid #ddd; padding: 8px;\">9 kg<\/td>\n<\/tr>\n<tr>\n<td style=\"border: 1px solid #ddd; padding: 8px; width: 45%;\"><strong>Garantii<\/strong><\/td>\n<td style=\"border: 1px solid #ddd; padding: 8px;\">12 kuu varuosade garantii<\/td>\n<\/tr>\n<tr>\n<td style=\"border: 1px solid #ddd; padding: 8px; width: 45%;\"><strong>Mahutavus<\/strong><\/td>\n<td style=\"border: 1px solid #ddd; padding: 8px;\">95 liitrit<\/td>\n<\/tr>\n<tr>\n<td style=\"border: 1px solid #ddd; padding: 8px; width: 45%;\"><strong>Rullikud<\/strong><\/td>\n<td style=\"border: 1px solid #ddd; padding: 8px;\">3<\/td>\n<\/tr>\n<tr>\n<td style=\"border: 1px solid #ddd; padding: 8px; width: 45%;\"><strong>Materjal<\/strong><\/td>\n<td style=\"border: 1px solid #ddd; padding: 8px;\">Roostevaba teras<\/td>\n<\/tr>\n<tr>\n<td style=\"border: 1px solid #ddd; padding: 8px; width: 45%;\"><strong>L\u00e4bim\u00f5\u00f5t<\/strong><\/td>\n<td style=\"border: 1px solid #ddd; padding: 8px;\">500mm<\/td>\n<\/tr>\n<\/tbody>\n<\/table>\n","protected":false},"excerpt":{"rendered":"<p>Kaubanduslik pr\u00fcgikonteiner, mis on t\u00e4ielikult valmistatud kvaliteetsest roostevabast terasest. Ideaalne erinevatele toitlustusasutustele. See professionaalne pr\u00fcgikast on l\u00e4bim\u00f5\u00f5duga 500mm ja k\u00f5rgusega<\/p>\n","protected":false},"featured_media":20214,"template":"","meta":[],"product_brand":[],"product_cat":[764,846,718,572],"product_tag":[],"class_list":{"0":"post-20212","1":"product","2":"type-product","3":"status-publish","4":"has-post-thumbnail","6":"product_cat-prugikastid","7":"product_cat-prugikastid-puhastus-ja-hugieen","8":"product_cat-puhastus-ja-hugieen","9":"product_cat-roostevabad-tooted","11":"first","12":"instock","13":"sale","14":"taxable","15":"shipping-taxable","16":"purchasable","17":"product-type-simple"},"yoast_head":"<!-- This site is optimized with the Yoast SEO plugin v27.3 - https:\/\/yoast.com\/product\/yoast-seo-wordpress\/ -->\n<title>Professionaalne pr\u00fcgikast roostevabast terasest koos kaane ja ratastega 95 liitrit | Adexa SDC95 - Adexa \u2013 Suurk\u00f6\u00f6giseadmed restoranidele ja toitlustusele<\/title>\n<meta name=\"robots\" content=\"index, follow, max-snippet:-1, max-image-preview:large, max-video-preview:-1\" \/>\n<link rel=\"canonical\" href=\"https:\/\/adexa.ee\/toode\/professionaalne-prugikast-roostevabast-terasest-koos-kaane-ja-ratastega-95-liitrit-adexa-sdc95\/\" \/>\n<meta property=\"og:locale\" content=\"en_US\" \/>\n<meta property=\"og:type\" content=\"article\" \/>\n<meta property=\"og:title\" content=\"Professionaalne pr\u00fcgikast roostevabast terasest koos kaane ja ratastega 95 liitrit | Adexa SDC95 - Adexa \u2013 Suurk\u00f6\u00f6giseadmed restoranidele ja toitlustusele\" \/>\n<meta property=\"og:description\" content=\"Kaubanduslik pr\u00fcgikonteiner, mis on t\u00e4ielikult valmistatud kvaliteetsest roostevabast terasest. Ideaalne erinevatele toitlustusasutustele. See professionaalne pr\u00fcgikast on l\u00e4bim\u00f5\u00f5duga 500mm ja k\u00f5rgusega\" \/>\n<meta property=\"og:url\" content=\"https:\/\/adexa.ee\/toode\/professionaalne-prugikast-roostevabast-terasest-koos-kaane-ja-ratastega-95-liitrit-adexa-sdc95\/\" \/>\n<meta property=\"og:site_name\" content=\"Adexa \u2013 Suurk\u00f6\u00f6giseadmed restoranidele ja toitlustusele\" \/>\n<meta property=\"article:modified_time\" content=\"2026-03-26T08:55:58+00:00\" \/>\n<meta property=\"og:image\" content=\"https:\/\/adexa.ee\/wp-content\/uploads\/2024\/12\/SDC95.jpg\" \/>\n\t<meta property=\"og:image:width\" content=\"1408\" \/>\n\t<meta property=\"og:image:height\" content=\"1408\" \/>\n\t<meta property=\"og:image:type\" content=\"image\/jpeg\" \/>\n<meta name=\"twitter:card\" content=\"summary_large_image\" \/>\n<script type=\"application\/ld+json\" class=\"yoast-schema-graph\">{\"@context\":\"https:\\\/\\\/schema.org\",\"@graph\":[{\"@type\":\"WebPage\",\"@id\":\"https:\\\/\\\/adexa.ee\\\/toode\\\/professionaalne-prugikast-roostevabast-terasest-koos-kaane-ja-ratastega-95-liitrit-adexa-sdc95\\\/\",\"url\":\"https:\\\/\\\/adexa.ee\\\/toode\\\/professionaalne-prugikast-roostevabast-terasest-koos-kaane-ja-ratastega-95-liitrit-adexa-sdc95\\\/\",\"name\":\"Professionaalne pr\u00fcgikast roostevabast terasest koos kaane ja ratastega 95 liitrit | Adexa SDC95 - Adexa \u2013 Suurk\u00f6\u00f6giseadmed restoranidele ja toitlustusele\",\"isPartOf\":{\"@id\":\"https:\\\/\\\/adexa.ee\\\/#website\"},\"primaryImageOfPage\":{\"@id\":\"https:\\\/\\\/adexa.ee\\\/toode\\\/professionaalne-prugikast-roostevabast-terasest-koos-kaane-ja-ratastega-95-liitrit-adexa-sdc95\\\/#primaryimage\"},\"image\":{\"@id\":\"https:\\\/\\\/adexa.ee\\\/toode\\\/professionaalne-prugikast-roostevabast-terasest-koos-kaane-ja-ratastega-95-liitrit-adexa-sdc95\\\/#primaryimage\"},\"thumbnailUrl\":\"https:\\\/\\\/adexa.ee\\\/wp-content\\\/uploads\\\/2024\\\/12\\\/SDC95.jpg\",\"datePublished\":\"2026-03-26T08:55:51+00:00\",\"dateModified\":\"2026-03-26T08:55:58+00:00\",\"breadcrumb\":{\"@id\":\"https:\\\/\\\/adexa.ee\\\/toode\\\/professionaalne-prugikast-roostevabast-terasest-koos-kaane-ja-ratastega-95-liitrit-adexa-sdc95\\\/#breadcrumb\"},\"inLanguage\":\"en-US\",\"potentialAction\":[{\"@type\":\"ReadAction\",\"target\":[\"https:\\\/\\\/adexa.ee\\\/toode\\\/professionaalne-prugikast-roostevabast-terasest-koos-kaane-ja-ratastega-95-liitrit-adexa-sdc95\\\/\"]}]},{\"@type\":\"ImageObject\",\"inLanguage\":\"en-US\",\"@id\":\"https:\\\/\\\/adexa.ee\\\/toode\\\/professionaalne-prugikast-roostevabast-terasest-koos-kaane-ja-ratastega-95-liitrit-adexa-sdc95\\\/#primaryimage\",\"url\":\"https:\\\/\\\/adexa.ee\\\/wp-content\\\/uploads\\\/2024\\\/12\\\/SDC95.jpg\",\"contentUrl\":\"https:\\\/\\\/adexa.ee\\\/wp-content\\\/uploads\\\/2024\\\/12\\\/SDC95.jpg\",\"width\":1408,\"height\":1408},{\"@type\":\"BreadcrumbList\",\"@id\":\"https:\\\/\\\/adexa.ee\\\/toode\\\/professionaalne-prugikast-roostevabast-terasest-koos-kaane-ja-ratastega-95-liitrit-adexa-sdc95\\\/#breadcrumb\",\"itemListElement\":[{\"@type\":\"ListItem\",\"position\":1,\"name\":\"Home\",\"item\":\"https:\\\/\\\/adexa.ee\\\/\"},{\"@type\":\"ListItem\",\"position\":2,\"name\":\"Tooted\",\"item\":\"https:\\\/\\\/adexa.ee\\\/pood\\\/\"},{\"@type\":\"ListItem\",\"position\":3,\"name\":\"Professionaalne pr\u00fcgikast roostevabast terasest koos kaane ja ratastega 95 liitrit | Adexa SDC95\"}]},{\"@type\":\"WebSite\",\"@id\":\"https:\\\/\\\/adexa.ee\\\/#website\",\"url\":\"https:\\\/\\\/adexa.ee\\\/\",\"name\":\"Adexa\",\"description\":\"\",\"publisher\":{\"@id\":\"https:\\\/\\\/adexa.ee\\\/#organization\"},\"potentialAction\":[{\"@type\":\"SearchAction\",\"target\":{\"@type\":\"EntryPoint\",\"urlTemplate\":\"https:\\\/\\\/adexa.ee\\\/?s={search_term_string}\"},\"query-input\":{\"@type\":\"PropertyValueSpecification\",\"valueRequired\":true,\"valueName\":\"search_term_string\"}}],\"inLanguage\":\"en-US\"},{\"@type\":\"Organization\",\"@id\":\"https:\\\/\\\/adexa.ee\\\/#organization\",\"name\":\"Adexa\",\"url\":\"https:\\\/\\\/adexa.ee\\\/\",\"logo\":{\"@type\":\"ImageObject\",\"inLanguage\":\"en-US\",\"@id\":\"https:\\\/\\\/adexa.ee\\\/#\\\/schema\\\/logo\\\/image\\\/\",\"url\":\"https:\\\/\\\/adexa.ee\\\/wp-content\\\/uploads\\\/2024\\\/04\\\/chef-cooks-working-in-professional-kitchen-2023-11-27-05-07-39-utc-scaled.jpg\",\"contentUrl\":\"https:\\\/\\\/adexa.ee\\\/wp-content\\\/uploads\\\/2024\\\/04\\\/chef-cooks-working-in-professional-kitchen-2023-11-27-05-07-39-utc-scaled.jpg\",\"width\":2560,\"height\":1708,\"caption\":\"Adexa\"},\"image\":{\"@id\":\"https:\\\/\\\/adexa.ee\\\/#\\\/schema\\\/logo\\\/image\\\/\"}}]}<\/script>\n<!-- \/ Yoast SEO plugin. -->","yoast_head_json":{"title":"Professionaalne pr\u00fcgikast roostevabast terasest koos kaane ja ratastega 95 liitrit | Adexa SDC95 - Adexa \u2013 Suurk\u00f6\u00f6giseadmed restoranidele ja toitlustusele","robots":{"index":"index","follow":"follow","max-snippet":"max-snippet:-1","max-image-preview":"max-image-preview:large","max-video-preview":"max-video-preview:-1"},"canonical":"https:\/\/adexa.ee\/toode\/professionaalne-prugikast-roostevabast-terasest-koos-kaane-ja-ratastega-95-liitrit-adexa-sdc95\/","og_locale":"en_US","og_type":"article","og_title":"Professionaalne pr\u00fcgikast roostevabast terasest koos kaane ja ratastega 95 liitrit | Adexa SDC95 - Adexa \u2013 Suurk\u00f6\u00f6giseadmed restoranidele ja toitlustusele","og_description":"Kaubanduslik pr\u00fcgikonteiner, mis on t\u00e4ielikult valmistatud kvaliteetsest roostevabast terasest. Ideaalne erinevatele toitlustusasutustele. See professionaalne pr\u00fcgikast on l\u00e4bim\u00f5\u00f5duga 500mm ja k\u00f5rgusega","og_url":"https:\/\/adexa.ee\/toode\/professionaalne-prugikast-roostevabast-terasest-koos-kaane-ja-ratastega-95-liitrit-adexa-sdc95\/","og_site_name":"Adexa \u2013 Suurk\u00f6\u00f6giseadmed restoranidele ja toitlustusele","article_modified_time":"2026-03-26T08:55:58+00:00","og_image":[{"width":1408,"height":1408,"url":"https:\/\/adexa.ee\/wp-content\/uploads\/2024\/12\/SDC95.jpg","type":"image\/jpeg"}],"twitter_card":"summary_large_image","schema":{"@context":"https:\/\/schema.org","@graph":[{"@type":"WebPage","@id":"https:\/\/adexa.ee\/toode\/professionaalne-prugikast-roostevabast-terasest-koos-kaane-ja-ratastega-95-liitrit-adexa-sdc95\/","url":"https:\/\/adexa.ee\/toode\/professionaalne-prugikast-roostevabast-terasest-koos-kaane-ja-ratastega-95-liitrit-adexa-sdc95\/","name":"Professionaalne pr\u00fcgikast roostevabast terasest koos kaane ja ratastega 95 liitrit | Adexa SDC95 - Adexa \u2013 Suurk\u00f6\u00f6giseadmed restoranidele ja toitlustusele","isPartOf":{"@id":"https:\/\/adexa.ee\/#website"},"primaryImageOfPage":{"@id":"https:\/\/adexa.ee\/toode\/professionaalne-prugikast-roostevabast-terasest-koos-kaane-ja-ratastega-95-liitrit-adexa-sdc95\/#primaryimage"},"image":{"@id":"https:\/\/adexa.ee\/toode\/professionaalne-prugikast-roostevabast-terasest-koos-kaane-ja-ratastega-95-liitrit-adexa-sdc95\/#primaryimage"},"thumbnailUrl":"https:\/\/adexa.ee\/wp-content\/uploads\/2024\/12\/SDC95.jpg","datePublished":"2026-03-26T08:55:51+00:00","dateModified":"2026-03-26T08:55:58+00:00","breadcrumb":{"@id":"https:\/\/adexa.ee\/toode\/professionaalne-prugikast-roostevabast-terasest-koos-kaane-ja-ratastega-95-liitrit-adexa-sdc95\/#breadcrumb"},"inLanguage":"en-US","potentialAction":[{"@type":"ReadAction","target":["https:\/\/adexa.ee\/toode\/professionaalne-prugikast-roostevabast-terasest-koos-kaane-ja-ratastega-95-liitrit-adexa-sdc95\/"]}]},{"@type":"ImageObject","inLanguage":"en-US","@id":"https:\/\/adexa.ee\/toode\/professionaalne-prugikast-roostevabast-terasest-koos-kaane-ja-ratastega-95-liitrit-adexa-sdc95\/#primaryimage","url":"https:\/\/adexa.ee\/wp-content\/uploads\/2024\/12\/SDC95.jpg","contentUrl":"https:\/\/adexa.ee\/wp-content\/uploads\/2024\/12\/SDC95.jpg","width":1408,"height":1408},{"@type":"BreadcrumbList","@id":"https:\/\/adexa.ee\/toode\/professionaalne-prugikast-roostevabast-terasest-koos-kaane-ja-ratastega-95-liitrit-adexa-sdc95\/#breadcrumb","itemListElement":[{"@type":"ListItem","position":1,"name":"Home","item":"https:\/\/adexa.ee\/"},{"@type":"ListItem","position":2,"name":"Tooted","item":"https:\/\/adexa.ee\/pood\/"},{"@type":"ListItem","position":3,"name":"Professionaalne pr\u00fcgikast roostevabast terasest koos kaane ja ratastega 95 liitrit | Adexa SDC95"}]},{"@type":"WebSite","@id":"https:\/\/adexa.ee\/#website","url":"https:\/\/adexa.ee\/","name":"Adexa","description":"","publisher":{"@id":"https:\/\/adexa.ee\/#organization"},"potentialAction":[{"@type":"SearchAction","target":{"@type":"EntryPoint","urlTemplate":"https:\/\/adexa.ee\/?s={search_term_string}"},"query-input":{"@type":"PropertyValueSpecification","valueRequired":true,"valueName":"search_term_string"}}],"inLanguage":"en-US"},{"@type":"Organization","@id":"https:\/\/adexa.ee\/#organization","name":"Adexa","url":"https:\/\/adexa.ee\/","logo":{"@type":"ImageObject","inLanguage":"en-US","@id":"https:\/\/adexa.ee\/#\/schema\/logo\/image\/","url":"https:\/\/adexa.ee\/wp-content\/uploads\/2024\/04\/chef-cooks-working-in-professional-kitchen-2023-11-27-05-07-39-utc-scaled.jpg","contentUrl":"https:\/\/adexa.ee\/wp-content\/uploads\/2024\/04\/chef-cooks-working-in-professional-kitchen-2023-11-27-05-07-39-utc-scaled.jpg","width":2560,"height":1708,"caption":"Adexa"},"image":{"@id":"https:\/\/adexa.ee\/#\/schema\/logo\/image\/"}}]}},"_links":{"self":[{"href":"https:\/\/adexa.ee\/en\/wp-json\/wp\/v2\/product\/20212","targetHints":{"allow":["GET"]}}],"collection":[{"href":"https:\/\/adexa.ee\/en\/wp-json\/wp\/v2\/product"}],"about":[{"href":"https:\/\/adexa.ee\/en\/wp-json\/wp\/v2\/types\/product"}],"wp:featuredmedia":[{"embeddable":true,"href":"https:\/\/adexa.ee\/en\/wp-json\/wp\/v2\/media\/20214"}],"wp:attachment":[{"href":"https:\/\/adexa.ee\/en\/wp-json\/wp\/v2\/media?parent=20212"}],"wp:term":[{"taxonomy":"product_brand","embeddable":true,"href":"https:\/\/adexa.ee\/en\/wp-json\/wp\/v2\/product_brand?post=20212"},{"taxonomy":"product_cat","embeddable":true,"href":"https:\/\/adexa.ee\/en\/wp-json\/wp\/v2\/product_cat?post=20212"},{"taxonomy":"product_tag","embeddable":true,"href":"https:\/\/adexa.ee\/en\/wp-json\/wp\/v2\/product_tag?post=20212"}],"curies":[{"name":"wp","href":"https:\/\/api.w.org\/{rel}","templated":true}]}}