{"id":20219,"date":"2026-03-26T10:55:51","date_gmt":"2026-03-26T08:55:51","guid":{"rendered":"https:\/\/adexa.ee\/toode\/hobedane-piirdepost-punase-sissetommatava-lindiga-2m-adexa-sbp01br\/"},"modified":"2026-03-26T10:55:58","modified_gmt":"2026-03-26T08:55:58","slug":"hobedane-piirdepost-punase-sissetommatava-lindiga-2m-adexa-sbp01br","status":"publish","type":"product","link":"https:\/\/adexa.ee\/en\/toode\/hobedane-piirdepost-punase-sissetommatava-lindiga-2m-adexa-sbp01br\/","title":{"rendered":"H\u00f5bedane piirdepost punase sisset\u00f5mmatava lindiga 2m | Adexa SBP01BR"},"content":{"rendered":"<p>Korralda oma hotelli, \u00f6\u00f6klubi v\u00f5i kasiino sisenemine h\u00f5lpsasti selle vastupidava suunapostiga. Efektiivsuse nimel loodud post on lihtne viis, kuidas hoida sisenemis- ja v\u00e4ljumisj\u00e4rjekorrad ohutud ja korras. Stiilne disain hoiab ruumi kokku ja v\u00f5imaldab seda posti h\u00f5lpsalt hoiustada, kui seda pole vaja. See vastupidav suunapost pakub usaldusv\u00e4\u00e4rset abi rahvahulkade juhtimisel ohutute ja muretute \u00fcrituste ajal! See suunapost on h\u00e4sti n\u00e4htav, et julgustada k\u00fclastajaid moodustama korrap\u00e4raseid j\u00e4rjekordi. Lisaks ei ole see post ainult kasulik teie asutuse sissep\u00e4\u00e4su juures, vaid see on suurep\u00e4rane ka kassaj\u00e4rjekordade ja piletikassade jaoks. Piirde linti saab pikendada 2 meetrini ja see t\u00f5mbub automaatselt kokku, et teie j\u00e4rjekorrad n\u00e4eksid v\u00e4lja puhtad ja pingul. Sisset\u00f5mbuv lint tagab ka selle, et j\u00e4rjekorrad saab kiiresti ja h\u00f5lpsalt maha v\u00f5tta, s\u00e4\u00e4stes teie t\u00f6\u00f6tajate aega \u00fcrituse koristamisel. Sisset\u00f5mmatavate lintidega piirded on eriti mugavad, kuna lindid j\u00e4\u00e4vad piirde juurde, mis t\u00e4hendab, et neid ei panda valesse kohta ega v\u00f5ta lisaruumi kappides v\u00f5i laoruumides. Klassikaline \u00fcmmargune \u00fclaosa pakub 4-suunalist kassetti koos sisset\u00f5mmatavate lintidega, mis v\u00f5imaldavad kiiresti ja h\u00f5lpsalt muuta rahvahulga liikumist sisse ja v\u00e4lja teatud kohast. Iga piire on varustatud raskendatud alusega, et v\u00e4ltida selle \u00fcmberkukkumist v\u00f5i libisemist, hoides seda kogu \u00fcrituse jooksul paigal. Materjal: Roostevaba teras K\u00f5rgus: 895mm Toru l\u00e4bim\u00f5\u00f5t: 63mm Toru paksus: 0.4mm Aluskate: SS201, 0.38mm Aluse l\u00e4bim\u00f5\u00f5t: 320mm Kaal: 5.68kg Lindi pikkus: 2 meetrit<\/p>\n<table style=\"border-collapse: collapse; width: 100%; text-align: left;\">\n<tbody>\n<tr>\n<td style=\"border: 1px solid #ddd; padding: 8px; width: 45%;\"><strong>K\u00f5rgus<\/strong><\/td>\n<td style=\"border: 1px solid #ddd; padding: 8px;\">895 mm<\/td>\n<\/tr>\n<tr>\n<td style=\"border: 1px solid #ddd; padding: 8px; width: 45%;\"><strong>Kaal<\/strong><\/td>\n<td style=\"border: 1px solid #ddd; padding: 8px;\">6kg<\/td>\n<\/tr>\n<tr>\n<td style=\"border: 1px solid #ddd; padding: 8px; width: 45%;\"><strong>Garantii<\/strong><\/td>\n<td style=\"border: 1px solid #ddd; padding: 8px;\">12 kuu varuosade garantii<\/td>\n<\/tr>\n<tr>\n<td style=\"border: 1px solid #ddd; padding: 8px; width: 45%;\"><strong>Materjal<\/strong><\/td>\n<td style=\"border: 1px solid #ddd; padding: 8px;\">Roostevaba teras<\/td>\n<\/tr>\n<tr>\n<td style=\"border: 1px solid #ddd; padding: 8px; width: 45%;\"><strong>V\u00e4rv<\/strong><\/td>\n<td style=\"border: 1px solid #ddd; padding: 8px;\">H\u00f5be (post) \/ Punane (v\u00f6\u00f6)<\/td>\n<\/tr>\n<tr>\n<td style=\"border: 1px solid #ddd; padding: 8px; width: 45%;\"><strong>L\u00e4bim\u00f5\u00f5t<\/strong><\/td>\n<td style=\"border: 1px solid #ddd; padding: 8px;\">320mm<\/td>\n<\/tr>\n<tr>\n<td style=\"border: 1px solid #ddd; padding: 8px; width: 45%;\"><strong>Pikkus<\/strong><\/td>\n<td style=\"border: 1px solid #ddd; padding: 8px;\">2 m (v\u00f6\u00f6)<\/td>\n<\/tr>\n<\/tbody>\n<\/table>\n","protected":false},"excerpt":{"rendered":"<p>Korralda oma hotelli, \u00f6\u00f6klubi v\u00f5i kasiino sisenemine h\u00f5lpsasti selle vastupidava suunapostiga. Efektiivsuse nimel loodud post on lihtne viis, kuidas hoida<\/p>\n","protected":false},"featured_media":20221,"template":"","meta":[],"product_brand":[],"product_cat":[621,561],"product_tag":[],"class_list":{"0":"post-20219","1":"product","2":"type-product","3":"status-publish","4":"has-post-thumbnail","6":"product_cat-eralduspostid-ja-paelad","7":"product_cat-moobel-ja-hoiustamine","9":"first","10":"instock","11":"sale","12":"taxable","13":"shipping-taxable","14":"purchasable","15":"product-type-simple"},"yoast_head":"<!-- This site is optimized with the Yoast SEO plugin v27.3 - https:\/\/yoast.com\/product\/yoast-seo-wordpress\/ -->\n<title>H\u00f5bedane piirdepost punase sisset\u00f5mmatava lindiga 2m | Adexa SBP01BR - Adexa \u2013 Suurk\u00f6\u00f6giseadmed restoranidele ja toitlustusele<\/title>\n<meta name=\"robots\" content=\"index, follow, max-snippet:-1, max-image-preview:large, max-video-preview:-1\" \/>\n<link rel=\"canonical\" href=\"https:\/\/adexa.ee\/toode\/hobedane-piirdepost-punase-sissetommatava-lindiga-2m-adexa-sbp01br\/\" \/>\n<meta property=\"og:locale\" content=\"en_US\" \/>\n<meta property=\"og:type\" content=\"article\" \/>\n<meta property=\"og:title\" content=\"H\u00f5bedane piirdepost punase sisset\u00f5mmatava lindiga 2m | Adexa SBP01BR - Adexa \u2013 Suurk\u00f6\u00f6giseadmed restoranidele ja toitlustusele\" \/>\n<meta property=\"og:description\" content=\"Korralda oma hotelli, \u00f6\u00f6klubi v\u00f5i kasiino sisenemine h\u00f5lpsasti selle vastupidava suunapostiga. Efektiivsuse nimel loodud post on lihtne viis, kuidas hoida\" \/>\n<meta property=\"og:url\" content=\"https:\/\/adexa.ee\/toode\/hobedane-piirdepost-punase-sissetommatava-lindiga-2m-adexa-sbp01br\/\" \/>\n<meta property=\"og:site_name\" content=\"Adexa \u2013 Suurk\u00f6\u00f6giseadmed restoranidele ja toitlustusele\" \/>\n<meta property=\"article:modified_time\" content=\"2026-03-26T08:55:58+00:00\" \/>\n<meta property=\"og:image\" content=\"https:\/\/adexa.ee\/wp-content\/uploads\/2024\/12\/SBP01B-R.jpg\" \/>\n\t<meta property=\"og:image:width\" content=\"1500\" \/>\n\t<meta property=\"og:image:height\" content=\"1500\" \/>\n\t<meta property=\"og:image:type\" content=\"image\/jpeg\" \/>\n<meta name=\"twitter:card\" content=\"summary_large_image\" \/>\n<meta name=\"twitter:label1\" content=\"Est. reading time\" \/>\n\t<meta name=\"twitter:data1\" content=\"1 minute\" \/>\n<script type=\"application\/ld+json\" class=\"yoast-schema-graph\">{\"@context\":\"https:\\\/\\\/schema.org\",\"@graph\":[{\"@type\":\"WebPage\",\"@id\":\"https:\\\/\\\/adexa.ee\\\/toode\\\/hobedane-piirdepost-punase-sissetommatava-lindiga-2m-adexa-sbp01br\\\/\",\"url\":\"https:\\\/\\\/adexa.ee\\\/toode\\\/hobedane-piirdepost-punase-sissetommatava-lindiga-2m-adexa-sbp01br\\\/\",\"name\":\"H\u00f5bedane piirdepost punase sisset\u00f5mmatava lindiga 2m | Adexa SBP01BR - Adexa \u2013 Suurk\u00f6\u00f6giseadmed restoranidele ja toitlustusele\",\"isPartOf\":{\"@id\":\"https:\\\/\\\/adexa.ee\\\/#website\"},\"primaryImageOfPage\":{\"@id\":\"https:\\\/\\\/adexa.ee\\\/toode\\\/hobedane-piirdepost-punase-sissetommatava-lindiga-2m-adexa-sbp01br\\\/#primaryimage\"},\"image\":{\"@id\":\"https:\\\/\\\/adexa.ee\\\/toode\\\/hobedane-piirdepost-punase-sissetommatava-lindiga-2m-adexa-sbp01br\\\/#primaryimage\"},\"thumbnailUrl\":\"https:\\\/\\\/adexa.ee\\\/wp-content\\\/uploads\\\/2024\\\/12\\\/SBP01B-R.jpg\",\"datePublished\":\"2026-03-26T08:55:51+00:00\",\"dateModified\":\"2026-03-26T08:55:58+00:00\",\"breadcrumb\":{\"@id\":\"https:\\\/\\\/adexa.ee\\\/toode\\\/hobedane-piirdepost-punase-sissetommatava-lindiga-2m-adexa-sbp01br\\\/#breadcrumb\"},\"inLanguage\":\"en-US\",\"potentialAction\":[{\"@type\":\"ReadAction\",\"target\":[\"https:\\\/\\\/adexa.ee\\\/toode\\\/hobedane-piirdepost-punase-sissetommatava-lindiga-2m-adexa-sbp01br\\\/\"]}]},{\"@type\":\"ImageObject\",\"inLanguage\":\"en-US\",\"@id\":\"https:\\\/\\\/adexa.ee\\\/toode\\\/hobedane-piirdepost-punase-sissetommatava-lindiga-2m-adexa-sbp01br\\\/#primaryimage\",\"url\":\"https:\\\/\\\/adexa.ee\\\/wp-content\\\/uploads\\\/2024\\\/12\\\/SBP01B-R.jpg\",\"contentUrl\":\"https:\\\/\\\/adexa.ee\\\/wp-content\\\/uploads\\\/2024\\\/12\\\/SBP01B-R.jpg\",\"width\":1500,\"height\":1500},{\"@type\":\"BreadcrumbList\",\"@id\":\"https:\\\/\\\/adexa.ee\\\/toode\\\/hobedane-piirdepost-punase-sissetommatava-lindiga-2m-adexa-sbp01br\\\/#breadcrumb\",\"itemListElement\":[{\"@type\":\"ListItem\",\"position\":1,\"name\":\"Home\",\"item\":\"https:\\\/\\\/adexa.ee\\\/\"},{\"@type\":\"ListItem\",\"position\":2,\"name\":\"Tooted\",\"item\":\"https:\\\/\\\/adexa.ee\\\/pood\\\/\"},{\"@type\":\"ListItem\",\"position\":3,\"name\":\"H\u00f5bedane piirdepost punase sisset\u00f5mmatava lindiga 2m | Adexa SBP01BR\"}]},{\"@type\":\"WebSite\",\"@id\":\"https:\\\/\\\/adexa.ee\\\/#website\",\"url\":\"https:\\\/\\\/adexa.ee\\\/\",\"name\":\"Adexa\",\"description\":\"\",\"publisher\":{\"@id\":\"https:\\\/\\\/adexa.ee\\\/#organization\"},\"potentialAction\":[{\"@type\":\"SearchAction\",\"target\":{\"@type\":\"EntryPoint\",\"urlTemplate\":\"https:\\\/\\\/adexa.ee\\\/?s={search_term_string}\"},\"query-input\":{\"@type\":\"PropertyValueSpecification\",\"valueRequired\":true,\"valueName\":\"search_term_string\"}}],\"inLanguage\":\"en-US\"},{\"@type\":\"Organization\",\"@id\":\"https:\\\/\\\/adexa.ee\\\/#organization\",\"name\":\"Adexa\",\"url\":\"https:\\\/\\\/adexa.ee\\\/\",\"logo\":{\"@type\":\"ImageObject\",\"inLanguage\":\"en-US\",\"@id\":\"https:\\\/\\\/adexa.ee\\\/#\\\/schema\\\/logo\\\/image\\\/\",\"url\":\"https:\\\/\\\/adexa.ee\\\/wp-content\\\/uploads\\\/2024\\\/04\\\/chef-cooks-working-in-professional-kitchen-2023-11-27-05-07-39-utc-scaled.jpg\",\"contentUrl\":\"https:\\\/\\\/adexa.ee\\\/wp-content\\\/uploads\\\/2024\\\/04\\\/chef-cooks-working-in-professional-kitchen-2023-11-27-05-07-39-utc-scaled.jpg\",\"width\":2560,\"height\":1708,\"caption\":\"Adexa\"},\"image\":{\"@id\":\"https:\\\/\\\/adexa.ee\\\/#\\\/schema\\\/logo\\\/image\\\/\"}}]}<\/script>\n<!-- \/ Yoast SEO plugin. -->","yoast_head_json":{"title":"H\u00f5bedane piirdepost punase sisset\u00f5mmatava lindiga 2m | Adexa SBP01BR - Adexa \u2013 Suurk\u00f6\u00f6giseadmed restoranidele ja toitlustusele","robots":{"index":"index","follow":"follow","max-snippet":"max-snippet:-1","max-image-preview":"max-image-preview:large","max-video-preview":"max-video-preview:-1"},"canonical":"https:\/\/adexa.ee\/toode\/hobedane-piirdepost-punase-sissetommatava-lindiga-2m-adexa-sbp01br\/","og_locale":"en_US","og_type":"article","og_title":"H\u00f5bedane piirdepost punase sisset\u00f5mmatava lindiga 2m | Adexa SBP01BR - Adexa \u2013 Suurk\u00f6\u00f6giseadmed restoranidele ja toitlustusele","og_description":"Korralda oma hotelli, \u00f6\u00f6klubi v\u00f5i kasiino sisenemine h\u00f5lpsasti selle vastupidava suunapostiga. Efektiivsuse nimel loodud post on lihtne viis, kuidas hoida","og_url":"https:\/\/adexa.ee\/toode\/hobedane-piirdepost-punase-sissetommatava-lindiga-2m-adexa-sbp01br\/","og_site_name":"Adexa \u2013 Suurk\u00f6\u00f6giseadmed restoranidele ja toitlustusele","article_modified_time":"2026-03-26T08:55:58+00:00","og_image":[{"width":1500,"height":1500,"url":"https:\/\/adexa.ee\/wp-content\/uploads\/2024\/12\/SBP01B-R.jpg","type":"image\/jpeg"}],"twitter_card":"summary_large_image","twitter_misc":{"Est. reading time":"1 minute"},"schema":{"@context":"https:\/\/schema.org","@graph":[{"@type":"WebPage","@id":"https:\/\/adexa.ee\/toode\/hobedane-piirdepost-punase-sissetommatava-lindiga-2m-adexa-sbp01br\/","url":"https:\/\/adexa.ee\/toode\/hobedane-piirdepost-punase-sissetommatava-lindiga-2m-adexa-sbp01br\/","name":"H\u00f5bedane piirdepost punase sisset\u00f5mmatava lindiga 2m | Adexa SBP01BR - Adexa \u2013 Suurk\u00f6\u00f6giseadmed restoranidele ja toitlustusele","isPartOf":{"@id":"https:\/\/adexa.ee\/#website"},"primaryImageOfPage":{"@id":"https:\/\/adexa.ee\/toode\/hobedane-piirdepost-punase-sissetommatava-lindiga-2m-adexa-sbp01br\/#primaryimage"},"image":{"@id":"https:\/\/adexa.ee\/toode\/hobedane-piirdepost-punase-sissetommatava-lindiga-2m-adexa-sbp01br\/#primaryimage"},"thumbnailUrl":"https:\/\/adexa.ee\/wp-content\/uploads\/2024\/12\/SBP01B-R.jpg","datePublished":"2026-03-26T08:55:51+00:00","dateModified":"2026-03-26T08:55:58+00:00","breadcrumb":{"@id":"https:\/\/adexa.ee\/toode\/hobedane-piirdepost-punase-sissetommatava-lindiga-2m-adexa-sbp01br\/#breadcrumb"},"inLanguage":"en-US","potentialAction":[{"@type":"ReadAction","target":["https:\/\/adexa.ee\/toode\/hobedane-piirdepost-punase-sissetommatava-lindiga-2m-adexa-sbp01br\/"]}]},{"@type":"ImageObject","inLanguage":"en-US","@id":"https:\/\/adexa.ee\/toode\/hobedane-piirdepost-punase-sissetommatava-lindiga-2m-adexa-sbp01br\/#primaryimage","url":"https:\/\/adexa.ee\/wp-content\/uploads\/2024\/12\/SBP01B-R.jpg","contentUrl":"https:\/\/adexa.ee\/wp-content\/uploads\/2024\/12\/SBP01B-R.jpg","width":1500,"height":1500},{"@type":"BreadcrumbList","@id":"https:\/\/adexa.ee\/toode\/hobedane-piirdepost-punase-sissetommatava-lindiga-2m-adexa-sbp01br\/#breadcrumb","itemListElement":[{"@type":"ListItem","position":1,"name":"Home","item":"https:\/\/adexa.ee\/"},{"@type":"ListItem","position":2,"name":"Tooted","item":"https:\/\/adexa.ee\/pood\/"},{"@type":"ListItem","position":3,"name":"H\u00f5bedane piirdepost punase sisset\u00f5mmatava lindiga 2m | Adexa SBP01BR"}]},{"@type":"WebSite","@id":"https:\/\/adexa.ee\/#website","url":"https:\/\/adexa.ee\/","name":"Adexa","description":"","publisher":{"@id":"https:\/\/adexa.ee\/#organization"},"potentialAction":[{"@type":"SearchAction","target":{"@type":"EntryPoint","urlTemplate":"https:\/\/adexa.ee\/?s={search_term_string}"},"query-input":{"@type":"PropertyValueSpecification","valueRequired":true,"valueName":"search_term_string"}}],"inLanguage":"en-US"},{"@type":"Organization","@id":"https:\/\/adexa.ee\/#organization","name":"Adexa","url":"https:\/\/adexa.ee\/","logo":{"@type":"ImageObject","inLanguage":"en-US","@id":"https:\/\/adexa.ee\/#\/schema\/logo\/image\/","url":"https:\/\/adexa.ee\/wp-content\/uploads\/2024\/04\/chef-cooks-working-in-professional-kitchen-2023-11-27-05-07-39-utc-scaled.jpg","contentUrl":"https:\/\/adexa.ee\/wp-content\/uploads\/2024\/04\/chef-cooks-working-in-professional-kitchen-2023-11-27-05-07-39-utc-scaled.jpg","width":2560,"height":1708,"caption":"Adexa"},"image":{"@id":"https:\/\/adexa.ee\/#\/schema\/logo\/image\/"}}]}},"_links":{"self":[{"href":"https:\/\/adexa.ee\/en\/wp-json\/wp\/v2\/product\/20219","targetHints":{"allow":["GET"]}}],"collection":[{"href":"https:\/\/adexa.ee\/en\/wp-json\/wp\/v2\/product"}],"about":[{"href":"https:\/\/adexa.ee\/en\/wp-json\/wp\/v2\/types\/product"}],"wp:featuredmedia":[{"embeddable":true,"href":"https:\/\/adexa.ee\/en\/wp-json\/wp\/v2\/media\/20221"}],"wp:attachment":[{"href":"https:\/\/adexa.ee\/en\/wp-json\/wp\/v2\/media?parent=20219"}],"wp:term":[{"taxonomy":"product_brand","embeddable":true,"href":"https:\/\/adexa.ee\/en\/wp-json\/wp\/v2\/product_brand?post=20219"},{"taxonomy":"product_cat","embeddable":true,"href":"https:\/\/adexa.ee\/en\/wp-json\/wp\/v2\/product_cat?post=20219"},{"taxonomy":"product_tag","embeddable":true,"href":"https:\/\/adexa.ee\/en\/wp-json\/wp\/v2\/product_tag?post=20219"}],"curies":[{"name":"wp","href":"https:\/\/api.w.org\/{rel}","templated":true}]}}