{"id":20250,"date":"2026-03-30T18:35:02","date_gmt":"2026-03-30T15:35:02","guid":{"rendered":"https:\/\/adexa.ee\/toode\/10-astmeline-rack-kaalium-panni-trolley-laiusele-310-350-mm-kaetud-kuljed-roostevaba-teras-adexa-pt10p\/"},"modified":"2026-03-30T18:35:03","modified_gmt":"2026-03-30T15:35:03","slug":"karu-10-tasandiline-laiusele-310-350-mm-kinnised-kuljed-roostevaba-teras-adexa-pt10p","status":"publish","type":"product","link":"https:\/\/adexa.ee\/en\/toode\/karu-10-tasandiline-laiusele-310-350-mm-kinnised-kuljed-roostevaba-teras-adexa-pt10p\/","title":{"rendered":"K\u00e4ru 10 tasandiline laiusele 310-350 mm Kinnised k\u00fcljed Roostevaba teras | Adexa PT10P"},"content":{"rendered":"<p>See k\u00f5rgekvaliteediline professionaalne riiulik\u00e4ru sobib ideaalselt suure hulga alustalade v\u00f5i pannide virnastamiseks ja hoidmiseks. Sellel on 10 astmelist riiulit, mis on paigaldatud neljale rattale, et h\u00f5lbustada liikumist teie restoranis, pagari\u00e4ris v\u00f5i sarnases toitlustusasutuses. T\u00e4psema teabe leiate jaotisest &#8220;Spetsifikatsioon&#8221;.<\/p>\n<table style=\"border-collapse: collapse; width: 100%; text-align: left;\">\n<tbody>\n<tr>\n<td style=\"border: 1px solid #ddd; padding: 8px; width: 45%;\"><strong>S\u00fcgavus<\/strong><\/td>\n<td style=\"border: 1px solid #ddd; padding: 8px;\">480 mm<\/td>\n<\/tr>\n<tr>\n<td style=\"border: 1px solid #ddd; padding: 8px; width: 45%;\"><strong>K\u00f5rgus<\/strong><\/td>\n<td style=\"border: 1px solid #ddd; padding: 8px;\">1730 mm<\/td>\n<\/tr>\n<tr>\n<td style=\"border: 1px solid #ddd; padding: 8px; width: 45%;\"><strong>Laius<\/strong><\/td>\n<td style=\"border: 1px solid #ddd; padding: 8px;\">400mm<\/td>\n<\/tr>\n<tr>\n<td style=\"border: 1px solid #ddd; padding: 8px; width: 45%;\"><strong>Kaal<\/strong><\/td>\n<td style=\"border: 1px solid #ddd; padding: 8px;\">24kg<\/td>\n<\/tr>\n<tr>\n<td style=\"border: 1px solid #ddd; padding: 8px; width: 45%;\"><strong>Garantii<\/strong><\/td>\n<td style=\"border: 1px solid #ddd; padding: 8px;\">12 kuu varuosade garantii<\/td>\n<\/tr>\n<tr>\n<td style=\"border: 1px solid #ddd; padding: 8px; width: 45%;\"><strong>Mahutavus<\/strong><\/td>\n<td style=\"border: 1px solid #ddd; padding: 8px;\">10 taset<\/td>\n<\/tr>\n<tr>\n<td style=\"border: 1px solid #ddd; padding: 8px; width: 45%;\"><strong>Plaadi\/V\u00f5re suurus<\/strong><\/td>\n<td style=\"border: 1px solid #ddd; padding: 8px;\">310-350 mm<\/td>\n<\/tr>\n<tr>\n<td style=\"border: 1px solid #ddd; padding: 8px; width: 45%;\"><strong>Rullikud<\/strong><\/td>\n<td style=\"border: 1px solid #ddd; padding: 8px;\">4 p\u00f6\u00f6rlevat ratast (2 piduritega)<\/td>\n<\/tr>\n<tr>\n<td style=\"border: 1px solid #ddd; padding: 8px; width: 45%;\"><strong>Materjal<\/strong><\/td>\n<td style=\"border: 1px solid #ddd; padding: 8px;\">Roostevaba teras<\/td>\n<\/tr>\n<\/tbody>\n<\/table>\n","protected":false},"excerpt":{"rendered":"<p>See k\u00f5rgekvaliteediline professionaalne riiulik\u00e4ru sobib ideaalselt suure hulga alustalade v\u00f5i pannide virnastamiseks ja hoidmiseks. Sellel on 10 astmelist riiulit, mis<\/p>\n","protected":false},"featured_media":20252,"template":"","meta":[],"product_brand":[],"product_cat":[738,624,623,572,586],"product_tag":[],"class_list":{"0":"post-20250","1":"product","2":"type-product","3":"status-publish","4":"has-post-thumbnail","6":"product_cat-kandikud-kandikukarud","7":"product_cat-kandikukarud","8":"product_cat-karud","9":"product_cat-roostevabad-tooted","10":"product_cat-serveerimine","12":"first","13":"instock","14":"sale","15":"taxable","16":"shipping-taxable","17":"purchasable","18":"product-type-simple"},"yoast_head":"<!-- This site is optimized with the Yoast SEO plugin v27.3 - https:\/\/yoast.com\/product\/yoast-seo-wordpress\/ -->\n<title>K\u00e4ru 10 tasandiline laiusele 310-350 mm Kinnised k\u00fcljed Roostevaba teras | Adexa PT10P - Adexa \u2013 Suurk\u00f6\u00f6giseadmed restoranidele ja toitlustusele<\/title>\n<meta name=\"robots\" content=\"index, follow, max-snippet:-1, max-image-preview:large, max-video-preview:-1\" \/>\n<link rel=\"canonical\" href=\"https:\/\/adexa.ee\/toode\/karu-10-tasandiline-laiusele-310-350-mm-kinnised-kuljed-roostevaba-teras-adexa-pt10p\/\" \/>\n<meta property=\"og:locale\" content=\"en_US\" \/>\n<meta property=\"og:type\" content=\"article\" \/>\n<meta property=\"og:title\" content=\"K\u00e4ru 10 tasandiline laiusele 310-350 mm Kinnised k\u00fcljed Roostevaba teras | Adexa PT10P - Adexa \u2013 Suurk\u00f6\u00f6giseadmed restoranidele ja toitlustusele\" \/>\n<meta property=\"og:description\" content=\"See k\u00f5rgekvaliteediline professionaalne riiulik\u00e4ru sobib ideaalselt suure hulga alustalade v\u00f5i pannide virnastamiseks ja hoidmiseks. Sellel on 10 astmelist riiulit, mis\" \/>\n<meta property=\"og:url\" content=\"https:\/\/adexa.ee\/toode\/karu-10-tasandiline-laiusele-310-350-mm-kinnised-kuljed-roostevaba-teras-adexa-pt10p\/\" \/>\n<meta property=\"og:site_name\" content=\"Adexa \u2013 Suurk\u00f6\u00f6giseadmed restoranidele ja toitlustusele\" \/>\n<meta property=\"article:modified_time\" content=\"2026-03-30T15:35:03+00:00\" \/>\n<meta property=\"og:image\" content=\"https:\/\/adexa.ee\/wp-content\/uploads\/2024\/12\/PT10P.jpg\" \/>\n\t<meta property=\"og:image:width\" content=\"2000\" \/>\n\t<meta property=\"og:image:height\" content=\"2000\" \/>\n\t<meta property=\"og:image:type\" content=\"image\/jpeg\" \/>\n<meta name=\"twitter:card\" content=\"summary_large_image\" \/>\n<script type=\"application\/ld+json\" class=\"yoast-schema-graph\">{\"@context\":\"https:\\\/\\\/schema.org\",\"@graph\":[{\"@type\":\"WebPage\",\"@id\":\"https:\\\/\\\/adexa.ee\\\/toode\\\/karu-10-tasandiline-laiusele-310-350-mm-kinnised-kuljed-roostevaba-teras-adexa-pt10p\\\/\",\"url\":\"https:\\\/\\\/adexa.ee\\\/toode\\\/karu-10-tasandiline-laiusele-310-350-mm-kinnised-kuljed-roostevaba-teras-adexa-pt10p\\\/\",\"name\":\"K\u00e4ru 10 tasandiline laiusele 310-350 mm Kinnised k\u00fcljed Roostevaba teras | Adexa PT10P - Adexa \u2013 Suurk\u00f6\u00f6giseadmed restoranidele ja toitlustusele\",\"isPartOf\":{\"@id\":\"https:\\\/\\\/adexa.ee\\\/#website\"},\"primaryImageOfPage\":{\"@id\":\"https:\\\/\\\/adexa.ee\\\/toode\\\/karu-10-tasandiline-laiusele-310-350-mm-kinnised-kuljed-roostevaba-teras-adexa-pt10p\\\/#primaryimage\"},\"image\":{\"@id\":\"https:\\\/\\\/adexa.ee\\\/toode\\\/karu-10-tasandiline-laiusele-310-350-mm-kinnised-kuljed-roostevaba-teras-adexa-pt10p\\\/#primaryimage\"},\"thumbnailUrl\":\"https:\\\/\\\/adexa.ee\\\/wp-content\\\/uploads\\\/2024\\\/12\\\/PT10P.jpg\",\"datePublished\":\"2026-03-30T15:35:02+00:00\",\"dateModified\":\"2026-03-30T15:35:03+00:00\",\"breadcrumb\":{\"@id\":\"https:\\\/\\\/adexa.ee\\\/toode\\\/karu-10-tasandiline-laiusele-310-350-mm-kinnised-kuljed-roostevaba-teras-adexa-pt10p\\\/#breadcrumb\"},\"inLanguage\":\"en-US\",\"potentialAction\":[{\"@type\":\"ReadAction\",\"target\":[\"https:\\\/\\\/adexa.ee\\\/toode\\\/karu-10-tasandiline-laiusele-310-350-mm-kinnised-kuljed-roostevaba-teras-adexa-pt10p\\\/\"]}]},{\"@type\":\"ImageObject\",\"inLanguage\":\"en-US\",\"@id\":\"https:\\\/\\\/adexa.ee\\\/toode\\\/karu-10-tasandiline-laiusele-310-350-mm-kinnised-kuljed-roostevaba-teras-adexa-pt10p\\\/#primaryimage\",\"url\":\"https:\\\/\\\/adexa.ee\\\/wp-content\\\/uploads\\\/2024\\\/12\\\/PT10P.jpg\",\"contentUrl\":\"https:\\\/\\\/adexa.ee\\\/wp-content\\\/uploads\\\/2024\\\/12\\\/PT10P.jpg\",\"width\":2000,\"height\":2000},{\"@type\":\"BreadcrumbList\",\"@id\":\"https:\\\/\\\/adexa.ee\\\/toode\\\/karu-10-tasandiline-laiusele-310-350-mm-kinnised-kuljed-roostevaba-teras-adexa-pt10p\\\/#breadcrumb\",\"itemListElement\":[{\"@type\":\"ListItem\",\"position\":1,\"name\":\"Home\",\"item\":\"https:\\\/\\\/adexa.ee\\\/\"},{\"@type\":\"ListItem\",\"position\":2,\"name\":\"Tooted\",\"item\":\"https:\\\/\\\/adexa.ee\\\/pood\\\/\"},{\"@type\":\"ListItem\",\"position\":3,\"name\":\"K\u00e4ru 10 tasandiline laiusele 310-350 mm Kinnised k\u00fcljed Roostevaba teras | Adexa PT10P\"}]},{\"@type\":\"WebSite\",\"@id\":\"https:\\\/\\\/adexa.ee\\\/#website\",\"url\":\"https:\\\/\\\/adexa.ee\\\/\",\"name\":\"Adexa\",\"description\":\"\",\"publisher\":{\"@id\":\"https:\\\/\\\/adexa.ee\\\/#organization\"},\"potentialAction\":[{\"@type\":\"SearchAction\",\"target\":{\"@type\":\"EntryPoint\",\"urlTemplate\":\"https:\\\/\\\/adexa.ee\\\/?s={search_term_string}\"},\"query-input\":{\"@type\":\"PropertyValueSpecification\",\"valueRequired\":true,\"valueName\":\"search_term_string\"}}],\"inLanguage\":\"en-US\"},{\"@type\":\"Organization\",\"@id\":\"https:\\\/\\\/adexa.ee\\\/#organization\",\"name\":\"Adexa\",\"url\":\"https:\\\/\\\/adexa.ee\\\/\",\"logo\":{\"@type\":\"ImageObject\",\"inLanguage\":\"en-US\",\"@id\":\"https:\\\/\\\/adexa.ee\\\/#\\\/schema\\\/logo\\\/image\\\/\",\"url\":\"https:\\\/\\\/adexa.ee\\\/wp-content\\\/uploads\\\/2024\\\/04\\\/chef-cooks-working-in-professional-kitchen-2023-11-27-05-07-39-utc-scaled.jpg\",\"contentUrl\":\"https:\\\/\\\/adexa.ee\\\/wp-content\\\/uploads\\\/2024\\\/04\\\/chef-cooks-working-in-professional-kitchen-2023-11-27-05-07-39-utc-scaled.jpg\",\"width\":2560,\"height\":1708,\"caption\":\"Adexa\"},\"image\":{\"@id\":\"https:\\\/\\\/adexa.ee\\\/#\\\/schema\\\/logo\\\/image\\\/\"}}]}<\/script>\n<!-- \/ Yoast SEO plugin. -->","yoast_head_json":{"title":"K\u00e4ru 10 tasandiline laiusele 310-350 mm Kinnised k\u00fcljed Roostevaba teras | Adexa PT10P - Adexa \u2013 Suurk\u00f6\u00f6giseadmed restoranidele ja toitlustusele","robots":{"index":"index","follow":"follow","max-snippet":"max-snippet:-1","max-image-preview":"max-image-preview:large","max-video-preview":"max-video-preview:-1"},"canonical":"https:\/\/adexa.ee\/toode\/karu-10-tasandiline-laiusele-310-350-mm-kinnised-kuljed-roostevaba-teras-adexa-pt10p\/","og_locale":"en_US","og_type":"article","og_title":"K\u00e4ru 10 tasandiline laiusele 310-350 mm Kinnised k\u00fcljed Roostevaba teras | Adexa PT10P - Adexa \u2013 Suurk\u00f6\u00f6giseadmed restoranidele ja toitlustusele","og_description":"See k\u00f5rgekvaliteediline professionaalne riiulik\u00e4ru sobib ideaalselt suure hulga alustalade v\u00f5i pannide virnastamiseks ja hoidmiseks. Sellel on 10 astmelist riiulit, mis","og_url":"https:\/\/adexa.ee\/toode\/karu-10-tasandiline-laiusele-310-350-mm-kinnised-kuljed-roostevaba-teras-adexa-pt10p\/","og_site_name":"Adexa \u2013 Suurk\u00f6\u00f6giseadmed restoranidele ja toitlustusele","article_modified_time":"2026-03-30T15:35:03+00:00","og_image":[{"width":2000,"height":2000,"url":"https:\/\/adexa.ee\/wp-content\/uploads\/2024\/12\/PT10P.jpg","type":"image\/jpeg"}],"twitter_card":"summary_large_image","schema":{"@context":"https:\/\/schema.org","@graph":[{"@type":"WebPage","@id":"https:\/\/adexa.ee\/toode\/karu-10-tasandiline-laiusele-310-350-mm-kinnised-kuljed-roostevaba-teras-adexa-pt10p\/","url":"https:\/\/adexa.ee\/toode\/karu-10-tasandiline-laiusele-310-350-mm-kinnised-kuljed-roostevaba-teras-adexa-pt10p\/","name":"K\u00e4ru 10 tasandiline laiusele 310-350 mm Kinnised k\u00fcljed Roostevaba teras | Adexa PT10P - Adexa \u2013 Suurk\u00f6\u00f6giseadmed restoranidele ja toitlustusele","isPartOf":{"@id":"https:\/\/adexa.ee\/#website"},"primaryImageOfPage":{"@id":"https:\/\/adexa.ee\/toode\/karu-10-tasandiline-laiusele-310-350-mm-kinnised-kuljed-roostevaba-teras-adexa-pt10p\/#primaryimage"},"image":{"@id":"https:\/\/adexa.ee\/toode\/karu-10-tasandiline-laiusele-310-350-mm-kinnised-kuljed-roostevaba-teras-adexa-pt10p\/#primaryimage"},"thumbnailUrl":"https:\/\/adexa.ee\/wp-content\/uploads\/2024\/12\/PT10P.jpg","datePublished":"2026-03-30T15:35:02+00:00","dateModified":"2026-03-30T15:35:03+00:00","breadcrumb":{"@id":"https:\/\/adexa.ee\/toode\/karu-10-tasandiline-laiusele-310-350-mm-kinnised-kuljed-roostevaba-teras-adexa-pt10p\/#breadcrumb"},"inLanguage":"en-US","potentialAction":[{"@type":"ReadAction","target":["https:\/\/adexa.ee\/toode\/karu-10-tasandiline-laiusele-310-350-mm-kinnised-kuljed-roostevaba-teras-adexa-pt10p\/"]}]},{"@type":"ImageObject","inLanguage":"en-US","@id":"https:\/\/adexa.ee\/toode\/karu-10-tasandiline-laiusele-310-350-mm-kinnised-kuljed-roostevaba-teras-adexa-pt10p\/#primaryimage","url":"https:\/\/adexa.ee\/wp-content\/uploads\/2024\/12\/PT10P.jpg","contentUrl":"https:\/\/adexa.ee\/wp-content\/uploads\/2024\/12\/PT10P.jpg","width":2000,"height":2000},{"@type":"BreadcrumbList","@id":"https:\/\/adexa.ee\/toode\/karu-10-tasandiline-laiusele-310-350-mm-kinnised-kuljed-roostevaba-teras-adexa-pt10p\/#breadcrumb","itemListElement":[{"@type":"ListItem","position":1,"name":"Home","item":"https:\/\/adexa.ee\/"},{"@type":"ListItem","position":2,"name":"Tooted","item":"https:\/\/adexa.ee\/pood\/"},{"@type":"ListItem","position":3,"name":"K\u00e4ru 10 tasandiline laiusele 310-350 mm Kinnised k\u00fcljed Roostevaba teras | Adexa PT10P"}]},{"@type":"WebSite","@id":"https:\/\/adexa.ee\/#website","url":"https:\/\/adexa.ee\/","name":"Adexa","description":"","publisher":{"@id":"https:\/\/adexa.ee\/#organization"},"potentialAction":[{"@type":"SearchAction","target":{"@type":"EntryPoint","urlTemplate":"https:\/\/adexa.ee\/?s={search_term_string}"},"query-input":{"@type":"PropertyValueSpecification","valueRequired":true,"valueName":"search_term_string"}}],"inLanguage":"en-US"},{"@type":"Organization","@id":"https:\/\/adexa.ee\/#organization","name":"Adexa","url":"https:\/\/adexa.ee\/","logo":{"@type":"ImageObject","inLanguage":"en-US","@id":"https:\/\/adexa.ee\/#\/schema\/logo\/image\/","url":"https:\/\/adexa.ee\/wp-content\/uploads\/2024\/04\/chef-cooks-working-in-professional-kitchen-2023-11-27-05-07-39-utc-scaled.jpg","contentUrl":"https:\/\/adexa.ee\/wp-content\/uploads\/2024\/04\/chef-cooks-working-in-professional-kitchen-2023-11-27-05-07-39-utc-scaled.jpg","width":2560,"height":1708,"caption":"Adexa"},"image":{"@id":"https:\/\/adexa.ee\/#\/schema\/logo\/image\/"}}]}},"_links":{"self":[{"href":"https:\/\/adexa.ee\/en\/wp-json\/wp\/v2\/product\/20250","targetHints":{"allow":["GET"]}}],"collection":[{"href":"https:\/\/adexa.ee\/en\/wp-json\/wp\/v2\/product"}],"about":[{"href":"https:\/\/adexa.ee\/en\/wp-json\/wp\/v2\/types\/product"}],"wp:featuredmedia":[{"embeddable":true,"href":"https:\/\/adexa.ee\/en\/wp-json\/wp\/v2\/media\/20252"}],"wp:attachment":[{"href":"https:\/\/adexa.ee\/en\/wp-json\/wp\/v2\/media?parent=20250"}],"wp:term":[{"taxonomy":"product_brand","embeddable":true,"href":"https:\/\/adexa.ee\/en\/wp-json\/wp\/v2\/product_brand?post=20250"},{"taxonomy":"product_cat","embeddable":true,"href":"https:\/\/adexa.ee\/en\/wp-json\/wp\/v2\/product_cat?post=20250"},{"taxonomy":"product_tag","embeddable":true,"href":"https:\/\/adexa.ee\/en\/wp-json\/wp\/v2\/product_tag?post=20250"}],"curies":[{"name":"wp","href":"https:\/\/api.w.org\/{rel}","templated":true}]}}