{"id":20259,"date":"2026-03-26T10:55:59","date_gmt":"2026-03-26T08:55:59","guid":{"rendered":"https:\/\/adexa.ee\/toode\/hobedane-barjaaripost-musta-tommatava-vooga-2m-adexa-sbp01b\/"},"modified":"2026-03-26T10:56:03","modified_gmt":"2026-03-26T08:56:03","slug":"hobedane-piirdepost-musta-sissetommatava-lindiga-2m-adexa-sbp01b","status":"publish","type":"product","link":"https:\/\/adexa.ee\/en\/toode\/hobedane-piirdepost-musta-sissetommatava-lindiga-2m-adexa-sbp01b\/","title":{"rendered":"H\u00f5bedane piirdepost musta sisset\u00f5mmatava lindiga 2m | Adexa SBP01B"},"content":{"rendered":"<p>Juhendage h\u00f5lpsasti oma hotelli, \u00f6\u00f6klubi v\u00f5i kasiino sissep\u00e4\u00e4su selle vastupidava piirdetulbaga. See piirdetulp on loodud efektiivsust silmas pidades ja on lihtne viis, kuidas hoida sisse- ja v\u00e4ljumisj\u00e4rjekorrad turvalised ja korrap\u00e4rased. Selle elegantne disain s\u00e4\u00e4stab ruumi ja h\u00f5lbustab tulba hoiustamist, kui seda ei kasutata. See vastupidav piirdetulp pakub usaldusv\u00e4\u00e4rset abi inimeste t\u00f5rjumisel ohutute ja murevabade \u00fcrituste korraldamiseks!&nbsp;Seda piirdetulpa on lihtne n\u00e4ha, et julgustada k\u00fclalisi korrap\u00e4raselt j\u00e4rjekorda v\u00f5tma. Lisaks sissep\u00e4\u00e4sul kasutamisele on see tulp suurep\u00e4rane ka v\u00e4ljaregistreerimise ja piletikassade j\u00e4rjekordade jaoks. Tulba v\u00f6\u00f6 ulatub 2 meetrini ja t\u00f5mbub automaatselt tagasi, tagades, et teie j\u00e4rjekorrad n\u00e4ivad korrap\u00e4rased ja pingul. T\u00f5mmatav v\u00f6\u00f6 tagab ka j\u00e4rjekordade kiire ja lihtsa likvideerimise, s\u00e4\u00e4stes teie personalile aega \u00fcrituse koristamise ajal. T\u00f5mmatava v\u00f6\u00f6ga piirdetulbad on eriti mugavad, kuna v\u00f6\u00f6d j\u00e4\u00e4vad tulba k\u00fclge, mist\u00f5ttu neid ei j\u00e4\u00e4 kadunuks v\u00f5i ei h\u00f5iva lisaruumi kappides v\u00f5i hoiualadel. Klassikaline \u00fcmmargune tipp pakub 4-suunalist kassetti t\u00f5mmatavate v\u00f6\u00f6dega, et kiirelt ja lihtsalt luua v\u00f5imalus muuta inimeste liikumissuunda teie asutuses. Iga piirdetulp on varustatud raskendatud alusega, et v\u00e4ltida selle \u00fcmberkukkumist v\u00f5i libisemist, aidates hoida seda \u00fcrituse v\u00e4ltel paigal. Materjal: Roostevaba terasK\u00f5rgus: 895mmTorude diameeter: 63mmTorude paksus: 0.4mmAluse kate: SS201, 0.38mmAluse diameeter: 320mmKaal: 5.68kgV\u00f6\u00f6 pikkus: 2 meetrit<\/p>\n<table style=\"border-collapse: collapse; width: 100%; text-align: left;\">\n<tbody>\n<tr>\n<td style=\"border: 1px solid #ddd; padding: 8px; width: 45%;\"><strong>K\u00f5rgus<\/strong><\/td>\n<td style=\"border: 1px solid #ddd; padding: 8px;\">895mm<\/td>\n<\/tr>\n<tr>\n<td style=\"border: 1px solid #ddd; padding: 8px; width: 45%;\"><strong>Kaal<\/strong><\/td>\n<td style=\"border: 1px solid #ddd; padding: 8px;\">6kg<\/td>\n<\/tr>\n<tr>\n<td style=\"border: 1px solid #ddd; padding: 8px; width: 45%;\"><strong>Garantii<\/strong><\/td>\n<td style=\"border: 1px solid #ddd; padding: 8px;\">12 kuu varuosade garantii<\/td>\n<\/tr>\n<tr>\n<td style=\"border: 1px solid #ddd; padding: 8px; width: 45%;\"><strong>Materjal<\/strong><\/td>\n<td style=\"border: 1px solid #ddd; padding: 8px;\">Roostevaba teras<\/td>\n<\/tr>\n<tr>\n<td style=\"border: 1px solid #ddd; padding: 8px; width: 45%;\"><strong>V\u00e4rv<\/strong><\/td>\n<td style=\"border: 1px solid #ddd; padding: 8px;\">H\u00f5be (post) \/ Must (v\u00f6\u00f6)<\/td>\n<\/tr>\n<tr>\n<td style=\"border: 1px solid #ddd; padding: 8px; width: 45%;\"><strong>L\u00e4bim\u00f5\u00f5t<\/strong><\/td>\n<td style=\"border: 1px solid #ddd; padding: 8px;\">320mm<\/td>\n<\/tr>\n<tr>\n<td style=\"border: 1px solid #ddd; padding: 8px; width: 45%;\"><strong>Pikkus<\/strong><\/td>\n<td style=\"border: 1px solid #ddd; padding: 8px;\">2m (v\u00f6\u00f6)<\/td>\n<\/tr>\n<\/tbody>\n<\/table>\n","protected":false},"excerpt":{"rendered":"<p>Juhendage h\u00f5lpsasti oma hotelli, \u00f6\u00f6klubi v\u00f5i kasiino sissep\u00e4\u00e4su selle vastupidava piirdetulbaga. See piirdetulp on loodud efektiivsust silmas pidades ja on<\/p>\n","protected":false},"featured_media":20261,"template":"","meta":[],"product_brand":[],"product_cat":[3833,621,569,561],"product_tag":[],"class_list":{"0":"post-20259","1":"product","2":"type-product","3":"status-publish","4":"has-post-thumbnail","6":"product_cat-uued-tooted","7":"product_cat-eralduspostid-ja-paelad","8":"product_cat-lopumuuk","9":"product_cat-moobel-ja-hoiustamine","11":"first","12":"instock","13":"sale","14":"taxable","15":"shipping-taxable","16":"purchasable","17":"product-type-simple"},"yoast_head":"<!-- This site is optimized with the Yoast SEO plugin v27.3 - https:\/\/yoast.com\/product\/yoast-seo-wordpress\/ -->\n<title>H\u00f5bedane piirdepost musta sisset\u00f5mmatava lindiga 2m | Adexa SBP01B - Adexa \u2013 Suurk\u00f6\u00f6giseadmed restoranidele ja toitlustusele<\/title>\n<meta name=\"robots\" content=\"index, follow, max-snippet:-1, max-image-preview:large, max-video-preview:-1\" \/>\n<link rel=\"canonical\" href=\"https:\/\/adexa.ee\/toode\/hobedane-piirdepost-musta-sissetommatava-lindiga-2m-adexa-sbp01b\/\" \/>\n<meta property=\"og:locale\" content=\"en_US\" \/>\n<meta property=\"og:type\" content=\"article\" \/>\n<meta property=\"og:title\" content=\"H\u00f5bedane piirdepost musta sisset\u00f5mmatava lindiga 2m | Adexa SBP01B - Adexa \u2013 Suurk\u00f6\u00f6giseadmed restoranidele ja toitlustusele\" \/>\n<meta property=\"og:description\" content=\"Juhendage h\u00f5lpsasti oma hotelli, \u00f6\u00f6klubi v\u00f5i kasiino sissep\u00e4\u00e4su selle vastupidava piirdetulbaga. See piirdetulp on loodud efektiivsust silmas pidades ja on\" \/>\n<meta property=\"og:url\" content=\"https:\/\/adexa.ee\/toode\/hobedane-piirdepost-musta-sissetommatava-lindiga-2m-adexa-sbp01b\/\" \/>\n<meta property=\"og:site_name\" content=\"Adexa \u2013 Suurk\u00f6\u00f6giseadmed restoranidele ja toitlustusele\" \/>\n<meta property=\"article:modified_time\" content=\"2026-03-26T08:56:03+00:00\" \/>\n<meta property=\"og:image\" content=\"https:\/\/adexa.ee\/wp-content\/uploads\/2024\/12\/SBP01B-B.jpg\" \/>\n\t<meta property=\"og:image:width\" content=\"1500\" \/>\n\t<meta property=\"og:image:height\" content=\"1500\" \/>\n\t<meta property=\"og:image:type\" content=\"image\/jpeg\" \/>\n<meta name=\"twitter:card\" content=\"summary_large_image\" \/>\n<meta name=\"twitter:label1\" content=\"Est. reading time\" \/>\n\t<meta name=\"twitter:data1\" content=\"1 minute\" \/>\n<script type=\"application\/ld+json\" class=\"yoast-schema-graph\">{\"@context\":\"https:\\\/\\\/schema.org\",\"@graph\":[{\"@type\":\"WebPage\",\"@id\":\"https:\\\/\\\/adexa.ee\\\/toode\\\/hobedane-piirdepost-musta-sissetommatava-lindiga-2m-adexa-sbp01b\\\/\",\"url\":\"https:\\\/\\\/adexa.ee\\\/toode\\\/hobedane-piirdepost-musta-sissetommatava-lindiga-2m-adexa-sbp01b\\\/\",\"name\":\"H\u00f5bedane piirdepost musta sisset\u00f5mmatava lindiga 2m | Adexa SBP01B - Adexa \u2013 Suurk\u00f6\u00f6giseadmed restoranidele ja toitlustusele\",\"isPartOf\":{\"@id\":\"https:\\\/\\\/adexa.ee\\\/#website\"},\"primaryImageOfPage\":{\"@id\":\"https:\\\/\\\/adexa.ee\\\/toode\\\/hobedane-piirdepost-musta-sissetommatava-lindiga-2m-adexa-sbp01b\\\/#primaryimage\"},\"image\":{\"@id\":\"https:\\\/\\\/adexa.ee\\\/toode\\\/hobedane-piirdepost-musta-sissetommatava-lindiga-2m-adexa-sbp01b\\\/#primaryimage\"},\"thumbnailUrl\":\"https:\\\/\\\/adexa.ee\\\/wp-content\\\/uploads\\\/2024\\\/12\\\/SBP01B-B.jpg\",\"datePublished\":\"2026-03-26T08:55:59+00:00\",\"dateModified\":\"2026-03-26T08:56:03+00:00\",\"breadcrumb\":{\"@id\":\"https:\\\/\\\/adexa.ee\\\/toode\\\/hobedane-piirdepost-musta-sissetommatava-lindiga-2m-adexa-sbp01b\\\/#breadcrumb\"},\"inLanguage\":\"en-US\",\"potentialAction\":[{\"@type\":\"ReadAction\",\"target\":[\"https:\\\/\\\/adexa.ee\\\/toode\\\/hobedane-piirdepost-musta-sissetommatava-lindiga-2m-adexa-sbp01b\\\/\"]}]},{\"@type\":\"ImageObject\",\"inLanguage\":\"en-US\",\"@id\":\"https:\\\/\\\/adexa.ee\\\/toode\\\/hobedane-piirdepost-musta-sissetommatava-lindiga-2m-adexa-sbp01b\\\/#primaryimage\",\"url\":\"https:\\\/\\\/adexa.ee\\\/wp-content\\\/uploads\\\/2024\\\/12\\\/SBP01B-B.jpg\",\"contentUrl\":\"https:\\\/\\\/adexa.ee\\\/wp-content\\\/uploads\\\/2024\\\/12\\\/SBP01B-B.jpg\",\"width\":1500,\"height\":1500},{\"@type\":\"BreadcrumbList\",\"@id\":\"https:\\\/\\\/adexa.ee\\\/toode\\\/hobedane-piirdepost-musta-sissetommatava-lindiga-2m-adexa-sbp01b\\\/#breadcrumb\",\"itemListElement\":[{\"@type\":\"ListItem\",\"position\":1,\"name\":\"Home\",\"item\":\"https:\\\/\\\/adexa.ee\\\/\"},{\"@type\":\"ListItem\",\"position\":2,\"name\":\"Tooted\",\"item\":\"https:\\\/\\\/adexa.ee\\\/pood\\\/\"},{\"@type\":\"ListItem\",\"position\":3,\"name\":\"H\u00f5bedane piirdepost musta sisset\u00f5mmatava lindiga 2m | Adexa SBP01B\"}]},{\"@type\":\"WebSite\",\"@id\":\"https:\\\/\\\/adexa.ee\\\/#website\",\"url\":\"https:\\\/\\\/adexa.ee\\\/\",\"name\":\"Adexa\",\"description\":\"\",\"publisher\":{\"@id\":\"https:\\\/\\\/adexa.ee\\\/#organization\"},\"potentialAction\":[{\"@type\":\"SearchAction\",\"target\":{\"@type\":\"EntryPoint\",\"urlTemplate\":\"https:\\\/\\\/adexa.ee\\\/?s={search_term_string}\"},\"query-input\":{\"@type\":\"PropertyValueSpecification\",\"valueRequired\":true,\"valueName\":\"search_term_string\"}}],\"inLanguage\":\"en-US\"},{\"@type\":\"Organization\",\"@id\":\"https:\\\/\\\/adexa.ee\\\/#organization\",\"name\":\"Adexa\",\"url\":\"https:\\\/\\\/adexa.ee\\\/\",\"logo\":{\"@type\":\"ImageObject\",\"inLanguage\":\"en-US\",\"@id\":\"https:\\\/\\\/adexa.ee\\\/#\\\/schema\\\/logo\\\/image\\\/\",\"url\":\"https:\\\/\\\/adexa.ee\\\/wp-content\\\/uploads\\\/2024\\\/04\\\/chef-cooks-working-in-professional-kitchen-2023-11-27-05-07-39-utc-scaled.jpg\",\"contentUrl\":\"https:\\\/\\\/adexa.ee\\\/wp-content\\\/uploads\\\/2024\\\/04\\\/chef-cooks-working-in-professional-kitchen-2023-11-27-05-07-39-utc-scaled.jpg\",\"width\":2560,\"height\":1708,\"caption\":\"Adexa\"},\"image\":{\"@id\":\"https:\\\/\\\/adexa.ee\\\/#\\\/schema\\\/logo\\\/image\\\/\"}}]}<\/script>\n<!-- \/ Yoast SEO plugin. -->","yoast_head_json":{"title":"H\u00f5bedane piirdepost musta sisset\u00f5mmatava lindiga 2m | Adexa SBP01B - Adexa \u2013 Suurk\u00f6\u00f6giseadmed restoranidele ja toitlustusele","robots":{"index":"index","follow":"follow","max-snippet":"max-snippet:-1","max-image-preview":"max-image-preview:large","max-video-preview":"max-video-preview:-1"},"canonical":"https:\/\/adexa.ee\/toode\/hobedane-piirdepost-musta-sissetommatava-lindiga-2m-adexa-sbp01b\/","og_locale":"en_US","og_type":"article","og_title":"H\u00f5bedane piirdepost musta sisset\u00f5mmatava lindiga 2m | Adexa SBP01B - Adexa \u2013 Suurk\u00f6\u00f6giseadmed restoranidele ja toitlustusele","og_description":"Juhendage h\u00f5lpsasti oma hotelli, \u00f6\u00f6klubi v\u00f5i kasiino sissep\u00e4\u00e4su selle vastupidava piirdetulbaga. See piirdetulp on loodud efektiivsust silmas pidades ja on","og_url":"https:\/\/adexa.ee\/toode\/hobedane-piirdepost-musta-sissetommatava-lindiga-2m-adexa-sbp01b\/","og_site_name":"Adexa \u2013 Suurk\u00f6\u00f6giseadmed restoranidele ja toitlustusele","article_modified_time":"2026-03-26T08:56:03+00:00","og_image":[{"width":1500,"height":1500,"url":"https:\/\/adexa.ee\/wp-content\/uploads\/2024\/12\/SBP01B-B.jpg","type":"image\/jpeg"}],"twitter_card":"summary_large_image","twitter_misc":{"Est. reading time":"1 minute"},"schema":{"@context":"https:\/\/schema.org","@graph":[{"@type":"WebPage","@id":"https:\/\/adexa.ee\/toode\/hobedane-piirdepost-musta-sissetommatava-lindiga-2m-adexa-sbp01b\/","url":"https:\/\/adexa.ee\/toode\/hobedane-piirdepost-musta-sissetommatava-lindiga-2m-adexa-sbp01b\/","name":"H\u00f5bedane piirdepost musta sisset\u00f5mmatava lindiga 2m | Adexa SBP01B - Adexa \u2013 Suurk\u00f6\u00f6giseadmed restoranidele ja toitlustusele","isPartOf":{"@id":"https:\/\/adexa.ee\/#website"},"primaryImageOfPage":{"@id":"https:\/\/adexa.ee\/toode\/hobedane-piirdepost-musta-sissetommatava-lindiga-2m-adexa-sbp01b\/#primaryimage"},"image":{"@id":"https:\/\/adexa.ee\/toode\/hobedane-piirdepost-musta-sissetommatava-lindiga-2m-adexa-sbp01b\/#primaryimage"},"thumbnailUrl":"https:\/\/adexa.ee\/wp-content\/uploads\/2024\/12\/SBP01B-B.jpg","datePublished":"2026-03-26T08:55:59+00:00","dateModified":"2026-03-26T08:56:03+00:00","breadcrumb":{"@id":"https:\/\/adexa.ee\/toode\/hobedane-piirdepost-musta-sissetommatava-lindiga-2m-adexa-sbp01b\/#breadcrumb"},"inLanguage":"en-US","potentialAction":[{"@type":"ReadAction","target":["https:\/\/adexa.ee\/toode\/hobedane-piirdepost-musta-sissetommatava-lindiga-2m-adexa-sbp01b\/"]}]},{"@type":"ImageObject","inLanguage":"en-US","@id":"https:\/\/adexa.ee\/toode\/hobedane-piirdepost-musta-sissetommatava-lindiga-2m-adexa-sbp01b\/#primaryimage","url":"https:\/\/adexa.ee\/wp-content\/uploads\/2024\/12\/SBP01B-B.jpg","contentUrl":"https:\/\/adexa.ee\/wp-content\/uploads\/2024\/12\/SBP01B-B.jpg","width":1500,"height":1500},{"@type":"BreadcrumbList","@id":"https:\/\/adexa.ee\/toode\/hobedane-piirdepost-musta-sissetommatava-lindiga-2m-adexa-sbp01b\/#breadcrumb","itemListElement":[{"@type":"ListItem","position":1,"name":"Home","item":"https:\/\/adexa.ee\/"},{"@type":"ListItem","position":2,"name":"Tooted","item":"https:\/\/adexa.ee\/pood\/"},{"@type":"ListItem","position":3,"name":"H\u00f5bedane piirdepost musta sisset\u00f5mmatava lindiga 2m | Adexa SBP01B"}]},{"@type":"WebSite","@id":"https:\/\/adexa.ee\/#website","url":"https:\/\/adexa.ee\/","name":"Adexa","description":"","publisher":{"@id":"https:\/\/adexa.ee\/#organization"},"potentialAction":[{"@type":"SearchAction","target":{"@type":"EntryPoint","urlTemplate":"https:\/\/adexa.ee\/?s={search_term_string}"},"query-input":{"@type":"PropertyValueSpecification","valueRequired":true,"valueName":"search_term_string"}}],"inLanguage":"en-US"},{"@type":"Organization","@id":"https:\/\/adexa.ee\/#organization","name":"Adexa","url":"https:\/\/adexa.ee\/","logo":{"@type":"ImageObject","inLanguage":"en-US","@id":"https:\/\/adexa.ee\/#\/schema\/logo\/image\/","url":"https:\/\/adexa.ee\/wp-content\/uploads\/2024\/04\/chef-cooks-working-in-professional-kitchen-2023-11-27-05-07-39-utc-scaled.jpg","contentUrl":"https:\/\/adexa.ee\/wp-content\/uploads\/2024\/04\/chef-cooks-working-in-professional-kitchen-2023-11-27-05-07-39-utc-scaled.jpg","width":2560,"height":1708,"caption":"Adexa"},"image":{"@id":"https:\/\/adexa.ee\/#\/schema\/logo\/image\/"}}]}},"_links":{"self":[{"href":"https:\/\/adexa.ee\/en\/wp-json\/wp\/v2\/product\/20259","targetHints":{"allow":["GET"]}}],"collection":[{"href":"https:\/\/adexa.ee\/en\/wp-json\/wp\/v2\/product"}],"about":[{"href":"https:\/\/adexa.ee\/en\/wp-json\/wp\/v2\/types\/product"}],"wp:featuredmedia":[{"embeddable":true,"href":"https:\/\/adexa.ee\/en\/wp-json\/wp\/v2\/media\/20261"}],"wp:attachment":[{"href":"https:\/\/adexa.ee\/en\/wp-json\/wp\/v2\/media?parent=20259"}],"wp:term":[{"taxonomy":"product_brand","embeddable":true,"href":"https:\/\/adexa.ee\/en\/wp-json\/wp\/v2\/product_brand?post=20259"},{"taxonomy":"product_cat","embeddable":true,"href":"https:\/\/adexa.ee\/en\/wp-json\/wp\/v2\/product_cat?post=20259"},{"taxonomy":"product_tag","embeddable":true,"href":"https:\/\/adexa.ee\/en\/wp-json\/wp\/v2\/product_tag?post=20259"}],"curies":[{"name":"wp","href":"https:\/\/api.w.org\/{rel}","templated":true}]}}