{"id":20271,"date":"2026-03-26T12:55:12","date_gmt":"2026-03-26T10:55:12","guid":{"rendered":"https:\/\/adexa.ee\/toode\/laadimistabel-vasak-pool-1200x650x850mm-kraanikausiga-pritsmekaitsega-roostevaba-teras-adexa-dwita1265l\/"},"modified":"2026-03-26T12:55:13","modified_gmt":"2026-03-26T10:55:13","slug":"pealelaadimislaud-vasak-pool-1200x650x850mm-kraanikausiga-pritsmekaitsega-roostevaba-teras-adexa-dwita1265l","status":"publish","type":"product","link":"https:\/\/adexa.ee\/en\/toode\/pealelaadimislaud-vasak-pool-1200x650x850mm-kraanikausiga-pritsmekaitsega-roostevaba-teras-adexa-dwita1265l\/","title":{"rendered":"Pealelaadimislaud Vasak pool 1200x650x850mm Kraanikausiga Pritsmekaitsega Roostevaba teras | Adexa DWITA1265L"},"content":{"rendered":"<p>See laadimis- \/ m\u00e4\u00e4rdunud n\u00f5ude laud pakub teie n\u00f5udepesujaamale sobiva koha, kuhu paigutada oma m\u00e4\u00e4rdunud n\u00f5ud enne pesuts\u00fcklisse saatmist. See sobib suurep\u00e4raselt ka n\u00f5ude loputamiseks enne, kui need l\u00e4bi n\u00f5udepesumasina saadetakse. Ideaalne restoranidele, kohvikutele ja hotellidele! \u00dcksikasjaliku teabe saamiseks vaadake allpool jaotises \u201eSpetsifikatsioon\u201d.<\/p>\n<table style=\"border-collapse: collapse; width: 100%; text-align: left;\">\n<tbody>\n<tr>\n<td style=\"border: 1px solid #ddd; padding: 8px; width: 45%;\"><strong>S\u00fcgavus<\/strong><\/td>\n<td style=\"border: 1px solid #ddd; padding: 8px;\">650 mm<\/td>\n<\/tr>\n<tr>\n<td style=\"border: 1px solid #ddd; padding: 8px; width: 45%;\"><strong>K\u00f5rgus<\/strong><\/td>\n<td style=\"border: 1px solid #ddd; padding: 8px;\">850mm<\/td>\n<\/tr>\n<tr>\n<td style=\"border: 1px solid #ddd; padding: 8px; width: 45%;\"><strong>Laius<\/strong><\/td>\n<td style=\"border: 1px solid #ddd; padding: 8px;\">1200 mm<\/td>\n<\/tr>\n<tr>\n<td style=\"border: 1px solid #ddd; padding: 8px; width: 45%;\"><strong>Kaal<\/strong><\/td>\n<td style=\"border: 1px solid #ddd; padding: 8px;\">14kg<\/td>\n<\/tr>\n<tr>\n<td style=\"border: 1px solid #ddd; padding: 8px; width: 45%;\"><strong>Garantii<\/strong><\/td>\n<td style=\"border: 1px solid #ddd; padding: 8px;\">12 kuu varuosade garantii<\/td>\n<\/tr>\n<tr>\n<td style=\"border: 1px solid #ddd; padding: 8px; width: 45%;\"><strong>Materjal<\/strong><\/td>\n<td style=\"border: 1px solid #ddd; padding: 8px;\">Roostevaba teras<\/td>\n<\/tr>\n<tr>\n<td style=\"border: 1px solid #ddd; padding: 8px; width: 45%;\"><strong>Pritsekaitse<\/strong><\/td>\n<td style=\"border: 1px solid #ddd; padding: 8px;\">Jah<\/td>\n<\/tr>\n<tr>\n<td style=\"border: 1px solid #ddd; padding: 8px; width: 45%;\"><strong>L\u00e4bim\u00f5\u00f5t<\/strong><\/td>\n<td style=\"border: 1px solid #ddd; padding: 8px;\">3,5&#8221; \/ 89mm (\u00e4ravooluava)<\/td>\n<\/tr>\n<tr>\n<td style=\"border: 1px solid #ddd; padding: 8px; width: 45%;\"><strong>M\u00f5\u00f5tmed (kauss)<\/strong><\/td>\n<td style=\"border: 1px solid #ddd; padding: 8px;\">400x400x250 mm<\/td>\n<\/tr>\n<\/tbody>\n<\/table>\n","protected":false},"excerpt":{"rendered":"<p>See laadimis- \/ m\u00e4\u00e4rdunud n\u00f5ude laud pakub teie n\u00f5udepesujaamale sobiva koha, kuhu paigutada oma m\u00e4\u00e4rdunud n\u00f5ud enne pesuts\u00fcklisse saatmist. See<\/p>\n","protected":false},"featured_media":20273,"template":"","meta":[],"product_brand":[],"product_cat":[709,609,708,572,660],"product_tag":[],"class_list":{"0":"post-20271","1":"product","2":"type-product","3":"status-publish","4":"has-post-thumbnail","6":"product_cat-lauad-labipesuga-noudepesumasinatele","7":"product_cat-noudepesu","8":"product_cat-noudepesumasina-lauad","9":"product_cat-roostevabad-tooted","10":"product_cat-valamud-noudepesumasinatele","12":"first","13":"instock","14":"sale","15":"taxable","16":"shipping-taxable","17":"purchasable","18":"product-type-simple"},"yoast_head":"<!-- This site is optimized with the Yoast SEO plugin v27.3 - https:\/\/yoast.com\/product\/yoast-seo-wordpress\/ -->\n<title>Pealelaadimislaud Vasak pool 1200x650x850mm Kraanikausiga Pritsmekaitsega Roostevaba teras | Adexa DWITA1265L - Adexa \u2013 Suurk\u00f6\u00f6giseadmed restoranidele ja toitlustusele<\/title>\n<meta name=\"robots\" content=\"index, follow, max-snippet:-1, max-image-preview:large, max-video-preview:-1\" \/>\n<link rel=\"canonical\" href=\"https:\/\/adexa.ee\/toode\/pealelaadimislaud-vasak-pool-1200x650x850mm-kraanikausiga-pritsmekaitsega-roostevaba-teras-adexa-dwita1265l\/\" \/>\n<meta property=\"og:locale\" content=\"en_US\" \/>\n<meta property=\"og:type\" content=\"article\" \/>\n<meta property=\"og:title\" content=\"Pealelaadimislaud Vasak pool 1200x650x850mm Kraanikausiga Pritsmekaitsega Roostevaba teras | Adexa DWITA1265L - Adexa \u2013 Suurk\u00f6\u00f6giseadmed restoranidele ja toitlustusele\" \/>\n<meta property=\"og:description\" content=\"See laadimis- \/ m\u00e4\u00e4rdunud n\u00f5ude laud pakub teie n\u00f5udepesujaamale sobiva koha, kuhu paigutada oma m\u00e4\u00e4rdunud n\u00f5ud enne pesuts\u00fcklisse saatmist. See\" \/>\n<meta property=\"og:url\" content=\"https:\/\/adexa.ee\/toode\/pealelaadimislaud-vasak-pool-1200x650x850mm-kraanikausiga-pritsmekaitsega-roostevaba-teras-adexa-dwita1265l\/\" \/>\n<meta property=\"og:site_name\" content=\"Adexa \u2013 Suurk\u00f6\u00f6giseadmed restoranidele ja toitlustusele\" \/>\n<meta property=\"article:modified_time\" content=\"2026-03-26T10:55:13+00:00\" \/>\n<meta property=\"og:image\" content=\"https:\/\/adexa.ee\/wp-content\/uploads\/2024\/12\/DWITA1265L.jpg\" \/>\n\t<meta property=\"og:image:width\" content=\"1223\" \/>\n\t<meta property=\"og:image:height\" content=\"1223\" \/>\n\t<meta property=\"og:image:type\" content=\"image\/jpeg\" \/>\n<meta name=\"twitter:card\" content=\"summary_large_image\" \/>\n<script type=\"application\/ld+json\" class=\"yoast-schema-graph\">{\"@context\":\"https:\\\/\\\/schema.org\",\"@graph\":[{\"@type\":\"WebPage\",\"@id\":\"https:\\\/\\\/adexa.ee\\\/toode\\\/pealelaadimislaud-vasak-pool-1200x650x850mm-kraanikausiga-pritsmekaitsega-roostevaba-teras-adexa-dwita1265l\\\/\",\"url\":\"https:\\\/\\\/adexa.ee\\\/toode\\\/pealelaadimislaud-vasak-pool-1200x650x850mm-kraanikausiga-pritsmekaitsega-roostevaba-teras-adexa-dwita1265l\\\/\",\"name\":\"Pealelaadimislaud Vasak pool 1200x650x850mm Kraanikausiga Pritsmekaitsega Roostevaba teras | Adexa DWITA1265L - Adexa \u2013 Suurk\u00f6\u00f6giseadmed restoranidele ja toitlustusele\",\"isPartOf\":{\"@id\":\"https:\\\/\\\/adexa.ee\\\/#website\"},\"primaryImageOfPage\":{\"@id\":\"https:\\\/\\\/adexa.ee\\\/toode\\\/pealelaadimislaud-vasak-pool-1200x650x850mm-kraanikausiga-pritsmekaitsega-roostevaba-teras-adexa-dwita1265l\\\/#primaryimage\"},\"image\":{\"@id\":\"https:\\\/\\\/adexa.ee\\\/toode\\\/pealelaadimislaud-vasak-pool-1200x650x850mm-kraanikausiga-pritsmekaitsega-roostevaba-teras-adexa-dwita1265l\\\/#primaryimage\"},\"thumbnailUrl\":\"https:\\\/\\\/adexa.ee\\\/wp-content\\\/uploads\\\/2024\\\/12\\\/DWITA1265L.jpg\",\"datePublished\":\"2026-03-26T10:55:12+00:00\",\"dateModified\":\"2026-03-26T10:55:13+00:00\",\"breadcrumb\":{\"@id\":\"https:\\\/\\\/adexa.ee\\\/toode\\\/pealelaadimislaud-vasak-pool-1200x650x850mm-kraanikausiga-pritsmekaitsega-roostevaba-teras-adexa-dwita1265l\\\/#breadcrumb\"},\"inLanguage\":\"en-US\",\"potentialAction\":[{\"@type\":\"ReadAction\",\"target\":[\"https:\\\/\\\/adexa.ee\\\/toode\\\/pealelaadimislaud-vasak-pool-1200x650x850mm-kraanikausiga-pritsmekaitsega-roostevaba-teras-adexa-dwita1265l\\\/\"]}]},{\"@type\":\"ImageObject\",\"inLanguage\":\"en-US\",\"@id\":\"https:\\\/\\\/adexa.ee\\\/toode\\\/pealelaadimislaud-vasak-pool-1200x650x850mm-kraanikausiga-pritsmekaitsega-roostevaba-teras-adexa-dwita1265l\\\/#primaryimage\",\"url\":\"https:\\\/\\\/adexa.ee\\\/wp-content\\\/uploads\\\/2024\\\/12\\\/DWITA1265L.jpg\",\"contentUrl\":\"https:\\\/\\\/adexa.ee\\\/wp-content\\\/uploads\\\/2024\\\/12\\\/DWITA1265L.jpg\",\"width\":1223,\"height\":1223},{\"@type\":\"BreadcrumbList\",\"@id\":\"https:\\\/\\\/adexa.ee\\\/toode\\\/pealelaadimislaud-vasak-pool-1200x650x850mm-kraanikausiga-pritsmekaitsega-roostevaba-teras-adexa-dwita1265l\\\/#breadcrumb\",\"itemListElement\":[{\"@type\":\"ListItem\",\"position\":1,\"name\":\"Home\",\"item\":\"https:\\\/\\\/adexa.ee\\\/\"},{\"@type\":\"ListItem\",\"position\":2,\"name\":\"Tooted\",\"item\":\"https:\\\/\\\/adexa.ee\\\/pood\\\/\"},{\"@type\":\"ListItem\",\"position\":3,\"name\":\"Pealelaadimislaud Vasak pool 1200x650x850mm Kraanikausiga Pritsmekaitsega Roostevaba teras | Adexa DWITA1265L\"}]},{\"@type\":\"WebSite\",\"@id\":\"https:\\\/\\\/adexa.ee\\\/#website\",\"url\":\"https:\\\/\\\/adexa.ee\\\/\",\"name\":\"Adexa\",\"description\":\"\",\"publisher\":{\"@id\":\"https:\\\/\\\/adexa.ee\\\/#organization\"},\"potentialAction\":[{\"@type\":\"SearchAction\",\"target\":{\"@type\":\"EntryPoint\",\"urlTemplate\":\"https:\\\/\\\/adexa.ee\\\/?s={search_term_string}\"},\"query-input\":{\"@type\":\"PropertyValueSpecification\",\"valueRequired\":true,\"valueName\":\"search_term_string\"}}],\"inLanguage\":\"en-US\"},{\"@type\":\"Organization\",\"@id\":\"https:\\\/\\\/adexa.ee\\\/#organization\",\"name\":\"Adexa\",\"url\":\"https:\\\/\\\/adexa.ee\\\/\",\"logo\":{\"@type\":\"ImageObject\",\"inLanguage\":\"en-US\",\"@id\":\"https:\\\/\\\/adexa.ee\\\/#\\\/schema\\\/logo\\\/image\\\/\",\"url\":\"https:\\\/\\\/adexa.ee\\\/wp-content\\\/uploads\\\/2024\\\/04\\\/chef-cooks-working-in-professional-kitchen-2023-11-27-05-07-39-utc-scaled.jpg\",\"contentUrl\":\"https:\\\/\\\/adexa.ee\\\/wp-content\\\/uploads\\\/2024\\\/04\\\/chef-cooks-working-in-professional-kitchen-2023-11-27-05-07-39-utc-scaled.jpg\",\"width\":2560,\"height\":1708,\"caption\":\"Adexa\"},\"image\":{\"@id\":\"https:\\\/\\\/adexa.ee\\\/#\\\/schema\\\/logo\\\/image\\\/\"}}]}<\/script>\n<!-- \/ Yoast SEO plugin. -->","yoast_head_json":{"title":"Pealelaadimislaud Vasak pool 1200x650x850mm Kraanikausiga Pritsmekaitsega Roostevaba teras | Adexa DWITA1265L - Adexa \u2013 Suurk\u00f6\u00f6giseadmed restoranidele ja toitlustusele","robots":{"index":"index","follow":"follow","max-snippet":"max-snippet:-1","max-image-preview":"max-image-preview:large","max-video-preview":"max-video-preview:-1"},"canonical":"https:\/\/adexa.ee\/toode\/pealelaadimislaud-vasak-pool-1200x650x850mm-kraanikausiga-pritsmekaitsega-roostevaba-teras-adexa-dwita1265l\/","og_locale":"en_US","og_type":"article","og_title":"Pealelaadimislaud Vasak pool 1200x650x850mm Kraanikausiga Pritsmekaitsega Roostevaba teras | Adexa DWITA1265L - Adexa \u2013 Suurk\u00f6\u00f6giseadmed restoranidele ja toitlustusele","og_description":"See laadimis- \/ m\u00e4\u00e4rdunud n\u00f5ude laud pakub teie n\u00f5udepesujaamale sobiva koha, kuhu paigutada oma m\u00e4\u00e4rdunud n\u00f5ud enne pesuts\u00fcklisse saatmist. See","og_url":"https:\/\/adexa.ee\/toode\/pealelaadimislaud-vasak-pool-1200x650x850mm-kraanikausiga-pritsmekaitsega-roostevaba-teras-adexa-dwita1265l\/","og_site_name":"Adexa \u2013 Suurk\u00f6\u00f6giseadmed restoranidele ja toitlustusele","article_modified_time":"2026-03-26T10:55:13+00:00","og_image":[{"width":1223,"height":1223,"url":"https:\/\/adexa.ee\/wp-content\/uploads\/2024\/12\/DWITA1265L.jpg","type":"image\/jpeg"}],"twitter_card":"summary_large_image","schema":{"@context":"https:\/\/schema.org","@graph":[{"@type":"WebPage","@id":"https:\/\/adexa.ee\/toode\/pealelaadimislaud-vasak-pool-1200x650x850mm-kraanikausiga-pritsmekaitsega-roostevaba-teras-adexa-dwita1265l\/","url":"https:\/\/adexa.ee\/toode\/pealelaadimislaud-vasak-pool-1200x650x850mm-kraanikausiga-pritsmekaitsega-roostevaba-teras-adexa-dwita1265l\/","name":"Pealelaadimislaud Vasak pool 1200x650x850mm Kraanikausiga Pritsmekaitsega Roostevaba teras | Adexa DWITA1265L - Adexa \u2013 Suurk\u00f6\u00f6giseadmed restoranidele ja toitlustusele","isPartOf":{"@id":"https:\/\/adexa.ee\/#website"},"primaryImageOfPage":{"@id":"https:\/\/adexa.ee\/toode\/pealelaadimislaud-vasak-pool-1200x650x850mm-kraanikausiga-pritsmekaitsega-roostevaba-teras-adexa-dwita1265l\/#primaryimage"},"image":{"@id":"https:\/\/adexa.ee\/toode\/pealelaadimislaud-vasak-pool-1200x650x850mm-kraanikausiga-pritsmekaitsega-roostevaba-teras-adexa-dwita1265l\/#primaryimage"},"thumbnailUrl":"https:\/\/adexa.ee\/wp-content\/uploads\/2024\/12\/DWITA1265L.jpg","datePublished":"2026-03-26T10:55:12+00:00","dateModified":"2026-03-26T10:55:13+00:00","breadcrumb":{"@id":"https:\/\/adexa.ee\/toode\/pealelaadimislaud-vasak-pool-1200x650x850mm-kraanikausiga-pritsmekaitsega-roostevaba-teras-adexa-dwita1265l\/#breadcrumb"},"inLanguage":"en-US","potentialAction":[{"@type":"ReadAction","target":["https:\/\/adexa.ee\/toode\/pealelaadimislaud-vasak-pool-1200x650x850mm-kraanikausiga-pritsmekaitsega-roostevaba-teras-adexa-dwita1265l\/"]}]},{"@type":"ImageObject","inLanguage":"en-US","@id":"https:\/\/adexa.ee\/toode\/pealelaadimislaud-vasak-pool-1200x650x850mm-kraanikausiga-pritsmekaitsega-roostevaba-teras-adexa-dwita1265l\/#primaryimage","url":"https:\/\/adexa.ee\/wp-content\/uploads\/2024\/12\/DWITA1265L.jpg","contentUrl":"https:\/\/adexa.ee\/wp-content\/uploads\/2024\/12\/DWITA1265L.jpg","width":1223,"height":1223},{"@type":"BreadcrumbList","@id":"https:\/\/adexa.ee\/toode\/pealelaadimislaud-vasak-pool-1200x650x850mm-kraanikausiga-pritsmekaitsega-roostevaba-teras-adexa-dwita1265l\/#breadcrumb","itemListElement":[{"@type":"ListItem","position":1,"name":"Home","item":"https:\/\/adexa.ee\/"},{"@type":"ListItem","position":2,"name":"Tooted","item":"https:\/\/adexa.ee\/pood\/"},{"@type":"ListItem","position":3,"name":"Pealelaadimislaud Vasak pool 1200x650x850mm Kraanikausiga Pritsmekaitsega Roostevaba teras | Adexa DWITA1265L"}]},{"@type":"WebSite","@id":"https:\/\/adexa.ee\/#website","url":"https:\/\/adexa.ee\/","name":"Adexa","description":"","publisher":{"@id":"https:\/\/adexa.ee\/#organization"},"potentialAction":[{"@type":"SearchAction","target":{"@type":"EntryPoint","urlTemplate":"https:\/\/adexa.ee\/?s={search_term_string}"},"query-input":{"@type":"PropertyValueSpecification","valueRequired":true,"valueName":"search_term_string"}}],"inLanguage":"en-US"},{"@type":"Organization","@id":"https:\/\/adexa.ee\/#organization","name":"Adexa","url":"https:\/\/adexa.ee\/","logo":{"@type":"ImageObject","inLanguage":"en-US","@id":"https:\/\/adexa.ee\/#\/schema\/logo\/image\/","url":"https:\/\/adexa.ee\/wp-content\/uploads\/2024\/04\/chef-cooks-working-in-professional-kitchen-2023-11-27-05-07-39-utc-scaled.jpg","contentUrl":"https:\/\/adexa.ee\/wp-content\/uploads\/2024\/04\/chef-cooks-working-in-professional-kitchen-2023-11-27-05-07-39-utc-scaled.jpg","width":2560,"height":1708,"caption":"Adexa"},"image":{"@id":"https:\/\/adexa.ee\/#\/schema\/logo\/image\/"}}]}},"_links":{"self":[{"href":"https:\/\/adexa.ee\/en\/wp-json\/wp\/v2\/product\/20271","targetHints":{"allow":["GET"]}}],"collection":[{"href":"https:\/\/adexa.ee\/en\/wp-json\/wp\/v2\/product"}],"about":[{"href":"https:\/\/adexa.ee\/en\/wp-json\/wp\/v2\/types\/product"}],"wp:featuredmedia":[{"embeddable":true,"href":"https:\/\/adexa.ee\/en\/wp-json\/wp\/v2\/media\/20273"}],"wp:attachment":[{"href":"https:\/\/adexa.ee\/en\/wp-json\/wp\/v2\/media?parent=20271"}],"wp:term":[{"taxonomy":"product_brand","embeddable":true,"href":"https:\/\/adexa.ee\/en\/wp-json\/wp\/v2\/product_brand?post=20271"},{"taxonomy":"product_cat","embeddable":true,"href":"https:\/\/adexa.ee\/en\/wp-json\/wp\/v2\/product_cat?post=20271"},{"taxonomy":"product_tag","embeddable":true,"href":"https:\/\/adexa.ee\/en\/wp-json\/wp\/v2\/product_tag?post=20271"}],"curies":[{"name":"wp","href":"https:\/\/api.w.org\/{rel}","templated":true}]}}