{"id":20280,"date":"2026-03-26T10:55:59","date_gmt":"2026-03-26T08:55:59","guid":{"rendered":"https:\/\/adexa.ee\/toode\/professionaalne-seinale-kinnitatav-toolaud-roostevabast-terasest-1800x600x900-mm-adexa-wmtb60180\/"},"modified":"2026-03-26T10:56:05","modified_gmt":"2026-03-26T08:56:05","slug":"professionaalne-seinale-kinnitatav-toolaud-roostevabast-terasest-1800x600x900-mm-adexa-wmtb60180","status":"publish","type":"product","link":"https:\/\/adexa.ee\/en\/toode\/professionaalne-seinale-kinnitatav-toolaud-roostevabast-terasest-1800x600x900-mm-adexa-wmtb60180\/","title":{"rendered":"Professionaalne seinale kinnitatav t\u00f6\u00f6laud roostevabast terasest 1800x600x900 mm | Adexa WMTB60180"},"content":{"rendered":"<p>Premium-klassi roostevabast terasest seinale kinnitatav t\u00f6\u00f6laud. Valmistatud k\u00f5rgekvaliteedilisest roostevabast terasest ja varustatud tagapritsmelauaga, on see laud m\u00f5eldud h\u00fcgieenistandardite hoidmiseks. T\u00e4nu ruumis\u00e4\u00e4stlikule disainile on see seinale kinnitatav laud ideaalne lahendus t\u00f6\u00f6keskkonna maksimeerimiseks. Valmistatud roostevabast terasest 1800x600x900 mm. Vastab rahvusvahelistele h\u00fcgieeni- ja puhastamisstandarditele. T\u00e4psema teabe saamiseks vaadake all &#8216;Spetsifikatsioon&#8217; rubriiki.<\/p>\n<table style=\"border-collapse: collapse; width: 100%; text-align: left;\">\n<tbody>\n<tr>\n<td style=\"border: 1px solid #ddd; padding: 8px; width: 45%;\"><strong>S\u00fcgavus<\/strong><\/td>\n<td style=\"border: 1px solid #ddd; padding: 8px;\">600mm<\/td>\n<\/tr>\n<tr>\n<td style=\"border: 1px solid #ddd; padding: 8px; width: 45%;\"><strong>K\u00f5rgus<\/strong><\/td>\n<td style=\"border: 1px solid #ddd; padding: 8px;\">900mm<\/td>\n<\/tr>\n<tr>\n<td style=\"border: 1px solid #ddd; padding: 8px; width: 45%;\"><strong>Laius<\/strong><\/td>\n<td style=\"border: 1px solid #ddd; padding: 8px;\">1800 mm<\/td>\n<\/tr>\n<tr>\n<td style=\"border: 1px solid #ddd; padding: 8px; width: 45%;\"><strong>Kaal<\/strong><\/td>\n<td style=\"border: 1px solid #ddd; padding: 8px;\">19kg<\/td>\n<\/tr>\n<tr>\n<td style=\"border: 1px solid #ddd; padding: 8px; width: 45%;\"><strong>Garantii<\/strong><\/td>\n<td style=\"border: 1px solid #ddd; padding: 8px;\">12 kuu varuosade garantii<\/td>\n<\/tr>\n<tr>\n<td style=\"border: 1px solid #ddd; padding: 8px; width: 45%;\"><strong>T\u00fc\u00fcp<\/strong><\/td>\n<td style=\"border: 1px solid #ddd; padding: 8px;\">Seinale paigaldatud<\/td>\n<\/tr>\n<tr>\n<td style=\"border: 1px solid #ddd; padding: 8px; width: 45%;\"><strong>Materjal<\/strong><\/td>\n<td style=\"border: 1px solid #ddd; padding: 8px;\">Roostevaba teras<\/td>\n<\/tr>\n<tr>\n<td style=\"border: 1px solid #ddd; padding: 8px; width: 45%;\"><strong>Pritsekaitse<\/strong><\/td>\n<td style=\"border: 1px solid #ddd; padding: 8px;\">Jah<\/td>\n<\/tr>\n<\/tbody>\n<\/table>\n","protected":false},"excerpt":{"rendered":"<p>Premium-klassi roostevabast terasest seinale kinnitatav t\u00f6\u00f6laud. Valmistatud k\u00f5rgekvaliteedilisest roostevabast terasest ja varustatud tagapritsmelauaga, on see laud m\u00f5eldud h\u00fcgieenistandardite hoidmiseks. T\u00e4nu<\/p>\n","protected":false},"featured_media":20197,"template":"","meta":[],"product_brand":[],"product_cat":[933,572,592],"product_tag":[],"class_list":{"0":"post-20280","1":"product","2":"type-product","3":"status-publish","4":"has-post-thumbnail","6":"product_cat-seinakinnitusega-toolauad","7":"product_cat-roostevabad-tooted","8":"product_cat-toolauad","10":"first","11":"instock","12":"sale","13":"taxable","14":"shipping-taxable","15":"purchasable","16":"product-type-simple"},"yoast_head":"<!-- This site is optimized with the Yoast SEO plugin v27.3 - https:\/\/yoast.com\/product\/yoast-seo-wordpress\/ -->\n<title>Professionaalne seinale kinnitatav t\u00f6\u00f6laud roostevabast terasest 1800x600x900 mm | Adexa WMTB60180 - Adexa \u2013 Suurk\u00f6\u00f6giseadmed restoranidele ja toitlustusele<\/title>\n<meta name=\"robots\" content=\"index, follow, max-snippet:-1, max-image-preview:large, max-video-preview:-1\" \/>\n<link rel=\"canonical\" href=\"https:\/\/adexa.ee\/toode\/professionaalne-seinale-kinnitatav-toolaud-roostevabast-terasest-1800x600x900-mm-adexa-wmtb60180\/\" \/>\n<meta property=\"og:locale\" content=\"en_US\" \/>\n<meta property=\"og:type\" content=\"article\" \/>\n<meta property=\"og:title\" content=\"Professionaalne seinale kinnitatav t\u00f6\u00f6laud roostevabast terasest 1800x600x900 mm | Adexa WMTB60180 - Adexa \u2013 Suurk\u00f6\u00f6giseadmed restoranidele ja toitlustusele\" \/>\n<meta property=\"og:description\" content=\"Premium-klassi roostevabast terasest seinale kinnitatav t\u00f6\u00f6laud. Valmistatud k\u00f5rgekvaliteedilisest roostevabast terasest ja varustatud tagapritsmelauaga, on see laud m\u00f5eldud h\u00fcgieenistandardite hoidmiseks. T\u00e4nu\" \/>\n<meta property=\"og:url\" content=\"https:\/\/adexa.ee\/toode\/professionaalne-seinale-kinnitatav-toolaud-roostevabast-terasest-1800x600x900-mm-adexa-wmtb60180\/\" \/>\n<meta property=\"og:site_name\" content=\"Adexa \u2013 Suurk\u00f6\u00f6giseadmed restoranidele ja toitlustusele\" \/>\n<meta property=\"article:modified_time\" content=\"2026-03-26T08:56:05+00:00\" \/>\n<meta property=\"og:image\" content=\"https:\/\/adexa.ee\/wp-content\/uploads\/2024\/12\/WMTB.jpg\" \/>\n\t<meta property=\"og:image:width\" content=\"2000\" \/>\n\t<meta property=\"og:image:height\" content=\"2000\" \/>\n\t<meta property=\"og:image:type\" content=\"image\/jpeg\" \/>\n<meta name=\"twitter:card\" content=\"summary_large_image\" \/>\n<script type=\"application\/ld+json\" class=\"yoast-schema-graph\">{\"@context\":\"https:\\\/\\\/schema.org\",\"@graph\":[{\"@type\":\"WebPage\",\"@id\":\"https:\\\/\\\/adexa.ee\\\/toode\\\/professionaalne-seinale-kinnitatav-toolaud-roostevabast-terasest-1800x600x900-mm-adexa-wmtb60180\\\/\",\"url\":\"https:\\\/\\\/adexa.ee\\\/toode\\\/professionaalne-seinale-kinnitatav-toolaud-roostevabast-terasest-1800x600x900-mm-adexa-wmtb60180\\\/\",\"name\":\"Professionaalne seinale kinnitatav t\u00f6\u00f6laud roostevabast terasest 1800x600x900 mm | Adexa WMTB60180 - Adexa \u2013 Suurk\u00f6\u00f6giseadmed restoranidele ja toitlustusele\",\"isPartOf\":{\"@id\":\"https:\\\/\\\/adexa.ee\\\/#website\"},\"primaryImageOfPage\":{\"@id\":\"https:\\\/\\\/adexa.ee\\\/toode\\\/professionaalne-seinale-kinnitatav-toolaud-roostevabast-terasest-1800x600x900-mm-adexa-wmtb60180\\\/#primaryimage\"},\"image\":{\"@id\":\"https:\\\/\\\/adexa.ee\\\/toode\\\/professionaalne-seinale-kinnitatav-toolaud-roostevabast-terasest-1800x600x900-mm-adexa-wmtb60180\\\/#primaryimage\"},\"thumbnailUrl\":\"https:\\\/\\\/adexa.ee\\\/wp-content\\\/uploads\\\/2024\\\/12\\\/WMTB.jpg\",\"datePublished\":\"2026-03-26T08:55:59+00:00\",\"dateModified\":\"2026-03-26T08:56:05+00:00\",\"breadcrumb\":{\"@id\":\"https:\\\/\\\/adexa.ee\\\/toode\\\/professionaalne-seinale-kinnitatav-toolaud-roostevabast-terasest-1800x600x900-mm-adexa-wmtb60180\\\/#breadcrumb\"},\"inLanguage\":\"en-US\",\"potentialAction\":[{\"@type\":\"ReadAction\",\"target\":[\"https:\\\/\\\/adexa.ee\\\/toode\\\/professionaalne-seinale-kinnitatav-toolaud-roostevabast-terasest-1800x600x900-mm-adexa-wmtb60180\\\/\"]}]},{\"@type\":\"ImageObject\",\"inLanguage\":\"en-US\",\"@id\":\"https:\\\/\\\/adexa.ee\\\/toode\\\/professionaalne-seinale-kinnitatav-toolaud-roostevabast-terasest-1800x600x900-mm-adexa-wmtb60180\\\/#primaryimage\",\"url\":\"https:\\\/\\\/adexa.ee\\\/wp-content\\\/uploads\\\/2024\\\/12\\\/WMTB.jpg\",\"contentUrl\":\"https:\\\/\\\/adexa.ee\\\/wp-content\\\/uploads\\\/2024\\\/12\\\/WMTB.jpg\",\"width\":2000,\"height\":2000},{\"@type\":\"BreadcrumbList\",\"@id\":\"https:\\\/\\\/adexa.ee\\\/toode\\\/professionaalne-seinale-kinnitatav-toolaud-roostevabast-terasest-1800x600x900-mm-adexa-wmtb60180\\\/#breadcrumb\",\"itemListElement\":[{\"@type\":\"ListItem\",\"position\":1,\"name\":\"Home\",\"item\":\"https:\\\/\\\/adexa.ee\\\/\"},{\"@type\":\"ListItem\",\"position\":2,\"name\":\"Tooted\",\"item\":\"https:\\\/\\\/adexa.ee\\\/pood\\\/\"},{\"@type\":\"ListItem\",\"position\":3,\"name\":\"Professionaalne seinale kinnitatav t\u00f6\u00f6laud roostevabast terasest 1800x600x900 mm | Adexa WMTB60180\"}]},{\"@type\":\"WebSite\",\"@id\":\"https:\\\/\\\/adexa.ee\\\/#website\",\"url\":\"https:\\\/\\\/adexa.ee\\\/\",\"name\":\"Adexa\",\"description\":\"\",\"publisher\":{\"@id\":\"https:\\\/\\\/adexa.ee\\\/#organization\"},\"potentialAction\":[{\"@type\":\"SearchAction\",\"target\":{\"@type\":\"EntryPoint\",\"urlTemplate\":\"https:\\\/\\\/adexa.ee\\\/?s={search_term_string}\"},\"query-input\":{\"@type\":\"PropertyValueSpecification\",\"valueRequired\":true,\"valueName\":\"search_term_string\"}}],\"inLanguage\":\"en-US\"},{\"@type\":\"Organization\",\"@id\":\"https:\\\/\\\/adexa.ee\\\/#organization\",\"name\":\"Adexa\",\"url\":\"https:\\\/\\\/adexa.ee\\\/\",\"logo\":{\"@type\":\"ImageObject\",\"inLanguage\":\"en-US\",\"@id\":\"https:\\\/\\\/adexa.ee\\\/#\\\/schema\\\/logo\\\/image\\\/\",\"url\":\"https:\\\/\\\/adexa.ee\\\/wp-content\\\/uploads\\\/2024\\\/04\\\/chef-cooks-working-in-professional-kitchen-2023-11-27-05-07-39-utc-scaled.jpg\",\"contentUrl\":\"https:\\\/\\\/adexa.ee\\\/wp-content\\\/uploads\\\/2024\\\/04\\\/chef-cooks-working-in-professional-kitchen-2023-11-27-05-07-39-utc-scaled.jpg\",\"width\":2560,\"height\":1708,\"caption\":\"Adexa\"},\"image\":{\"@id\":\"https:\\\/\\\/adexa.ee\\\/#\\\/schema\\\/logo\\\/image\\\/\"}}]}<\/script>\n<!-- \/ Yoast SEO plugin. -->","yoast_head_json":{"title":"Professionaalne seinale kinnitatav t\u00f6\u00f6laud roostevabast terasest 1800x600x900 mm | Adexa WMTB60180 - Adexa \u2013 Suurk\u00f6\u00f6giseadmed restoranidele ja toitlustusele","robots":{"index":"index","follow":"follow","max-snippet":"max-snippet:-1","max-image-preview":"max-image-preview:large","max-video-preview":"max-video-preview:-1"},"canonical":"https:\/\/adexa.ee\/toode\/professionaalne-seinale-kinnitatav-toolaud-roostevabast-terasest-1800x600x900-mm-adexa-wmtb60180\/","og_locale":"en_US","og_type":"article","og_title":"Professionaalne seinale kinnitatav t\u00f6\u00f6laud roostevabast terasest 1800x600x900 mm | Adexa WMTB60180 - Adexa \u2013 Suurk\u00f6\u00f6giseadmed restoranidele ja toitlustusele","og_description":"Premium-klassi roostevabast terasest seinale kinnitatav t\u00f6\u00f6laud. Valmistatud k\u00f5rgekvaliteedilisest roostevabast terasest ja varustatud tagapritsmelauaga, on see laud m\u00f5eldud h\u00fcgieenistandardite hoidmiseks. T\u00e4nu","og_url":"https:\/\/adexa.ee\/toode\/professionaalne-seinale-kinnitatav-toolaud-roostevabast-terasest-1800x600x900-mm-adexa-wmtb60180\/","og_site_name":"Adexa \u2013 Suurk\u00f6\u00f6giseadmed restoranidele ja toitlustusele","article_modified_time":"2026-03-26T08:56:05+00:00","og_image":[{"width":2000,"height":2000,"url":"https:\/\/adexa.ee\/wp-content\/uploads\/2024\/12\/WMTB.jpg","type":"image\/jpeg"}],"twitter_card":"summary_large_image","schema":{"@context":"https:\/\/schema.org","@graph":[{"@type":"WebPage","@id":"https:\/\/adexa.ee\/toode\/professionaalne-seinale-kinnitatav-toolaud-roostevabast-terasest-1800x600x900-mm-adexa-wmtb60180\/","url":"https:\/\/adexa.ee\/toode\/professionaalne-seinale-kinnitatav-toolaud-roostevabast-terasest-1800x600x900-mm-adexa-wmtb60180\/","name":"Professionaalne seinale kinnitatav t\u00f6\u00f6laud roostevabast terasest 1800x600x900 mm | Adexa WMTB60180 - Adexa \u2013 Suurk\u00f6\u00f6giseadmed restoranidele ja toitlustusele","isPartOf":{"@id":"https:\/\/adexa.ee\/#website"},"primaryImageOfPage":{"@id":"https:\/\/adexa.ee\/toode\/professionaalne-seinale-kinnitatav-toolaud-roostevabast-terasest-1800x600x900-mm-adexa-wmtb60180\/#primaryimage"},"image":{"@id":"https:\/\/adexa.ee\/toode\/professionaalne-seinale-kinnitatav-toolaud-roostevabast-terasest-1800x600x900-mm-adexa-wmtb60180\/#primaryimage"},"thumbnailUrl":"https:\/\/adexa.ee\/wp-content\/uploads\/2024\/12\/WMTB.jpg","datePublished":"2026-03-26T08:55:59+00:00","dateModified":"2026-03-26T08:56:05+00:00","breadcrumb":{"@id":"https:\/\/adexa.ee\/toode\/professionaalne-seinale-kinnitatav-toolaud-roostevabast-terasest-1800x600x900-mm-adexa-wmtb60180\/#breadcrumb"},"inLanguage":"en-US","potentialAction":[{"@type":"ReadAction","target":["https:\/\/adexa.ee\/toode\/professionaalne-seinale-kinnitatav-toolaud-roostevabast-terasest-1800x600x900-mm-adexa-wmtb60180\/"]}]},{"@type":"ImageObject","inLanguage":"en-US","@id":"https:\/\/adexa.ee\/toode\/professionaalne-seinale-kinnitatav-toolaud-roostevabast-terasest-1800x600x900-mm-adexa-wmtb60180\/#primaryimage","url":"https:\/\/adexa.ee\/wp-content\/uploads\/2024\/12\/WMTB.jpg","contentUrl":"https:\/\/adexa.ee\/wp-content\/uploads\/2024\/12\/WMTB.jpg","width":2000,"height":2000},{"@type":"BreadcrumbList","@id":"https:\/\/adexa.ee\/toode\/professionaalne-seinale-kinnitatav-toolaud-roostevabast-terasest-1800x600x900-mm-adexa-wmtb60180\/#breadcrumb","itemListElement":[{"@type":"ListItem","position":1,"name":"Home","item":"https:\/\/adexa.ee\/"},{"@type":"ListItem","position":2,"name":"Tooted","item":"https:\/\/adexa.ee\/pood\/"},{"@type":"ListItem","position":3,"name":"Professionaalne seinale kinnitatav t\u00f6\u00f6laud roostevabast terasest 1800x600x900 mm | Adexa WMTB60180"}]},{"@type":"WebSite","@id":"https:\/\/adexa.ee\/#website","url":"https:\/\/adexa.ee\/","name":"Adexa","description":"","publisher":{"@id":"https:\/\/adexa.ee\/#organization"},"potentialAction":[{"@type":"SearchAction","target":{"@type":"EntryPoint","urlTemplate":"https:\/\/adexa.ee\/?s={search_term_string}"},"query-input":{"@type":"PropertyValueSpecification","valueRequired":true,"valueName":"search_term_string"}}],"inLanguage":"en-US"},{"@type":"Organization","@id":"https:\/\/adexa.ee\/#organization","name":"Adexa","url":"https:\/\/adexa.ee\/","logo":{"@type":"ImageObject","inLanguage":"en-US","@id":"https:\/\/adexa.ee\/#\/schema\/logo\/image\/","url":"https:\/\/adexa.ee\/wp-content\/uploads\/2024\/04\/chef-cooks-working-in-professional-kitchen-2023-11-27-05-07-39-utc-scaled.jpg","contentUrl":"https:\/\/adexa.ee\/wp-content\/uploads\/2024\/04\/chef-cooks-working-in-professional-kitchen-2023-11-27-05-07-39-utc-scaled.jpg","width":2560,"height":1708,"caption":"Adexa"},"image":{"@id":"https:\/\/adexa.ee\/#\/schema\/logo\/image\/"}}]}},"_links":{"self":[{"href":"https:\/\/adexa.ee\/en\/wp-json\/wp\/v2\/product\/20280","targetHints":{"allow":["GET"]}}],"collection":[{"href":"https:\/\/adexa.ee\/en\/wp-json\/wp\/v2\/product"}],"about":[{"href":"https:\/\/adexa.ee\/en\/wp-json\/wp\/v2\/types\/product"}],"wp:featuredmedia":[{"embeddable":true,"href":"https:\/\/adexa.ee\/en\/wp-json\/wp\/v2\/media\/20197"}],"wp:attachment":[{"href":"https:\/\/adexa.ee\/en\/wp-json\/wp\/v2\/media?parent=20280"}],"wp:term":[{"taxonomy":"product_brand","embeddable":true,"href":"https:\/\/adexa.ee\/en\/wp-json\/wp\/v2\/product_brand?post=20280"},{"taxonomy":"product_cat","embeddable":true,"href":"https:\/\/adexa.ee\/en\/wp-json\/wp\/v2\/product_cat?post=20280"},{"taxonomy":"product_tag","embeddable":true,"href":"https:\/\/adexa.ee\/en\/wp-json\/wp\/v2\/product_tag?post=20280"}],"curies":[{"name":"wp","href":"https:\/\/api.w.org\/{rel}","templated":true}]}}