{"id":20320,"date":"2026-03-26T11:05:02","date_gmt":"2026-03-26T09:05:02","guid":{"rendered":"https:\/\/adexa.ee\/toode\/malmist-praepann-ummargune-o300mm-adexa-whfyci30\/"},"modified":"2026-03-26T11:05:09","modified_gmt":"2026-03-26T09:05:09","slug":"malmist-praepann-ummargune-o300mm-adexa-whfyci30","status":"publish","type":"product","link":"https:\/\/adexa.ee\/en\/toode\/malmist-praepann-ummargune-o300mm-adexa-whfyci30\/","title":{"rendered":"Malmist praepann, \u00fcmmargune \u00f8300mm | Adexa WHFYCI30"},"content":{"rendered":"<p>Kestab aastaid! See praepann teenib teid pikki aastaid. Valmistatud uskumatult tugevast malmist ja sellel on sile k\u00fcpsetuspind, mis s\u00e4ilitab soojust ning jaotab seda \u00fchtlaselt \u2013 saavutate iga kord ideaalse tulemuse. Malmist pannid saab h\u00f5lpsasti \u00fcksteise sisse pesastatult hoiustada. Juba eelneevalt maitsestatud &#8211; seda on \u00f5liga h\u00f5\u00f5rutud ja mitmel korral kuumutatud ning \u00f5li on juba lagunenud plastilaadseks aineks, mis on kleepunud metalli pinnale. Pese k\u00e4sitsi ka enne esmakordset kasutamist ja kuivata kohe; h\u00f5\u00f5ru p\u00e4rast iga pesu kerge taime\u00f5li kihiga. Lase malmist praepannil t\u00e4ielikult jahtuda enne kui pesed neid kuumas seebivees, kasutades k\u00e4sna ja tavalist n\u00f5udepesuvahendit; see ei ole n\u00f5udepesumasinas ohutu. Selle \u00fclim soojapidavus hoiab teie isu\u00e4ratava toidu kaua soojana. T\u00e4psemaks teabeks vaadake palun rubriiki &#8216;Spetsifikatsioon&#8217;.<\/p>\n<table style=\"border-collapse: collapse; width: 100%; text-align: left;\">\n<tbody>\n<tr>\n<td style=\"border: 1px solid #ddd; padding: 8px; width: 45%;\"><strong>K\u00f5rgus<\/strong><\/td>\n<td style=\"border: 1px solid #ddd; padding: 8px;\">60 mm<\/td>\n<\/tr>\n<tr>\n<td style=\"border: 1px solid #ddd; padding: 8px; width: 45%;\"><strong>Kaal<\/strong><\/td>\n<td style=\"border: 1px solid #ddd; padding: 8px;\">3 kg<\/td>\n<\/tr>\n<tr>\n<td style=\"border: 1px solid #ddd; padding: 8px; width: 45%;\"><strong>Garantii<\/strong><\/td>\n<td style=\"border: 1px solid #ddd; padding: 8px;\">12 kuu varuosade garantii<\/td>\n<\/tr>\n<tr>\n<td style=\"border: 1px solid #ddd; padding: 8px; width: 45%;\"><strong>Materjal<\/strong><\/td>\n<td style=\"border: 1px solid #ddd; padding: 8px;\">Malm (eelnevalt maitsestatud)<\/td>\n<\/tr>\n<tr>\n<td style=\"border: 1px solid #ddd; padding: 8px; width: 45%;\"><strong>L\u00e4bim\u00f5\u00f5t<\/strong><\/td>\n<td style=\"border: 1px solid #ddd; padding: 8px;\">300mm<\/td>\n<\/tr>\n<\/tbody>\n<\/table>\n","protected":false},"excerpt":{"rendered":"<p>Kestab aastaid! See praepann teenib teid pikki aastaid. Valmistatud uskumatult tugevast malmist ja sellel on sile k\u00fcpsetuspind, mis s\u00e4ilitab soojust<\/p>\n","protected":false},"featured_media":20322,"template":"","meta":[],"product_brand":[],"product_cat":[934,579,606],"product_tag":[],"class_list":{"0":"post-20320","1":"product","2":"type-product","3":"status-publish","4":"has-post-thumbnail","6":"product_cat-malmist-koogitarbed","7":"product_cat-koogitarbed-noud","8":"product_cat-potid-ja-pannid","10":"first","11":"instock","12":"sale","13":"taxable","14":"shipping-taxable","15":"purchasable","16":"product-type-simple"},"yoast_head":"<!-- This site is optimized with the Yoast SEO plugin v27.3 - https:\/\/yoast.com\/product\/yoast-seo-wordpress\/ -->\n<title>Malmist praepann, \u00fcmmargune \u00f8300mm | Adexa WHFYCI30 - Adexa \u2013 Suurk\u00f6\u00f6giseadmed restoranidele ja toitlustusele<\/title>\n<meta name=\"robots\" content=\"index, follow, max-snippet:-1, max-image-preview:large, max-video-preview:-1\" \/>\n<link rel=\"canonical\" href=\"https:\/\/adexa.ee\/toode\/malmist-praepann-ummargune-o300mm-adexa-whfyci30\/\" \/>\n<meta property=\"og:locale\" content=\"en_US\" \/>\n<meta property=\"og:type\" content=\"article\" \/>\n<meta property=\"og:title\" content=\"Malmist praepann, \u00fcmmargune \u00f8300mm | Adexa WHFYCI30 - Adexa \u2013 Suurk\u00f6\u00f6giseadmed restoranidele ja toitlustusele\" \/>\n<meta property=\"og:description\" content=\"Kestab aastaid! See praepann teenib teid pikki aastaid. Valmistatud uskumatult tugevast malmist ja sellel on sile k\u00fcpsetuspind, mis s\u00e4ilitab soojust\" \/>\n<meta property=\"og:url\" content=\"https:\/\/adexa.ee\/toode\/malmist-praepann-ummargune-o300mm-adexa-whfyci30\/\" \/>\n<meta property=\"og:site_name\" content=\"Adexa \u2013 Suurk\u00f6\u00f6giseadmed restoranidele ja toitlustusele\" \/>\n<meta property=\"article:modified_time\" content=\"2026-03-26T09:05:09+00:00\" \/>\n<meta property=\"og:image\" content=\"https:\/\/adexa.ee\/wp-content\/uploads\/2024\/12\/WHFYCI26-WHFYCI30.jpg\" \/>\n\t<meta property=\"og:image:width\" content=\"2000\" \/>\n\t<meta property=\"og:image:height\" content=\"2000\" \/>\n\t<meta property=\"og:image:type\" content=\"image\/jpeg\" \/>\n<meta name=\"twitter:card\" content=\"summary_large_image\" \/>\n<meta name=\"twitter:label1\" content=\"Est. reading time\" \/>\n\t<meta name=\"twitter:data1\" content=\"1 minute\" \/>\n<script type=\"application\/ld+json\" class=\"yoast-schema-graph\">{\"@context\":\"https:\\\/\\\/schema.org\",\"@graph\":[{\"@type\":\"WebPage\",\"@id\":\"https:\\\/\\\/adexa.ee\\\/toode\\\/malmist-praepann-ummargune-o300mm-adexa-whfyci30\\\/\",\"url\":\"https:\\\/\\\/adexa.ee\\\/toode\\\/malmist-praepann-ummargune-o300mm-adexa-whfyci30\\\/\",\"name\":\"Malmist praepann, \u00fcmmargune \u00f8300mm | Adexa WHFYCI30 - Adexa \u2013 Suurk\u00f6\u00f6giseadmed restoranidele ja toitlustusele\",\"isPartOf\":{\"@id\":\"https:\\\/\\\/adexa.ee\\\/#website\"},\"primaryImageOfPage\":{\"@id\":\"https:\\\/\\\/adexa.ee\\\/toode\\\/malmist-praepann-ummargune-o300mm-adexa-whfyci30\\\/#primaryimage\"},\"image\":{\"@id\":\"https:\\\/\\\/adexa.ee\\\/toode\\\/malmist-praepann-ummargune-o300mm-adexa-whfyci30\\\/#primaryimage\"},\"thumbnailUrl\":\"https:\\\/\\\/adexa.ee\\\/wp-content\\\/uploads\\\/2024\\\/12\\\/WHFYCI26-WHFYCI30.jpg\",\"datePublished\":\"2026-03-26T09:05:02+00:00\",\"dateModified\":\"2026-03-26T09:05:09+00:00\",\"breadcrumb\":{\"@id\":\"https:\\\/\\\/adexa.ee\\\/toode\\\/malmist-praepann-ummargune-o300mm-adexa-whfyci30\\\/#breadcrumb\"},\"inLanguage\":\"en-US\",\"potentialAction\":[{\"@type\":\"ReadAction\",\"target\":[\"https:\\\/\\\/adexa.ee\\\/toode\\\/malmist-praepann-ummargune-o300mm-adexa-whfyci30\\\/\"]}]},{\"@type\":\"ImageObject\",\"inLanguage\":\"en-US\",\"@id\":\"https:\\\/\\\/adexa.ee\\\/toode\\\/malmist-praepann-ummargune-o300mm-adexa-whfyci30\\\/#primaryimage\",\"url\":\"https:\\\/\\\/adexa.ee\\\/wp-content\\\/uploads\\\/2024\\\/12\\\/WHFYCI26-WHFYCI30.jpg\",\"contentUrl\":\"https:\\\/\\\/adexa.ee\\\/wp-content\\\/uploads\\\/2024\\\/12\\\/WHFYCI26-WHFYCI30.jpg\",\"width\":2000,\"height\":2000},{\"@type\":\"BreadcrumbList\",\"@id\":\"https:\\\/\\\/adexa.ee\\\/toode\\\/malmist-praepann-ummargune-o300mm-adexa-whfyci30\\\/#breadcrumb\",\"itemListElement\":[{\"@type\":\"ListItem\",\"position\":1,\"name\":\"Home\",\"item\":\"https:\\\/\\\/adexa.ee\\\/\"},{\"@type\":\"ListItem\",\"position\":2,\"name\":\"Tooted\",\"item\":\"https:\\\/\\\/adexa.ee\\\/pood\\\/\"},{\"@type\":\"ListItem\",\"position\":3,\"name\":\"Malmist praepann, \u00fcmmargune \u00f8300mm | Adexa WHFYCI30\"}]},{\"@type\":\"WebSite\",\"@id\":\"https:\\\/\\\/adexa.ee\\\/#website\",\"url\":\"https:\\\/\\\/adexa.ee\\\/\",\"name\":\"Adexa\",\"description\":\"\",\"publisher\":{\"@id\":\"https:\\\/\\\/adexa.ee\\\/#organization\"},\"potentialAction\":[{\"@type\":\"SearchAction\",\"target\":{\"@type\":\"EntryPoint\",\"urlTemplate\":\"https:\\\/\\\/adexa.ee\\\/?s={search_term_string}\"},\"query-input\":{\"@type\":\"PropertyValueSpecification\",\"valueRequired\":true,\"valueName\":\"search_term_string\"}}],\"inLanguage\":\"en-US\"},{\"@type\":\"Organization\",\"@id\":\"https:\\\/\\\/adexa.ee\\\/#organization\",\"name\":\"Adexa\",\"url\":\"https:\\\/\\\/adexa.ee\\\/\",\"logo\":{\"@type\":\"ImageObject\",\"inLanguage\":\"en-US\",\"@id\":\"https:\\\/\\\/adexa.ee\\\/#\\\/schema\\\/logo\\\/image\\\/\",\"url\":\"https:\\\/\\\/adexa.ee\\\/wp-content\\\/uploads\\\/2024\\\/04\\\/chef-cooks-working-in-professional-kitchen-2023-11-27-05-07-39-utc-scaled.jpg\",\"contentUrl\":\"https:\\\/\\\/adexa.ee\\\/wp-content\\\/uploads\\\/2024\\\/04\\\/chef-cooks-working-in-professional-kitchen-2023-11-27-05-07-39-utc-scaled.jpg\",\"width\":2560,\"height\":1708,\"caption\":\"Adexa\"},\"image\":{\"@id\":\"https:\\\/\\\/adexa.ee\\\/#\\\/schema\\\/logo\\\/image\\\/\"}}]}<\/script>\n<!-- \/ Yoast SEO plugin. -->","yoast_head_json":{"title":"Malmist praepann, \u00fcmmargune \u00f8300mm | Adexa WHFYCI30 - Adexa \u2013 Suurk\u00f6\u00f6giseadmed restoranidele ja toitlustusele","robots":{"index":"index","follow":"follow","max-snippet":"max-snippet:-1","max-image-preview":"max-image-preview:large","max-video-preview":"max-video-preview:-1"},"canonical":"https:\/\/adexa.ee\/toode\/malmist-praepann-ummargune-o300mm-adexa-whfyci30\/","og_locale":"en_US","og_type":"article","og_title":"Malmist praepann, \u00fcmmargune \u00f8300mm | Adexa WHFYCI30 - Adexa \u2013 Suurk\u00f6\u00f6giseadmed restoranidele ja toitlustusele","og_description":"Kestab aastaid! See praepann teenib teid pikki aastaid. Valmistatud uskumatult tugevast malmist ja sellel on sile k\u00fcpsetuspind, mis s\u00e4ilitab soojust","og_url":"https:\/\/adexa.ee\/toode\/malmist-praepann-ummargune-o300mm-adexa-whfyci30\/","og_site_name":"Adexa \u2013 Suurk\u00f6\u00f6giseadmed restoranidele ja toitlustusele","article_modified_time":"2026-03-26T09:05:09+00:00","og_image":[{"width":2000,"height":2000,"url":"https:\/\/adexa.ee\/wp-content\/uploads\/2024\/12\/WHFYCI26-WHFYCI30.jpg","type":"image\/jpeg"}],"twitter_card":"summary_large_image","twitter_misc":{"Est. reading time":"1 minute"},"schema":{"@context":"https:\/\/schema.org","@graph":[{"@type":"WebPage","@id":"https:\/\/adexa.ee\/toode\/malmist-praepann-ummargune-o300mm-adexa-whfyci30\/","url":"https:\/\/adexa.ee\/toode\/malmist-praepann-ummargune-o300mm-adexa-whfyci30\/","name":"Malmist praepann, \u00fcmmargune \u00f8300mm | Adexa WHFYCI30 - Adexa \u2013 Suurk\u00f6\u00f6giseadmed restoranidele ja toitlustusele","isPartOf":{"@id":"https:\/\/adexa.ee\/#website"},"primaryImageOfPage":{"@id":"https:\/\/adexa.ee\/toode\/malmist-praepann-ummargune-o300mm-adexa-whfyci30\/#primaryimage"},"image":{"@id":"https:\/\/adexa.ee\/toode\/malmist-praepann-ummargune-o300mm-adexa-whfyci30\/#primaryimage"},"thumbnailUrl":"https:\/\/adexa.ee\/wp-content\/uploads\/2024\/12\/WHFYCI26-WHFYCI30.jpg","datePublished":"2026-03-26T09:05:02+00:00","dateModified":"2026-03-26T09:05:09+00:00","breadcrumb":{"@id":"https:\/\/adexa.ee\/toode\/malmist-praepann-ummargune-o300mm-adexa-whfyci30\/#breadcrumb"},"inLanguage":"en-US","potentialAction":[{"@type":"ReadAction","target":["https:\/\/adexa.ee\/toode\/malmist-praepann-ummargune-o300mm-adexa-whfyci30\/"]}]},{"@type":"ImageObject","inLanguage":"en-US","@id":"https:\/\/adexa.ee\/toode\/malmist-praepann-ummargune-o300mm-adexa-whfyci30\/#primaryimage","url":"https:\/\/adexa.ee\/wp-content\/uploads\/2024\/12\/WHFYCI26-WHFYCI30.jpg","contentUrl":"https:\/\/adexa.ee\/wp-content\/uploads\/2024\/12\/WHFYCI26-WHFYCI30.jpg","width":2000,"height":2000},{"@type":"BreadcrumbList","@id":"https:\/\/adexa.ee\/toode\/malmist-praepann-ummargune-o300mm-adexa-whfyci30\/#breadcrumb","itemListElement":[{"@type":"ListItem","position":1,"name":"Home","item":"https:\/\/adexa.ee\/"},{"@type":"ListItem","position":2,"name":"Tooted","item":"https:\/\/adexa.ee\/pood\/"},{"@type":"ListItem","position":3,"name":"Malmist praepann, \u00fcmmargune \u00f8300mm | Adexa WHFYCI30"}]},{"@type":"WebSite","@id":"https:\/\/adexa.ee\/#website","url":"https:\/\/adexa.ee\/","name":"Adexa","description":"","publisher":{"@id":"https:\/\/adexa.ee\/#organization"},"potentialAction":[{"@type":"SearchAction","target":{"@type":"EntryPoint","urlTemplate":"https:\/\/adexa.ee\/?s={search_term_string}"},"query-input":{"@type":"PropertyValueSpecification","valueRequired":true,"valueName":"search_term_string"}}],"inLanguage":"en-US"},{"@type":"Organization","@id":"https:\/\/adexa.ee\/#organization","name":"Adexa","url":"https:\/\/adexa.ee\/","logo":{"@type":"ImageObject","inLanguage":"en-US","@id":"https:\/\/adexa.ee\/#\/schema\/logo\/image\/","url":"https:\/\/adexa.ee\/wp-content\/uploads\/2024\/04\/chef-cooks-working-in-professional-kitchen-2023-11-27-05-07-39-utc-scaled.jpg","contentUrl":"https:\/\/adexa.ee\/wp-content\/uploads\/2024\/04\/chef-cooks-working-in-professional-kitchen-2023-11-27-05-07-39-utc-scaled.jpg","width":2560,"height":1708,"caption":"Adexa"},"image":{"@id":"https:\/\/adexa.ee\/#\/schema\/logo\/image\/"}}]}},"_links":{"self":[{"href":"https:\/\/adexa.ee\/en\/wp-json\/wp\/v2\/product\/20320","targetHints":{"allow":["GET"]}}],"collection":[{"href":"https:\/\/adexa.ee\/en\/wp-json\/wp\/v2\/product"}],"about":[{"href":"https:\/\/adexa.ee\/en\/wp-json\/wp\/v2\/types\/product"}],"wp:featuredmedia":[{"embeddable":true,"href":"https:\/\/adexa.ee\/en\/wp-json\/wp\/v2\/media\/20322"}],"wp:attachment":[{"href":"https:\/\/adexa.ee\/en\/wp-json\/wp\/v2\/media?parent=20320"}],"wp:term":[{"taxonomy":"product_brand","embeddable":true,"href":"https:\/\/adexa.ee\/en\/wp-json\/wp\/v2\/product_brand?post=20320"},{"taxonomy":"product_cat","embeddable":true,"href":"https:\/\/adexa.ee\/en\/wp-json\/wp\/v2\/product_cat?post=20320"},{"taxonomy":"product_tag","embeddable":true,"href":"https:\/\/adexa.ee\/en\/wp-json\/wp\/v2\/product_tag?post=20320"}],"curies":[{"name":"wp","href":"https:\/\/api.w.org\/{rel}","templated":true}]}}