{"id":20353,"date":"2026-04-01T18:15:56","date_gmt":"2026-04-01T15:15:56","guid":{"rendered":"https:\/\/adexa.ee\/toode\/malmist-pann-umara-kujuga-o260mm-adexa-whfyci26\/"},"modified":"2026-04-01T18:15:57","modified_gmt":"2026-04-01T15:15:57","slug":"malmist-pann-umara-kujuga-o260mm-adexa-whfyci26","status":"publish","type":"product","link":"https:\/\/adexa.ee\/en\/toode\/malmist-pann-umara-kujuga-o260mm-adexa-whfyci26\/","title":{"rendered":"Malmist pann \u00fcmara kujuga \u00f8260mm | Adexa WHFYCI26"},"content":{"rendered":"<p>Kestab kaua! Selle panniga saate k\u00fcpsetada aastaid. See on valmistatud uskumatult tugevast malmist ja sellel on sile k\u00fcpsetuspind, mis s\u00e4ilitab soojust ja jaotab selle \u00fchtlaselt &#8211; saavutate iga kord t\u00e4iusliku tulemuse. Malmist pannid saab h\u00f5lpsasti \u00fcksteise sisse pesitseda. Juba eelnevalt maitsestatud &#8211; seda on h\u00f5\u00f5rutud \u00f5liga ja korduvalt kuumutatud ning \u00f5li on juba lagunenud plastikulaadseks aineks, mis on metallpinnaga seotud. Pese k\u00e4sitsi isegi enne esimest kasutamist ja kuivata kohe; h\u00f5\u00f5ru p\u00e4rast iga pesu kerge kihi taime\u00f5liga. Lase malmpannil enne pesemist kuuma seebiveega ja svammi kasutades t\u00e4ielikult jahtuda; see ei ole n\u00f5udepesumasinas pestav. Selle suurep\u00e4rane soojuse s\u00e4ilitamise v\u00f5ime hoiab isu\u00e4ratava toidu kaua soojana. T\u00e4psema teabe saamiseks vaata &#8220;Spetsifikatsioonide&#8221; alt.<\/p>\n<table style=\"border-collapse: collapse; width: 100%; text-align: left;\">\n<tbody>\n<tr>\n<td style=\"border: 1px solid #ddd; padding: 8px; width: 45%;\"><strong>K\u00f5rgus<\/strong><\/td>\n<td style=\"border: 1px solid #ddd; padding: 8px;\">55 mm<\/td>\n<\/tr>\n<tr>\n<td style=\"border: 1px solid #ddd; padding: 8px; width: 45%;\"><strong>Kaal<\/strong><\/td>\n<td style=\"border: 1px solid #ddd; padding: 8px;\">2,4 kg<\/td>\n<\/tr>\n<tr>\n<td style=\"border: 1px solid #ddd; padding: 8px; width: 45%;\"><strong>Garantii<\/strong><\/td>\n<td style=\"border: 1px solid #ddd; padding: 8px;\">12 kuu varuosade garantii<\/td>\n<\/tr>\n<tr>\n<td style=\"border: 1px solid #ddd; padding: 8px; width: 45%;\"><strong>Materjal<\/strong><\/td>\n<td style=\"border: 1px solid #ddd; padding: 8px;\">Malm (eelmaitsestatud)<\/td>\n<\/tr>\n<tr>\n<td style=\"border: 1px solid #ddd; padding: 8px; width: 45%;\"><strong>L\u00e4bim\u00f5\u00f5t<\/strong><\/td>\n<td style=\"border: 1px solid #ddd; padding: 8px;\">260mm<\/td>\n<\/tr>\n<\/tbody>\n<\/table>\n","protected":false},"excerpt":{"rendered":"<p>Kestab kaua! Selle panniga saate k\u00fcpsetada aastaid. See on valmistatud uskumatult tugevast malmist ja sellel on sile k\u00fcpsetuspind, mis s\u00e4ilitab<\/p>\n","protected":false},"featured_media":20322,"template":"","meta":[],"product_brand":[],"product_cat":[934,579,606],"product_tag":[],"class_list":{"0":"post-20353","1":"product","2":"type-product","3":"status-publish","4":"has-post-thumbnail","6":"product_cat-malmist-koogitarbed","7":"product_cat-koogitarbed-noud","8":"product_cat-potid-ja-pannid","10":"first","11":"instock","12":"sale","13":"taxable","14":"shipping-taxable","15":"purchasable","16":"product-type-simple"},"yoast_head":"<!-- This site is optimized with the Yoast SEO plugin v27.3 - https:\/\/yoast.com\/product\/yoast-seo-wordpress\/ -->\n<title>Malmist pann \u00fcmara kujuga \u00f8260mm | Adexa WHFYCI26 - Adexa \u2013 Suurk\u00f6\u00f6giseadmed restoranidele ja toitlustusele<\/title>\n<meta name=\"robots\" content=\"index, follow, max-snippet:-1, max-image-preview:large, max-video-preview:-1\" \/>\n<link rel=\"canonical\" href=\"https:\/\/adexa.ee\/toode\/malmist-pann-umara-kujuga-o260mm-adexa-whfyci26\/\" \/>\n<meta property=\"og:locale\" content=\"en_US\" \/>\n<meta property=\"og:type\" content=\"article\" \/>\n<meta property=\"og:title\" content=\"Malmist pann \u00fcmara kujuga \u00f8260mm | Adexa WHFYCI26 - Adexa \u2013 Suurk\u00f6\u00f6giseadmed restoranidele ja toitlustusele\" \/>\n<meta property=\"og:description\" content=\"Kestab kaua! Selle panniga saate k\u00fcpsetada aastaid. See on valmistatud uskumatult tugevast malmist ja sellel on sile k\u00fcpsetuspind, mis s\u00e4ilitab\" \/>\n<meta property=\"og:url\" content=\"https:\/\/adexa.ee\/toode\/malmist-pann-umara-kujuga-o260mm-adexa-whfyci26\/\" \/>\n<meta property=\"og:site_name\" content=\"Adexa \u2013 Suurk\u00f6\u00f6giseadmed restoranidele ja toitlustusele\" \/>\n<meta property=\"article:modified_time\" content=\"2026-04-01T15:15:57+00:00\" \/>\n<meta property=\"og:image\" content=\"https:\/\/adexa.ee\/wp-content\/uploads\/2024\/12\/WHFYCI26-WHFYCI30.jpg\" \/>\n\t<meta property=\"og:image:width\" content=\"2000\" \/>\n\t<meta property=\"og:image:height\" content=\"2000\" \/>\n\t<meta property=\"og:image:type\" content=\"image\/jpeg\" \/>\n<meta name=\"twitter:card\" content=\"summary_large_image\" \/>\n<meta name=\"twitter:label1\" content=\"Est. reading time\" \/>\n\t<meta name=\"twitter:data1\" content=\"1 minute\" \/>\n<script type=\"application\/ld+json\" class=\"yoast-schema-graph\">{\"@context\":\"https:\\\/\\\/schema.org\",\"@graph\":[{\"@type\":\"WebPage\",\"@id\":\"https:\\\/\\\/adexa.ee\\\/toode\\\/malmist-pann-umara-kujuga-o260mm-adexa-whfyci26\\\/\",\"url\":\"https:\\\/\\\/adexa.ee\\\/toode\\\/malmist-pann-umara-kujuga-o260mm-adexa-whfyci26\\\/\",\"name\":\"Malmist pann \u00fcmara kujuga \u00f8260mm | Adexa WHFYCI26 - Adexa \u2013 Suurk\u00f6\u00f6giseadmed restoranidele ja toitlustusele\",\"isPartOf\":{\"@id\":\"https:\\\/\\\/adexa.ee\\\/#website\"},\"primaryImageOfPage\":{\"@id\":\"https:\\\/\\\/adexa.ee\\\/toode\\\/malmist-pann-umara-kujuga-o260mm-adexa-whfyci26\\\/#primaryimage\"},\"image\":{\"@id\":\"https:\\\/\\\/adexa.ee\\\/toode\\\/malmist-pann-umara-kujuga-o260mm-adexa-whfyci26\\\/#primaryimage\"},\"thumbnailUrl\":\"https:\\\/\\\/adexa.ee\\\/wp-content\\\/uploads\\\/2024\\\/12\\\/WHFYCI26-WHFYCI30.jpg\",\"datePublished\":\"2026-04-01T15:15:56+00:00\",\"dateModified\":\"2026-04-01T15:15:57+00:00\",\"breadcrumb\":{\"@id\":\"https:\\\/\\\/adexa.ee\\\/toode\\\/malmist-pann-umara-kujuga-o260mm-adexa-whfyci26\\\/#breadcrumb\"},\"inLanguage\":\"en-US\",\"potentialAction\":[{\"@type\":\"ReadAction\",\"target\":[\"https:\\\/\\\/adexa.ee\\\/toode\\\/malmist-pann-umara-kujuga-o260mm-adexa-whfyci26\\\/\"]}]},{\"@type\":\"ImageObject\",\"inLanguage\":\"en-US\",\"@id\":\"https:\\\/\\\/adexa.ee\\\/toode\\\/malmist-pann-umara-kujuga-o260mm-adexa-whfyci26\\\/#primaryimage\",\"url\":\"https:\\\/\\\/adexa.ee\\\/wp-content\\\/uploads\\\/2024\\\/12\\\/WHFYCI26-WHFYCI30.jpg\",\"contentUrl\":\"https:\\\/\\\/adexa.ee\\\/wp-content\\\/uploads\\\/2024\\\/12\\\/WHFYCI26-WHFYCI30.jpg\",\"width\":2000,\"height\":2000},{\"@type\":\"BreadcrumbList\",\"@id\":\"https:\\\/\\\/adexa.ee\\\/toode\\\/malmist-pann-umara-kujuga-o260mm-adexa-whfyci26\\\/#breadcrumb\",\"itemListElement\":[{\"@type\":\"ListItem\",\"position\":1,\"name\":\"Home\",\"item\":\"https:\\\/\\\/adexa.ee\\\/\"},{\"@type\":\"ListItem\",\"position\":2,\"name\":\"Tooted\",\"item\":\"https:\\\/\\\/adexa.ee\\\/pood\\\/\"},{\"@type\":\"ListItem\",\"position\":3,\"name\":\"Malmist pann \u00fcmara kujuga \u00f8260mm | Adexa WHFYCI26\"}]},{\"@type\":\"WebSite\",\"@id\":\"https:\\\/\\\/adexa.ee\\\/#website\",\"url\":\"https:\\\/\\\/adexa.ee\\\/\",\"name\":\"Adexa\",\"description\":\"\",\"publisher\":{\"@id\":\"https:\\\/\\\/adexa.ee\\\/#organization\"},\"potentialAction\":[{\"@type\":\"SearchAction\",\"target\":{\"@type\":\"EntryPoint\",\"urlTemplate\":\"https:\\\/\\\/adexa.ee\\\/?s={search_term_string}\"},\"query-input\":{\"@type\":\"PropertyValueSpecification\",\"valueRequired\":true,\"valueName\":\"search_term_string\"}}],\"inLanguage\":\"en-US\"},{\"@type\":\"Organization\",\"@id\":\"https:\\\/\\\/adexa.ee\\\/#organization\",\"name\":\"Adexa\",\"url\":\"https:\\\/\\\/adexa.ee\\\/\",\"logo\":{\"@type\":\"ImageObject\",\"inLanguage\":\"en-US\",\"@id\":\"https:\\\/\\\/adexa.ee\\\/#\\\/schema\\\/logo\\\/image\\\/\",\"url\":\"https:\\\/\\\/adexa.ee\\\/wp-content\\\/uploads\\\/2024\\\/04\\\/chef-cooks-working-in-professional-kitchen-2023-11-27-05-07-39-utc-scaled.jpg\",\"contentUrl\":\"https:\\\/\\\/adexa.ee\\\/wp-content\\\/uploads\\\/2024\\\/04\\\/chef-cooks-working-in-professional-kitchen-2023-11-27-05-07-39-utc-scaled.jpg\",\"width\":2560,\"height\":1708,\"caption\":\"Adexa\"},\"image\":{\"@id\":\"https:\\\/\\\/adexa.ee\\\/#\\\/schema\\\/logo\\\/image\\\/\"}}]}<\/script>\n<!-- \/ Yoast SEO plugin. -->","yoast_head_json":{"title":"Malmist pann \u00fcmara kujuga \u00f8260mm | Adexa WHFYCI26 - Adexa \u2013 Suurk\u00f6\u00f6giseadmed restoranidele ja toitlustusele","robots":{"index":"index","follow":"follow","max-snippet":"max-snippet:-1","max-image-preview":"max-image-preview:large","max-video-preview":"max-video-preview:-1"},"canonical":"https:\/\/adexa.ee\/toode\/malmist-pann-umara-kujuga-o260mm-adexa-whfyci26\/","og_locale":"en_US","og_type":"article","og_title":"Malmist pann \u00fcmara kujuga \u00f8260mm | Adexa WHFYCI26 - Adexa \u2013 Suurk\u00f6\u00f6giseadmed restoranidele ja toitlustusele","og_description":"Kestab kaua! Selle panniga saate k\u00fcpsetada aastaid. See on valmistatud uskumatult tugevast malmist ja sellel on sile k\u00fcpsetuspind, mis s\u00e4ilitab","og_url":"https:\/\/adexa.ee\/toode\/malmist-pann-umara-kujuga-o260mm-adexa-whfyci26\/","og_site_name":"Adexa \u2013 Suurk\u00f6\u00f6giseadmed restoranidele ja toitlustusele","article_modified_time":"2026-04-01T15:15:57+00:00","og_image":[{"width":2000,"height":2000,"url":"https:\/\/adexa.ee\/wp-content\/uploads\/2024\/12\/WHFYCI26-WHFYCI30.jpg","type":"image\/jpeg"}],"twitter_card":"summary_large_image","twitter_misc":{"Est. reading time":"1 minute"},"schema":{"@context":"https:\/\/schema.org","@graph":[{"@type":"WebPage","@id":"https:\/\/adexa.ee\/toode\/malmist-pann-umara-kujuga-o260mm-adexa-whfyci26\/","url":"https:\/\/adexa.ee\/toode\/malmist-pann-umara-kujuga-o260mm-adexa-whfyci26\/","name":"Malmist pann \u00fcmara kujuga \u00f8260mm | Adexa WHFYCI26 - Adexa \u2013 Suurk\u00f6\u00f6giseadmed restoranidele ja toitlustusele","isPartOf":{"@id":"https:\/\/adexa.ee\/#website"},"primaryImageOfPage":{"@id":"https:\/\/adexa.ee\/toode\/malmist-pann-umara-kujuga-o260mm-adexa-whfyci26\/#primaryimage"},"image":{"@id":"https:\/\/adexa.ee\/toode\/malmist-pann-umara-kujuga-o260mm-adexa-whfyci26\/#primaryimage"},"thumbnailUrl":"https:\/\/adexa.ee\/wp-content\/uploads\/2024\/12\/WHFYCI26-WHFYCI30.jpg","datePublished":"2026-04-01T15:15:56+00:00","dateModified":"2026-04-01T15:15:57+00:00","breadcrumb":{"@id":"https:\/\/adexa.ee\/toode\/malmist-pann-umara-kujuga-o260mm-adexa-whfyci26\/#breadcrumb"},"inLanguage":"en-US","potentialAction":[{"@type":"ReadAction","target":["https:\/\/adexa.ee\/toode\/malmist-pann-umara-kujuga-o260mm-adexa-whfyci26\/"]}]},{"@type":"ImageObject","inLanguage":"en-US","@id":"https:\/\/adexa.ee\/toode\/malmist-pann-umara-kujuga-o260mm-adexa-whfyci26\/#primaryimage","url":"https:\/\/adexa.ee\/wp-content\/uploads\/2024\/12\/WHFYCI26-WHFYCI30.jpg","contentUrl":"https:\/\/adexa.ee\/wp-content\/uploads\/2024\/12\/WHFYCI26-WHFYCI30.jpg","width":2000,"height":2000},{"@type":"BreadcrumbList","@id":"https:\/\/adexa.ee\/toode\/malmist-pann-umara-kujuga-o260mm-adexa-whfyci26\/#breadcrumb","itemListElement":[{"@type":"ListItem","position":1,"name":"Home","item":"https:\/\/adexa.ee\/"},{"@type":"ListItem","position":2,"name":"Tooted","item":"https:\/\/adexa.ee\/pood\/"},{"@type":"ListItem","position":3,"name":"Malmist pann \u00fcmara kujuga \u00f8260mm | Adexa WHFYCI26"}]},{"@type":"WebSite","@id":"https:\/\/adexa.ee\/#website","url":"https:\/\/adexa.ee\/","name":"Adexa","description":"","publisher":{"@id":"https:\/\/adexa.ee\/#organization"},"potentialAction":[{"@type":"SearchAction","target":{"@type":"EntryPoint","urlTemplate":"https:\/\/adexa.ee\/?s={search_term_string}"},"query-input":{"@type":"PropertyValueSpecification","valueRequired":true,"valueName":"search_term_string"}}],"inLanguage":"en-US"},{"@type":"Organization","@id":"https:\/\/adexa.ee\/#organization","name":"Adexa","url":"https:\/\/adexa.ee\/","logo":{"@type":"ImageObject","inLanguage":"en-US","@id":"https:\/\/adexa.ee\/#\/schema\/logo\/image\/","url":"https:\/\/adexa.ee\/wp-content\/uploads\/2024\/04\/chef-cooks-working-in-professional-kitchen-2023-11-27-05-07-39-utc-scaled.jpg","contentUrl":"https:\/\/adexa.ee\/wp-content\/uploads\/2024\/04\/chef-cooks-working-in-professional-kitchen-2023-11-27-05-07-39-utc-scaled.jpg","width":2560,"height":1708,"caption":"Adexa"},"image":{"@id":"https:\/\/adexa.ee\/#\/schema\/logo\/image\/"}}]}},"_links":{"self":[{"href":"https:\/\/adexa.ee\/en\/wp-json\/wp\/v2\/product\/20353","targetHints":{"allow":["GET"]}}],"collection":[{"href":"https:\/\/adexa.ee\/en\/wp-json\/wp\/v2\/product"}],"about":[{"href":"https:\/\/adexa.ee\/en\/wp-json\/wp\/v2\/types\/product"}],"wp:featuredmedia":[{"embeddable":true,"href":"https:\/\/adexa.ee\/en\/wp-json\/wp\/v2\/media\/20322"}],"wp:attachment":[{"href":"https:\/\/adexa.ee\/en\/wp-json\/wp\/v2\/media?parent=20353"}],"wp:term":[{"taxonomy":"product_brand","embeddable":true,"href":"https:\/\/adexa.ee\/en\/wp-json\/wp\/v2\/product_brand?post=20353"},{"taxonomy":"product_cat","embeddable":true,"href":"https:\/\/adexa.ee\/en\/wp-json\/wp\/v2\/product_cat?post=20353"},{"taxonomy":"product_tag","embeddable":true,"href":"https:\/\/adexa.ee\/en\/wp-json\/wp\/v2\/product_tag?post=20353"}],"curies":[{"name":"wp","href":"https:\/\/api.w.org\/{rel}","templated":true}]}}