{"id":20668,"date":"2026-03-26T11:05:15","date_gmt":"2026-03-26T09:05:15","guid":{"rendered":"https:\/\/adexa.ee\/toode\/seinakapik-kapp-roostevaba-teras-1800x400x800mm-adexa-swch18040\/"},"modified":"2026-03-26T11:05:22","modified_gmt":"2026-03-26T09:05:22","slug":"seinakapp-roostevaba-teras-1800x400x800mm-adexa-swch18040","status":"publish","type":"product","link":"https:\/\/adexa.ee\/en\/toode\/seinakapp-roostevaba-teras-1800x400x800mm-adexa-swch18040\/","title":{"rendered":"Seinakapp Roostevaba teras 1800x400x800mm | Adexa SWCH18040"},"content":{"rendered":"<p>Kvaliteetne, t\u00e4ielikult roostevaba terasest seinakapp, millel on keskmine riiul vastamaks toiduainetet\u00f6\u00f6stuse k\u00f5rgeimatele kvaliteedistandarditele. Valmistatud t\u00e4ielikult roostevabast terasest. Vastab rahvusvahelistele h\u00fcgieeni- ja puhastatavuse standarditele. Ehituses on kasutatud roostevaba terast Scotch Brite viimistlusega, et j\u00e4rgida k\u00f5rgeimaid h\u00fcgieenistandardeid. K\u00f5ik servad on \u00fclespoole keeratud suurema ohutuse tagamiseks. Tagapaneel ja alumine paneel on valmistatud \u00fchest painutatud lehest kergema puhastamise huvides. \u00dcksikasjalikku teavet leiate jaotisest \u201eSpetsifikatsioon\u201d.<\/p>\n<table style=\"border-collapse: collapse; width: 100%; text-align: left;\">\n<tbody>\n<tr>\n<td style=\"border: 1px solid #ddd; padding: 8px; width: 45%;\"><strong>S\u00fcgavus<\/strong><\/td>\n<td style=\"border: 1px solid #ddd; padding: 8px;\">400mm<\/td>\n<\/tr>\n<tr>\n<td style=\"border: 1px solid #ddd; padding: 8px; width: 45%;\"><strong>K\u00f5rgus<\/strong><\/td>\n<td style=\"border: 1px solid #ddd; padding: 8px;\">800mm<\/td>\n<\/tr>\n<tr>\n<td style=\"border: 1px solid #ddd; padding: 8px; width: 45%;\"><strong>Laius<\/strong><\/td>\n<td style=\"border: 1px solid #ddd; padding: 8px;\">1800 mm<\/td>\n<\/tr>\n<tr>\n<td style=\"border: 1px solid #ddd; padding: 8px; width: 45%;\"><strong>Kaal<\/strong><\/td>\n<td style=\"border: 1px solid #ddd; padding: 8px;\">34 kg<\/td>\n<\/tr>\n<tr>\n<td style=\"border: 1px solid #ddd; padding: 8px; width: 45%;\"><strong>Garantii<\/strong><\/td>\n<td style=\"border: 1px solid #ddd; padding: 8px;\">12 kuu varuosade garantii<\/td>\n<\/tr>\n<tr>\n<td style=\"border: 1px solid #ddd; padding: 8px; width: 45%;\"><strong>Kokku panemine<\/strong><\/td>\n<td style=\"border: 1px solid #ddd; padding: 8px;\">Lahtiv\u00f5etud<\/td>\n<\/tr>\n<tr>\n<td style=\"border: 1px solid #ddd; padding: 8px; width: 45%;\"><strong>Uksed<\/strong><\/td>\n<td style=\"border: 1px solid #ddd; padding: 8px;\">Ei<\/td>\n<\/tr>\n<tr>\n<td style=\"border: 1px solid #ddd; padding: 8px; width: 45%;\"><strong>Riiulid<\/strong><\/td>\n<td style=\"border: 1px solid #ddd; padding: 8px;\">1<\/td>\n<\/tr>\n<tr>\n<td style=\"border: 1px solid #ddd; padding: 8px; width: 45%;\"><strong>Materjal<\/strong><\/td>\n<td style=\"border: 1px solid #ddd; padding: 8px;\">Roostevaba teras<\/td>\n<\/tr>\n<\/tbody>\n<\/table>\n","protected":false},"excerpt":{"rendered":"<p>Kvaliteetne, t\u00e4ielikult roostevaba terasest seinakapp, millel on keskmine riiul vastamaks toiduainetet\u00f6\u00f6stuse k\u00f5rgeimatele kvaliteedistandarditele. Valmistatud t\u00e4ielikult roostevabast terasest. Vastab rahvusvahelistele h\u00fcgieeni-<\/p>\n","protected":false},"featured_media":20670,"template":"","meta":[],"product_brand":[],"product_cat":[572,638],"product_tag":[],"class_list":{"0":"post-20668","1":"product","2":"type-product","3":"status-publish","4":"has-post-thumbnail","6":"product_cat-roostevabad-tooted","7":"product_cat-seinakapid","9":"first","10":"instock","11":"sale","12":"taxable","13":"shipping-taxable","14":"purchasable","15":"product-type-simple"},"yoast_head":"<!-- This site is optimized with the Yoast SEO plugin v27.3 - https:\/\/yoast.com\/product\/yoast-seo-wordpress\/ -->\n<title>Seinakapp Roostevaba teras 1800x400x800mm | Adexa SWCH18040 - Adexa \u2013 Suurk\u00f6\u00f6giseadmed restoranidele ja toitlustusele<\/title>\n<meta name=\"robots\" content=\"index, follow, max-snippet:-1, max-image-preview:large, max-video-preview:-1\" \/>\n<link rel=\"canonical\" href=\"https:\/\/adexa.ee\/toode\/seinakapp-roostevaba-teras-1800x400x800mm-adexa-swch18040\/\" \/>\n<meta property=\"og:locale\" content=\"en_US\" \/>\n<meta property=\"og:type\" content=\"article\" \/>\n<meta property=\"og:title\" content=\"Seinakapp Roostevaba teras 1800x400x800mm | Adexa SWCH18040 - Adexa \u2013 Suurk\u00f6\u00f6giseadmed restoranidele ja toitlustusele\" \/>\n<meta property=\"og:description\" content=\"Kvaliteetne, t\u00e4ielikult roostevaba terasest seinakapp, millel on keskmine riiul vastamaks toiduainetet\u00f6\u00f6stuse k\u00f5rgeimatele kvaliteedistandarditele. Valmistatud t\u00e4ielikult roostevabast terasest. Vastab rahvusvahelistele h\u00fcgieeni-\" \/>\n<meta property=\"og:url\" content=\"https:\/\/adexa.ee\/toode\/seinakapp-roostevaba-teras-1800x400x800mm-adexa-swch18040\/\" \/>\n<meta property=\"og:site_name\" content=\"Adexa \u2013 Suurk\u00f6\u00f6giseadmed restoranidele ja toitlustusele\" \/>\n<meta property=\"article:modified_time\" content=\"2026-03-26T09:05:22+00:00\" \/>\n<meta property=\"og:image\" content=\"https:\/\/adexa.ee\/wp-content\/uploads\/2024\/12\/SWCH18040.jpg\" \/>\n\t<meta property=\"og:image:width\" content=\"1472\" \/>\n\t<meta property=\"og:image:height\" content=\"1472\" \/>\n\t<meta property=\"og:image:type\" content=\"image\/jpeg\" \/>\n<meta name=\"twitter:card\" content=\"summary_large_image\" \/>\n<script type=\"application\/ld+json\" class=\"yoast-schema-graph\">{\"@context\":\"https:\\\/\\\/schema.org\",\"@graph\":[{\"@type\":\"WebPage\",\"@id\":\"https:\\\/\\\/adexa.ee\\\/toode\\\/seinakapp-roostevaba-teras-1800x400x800mm-adexa-swch18040\\\/\",\"url\":\"https:\\\/\\\/adexa.ee\\\/toode\\\/seinakapp-roostevaba-teras-1800x400x800mm-adexa-swch18040\\\/\",\"name\":\"Seinakapp Roostevaba teras 1800x400x800mm | Adexa SWCH18040 - Adexa \u2013 Suurk\u00f6\u00f6giseadmed restoranidele ja toitlustusele\",\"isPartOf\":{\"@id\":\"https:\\\/\\\/adexa.ee\\\/#website\"},\"primaryImageOfPage\":{\"@id\":\"https:\\\/\\\/adexa.ee\\\/toode\\\/seinakapp-roostevaba-teras-1800x400x800mm-adexa-swch18040\\\/#primaryimage\"},\"image\":{\"@id\":\"https:\\\/\\\/adexa.ee\\\/toode\\\/seinakapp-roostevaba-teras-1800x400x800mm-adexa-swch18040\\\/#primaryimage\"},\"thumbnailUrl\":\"https:\\\/\\\/adexa.ee\\\/wp-content\\\/uploads\\\/2024\\\/12\\\/SWCH18040.jpg\",\"datePublished\":\"2026-03-26T09:05:15+00:00\",\"dateModified\":\"2026-03-26T09:05:22+00:00\",\"breadcrumb\":{\"@id\":\"https:\\\/\\\/adexa.ee\\\/toode\\\/seinakapp-roostevaba-teras-1800x400x800mm-adexa-swch18040\\\/#breadcrumb\"},\"inLanguage\":\"en-US\",\"potentialAction\":[{\"@type\":\"ReadAction\",\"target\":[\"https:\\\/\\\/adexa.ee\\\/toode\\\/seinakapp-roostevaba-teras-1800x400x800mm-adexa-swch18040\\\/\"]}]},{\"@type\":\"ImageObject\",\"inLanguage\":\"en-US\",\"@id\":\"https:\\\/\\\/adexa.ee\\\/toode\\\/seinakapp-roostevaba-teras-1800x400x800mm-adexa-swch18040\\\/#primaryimage\",\"url\":\"https:\\\/\\\/adexa.ee\\\/wp-content\\\/uploads\\\/2024\\\/12\\\/SWCH18040.jpg\",\"contentUrl\":\"https:\\\/\\\/adexa.ee\\\/wp-content\\\/uploads\\\/2024\\\/12\\\/SWCH18040.jpg\",\"width\":1472,\"height\":1472},{\"@type\":\"BreadcrumbList\",\"@id\":\"https:\\\/\\\/adexa.ee\\\/toode\\\/seinakapp-roostevaba-teras-1800x400x800mm-adexa-swch18040\\\/#breadcrumb\",\"itemListElement\":[{\"@type\":\"ListItem\",\"position\":1,\"name\":\"Home\",\"item\":\"https:\\\/\\\/adexa.ee\\\/\"},{\"@type\":\"ListItem\",\"position\":2,\"name\":\"Tooted\",\"item\":\"https:\\\/\\\/adexa.ee\\\/pood\\\/\"},{\"@type\":\"ListItem\",\"position\":3,\"name\":\"Seinakapp Roostevaba teras 1800x400x800mm | Adexa SWCH18040\"}]},{\"@type\":\"WebSite\",\"@id\":\"https:\\\/\\\/adexa.ee\\\/#website\",\"url\":\"https:\\\/\\\/adexa.ee\\\/\",\"name\":\"Adexa\",\"description\":\"\",\"publisher\":{\"@id\":\"https:\\\/\\\/adexa.ee\\\/#organization\"},\"potentialAction\":[{\"@type\":\"SearchAction\",\"target\":{\"@type\":\"EntryPoint\",\"urlTemplate\":\"https:\\\/\\\/adexa.ee\\\/?s={search_term_string}\"},\"query-input\":{\"@type\":\"PropertyValueSpecification\",\"valueRequired\":true,\"valueName\":\"search_term_string\"}}],\"inLanguage\":\"en-US\"},{\"@type\":\"Organization\",\"@id\":\"https:\\\/\\\/adexa.ee\\\/#organization\",\"name\":\"Adexa\",\"url\":\"https:\\\/\\\/adexa.ee\\\/\",\"logo\":{\"@type\":\"ImageObject\",\"inLanguage\":\"en-US\",\"@id\":\"https:\\\/\\\/adexa.ee\\\/#\\\/schema\\\/logo\\\/image\\\/\",\"url\":\"https:\\\/\\\/adexa.ee\\\/wp-content\\\/uploads\\\/2024\\\/04\\\/chef-cooks-working-in-professional-kitchen-2023-11-27-05-07-39-utc-scaled.jpg\",\"contentUrl\":\"https:\\\/\\\/adexa.ee\\\/wp-content\\\/uploads\\\/2024\\\/04\\\/chef-cooks-working-in-professional-kitchen-2023-11-27-05-07-39-utc-scaled.jpg\",\"width\":2560,\"height\":1708,\"caption\":\"Adexa\"},\"image\":{\"@id\":\"https:\\\/\\\/adexa.ee\\\/#\\\/schema\\\/logo\\\/image\\\/\"}}]}<\/script>\n<!-- \/ Yoast SEO plugin. -->","yoast_head_json":{"title":"Seinakapp Roostevaba teras 1800x400x800mm | Adexa SWCH18040 - Adexa \u2013 Suurk\u00f6\u00f6giseadmed restoranidele ja toitlustusele","robots":{"index":"index","follow":"follow","max-snippet":"max-snippet:-1","max-image-preview":"max-image-preview:large","max-video-preview":"max-video-preview:-1"},"canonical":"https:\/\/adexa.ee\/toode\/seinakapp-roostevaba-teras-1800x400x800mm-adexa-swch18040\/","og_locale":"en_US","og_type":"article","og_title":"Seinakapp Roostevaba teras 1800x400x800mm | Adexa SWCH18040 - Adexa \u2013 Suurk\u00f6\u00f6giseadmed restoranidele ja toitlustusele","og_description":"Kvaliteetne, t\u00e4ielikult roostevaba terasest seinakapp, millel on keskmine riiul vastamaks toiduainetet\u00f6\u00f6stuse k\u00f5rgeimatele kvaliteedistandarditele. Valmistatud t\u00e4ielikult roostevabast terasest. Vastab rahvusvahelistele h\u00fcgieeni-","og_url":"https:\/\/adexa.ee\/toode\/seinakapp-roostevaba-teras-1800x400x800mm-adexa-swch18040\/","og_site_name":"Adexa \u2013 Suurk\u00f6\u00f6giseadmed restoranidele ja toitlustusele","article_modified_time":"2026-03-26T09:05:22+00:00","og_image":[{"width":1472,"height":1472,"url":"https:\/\/adexa.ee\/wp-content\/uploads\/2024\/12\/SWCH18040.jpg","type":"image\/jpeg"}],"twitter_card":"summary_large_image","schema":{"@context":"https:\/\/schema.org","@graph":[{"@type":"WebPage","@id":"https:\/\/adexa.ee\/toode\/seinakapp-roostevaba-teras-1800x400x800mm-adexa-swch18040\/","url":"https:\/\/adexa.ee\/toode\/seinakapp-roostevaba-teras-1800x400x800mm-adexa-swch18040\/","name":"Seinakapp Roostevaba teras 1800x400x800mm | Adexa SWCH18040 - Adexa \u2013 Suurk\u00f6\u00f6giseadmed restoranidele ja toitlustusele","isPartOf":{"@id":"https:\/\/adexa.ee\/#website"},"primaryImageOfPage":{"@id":"https:\/\/adexa.ee\/toode\/seinakapp-roostevaba-teras-1800x400x800mm-adexa-swch18040\/#primaryimage"},"image":{"@id":"https:\/\/adexa.ee\/toode\/seinakapp-roostevaba-teras-1800x400x800mm-adexa-swch18040\/#primaryimage"},"thumbnailUrl":"https:\/\/adexa.ee\/wp-content\/uploads\/2024\/12\/SWCH18040.jpg","datePublished":"2026-03-26T09:05:15+00:00","dateModified":"2026-03-26T09:05:22+00:00","breadcrumb":{"@id":"https:\/\/adexa.ee\/toode\/seinakapp-roostevaba-teras-1800x400x800mm-adexa-swch18040\/#breadcrumb"},"inLanguage":"en-US","potentialAction":[{"@type":"ReadAction","target":["https:\/\/adexa.ee\/toode\/seinakapp-roostevaba-teras-1800x400x800mm-adexa-swch18040\/"]}]},{"@type":"ImageObject","inLanguage":"en-US","@id":"https:\/\/adexa.ee\/toode\/seinakapp-roostevaba-teras-1800x400x800mm-adexa-swch18040\/#primaryimage","url":"https:\/\/adexa.ee\/wp-content\/uploads\/2024\/12\/SWCH18040.jpg","contentUrl":"https:\/\/adexa.ee\/wp-content\/uploads\/2024\/12\/SWCH18040.jpg","width":1472,"height":1472},{"@type":"BreadcrumbList","@id":"https:\/\/adexa.ee\/toode\/seinakapp-roostevaba-teras-1800x400x800mm-adexa-swch18040\/#breadcrumb","itemListElement":[{"@type":"ListItem","position":1,"name":"Home","item":"https:\/\/adexa.ee\/"},{"@type":"ListItem","position":2,"name":"Tooted","item":"https:\/\/adexa.ee\/pood\/"},{"@type":"ListItem","position":3,"name":"Seinakapp Roostevaba teras 1800x400x800mm | Adexa SWCH18040"}]},{"@type":"WebSite","@id":"https:\/\/adexa.ee\/#website","url":"https:\/\/adexa.ee\/","name":"Adexa","description":"","publisher":{"@id":"https:\/\/adexa.ee\/#organization"},"potentialAction":[{"@type":"SearchAction","target":{"@type":"EntryPoint","urlTemplate":"https:\/\/adexa.ee\/?s={search_term_string}"},"query-input":{"@type":"PropertyValueSpecification","valueRequired":true,"valueName":"search_term_string"}}],"inLanguage":"en-US"},{"@type":"Organization","@id":"https:\/\/adexa.ee\/#organization","name":"Adexa","url":"https:\/\/adexa.ee\/","logo":{"@type":"ImageObject","inLanguage":"en-US","@id":"https:\/\/adexa.ee\/#\/schema\/logo\/image\/","url":"https:\/\/adexa.ee\/wp-content\/uploads\/2024\/04\/chef-cooks-working-in-professional-kitchen-2023-11-27-05-07-39-utc-scaled.jpg","contentUrl":"https:\/\/adexa.ee\/wp-content\/uploads\/2024\/04\/chef-cooks-working-in-professional-kitchen-2023-11-27-05-07-39-utc-scaled.jpg","width":2560,"height":1708,"caption":"Adexa"},"image":{"@id":"https:\/\/adexa.ee\/#\/schema\/logo\/image\/"}}]}},"_links":{"self":[{"href":"https:\/\/adexa.ee\/en\/wp-json\/wp\/v2\/product\/20668","targetHints":{"allow":["GET"]}}],"collection":[{"href":"https:\/\/adexa.ee\/en\/wp-json\/wp\/v2\/product"}],"about":[{"href":"https:\/\/adexa.ee\/en\/wp-json\/wp\/v2\/types\/product"}],"wp:featuredmedia":[{"embeddable":true,"href":"https:\/\/adexa.ee\/en\/wp-json\/wp\/v2\/media\/20670"}],"wp:attachment":[{"href":"https:\/\/adexa.ee\/en\/wp-json\/wp\/v2\/media?parent=20668"}],"wp:term":[{"taxonomy":"product_brand","embeddable":true,"href":"https:\/\/adexa.ee\/en\/wp-json\/wp\/v2\/product_brand?post=20668"},{"taxonomy":"product_cat","embeddable":true,"href":"https:\/\/adexa.ee\/en\/wp-json\/wp\/v2\/product_cat?post=20668"},{"taxonomy":"product_tag","embeddable":true,"href":"https:\/\/adexa.ee\/en\/wp-json\/wp\/v2\/product_tag?post=20668"}],"curies":[{"name":"wp","href":"https:\/\/api.w.org\/{rel}","templated":true}]}}