{"id":20677,"date":"2026-03-26T11:05:22","date_gmt":"2026-03-26T09:05:22","guid":{"rendered":"https:\/\/adexa.ee\/toode\/seinakapik-kapp-roostevaba-teras-1400x400x800mm-adexa-swch14040\/"},"modified":"2026-03-26T11:05:23","modified_gmt":"2026-03-26T09:05:23","slug":"seinakapp-roostevaba-teras-1400x400x800mm-adexa-swch14040","status":"publish","type":"product","link":"https:\/\/adexa.ee\/en\/toode\/seinakapp-roostevaba-teras-1400x400x800mm-adexa-swch14040\/","title":{"rendered":"Seinakapp Roostevaba teras 1400x400x800mm | Adexa SWCH14040"},"content":{"rendered":"<p>Tipptasemel roostevabast terasest seinakapp keskmise riiuliga, et vastata toiduainete teenindust\u00f6\u00f6stuse k\u00f5rgetele kvaliteedistandarditele. Valmistatud t\u00e4ielikult roostevabast terasest. Vastab rahvusvahelistele h\u00fcgieeni- ja puhastusstandarditele. Valmistatud roostevabast terasest Scotch Brite viimistlusega, et saavutada k\u00f5rgeim h\u00fcgieenistandard. K\u00f5ik servad on \u00fclespoole p\u00f6\u00f6ratud paremaks ohutuseks. Tagapaneelid ja alumised paneelid on valmistatud \u00fchest painutatud lehtmaterjalist, mis lihtsustab puhastamist. T\u00e4psemat teavet leiate jaotisest &#8220;Spetsifikatsioon&#8221;.<\/p>\n<table style=\"border-collapse: collapse; width: 100%; text-align: left;\">\n<tbody>\n<tr>\n<td style=\"border: 1px solid #ddd; padding: 8px; width: 45%;\"><strong>S\u00fcgavus<\/strong><\/td>\n<td style=\"border: 1px solid #ddd; padding: 8px;\">400mm<\/td>\n<\/tr>\n<tr>\n<td style=\"border: 1px solid #ddd; padding: 8px; width: 45%;\"><strong>K\u00f5rgus<\/strong><\/td>\n<td style=\"border: 1px solid #ddd; padding: 8px;\">800mm<\/td>\n<\/tr>\n<tr>\n<td style=\"border: 1px solid #ddd; padding: 8px; width: 45%;\"><strong>Laius<\/strong><\/td>\n<td style=\"border: 1px solid #ddd; padding: 8px;\">1400 mm<\/td>\n<\/tr>\n<tr>\n<td style=\"border: 1px solid #ddd; padding: 8px; width: 45%;\"><strong>Kaal<\/strong><\/td>\n<td style=\"border: 1px solid #ddd; padding: 8px;\">28 kg<\/td>\n<\/tr>\n<tr>\n<td style=\"border: 1px solid #ddd; padding: 8px; width: 45%;\"><strong>Garantii<\/strong><\/td>\n<td style=\"border: 1px solid #ddd; padding: 8px;\">12 kuu varuosade garantii<\/td>\n<\/tr>\n<tr>\n<td style=\"border: 1px solid #ddd; padding: 8px; width: 45%;\"><strong>Kokku panemine<\/strong><\/td>\n<td style=\"border: 1px solid #ddd; padding: 8px;\">Lahti v\u00f5etud<\/td>\n<\/tr>\n<tr>\n<td style=\"border: 1px solid #ddd; padding: 8px; width: 45%;\"><strong>Uksed<\/strong><\/td>\n<td style=\"border: 1px solid #ddd; padding: 8px;\">Ei<\/td>\n<\/tr>\n<tr>\n<td style=\"border: 1px solid #ddd; padding: 8px; width: 45%;\"><strong>Riiulid<\/strong><\/td>\n<td style=\"border: 1px solid #ddd; padding: 8px;\">1<\/td>\n<\/tr>\n<tr>\n<td style=\"border: 1px solid #ddd; padding: 8px; width: 45%;\"><strong>Materjal<\/strong><\/td>\n<td style=\"border: 1px solid #ddd; padding: 8px;\">Roostevaba teras<\/td>\n<\/tr>\n<\/tbody>\n<\/table>\n","protected":false},"excerpt":{"rendered":"<p>Tipptasemel roostevabast terasest seinakapp keskmise riiuliga, et vastata toiduainete teenindust\u00f6\u00f6stuse k\u00f5rgetele kvaliteedistandarditele. Valmistatud t\u00e4ielikult roostevabast terasest. Vastab rahvusvahelistele h\u00fcgieeni- ja<\/p>\n","protected":false},"featured_media":20679,"template":"","meta":[],"product_brand":[],"product_cat":[572,638],"product_tag":[],"class_list":{"0":"post-20677","1":"product","2":"type-product","3":"status-publish","4":"has-post-thumbnail","6":"product_cat-roostevabad-tooted","7":"product_cat-seinakapid","9":"first","10":"instock","11":"sale","12":"taxable","13":"shipping-taxable","14":"purchasable","15":"product-type-simple"},"yoast_head":"<!-- This site is optimized with the Yoast SEO plugin v27.3 - https:\/\/yoast.com\/product\/yoast-seo-wordpress\/ -->\n<title>Seinakapp Roostevaba teras 1400x400x800mm | Adexa SWCH14040 - Adexa \u2013 Suurk\u00f6\u00f6giseadmed restoranidele ja toitlustusele<\/title>\n<meta name=\"robots\" content=\"index, follow, max-snippet:-1, max-image-preview:large, max-video-preview:-1\" \/>\n<link rel=\"canonical\" href=\"https:\/\/adexa.ee\/toode\/seinakapp-roostevaba-teras-1400x400x800mm-adexa-swch14040\/\" \/>\n<meta property=\"og:locale\" content=\"en_US\" \/>\n<meta property=\"og:type\" content=\"article\" \/>\n<meta property=\"og:title\" content=\"Seinakapp Roostevaba teras 1400x400x800mm | Adexa SWCH14040 - Adexa \u2013 Suurk\u00f6\u00f6giseadmed restoranidele ja toitlustusele\" \/>\n<meta property=\"og:description\" content=\"Tipptasemel roostevabast terasest seinakapp keskmise riiuliga, et vastata toiduainete teenindust\u00f6\u00f6stuse k\u00f5rgetele kvaliteedistandarditele. Valmistatud t\u00e4ielikult roostevabast terasest. Vastab rahvusvahelistele h\u00fcgieeni- ja\" \/>\n<meta property=\"og:url\" content=\"https:\/\/adexa.ee\/toode\/seinakapp-roostevaba-teras-1400x400x800mm-adexa-swch14040\/\" \/>\n<meta property=\"og:site_name\" content=\"Adexa \u2013 Suurk\u00f6\u00f6giseadmed restoranidele ja toitlustusele\" \/>\n<meta property=\"article:modified_time\" content=\"2026-03-26T09:05:23+00:00\" \/>\n<meta property=\"og:image\" content=\"https:\/\/adexa.ee\/wp-content\/uploads\/2024\/12\/SWCH15040.jpg\" \/>\n\t<meta property=\"og:image:width\" content=\"1392\" \/>\n\t<meta property=\"og:image:height\" content=\"1392\" \/>\n\t<meta property=\"og:image:type\" content=\"image\/jpeg\" \/>\n<meta name=\"twitter:card\" content=\"summary_large_image\" \/>\n<script type=\"application\/ld+json\" class=\"yoast-schema-graph\">{\"@context\":\"https:\\\/\\\/schema.org\",\"@graph\":[{\"@type\":\"WebPage\",\"@id\":\"https:\\\/\\\/adexa.ee\\\/toode\\\/seinakapp-roostevaba-teras-1400x400x800mm-adexa-swch14040\\\/\",\"url\":\"https:\\\/\\\/adexa.ee\\\/toode\\\/seinakapp-roostevaba-teras-1400x400x800mm-adexa-swch14040\\\/\",\"name\":\"Seinakapp Roostevaba teras 1400x400x800mm | Adexa SWCH14040 - Adexa \u2013 Suurk\u00f6\u00f6giseadmed restoranidele ja toitlustusele\",\"isPartOf\":{\"@id\":\"https:\\\/\\\/adexa.ee\\\/#website\"},\"primaryImageOfPage\":{\"@id\":\"https:\\\/\\\/adexa.ee\\\/toode\\\/seinakapp-roostevaba-teras-1400x400x800mm-adexa-swch14040\\\/#primaryimage\"},\"image\":{\"@id\":\"https:\\\/\\\/adexa.ee\\\/toode\\\/seinakapp-roostevaba-teras-1400x400x800mm-adexa-swch14040\\\/#primaryimage\"},\"thumbnailUrl\":\"https:\\\/\\\/adexa.ee\\\/wp-content\\\/uploads\\\/2024\\\/12\\\/SWCH15040.jpg\",\"datePublished\":\"2026-03-26T09:05:22+00:00\",\"dateModified\":\"2026-03-26T09:05:23+00:00\",\"breadcrumb\":{\"@id\":\"https:\\\/\\\/adexa.ee\\\/toode\\\/seinakapp-roostevaba-teras-1400x400x800mm-adexa-swch14040\\\/#breadcrumb\"},\"inLanguage\":\"en-US\",\"potentialAction\":[{\"@type\":\"ReadAction\",\"target\":[\"https:\\\/\\\/adexa.ee\\\/toode\\\/seinakapp-roostevaba-teras-1400x400x800mm-adexa-swch14040\\\/\"]}]},{\"@type\":\"ImageObject\",\"inLanguage\":\"en-US\",\"@id\":\"https:\\\/\\\/adexa.ee\\\/toode\\\/seinakapp-roostevaba-teras-1400x400x800mm-adexa-swch14040\\\/#primaryimage\",\"url\":\"https:\\\/\\\/adexa.ee\\\/wp-content\\\/uploads\\\/2024\\\/12\\\/SWCH15040.jpg\",\"contentUrl\":\"https:\\\/\\\/adexa.ee\\\/wp-content\\\/uploads\\\/2024\\\/12\\\/SWCH15040.jpg\",\"width\":1392,\"height\":1392},{\"@type\":\"BreadcrumbList\",\"@id\":\"https:\\\/\\\/adexa.ee\\\/toode\\\/seinakapp-roostevaba-teras-1400x400x800mm-adexa-swch14040\\\/#breadcrumb\",\"itemListElement\":[{\"@type\":\"ListItem\",\"position\":1,\"name\":\"Home\",\"item\":\"https:\\\/\\\/adexa.ee\\\/\"},{\"@type\":\"ListItem\",\"position\":2,\"name\":\"Tooted\",\"item\":\"https:\\\/\\\/adexa.ee\\\/pood\\\/\"},{\"@type\":\"ListItem\",\"position\":3,\"name\":\"Seinakapp Roostevaba teras 1400x400x800mm | Adexa SWCH14040\"}]},{\"@type\":\"WebSite\",\"@id\":\"https:\\\/\\\/adexa.ee\\\/#website\",\"url\":\"https:\\\/\\\/adexa.ee\\\/\",\"name\":\"Adexa\",\"description\":\"\",\"publisher\":{\"@id\":\"https:\\\/\\\/adexa.ee\\\/#organization\"},\"potentialAction\":[{\"@type\":\"SearchAction\",\"target\":{\"@type\":\"EntryPoint\",\"urlTemplate\":\"https:\\\/\\\/adexa.ee\\\/?s={search_term_string}\"},\"query-input\":{\"@type\":\"PropertyValueSpecification\",\"valueRequired\":true,\"valueName\":\"search_term_string\"}}],\"inLanguage\":\"en-US\"},{\"@type\":\"Organization\",\"@id\":\"https:\\\/\\\/adexa.ee\\\/#organization\",\"name\":\"Adexa\",\"url\":\"https:\\\/\\\/adexa.ee\\\/\",\"logo\":{\"@type\":\"ImageObject\",\"inLanguage\":\"en-US\",\"@id\":\"https:\\\/\\\/adexa.ee\\\/#\\\/schema\\\/logo\\\/image\\\/\",\"url\":\"https:\\\/\\\/adexa.ee\\\/wp-content\\\/uploads\\\/2024\\\/04\\\/chef-cooks-working-in-professional-kitchen-2023-11-27-05-07-39-utc-scaled.jpg\",\"contentUrl\":\"https:\\\/\\\/adexa.ee\\\/wp-content\\\/uploads\\\/2024\\\/04\\\/chef-cooks-working-in-professional-kitchen-2023-11-27-05-07-39-utc-scaled.jpg\",\"width\":2560,\"height\":1708,\"caption\":\"Adexa\"},\"image\":{\"@id\":\"https:\\\/\\\/adexa.ee\\\/#\\\/schema\\\/logo\\\/image\\\/\"}}]}<\/script>\n<!-- \/ Yoast SEO plugin. -->","yoast_head_json":{"title":"Seinakapp Roostevaba teras 1400x400x800mm | Adexa SWCH14040 - Adexa \u2013 Suurk\u00f6\u00f6giseadmed restoranidele ja toitlustusele","robots":{"index":"index","follow":"follow","max-snippet":"max-snippet:-1","max-image-preview":"max-image-preview:large","max-video-preview":"max-video-preview:-1"},"canonical":"https:\/\/adexa.ee\/toode\/seinakapp-roostevaba-teras-1400x400x800mm-adexa-swch14040\/","og_locale":"en_US","og_type":"article","og_title":"Seinakapp Roostevaba teras 1400x400x800mm | Adexa SWCH14040 - Adexa \u2013 Suurk\u00f6\u00f6giseadmed restoranidele ja toitlustusele","og_description":"Tipptasemel roostevabast terasest seinakapp keskmise riiuliga, et vastata toiduainete teenindust\u00f6\u00f6stuse k\u00f5rgetele kvaliteedistandarditele. Valmistatud t\u00e4ielikult roostevabast terasest. Vastab rahvusvahelistele h\u00fcgieeni- ja","og_url":"https:\/\/adexa.ee\/toode\/seinakapp-roostevaba-teras-1400x400x800mm-adexa-swch14040\/","og_site_name":"Adexa \u2013 Suurk\u00f6\u00f6giseadmed restoranidele ja toitlustusele","article_modified_time":"2026-03-26T09:05:23+00:00","og_image":[{"width":1392,"height":1392,"url":"https:\/\/adexa.ee\/wp-content\/uploads\/2024\/12\/SWCH15040.jpg","type":"image\/jpeg"}],"twitter_card":"summary_large_image","schema":{"@context":"https:\/\/schema.org","@graph":[{"@type":"WebPage","@id":"https:\/\/adexa.ee\/toode\/seinakapp-roostevaba-teras-1400x400x800mm-adexa-swch14040\/","url":"https:\/\/adexa.ee\/toode\/seinakapp-roostevaba-teras-1400x400x800mm-adexa-swch14040\/","name":"Seinakapp Roostevaba teras 1400x400x800mm | Adexa SWCH14040 - Adexa \u2013 Suurk\u00f6\u00f6giseadmed restoranidele ja toitlustusele","isPartOf":{"@id":"https:\/\/adexa.ee\/#website"},"primaryImageOfPage":{"@id":"https:\/\/adexa.ee\/toode\/seinakapp-roostevaba-teras-1400x400x800mm-adexa-swch14040\/#primaryimage"},"image":{"@id":"https:\/\/adexa.ee\/toode\/seinakapp-roostevaba-teras-1400x400x800mm-adexa-swch14040\/#primaryimage"},"thumbnailUrl":"https:\/\/adexa.ee\/wp-content\/uploads\/2024\/12\/SWCH15040.jpg","datePublished":"2026-03-26T09:05:22+00:00","dateModified":"2026-03-26T09:05:23+00:00","breadcrumb":{"@id":"https:\/\/adexa.ee\/toode\/seinakapp-roostevaba-teras-1400x400x800mm-adexa-swch14040\/#breadcrumb"},"inLanguage":"en-US","potentialAction":[{"@type":"ReadAction","target":["https:\/\/adexa.ee\/toode\/seinakapp-roostevaba-teras-1400x400x800mm-adexa-swch14040\/"]}]},{"@type":"ImageObject","inLanguage":"en-US","@id":"https:\/\/adexa.ee\/toode\/seinakapp-roostevaba-teras-1400x400x800mm-adexa-swch14040\/#primaryimage","url":"https:\/\/adexa.ee\/wp-content\/uploads\/2024\/12\/SWCH15040.jpg","contentUrl":"https:\/\/adexa.ee\/wp-content\/uploads\/2024\/12\/SWCH15040.jpg","width":1392,"height":1392},{"@type":"BreadcrumbList","@id":"https:\/\/adexa.ee\/toode\/seinakapp-roostevaba-teras-1400x400x800mm-adexa-swch14040\/#breadcrumb","itemListElement":[{"@type":"ListItem","position":1,"name":"Home","item":"https:\/\/adexa.ee\/"},{"@type":"ListItem","position":2,"name":"Tooted","item":"https:\/\/adexa.ee\/pood\/"},{"@type":"ListItem","position":3,"name":"Seinakapp Roostevaba teras 1400x400x800mm | Adexa SWCH14040"}]},{"@type":"WebSite","@id":"https:\/\/adexa.ee\/#website","url":"https:\/\/adexa.ee\/","name":"Adexa","description":"","publisher":{"@id":"https:\/\/adexa.ee\/#organization"},"potentialAction":[{"@type":"SearchAction","target":{"@type":"EntryPoint","urlTemplate":"https:\/\/adexa.ee\/?s={search_term_string}"},"query-input":{"@type":"PropertyValueSpecification","valueRequired":true,"valueName":"search_term_string"}}],"inLanguage":"en-US"},{"@type":"Organization","@id":"https:\/\/adexa.ee\/#organization","name":"Adexa","url":"https:\/\/adexa.ee\/","logo":{"@type":"ImageObject","inLanguage":"en-US","@id":"https:\/\/adexa.ee\/#\/schema\/logo\/image\/","url":"https:\/\/adexa.ee\/wp-content\/uploads\/2024\/04\/chef-cooks-working-in-professional-kitchen-2023-11-27-05-07-39-utc-scaled.jpg","contentUrl":"https:\/\/adexa.ee\/wp-content\/uploads\/2024\/04\/chef-cooks-working-in-professional-kitchen-2023-11-27-05-07-39-utc-scaled.jpg","width":2560,"height":1708,"caption":"Adexa"},"image":{"@id":"https:\/\/adexa.ee\/#\/schema\/logo\/image\/"}}]}},"_links":{"self":[{"href":"https:\/\/adexa.ee\/en\/wp-json\/wp\/v2\/product\/20677","targetHints":{"allow":["GET"]}}],"collection":[{"href":"https:\/\/adexa.ee\/en\/wp-json\/wp\/v2\/product"}],"about":[{"href":"https:\/\/adexa.ee\/en\/wp-json\/wp\/v2\/types\/product"}],"wp:featuredmedia":[{"embeddable":true,"href":"https:\/\/adexa.ee\/en\/wp-json\/wp\/v2\/media\/20679"}],"wp:attachment":[{"href":"https:\/\/adexa.ee\/en\/wp-json\/wp\/v2\/media?parent=20677"}],"wp:term":[{"taxonomy":"product_brand","embeddable":true,"href":"https:\/\/adexa.ee\/en\/wp-json\/wp\/v2\/product_brand?post=20677"},{"taxonomy":"product_cat","embeddable":true,"href":"https:\/\/adexa.ee\/en\/wp-json\/wp\/v2\/product_cat?post=20677"},{"taxonomy":"product_tag","embeddable":true,"href":"https:\/\/adexa.ee\/en\/wp-json\/wp\/v2\/product_tag?post=20677"}],"curies":[{"name":"wp","href":"https:\/\/api.w.org\/{rel}","templated":true}]}}