{"id":26794,"date":"2026-04-01T11:45:45","date_gmt":"2026-04-01T08:45:45","guid":{"rendered":"https:\/\/adexa.ee\/toode\/pilujaotusega-spaatel-365mm-roostevaba-teras-plastikaepide-adexa-whk052\/"},"modified":"2026-04-01T11:45:46","modified_gmt":"2026-04-01T08:45:46","slug":"perforeeritud-spaatel-365mm-roostevaba-teras-plastikust-kaepide-adexa-whk052","status":"publish","type":"product","link":"https:\/\/adexa.ee\/en\/toode\/perforeeritud-spaatel-365mm-roostevaba-teras-plastikust-kaepide-adexa-whk052\/","title":{"rendered":"Perforeeritud spaatel 365mm Roostevaba teras Plastikust k\u00e4epide | Adexa WHK052"},"content":{"rendered":"<p>Serveerige oma signatuurroogasid stiilselt selle roostevabast terasest perforatsiooni spatliga. Kvaliteetsest roostevabast terasest valmistatud perforatsiooni spaatel on loodud kestma teie h\u00f5ivatud restoranis. Elegantne stiil koos poleeritud viimistlusega teeb selle eriti sobivaks eesruumis kasutamiseks buffeelaudadel, \u00fcritustel v\u00f5i pidudel. Lisaks on sujuval, ergonoomilisel k\u00e4epidemel mugav s\u00f5rmehaarde koht, mis muudab kasutamise kogu \u00fcrituse v\u00e4ltel lihtsaks. \u00dcksk\u00f5ik, milliseid maitsvaid toite te otsustate serveerida, see perforatsiooni spaatel vastab teie vajadustele! Pakub \u00fcletamatut stiili ja funktsiooni k\u00f5rgklassi, d\u00fcnaamiliseks esitlemiseks. Kasutage seda spaatlit, et keerata ja kohandada kuumi liha oma eesruumi v\u00e4ljapanekul. Alates restoranidest ja hotellidest kuni catering-\u00fcrituste ja pidudeni, see roostevabast terasest perforatsiooni spatelli poleeritud disain ja mitmekesine funktsioon muudavad selle traditsiooniliste serveerimisriistade stiilseks alternatiiviks. Materjal: Roostevaba teras Pikkus: 365mm<\/p>\n<table style=\"border-collapse: collapse; width: 100%; text-align: left;\">\n<tbody>\n<tr>\n<td style=\"border: 1px solid #ddd; padding: 8px; width: 45%;\"><strong>Laius<\/strong><\/td>\n<td style=\"border: 1px solid #ddd; padding: 8px;\">72 mm<\/td>\n<\/tr>\n<tr>\n<td style=\"border: 1px solid #ddd; padding: 8px; width: 45%;\"><strong>Materjal<\/strong><\/td>\n<td style=\"border: 1px solid #ddd; padding: 8px;\">Roostevaba teras\/plastik<\/td>\n<\/tr>\n<tr>\n<td style=\"border: 1px solid #ddd; padding: 8px; width: 45%;\"><strong>Pikkus<\/strong><\/td>\n<td style=\"border: 1px solid #ddd; padding: 8px;\">365 mm<\/td>\n<\/tr>\n<\/tbody>\n<\/table>\n","protected":false},"excerpt":{"rendered":"<p>Serveerige oma signatuurroogasid stiilselt selle roostevabast terasest perforatsiooni spatliga. Kvaliteetsest roostevabast terasest valmistatud perforatsiooni spaatel on loodud kestma teie h\u00f5ivatud<\/p>\n","protected":false},"featured_media":26796,"template":"","meta":[],"product_brand":[],"product_cat":[980,580,579,598,571],"product_tag":[],"class_list":{"0":"post-26794","1":"product","2":"type-product","3":"status-publish","4":"has-post-thumbnail","6":"product_cat-laovarude-tuhjendus-koogitarvikud","7":"product_cat-koogiriistad","8":"product_cat-koogitarbed-noud","9":"product_cat-labidad-ja-spaatlid","10":"product_cat-laovaru-muuk","12":"first","13":"instock","14":"sale","15":"taxable","16":"shipping-taxable","17":"purchasable","18":"product-type-simple"},"yoast_head":"<!-- This site is optimized with the Yoast SEO plugin v27.3 - https:\/\/yoast.com\/product\/yoast-seo-wordpress\/ -->\n<title>Perforeeritud spaatel 365mm Roostevaba teras Plastikust k\u00e4epide | Adexa WHK052 - Adexa \u2013 Suurk\u00f6\u00f6giseadmed restoranidele ja toitlustusele<\/title>\n<meta name=\"robots\" content=\"index, follow, max-snippet:-1, max-image-preview:large, max-video-preview:-1\" \/>\n<link rel=\"canonical\" href=\"https:\/\/adexa.ee\/toode\/perforeeritud-spaatel-365mm-roostevaba-teras-plastikust-kaepide-adexa-whk052\/\" \/>\n<meta property=\"og:locale\" content=\"en_US\" \/>\n<meta property=\"og:type\" content=\"article\" \/>\n<meta property=\"og:title\" content=\"Perforeeritud spaatel 365mm Roostevaba teras Plastikust k\u00e4epide | Adexa WHK052 - Adexa \u2013 Suurk\u00f6\u00f6giseadmed restoranidele ja toitlustusele\" \/>\n<meta property=\"og:description\" content=\"Serveerige oma signatuurroogasid stiilselt selle roostevabast terasest perforatsiooni spatliga. Kvaliteetsest roostevabast terasest valmistatud perforatsiooni spaatel on loodud kestma teie h\u00f5ivatud\" \/>\n<meta property=\"og:url\" content=\"https:\/\/adexa.ee\/toode\/perforeeritud-spaatel-365mm-roostevaba-teras-plastikust-kaepide-adexa-whk052\/\" \/>\n<meta property=\"og:site_name\" content=\"Adexa \u2013 Suurk\u00f6\u00f6giseadmed restoranidele ja toitlustusele\" \/>\n<meta property=\"article:modified_time\" content=\"2026-04-01T08:45:46+00:00\" \/>\n<meta property=\"og:image\" content=\"https:\/\/adexa.ee\/wp-content\/uploads\/2024\/12\/WHK052-.jpg\" \/>\n\t<meta property=\"og:image:width\" content=\"1500\" \/>\n\t<meta property=\"og:image:height\" content=\"1500\" \/>\n\t<meta property=\"og:image:type\" content=\"image\/jpeg\" \/>\n<meta name=\"twitter:card\" content=\"summary_large_image\" \/>\n<meta name=\"twitter:label1\" content=\"Est. reading time\" \/>\n\t<meta name=\"twitter:data1\" content=\"1 minute\" \/>\n<script type=\"application\/ld+json\" class=\"yoast-schema-graph\">{\"@context\":\"https:\\\/\\\/schema.org\",\"@graph\":[{\"@type\":\"WebPage\",\"@id\":\"https:\\\/\\\/adexa.ee\\\/toode\\\/perforeeritud-spaatel-365mm-roostevaba-teras-plastikust-kaepide-adexa-whk052\\\/\",\"url\":\"https:\\\/\\\/adexa.ee\\\/toode\\\/perforeeritud-spaatel-365mm-roostevaba-teras-plastikust-kaepide-adexa-whk052\\\/\",\"name\":\"Perforeeritud spaatel 365mm Roostevaba teras Plastikust k\u00e4epide | Adexa WHK052 - Adexa \u2013 Suurk\u00f6\u00f6giseadmed restoranidele ja toitlustusele\",\"isPartOf\":{\"@id\":\"https:\\\/\\\/adexa.ee\\\/#website\"},\"primaryImageOfPage\":{\"@id\":\"https:\\\/\\\/adexa.ee\\\/toode\\\/perforeeritud-spaatel-365mm-roostevaba-teras-plastikust-kaepide-adexa-whk052\\\/#primaryimage\"},\"image\":{\"@id\":\"https:\\\/\\\/adexa.ee\\\/toode\\\/perforeeritud-spaatel-365mm-roostevaba-teras-plastikust-kaepide-adexa-whk052\\\/#primaryimage\"},\"thumbnailUrl\":\"https:\\\/\\\/adexa.ee\\\/wp-content\\\/uploads\\\/2024\\\/12\\\/WHK052-.jpg\",\"datePublished\":\"2026-04-01T08:45:45+00:00\",\"dateModified\":\"2026-04-01T08:45:46+00:00\",\"breadcrumb\":{\"@id\":\"https:\\\/\\\/adexa.ee\\\/toode\\\/perforeeritud-spaatel-365mm-roostevaba-teras-plastikust-kaepide-adexa-whk052\\\/#breadcrumb\"},\"inLanguage\":\"en-US\",\"potentialAction\":[{\"@type\":\"ReadAction\",\"target\":[\"https:\\\/\\\/adexa.ee\\\/toode\\\/perforeeritud-spaatel-365mm-roostevaba-teras-plastikust-kaepide-adexa-whk052\\\/\"]}]},{\"@type\":\"ImageObject\",\"inLanguage\":\"en-US\",\"@id\":\"https:\\\/\\\/adexa.ee\\\/toode\\\/perforeeritud-spaatel-365mm-roostevaba-teras-plastikust-kaepide-adexa-whk052\\\/#primaryimage\",\"url\":\"https:\\\/\\\/adexa.ee\\\/wp-content\\\/uploads\\\/2024\\\/12\\\/WHK052-.jpg\",\"contentUrl\":\"https:\\\/\\\/adexa.ee\\\/wp-content\\\/uploads\\\/2024\\\/12\\\/WHK052-.jpg\",\"width\":1500,\"height\":1500},{\"@type\":\"BreadcrumbList\",\"@id\":\"https:\\\/\\\/adexa.ee\\\/toode\\\/perforeeritud-spaatel-365mm-roostevaba-teras-plastikust-kaepide-adexa-whk052\\\/#breadcrumb\",\"itemListElement\":[{\"@type\":\"ListItem\",\"position\":1,\"name\":\"Home\",\"item\":\"https:\\\/\\\/adexa.ee\\\/\"},{\"@type\":\"ListItem\",\"position\":2,\"name\":\"Tooted\",\"item\":\"https:\\\/\\\/adexa.ee\\\/pood\\\/\"},{\"@type\":\"ListItem\",\"position\":3,\"name\":\"Perforeeritud spaatel 365mm Roostevaba teras Plastikust k\u00e4epide | Adexa WHK052\"}]},{\"@type\":\"WebSite\",\"@id\":\"https:\\\/\\\/adexa.ee\\\/#website\",\"url\":\"https:\\\/\\\/adexa.ee\\\/\",\"name\":\"Adexa\",\"description\":\"\",\"publisher\":{\"@id\":\"https:\\\/\\\/adexa.ee\\\/#organization\"},\"potentialAction\":[{\"@type\":\"SearchAction\",\"target\":{\"@type\":\"EntryPoint\",\"urlTemplate\":\"https:\\\/\\\/adexa.ee\\\/?s={search_term_string}\"},\"query-input\":{\"@type\":\"PropertyValueSpecification\",\"valueRequired\":true,\"valueName\":\"search_term_string\"}}],\"inLanguage\":\"en-US\"},{\"@type\":\"Organization\",\"@id\":\"https:\\\/\\\/adexa.ee\\\/#organization\",\"name\":\"Adexa\",\"url\":\"https:\\\/\\\/adexa.ee\\\/\",\"logo\":{\"@type\":\"ImageObject\",\"inLanguage\":\"en-US\",\"@id\":\"https:\\\/\\\/adexa.ee\\\/#\\\/schema\\\/logo\\\/image\\\/\",\"url\":\"https:\\\/\\\/adexa.ee\\\/wp-content\\\/uploads\\\/2024\\\/04\\\/chef-cooks-working-in-professional-kitchen-2023-11-27-05-07-39-utc-scaled.jpg\",\"contentUrl\":\"https:\\\/\\\/adexa.ee\\\/wp-content\\\/uploads\\\/2024\\\/04\\\/chef-cooks-working-in-professional-kitchen-2023-11-27-05-07-39-utc-scaled.jpg\",\"width\":2560,\"height\":1708,\"caption\":\"Adexa\"},\"image\":{\"@id\":\"https:\\\/\\\/adexa.ee\\\/#\\\/schema\\\/logo\\\/image\\\/\"}}]}<\/script>\n<!-- \/ Yoast SEO plugin. -->","yoast_head_json":{"title":"Perforeeritud spaatel 365mm Roostevaba teras Plastikust k\u00e4epide | Adexa WHK052 - Adexa \u2013 Suurk\u00f6\u00f6giseadmed restoranidele ja toitlustusele","robots":{"index":"index","follow":"follow","max-snippet":"max-snippet:-1","max-image-preview":"max-image-preview:large","max-video-preview":"max-video-preview:-1"},"canonical":"https:\/\/adexa.ee\/toode\/perforeeritud-spaatel-365mm-roostevaba-teras-plastikust-kaepide-adexa-whk052\/","og_locale":"en_US","og_type":"article","og_title":"Perforeeritud spaatel 365mm Roostevaba teras Plastikust k\u00e4epide | Adexa WHK052 - Adexa \u2013 Suurk\u00f6\u00f6giseadmed restoranidele ja toitlustusele","og_description":"Serveerige oma signatuurroogasid stiilselt selle roostevabast terasest perforatsiooni spatliga. Kvaliteetsest roostevabast terasest valmistatud perforatsiooni spaatel on loodud kestma teie h\u00f5ivatud","og_url":"https:\/\/adexa.ee\/toode\/perforeeritud-spaatel-365mm-roostevaba-teras-plastikust-kaepide-adexa-whk052\/","og_site_name":"Adexa \u2013 Suurk\u00f6\u00f6giseadmed restoranidele ja toitlustusele","article_modified_time":"2026-04-01T08:45:46+00:00","og_image":[{"width":1500,"height":1500,"url":"https:\/\/adexa.ee\/wp-content\/uploads\/2024\/12\/WHK052-.jpg","type":"image\/jpeg"}],"twitter_card":"summary_large_image","twitter_misc":{"Est. reading time":"1 minute"},"schema":{"@context":"https:\/\/schema.org","@graph":[{"@type":"WebPage","@id":"https:\/\/adexa.ee\/toode\/perforeeritud-spaatel-365mm-roostevaba-teras-plastikust-kaepide-adexa-whk052\/","url":"https:\/\/adexa.ee\/toode\/perforeeritud-spaatel-365mm-roostevaba-teras-plastikust-kaepide-adexa-whk052\/","name":"Perforeeritud spaatel 365mm Roostevaba teras Plastikust k\u00e4epide | Adexa WHK052 - Adexa \u2013 Suurk\u00f6\u00f6giseadmed restoranidele ja toitlustusele","isPartOf":{"@id":"https:\/\/adexa.ee\/#website"},"primaryImageOfPage":{"@id":"https:\/\/adexa.ee\/toode\/perforeeritud-spaatel-365mm-roostevaba-teras-plastikust-kaepide-adexa-whk052\/#primaryimage"},"image":{"@id":"https:\/\/adexa.ee\/toode\/perforeeritud-spaatel-365mm-roostevaba-teras-plastikust-kaepide-adexa-whk052\/#primaryimage"},"thumbnailUrl":"https:\/\/adexa.ee\/wp-content\/uploads\/2024\/12\/WHK052-.jpg","datePublished":"2026-04-01T08:45:45+00:00","dateModified":"2026-04-01T08:45:46+00:00","breadcrumb":{"@id":"https:\/\/adexa.ee\/toode\/perforeeritud-spaatel-365mm-roostevaba-teras-plastikust-kaepide-adexa-whk052\/#breadcrumb"},"inLanguage":"en-US","potentialAction":[{"@type":"ReadAction","target":["https:\/\/adexa.ee\/toode\/perforeeritud-spaatel-365mm-roostevaba-teras-plastikust-kaepide-adexa-whk052\/"]}]},{"@type":"ImageObject","inLanguage":"en-US","@id":"https:\/\/adexa.ee\/toode\/perforeeritud-spaatel-365mm-roostevaba-teras-plastikust-kaepide-adexa-whk052\/#primaryimage","url":"https:\/\/adexa.ee\/wp-content\/uploads\/2024\/12\/WHK052-.jpg","contentUrl":"https:\/\/adexa.ee\/wp-content\/uploads\/2024\/12\/WHK052-.jpg","width":1500,"height":1500},{"@type":"BreadcrumbList","@id":"https:\/\/adexa.ee\/toode\/perforeeritud-spaatel-365mm-roostevaba-teras-plastikust-kaepide-adexa-whk052\/#breadcrumb","itemListElement":[{"@type":"ListItem","position":1,"name":"Home","item":"https:\/\/adexa.ee\/"},{"@type":"ListItem","position":2,"name":"Tooted","item":"https:\/\/adexa.ee\/pood\/"},{"@type":"ListItem","position":3,"name":"Perforeeritud spaatel 365mm Roostevaba teras Plastikust k\u00e4epide | Adexa WHK052"}]},{"@type":"WebSite","@id":"https:\/\/adexa.ee\/#website","url":"https:\/\/adexa.ee\/","name":"Adexa","description":"","publisher":{"@id":"https:\/\/adexa.ee\/#organization"},"potentialAction":[{"@type":"SearchAction","target":{"@type":"EntryPoint","urlTemplate":"https:\/\/adexa.ee\/?s={search_term_string}"},"query-input":{"@type":"PropertyValueSpecification","valueRequired":true,"valueName":"search_term_string"}}],"inLanguage":"en-US"},{"@type":"Organization","@id":"https:\/\/adexa.ee\/#organization","name":"Adexa","url":"https:\/\/adexa.ee\/","logo":{"@type":"ImageObject","inLanguage":"en-US","@id":"https:\/\/adexa.ee\/#\/schema\/logo\/image\/","url":"https:\/\/adexa.ee\/wp-content\/uploads\/2024\/04\/chef-cooks-working-in-professional-kitchen-2023-11-27-05-07-39-utc-scaled.jpg","contentUrl":"https:\/\/adexa.ee\/wp-content\/uploads\/2024\/04\/chef-cooks-working-in-professional-kitchen-2023-11-27-05-07-39-utc-scaled.jpg","width":2560,"height":1708,"caption":"Adexa"},"image":{"@id":"https:\/\/adexa.ee\/#\/schema\/logo\/image\/"}}]}},"_links":{"self":[{"href":"https:\/\/adexa.ee\/en\/wp-json\/wp\/v2\/product\/26794","targetHints":{"allow":["GET"]}}],"collection":[{"href":"https:\/\/adexa.ee\/en\/wp-json\/wp\/v2\/product"}],"about":[{"href":"https:\/\/adexa.ee\/en\/wp-json\/wp\/v2\/types\/product"}],"wp:featuredmedia":[{"embeddable":true,"href":"https:\/\/adexa.ee\/en\/wp-json\/wp\/v2\/media\/26796"}],"wp:attachment":[{"href":"https:\/\/adexa.ee\/en\/wp-json\/wp\/v2\/media?parent=26794"}],"wp:term":[{"taxonomy":"product_brand","embeddable":true,"href":"https:\/\/adexa.ee\/en\/wp-json\/wp\/v2\/product_brand?post=26794"},{"taxonomy":"product_cat","embeddable":true,"href":"https:\/\/adexa.ee\/en\/wp-json\/wp\/v2\/product_cat?post=26794"},{"taxonomy":"product_tag","embeddable":true,"href":"https:\/\/adexa.ee\/en\/wp-json\/wp\/v2\/product_tag?post=26794"}],"curies":[{"name":"wp","href":"https:\/\/api.w.org\/{rel}","templated":true}]}}