{"id":27161,"date":"2026-03-26T11:05:29","date_gmt":"2026-03-26T09:05:29","guid":{"rendered":"https:\/\/adexa.ee\/toode\/kaubanduslik-maitseainete-hoidja-kaasaga-sisaldab-6xgn1-6-150mm-noud-roostevabast-terasest-adexa-chd06adfl\/"},"modified":"2026-03-26T11:05:31","modified_gmt":"2026-03-26T09:05:31","slug":"kaubanduslik-maitseainete-hoidja-kaanega-sisaldab-6xgn1-6-150mm-noud-roostevabast-terasest-adexa-chd06adfl","status":"publish","type":"product","link":"https:\/\/adexa.ee\/en\/toode\/kaubanduslik-maitseainete-hoidja-kaanega-sisaldab-6xgn1-6-150mm-noud-roostevabast-terasest-adexa-chd06adfl\/","title":{"rendered":"Kaubanduslik maitseainete hoidja kaanega, sisaldab 6xGN1\/6-150mm n\u00f5ud roostevabast terasest | Adexa CHD06ADFL"},"content":{"rendered":"<p>See maitseainete hoidja sobib h\u00e4sti toidu serveerimiseks buffet&#8217;il v\u00f5i toidu ettevalmistuseks k\u00f6\u00f6gi ettevalmistusjaamas. Tugevast roostevabast terasest konstruktsiooniga konteinerialus on v\u00e4ga vastupidav ja kauakestev, v\u00f5imaldades tal taluda mitmeaastast intensiivset kasutust ning v\u00e4hendades vajadust asenduste j\u00e4rele. Sile roostevaba teras on samuti v\u00e4ga lihtne puhastada. sisaldab 6xGN1\/6-150mm<\/p>\n<table style=\"border-collapse: collapse; width: 100%; text-align: left;\">\n<tbody>\n<tr>\n<td style=\"border: 1px solid #ddd; padding: 8px; width: 45%;\"><strong>S\u00fcgavus<\/strong><\/td>\n<td style=\"border: 1px solid #ddd; padding: 8px;\">255mm<\/td>\n<\/tr>\n<tr>\n<td style=\"border: 1px solid #ddd; padding: 8px; width: 45%;\"><strong>K\u00f5rgus<\/strong><\/td>\n<td style=\"border: 1px solid #ddd; padding: 8px;\">215mm<\/td>\n<\/tr>\n<tr>\n<td style=\"border: 1px solid #ddd; padding: 8px; width: 45%;\"><strong>Laius<\/strong><\/td>\n<td style=\"border: 1px solid #ddd; padding: 8px;\">1060 mm<\/td>\n<\/tr>\n<tr>\n<td style=\"border: 1px solid #ddd; padding: 8px; width: 45%;\"><strong>Kaal<\/strong><\/td>\n<td style=\"border: 1px solid #ddd; padding: 8px;\">5kg<\/td>\n<\/tr>\n<tr>\n<td style=\"border: 1px solid #ddd; padding: 8px; width: 45%;\"><strong>Mahutavus<\/strong><\/td>\n<td style=\"border: 1px solid #ddd; padding: 8px;\">6 x GN1\/6 mahutit, 150mm s\u00fcgavused<\/td>\n<\/tr>\n<tr>\n<td style=\"border: 1px solid #ddd; padding: 8px; width: 45%;\"><strong>Materjal<\/strong><\/td>\n<td style=\"border: 1px solid #ddd; padding: 8px;\">Roostevaba teras<\/td>\n<\/tr>\n<\/tbody>\n<\/table>\n","protected":false},"excerpt":{"rendered":"<p>See maitseainete hoidja sobib h\u00e4sti toidu serveerimiseks buffet&#8217;il v\u00f5i toidu ettevalmistuseks k\u00f6\u00f6gi ettevalmistusjaamas. Tugevast roostevabast terasest konstruktsiooniga konteinerialus on v\u00e4ga<\/p>\n","protected":false},"featured_media":27155,"template":"","meta":[],"product_brand":[],"product_cat":[3813,585,646,584,583,579,557,572,586],"product_tag":[],"class_list":{"0":"post-27161","1":"product","2":"type-product","3":"status-publish","4":"has-post-thumbnail","6":"product_cat-roostevabast-terasest-gn-noud-ja-anumad","7":"product_cat-gn-noud","8":"product_cat-gn-noude-hoidikud-ja-suvendid","9":"product_cat-hoidikud-ja-kandikud","10":"product_cat-kastmenoud","11":"product_cat-koogitarbed-noud","12":"product_cat-kupsetusseadmed","13":"product_cat-roostevabad-tooted","14":"product_cat-serveerimine","16":"first","17":"instock","18":"sale","19":"taxable","20":"shipping-taxable","21":"purchasable","22":"product-type-simple"},"yoast_head":"<!-- This site is optimized with the Yoast SEO plugin v27.3 - https:\/\/yoast.com\/product\/yoast-seo-wordpress\/ -->\n<title>Kaubanduslik maitseainete hoidja kaanega, sisaldab 6xGN1\/6-150mm n\u00f5ud roostevabast terasest | Adexa CHD06ADFL - Adexa \u2013 Suurk\u00f6\u00f6giseadmed restoranidele ja toitlustusele<\/title>\n<meta name=\"robots\" content=\"index, follow, max-snippet:-1, max-image-preview:large, max-video-preview:-1\" \/>\n<link rel=\"canonical\" href=\"https:\/\/adexa.ee\/toode\/kaubanduslik-maitseainete-hoidja-kaanega-sisaldab-6xgn1-6-150mm-noud-roostevabast-terasest-adexa-chd06adfl\/\" \/>\n<meta property=\"og:locale\" content=\"en_US\" \/>\n<meta property=\"og:type\" content=\"article\" \/>\n<meta property=\"og:title\" content=\"Kaubanduslik maitseainete hoidja kaanega, sisaldab 6xGN1\/6-150mm n\u00f5ud roostevabast terasest | Adexa CHD06ADFL - Adexa \u2013 Suurk\u00f6\u00f6giseadmed restoranidele ja toitlustusele\" \/>\n<meta property=\"og:description\" content=\"See maitseainete hoidja sobib h\u00e4sti toidu serveerimiseks buffet&#8217;il v\u00f5i toidu ettevalmistuseks k\u00f6\u00f6gi ettevalmistusjaamas. Tugevast roostevabast terasest konstruktsiooniga konteinerialus on v\u00e4ga\" \/>\n<meta property=\"og:url\" content=\"https:\/\/adexa.ee\/toode\/kaubanduslik-maitseainete-hoidja-kaanega-sisaldab-6xgn1-6-150mm-noud-roostevabast-terasest-adexa-chd06adfl\/\" \/>\n<meta property=\"og:site_name\" content=\"Adexa \u2013 Suurk\u00f6\u00f6giseadmed restoranidele ja toitlustusele\" \/>\n<meta property=\"article:modified_time\" content=\"2026-03-26T09:05:31+00:00\" \/>\n<meta property=\"og:image\" content=\"https:\/\/adexa.ee\/wp-content\/uploads\/2025\/01\/CHD06AFL.jpg\" \/>\n\t<meta property=\"og:image:width\" content=\"1136\" \/>\n\t<meta property=\"og:image:height\" content=\"1136\" \/>\n\t<meta property=\"og:image:type\" content=\"image\/jpeg\" \/>\n<meta name=\"twitter:card\" content=\"summary_large_image\" \/>\n<script type=\"application\/ld+json\" class=\"yoast-schema-graph\">{\"@context\":\"https:\\\/\\\/schema.org\",\"@graph\":[{\"@type\":\"WebPage\",\"@id\":\"https:\\\/\\\/adexa.ee\\\/toode\\\/kaubanduslik-maitseainete-hoidja-kaanega-sisaldab-6xgn1-6-150mm-noud-roostevabast-terasest-adexa-chd06adfl\\\/\",\"url\":\"https:\\\/\\\/adexa.ee\\\/toode\\\/kaubanduslik-maitseainete-hoidja-kaanega-sisaldab-6xgn1-6-150mm-noud-roostevabast-terasest-adexa-chd06adfl\\\/\",\"name\":\"Kaubanduslik maitseainete hoidja kaanega, sisaldab 6xGN1\\\/6-150mm n\u00f5ud roostevabast terasest | Adexa CHD06ADFL - Adexa \u2013 Suurk\u00f6\u00f6giseadmed restoranidele ja toitlustusele\",\"isPartOf\":{\"@id\":\"https:\\\/\\\/adexa.ee\\\/#website\"},\"primaryImageOfPage\":{\"@id\":\"https:\\\/\\\/adexa.ee\\\/toode\\\/kaubanduslik-maitseainete-hoidja-kaanega-sisaldab-6xgn1-6-150mm-noud-roostevabast-terasest-adexa-chd06adfl\\\/#primaryimage\"},\"image\":{\"@id\":\"https:\\\/\\\/adexa.ee\\\/toode\\\/kaubanduslik-maitseainete-hoidja-kaanega-sisaldab-6xgn1-6-150mm-noud-roostevabast-terasest-adexa-chd06adfl\\\/#primaryimage\"},\"thumbnailUrl\":\"https:\\\/\\\/adexa.ee\\\/wp-content\\\/uploads\\\/2025\\\/01\\\/CHD06AFL.jpg\",\"datePublished\":\"2026-03-26T09:05:29+00:00\",\"dateModified\":\"2026-03-26T09:05:31+00:00\",\"breadcrumb\":{\"@id\":\"https:\\\/\\\/adexa.ee\\\/toode\\\/kaubanduslik-maitseainete-hoidja-kaanega-sisaldab-6xgn1-6-150mm-noud-roostevabast-terasest-adexa-chd06adfl\\\/#breadcrumb\"},\"inLanguage\":\"en-US\",\"potentialAction\":[{\"@type\":\"ReadAction\",\"target\":[\"https:\\\/\\\/adexa.ee\\\/toode\\\/kaubanduslik-maitseainete-hoidja-kaanega-sisaldab-6xgn1-6-150mm-noud-roostevabast-terasest-adexa-chd06adfl\\\/\"]}]},{\"@type\":\"ImageObject\",\"inLanguage\":\"en-US\",\"@id\":\"https:\\\/\\\/adexa.ee\\\/toode\\\/kaubanduslik-maitseainete-hoidja-kaanega-sisaldab-6xgn1-6-150mm-noud-roostevabast-terasest-adexa-chd06adfl\\\/#primaryimage\",\"url\":\"https:\\\/\\\/adexa.ee\\\/wp-content\\\/uploads\\\/2025\\\/01\\\/CHD06AFL.jpg\",\"contentUrl\":\"https:\\\/\\\/adexa.ee\\\/wp-content\\\/uploads\\\/2025\\\/01\\\/CHD06AFL.jpg\",\"width\":1136,\"height\":1136},{\"@type\":\"BreadcrumbList\",\"@id\":\"https:\\\/\\\/adexa.ee\\\/toode\\\/kaubanduslik-maitseainete-hoidja-kaanega-sisaldab-6xgn1-6-150mm-noud-roostevabast-terasest-adexa-chd06adfl\\\/#breadcrumb\",\"itemListElement\":[{\"@type\":\"ListItem\",\"position\":1,\"name\":\"Home\",\"item\":\"https:\\\/\\\/adexa.ee\\\/\"},{\"@type\":\"ListItem\",\"position\":2,\"name\":\"Tooted\",\"item\":\"https:\\\/\\\/adexa.ee\\\/pood\\\/\"},{\"@type\":\"ListItem\",\"position\":3,\"name\":\"Kaubanduslik maitseainete hoidja kaanega, sisaldab 6xGN1\\\/6-150mm n\u00f5ud roostevabast terasest | Adexa CHD06ADFL\"}]},{\"@type\":\"WebSite\",\"@id\":\"https:\\\/\\\/adexa.ee\\\/#website\",\"url\":\"https:\\\/\\\/adexa.ee\\\/\",\"name\":\"Adexa\",\"description\":\"\",\"publisher\":{\"@id\":\"https:\\\/\\\/adexa.ee\\\/#organization\"},\"potentialAction\":[{\"@type\":\"SearchAction\",\"target\":{\"@type\":\"EntryPoint\",\"urlTemplate\":\"https:\\\/\\\/adexa.ee\\\/?s={search_term_string}\"},\"query-input\":{\"@type\":\"PropertyValueSpecification\",\"valueRequired\":true,\"valueName\":\"search_term_string\"}}],\"inLanguage\":\"en-US\"},{\"@type\":\"Organization\",\"@id\":\"https:\\\/\\\/adexa.ee\\\/#organization\",\"name\":\"Adexa\",\"url\":\"https:\\\/\\\/adexa.ee\\\/\",\"logo\":{\"@type\":\"ImageObject\",\"inLanguage\":\"en-US\",\"@id\":\"https:\\\/\\\/adexa.ee\\\/#\\\/schema\\\/logo\\\/image\\\/\",\"url\":\"https:\\\/\\\/adexa.ee\\\/wp-content\\\/uploads\\\/2024\\\/04\\\/chef-cooks-working-in-professional-kitchen-2023-11-27-05-07-39-utc-scaled.jpg\",\"contentUrl\":\"https:\\\/\\\/adexa.ee\\\/wp-content\\\/uploads\\\/2024\\\/04\\\/chef-cooks-working-in-professional-kitchen-2023-11-27-05-07-39-utc-scaled.jpg\",\"width\":2560,\"height\":1708,\"caption\":\"Adexa\"},\"image\":{\"@id\":\"https:\\\/\\\/adexa.ee\\\/#\\\/schema\\\/logo\\\/image\\\/\"}}]}<\/script>\n<!-- \/ Yoast SEO plugin. -->","yoast_head_json":{"title":"Kaubanduslik maitseainete hoidja kaanega, sisaldab 6xGN1\/6-150mm n\u00f5ud roostevabast terasest | Adexa CHD06ADFL - Adexa \u2013 Suurk\u00f6\u00f6giseadmed restoranidele ja toitlustusele","robots":{"index":"index","follow":"follow","max-snippet":"max-snippet:-1","max-image-preview":"max-image-preview:large","max-video-preview":"max-video-preview:-1"},"canonical":"https:\/\/adexa.ee\/toode\/kaubanduslik-maitseainete-hoidja-kaanega-sisaldab-6xgn1-6-150mm-noud-roostevabast-terasest-adexa-chd06adfl\/","og_locale":"en_US","og_type":"article","og_title":"Kaubanduslik maitseainete hoidja kaanega, sisaldab 6xGN1\/6-150mm n\u00f5ud roostevabast terasest | Adexa CHD06ADFL - Adexa \u2013 Suurk\u00f6\u00f6giseadmed restoranidele ja toitlustusele","og_description":"See maitseainete hoidja sobib h\u00e4sti toidu serveerimiseks buffet&#8217;il v\u00f5i toidu ettevalmistuseks k\u00f6\u00f6gi ettevalmistusjaamas. Tugevast roostevabast terasest konstruktsiooniga konteinerialus on v\u00e4ga","og_url":"https:\/\/adexa.ee\/toode\/kaubanduslik-maitseainete-hoidja-kaanega-sisaldab-6xgn1-6-150mm-noud-roostevabast-terasest-adexa-chd06adfl\/","og_site_name":"Adexa \u2013 Suurk\u00f6\u00f6giseadmed restoranidele ja toitlustusele","article_modified_time":"2026-03-26T09:05:31+00:00","og_image":[{"width":1136,"height":1136,"url":"https:\/\/adexa.ee\/wp-content\/uploads\/2025\/01\/CHD06AFL.jpg","type":"image\/jpeg"}],"twitter_card":"summary_large_image","schema":{"@context":"https:\/\/schema.org","@graph":[{"@type":"WebPage","@id":"https:\/\/adexa.ee\/toode\/kaubanduslik-maitseainete-hoidja-kaanega-sisaldab-6xgn1-6-150mm-noud-roostevabast-terasest-adexa-chd06adfl\/","url":"https:\/\/adexa.ee\/toode\/kaubanduslik-maitseainete-hoidja-kaanega-sisaldab-6xgn1-6-150mm-noud-roostevabast-terasest-adexa-chd06adfl\/","name":"Kaubanduslik maitseainete hoidja kaanega, sisaldab 6xGN1\/6-150mm n\u00f5ud roostevabast terasest | Adexa CHD06ADFL - Adexa \u2013 Suurk\u00f6\u00f6giseadmed restoranidele ja toitlustusele","isPartOf":{"@id":"https:\/\/adexa.ee\/#website"},"primaryImageOfPage":{"@id":"https:\/\/adexa.ee\/toode\/kaubanduslik-maitseainete-hoidja-kaanega-sisaldab-6xgn1-6-150mm-noud-roostevabast-terasest-adexa-chd06adfl\/#primaryimage"},"image":{"@id":"https:\/\/adexa.ee\/toode\/kaubanduslik-maitseainete-hoidja-kaanega-sisaldab-6xgn1-6-150mm-noud-roostevabast-terasest-adexa-chd06adfl\/#primaryimage"},"thumbnailUrl":"https:\/\/adexa.ee\/wp-content\/uploads\/2025\/01\/CHD06AFL.jpg","datePublished":"2026-03-26T09:05:29+00:00","dateModified":"2026-03-26T09:05:31+00:00","breadcrumb":{"@id":"https:\/\/adexa.ee\/toode\/kaubanduslik-maitseainete-hoidja-kaanega-sisaldab-6xgn1-6-150mm-noud-roostevabast-terasest-adexa-chd06adfl\/#breadcrumb"},"inLanguage":"en-US","potentialAction":[{"@type":"ReadAction","target":["https:\/\/adexa.ee\/toode\/kaubanduslik-maitseainete-hoidja-kaanega-sisaldab-6xgn1-6-150mm-noud-roostevabast-terasest-adexa-chd06adfl\/"]}]},{"@type":"ImageObject","inLanguage":"en-US","@id":"https:\/\/adexa.ee\/toode\/kaubanduslik-maitseainete-hoidja-kaanega-sisaldab-6xgn1-6-150mm-noud-roostevabast-terasest-adexa-chd06adfl\/#primaryimage","url":"https:\/\/adexa.ee\/wp-content\/uploads\/2025\/01\/CHD06AFL.jpg","contentUrl":"https:\/\/adexa.ee\/wp-content\/uploads\/2025\/01\/CHD06AFL.jpg","width":1136,"height":1136},{"@type":"BreadcrumbList","@id":"https:\/\/adexa.ee\/toode\/kaubanduslik-maitseainete-hoidja-kaanega-sisaldab-6xgn1-6-150mm-noud-roostevabast-terasest-adexa-chd06adfl\/#breadcrumb","itemListElement":[{"@type":"ListItem","position":1,"name":"Home","item":"https:\/\/adexa.ee\/"},{"@type":"ListItem","position":2,"name":"Tooted","item":"https:\/\/adexa.ee\/pood\/"},{"@type":"ListItem","position":3,"name":"Kaubanduslik maitseainete hoidja kaanega, sisaldab 6xGN1\/6-150mm n\u00f5ud roostevabast terasest | Adexa CHD06ADFL"}]},{"@type":"WebSite","@id":"https:\/\/adexa.ee\/#website","url":"https:\/\/adexa.ee\/","name":"Adexa","description":"","publisher":{"@id":"https:\/\/adexa.ee\/#organization"},"potentialAction":[{"@type":"SearchAction","target":{"@type":"EntryPoint","urlTemplate":"https:\/\/adexa.ee\/?s={search_term_string}"},"query-input":{"@type":"PropertyValueSpecification","valueRequired":true,"valueName":"search_term_string"}}],"inLanguage":"en-US"},{"@type":"Organization","@id":"https:\/\/adexa.ee\/#organization","name":"Adexa","url":"https:\/\/adexa.ee\/","logo":{"@type":"ImageObject","inLanguage":"en-US","@id":"https:\/\/adexa.ee\/#\/schema\/logo\/image\/","url":"https:\/\/adexa.ee\/wp-content\/uploads\/2024\/04\/chef-cooks-working-in-professional-kitchen-2023-11-27-05-07-39-utc-scaled.jpg","contentUrl":"https:\/\/adexa.ee\/wp-content\/uploads\/2024\/04\/chef-cooks-working-in-professional-kitchen-2023-11-27-05-07-39-utc-scaled.jpg","width":2560,"height":1708,"caption":"Adexa"},"image":{"@id":"https:\/\/adexa.ee\/#\/schema\/logo\/image\/"}}]}},"_links":{"self":[{"href":"https:\/\/adexa.ee\/en\/wp-json\/wp\/v2\/product\/27161","targetHints":{"allow":["GET"]}}],"collection":[{"href":"https:\/\/adexa.ee\/en\/wp-json\/wp\/v2\/product"}],"about":[{"href":"https:\/\/adexa.ee\/en\/wp-json\/wp\/v2\/types\/product"}],"wp:featuredmedia":[{"embeddable":true,"href":"https:\/\/adexa.ee\/en\/wp-json\/wp\/v2\/media\/27155"}],"wp:attachment":[{"href":"https:\/\/adexa.ee\/en\/wp-json\/wp\/v2\/media?parent=27161"}],"wp:term":[{"taxonomy":"product_brand","embeddable":true,"href":"https:\/\/adexa.ee\/en\/wp-json\/wp\/v2\/product_brand?post=27161"},{"taxonomy":"product_cat","embeddable":true,"href":"https:\/\/adexa.ee\/en\/wp-json\/wp\/v2\/product_cat?post=27161"},{"taxonomy":"product_tag","embeddable":true,"href":"https:\/\/adexa.ee\/en\/wp-json\/wp\/v2\/product_tag?post=27161"}],"curies":[{"name":"wp","href":"https:\/\/api.w.org\/{rel}","templated":true}]}}