{"id":27196,"date":"2026-04-01T15:15:54","date_gmt":"2026-04-01T12:15:54","guid":{"rendered":"https:\/\/adexa.ee\/toode\/professionaalne-jagajaga-ja-valjapressijaga-mopikaru-20-liitrine-adexa-gx101vl\/"},"modified":"2026-04-01T15:15:55","modified_gmt":"2026-04-01T12:15:55","slug":"professionaalne-mopikaru-20-liitrine-adexa-gx101vl","status":"publish","type":"product","link":"https:\/\/adexa.ee\/en\/toode\/professionaalne-mopikaru-20-liitrine-adexa-gx101vl\/","title":{"rendered":"Professionaalne mopik\u00e4ru 20-liitrine | Adexa GX101VL"},"content":{"rendered":"<p>Selle kommertskasutuseks m\u00f5eldud mopik\u00e4ruga koos v\u00e4ljapressijaga on restorani p\u00f5randate puhastamine lihtsam kui kunagi varem; see praktiline puhastuskopp on eriti vastupidav, omab suurt mahtu ja mis k\u00f5ige t\u00e4htsam, on seda lihtne ja mugav kasutada. See teeb sellest ideaalse h\u00fcgieenilise tarvikud koolidele, restoranidele, baaridele, hotellidele, kontoritele ja k\u00f5igile ruumidele, mis vajavad regulaarset p\u00f5randahooldust. T\u00e4psema teabe leiate jaotisest &#8220;Spetsifikatsioon&#8221;.<\/p>\n<table style=\"border-collapse: collapse; width: 100%; text-align: left;\">\n<tbody>\n<tr>\n<td style=\"border: 1px solid #ddd; padding: 8px; width: 45%;\"><strong>S\u00fcgavus<\/strong><\/td>\n<td style=\"border: 1px solid #ddd; padding: 8px;\">280mm<\/td>\n<\/tr>\n<tr>\n<td style=\"border: 1px solid #ddd; padding: 8px; width: 45%;\"><strong>K\u00f5rgus<\/strong><\/td>\n<td style=\"border: 1px solid #ddd; padding: 8px;\">690 mm<\/td>\n<\/tr>\n<tr>\n<td style=\"border: 1px solid #ddd; padding: 8px; width: 45%;\"><strong>Laius<\/strong><\/td>\n<td style=\"border: 1px solid #ddd; padding: 8px;\">490mm<\/td>\n<\/tr>\n<tr>\n<td style=\"border: 1px solid #ddd; padding: 8px; width: 45%;\"><strong>Garantii<\/strong><\/td>\n<td style=\"border: 1px solid #ddd; padding: 8px;\">12 kuu varuosade garantii<\/td>\n<\/tr>\n<tr>\n<td style=\"border: 1px solid #ddd; padding: 8px; width: 45%;\"><strong>Mahutavus<\/strong><\/td>\n<td style=\"border: 1px solid #ddd; padding: 8px;\">20 liitrit<\/td>\n<\/tr>\n<tr>\n<td style=\"border: 1px solid #ddd; padding: 8px; width: 45%;\"><strong>Rullikud<\/strong><\/td>\n<td style=\"border: 1px solid #ddd; padding: 8px;\">Jah<\/td>\n<\/tr>\n<tr>\n<td style=\"border: 1px solid #ddd; padding: 8px; width: 45%;\"><strong>Materjal<\/strong><\/td>\n<td style=\"border: 1px solid #ddd; padding: 8px;\">Plastik<\/td>\n<\/tr>\n<\/tbody>\n<\/table>\n","protected":false},"excerpt":{"rendered":"<p>Selle kommertskasutuseks m\u00f5eldud mopik\u00e4ruga koos v\u00e4ljapressijaga on restorani p\u00f5randate puhastamine lihtsam kui kunagi varem; see praktiline puhastuskopp on eriti vastupidav,<\/p>\n","protected":false},"featured_media":27198,"template":"","meta":[],"product_brand":[],"product_cat":[951,623,579,719,665,569,561,718,720,572],"product_tag":[],"class_list":{"0":"post-27196","1":"product","2":"type-product","3":"status-publish","4":"has-post-thumbnail","6":"product_cat-mopid-ambrid-ja-vesivigurid","7":"product_cat-karud","8":"product_cat-koogitarbed-noud","9":"product_cat-koristus-ja-puhastusseadmed","10":"product_cat-ladustamine-transport","11":"product_cat-lopumuuk","12":"product_cat-moobel-ja-hoiustamine","13":"product_cat-puhastus-ja-hugieen","14":"product_cat-puhastusseadmed","15":"product_cat-roostevabad-tooted","17":"first","18":"instock","19":"sale","20":"taxable","21":"shipping-taxable","22":"purchasable","23":"product-type-simple"},"yoast_head":"<!-- This site is optimized with the Yoast SEO plugin v27.3 - https:\/\/yoast.com\/product\/yoast-seo-wordpress\/ -->\n<title>Professionaalne mopik\u00e4ru 20-liitrine | Adexa GX101VL - Adexa \u2013 Suurk\u00f6\u00f6giseadmed restoranidele ja toitlustusele<\/title>\n<meta name=\"robots\" content=\"index, follow, max-snippet:-1, max-image-preview:large, max-video-preview:-1\" \/>\n<link rel=\"canonical\" href=\"https:\/\/adexa.ee\/toode\/professionaalne-mopikaru-20-liitrine-adexa-gx101vl\/\" \/>\n<meta property=\"og:locale\" content=\"en_US\" \/>\n<meta property=\"og:type\" content=\"article\" \/>\n<meta property=\"og:title\" content=\"Professionaalne mopik\u00e4ru 20-liitrine | Adexa GX101VL - Adexa \u2013 Suurk\u00f6\u00f6giseadmed restoranidele ja toitlustusele\" \/>\n<meta property=\"og:description\" content=\"Selle kommertskasutuseks m\u00f5eldud mopik\u00e4ruga koos v\u00e4ljapressijaga on restorani p\u00f5randate puhastamine lihtsam kui kunagi varem; see praktiline puhastuskopp on eriti vastupidav,\" \/>\n<meta property=\"og:url\" content=\"https:\/\/adexa.ee\/toode\/professionaalne-mopikaru-20-liitrine-adexa-gx101vl\/\" \/>\n<meta property=\"og:site_name\" content=\"Adexa \u2013 Suurk\u00f6\u00f6giseadmed restoranidele ja toitlustusele\" \/>\n<meta property=\"article:modified_time\" content=\"2026-04-01T12:15:55+00:00\" \/>\n<meta property=\"og:image\" content=\"https:\/\/adexa.ee\/wp-content\/uploads\/2025\/01\/GX101VL.jpg\" \/>\n\t<meta property=\"og:image:width\" content=\"1200\" \/>\n\t<meta property=\"og:image:height\" content=\"1200\" \/>\n\t<meta property=\"og:image:type\" content=\"image\/jpeg\" \/>\n<meta name=\"twitter:card\" content=\"summary_large_image\" \/>\n<script type=\"application\/ld+json\" class=\"yoast-schema-graph\">{\"@context\":\"https:\\\/\\\/schema.org\",\"@graph\":[{\"@type\":\"WebPage\",\"@id\":\"https:\\\/\\\/adexa.ee\\\/toode\\\/professionaalne-mopikaru-20-liitrine-adexa-gx101vl\\\/\",\"url\":\"https:\\\/\\\/adexa.ee\\\/toode\\\/professionaalne-mopikaru-20-liitrine-adexa-gx101vl\\\/\",\"name\":\"Professionaalne mopik\u00e4ru 20-liitrine | Adexa GX101VL - Adexa \u2013 Suurk\u00f6\u00f6giseadmed restoranidele ja toitlustusele\",\"isPartOf\":{\"@id\":\"https:\\\/\\\/adexa.ee\\\/#website\"},\"primaryImageOfPage\":{\"@id\":\"https:\\\/\\\/adexa.ee\\\/toode\\\/professionaalne-mopikaru-20-liitrine-adexa-gx101vl\\\/#primaryimage\"},\"image\":{\"@id\":\"https:\\\/\\\/adexa.ee\\\/toode\\\/professionaalne-mopikaru-20-liitrine-adexa-gx101vl\\\/#primaryimage\"},\"thumbnailUrl\":\"https:\\\/\\\/adexa.ee\\\/wp-content\\\/uploads\\\/2025\\\/01\\\/GX101VL.jpg\",\"datePublished\":\"2026-04-01T12:15:54+00:00\",\"dateModified\":\"2026-04-01T12:15:55+00:00\",\"breadcrumb\":{\"@id\":\"https:\\\/\\\/adexa.ee\\\/toode\\\/professionaalne-mopikaru-20-liitrine-adexa-gx101vl\\\/#breadcrumb\"},\"inLanguage\":\"en-US\",\"potentialAction\":[{\"@type\":\"ReadAction\",\"target\":[\"https:\\\/\\\/adexa.ee\\\/toode\\\/professionaalne-mopikaru-20-liitrine-adexa-gx101vl\\\/\"]}]},{\"@type\":\"ImageObject\",\"inLanguage\":\"en-US\",\"@id\":\"https:\\\/\\\/adexa.ee\\\/toode\\\/professionaalne-mopikaru-20-liitrine-adexa-gx101vl\\\/#primaryimage\",\"url\":\"https:\\\/\\\/adexa.ee\\\/wp-content\\\/uploads\\\/2025\\\/01\\\/GX101VL.jpg\",\"contentUrl\":\"https:\\\/\\\/adexa.ee\\\/wp-content\\\/uploads\\\/2025\\\/01\\\/GX101VL.jpg\",\"width\":1200,\"height\":1200},{\"@type\":\"BreadcrumbList\",\"@id\":\"https:\\\/\\\/adexa.ee\\\/toode\\\/professionaalne-mopikaru-20-liitrine-adexa-gx101vl\\\/#breadcrumb\",\"itemListElement\":[{\"@type\":\"ListItem\",\"position\":1,\"name\":\"Home\",\"item\":\"https:\\\/\\\/adexa.ee\\\/\"},{\"@type\":\"ListItem\",\"position\":2,\"name\":\"Tooted\",\"item\":\"https:\\\/\\\/adexa.ee\\\/pood\\\/\"},{\"@type\":\"ListItem\",\"position\":3,\"name\":\"Professionaalne mopik\u00e4ru 20-liitrine | Adexa GX101VL\"}]},{\"@type\":\"WebSite\",\"@id\":\"https:\\\/\\\/adexa.ee\\\/#website\",\"url\":\"https:\\\/\\\/adexa.ee\\\/\",\"name\":\"Adexa\",\"description\":\"\",\"publisher\":{\"@id\":\"https:\\\/\\\/adexa.ee\\\/#organization\"},\"potentialAction\":[{\"@type\":\"SearchAction\",\"target\":{\"@type\":\"EntryPoint\",\"urlTemplate\":\"https:\\\/\\\/adexa.ee\\\/?s={search_term_string}\"},\"query-input\":{\"@type\":\"PropertyValueSpecification\",\"valueRequired\":true,\"valueName\":\"search_term_string\"}}],\"inLanguage\":\"en-US\"},{\"@type\":\"Organization\",\"@id\":\"https:\\\/\\\/adexa.ee\\\/#organization\",\"name\":\"Adexa\",\"url\":\"https:\\\/\\\/adexa.ee\\\/\",\"logo\":{\"@type\":\"ImageObject\",\"inLanguage\":\"en-US\",\"@id\":\"https:\\\/\\\/adexa.ee\\\/#\\\/schema\\\/logo\\\/image\\\/\",\"url\":\"https:\\\/\\\/adexa.ee\\\/wp-content\\\/uploads\\\/2024\\\/04\\\/chef-cooks-working-in-professional-kitchen-2023-11-27-05-07-39-utc-scaled.jpg\",\"contentUrl\":\"https:\\\/\\\/adexa.ee\\\/wp-content\\\/uploads\\\/2024\\\/04\\\/chef-cooks-working-in-professional-kitchen-2023-11-27-05-07-39-utc-scaled.jpg\",\"width\":2560,\"height\":1708,\"caption\":\"Adexa\"},\"image\":{\"@id\":\"https:\\\/\\\/adexa.ee\\\/#\\\/schema\\\/logo\\\/image\\\/\"}}]}<\/script>\n<!-- \/ Yoast SEO plugin. -->","yoast_head_json":{"title":"Professionaalne mopik\u00e4ru 20-liitrine | Adexa GX101VL - Adexa \u2013 Suurk\u00f6\u00f6giseadmed restoranidele ja toitlustusele","robots":{"index":"index","follow":"follow","max-snippet":"max-snippet:-1","max-image-preview":"max-image-preview:large","max-video-preview":"max-video-preview:-1"},"canonical":"https:\/\/adexa.ee\/toode\/professionaalne-mopikaru-20-liitrine-adexa-gx101vl\/","og_locale":"en_US","og_type":"article","og_title":"Professionaalne mopik\u00e4ru 20-liitrine | Adexa GX101VL - Adexa \u2013 Suurk\u00f6\u00f6giseadmed restoranidele ja toitlustusele","og_description":"Selle kommertskasutuseks m\u00f5eldud mopik\u00e4ruga koos v\u00e4ljapressijaga on restorani p\u00f5randate puhastamine lihtsam kui kunagi varem; see praktiline puhastuskopp on eriti vastupidav,","og_url":"https:\/\/adexa.ee\/toode\/professionaalne-mopikaru-20-liitrine-adexa-gx101vl\/","og_site_name":"Adexa \u2013 Suurk\u00f6\u00f6giseadmed restoranidele ja toitlustusele","article_modified_time":"2026-04-01T12:15:55+00:00","og_image":[{"width":1200,"height":1200,"url":"https:\/\/adexa.ee\/wp-content\/uploads\/2025\/01\/GX101VL.jpg","type":"image\/jpeg"}],"twitter_card":"summary_large_image","schema":{"@context":"https:\/\/schema.org","@graph":[{"@type":"WebPage","@id":"https:\/\/adexa.ee\/toode\/professionaalne-mopikaru-20-liitrine-adexa-gx101vl\/","url":"https:\/\/adexa.ee\/toode\/professionaalne-mopikaru-20-liitrine-adexa-gx101vl\/","name":"Professionaalne mopik\u00e4ru 20-liitrine | Adexa GX101VL - Adexa \u2013 Suurk\u00f6\u00f6giseadmed restoranidele ja toitlustusele","isPartOf":{"@id":"https:\/\/adexa.ee\/#website"},"primaryImageOfPage":{"@id":"https:\/\/adexa.ee\/toode\/professionaalne-mopikaru-20-liitrine-adexa-gx101vl\/#primaryimage"},"image":{"@id":"https:\/\/adexa.ee\/toode\/professionaalne-mopikaru-20-liitrine-adexa-gx101vl\/#primaryimage"},"thumbnailUrl":"https:\/\/adexa.ee\/wp-content\/uploads\/2025\/01\/GX101VL.jpg","datePublished":"2026-04-01T12:15:54+00:00","dateModified":"2026-04-01T12:15:55+00:00","breadcrumb":{"@id":"https:\/\/adexa.ee\/toode\/professionaalne-mopikaru-20-liitrine-adexa-gx101vl\/#breadcrumb"},"inLanguage":"en-US","potentialAction":[{"@type":"ReadAction","target":["https:\/\/adexa.ee\/toode\/professionaalne-mopikaru-20-liitrine-adexa-gx101vl\/"]}]},{"@type":"ImageObject","inLanguage":"en-US","@id":"https:\/\/adexa.ee\/toode\/professionaalne-mopikaru-20-liitrine-adexa-gx101vl\/#primaryimage","url":"https:\/\/adexa.ee\/wp-content\/uploads\/2025\/01\/GX101VL.jpg","contentUrl":"https:\/\/adexa.ee\/wp-content\/uploads\/2025\/01\/GX101VL.jpg","width":1200,"height":1200},{"@type":"BreadcrumbList","@id":"https:\/\/adexa.ee\/toode\/professionaalne-mopikaru-20-liitrine-adexa-gx101vl\/#breadcrumb","itemListElement":[{"@type":"ListItem","position":1,"name":"Home","item":"https:\/\/adexa.ee\/"},{"@type":"ListItem","position":2,"name":"Tooted","item":"https:\/\/adexa.ee\/pood\/"},{"@type":"ListItem","position":3,"name":"Professionaalne mopik\u00e4ru 20-liitrine | Adexa GX101VL"}]},{"@type":"WebSite","@id":"https:\/\/adexa.ee\/#website","url":"https:\/\/adexa.ee\/","name":"Adexa","description":"","publisher":{"@id":"https:\/\/adexa.ee\/#organization"},"potentialAction":[{"@type":"SearchAction","target":{"@type":"EntryPoint","urlTemplate":"https:\/\/adexa.ee\/?s={search_term_string}"},"query-input":{"@type":"PropertyValueSpecification","valueRequired":true,"valueName":"search_term_string"}}],"inLanguage":"en-US"},{"@type":"Organization","@id":"https:\/\/adexa.ee\/#organization","name":"Adexa","url":"https:\/\/adexa.ee\/","logo":{"@type":"ImageObject","inLanguage":"en-US","@id":"https:\/\/adexa.ee\/#\/schema\/logo\/image\/","url":"https:\/\/adexa.ee\/wp-content\/uploads\/2024\/04\/chef-cooks-working-in-professional-kitchen-2023-11-27-05-07-39-utc-scaled.jpg","contentUrl":"https:\/\/adexa.ee\/wp-content\/uploads\/2024\/04\/chef-cooks-working-in-professional-kitchen-2023-11-27-05-07-39-utc-scaled.jpg","width":2560,"height":1708,"caption":"Adexa"},"image":{"@id":"https:\/\/adexa.ee\/#\/schema\/logo\/image\/"}}]}},"_links":{"self":[{"href":"https:\/\/adexa.ee\/en\/wp-json\/wp\/v2\/product\/27196","targetHints":{"allow":["GET"]}}],"collection":[{"href":"https:\/\/adexa.ee\/en\/wp-json\/wp\/v2\/product"}],"about":[{"href":"https:\/\/adexa.ee\/en\/wp-json\/wp\/v2\/types\/product"}],"wp:featuredmedia":[{"embeddable":true,"href":"https:\/\/adexa.ee\/en\/wp-json\/wp\/v2\/media\/27198"}],"wp:attachment":[{"href":"https:\/\/adexa.ee\/en\/wp-json\/wp\/v2\/media?parent=27196"}],"wp:term":[{"taxonomy":"product_brand","embeddable":true,"href":"https:\/\/adexa.ee\/en\/wp-json\/wp\/v2\/product_brand?post=27196"},{"taxonomy":"product_cat","embeddable":true,"href":"https:\/\/adexa.ee\/en\/wp-json\/wp\/v2\/product_cat?post=27196"},{"taxonomy":"product_tag","embeddable":true,"href":"https:\/\/adexa.ee\/en\/wp-json\/wp\/v2\/product_tag?post=27196"}],"curies":[{"name":"wp","href":"https:\/\/api.w.org\/{rel}","templated":true}]}}