{"id":27200,"date":"2026-03-28T10:15:32","date_gmt":"2026-03-28T08:15:32","guid":{"rendered":"https:\/\/adexa.ee\/toode\/kaane-pizzataigna-kastidele-600x400-polupropuleen-adexa-whdb110\/"},"modified":"2026-03-28T10:15:34","modified_gmt":"2026-03-28T08:15:34","slug":"kaas-pizzataigna-kastidele-600x400-polupropuleen-adexa-whdb110","status":"publish","type":"product","link":"https:\/\/adexa.ee\/en\/toode\/kaas-pizzataigna-kastidele-600x400-polupropuleen-adexa-whdb110\/","title":{"rendered":"Kaas Pizzataigna Kastidele 600&#215;400 Pol\u00fcprop\u00fcleen | Adexa WHDB110"},"content":{"rendered":"<p>Valmistatud toiduks sobivast pol\u00fcprop\u00fcleenistAlus hoiab taigna v\u00e4rske ning soodustab taigna k\u00e4\u00e4ritamistAluseid saab virnastada nii kaantega kui kaantetaAlused ei ole ise rasked, \u00fcmardatud servad muudavad need ergonoomiliseks ja mugavaks k\u00e4sitsedaAlused on n\u00f5udepesumasinas pestavad, seega need ei k\u00f5verdu, vajuta ega kaota oma kujuTugeva pinnakujundusega pizza taigna aluseid on lihtne puhastada ja taaskasutada<\/p>\n<table style=\"border-collapse: collapse; width: 100%; text-align: left;\">\n<tbody>\n<tr>\n<td style=\"border: 1px solid #ddd; padding: 8px; width: 45%;\"><strong>S\u00fcgavus<\/strong><\/td>\n<td style=\"border: 1px solid #ddd; padding: 8px;\">400mm<\/td>\n<\/tr>\n<tr>\n<td style=\"border: 1px solid #ddd; padding: 8px; width: 45%;\"><strong>K\u00f5rgus<\/strong><\/td>\n<td style=\"border: 1px solid #ddd; padding: 8px;\">30mm<\/td>\n<\/tr>\n<tr>\n<td style=\"border: 1px solid #ddd; padding: 8px; width: 45%;\"><strong>Laius<\/strong><\/td>\n<td style=\"border: 1px solid #ddd; padding: 8px;\">600mm<\/td>\n<\/tr>\n<tr>\n<td style=\"border: 1px solid #ddd; padding: 8px; width: 45%;\"><strong>Kaal<\/strong><\/td>\n<td style=\"border: 1px solid #ddd; padding: 8px;\">0,6 kg<\/td>\n<\/tr>\n<tr>\n<td style=\"border: 1px solid #ddd; padding: 8px; width: 45%;\"><strong>Garantii<\/strong><\/td>\n<td style=\"border: 1px solid #ddd; padding: 8px;\">12 kuu varuosade garantii<\/td>\n<\/tr>\n<tr>\n<td style=\"border: 1px solid #ddd; padding: 8px; width: 45%;\"><strong>Materjal<\/strong><\/td>\n<td style=\"border: 1px solid #ddd; padding: 8px;\">Pol\u00fcprop\u00fcleen<\/td>\n<\/tr>\n<\/tbody>\n<\/table>\n","protected":false},"excerpt":{"rendered":"<p>Valmistatud toiduks sobivast pol\u00fcprop\u00fcleenistAlus hoiab taigna v\u00e4rske ning soodustab taigna k\u00e4\u00e4ritamistAluseid saab virnastada nii kaantega kui kaantetaAlused ei ole ise<\/p>\n","protected":false},"featured_media":27202,"template":"","meta":[],"product_brand":[],"product_cat":[665,561,664,666,586],"product_tag":[],"class_list":{"0":"post-27200","1":"product","2":"type-product","3":"status-publish","4":"has-post-thumbnail","6":"product_cat-ladustamine-transport","7":"product_cat-moobel-ja-hoiustamine","8":"product_cat-pitsa-ja-grill","9":"product_cat-pitsa-ladustamine-ja-transport","10":"product_cat-serveerimine","12":"first","13":"instock","14":"sale","15":"taxable","16":"shipping-taxable","17":"purchasable","18":"product-type-simple"},"yoast_head":"<!-- This site is optimized with the Yoast SEO plugin v27.3 - https:\/\/yoast.com\/product\/yoast-seo-wordpress\/ -->\n<title>Kaas Pizzataigna Kastidele 600x400 Pol\u00fcprop\u00fcleen | Adexa WHDB110 - Adexa \u2013 Suurk\u00f6\u00f6giseadmed restoranidele ja toitlustusele<\/title>\n<meta name=\"robots\" content=\"index, follow, max-snippet:-1, max-image-preview:large, max-video-preview:-1\" \/>\n<link rel=\"canonical\" href=\"https:\/\/adexa.ee\/toode\/kaas-pizzataigna-kastidele-600x400-polupropuleen-adexa-whdb110\/\" \/>\n<meta property=\"og:locale\" content=\"en_US\" \/>\n<meta property=\"og:type\" content=\"article\" \/>\n<meta property=\"og:title\" content=\"Kaas Pizzataigna Kastidele 600x400 Pol\u00fcprop\u00fcleen | Adexa WHDB110 - Adexa \u2013 Suurk\u00f6\u00f6giseadmed restoranidele ja toitlustusele\" \/>\n<meta property=\"og:description\" content=\"Valmistatud toiduks sobivast pol\u00fcprop\u00fcleenistAlus hoiab taigna v\u00e4rske ning soodustab taigna k\u00e4\u00e4ritamistAluseid saab virnastada nii kaantega kui kaantetaAlused ei ole ise\" \/>\n<meta property=\"og:url\" content=\"https:\/\/adexa.ee\/toode\/kaas-pizzataigna-kastidele-600x400-polupropuleen-adexa-whdb110\/\" \/>\n<meta property=\"og:site_name\" content=\"Adexa \u2013 Suurk\u00f6\u00f6giseadmed restoranidele ja toitlustusele\" \/>\n<meta property=\"article:modified_time\" content=\"2026-03-28T08:15:34+00:00\" \/>\n<meta property=\"og:image\" content=\"https:\/\/adexa.ee\/wp-content\/uploads\/2025\/01\/WHDB110.jpg\" \/>\n\t<meta property=\"og:image:width\" content=\"1076\" \/>\n\t<meta property=\"og:image:height\" content=\"1076\" \/>\n\t<meta property=\"og:image:type\" content=\"image\/jpeg\" \/>\n<meta name=\"twitter:card\" content=\"summary_large_image\" \/>\n<script type=\"application\/ld+json\" class=\"yoast-schema-graph\">{\"@context\":\"https:\\\/\\\/schema.org\",\"@graph\":[{\"@type\":\"WebPage\",\"@id\":\"https:\\\/\\\/adexa.ee\\\/toode\\\/kaas-pizzataigna-kastidele-600x400-polupropuleen-adexa-whdb110\\\/\",\"url\":\"https:\\\/\\\/adexa.ee\\\/toode\\\/kaas-pizzataigna-kastidele-600x400-polupropuleen-adexa-whdb110\\\/\",\"name\":\"Kaas Pizzataigna Kastidele 600x400 Pol\u00fcprop\u00fcleen | Adexa WHDB110 - Adexa \u2013 Suurk\u00f6\u00f6giseadmed restoranidele ja toitlustusele\",\"isPartOf\":{\"@id\":\"https:\\\/\\\/adexa.ee\\\/#website\"},\"primaryImageOfPage\":{\"@id\":\"https:\\\/\\\/adexa.ee\\\/toode\\\/kaas-pizzataigna-kastidele-600x400-polupropuleen-adexa-whdb110\\\/#primaryimage\"},\"image\":{\"@id\":\"https:\\\/\\\/adexa.ee\\\/toode\\\/kaas-pizzataigna-kastidele-600x400-polupropuleen-adexa-whdb110\\\/#primaryimage\"},\"thumbnailUrl\":\"https:\\\/\\\/adexa.ee\\\/wp-content\\\/uploads\\\/2025\\\/01\\\/WHDB110.jpg\",\"datePublished\":\"2026-03-28T08:15:32+00:00\",\"dateModified\":\"2026-03-28T08:15:34+00:00\",\"breadcrumb\":{\"@id\":\"https:\\\/\\\/adexa.ee\\\/toode\\\/kaas-pizzataigna-kastidele-600x400-polupropuleen-adexa-whdb110\\\/#breadcrumb\"},\"inLanguage\":\"en-US\",\"potentialAction\":[{\"@type\":\"ReadAction\",\"target\":[\"https:\\\/\\\/adexa.ee\\\/toode\\\/kaas-pizzataigna-kastidele-600x400-polupropuleen-adexa-whdb110\\\/\"]}]},{\"@type\":\"ImageObject\",\"inLanguage\":\"en-US\",\"@id\":\"https:\\\/\\\/adexa.ee\\\/toode\\\/kaas-pizzataigna-kastidele-600x400-polupropuleen-adexa-whdb110\\\/#primaryimage\",\"url\":\"https:\\\/\\\/adexa.ee\\\/wp-content\\\/uploads\\\/2025\\\/01\\\/WHDB110.jpg\",\"contentUrl\":\"https:\\\/\\\/adexa.ee\\\/wp-content\\\/uploads\\\/2025\\\/01\\\/WHDB110.jpg\",\"width\":1076,\"height\":1076},{\"@type\":\"BreadcrumbList\",\"@id\":\"https:\\\/\\\/adexa.ee\\\/toode\\\/kaas-pizzataigna-kastidele-600x400-polupropuleen-adexa-whdb110\\\/#breadcrumb\",\"itemListElement\":[{\"@type\":\"ListItem\",\"position\":1,\"name\":\"Home\",\"item\":\"https:\\\/\\\/adexa.ee\\\/\"},{\"@type\":\"ListItem\",\"position\":2,\"name\":\"Tooted\",\"item\":\"https:\\\/\\\/adexa.ee\\\/pood\\\/\"},{\"@type\":\"ListItem\",\"position\":3,\"name\":\"Kaas Pizzataigna Kastidele 600&#215;400 Pol\u00fcprop\u00fcleen | Adexa WHDB110\"}]},{\"@type\":\"WebSite\",\"@id\":\"https:\\\/\\\/adexa.ee\\\/#website\",\"url\":\"https:\\\/\\\/adexa.ee\\\/\",\"name\":\"Adexa\",\"description\":\"\",\"publisher\":{\"@id\":\"https:\\\/\\\/adexa.ee\\\/#organization\"},\"potentialAction\":[{\"@type\":\"SearchAction\",\"target\":{\"@type\":\"EntryPoint\",\"urlTemplate\":\"https:\\\/\\\/adexa.ee\\\/?s={search_term_string}\"},\"query-input\":{\"@type\":\"PropertyValueSpecification\",\"valueRequired\":true,\"valueName\":\"search_term_string\"}}],\"inLanguage\":\"en-US\"},{\"@type\":\"Organization\",\"@id\":\"https:\\\/\\\/adexa.ee\\\/#organization\",\"name\":\"Adexa\",\"url\":\"https:\\\/\\\/adexa.ee\\\/\",\"logo\":{\"@type\":\"ImageObject\",\"inLanguage\":\"en-US\",\"@id\":\"https:\\\/\\\/adexa.ee\\\/#\\\/schema\\\/logo\\\/image\\\/\",\"url\":\"https:\\\/\\\/adexa.ee\\\/wp-content\\\/uploads\\\/2024\\\/04\\\/chef-cooks-working-in-professional-kitchen-2023-11-27-05-07-39-utc-scaled.jpg\",\"contentUrl\":\"https:\\\/\\\/adexa.ee\\\/wp-content\\\/uploads\\\/2024\\\/04\\\/chef-cooks-working-in-professional-kitchen-2023-11-27-05-07-39-utc-scaled.jpg\",\"width\":2560,\"height\":1708,\"caption\":\"Adexa\"},\"image\":{\"@id\":\"https:\\\/\\\/adexa.ee\\\/#\\\/schema\\\/logo\\\/image\\\/\"}}]}<\/script>\n<!-- \/ Yoast SEO plugin. -->","yoast_head_json":{"title":"Kaas Pizzataigna Kastidele 600x400 Pol\u00fcprop\u00fcleen | Adexa WHDB110 - Adexa \u2013 Suurk\u00f6\u00f6giseadmed restoranidele ja toitlustusele","robots":{"index":"index","follow":"follow","max-snippet":"max-snippet:-1","max-image-preview":"max-image-preview:large","max-video-preview":"max-video-preview:-1"},"canonical":"https:\/\/adexa.ee\/toode\/kaas-pizzataigna-kastidele-600x400-polupropuleen-adexa-whdb110\/","og_locale":"en_US","og_type":"article","og_title":"Kaas Pizzataigna Kastidele 600x400 Pol\u00fcprop\u00fcleen | Adexa WHDB110 - Adexa \u2013 Suurk\u00f6\u00f6giseadmed restoranidele ja toitlustusele","og_description":"Valmistatud toiduks sobivast pol\u00fcprop\u00fcleenistAlus hoiab taigna v\u00e4rske ning soodustab taigna k\u00e4\u00e4ritamistAluseid saab virnastada nii kaantega kui kaantetaAlused ei ole ise","og_url":"https:\/\/adexa.ee\/toode\/kaas-pizzataigna-kastidele-600x400-polupropuleen-adexa-whdb110\/","og_site_name":"Adexa \u2013 Suurk\u00f6\u00f6giseadmed restoranidele ja toitlustusele","article_modified_time":"2026-03-28T08:15:34+00:00","og_image":[{"width":1076,"height":1076,"url":"https:\/\/adexa.ee\/wp-content\/uploads\/2025\/01\/WHDB110.jpg","type":"image\/jpeg"}],"twitter_card":"summary_large_image","schema":{"@context":"https:\/\/schema.org","@graph":[{"@type":"WebPage","@id":"https:\/\/adexa.ee\/toode\/kaas-pizzataigna-kastidele-600x400-polupropuleen-adexa-whdb110\/","url":"https:\/\/adexa.ee\/toode\/kaas-pizzataigna-kastidele-600x400-polupropuleen-adexa-whdb110\/","name":"Kaas Pizzataigna Kastidele 600x400 Pol\u00fcprop\u00fcleen | Adexa WHDB110 - Adexa \u2013 Suurk\u00f6\u00f6giseadmed restoranidele ja toitlustusele","isPartOf":{"@id":"https:\/\/adexa.ee\/#website"},"primaryImageOfPage":{"@id":"https:\/\/adexa.ee\/toode\/kaas-pizzataigna-kastidele-600x400-polupropuleen-adexa-whdb110\/#primaryimage"},"image":{"@id":"https:\/\/adexa.ee\/toode\/kaas-pizzataigna-kastidele-600x400-polupropuleen-adexa-whdb110\/#primaryimage"},"thumbnailUrl":"https:\/\/adexa.ee\/wp-content\/uploads\/2025\/01\/WHDB110.jpg","datePublished":"2026-03-28T08:15:32+00:00","dateModified":"2026-03-28T08:15:34+00:00","breadcrumb":{"@id":"https:\/\/adexa.ee\/toode\/kaas-pizzataigna-kastidele-600x400-polupropuleen-adexa-whdb110\/#breadcrumb"},"inLanguage":"en-US","potentialAction":[{"@type":"ReadAction","target":["https:\/\/adexa.ee\/toode\/kaas-pizzataigna-kastidele-600x400-polupropuleen-adexa-whdb110\/"]}]},{"@type":"ImageObject","inLanguage":"en-US","@id":"https:\/\/adexa.ee\/toode\/kaas-pizzataigna-kastidele-600x400-polupropuleen-adexa-whdb110\/#primaryimage","url":"https:\/\/adexa.ee\/wp-content\/uploads\/2025\/01\/WHDB110.jpg","contentUrl":"https:\/\/adexa.ee\/wp-content\/uploads\/2025\/01\/WHDB110.jpg","width":1076,"height":1076},{"@type":"BreadcrumbList","@id":"https:\/\/adexa.ee\/toode\/kaas-pizzataigna-kastidele-600x400-polupropuleen-adexa-whdb110\/#breadcrumb","itemListElement":[{"@type":"ListItem","position":1,"name":"Home","item":"https:\/\/adexa.ee\/"},{"@type":"ListItem","position":2,"name":"Tooted","item":"https:\/\/adexa.ee\/pood\/"},{"@type":"ListItem","position":3,"name":"Kaas Pizzataigna Kastidele 600&#215;400 Pol\u00fcprop\u00fcleen | Adexa WHDB110"}]},{"@type":"WebSite","@id":"https:\/\/adexa.ee\/#website","url":"https:\/\/adexa.ee\/","name":"Adexa","description":"","publisher":{"@id":"https:\/\/adexa.ee\/#organization"},"potentialAction":[{"@type":"SearchAction","target":{"@type":"EntryPoint","urlTemplate":"https:\/\/adexa.ee\/?s={search_term_string}"},"query-input":{"@type":"PropertyValueSpecification","valueRequired":true,"valueName":"search_term_string"}}],"inLanguage":"en-US"},{"@type":"Organization","@id":"https:\/\/adexa.ee\/#organization","name":"Adexa","url":"https:\/\/adexa.ee\/","logo":{"@type":"ImageObject","inLanguage":"en-US","@id":"https:\/\/adexa.ee\/#\/schema\/logo\/image\/","url":"https:\/\/adexa.ee\/wp-content\/uploads\/2024\/04\/chef-cooks-working-in-professional-kitchen-2023-11-27-05-07-39-utc-scaled.jpg","contentUrl":"https:\/\/adexa.ee\/wp-content\/uploads\/2024\/04\/chef-cooks-working-in-professional-kitchen-2023-11-27-05-07-39-utc-scaled.jpg","width":2560,"height":1708,"caption":"Adexa"},"image":{"@id":"https:\/\/adexa.ee\/#\/schema\/logo\/image\/"}}]}},"_links":{"self":[{"href":"https:\/\/adexa.ee\/en\/wp-json\/wp\/v2\/product\/27200","targetHints":{"allow":["GET"]}}],"collection":[{"href":"https:\/\/adexa.ee\/en\/wp-json\/wp\/v2\/product"}],"about":[{"href":"https:\/\/adexa.ee\/en\/wp-json\/wp\/v2\/types\/product"}],"wp:featuredmedia":[{"embeddable":true,"href":"https:\/\/adexa.ee\/en\/wp-json\/wp\/v2\/media\/27202"}],"wp:attachment":[{"href":"https:\/\/adexa.ee\/en\/wp-json\/wp\/v2\/media?parent=27200"}],"wp:term":[{"taxonomy":"product_brand","embeddable":true,"href":"https:\/\/adexa.ee\/en\/wp-json\/wp\/v2\/product_brand?post=27200"},{"taxonomy":"product_cat","embeddable":true,"href":"https:\/\/adexa.ee\/en\/wp-json\/wp\/v2\/product_cat?post=27200"},{"taxonomy":"product_tag","embeddable":true,"href":"https:\/\/adexa.ee\/en\/wp-json\/wp\/v2\/product_tag?post=27200"}],"curies":[{"name":"wp","href":"https:\/\/api.w.org\/{rel}","templated":true}]}}