{"id":27281,"date":"2026-03-26T11:05:35","date_gmt":"2026-03-26T09:05:35","guid":{"rendered":"https:\/\/adexa.ee\/toode\/professionaalne-toolaud-roostevaba-teras-alumine-riiul-tagasein-1200x800x900mm-adexa-dwt80120b\/"},"modified":"2026-03-26T11:05:39","modified_gmt":"2026-03-26T09:05:39","slug":"professionaalne-toolaud-roostevaba-teras-alumine-riiul-tagasein-1200x800x900mm-adexa-dwt80120b","status":"publish","type":"product","link":"https:\/\/adexa.ee\/en\/toode\/professionaalne-toolaud-roostevaba-teras-alumine-riiul-tagasein-1200x800x900mm-adexa-dwt80120b\/","title":{"rendered":"Professionaalne t\u00f6\u00f6laud Roostevaba teras Alumine riiul Tagasein 1200x800x900mm | Adexa DWT80120B"},"content":{"rendered":"<p>Teie ruum on v\u00e4ga oluline, seega kasutage seda maksimaalselt raskeveokite toitlustuslauaga, millel on lisahoiustamiseks alumine riiul. Ruudukujulised jalad Konstruktsioon roostevabast terasest Tugevdatud t\u00f6\u00f6pind T\u00f6\u00f6laud valmistatud kahekordsest roostevabast terasest T\u00e4psema teabe leiate &#8216;Spetsifikatsiooni&#8217; alt.<\/p>\n<table style=\"border-collapse: collapse; width: 100%; text-align: left;\">\n<tbody>\n<tr>\n<td style=\"border: 1px solid #ddd; padding: 8px; width: 45%;\"><strong>S\u00fcgavus<\/strong><\/td>\n<td style=\"border: 1px solid #ddd; padding: 8px;\">800mm<\/td>\n<\/tr>\n<tr>\n<td style=\"border: 1px solid #ddd; padding: 8px; width: 45%;\"><strong>K\u00f5rgus<\/strong><\/td>\n<td style=\"border: 1px solid #ddd; padding: 8px;\">900mm<\/td>\n<\/tr>\n<tr>\n<td style=\"border: 1px solid #ddd; padding: 8px; width: 45%;\"><strong>Laius<\/strong><\/td>\n<td style=\"border: 1px solid #ddd; padding: 8px;\">1200 mm<\/td>\n<\/tr>\n<tr>\n<td style=\"border: 1px solid #ddd; padding: 8px; width: 45%;\"><strong>Kaal<\/strong><\/td>\n<td style=\"border: 1px solid #ddd; padding: 8px;\">29kg<\/td>\n<\/tr>\n<tr>\n<td style=\"border: 1px solid #ddd; padding: 8px; width: 45%;\"><strong>Garantii<\/strong><\/td>\n<td style=\"border: 1px solid #ddd; padding: 8px;\">12 kuu varuosade garantii<\/td>\n<\/tr>\n<tr>\n<td style=\"border: 1px solid #ddd; padding: 8px; width: 45%;\"><strong>Kokku panemine<\/strong><\/td>\n<td style=\"border: 1px solid #ddd; padding: 8px;\">Lahtiv\u00f5etud<\/td>\n<\/tr>\n<tr>\n<td style=\"border: 1px solid #ddd; padding: 8px; width: 45%;\"><strong>Alumine riiul<\/strong><\/td>\n<td style=\"border: 1px solid #ddd; padding: 8px;\">Jah<\/td>\n<\/tr>\n<tr>\n<td style=\"border: 1px solid #ddd; padding: 8px; width: 45%;\"><strong>Materjal<\/strong><\/td>\n<td style=\"border: 1px solid #ddd; padding: 8px;\">Roostevaba teras<\/td>\n<\/tr>\n<tr>\n<td style=\"border: 1px solid #ddd; padding: 8px; width: 45%;\"><strong>Pritsekaitse<\/strong><\/td>\n<td style=\"border: 1px solid #ddd; padding: 8px;\">Jah (50mm)<\/td>\n<\/tr>\n<tr>\n<td style=\"border: 1px solid #ddd; padding: 8px; width: 45%;\"><strong>Paksus<\/strong><\/td>\n<td style=\"border: 1px solid #ddd; padding: 8px;\">0,8 mm<\/td>\n<\/tr>\n<\/tbody>\n<\/table>\n","protected":false},"excerpt":{"rendered":"<p>Teie ruum on v\u00e4ga oluline, seega kasutage seda maksimaalselt raskeveokite toitlustuslauaga, millel on lisahoiustamiseks alumine riiul. Ruudukujulised jalad Konstruktsioon roostevabast<\/p>\n","protected":false},"featured_media":27283,"template":"","meta":[],"product_brand":[],"product_cat":[953,572,592],"product_tag":[],"class_list":{"0":"post-27281","1":"product","2":"type-product","3":"status-publish","4":"has-post-thumbnail","6":"product_cat-seinatuup-800mm","7":"product_cat-roostevabad-tooted","8":"product_cat-toolauad","10":"first","11":"instock","12":"sale","13":"taxable","14":"shipping-taxable","15":"purchasable","16":"product-type-simple"},"yoast_head":"<!-- This site is optimized with the Yoast SEO plugin v27.3 - https:\/\/yoast.com\/product\/yoast-seo-wordpress\/ -->\n<title>Professionaalne t\u00f6\u00f6laud Roostevaba teras Alumine riiul Tagasein 1200x800x900mm | Adexa DWT80120B - Adexa \u2013 Suurk\u00f6\u00f6giseadmed restoranidele ja toitlustusele<\/title>\n<meta name=\"robots\" content=\"index, follow, max-snippet:-1, max-image-preview:large, max-video-preview:-1\" \/>\n<link rel=\"canonical\" href=\"https:\/\/adexa.ee\/toode\/professionaalne-toolaud-roostevaba-teras-alumine-riiul-tagasein-1200x800x900mm-adexa-dwt80120b\/\" \/>\n<meta property=\"og:locale\" content=\"en_US\" \/>\n<meta property=\"og:type\" content=\"article\" \/>\n<meta property=\"og:title\" content=\"Professionaalne t\u00f6\u00f6laud Roostevaba teras Alumine riiul Tagasein 1200x800x900mm | Adexa DWT80120B - Adexa \u2013 Suurk\u00f6\u00f6giseadmed restoranidele ja toitlustusele\" \/>\n<meta property=\"og:description\" content=\"Teie ruum on v\u00e4ga oluline, seega kasutage seda maksimaalselt raskeveokite toitlustuslauaga, millel on lisahoiustamiseks alumine riiul. Ruudukujulised jalad Konstruktsioon roostevabast\" \/>\n<meta property=\"og:url\" content=\"https:\/\/adexa.ee\/toode\/professionaalne-toolaud-roostevaba-teras-alumine-riiul-tagasein-1200x800x900mm-adexa-dwt80120b\/\" \/>\n<meta property=\"og:site_name\" content=\"Adexa \u2013 Suurk\u00f6\u00f6giseadmed restoranidele ja toitlustusele\" \/>\n<meta property=\"article:modified_time\" content=\"2026-03-26T09:05:39+00:00\" \/>\n<meta property=\"og:image\" content=\"https:\/\/adexa.ee\/wp-content\/uploads\/2025\/01\/DWT80120.jpg\" \/>\n\t<meta property=\"og:image:width\" content=\"2000\" \/>\n\t<meta property=\"og:image:height\" content=\"2000\" \/>\n\t<meta property=\"og:image:type\" content=\"image\/jpeg\" \/>\n<meta name=\"twitter:card\" content=\"summary_large_image\" \/>\n<script type=\"application\/ld+json\" class=\"yoast-schema-graph\">{\"@context\":\"https:\\\/\\\/schema.org\",\"@graph\":[{\"@type\":\"WebPage\",\"@id\":\"https:\\\/\\\/adexa.ee\\\/toode\\\/professionaalne-toolaud-roostevaba-teras-alumine-riiul-tagasein-1200x800x900mm-adexa-dwt80120b\\\/\",\"url\":\"https:\\\/\\\/adexa.ee\\\/toode\\\/professionaalne-toolaud-roostevaba-teras-alumine-riiul-tagasein-1200x800x900mm-adexa-dwt80120b\\\/\",\"name\":\"Professionaalne t\u00f6\u00f6laud Roostevaba teras Alumine riiul Tagasein 1200x800x900mm | Adexa DWT80120B - Adexa \u2013 Suurk\u00f6\u00f6giseadmed restoranidele ja toitlustusele\",\"isPartOf\":{\"@id\":\"https:\\\/\\\/adexa.ee\\\/#website\"},\"primaryImageOfPage\":{\"@id\":\"https:\\\/\\\/adexa.ee\\\/toode\\\/professionaalne-toolaud-roostevaba-teras-alumine-riiul-tagasein-1200x800x900mm-adexa-dwt80120b\\\/#primaryimage\"},\"image\":{\"@id\":\"https:\\\/\\\/adexa.ee\\\/toode\\\/professionaalne-toolaud-roostevaba-teras-alumine-riiul-tagasein-1200x800x900mm-adexa-dwt80120b\\\/#primaryimage\"},\"thumbnailUrl\":\"https:\\\/\\\/adexa.ee\\\/wp-content\\\/uploads\\\/2025\\\/01\\\/DWT80120.jpg\",\"datePublished\":\"2026-03-26T09:05:35+00:00\",\"dateModified\":\"2026-03-26T09:05:39+00:00\",\"breadcrumb\":{\"@id\":\"https:\\\/\\\/adexa.ee\\\/toode\\\/professionaalne-toolaud-roostevaba-teras-alumine-riiul-tagasein-1200x800x900mm-adexa-dwt80120b\\\/#breadcrumb\"},\"inLanguage\":\"en-US\",\"potentialAction\":[{\"@type\":\"ReadAction\",\"target\":[\"https:\\\/\\\/adexa.ee\\\/toode\\\/professionaalne-toolaud-roostevaba-teras-alumine-riiul-tagasein-1200x800x900mm-adexa-dwt80120b\\\/\"]}]},{\"@type\":\"ImageObject\",\"inLanguage\":\"en-US\",\"@id\":\"https:\\\/\\\/adexa.ee\\\/toode\\\/professionaalne-toolaud-roostevaba-teras-alumine-riiul-tagasein-1200x800x900mm-adexa-dwt80120b\\\/#primaryimage\",\"url\":\"https:\\\/\\\/adexa.ee\\\/wp-content\\\/uploads\\\/2025\\\/01\\\/DWT80120.jpg\",\"contentUrl\":\"https:\\\/\\\/adexa.ee\\\/wp-content\\\/uploads\\\/2025\\\/01\\\/DWT80120.jpg\",\"width\":2000,\"height\":2000},{\"@type\":\"BreadcrumbList\",\"@id\":\"https:\\\/\\\/adexa.ee\\\/toode\\\/professionaalne-toolaud-roostevaba-teras-alumine-riiul-tagasein-1200x800x900mm-adexa-dwt80120b\\\/#breadcrumb\",\"itemListElement\":[{\"@type\":\"ListItem\",\"position\":1,\"name\":\"Home\",\"item\":\"https:\\\/\\\/adexa.ee\\\/\"},{\"@type\":\"ListItem\",\"position\":2,\"name\":\"Tooted\",\"item\":\"https:\\\/\\\/adexa.ee\\\/pood\\\/\"},{\"@type\":\"ListItem\",\"position\":3,\"name\":\"Professionaalne t\u00f6\u00f6laud Roostevaba teras Alumine riiul Tagasein 1200x800x900mm | Adexa DWT80120B\"}]},{\"@type\":\"WebSite\",\"@id\":\"https:\\\/\\\/adexa.ee\\\/#website\",\"url\":\"https:\\\/\\\/adexa.ee\\\/\",\"name\":\"Adexa\",\"description\":\"\",\"publisher\":{\"@id\":\"https:\\\/\\\/adexa.ee\\\/#organization\"},\"potentialAction\":[{\"@type\":\"SearchAction\",\"target\":{\"@type\":\"EntryPoint\",\"urlTemplate\":\"https:\\\/\\\/adexa.ee\\\/?s={search_term_string}\"},\"query-input\":{\"@type\":\"PropertyValueSpecification\",\"valueRequired\":true,\"valueName\":\"search_term_string\"}}],\"inLanguage\":\"en-US\"},{\"@type\":\"Organization\",\"@id\":\"https:\\\/\\\/adexa.ee\\\/#organization\",\"name\":\"Adexa\",\"url\":\"https:\\\/\\\/adexa.ee\\\/\",\"logo\":{\"@type\":\"ImageObject\",\"inLanguage\":\"en-US\",\"@id\":\"https:\\\/\\\/adexa.ee\\\/#\\\/schema\\\/logo\\\/image\\\/\",\"url\":\"https:\\\/\\\/adexa.ee\\\/wp-content\\\/uploads\\\/2024\\\/04\\\/chef-cooks-working-in-professional-kitchen-2023-11-27-05-07-39-utc-scaled.jpg\",\"contentUrl\":\"https:\\\/\\\/adexa.ee\\\/wp-content\\\/uploads\\\/2024\\\/04\\\/chef-cooks-working-in-professional-kitchen-2023-11-27-05-07-39-utc-scaled.jpg\",\"width\":2560,\"height\":1708,\"caption\":\"Adexa\"},\"image\":{\"@id\":\"https:\\\/\\\/adexa.ee\\\/#\\\/schema\\\/logo\\\/image\\\/\"}}]}<\/script>\n<!-- \/ Yoast SEO plugin. -->","yoast_head_json":{"title":"Professionaalne t\u00f6\u00f6laud Roostevaba teras Alumine riiul Tagasein 1200x800x900mm | Adexa DWT80120B - Adexa \u2013 Suurk\u00f6\u00f6giseadmed restoranidele ja toitlustusele","robots":{"index":"index","follow":"follow","max-snippet":"max-snippet:-1","max-image-preview":"max-image-preview:large","max-video-preview":"max-video-preview:-1"},"canonical":"https:\/\/adexa.ee\/toode\/professionaalne-toolaud-roostevaba-teras-alumine-riiul-tagasein-1200x800x900mm-adexa-dwt80120b\/","og_locale":"en_US","og_type":"article","og_title":"Professionaalne t\u00f6\u00f6laud Roostevaba teras Alumine riiul Tagasein 1200x800x900mm | Adexa DWT80120B - Adexa \u2013 Suurk\u00f6\u00f6giseadmed restoranidele ja toitlustusele","og_description":"Teie ruum on v\u00e4ga oluline, seega kasutage seda maksimaalselt raskeveokite toitlustuslauaga, millel on lisahoiustamiseks alumine riiul. Ruudukujulised jalad Konstruktsioon roostevabast","og_url":"https:\/\/adexa.ee\/toode\/professionaalne-toolaud-roostevaba-teras-alumine-riiul-tagasein-1200x800x900mm-adexa-dwt80120b\/","og_site_name":"Adexa \u2013 Suurk\u00f6\u00f6giseadmed restoranidele ja toitlustusele","article_modified_time":"2026-03-26T09:05:39+00:00","og_image":[{"width":2000,"height":2000,"url":"https:\/\/adexa.ee\/wp-content\/uploads\/2025\/01\/DWT80120.jpg","type":"image\/jpeg"}],"twitter_card":"summary_large_image","schema":{"@context":"https:\/\/schema.org","@graph":[{"@type":"WebPage","@id":"https:\/\/adexa.ee\/toode\/professionaalne-toolaud-roostevaba-teras-alumine-riiul-tagasein-1200x800x900mm-adexa-dwt80120b\/","url":"https:\/\/adexa.ee\/toode\/professionaalne-toolaud-roostevaba-teras-alumine-riiul-tagasein-1200x800x900mm-adexa-dwt80120b\/","name":"Professionaalne t\u00f6\u00f6laud Roostevaba teras Alumine riiul Tagasein 1200x800x900mm | Adexa DWT80120B - Adexa \u2013 Suurk\u00f6\u00f6giseadmed restoranidele ja toitlustusele","isPartOf":{"@id":"https:\/\/adexa.ee\/#website"},"primaryImageOfPage":{"@id":"https:\/\/adexa.ee\/toode\/professionaalne-toolaud-roostevaba-teras-alumine-riiul-tagasein-1200x800x900mm-adexa-dwt80120b\/#primaryimage"},"image":{"@id":"https:\/\/adexa.ee\/toode\/professionaalne-toolaud-roostevaba-teras-alumine-riiul-tagasein-1200x800x900mm-adexa-dwt80120b\/#primaryimage"},"thumbnailUrl":"https:\/\/adexa.ee\/wp-content\/uploads\/2025\/01\/DWT80120.jpg","datePublished":"2026-03-26T09:05:35+00:00","dateModified":"2026-03-26T09:05:39+00:00","breadcrumb":{"@id":"https:\/\/adexa.ee\/toode\/professionaalne-toolaud-roostevaba-teras-alumine-riiul-tagasein-1200x800x900mm-adexa-dwt80120b\/#breadcrumb"},"inLanguage":"en-US","potentialAction":[{"@type":"ReadAction","target":["https:\/\/adexa.ee\/toode\/professionaalne-toolaud-roostevaba-teras-alumine-riiul-tagasein-1200x800x900mm-adexa-dwt80120b\/"]}]},{"@type":"ImageObject","inLanguage":"en-US","@id":"https:\/\/adexa.ee\/toode\/professionaalne-toolaud-roostevaba-teras-alumine-riiul-tagasein-1200x800x900mm-adexa-dwt80120b\/#primaryimage","url":"https:\/\/adexa.ee\/wp-content\/uploads\/2025\/01\/DWT80120.jpg","contentUrl":"https:\/\/adexa.ee\/wp-content\/uploads\/2025\/01\/DWT80120.jpg","width":2000,"height":2000},{"@type":"BreadcrumbList","@id":"https:\/\/adexa.ee\/toode\/professionaalne-toolaud-roostevaba-teras-alumine-riiul-tagasein-1200x800x900mm-adexa-dwt80120b\/#breadcrumb","itemListElement":[{"@type":"ListItem","position":1,"name":"Home","item":"https:\/\/adexa.ee\/"},{"@type":"ListItem","position":2,"name":"Tooted","item":"https:\/\/adexa.ee\/pood\/"},{"@type":"ListItem","position":3,"name":"Professionaalne t\u00f6\u00f6laud Roostevaba teras Alumine riiul Tagasein 1200x800x900mm | Adexa DWT80120B"}]},{"@type":"WebSite","@id":"https:\/\/adexa.ee\/#website","url":"https:\/\/adexa.ee\/","name":"Adexa","description":"","publisher":{"@id":"https:\/\/adexa.ee\/#organization"},"potentialAction":[{"@type":"SearchAction","target":{"@type":"EntryPoint","urlTemplate":"https:\/\/adexa.ee\/?s={search_term_string}"},"query-input":{"@type":"PropertyValueSpecification","valueRequired":true,"valueName":"search_term_string"}}],"inLanguage":"en-US"},{"@type":"Organization","@id":"https:\/\/adexa.ee\/#organization","name":"Adexa","url":"https:\/\/adexa.ee\/","logo":{"@type":"ImageObject","inLanguage":"en-US","@id":"https:\/\/adexa.ee\/#\/schema\/logo\/image\/","url":"https:\/\/adexa.ee\/wp-content\/uploads\/2024\/04\/chef-cooks-working-in-professional-kitchen-2023-11-27-05-07-39-utc-scaled.jpg","contentUrl":"https:\/\/adexa.ee\/wp-content\/uploads\/2024\/04\/chef-cooks-working-in-professional-kitchen-2023-11-27-05-07-39-utc-scaled.jpg","width":2560,"height":1708,"caption":"Adexa"},"image":{"@id":"https:\/\/adexa.ee\/#\/schema\/logo\/image\/"}}]}},"_links":{"self":[{"href":"https:\/\/adexa.ee\/en\/wp-json\/wp\/v2\/product\/27281","targetHints":{"allow":["GET"]}}],"collection":[{"href":"https:\/\/adexa.ee\/en\/wp-json\/wp\/v2\/product"}],"about":[{"href":"https:\/\/adexa.ee\/en\/wp-json\/wp\/v2\/types\/product"}],"wp:featuredmedia":[{"embeddable":true,"href":"https:\/\/adexa.ee\/en\/wp-json\/wp\/v2\/media\/27283"}],"wp:attachment":[{"href":"https:\/\/adexa.ee\/en\/wp-json\/wp\/v2\/media?parent=27281"}],"wp:term":[{"taxonomy":"product_brand","embeddable":true,"href":"https:\/\/adexa.ee\/en\/wp-json\/wp\/v2\/product_brand?post=27281"},{"taxonomy":"product_cat","embeddable":true,"href":"https:\/\/adexa.ee\/en\/wp-json\/wp\/v2\/product_cat?post=27281"},{"taxonomy":"product_tag","embeddable":true,"href":"https:\/\/adexa.ee\/en\/wp-json\/wp\/v2\/product_tag?post=27281"}],"curies":[{"name":"wp","href":"https:\/\/api.w.org\/{rel}","templated":true}]}}